{"id":19330,"date":"2025-03-04T12:01:22","date_gmt":"2025-03-04T11:01:22","guid":{"rendered":"https:\/\/jstindt.com\/?page_id=19330"},"modified":"2025-03-21T16:02:20","modified_gmt":"2025-03-21T15:02:20","slug":"accesso-al-mercato-con-la-cipm","status":"publish","type":"page","link":"https:\/\/jstindt.com\/it\/accesso-al-mercato-con-la-cipm\/","title":{"rendered":"Accesso al mercato con la CIPM: La tua guida all&#8217;autorit\u00e0 spagnola di regolamentazione dei prezzi dei farmaci"},"content":{"rendered":"\t\t<div data-elementor-type=\"wp-page\" data-elementor-id=\"19330\" class=\"elementor elementor-19330 elementor-19310\" data-elementor-post-type=\"page\">\n\t\t\t\t<div class=\"elementor-element elementor-element-c7aaa5f e-flex e-con-boxed e-con e-parent\" data-id=\"c7aaa5f\" data-element_type=\"container\" data-e-type=\"container\">\n\t\t\t\t\t<div class=\"e-con-inner\">\n\t\t\t\t<div class=\"elementor-element elementor-element-8414ca5 elementor-widget elementor-widget-text-editor\" data-id=\"8414ca5\" data-element_type=\"widget\" data-e-type=\"widget\" data-widget_type=\"text-editor.default\">\n\t\t\t\t<div class=\"elementor-widget-container\">\n\t\t\t\t\t\t\t\t\t<p data-pm-slice=\"1 1 []\">La <em>Comisi\u00f3n Interministerial de Precios de los Medicamentos<\/em> (<em>CIPM<\/em>) \u00e8 un organo collegiale del Ministero della Salute spagnolo. \u00c8 responsabile della definizione del prezzo industriale massimo di ogni farmaco incluso, o da includere, nella fornitura farmaceutica del <em>Sistema Nacional de Salud<\/em> (<em>SNS<\/em>). (<a href=\"https:\/\/www.sanidad.gob.es\/areas\/farmacia\/precios\/home.htm?utm_source=chatgpt.com\">sanidad.gob.es<\/a>)<\/p><h2>Funzioni principali della CIPM<\/h2><p>La CIPM \u00e8 incaricata di:<\/p><ul data-spread=\"true\"><li><p><strong>Definizione dei prezzi industriali massimi:<\/strong> Determinazione del prezzo massimo industriale per ciascun farmaco finanziato con fondi pubblici, garantendo l&#8217;accessibilit\u00e0 economica dei medicinali alla popolazione. (<a href=\"https:\/\/www.lamoncloa.gob.es\/serviciosdeprensa\/notasprensa\/sanidad14\/paginas\/2020\/21042020_ruedailla.aspx?utm_source=chatgpt.com\">lamoncloa.gob.es<\/a>)<\/p><\/li><li><p><strong>Decisioni sul finanziamento pubblico:<\/strong> Valutazione dell&#8217;ammissibilit\u00e0 dei nuovi farmaci al finanziamento pubblico, basata sui rapporti della Sottodirezione Generale della Qualit\u00e0 dei Farmaci e dei Prodotti Sanitari. (<a href=\"https:\/\/www.farmaindustria.es\/web\/pregunta_y_respuesta\/el-precio-de-los-medicamentos\/?utm_source=chatgpt.com\">farmaindustria.es<\/a>)<\/p><\/li><li><p><strong>Regolazione dei prezzi in situazioni sanitarie eccezionali:<\/strong> Determinazione dei prezzi di vendita massimi per farmaci e prodotti in situazioni sanitarie straordinarie per proteggere la salute pubblica. (<a href=\"https:\/\/www.boe.es\/buscar\/doc.php?id=BOE-A-2020-14250&amp;utm_source=chatgpt.com\">boe.es<\/a>)<\/p><\/li><\/ul><h2>Composizione della CIPM<\/h2><p>La CIPM \u00e8 composta da rappresentanti di vari ministeri e comunit\u00e0 autonome, garantendo un approccio equilibrato alla determinazione dei prezzi dei farmaci. (<a href=\"https:\/\/www.sanidad.gob.es\/en\/areas\/farmacia\/precios\/comisionInteministerial\/composicion\/home.htm\">sanidad.gob.es<\/a>)<\/p><h3>Presidenza<\/h3><p><strong>Presidente:<\/strong> Javier Padilla Bern\u00e1ldez, Segretario di Stato per la Salute<\/p><h2>Contatti della CIPM<\/h2><ul data-spread=\"false\"><li><p><strong>Sito web:<\/strong> <a href=\"https:\/\/www.sanidad.gob.es\/en\/areas\/farmacia\/precios\/comisionInteministerial\/home.htm\">sanidad.gob.es<\/a><\/p><\/li><li><p><strong>Indirizzo:<\/strong> Paseo del Prado 18-20, 28071 Madrid, Spagna<\/p><\/li><li><p><strong>Telefono:<\/strong> +34 91 596 10 00<\/p><\/li><li><p><strong>Email:<\/strong> <a>cartera-farmacia@sanidad.gob.es<\/a><\/p><\/li><\/ul><h2>Sfide e opportunit\u00e0 nella collaborazione con la CIPM<\/h2><p>La collaborazione con la CIPM richiede:<\/p><ul data-spread=\"true\"><li><p><strong>Comprensione dei criteri di determinazione dei prezzi:<\/strong> Conoscere i criteri oggettivi adottati dalla CIPM per la definizione dei prezzi \u00e8 fondamentale per un accesso efficace al mercato.<\/p><\/li><li><p><strong>Presentazioni tempestive e accurate:<\/strong> Garantire che tutta la documentazione necessaria sia completa e presentata nei tempi previsti per facilitare il processo di valutazione.<\/p><\/li><li><p><strong>Dimostrazione di valore ed efficacia:<\/strong> Fornire prove concrete che dimostrino i benefici tangibili e l&#8217;efficacia comprovata dei nuovi trattamenti nel contesto del SNS.<\/p><\/li><\/ul><p>Una collaborazione efficace con la CIPM pu\u00f2 ottimizzare le strategie di accesso al mercato e facilitare decisioni positive in termini di prezzi e rimborsi in Spagna.<\/p><h2>Opportunit\u00e0 con Justin Stindt Consultants<\/h2><p>L\u2019esperienza di Justin Stindt garantisce:<\/p><ul data-spread=\"true\"><li><p><strong>Consulenza esperta per le presentazioni alla CIPM:<\/strong> Preparazione di dossier di alta qualit\u00e0 per la valutazione dei prezzi dei farmaci.<\/p><\/li><li><p><strong>Strategie di accesso al mercato con la CIPM:<\/strong> Sviluppo di strategie allineate con il quadro di valutazione della CIPM per ottimizzare l\u2019accesso al mercato.<\/p><\/li><li><p><strong>Competenza nei processi della CIPM:<\/strong> Fornitura di informazioni dettagliate sulle procedure della CIPM per migliorare la conformit\u00e0 e accelerare le approvazioni.<\/p><\/li><\/ul><p>Justin Stindt Consultants supporta le aziende nella collaborazione con la CIPM, aiutandole a ottenere un accesso efficace al mercato spagnolo.<\/p>\t\t\t\t\t\t\t\t<\/div>\n\t\t\t\t<\/div>\n\t\t\t\t\t<\/div>\n\t\t\t\t<\/div>\n\t\t<div class=\"elementor-element elementor-element-8e70e03 e-flex e-con-boxed e-con e-parent\" data-id=\"8e70e03\" data-element_type=\"container\" data-e-type=\"container\">\n\t\t\t\t\t<div class=\"e-con-inner\">\n\t\t\t\t<div class=\"elementor-element elementor-element-3debeb4 elementor-widget-divider--view-line elementor-widget elementor-widget-divider\" data-id=\"3debeb4\" data-element_type=\"widget\" data-e-type=\"widget\" data-widget_type=\"divider.default\">\n\t\t\t\t<div class=\"elementor-widget-container\">\n\t\t\t\t\t\t\t<div class=\"elementor-divider\">\n\t\t\t<span class=\"elementor-divider-separator\">\n\t\t\t\t\t\t<\/span>\n\t\t<\/div>\n\t\t\t\t\t\t<\/div>\n\t\t\t\t<\/div>\n\t\t\t\t\t<\/div>\n\t\t\t\t<\/div>\n\t\t<div class=\"elementor-element elementor-element-a45c65c e-flex e-con-boxed e-con e-parent\" data-id=\"a45c65c\" data-element_type=\"container\" data-e-type=\"container\">\n\t\t\t\t\t<div class=\"e-con-inner\">\n\t\t<div class=\"elementor-element elementor-element-89d362a e-con-full bordered-block e-flex e-con e-child\" data-id=\"89d362a\" data-element_type=\"container\" data-e-type=\"container\">\n\t\t\t\t<div class=\"elementor-element elementor-element-f100dbb elementor-widget elementor-widget-text-editor\" data-id=\"f100dbb\" data-element_type=\"widget\" data-e-type=\"widget\" data-widget_type=\"text-editor.default\">\n\t\t\t\t<div class=\"elementor-widget-container\">\n\t\t\t\t\t\t\t\t\t<h3>Caso di studio<\/h3><h2>Collaborazione di un&#8217;azienda farmaceutica con la CIPM<\/h2>\t\t\t\t\t\t\t\t<\/div>\n\t\t\t\t<\/div>\n\t\t\t\t<div class=\"elementor-element elementor-element-f69a8b1 elementor-widget elementor-widget-text-editor\" data-id=\"f69a8b1\" data-element_type=\"widget\" data-e-type=\"widget\" data-widget_type=\"text-editor.default\">\n\t\t\t\t<div class=\"elementor-widget-container\">\n\t\t\t\t\t\t\t\t\t<p><strong>Sfida<\/strong>: <br \/>Un&#8217;azienda farmaceutica ha richiesto il nostro supporto per ottenere l&#8217;approvazione e il rimborso di una nuova terapia in Spagna.<\/p><p><strong>Soluzione<\/strong>: <br \/>Li abbiamo guidati nella preparazione di un dossier completo conforme ai criteri di valutazione della CIPM.<\/p><p><strong>Risultato<\/strong>: <br \/>Il nostro approccio strategico ha portato a una raccomandazione positiva, consentendo l&#8217;inclusione della terapia nella lista nazionale di rimborso.<\/p>\t\t\t\t\t\t\t\t<\/div>\n\t\t\t\t<\/div>\n\t\t\t\t<\/div>\n\t\t\t\t\t<\/div>\n\t\t\t\t<\/div>\n\t\t<div class=\"elementor-element elementor-element-4058887 e-con-full e-flex e-con e-parent\" data-id=\"4058887\" data-element_type=\"container\" data-e-type=\"container\" data-settings=\"{&quot;background_background&quot;:&quot;classic&quot;}\">\n\t\t\t\t<div class=\"elementor-element elementor-element-8a55168 elementor-cta--skin-classic elementor-animated-content elementor-bg-transform elementor-bg-transform-zoom-in elementor-widget elementor-widget-call-to-action\" data-id=\"8a55168\" data-element_type=\"widget\" data-e-type=\"widget\" data-widget_type=\"call-to-action.default\">\n\t\t\t\t<div class=\"elementor-widget-container\">\n\t\t\t\t\t\t\t<div class=\"elementor-cta\">\n\t\t\t\t\t\t\t<div class=\"elementor-cta__content\">\n\t\t\t\t\n\t\t\t\t\t\t\t\t\t<h2 class=\"elementor-cta__title elementor-cta__content-item elementor-content-item\">\n\t\t\t\t\t\tHai bisogno di supporto per l\u2019accesso al mercato con la CIPM? L\u2019esperienza di Justin Stindt Consultants ti aiuter\u00e0 a raggiungere il successo.\t\t\t\t\t<\/h2>\n\t\t\t\t\n\t\t\t\t\t\t\t\t\t<div class=\"elementor-cta__description elementor-cta__content-item elementor-content-item\">\n\t\t\t\t\t\tContattaci oggi stesso per sviluppare la tua strategia di accesso al mercato e garantire il tuo successo con la CIPM.\t\t\t\t\t<\/div>\n\t\t\t\t\n\t\t\t\t\t\t\t\t\t<div class=\"elementor-cta__button-wrapper elementor-cta__content-item elementor-content-item \">\n\t\t\t\t\t<a class=\"elementor-cta__button elementor-button elementor-size-\" href=\"https:\/\/jstindt.com\/contact-us\/\">\n\t\t\t\t\t\tContatto Justin Stindt Consultants\t\t\t\t\t<\/a>\n\t\t\t\t\t<\/div>\n\t\t\t\t\t\t\t<\/div>\n\t\t\t\t\t\t<\/div>\n\t\t\t\t\t\t<\/div>\n\t\t\t\t<\/div>\n\t\t\t\t<\/div>\n\t\t<div class=\"elementor-element elementor-element-587bede e-flex e-con-boxed e-con e-parent\" data-id=\"587bede\" data-element_type=\"container\" data-e-type=\"container\">\n\t\t\t\t\t<div class=\"e-con-inner\">\n\t\t\t\t<div class=\"elementor-element elementor-element-748b162 elementor-widget elementor-widget-n-accordion\" data-id=\"748b162\" data-element_type=\"widget\" data-e-type=\"widget\" data-settings=\"{&quot;default_state&quot;:&quot;all_collapsed&quot;,&quot;max_items_expended&quot;:&quot;one&quot;,&quot;n_accordion_animation_duration&quot;:{&quot;unit&quot;:&quot;ms&quot;,&quot;size&quot;:400,&quot;sizes&quot;:[]}}\" data-widget_type=\"nested-accordion.default\">\n\t\t\t\t<div class=\"elementor-widget-container\">\n\t\t\t\t\t\t\t<div class=\"e-n-accordion\" aria-label=\"Accordion. Open links with Enter or Space, close with Escape, and navigate with Arrow Keys\">\n\t\t\t\t\t\t<details id=\"e-n-accordion-item-1220\" class=\"e-n-accordion-item\" >\n\t\t\t\t<summary class=\"e-n-accordion-item-title\" data-accordion-index=\"1\" tabindex=\"0\" aria-expanded=\"false\" aria-controls=\"e-n-accordion-item-1220\" >\n\t\t\t\t\t<span class='e-n-accordion-item-title-header'><div class=\"e-n-accordion-item-title-text\"> Altre istituzioni chiave per l'accesso al mercato <\/div><\/span>\n\t\t\t\t\t\t\t<span class='e-n-accordion-item-title-icon'>\n\t\t\t<span class='e-opened' ><i aria-hidden=\"true\" class=\"fas fa-minus\"><\/i><\/span>\n\t\t\t<span class='e-closed'><i aria-hidden=\"true\" class=\"fas fa-plus\"><\/i><\/span>\n\t\t<\/span>\n\n\t\t\t\t\t\t<\/summary>\n\t\t\t\t<div role=\"region\" aria-labelledby=\"e-n-accordion-item-1220\" class=\"elementor-element elementor-element-4d2dbec e-con-full e-flex e-con e-child\" data-id=\"4d2dbec\" data-element_type=\"container\" data-e-type=\"container\">\n\t\t\t\t<div class=\"elementor-element elementor-element-eca003a elementor-widget elementor-widget-template\" data-id=\"eca003a\" data-element_type=\"widget\" data-e-type=\"widget\" data-widget_type=\"template.default\">\n\t\t\t\t<div class=\"elementor-widget-container\">\n\t\t\t\t\t\t\t<div class=\"elementor-template\">\n\t\t\t\t\t<div data-elementor-type=\"container\" data-elementor-id=\"19259\" class=\"elementor elementor-19259 elementor-18546 elementor-18546\" data-elementor-post-type=\"elementor_library\">\n\t\t\t\t<div role=\"region\" aria-labelledby=\"e-n-accordion-item-1480\" class=\"elementor-element elementor-element-4d5d7d7a e-flex e-con-boxed e-con e-parent\" data-id=\"4d5d7d7a\" data-element_type=\"container\" data-e-type=\"container\">\n\t\t\t\t\t<div class=\"e-con-inner\">\n\t\t\t\t<div class=\"elementor-element elementor-element-fa73d9e elementor-widget elementor-widget-text-editor\" data-id=\"fa73d9e\" data-element_type=\"widget\" data-e-type=\"widget\" data-widget_type=\"text-editor.default\">\n\t\t\t\t<div class=\"elementor-widget-container\">\n\t\t\t\t\t\t\t\t\t<h4><strong>Istituzioni mondiali<\/strong><\/h4>\n<ul>\n<li><a href=\"https:\/\/jstindt.com\/it\/accesso-al-mercato-con-oms\/\">World Health Organization<\/a> (WHO)<\/li>\n<li><a href=\"https:\/\/jstindt.com\/it\/accesso-al-mercato-con-ispor\/\">International Society for Pharmacoeconomics and Outcomes Research<\/a> (ISPOR)<\/li>\n<\/ul>\n<h4><strong><br \/><a href=\"https:\/\/jstindt.com\/it\/usa\/\">Stati Uniti<\/a><\/strong><\/h4>\n<ul>\n<li><a href=\"https:\/\/jstindt.com\/it\/accesso-al-mercato-con-cms\/\">Centers for Medicare &amp; Medicaid Services<\/a> (CMS)<\/li>\n<li><a href=\"https:\/\/jstindt.com\/it\/accesso-al-mercato-con-amcp\/\">Academy of Managed Care Pharmacy<\/a> (AMCP)<\/li>\n<li><a href=\"https:\/\/jstindt.com\/it\/accesso-al-mercato-con-icer\/\">Institute for Clinical and Economic Review<\/a> (ICER)<\/li>\n<\/ul>\n<h4><strong><br \/><a href=\"https:\/\/jstindt.com\/it\/francia\/\">Francia<\/a><\/strong><\/h4>\n<ul>\n<li><a href=\"https:\/\/jstindt.com\/it\/accesso-al-mercato-con-la-has\/\">Haute Autorit\u00e9 de Sant\u00e9<\/a> (HAS)<\/li>\n<li><a href=\"https:\/\/jstindt.com\/it\/accesso-al-mercato-con-il-ceps\/\">Comit\u00e9 \u00c9conomique des Produits de Sant\u00e9<\/a> (CEPS)<\/li>\n<\/ul>\n<h4><strong><br \/><a href=\"https:\/\/jstindt.com\/it\/germania\/\">Germania<\/a><\/strong><\/h4>\n<ul>\n<li><a href=\"https:\/\/jstindt.com\/it\/accesso-al-mercato-con-il-g-ba\/\">Gemeinsamer Bundesausschuss<\/a> (G-BA)<\/li>\n<li><a href=\"https:\/\/jstindt.com\/it\/accesso-al-mercato-con-liqwig\/\">Institute for Quality and Efficiency in Health Care<\/a> (IQWiG)<\/li>\n<li><a href=\"https:\/\/jstindt.com\/it\/accesso-al-mercato-con-il-gkv-spitzenverband\/\">GKV Spitzenverband<\/a><\/li>\n<\/ul>\n<h4><strong><br \/><a href=\"https:\/\/jstindt.com\/it\/uk\/\">Regno Unito<\/a><\/strong><\/h4>\n<ul>\n<li><a href=\"https:\/\/jstindt.com\/it\/accesso-al-mercato-con-nice\/\">National Institute for Health and Care Excellence<\/a> (NICE)<\/li>\n<li><a href=\"https:\/\/jstindt.com\/it\/accesso-al-mercato-con-smc\/\">Scottish Medicines Consortium<\/a> (SMC)<\/li>\n<li><a href=\"https:\/\/jstindt.com\/it\/accesso-al-mercato-con-awmsg\/\" rel=\"noopener\">All Wales Medicines Strategy Group<\/a> (AWMSG)<\/li>\n<li><a href=\"https:\/\/jstindt.com\/it\/accesso-al-mercato-con-nhs\/\">National Health Service<\/a> (NHS)<\/li>\n<\/ul>\n<h4><strong><br \/><a href=\"https:\/\/jstindt.com\/it\/italia\/\">Italia<\/a><\/strong><\/h4>\n<ul>\n<li><a href=\"https:\/\/jstindt.com\/it\/accesso-al-mercato-con-aifa\/\">Italian Medicines Agency<\/a> (AIFA)<\/li>\n<li><a href=\"https:\/\/jstindt.com\/it\/accesso-al-mercato-con-la-cse\/\">Scientific and Economic Commission<\/a> (CSE)<\/li>\n<\/ul>\n<h4><strong><br \/><a href=\"https:\/\/jstindt.com\/it\/spagna\/\">Spagna<\/a><\/strong><\/h4>\n<ul>\n<li><a href=\"https:\/\/jstindt.com\/it\/accesso-al-mercato-con-aemps\/\">Spanish Agency of Medicines and Medical Devices<\/a> (AEMPS)<\/li>\n<li><a href=\"https:\/\/jstindt.com\/it\/accesso-al-mercato-con-la-dgcf\/\">Direcci\u00f3n General de Cartera Com\u00fan de Servicios del Sistema Nacional de Salud y Farmacia<\/a> (DGCF)<\/li>\n<li><a href=\"https:\/\/jstindt.com\/it\/accesso-al-mercato-con-la-cipm\/\">Interministerial Commission on Medicine Prices<\/a> (CIPM)<\/li>\n<\/ul>\n<h4><strong><br \/><a href=\"https:\/\/jstindt.com\/it\/svizzero\/\">Svizzera<\/a><\/strong><\/h4>\n<ul>\n<li><a href=\"https:\/\/jstindt.com\/it\/accesso-al-mercato-con-lufsp\/\">Federal Office of Public Health<\/a> (FOPH)<\/li>\n<\/ul>\n\t\t\t\t\t\t\t\t<\/div>\n\t\t\t\t<\/div>\n\t\t\t\t\t<\/div>\n\t\t\t\t<\/div>\n\t\t\t\t<\/div>\n\t\t\t\t<\/div>\n\t\t\t\t\t\t<\/div>\n\t\t\t\t<\/div>\n\t\t\t\t<\/div>\n\t\t\t\t\t<\/details>\n\t\t\t\t\t<\/div>\n\t\t\t\t\t\t<\/div>\n\t\t\t\t<\/div>\n\t\t\t\t\t<\/div>\n\t\t\t\t<\/div>\n\t\t\t\t<\/div>\n\t\t","protected":false},"excerpt":{"rendered":"<p>La Comisi\u00f3n Interministerial de Precios de los Medicamentos (CIPM) \u00e8 un organo collegiale del Ministero della Salute spagnolo. \u00c8 responsabile della definizione del prezzo industriale massimo di ogni farmaco incluso, o da includere, nella fornitura farmaceutica del Sistema Nacional de Salud (SNS). (sanidad.gob.es) Funzioni principali della CIPM La CIPM \u00e8 incaricata di: Definizione dei prezzi [&hellip;]<\/p>\n","protected":false},"author":3,"featured_media":0,"parent":0,"menu_order":0,"comment_status":"closed","ping_status":"closed","template":"","meta":{"_acf_changed":false,"footnotes":""},"class_list":["post-19330","page","type-page","status-publish","hentry"],"acf":[],"_links":{"self":[{"href":"https:\/\/jstindt.com\/it\/wp-json\/wp\/v2\/pages\/19330","targetHints":{"allow":["GET"]}}],"collection":[{"href":"https:\/\/jstindt.com\/it\/wp-json\/wp\/v2\/pages"}],"about":[{"href":"https:\/\/jstindt.com\/it\/wp-json\/wp\/v2\/types\/page"}],"author":[{"embeddable":true,"href":"https:\/\/jstindt.com\/it\/wp-json\/wp\/v2\/users\/3"}],"replies":[{"embeddable":true,"href":"https:\/\/jstindt.com\/it\/wp-json\/wp\/v2\/comments?post=19330"}],"version-history":[{"count":8,"href":"https:\/\/jstindt.com\/it\/wp-json\/wp\/v2\/pages\/19330\/revisions"}],"predecessor-version":[{"id":19876,"href":"https:\/\/jstindt.com\/it\/wp-json\/wp\/v2\/pages\/19330\/revisions\/19876"}],"wp:attachment":[{"href":"https:\/\/jstindt.com\/it\/wp-json\/wp\/v2\/media?parent=19330"}],"curies":[{"name":"wp","href":"https:\/\/api.w.org\/{rel}","templated":true}]}}