{"id":19199,"date":"2025-02-13T15:22:55","date_gmt":"2025-02-13T14:22:55","guid":{"rendered":"https:\/\/jstindt.com\/?page_id=19199"},"modified":"2025-03-21T16:17:28","modified_gmt":"2025-03-21T15:17:28","slug":"accesso-al-mercato-con-icer","status":"publish","type":"page","link":"https:\/\/jstindt.com\/it\/accesso-al-mercato-con-icer\/","title":{"rendered":"Accesso al mercato con ICER: La tua guida all&#8217;istituto statunitense di valutazione delle tecnologie sanitarie"},"content":{"rendered":"\t\t<div data-elementor-type=\"wp-page\" data-elementor-id=\"19199\" class=\"elementor elementor-19199 elementor-18692\" data-elementor-post-type=\"page\">\n\t\t\t\t<div class=\"elementor-element elementor-element-7717568 e-flex e-con-boxed e-con e-parent\" data-id=\"7717568\" data-element_type=\"container\" data-e-type=\"container\">\n\t\t\t\t\t<div class=\"e-con-inner\">\n\t\t\t\t<div class=\"elementor-element elementor-element-ed89a84 elementor-widget elementor-widget-text-editor\" data-id=\"ed89a84\" data-element_type=\"widget\" data-e-type=\"widget\" data-widget_type=\"text-editor.default\">\n\t\t\t\t<div class=\"elementor-widget-container\">\n\t\t\t\t\t\t\t\t\t<p data-pm-slice=\"1 1 []\">L\u2019<em>Institute for Clinical and Economic Review<\/em> (<em>ICER<\/em>) \u00e8 un istituto di ricerca indipendente e senza scopo di lucro che conduce valutazioni basate su evidenze per analizzare interventi sanitari, inclusi farmaci, trattamenti e test diagnostici. Fondato nel 2006, ICER fornisce valutazioni oggettive per supportare le decisioni nel sistema sanitario statunitense. (<a href=\"https:\/\/icer.org\/\">icer.org<\/a>)<\/p><h2>Funzioni principali di ICER<\/h2><ul data-spread=\"false\"><li><p><strong>Valutazioni basate su evidenze:<\/strong> Analisi approfondite per valutare l&#8217;efficacia clinica e il valore economico delle innovazioni sanitarie. (<a href=\"https:\/\/icer.org\/\">icer.org<\/a>)<\/p><\/li><li><p><strong>Sviluppo di framework di valutazione:<\/strong> Definizione di metodologie per la valutazione del valore degli interventi sanitari, favorendo prezzi equi e accessibilit\u00e0. (<a href=\"https:\/\/icer.org\/\">icer.org<\/a>)<\/p><\/li><li><p><strong>Raccomandazioni di politica sanitaria:<\/strong> Fornitura di orientamenti ai principali stakeholder, tra cui decisori politici e payers, per supportare decisioni sanitarie informate.<\/p><\/li><\/ul><h2>Direzione e contatti chiave<\/h2><p>Da gennaio 2025, ICER \u00e8 guidato da <strong>Sarah K. Emond, MPP<\/strong>, Presidente, responsabile delle iniziative strategiche e delle operazioni dell\u2019istituto.<\/p><h3>Contatti di ICER<\/h3><ul data-spread=\"false\"><li><p><strong>Sito web:<\/strong> <a href=\"https:\/\/icer.org\/\">icer.org<\/a><\/p><\/li><li><p><strong>Indirizzo postale:<\/strong><br \/>Institute for Clinical and Economic Review<br \/>Two Liberty Square, Ninth Floor<br \/>Boston, MA 02109<br \/>Stati Uniti<br \/><strong>Telefono:<\/strong> +1 617-528-4013<\/p><\/li><\/ul><h2>Sfide nella collaborazione con ICER<\/h2><ul data-spread=\"false\"><li><p><strong>Comprensione delle metodologie di valutazione:<\/strong> <span style=\"font-weight: 400;\">Conoscenza dei processi di valutazione e dei framework di valore di ICER, fondamentali per un accesso efficace al mercato<\/span>.<\/p><\/li><li><p><strong>Presentazioni accurate e tempestive:<\/strong> Preparazione rigorosa della documentazione e rispetto delle scadenze per facilitare i processi di valutazione.<\/p><\/li><li><p><strong>Dimostrazione del rapporto costo-efficacia:<\/strong> Presentazione di prove solide che dimostrino che i nuovi trattamenti apportano valore all&#8217;interno del sistema sanitario statunitense.<\/p><\/li><\/ul><p>Una collaborazione efficace con ICER pu\u00f2 facilitare un accesso rapido al mercato e garantire decisioni di rimborso favorevoli negli Stati Uniti.<\/p><h2>Opportunit\u00e0 \/ Soluzioni con Justin Stindt Consultants<\/h2><ul data-spread=\"false\"><li><p><strong>Consulenza esperta per le presentazioni ICER:<\/strong> Creazione di dossier di alta qualit\u00e0 per la valutazione delle innovazioni sanitarie.<\/p><\/li><li><p><strong>Strategie di accesso al mercato ICER:<\/strong> <span style=\"font-weight: 400;\">Sviluppo di strategie allineate con framework di valutazione di ICER per ottimizzare l\u2019accesso al mercato.<\/span><\/p><\/li><li><p><strong>Esperienza nei processi ICER:<\/strong> <span style=\"font-weight: 400;\">Approfondimenti sui processi di ICER per migliorare la conformit\u00e0 e accelerare le approvazioni<\/span>.<\/p><\/li><\/ul><p>Justin Stindt Consultants supporta le aziende nella collaborazione con ICER per garantire un accesso efficace al mercato statunitense.<\/p>\t\t\t\t\t\t\t\t<\/div>\n\t\t\t\t<\/div>\n\t\t\t\t\t<\/div>\n\t\t\t\t<\/div>\n\t\t<div class=\"elementor-element elementor-element-4988da0 e-flex e-con-boxed e-con e-parent\" data-id=\"4988da0\" data-element_type=\"container\" data-e-type=\"container\">\n\t\t\t\t\t<div class=\"e-con-inner\">\n\t\t\t\t<div class=\"elementor-element elementor-element-ee9f500 elementor-widget-divider--view-line elementor-widget elementor-widget-divider\" data-id=\"ee9f500\" data-element_type=\"widget\" data-e-type=\"widget\" data-widget_type=\"divider.default\">\n\t\t\t\t<div class=\"elementor-widget-container\">\n\t\t\t\t\t\t\t<div class=\"elementor-divider\">\n\t\t\t<span class=\"elementor-divider-separator\">\n\t\t\t\t\t\t<\/span>\n\t\t<\/div>\n\t\t\t\t\t\t<\/div>\n\t\t\t\t<\/div>\n\t\t\t\t\t<\/div>\n\t\t\t\t<\/div>\n\t\t<div class=\"elementor-element elementor-element-36801c66 e-flex e-con-boxed e-con e-parent\" data-id=\"36801c66\" data-element_type=\"container\" data-e-type=\"container\">\n\t\t\t\t\t<div class=\"e-con-inner\">\n\t\t<div class=\"elementor-element elementor-element-260498df e-con-full bordered-block e-flex e-con e-child\" data-id=\"260498df\" data-element_type=\"container\" data-e-type=\"container\">\n\t\t\t\t<div class=\"elementor-element elementor-element-5b089898 elementor-widget elementor-widget-text-editor\" data-id=\"5b089898\" data-element_type=\"widget\" data-e-type=\"widget\" data-widget_type=\"text-editor.default\">\n\t\t\t\t<div class=\"elementor-widget-container\">\n\t\t\t\t\t\t\t\t\t<h3>Caso di studio<\/h3><h2>Successo di un&#8217;azienda farmaceutica con ICER<\/h2>\t\t\t\t\t\t\t\t<\/div>\n\t\t\t\t<\/div>\n\t\t\t\t<div class=\"elementor-element elementor-element-7f50d796 elementor-widget elementor-widget-text-editor\" data-id=\"7f50d796\" data-element_type=\"widget\" data-e-type=\"widget\" data-widget_type=\"text-editor.default\">\n\t\t\t\t<div class=\"elementor-widget-container\">\n\t\t\t\t\t\t\t\t\t<p><strong>Sfida<\/strong>: <br \/>Un\u2019azienda farmaceutica ha richiesto il nostro supporto per ottenere una valutazione favorevole e il rimborso per una nuova terapia negli Stati Uniti.<\/p><p><strong>Soluzione<\/strong>: <br \/>Abbiamo guidato la preparazione di un dossier completo conforme ai criteri di valutazione di ICER.<\/p><p><strong>Risultato<\/strong>: <br \/>Il nostro approccio strategico ha portato ad un esito positivo, facilitando l\u2019accettazione della terapia nel mercato sanitario statunitense.<\/p>\t\t\t\t\t\t\t\t<\/div>\n\t\t\t\t<\/div>\n\t\t\t\t<\/div>\n\t\t\t\t\t<\/div>\n\t\t\t\t<\/div>\n\t\t<div class=\"elementor-element elementor-element-0099aaf e-con-full e-flex e-con e-parent\" data-id=\"0099aaf\" data-element_type=\"container\" data-e-type=\"container\" data-settings=\"{&quot;background_background&quot;:&quot;classic&quot;}\">\n\t\t\t\t<div class=\"elementor-element elementor-element-2dd1be8 elementor-cta--skin-classic elementor-animated-content elementor-bg-transform elementor-bg-transform-zoom-in elementor-widget elementor-widget-call-to-action\" data-id=\"2dd1be8\" data-element_type=\"widget\" data-e-type=\"widget\" data-widget_type=\"call-to-action.default\">\n\t\t\t\t<div class=\"elementor-widget-container\">\n\t\t\t\t\t\t\t<div class=\"elementor-cta\">\n\t\t\t\t\t\t\t<div class=\"elementor-cta__content\">\n\t\t\t\t\n\t\t\t\t\t\t\t\t\t<h2 class=\"elementor-cta__title elementor-cta__content-item elementor-content-item\">\n\t\t\t\t\t\tHai bisogno di supporto per l\u2019accesso al mercato con ICER? L\u2019esperienza di Justin Stindt Consultants ti aiuter\u00e0 a raggiungere il successo.\t\t\t\t\t<\/h2>\n\t\t\t\t\n\t\t\t\t\t\t\t\t\t<div class=\"elementor-cta__description elementor-cta__content-item elementor-content-item\">\n\t\t\t\t\t\tContattaci oggi stesso per sviluppare la tua strategia di accesso al mercato e ottenere risultati concreti con ICER.\t\t\t\t\t<\/div>\n\t\t\t\t\n\t\t\t\t\t\t\t\t\t<div class=\"elementor-cta__button-wrapper elementor-cta__content-item elementor-content-item \">\n\t\t\t\t\t<a class=\"elementor-cta__button elementor-button elementor-size-\" href=\"https:\/\/jstindt.com\/contact-us\/\">\n\t\t\t\t\t\tContatto Justin Stindt Consultants\t\t\t\t\t<\/a>\n\t\t\t\t\t<\/div>\n\t\t\t\t\t\t\t<\/div>\n\t\t\t\t\t\t<\/div>\n\t\t\t\t\t\t<\/div>\n\t\t\t\t<\/div>\n\t\t\t\t<\/div>\n\t\t<div class=\"elementor-element elementor-element-4fc150d e-flex e-con-boxed e-con e-parent\" data-id=\"4fc150d\" data-element_type=\"container\" data-e-type=\"container\">\n\t\t\t\t\t<div class=\"e-con-inner\">\n\t\t\t\t<div class=\"elementor-element elementor-element-bca83d8 elementor-widget elementor-widget-n-accordion\" data-id=\"bca83d8\" data-element_type=\"widget\" data-e-type=\"widget\" data-settings=\"{&quot;default_state&quot;:&quot;all_collapsed&quot;,&quot;max_items_expended&quot;:&quot;one&quot;,&quot;n_accordion_animation_duration&quot;:{&quot;unit&quot;:&quot;ms&quot;,&quot;size&quot;:400,&quot;sizes&quot;:[]}}\" data-widget_type=\"nested-accordion.default\">\n\t\t\t\t<div class=\"elementor-widget-container\">\n\t\t\t\t\t\t\t<div class=\"e-n-accordion\" aria-label=\"Accordion. Open links with Enter or Space, close with Escape, and navigate with Arrow Keys\">\n\t\t\t\t\t\t<details id=\"e-n-accordion-item-1970\" class=\"e-n-accordion-item\" >\n\t\t\t\t<summary class=\"e-n-accordion-item-title\" data-accordion-index=\"1\" tabindex=\"0\" aria-expanded=\"false\" aria-controls=\"e-n-accordion-item-1970\" >\n\t\t\t\t\t<span class='e-n-accordion-item-title-header'><div class=\"e-n-accordion-item-title-text\"> Altre istituzioni chiave per l'accesso al mercato <\/div><\/span>\n\t\t\t\t\t\t\t<span class='e-n-accordion-item-title-icon'>\n\t\t\t<span class='e-opened' ><i aria-hidden=\"true\" class=\"fas fa-minus\"><\/i><\/span>\n\t\t\t<span class='e-closed'><i aria-hidden=\"true\" class=\"fas fa-plus\"><\/i><\/span>\n\t\t<\/span>\n\n\t\t\t\t\t\t<\/summary>\n\t\t\t\t<div role=\"region\" aria-labelledby=\"e-n-accordion-item-1970\" class=\"elementor-element elementor-element-127d1dc e-con-full e-flex e-con e-child\" data-id=\"127d1dc\" data-element_type=\"container\" data-e-type=\"container\">\n\t\t\t\t<div class=\"elementor-element elementor-element-63e1a19 elementor-widget elementor-widget-template\" data-id=\"63e1a19\" data-element_type=\"widget\" data-e-type=\"widget\" data-widget_type=\"template.default\">\n\t\t\t\t<div class=\"elementor-widget-container\">\n\t\t\t\t\t\t\t<div class=\"elementor-template\">\n\t\t\t\t\t<div data-elementor-type=\"container\" data-elementor-id=\"19259\" class=\"elementor elementor-19259 elementor-18546 elementor-18546\" data-elementor-post-type=\"elementor_library\">\n\t\t\t\t<div role=\"region\" aria-labelledby=\"e-n-accordion-item-2440\" class=\"elementor-element elementor-element-4d5d7d7a e-flex e-con-boxed e-con e-parent\" data-id=\"4d5d7d7a\" data-element_type=\"container\" data-e-type=\"container\">\n\t\t\t\t\t<div class=\"e-con-inner\">\n\t\t\t\t<div class=\"elementor-element elementor-element-fa73d9e elementor-widget elementor-widget-text-editor\" data-id=\"fa73d9e\" data-element_type=\"widget\" data-e-type=\"widget\" data-widget_type=\"text-editor.default\">\n\t\t\t\t<div class=\"elementor-widget-container\">\n\t\t\t\t\t\t\t\t\t<h4><strong>Istituzioni mondiali<\/strong><\/h4>\n<ul>\n<li><a href=\"https:\/\/jstindt.com\/it\/accesso-al-mercato-con-oms\/\">World Health Organization<\/a> (WHO)<\/li>\n<li><a href=\"https:\/\/jstindt.com\/it\/accesso-al-mercato-con-ispor\/\">International Society for Pharmacoeconomics and Outcomes Research<\/a> (ISPOR)<\/li>\n<\/ul>\n<h4><strong><br \/><a href=\"https:\/\/jstindt.com\/it\/usa\/\">Stati Uniti<\/a><\/strong><\/h4>\n<ul>\n<li><a href=\"https:\/\/jstindt.com\/it\/accesso-al-mercato-con-cms\/\">Centers for Medicare &amp; Medicaid Services<\/a> (CMS)<\/li>\n<li><a href=\"https:\/\/jstindt.com\/it\/accesso-al-mercato-con-amcp\/\">Academy of Managed Care Pharmacy<\/a> (AMCP)<\/li>\n<li><a href=\"https:\/\/jstindt.com\/it\/accesso-al-mercato-con-icer\/\">Institute for Clinical and Economic Review<\/a> (ICER)<\/li>\n<\/ul>\n<h4><strong><br \/><a href=\"https:\/\/jstindt.com\/it\/francia\/\">Francia<\/a><\/strong><\/h4>\n<ul>\n<li><a href=\"https:\/\/jstindt.com\/it\/accesso-al-mercato-con-la-has\/\">Haute Autorit\u00e9 de Sant\u00e9<\/a> (HAS)<\/li>\n<li><a href=\"https:\/\/jstindt.com\/it\/accesso-al-mercato-con-il-ceps\/\">Comit\u00e9 \u00c9conomique des Produits de Sant\u00e9<\/a> (CEPS)<\/li>\n<\/ul>\n<h4><strong><br \/><a href=\"https:\/\/jstindt.com\/it\/germania\/\">Germania<\/a><\/strong><\/h4>\n<ul>\n<li><a href=\"https:\/\/jstindt.com\/it\/accesso-al-mercato-con-il-g-ba\/\">Gemeinsamer Bundesausschuss<\/a> (G-BA)<\/li>\n<li><a href=\"https:\/\/jstindt.com\/it\/accesso-al-mercato-con-liqwig\/\">Institute for Quality and Efficiency in Health Care<\/a> (IQWiG)<\/li>\n<li><a href=\"https:\/\/jstindt.com\/it\/accesso-al-mercato-con-il-gkv-spitzenverband\/\">GKV Spitzenverband<\/a><\/li>\n<\/ul>\n<h4><strong><br \/><a href=\"https:\/\/jstindt.com\/it\/uk\/\">Regno Unito<\/a><\/strong><\/h4>\n<ul>\n<li><a href=\"https:\/\/jstindt.com\/it\/accesso-al-mercato-con-nice\/\">National Institute for Health and Care Excellence<\/a> (NICE)<\/li>\n<li><a href=\"https:\/\/jstindt.com\/it\/accesso-al-mercato-con-smc\/\">Scottish Medicines Consortium<\/a> (SMC)<\/li>\n<li><a href=\"https:\/\/jstindt.com\/it\/accesso-al-mercato-con-awmsg\/\" rel=\"noopener\">All Wales Medicines Strategy Group<\/a> (AWMSG)<\/li>\n<li><a href=\"https:\/\/jstindt.com\/it\/accesso-al-mercato-con-nhs\/\">National Health Service<\/a> (NHS)<\/li>\n<\/ul>\n<h4><strong><br \/><a href=\"https:\/\/jstindt.com\/it\/italia\/\">Italia<\/a><\/strong><\/h4>\n<ul>\n<li><a href=\"https:\/\/jstindt.com\/it\/accesso-al-mercato-con-aifa\/\">Italian Medicines Agency<\/a> (AIFA)<\/li>\n<li><a href=\"https:\/\/jstindt.com\/it\/accesso-al-mercato-con-la-cse\/\">Scientific and Economic Commission<\/a> (CSE)<\/li>\n<\/ul>\n<h4><strong><br \/><a href=\"https:\/\/jstindt.com\/it\/spagna\/\">Spagna<\/a><\/strong><\/h4>\n<ul>\n<li><a href=\"https:\/\/jstindt.com\/it\/accesso-al-mercato-con-aemps\/\">Spanish Agency of Medicines and Medical Devices<\/a> (AEMPS)<\/li>\n<li><a href=\"https:\/\/jstindt.com\/it\/accesso-al-mercato-con-la-dgcf\/\">Direcci\u00f3n General de Cartera Com\u00fan de Servicios del Sistema Nacional de Salud y Farmacia<\/a> (DGCF)<\/li>\n<li><a href=\"https:\/\/jstindt.com\/it\/accesso-al-mercato-con-la-cipm\/\">Interministerial Commission on Medicine Prices<\/a> (CIPM)<\/li>\n<\/ul>\n<h4><strong><br \/><a href=\"https:\/\/jstindt.com\/it\/svizzero\/\">Svizzera<\/a><\/strong><\/h4>\n<ul>\n<li><a href=\"https:\/\/jstindt.com\/it\/accesso-al-mercato-con-lufsp\/\">Federal Office of Public Health<\/a> (FOPH)<\/li>\n<\/ul>\n\t\t\t\t\t\t\t\t<\/div>\n\t\t\t\t<\/div>\n\t\t\t\t\t<\/div>\n\t\t\t\t<\/div>\n\t\t\t\t<\/div>\n\t\t\t\t<\/div>\n\t\t\t\t\t\t<\/div>\n\t\t\t\t<\/div>\n\t\t\t\t<\/div>\n\t\t\t\t\t<\/details>\n\t\t\t\t\t<\/div>\n\t\t\t\t\t\t<\/div>\n\t\t\t\t<\/div>\n\t\t\t\t\t<\/div>\n\t\t\t\t<\/div>\n\t\t\t\t<\/div>\n\t\t","protected":false},"excerpt":{"rendered":"<p>L\u2019Institute for Clinical and Economic Review (ICER) \u00e8 un istituto di ricerca indipendente e senza scopo di lucro che conduce valutazioni basate su evidenze per analizzare interventi sanitari, inclusi farmaci, trattamenti e test diagnostici. Fondato nel 2006, ICER fornisce valutazioni oggettive per supportare le decisioni nel sistema sanitario statunitense. (icer.org) Funzioni principali di ICER Valutazioni [&hellip;]<\/p>\n","protected":false},"author":3,"featured_media":0,"parent":0,"menu_order":0,"comment_status":"closed","ping_status":"closed","template":"","meta":{"_acf_changed":false,"footnotes":""},"class_list":["post-19199","page","type-page","status-publish","hentry"],"acf":[],"_links":{"self":[{"href":"https:\/\/jstindt.com\/it\/wp-json\/wp\/v2\/pages\/19199","targetHints":{"allow":["GET"]}}],"collection":[{"href":"https:\/\/jstindt.com\/it\/wp-json\/wp\/v2\/pages"}],"about":[{"href":"https:\/\/jstindt.com\/it\/wp-json\/wp\/v2\/types\/page"}],"author":[{"embeddable":true,"href":"https:\/\/jstindt.com\/it\/wp-json\/wp\/v2\/users\/3"}],"replies":[{"embeddable":true,"href":"https:\/\/jstindt.com\/it\/wp-json\/wp\/v2\/comments?post=19199"}],"version-history":[{"count":8,"href":"https:\/\/jstindt.com\/it\/wp-json\/wp\/v2\/pages\/19199\/revisions"}],"predecessor-version":[{"id":19900,"href":"https:\/\/jstindt.com\/it\/wp-json\/wp\/v2\/pages\/19199\/revisions\/19900"}],"wp:attachment":[{"href":"https:\/\/jstindt.com\/it\/wp-json\/wp\/v2\/media?parent=19199"}],"curies":[{"name":"wp","href":"https:\/\/api.w.org\/{rel}","templated":true}]}}