{"id":19179,"date":"2025-02-13T15:09:28","date_gmt":"2025-02-13T14:09:28","guid":{"rendered":"https:\/\/jstindt.com\/?page_id=19179"},"modified":"2025-03-21T16:15:17","modified_gmt":"2025-03-21T15:15:17","slug":"accesso-al-mercato-con-nhs","status":"publish","type":"page","link":"https:\/\/jstindt.com\/it\/accesso-al-mercato-con-nhs\/","title":{"rendered":"Accesso al mercato con NHS: La tua guida al sistema sanitario in Inghilterra"},"content":{"rendered":"\t\t<div data-elementor-type=\"wp-page\" data-elementor-id=\"19179\" class=\"elementor elementor-19179 elementor-18662\" data-elementor-post-type=\"page\">\n\t\t\t\t<div class=\"elementor-element elementor-element-fff0c7f e-flex e-con-boxed e-con e-parent\" data-id=\"fff0c7f\" data-element_type=\"container\" data-e-type=\"container\">\n\t\t\t\t\t<div class=\"e-con-inner\">\n\t\t\t\t<div class=\"elementor-element elementor-element-f9b5be8 elementor-widget elementor-widget-text-editor\" data-id=\"f9b5be8\" data-element_type=\"widget\" data-e-type=\"widget\" data-widget_type=\"text-editor.default\">\n\t\t\t\t<div class=\"elementor-widget-container\">\n\t\t\t\t\t\t\t\t\t<p data-pm-slice=\"1 1 []\">Il <em>National Health Service<\/em> (<em>NHS<\/em>) England \u00e8 responsabile della pianificazione e dell&#8217;acquisto dei servizi sanitari in Inghilterra, garantendo ai pazienti l\u2019accesso a cure di alta qualit\u00e0. Fondato nel 2013, <em>NHS England<\/em> assegna risorse ai <em>Integrated Care Systems<\/em> (<em>ICSs<\/em>) e supporta i servizi sanitari locali affinch\u00e9 rispettino gli standard nazionali.<\/p><h2>Funzioni principali di NHS England<\/h2><ul data-spread=\"false\"><li><p><strong>Pianificazione e acquisto dei servizi sanitari:<\/strong> Organizzazione e acquisizione dei servizi sanitari per soddisfare le esigenze della popolazione.<\/p><\/li><li><p><strong>Assegnazione delle risorse:<\/strong> Distribuzione dei finanziamenti agli <em>ICSs<\/em> per garantire un accesso equo ai servizi sanitari in tutta l\u2019Inghilterra.<\/p><\/li><li><p><strong>Definizione delle priorit\u00e0 nazionali:<\/strong> Stabilire gli obiettivi sanitari e monitorarne l\u2019implementazione per migliorare i risultati per i pazienti.<\/p><\/li><\/ul><h2>Direzione e contatti chiave<\/h2><p>Da gennaio 2025, <em>NHS England<\/em> \u00e8 guidato dalla <strong>Dott.ssa Amanda Pritchard<\/strong>, Chief Executive, che supervisiona le iniziative strategiche e le operazioni dell\u2019organizzazione.<\/p><h3>Contatti di NHS England<\/h3><ul data-spread=\"false\"><li><p><strong>Sito web:<\/strong> <a href=\"https:\/\/www.england.nhs.uk\/\">england.nhs.uk<\/a><\/p><\/li><li><p><strong>Indirizzo postale:<\/strong><br \/>NHS England<br \/>Quarry House<br \/>Quarry Hill<br \/>Leeds, LS2 7UE<br \/>Regno Unito<br \/><strong>Telefono:<\/strong> 0300 311 22 33<\/p><\/li><\/ul><h2>Sfide nella collaborazione con NHS England<\/h2><ul data-spread=\"false\"><li><p><strong>Comprensione dei processi di approvvigionamento:<\/strong> <span style=\"font-weight: 400;\">Conoscenza del\u00a0 quadro di pianificazione e dell\u2019acquisto dei servizi di <\/span><i><span style=\"font-weight: 400;\">NHS England<\/span><\/i><span style=\"font-weight: 400;\">, essenziale per un accesso efficace al mercato<\/span>.<\/p><\/li><li><p><strong>Presentazioni precise e tempestive:<\/strong> Preparazione accurata e invio tempestivo della documentazione per facilitare i processi di valutazione.<\/p><\/li><li><p><strong>Dimostrazione del valore costo-efficacia:<\/strong> Fornitura di prove solide che dimostrino che i nuovi trattamenti apportano un valore significativo all\u2019interno del quadro di <em>NHS<\/em>.<\/p><\/li><\/ul><p>Una collaborazione efficace con <em>NHS England<\/em> pu\u00f2 facilitare un accesso rapido al mercato e garantire decisioni di rimborso favorevoli in Inghilterra.<\/p><h2>Opportunit\u00e0 \/ Soluzioni con Justin Stindt Consultants<\/h2><ul data-spread=\"false\"><li><p><strong>Consulenza esperta per le presentazioni NHS England:<\/strong> Creazione di dossier di alta qualit\u00e0 per la pianificazione dei servizi e l\u2019assegnazione dei finanziamenti.<\/p><\/li><li><p><strong>Strategie di accesso al mercato NHS England:<\/strong> Sviluppo di strategie in linea con il quadro di <em>NHS England<\/em> per ottimizzare l\u2019accesso al mercato.<\/p><\/li><li><p><strong>Esperienza nei processi NHS England:<\/strong> Analisi approfondita delle procedure di <em>NHS England<\/em> per migliorare la conformit\u00e0 e accelerare le approvazioni.<\/p><\/li><\/ul><p>Justin Stindt Consultants supporta le aziende nella collaborazione con <em>NHS England<\/em> per garantire un accesso efficace al mercato inglese.<\/p>\t\t\t\t\t\t\t\t<\/div>\n\t\t\t\t<\/div>\n\t\t\t\t\t<\/div>\n\t\t\t\t<\/div>\n\t\t<div class=\"elementor-element elementor-element-ae1d75e e-flex e-con-boxed e-con e-parent\" data-id=\"ae1d75e\" data-element_type=\"container\" data-e-type=\"container\">\n\t\t\t\t\t<div class=\"e-con-inner\">\n\t\t\t\t<div class=\"elementor-element elementor-element-3d7f0c6 elementor-widget-divider--view-line elementor-widget elementor-widget-divider\" data-id=\"3d7f0c6\" data-element_type=\"widget\" data-e-type=\"widget\" data-widget_type=\"divider.default\">\n\t\t\t\t<div class=\"elementor-widget-container\">\n\t\t\t\t\t\t\t<div class=\"elementor-divider\">\n\t\t\t<span class=\"elementor-divider-separator\">\n\t\t\t\t\t\t<\/span>\n\t\t<\/div>\n\t\t\t\t\t\t<\/div>\n\t\t\t\t<\/div>\n\t\t\t\t\t<\/div>\n\t\t\t\t<\/div>\n\t\t<div class=\"elementor-element elementor-element-31a3f729 e-flex e-con-boxed e-con e-parent\" data-id=\"31a3f729\" data-element_type=\"container\" data-e-type=\"container\">\n\t\t\t\t\t<div class=\"e-con-inner\">\n\t\t<div class=\"elementor-element elementor-element-111847e0 e-con-full bordered-block e-flex e-con e-child\" data-id=\"111847e0\" data-element_type=\"container\" data-e-type=\"container\">\n\t\t\t\t<div class=\"elementor-element elementor-element-40fbd4a7 elementor-widget elementor-widget-text-editor\" data-id=\"40fbd4a7\" data-element_type=\"widget\" data-e-type=\"widget\" data-widget_type=\"text-editor.default\">\n\t\t\t\t<div class=\"elementor-widget-container\">\n\t\t\t\t\t\t\t\t\t<h3>Caso di studio<\/h3><h2>Successo di un&#8217;azienda farmaceutica con NHS England<\/h2>\t\t\t\t\t\t\t\t<\/div>\n\t\t\t\t<\/div>\n\t\t\t\t<div class=\"elementor-element elementor-element-1af43990 elementor-widget elementor-widget-text-editor\" data-id=\"1af43990\" data-element_type=\"widget\" data-e-type=\"widget\" data-widget_type=\"text-editor.default\">\n\t\t\t\t<div class=\"elementor-widget-container\">\n\t\t\t\t\t\t\t\t\t<p><strong>Sfida<\/strong>: <br \/>Un\u2019azienda farmaceutica ha richiesto il nostro supporto per ottenere l\u2019approvazione e il rimborso di una nuova terapia in Inghilterra.<\/p><p><strong>Soluzione<\/strong>: <br \/>Abbiamo guidato la preparazione di un dossier completo conforme ai criteri di valutazione di NHS England.<\/p><p><strong>Risultato<\/strong>: <br \/>Il nostro approccio strategico ha portato a un esito positivo, consentendo l\u2019inclusione della terapia nel prontuario NHS.<\/p>\t\t\t\t\t\t\t\t<\/div>\n\t\t\t\t<\/div>\n\t\t\t\t<\/div>\n\t\t\t\t\t<\/div>\n\t\t\t\t<\/div>\n\t\t<div class=\"elementor-element elementor-element-ae05479 e-con-full e-flex e-con e-parent\" data-id=\"ae05479\" data-element_type=\"container\" data-e-type=\"container\" data-settings=\"{&quot;background_background&quot;:&quot;classic&quot;}\">\n\t\t\t\t<div class=\"elementor-element elementor-element-26da12a elementor-cta--skin-classic elementor-animated-content elementor-bg-transform elementor-bg-transform-zoom-in elementor-widget elementor-widget-call-to-action\" data-id=\"26da12a\" data-element_type=\"widget\" data-e-type=\"widget\" data-widget_type=\"call-to-action.default\">\n\t\t\t\t<div class=\"elementor-widget-container\">\n\t\t\t\t\t\t\t<div class=\"elementor-cta\">\n\t\t\t\t\t\t\t<div class=\"elementor-cta__content\">\n\t\t\t\t\n\t\t\t\t\t\t\t\t\t<h2 class=\"elementor-cta__title elementor-cta__content-item elementor-content-item\">\n\t\t\t\t\t\tHai bisogno di supporto per l\u2019accesso al mercato con NHS England? L\u2019esperienza di Justin Stindt Consultants ti aiuter\u00e0 a raggiungere il successo.\t\t\t\t\t<\/h2>\n\t\t\t\t\n\t\t\t\t\t\t\t\t\t<div class=\"elementor-cta__description elementor-cta__content-item elementor-content-item\">\n\t\t\t\t\t\tContattaci oggi stesso per sviluppare la tua strategia di accesso al mercato e ottenere risultati concreti con NHS England.\t\t\t\t\t<\/div>\n\t\t\t\t\n\t\t\t\t\t\t\t\t\t<div class=\"elementor-cta__button-wrapper elementor-cta__content-item elementor-content-item \">\n\t\t\t\t\t<a class=\"elementor-cta__button elementor-button elementor-size-\" href=\"https:\/\/jstindt.com\/contact-us\/\">\n\t\t\t\t\t\tContatto Justin Stindt Consultants\t\t\t\t\t<\/a>\n\t\t\t\t\t<\/div>\n\t\t\t\t\t\t\t<\/div>\n\t\t\t\t\t\t<\/div>\n\t\t\t\t\t\t<\/div>\n\t\t\t\t<\/div>\n\t\t\t\t<\/div>\n\t\t<div class=\"elementor-element elementor-element-f20e919 e-flex e-con-boxed e-con e-parent\" data-id=\"f20e919\" data-element_type=\"container\" data-e-type=\"container\">\n\t\t\t\t\t<div class=\"e-con-inner\">\n\t\t\t\t<div class=\"elementor-element elementor-element-a02a373 elementor-widget elementor-widget-n-accordion\" data-id=\"a02a373\" data-element_type=\"widget\" data-e-type=\"widget\" data-settings=\"{&quot;default_state&quot;:&quot;all_collapsed&quot;,&quot;max_items_expended&quot;:&quot;one&quot;,&quot;n_accordion_animation_duration&quot;:{&quot;unit&quot;:&quot;ms&quot;,&quot;size&quot;:400,&quot;sizes&quot;:[]}}\" data-widget_type=\"nested-accordion.default\">\n\t\t\t\t<div class=\"elementor-widget-container\">\n\t\t\t\t\t\t\t<div class=\"e-n-accordion\" aria-label=\"Accordion. Open links with Enter or Space, close with Escape, and navigate with Arrow Keys\">\n\t\t\t\t\t\t<details id=\"e-n-accordion-item-1670\" class=\"e-n-accordion-item\" >\n\t\t\t\t<summary class=\"e-n-accordion-item-title\" data-accordion-index=\"1\" tabindex=\"0\" aria-expanded=\"false\" aria-controls=\"e-n-accordion-item-1670\" >\n\t\t\t\t\t<span class='e-n-accordion-item-title-header'><div class=\"e-n-accordion-item-title-text\"> Altre istituzioni chiave per l'accesso al mercato <\/div><\/span>\n\t\t\t\t\t\t\t<span class='e-n-accordion-item-title-icon'>\n\t\t\t<span class='e-opened' ><i aria-hidden=\"true\" class=\"fas fa-minus\"><\/i><\/span>\n\t\t\t<span class='e-closed'><i aria-hidden=\"true\" class=\"fas fa-plus\"><\/i><\/span>\n\t\t<\/span>\n\n\t\t\t\t\t\t<\/summary>\n\t\t\t\t<div role=\"region\" aria-labelledby=\"e-n-accordion-item-1670\" class=\"elementor-element elementor-element-c94d8d3 e-con-full e-flex e-con e-child\" data-id=\"c94d8d3\" data-element_type=\"container\" data-e-type=\"container\">\n\t\t\t\t<div class=\"elementor-element elementor-element-1f831ce elementor-widget elementor-widget-template\" data-id=\"1f831ce\" data-element_type=\"widget\" data-e-type=\"widget\" data-widget_type=\"template.default\">\n\t\t\t\t<div class=\"elementor-widget-container\">\n\t\t\t\t\t\t\t<div class=\"elementor-template\">\n\t\t\t\t\t<div data-elementor-type=\"container\" data-elementor-id=\"19259\" class=\"elementor elementor-19259 elementor-18546 elementor-18546\" data-elementor-post-type=\"elementor_library\">\n\t\t\t\t<div role=\"region\" aria-labelledby=\"e-n-accordion-item-1970\" class=\"elementor-element elementor-element-4d5d7d7a e-flex e-con-boxed e-con e-parent\" data-id=\"4d5d7d7a\" data-element_type=\"container\" data-e-type=\"container\">\n\t\t\t\t\t<div class=\"e-con-inner\">\n\t\t\t\t<div class=\"elementor-element elementor-element-fa73d9e elementor-widget elementor-widget-text-editor\" data-id=\"fa73d9e\" data-element_type=\"widget\" data-e-type=\"widget\" data-widget_type=\"text-editor.default\">\n\t\t\t\t<div class=\"elementor-widget-container\">\n\t\t\t\t\t\t\t\t\t<h4><strong>Istituzioni mondiali<\/strong><\/h4>\n<ul>\n<li><a href=\"https:\/\/jstindt.com\/it\/accesso-al-mercato-con-oms\/\">World Health Organization<\/a> (WHO)<\/li>\n<li><a href=\"https:\/\/jstindt.com\/it\/accesso-al-mercato-con-ispor\/\">International Society for Pharmacoeconomics and Outcomes Research<\/a> (ISPOR)<\/li>\n<\/ul>\n<h4><strong><br \/><a href=\"https:\/\/jstindt.com\/it\/usa\/\">Stati Uniti<\/a><\/strong><\/h4>\n<ul>\n<li><a href=\"https:\/\/jstindt.com\/it\/accesso-al-mercato-con-cms\/\">Centers for Medicare &amp; Medicaid Services<\/a> (CMS)<\/li>\n<li><a href=\"https:\/\/jstindt.com\/it\/accesso-al-mercato-con-amcp\/\">Academy of Managed Care Pharmacy<\/a> (AMCP)<\/li>\n<li><a href=\"https:\/\/jstindt.com\/it\/accesso-al-mercato-con-icer\/\">Institute for Clinical and Economic Review<\/a> (ICER)<\/li>\n<\/ul>\n<h4><strong><br \/><a href=\"https:\/\/jstindt.com\/it\/francia\/\">Francia<\/a><\/strong><\/h4>\n<ul>\n<li><a href=\"https:\/\/jstindt.com\/it\/accesso-al-mercato-con-la-has\/\">Haute Autorit\u00e9 de Sant\u00e9<\/a> (HAS)<\/li>\n<li><a href=\"https:\/\/jstindt.com\/it\/accesso-al-mercato-con-il-ceps\/\">Comit\u00e9 \u00c9conomique des Produits de Sant\u00e9<\/a> (CEPS)<\/li>\n<\/ul>\n<h4><strong><br \/><a href=\"https:\/\/jstindt.com\/it\/germania\/\">Germania<\/a><\/strong><\/h4>\n<ul>\n<li><a href=\"https:\/\/jstindt.com\/it\/accesso-al-mercato-con-il-g-ba\/\">Gemeinsamer Bundesausschuss<\/a> (G-BA)<\/li>\n<li><a href=\"https:\/\/jstindt.com\/it\/accesso-al-mercato-con-liqwig\/\">Institute for Quality and Efficiency in Health Care<\/a> (IQWiG)<\/li>\n<li><a href=\"https:\/\/jstindt.com\/it\/accesso-al-mercato-con-il-gkv-spitzenverband\/\">GKV Spitzenverband<\/a><\/li>\n<\/ul>\n<h4><strong><br \/><a href=\"https:\/\/jstindt.com\/it\/uk\/\">Regno Unito<\/a><\/strong><\/h4>\n<ul>\n<li><a href=\"https:\/\/jstindt.com\/it\/accesso-al-mercato-con-nice\/\">National Institute for Health and Care Excellence<\/a> (NICE)<\/li>\n<li><a href=\"https:\/\/jstindt.com\/it\/accesso-al-mercato-con-smc\/\">Scottish Medicines Consortium<\/a> (SMC)<\/li>\n<li><a href=\"https:\/\/jstindt.com\/it\/accesso-al-mercato-con-awmsg\/\" rel=\"noopener\">All Wales Medicines Strategy Group<\/a> (AWMSG)<\/li>\n<li><a href=\"https:\/\/jstindt.com\/it\/accesso-al-mercato-con-nhs\/\">National Health Service<\/a> (NHS)<\/li>\n<\/ul>\n<h4><strong><br \/><a href=\"https:\/\/jstindt.com\/it\/italia\/\">Italia<\/a><\/strong><\/h4>\n<ul>\n<li><a href=\"https:\/\/jstindt.com\/it\/accesso-al-mercato-con-aifa\/\">Italian Medicines Agency<\/a> (AIFA)<\/li>\n<li><a href=\"https:\/\/jstindt.com\/it\/accesso-al-mercato-con-la-cse\/\">Scientific and Economic Commission<\/a> (CSE)<\/li>\n<\/ul>\n<h4><strong><br \/><a href=\"https:\/\/jstindt.com\/it\/spagna\/\">Spagna<\/a><\/strong><\/h4>\n<ul>\n<li><a href=\"https:\/\/jstindt.com\/it\/accesso-al-mercato-con-aemps\/\">Spanish Agency of Medicines and Medical Devices<\/a> (AEMPS)<\/li>\n<li><a href=\"https:\/\/jstindt.com\/it\/accesso-al-mercato-con-la-dgcf\/\">Direcci\u00f3n General de Cartera Com\u00fan de Servicios del Sistema Nacional de Salud y Farmacia<\/a> (DGCF)<\/li>\n<li><a href=\"https:\/\/jstindt.com\/it\/accesso-al-mercato-con-la-cipm\/\">Interministerial Commission on Medicine Prices<\/a> (CIPM)<\/li>\n<\/ul>\n<h4><strong><br \/><a href=\"https:\/\/jstindt.com\/it\/svizzero\/\">Svizzera<\/a><\/strong><\/h4>\n<ul>\n<li><a href=\"https:\/\/jstindt.com\/it\/accesso-al-mercato-con-lufsp\/\">Federal Office of Public Health<\/a> (FOPH)<\/li>\n<\/ul>\n\t\t\t\t\t\t\t\t<\/div>\n\t\t\t\t<\/div>\n\t\t\t\t\t<\/div>\n\t\t\t\t<\/div>\n\t\t\t\t<\/div>\n\t\t\t\t<\/div>\n\t\t\t\t\t\t<\/div>\n\t\t\t\t<\/div>\n\t\t\t\t<\/div>\n\t\t\t\t\t<\/details>\n\t\t\t\t\t<\/div>\n\t\t\t\t\t\t<\/div>\n\t\t\t\t<\/div>\n\t\t\t\t\t<\/div>\n\t\t\t\t<\/div>\n\t\t\t\t<\/div>\n\t\t","protected":false},"excerpt":{"rendered":"<p>Il National Health Service (NHS) England \u00e8 responsabile della pianificazione e dell&#8217;acquisto dei servizi sanitari in Inghilterra, garantendo ai pazienti l\u2019accesso a cure di alta qualit\u00e0. Fondato nel 2013, NHS England assegna risorse ai Integrated Care Systems (ICSs) e supporta i servizi sanitari locali affinch\u00e9 rispettino gli standard nazionali. Funzioni principali di NHS England Pianificazione [&hellip;]<\/p>\n","protected":false},"author":3,"featured_media":0,"parent":0,"menu_order":0,"comment_status":"closed","ping_status":"closed","template":"","meta":{"_acf_changed":false,"footnotes":""},"class_list":["post-19179","page","type-page","status-publish","hentry"],"acf":[],"_links":{"self":[{"href":"https:\/\/jstindt.com\/it\/wp-json\/wp\/v2\/pages\/19179","targetHints":{"allow":["GET"]}}],"collection":[{"href":"https:\/\/jstindt.com\/it\/wp-json\/wp\/v2\/pages"}],"about":[{"href":"https:\/\/jstindt.com\/it\/wp-json\/wp\/v2\/types\/page"}],"author":[{"embeddable":true,"href":"https:\/\/jstindt.com\/it\/wp-json\/wp\/v2\/users\/3"}],"replies":[{"embeddable":true,"href":"https:\/\/jstindt.com\/it\/wp-json\/wp\/v2\/comments?post=19179"}],"version-history":[{"count":8,"href":"https:\/\/jstindt.com\/it\/wp-json\/wp\/v2\/pages\/19179\/revisions"}],"predecessor-version":[{"id":19896,"href":"https:\/\/jstindt.com\/it\/wp-json\/wp\/v2\/pages\/19179\/revisions\/19896"}],"wp:attachment":[{"href":"https:\/\/jstindt.com\/it\/wp-json\/wp\/v2\/media?parent=19179"}],"curies":[{"name":"wp","href":"https:\/\/api.w.org\/{rel}","templated":true}]}}