{"id":19159,"date":"2025-02-13T15:01:29","date_gmt":"2025-02-13T14:01:29","guid":{"rendered":"https:\/\/jstindt.com\/?page_id=19159"},"modified":"2025-03-21T16:13:58","modified_gmt":"2025-03-21T15:13:58","slug":"accesso-al-mercato-con-awmsg","status":"publish","type":"page","link":"https:\/\/jstindt.com\/it\/accesso-al-mercato-con-awmsg\/","title":{"rendered":"Accesso al mercato con AWMSG: La tua guida all&#8217;ente gallese di valutazione delle tecnologie sanitarie"},"content":{"rendered":"\t\t<div data-elementor-type=\"wp-page\" data-elementor-id=\"19159\" class=\"elementor elementor-19159 elementor-18652\" data-elementor-post-type=\"page\">\n\t\t\t\t<div class=\"elementor-element elementor-element-385a8d2 e-flex e-con-boxed e-con e-parent\" data-id=\"385a8d2\" data-element_type=\"container\" data-e-type=\"container\">\n\t\t\t\t\t<div class=\"e-con-inner\">\n\t\t\t\t<div class=\"elementor-element elementor-element-cecccb5 elementor-widget elementor-widget-text-editor\" data-id=\"cecccb5\" data-element_type=\"widget\" data-e-type=\"widget\" data-widget_type=\"text-editor.default\">\n\t\t\t\t<div class=\"elementor-widget-container\">\n\t\t\t\t\t\t\t\t\t<p data-pm-slice=\"1 1 []\">L&#8217;<em>All Wales Medicines Strategy Group<\/em> (<em>AWMSG<\/em>) fornisce consulenza al governo gallese sugli sviluppi strategici relativi all\u2019accesso e alla gestione dei farmaci. Fondato nel 2002, l&#8217;AWMSG garantisce che i pazienti in Galles abbiano accesso tempestivo a farmaci efficaci, promuovendone al contempo un uso sicuro ed efficiente all&#8217;interno di <em>NHS Wales<\/em>. (<a href=\"https:\/\/awttc.nhs.wales\">awttc.nhs.wales<\/a>)<\/p><h2>Funzioni principali di AWMSG<\/h2><ul data-spread=\"false\"><li><p><strong>Valutazione di nuovi farmaci:<\/strong> Analisi dei farmaci recentemente autorizzati per determinarne l\u2019efficacia clinica e il rapporto costo-efficacia per <em>NHS Wales<\/em>. (<a href=\"https:\/\/awttc.nhs.wales\">awttc.nhs.wales<\/a>)<\/p><\/li><li><p><strong>Sviluppo di strategie farmaceutiche:<\/strong> Elaborazione di strategie per ottimizzare l\u2019uso dei farmaci e garantire il massimo beneficio per i pazienti. (<a href=\"https:\/\/awttc.nhs.wales\">awttc.nhs.wales<\/a>)<\/p><\/li><li><p><strong>Fornitura di linee guida:<\/strong> Pubblicazione di raccomandazioni per i professionisti sanitari sulle migliori pratiche per la prescrizione e la gestione dei farmaci.<\/p><\/li><\/ul><h2>Direzione e contatti chiave<\/h2><p>Da gennaio 2025, l&#8217;AWMSG \u00e8 presieduto dal <strong>Professor Iolo Doull<\/strong>, Direttore Medico del <em>NHS Wales Joint Commissioning Committee<\/em> (<em>JCC<\/em>).<\/p><h3>Contatti di AWMSG<\/h3><ul data-spread=\"false\"><li><p><strong>Sito web:<\/strong> <a href=\"https:\/\/awttc.nhs.wales\/about-us1\/our-committees\/#AWMSG\">awttc.nhs.wales<\/a><\/p><\/li><li><p><strong>Indirizzo postale:<\/strong><br \/><em>All Wales Therapeutics &amp; Toxicology Centre<\/em><br \/>The Routledge Academic Centre<br \/>University Hospital Llandough<br \/>Penlan Road<br \/>Penarth<br \/>CF64 2XX<br \/><strong>Telefono:<\/strong> +44 (0)2921 826900<\/p><\/li><\/ul><h2>Sfide nella collaborazione con AWMSG<\/h2><ul data-spread=\"false\"><li><p><strong>Comprensione dei processi di presentazione:<\/strong> Conoscenza delle procedure dell\u2019AWMSG per la presentazione delle prove relative ai nuovi farmaci, fondamentale per un accesso efficace al mercato. (<a href=\"https:\/\/awttc.nhs.wales\">awttc.nhs.wales<\/a>)<\/p><\/li><li><p><strong>Presentazioni precise e tempestive:<\/strong> Preparazione rigorosa della documentazione e rispetto delle scadenze per facilitare i processi di valutazione.<\/p><\/li><li><p><strong>Dimostrazione del valore costo-efficacia:<\/strong> Fornitura di prove solide che dimostrino che i nuovi trattamenti offrono un valore ottimale all\u2019interno del quadro di <em>NHS Wales<\/em>. (<a href=\"https:\/\/awttc.nhs.wales\">awttc.nhs.wales<\/a>)<\/p><\/li><\/ul><p>Una collaborazione efficace con AWMSG pu\u00f2 facilitare un rapido accesso al mercato e garantire decisioni di rimborso favorevoli in Galles.<\/p><h2>Opportunit\u00e0 \/ Soluzioni con Justin Stindt Consultants<\/h2><ul data-spread=\"false\"><li><p><strong>Consulenza esperta per le presentazioni AWMSG:<\/strong> Creazione di dossier di alta qualit\u00e0 per la valutazione dei nuovi farmaci.<\/p><\/li><li><p><strong>Strategie di accesso al mercato AWMSG:<\/strong> Sviluppo di strategie allineate con il quadro di valutazione dell\u2019AWMSG per ottimizzare l\u2019accesso al mercato.<\/p><\/li><li><p><strong>Esperienza nei processi AWMSG:<\/strong> Approfondimenti sulle procedure dell\u2019AWMSG per migliorare la conformit\u00e0 e accelerare le approvazioni.<\/p><\/li><\/ul><p>Justin Stindt Consultants supporta le aziende nella collaborazione con AWMSG per garantire un accesso efficace al mercato gallese.<\/p>\t\t\t\t\t\t\t\t<\/div>\n\t\t\t\t<\/div>\n\t\t\t\t\t<\/div>\n\t\t\t\t<\/div>\n\t\t<div class=\"elementor-element elementor-element-00cd1ea e-flex e-con-boxed e-con e-parent\" data-id=\"00cd1ea\" data-element_type=\"container\" data-e-type=\"container\">\n\t\t\t\t\t<div class=\"e-con-inner\">\n\t\t\t\t<div class=\"elementor-element elementor-element-abb33e6 elementor-widget-divider--view-line elementor-widget elementor-widget-divider\" data-id=\"abb33e6\" data-element_type=\"widget\" data-e-type=\"widget\" data-widget_type=\"divider.default\">\n\t\t\t\t<div class=\"elementor-widget-container\">\n\t\t\t\t\t\t\t<div class=\"elementor-divider\">\n\t\t\t<span class=\"elementor-divider-separator\">\n\t\t\t\t\t\t<\/span>\n\t\t<\/div>\n\t\t\t\t\t\t<\/div>\n\t\t\t\t<\/div>\n\t\t\t\t\t<\/div>\n\t\t\t\t<\/div>\n\t\t<div class=\"elementor-element elementor-element-58e8f649 e-flex e-con-boxed e-con e-parent\" data-id=\"58e8f649\" data-element_type=\"container\" data-e-type=\"container\">\n\t\t\t\t\t<div class=\"e-con-inner\">\n\t\t<div class=\"elementor-element elementor-element-53fac74c e-con-full bordered-block e-flex e-con e-child\" data-id=\"53fac74c\" data-element_type=\"container\" data-e-type=\"container\">\n\t\t\t\t<div class=\"elementor-element elementor-element-62340c34 elementor-widget elementor-widget-text-editor\" data-id=\"62340c34\" data-element_type=\"widget\" data-e-type=\"widget\" data-widget_type=\"text-editor.default\">\n\t\t\t\t<div class=\"elementor-widget-container\">\n\t\t\t\t\t\t\t\t\t<h3>Caso di studio<\/h3><h2>Successo di un&#8217;azienda farmaceutica con AWMSG<\/h2>\t\t\t\t\t\t\t\t<\/div>\n\t\t\t\t<\/div>\n\t\t\t\t<div class=\"elementor-element elementor-element-3ed330bf elementor-widget elementor-widget-text-editor\" data-id=\"3ed330bf\" data-element_type=\"widget\" data-e-type=\"widget\" data-widget_type=\"text-editor.default\">\n\t\t\t\t<div class=\"elementor-widget-container\">\n\t\t\t\t\t\t\t\t\t<p><strong>Sfida<\/strong>:<br \/>Un\u2019azienda farmaceutica ha richiesto il nostro supporto per ottenere l\u2019approvazione e il rimborso di una nuova terapia in Galles.<\/p><p><strong>Soluzione<\/strong>: <br \/>Abbiamo guidato la preparazione di un dossier completo conforme ai criteri di valutazione dell\u2019AWMSG.<\/p><p><strong>Risultato<\/strong>: <br \/>Il nostro approccio strategico ha portato a un esito positivo, consentendo il rimborso della terapia da parte di NHS Wales.<\/p>\t\t\t\t\t\t\t\t<\/div>\n\t\t\t\t<\/div>\n\t\t\t\t<\/div>\n\t\t\t\t\t<\/div>\n\t\t\t\t<\/div>\n\t\t<div class=\"elementor-element elementor-element-d9461b5 e-con-full e-flex e-con e-parent\" data-id=\"d9461b5\" data-element_type=\"container\" data-e-type=\"container\" data-settings=\"{&quot;background_background&quot;:&quot;classic&quot;}\">\n\t\t\t\t<div class=\"elementor-element elementor-element-7d6d7f8 elementor-cta--skin-classic elementor-animated-content elementor-bg-transform elementor-bg-transform-zoom-in elementor-widget elementor-widget-call-to-action\" data-id=\"7d6d7f8\" data-element_type=\"widget\" data-e-type=\"widget\" data-widget_type=\"call-to-action.default\">\n\t\t\t\t<div class=\"elementor-widget-container\">\n\t\t\t\t\t\t\t<div class=\"elementor-cta\">\n\t\t\t\t\t\t\t<div class=\"elementor-cta__content\">\n\t\t\t\t\n\t\t\t\t\t\t\t\t\t<h2 class=\"elementor-cta__title elementor-cta__content-item elementor-content-item\">\n\t\t\t\t\t\tHai bisogno di supporto per l\u2019accesso al mercato con AWMSG? L\u2019esperienza di Justin Stindt Consultants ti aiuter\u00e0 a raggiungere il successo.\t\t\t\t\t<\/h2>\n\t\t\t\t\n\t\t\t\t\t\t\t\t\t<div class=\"elementor-cta__description elementor-cta__content-item elementor-content-item\">\n\t\t\t\t\t\tContattaci oggi stesso per sviluppare la tua strategia di accesso al mercato e ottenere risultati concreti con AWMSG.\t\t\t\t\t<\/div>\n\t\t\t\t\n\t\t\t\t\t\t\t\t\t<div class=\"elementor-cta__button-wrapper elementor-cta__content-item elementor-content-item \">\n\t\t\t\t\t<a class=\"elementor-cta__button elementor-button elementor-size-\" href=\"https:\/\/jstindt.com\/contact-us\/\">\n\t\t\t\t\t\tContatto Justin Stindt Consultants\t\t\t\t\t<\/a>\n\t\t\t\t\t<\/div>\n\t\t\t\t\t\t\t<\/div>\n\t\t\t\t\t\t<\/div>\n\t\t\t\t\t\t<\/div>\n\t\t\t\t<\/div>\n\t\t\t\t<\/div>\n\t\t<div class=\"elementor-element elementor-element-69e5937 e-flex e-con-boxed e-con e-parent\" data-id=\"69e5937\" data-element_type=\"container\" data-e-type=\"container\">\n\t\t\t\t\t<div class=\"e-con-inner\">\n\t\t\t\t<div class=\"elementor-element elementor-element-7e181b8 elementor-widget elementor-widget-n-accordion\" data-id=\"7e181b8\" data-element_type=\"widget\" data-e-type=\"widget\" data-settings=\"{&quot;default_state&quot;:&quot;all_collapsed&quot;,&quot;max_items_expended&quot;:&quot;one&quot;,&quot;n_accordion_animation_duration&quot;:{&quot;unit&quot;:&quot;ms&quot;,&quot;size&quot;:400,&quot;sizes&quot;:[]}}\" data-widget_type=\"nested-accordion.default\">\n\t\t\t\t<div class=\"elementor-widget-container\">\n\t\t\t\t\t\t\t<div class=\"e-n-accordion\" aria-label=\"Accordion. Open links with Enter or Space, close with Escape, and navigate with Arrow Keys\">\n\t\t\t\t\t\t<details id=\"e-n-accordion-item-1320\" class=\"e-n-accordion-item\" >\n\t\t\t\t<summary class=\"e-n-accordion-item-title\" data-accordion-index=\"1\" tabindex=\"0\" aria-expanded=\"false\" aria-controls=\"e-n-accordion-item-1320\" >\n\t\t\t\t\t<span class='e-n-accordion-item-title-header'><div class=\"e-n-accordion-item-title-text\"> Altre istituzioni chiave per l'accesso al mercato <\/div><\/span>\n\t\t\t\t\t\t\t<span class='e-n-accordion-item-title-icon'>\n\t\t\t<span class='e-opened' ><i aria-hidden=\"true\" class=\"fas fa-minus\"><\/i><\/span>\n\t\t\t<span class='e-closed'><i aria-hidden=\"true\" class=\"fas fa-plus\"><\/i><\/span>\n\t\t<\/span>\n\n\t\t\t\t\t\t<\/summary>\n\t\t\t\t<div role=\"region\" aria-labelledby=\"e-n-accordion-item-1320\" class=\"elementor-element elementor-element-87a9f92 e-con-full e-flex e-con e-child\" data-id=\"87a9f92\" data-element_type=\"container\" data-e-type=\"container\">\n\t\t\t\t<div class=\"elementor-element elementor-element-31dc1b9 elementor-widget elementor-widget-template\" data-id=\"31dc1b9\" data-element_type=\"widget\" data-e-type=\"widget\" data-widget_type=\"template.default\">\n\t\t\t\t<div class=\"elementor-widget-container\">\n\t\t\t\t\t\t\t<div class=\"elementor-template\">\n\t\t\t\t\t<div data-elementor-type=\"container\" data-elementor-id=\"19259\" class=\"elementor elementor-19259 elementor-18546 elementor-18546\" data-elementor-post-type=\"elementor_library\">\n\t\t\t\t<div role=\"region\" aria-labelledby=\"e-n-accordion-item-1220\" class=\"elementor-element elementor-element-4d5d7d7a e-flex e-con-boxed e-con e-parent\" data-id=\"4d5d7d7a\" data-element_type=\"container\" data-e-type=\"container\">\n\t\t\t\t\t<div class=\"e-con-inner\">\n\t\t\t\t<div class=\"elementor-element elementor-element-fa73d9e elementor-widget elementor-widget-text-editor\" data-id=\"fa73d9e\" data-element_type=\"widget\" data-e-type=\"widget\" data-widget_type=\"text-editor.default\">\n\t\t\t\t<div class=\"elementor-widget-container\">\n\t\t\t\t\t\t\t\t\t<h4><strong>Istituzioni mondiali<\/strong><\/h4>\n<ul>\n<li><a href=\"https:\/\/jstindt.com\/it\/accesso-al-mercato-con-oms\/\">World Health Organization<\/a> (WHO)<\/li>\n<li><a href=\"https:\/\/jstindt.com\/it\/accesso-al-mercato-con-ispor\/\">International Society for Pharmacoeconomics and Outcomes Research<\/a> (ISPOR)<\/li>\n<\/ul>\n<h4><strong><br \/><a href=\"https:\/\/jstindt.com\/it\/usa\/\">Stati Uniti<\/a><\/strong><\/h4>\n<ul>\n<li><a href=\"https:\/\/jstindt.com\/it\/accesso-al-mercato-con-cms\/\">Centers for Medicare &amp; Medicaid Services<\/a> (CMS)<\/li>\n<li><a href=\"https:\/\/jstindt.com\/it\/accesso-al-mercato-con-amcp\/\">Academy of Managed Care Pharmacy<\/a> (AMCP)<\/li>\n<li><a href=\"https:\/\/jstindt.com\/it\/accesso-al-mercato-con-icer\/\">Institute for Clinical and Economic Review<\/a> (ICER)<\/li>\n<\/ul>\n<h4><strong><br \/><a href=\"https:\/\/jstindt.com\/it\/francia\/\">Francia<\/a><\/strong><\/h4>\n<ul>\n<li><a href=\"https:\/\/jstindt.com\/it\/accesso-al-mercato-con-la-has\/\">Haute Autorit\u00e9 de Sant\u00e9<\/a> (HAS)<\/li>\n<li><a href=\"https:\/\/jstindt.com\/it\/accesso-al-mercato-con-il-ceps\/\">Comit\u00e9 \u00c9conomique des Produits de Sant\u00e9<\/a> (CEPS)<\/li>\n<\/ul>\n<h4><strong><br \/><a href=\"https:\/\/jstindt.com\/it\/germania\/\">Germania<\/a><\/strong><\/h4>\n<ul>\n<li><a href=\"https:\/\/jstindt.com\/it\/accesso-al-mercato-con-il-g-ba\/\">Gemeinsamer Bundesausschuss<\/a> (G-BA)<\/li>\n<li><a href=\"https:\/\/jstindt.com\/it\/accesso-al-mercato-con-liqwig\/\">Institute for Quality and Efficiency in Health Care<\/a> (IQWiG)<\/li>\n<li><a href=\"https:\/\/jstindt.com\/it\/accesso-al-mercato-con-il-gkv-spitzenverband\/\">GKV Spitzenverband<\/a><\/li>\n<\/ul>\n<h4><strong><br \/><a href=\"https:\/\/jstindt.com\/it\/uk\/\">Regno Unito<\/a><\/strong><\/h4>\n<ul>\n<li><a href=\"https:\/\/jstindt.com\/it\/accesso-al-mercato-con-nice\/\">National Institute for Health and Care Excellence<\/a> (NICE)<\/li>\n<li><a href=\"https:\/\/jstindt.com\/it\/accesso-al-mercato-con-smc\/\">Scottish Medicines Consortium<\/a> (SMC)<\/li>\n<li><a href=\"https:\/\/jstindt.com\/it\/accesso-al-mercato-con-awmsg\/\" rel=\"noopener\">All Wales Medicines Strategy Group<\/a> (AWMSG)<\/li>\n<li><a href=\"https:\/\/jstindt.com\/it\/accesso-al-mercato-con-nhs\/\">National Health Service<\/a> (NHS)<\/li>\n<\/ul>\n<h4><strong><br \/><a href=\"https:\/\/jstindt.com\/it\/italia\/\">Italia<\/a><\/strong><\/h4>\n<ul>\n<li><a href=\"https:\/\/jstindt.com\/it\/accesso-al-mercato-con-aifa\/\">Italian Medicines Agency<\/a> (AIFA)<\/li>\n<li><a href=\"https:\/\/jstindt.com\/it\/accesso-al-mercato-con-la-cse\/\">Scientific and Economic Commission<\/a> (CSE)<\/li>\n<\/ul>\n<h4><strong><br \/><a href=\"https:\/\/jstindt.com\/it\/spagna\/\">Spagna<\/a><\/strong><\/h4>\n<ul>\n<li><a href=\"https:\/\/jstindt.com\/it\/accesso-al-mercato-con-aemps\/\">Spanish Agency of Medicines and Medical Devices<\/a> (AEMPS)<\/li>\n<li><a href=\"https:\/\/jstindt.com\/it\/accesso-al-mercato-con-la-dgcf\/\">Direcci\u00f3n General de Cartera Com\u00fan de Servicios del Sistema Nacional de Salud y Farmacia<\/a> (DGCF)<\/li>\n<li><a href=\"https:\/\/jstindt.com\/it\/accesso-al-mercato-con-la-cipm\/\">Interministerial Commission on Medicine Prices<\/a> (CIPM)<\/li>\n<\/ul>\n<h4><strong><br \/><a href=\"https:\/\/jstindt.com\/it\/svizzero\/\">Svizzera<\/a><\/strong><\/h4>\n<ul>\n<li><a href=\"https:\/\/jstindt.com\/it\/accesso-al-mercato-con-lufsp\/\">Federal Office of Public Health<\/a> (FOPH)<\/li>\n<\/ul>\n\t\t\t\t\t\t\t\t<\/div>\n\t\t\t\t<\/div>\n\t\t\t\t\t<\/div>\n\t\t\t\t<\/div>\n\t\t\t\t<\/div>\n\t\t\t\t<\/div>\n\t\t\t\t\t\t<\/div>\n\t\t\t\t<\/div>\n\t\t\t\t<\/div>\n\t\t\t\t\t<\/details>\n\t\t\t\t\t<\/div>\n\t\t\t\t\t\t<\/div>\n\t\t\t\t<\/div>\n\t\t\t\t\t<\/div>\n\t\t\t\t<\/div>\n\t\t\t\t<\/div>\n\t\t","protected":false},"excerpt":{"rendered":"<p>L&#8217;All Wales Medicines Strategy Group (AWMSG) fornisce consulenza al governo gallese sugli sviluppi strategici relativi all\u2019accesso e alla gestione dei farmaci. Fondato nel 2002, l&#8217;AWMSG garantisce che i pazienti in Galles abbiano accesso tempestivo a farmaci efficaci, promuovendone al contempo un uso sicuro ed efficiente all&#8217;interno di NHS Wales. (awttc.nhs.wales) Funzioni principali di AWMSG Valutazione [&hellip;]<\/p>\n","protected":false},"author":3,"featured_media":0,"parent":0,"menu_order":0,"comment_status":"closed","ping_status":"closed","template":"","meta":{"_acf_changed":false,"footnotes":""},"class_list":["post-19159","page","type-page","status-publish","hentry"],"acf":[],"_links":{"self":[{"href":"https:\/\/jstindt.com\/it\/wp-json\/wp\/v2\/pages\/19159","targetHints":{"allow":["GET"]}}],"collection":[{"href":"https:\/\/jstindt.com\/it\/wp-json\/wp\/v2\/pages"}],"about":[{"href":"https:\/\/jstindt.com\/it\/wp-json\/wp\/v2\/types\/page"}],"author":[{"embeddable":true,"href":"https:\/\/jstindt.com\/it\/wp-json\/wp\/v2\/users\/3"}],"replies":[{"embeddable":true,"href":"https:\/\/jstindt.com\/it\/wp-json\/wp\/v2\/comments?post=19159"}],"version-history":[{"count":8,"href":"https:\/\/jstindt.com\/it\/wp-json\/wp\/v2\/pages\/19159\/revisions"}],"predecessor-version":[{"id":19892,"href":"https:\/\/jstindt.com\/it\/wp-json\/wp\/v2\/pages\/19159\/revisions\/19892"}],"wp:attachment":[{"href":"https:\/\/jstindt.com\/it\/wp-json\/wp\/v2\/media?parent=19159"}],"curies":[{"name":"wp","href":"https:\/\/api.w.org\/{rel}","templated":true}]}}