{"id":19119,"date":"2025-02-13T15:12:47","date_gmt":"2025-02-13T14:12:47","guid":{"rendered":"https:\/\/jstindt.com\/?page_id=19119"},"modified":"2025-03-21T16:08:08","modified_gmt":"2025-03-21T15:08:08","slug":"accesso-al-mercato-con-nice","status":"publish","type":"page","link":"https:\/\/jstindt.com\/it\/accesso-al-mercato-con-nice\/","title":{"rendered":"Accesso al mercato con NICE: La tua guida all\u2019ente britannico di valutazione delle tecnologie sanitarie"},"content":{"rendered":"\t\t<div data-elementor-type=\"wp-page\" data-elementor-id=\"19119\" class=\"elementor elementor-19119 elementor-18668\" data-elementor-post-type=\"page\">\n\t\t\t\t<div class=\"elementor-element elementor-element-532a722 e-flex e-con-boxed e-con e-parent\" data-id=\"532a722\" data-element_type=\"container\" data-e-type=\"container\">\n\t\t\t\t\t<div class=\"e-con-inner\">\n\t\t\t\t<div class=\"elementor-element elementor-element-aef3bb0 elementor-widget elementor-widget-text-editor\" data-id=\"aef3bb0\" data-element_type=\"widget\" data-e-type=\"widget\" data-widget_type=\"text-editor.default\">\n\t\t\t\t<div class=\"elementor-widget-container\">\n\t\t\t\t\t\t\t\t\t<p data-pm-slice=\"1 1 []\"><span style=\"font-weight: 400;\">Il <\/span><i><span style=\"font-weight: 400;\">National Institute for Health and Care Excellence<\/span><\/i><span style=\"font-weight: 400;\"> (<\/span><i><span style=\"font-weight: 400;\">NICE<\/span><\/i><span style=\"font-weight: 400;\">) \u00e8 un ente pubblico esecutivo non ministeriale del <\/span><i><span style=\"font-weight: 400;\">Department of Health and Social Care<\/span><\/i><span style=\"font-weight: 400;\"> del Regno Unito. Fondato nel 1999, NICE fornisce linee guida e raccomandazioni nazionali per migliorare l\u2019assistenza sanitaria e sociale. Esso valuta le nuove tecnologie sanitarie per il NHS, considerando sia l\u2019efficacia clinica che il rapporto costo-efficacia. (<\/span><a href=\"https:\/\/www.nice.org.uk\/\"><span style=\"font-weight: 400;\">nice.org.uk<\/span><\/a><span style=\"font-weight: 400;\">)<\/span><\/p><h2>Funzioni principali di NICE<\/h2><ul data-spread=\"false\"><li><p><strong>Valutazione delle tecnologie sanitarie:<\/strong> Analisi di farmaci nuovi ed attuali e di trattamenti per il NHS al fine di garantirne l\u2019efficacia clinica e il rapporto costo-efficacia.\u00a0(<a href=\"https:\/\/www.nice.org.uk\/\">nice.org.uk<\/a>)<\/p><\/li><li><p><strong>Linee guida cliniche:<\/strong> Sviluppo di raccomandazioni basate su evidenze per il settore sanitario in Inghilterra e in Galles, al fine di migliorare la qualit\u00e0 dell\u2019assistenza e dei servizi. (<a href=\"https:\/\/www.nice.org.uk\/\">nice.org.uk<\/a>)<\/p><\/li><li><p><strong>Standard di qualit\u00e0:<\/strong> Definizione di parametri di riferimento per aiutare i professionisti sanitari e le autorit\u00e0 locali a fornire le migliori cure garantendo l\u2019uso efficiente delle risorse pubbliche. (<a href=\"https:\/\/www.nice.org.uk\/\">nice.org.uk<\/a>)<\/p><\/li><\/ul><h2>Direzione e contatti chiave<\/h2><p>Da gennaio 2025, NICE \u00e8 diretto da <strong>Sam Roberts<\/strong>, responsabile delle iniziative strategiche e delle operazioni organizzative.<\/p><h3>Contatti di NICE<\/h3><ul data-spread=\"false\"><li><p><strong>Sito web:<\/strong> <a href=\"https:\/\/www.nice.org.uk\/\">nice.org.uk<\/a><\/p><\/li><li><p><strong>Indirizzo postale:<\/strong><br \/>National Institute for Health and Care Excellence<br \/>2 Redman Place<br \/>London, E20 1JQ<br \/>Regno Unito<br \/><strong>Telefono:<\/strong> +44 (0)300 323 0140<\/p><\/li><\/ul><h2>Sfide nella collaborazione con NICE<\/h2><ul data-spread=\"false\"><li><p><strong>Comprensione dei processi di valutazione:<\/strong> <span style=\"font-weight: 400;\">La conoscenza\u00a0 dei metodi e dei criteri di valutazione di NICE \u00e8 essenziale per un accesso efficace al mercato<\/span>.<\/p><\/li><li><p><strong>Presentazioni accurate e tempestive:<\/strong> Preparazione di documentazione completa e rispetto delle scadenze per facilitare i processi di valutazione.<\/p><\/li><li><p><strong>Dimostrazione della convenienza economica:<\/strong> Fornitura di prove solide che dimostrino che i nuovi trattamenti offrono valore all\u2019interno del sistema NHS.<\/p><\/li><\/ul><p>Una collaborazione efficace con NICE pu\u00f2 facilitare un rapido accesso al mercato e decisioni di rimborso favorevoli nel Regno Unito.<\/p><h2>Opportunit\u00e0 \/ Soluzioni con Justin Stindt Consultants<\/h2><ul data-spread=\"false\"><li><p><strong><b>Consulenza da parte di esperti per presentazioni NICE<\/b>:<\/strong> Creazione di dossier di alta qualit\u00e0 per le valutazioni delle tecnologie sanitarie e le linee guida cliniche.<\/p><\/li><li><p><strong>Strategie di accesso al mercato NICE:<\/strong> Sviluppo di strategie in linea con il quadro di valutazione di NICE per ottimizzare l\u2019accesso al mercato.<\/p><\/li><li><p><strong>Esperienza nei processi NICE:<\/strong> Approfondimenti sulle procedure di NICE per migliorare la conformit\u00e0 e accelerare le approvazioni.<\/p><\/li><\/ul><p>Justin Stindt Consultants aiuta i clienti a collaborare efficacemente con NICE e a garantire un accesso di successo al mercato britannico.<\/p>\t\t\t\t\t\t\t\t<\/div>\n\t\t\t\t<\/div>\n\t\t\t\t\t<\/div>\n\t\t\t\t<\/div>\n\t\t<div class=\"elementor-element elementor-element-b0b19b2 e-flex e-con-boxed e-con e-parent\" data-id=\"b0b19b2\" data-element_type=\"container\" data-e-type=\"container\">\n\t\t\t\t\t<div class=\"e-con-inner\">\n\t\t\t\t<div class=\"elementor-element elementor-element-8065837 elementor-widget-divider--view-line elementor-widget elementor-widget-divider\" data-id=\"8065837\" data-element_type=\"widget\" data-e-type=\"widget\" data-widget_type=\"divider.default\">\n\t\t\t\t<div class=\"elementor-widget-container\">\n\t\t\t\t\t\t\t<div class=\"elementor-divider\">\n\t\t\t<span class=\"elementor-divider-separator\">\n\t\t\t\t\t\t<\/span>\n\t\t<\/div>\n\t\t\t\t\t\t<\/div>\n\t\t\t\t<\/div>\n\t\t\t\t\t<\/div>\n\t\t\t\t<\/div>\n\t\t<div class=\"elementor-element elementor-element-88f6af6 e-flex e-con-boxed e-con e-parent\" data-id=\"88f6af6\" data-element_type=\"container\" data-e-type=\"container\">\n\t\t\t\t\t<div class=\"e-con-inner\">\n\t\t<div class=\"elementor-element elementor-element-7b815236 e-con-full bordered-block e-flex e-con e-child\" data-id=\"7b815236\" data-element_type=\"container\" data-e-type=\"container\">\n\t\t\t\t<div class=\"elementor-element elementor-element-a4c416d elementor-widget elementor-widget-text-editor\" data-id=\"a4c416d\" data-element_type=\"widget\" data-e-type=\"widget\" data-widget_type=\"text-editor.default\">\n\t\t\t\t<div class=\"elementor-widget-container\">\n\t\t\t\t\t\t\t\t\t<h3>Caso di studio<\/h3><h2>Successo di un&#8217;azienda farmaceutica con NICE<\/h2>\t\t\t\t\t\t\t\t<\/div>\n\t\t\t\t<\/div>\n\t\t\t\t<div class=\"elementor-element elementor-element-72652ed2 elementor-widget elementor-widget-text-editor\" data-id=\"72652ed2\" data-element_type=\"widget\" data-e-type=\"widget\" data-widget_type=\"text-editor.default\">\n\t\t\t\t<div class=\"elementor-widget-container\">\n\t\t\t\t\t\t\t\t\t<p><strong>Sfida<\/strong>: <br \/>Un\u2019azienda farmaceutica ha richiesto il nostro supporto per ottenere l\u2019approvazione e il rimborso di una nuova terapia nel Regno Unito.<\/p><p><strong>Soluzione<\/strong>: <br \/>Abbiamo guidato la preparazione di un dossier completo conforme ai criteri di valutazione di NICE.<\/p><p><strong>Risultato<\/strong>: <br \/>Il nostro approccio strategico ha portato a un esito positivo, consentendo l\u2019inclusione della terapia nel prontuario NHS.<\/p>\t\t\t\t\t\t\t\t<\/div>\n\t\t\t\t<\/div>\n\t\t\t\t<\/div>\n\t\t\t\t\t<\/div>\n\t\t\t\t<\/div>\n\t\t<div class=\"elementor-element elementor-element-cd854db e-con-full e-flex e-con e-parent\" data-id=\"cd854db\" data-element_type=\"container\" data-e-type=\"container\" data-settings=\"{&quot;background_background&quot;:&quot;classic&quot;}\">\n\t\t\t\t<div class=\"elementor-element elementor-element-81fcb80 elementor-cta--skin-classic elementor-animated-content elementor-bg-transform elementor-bg-transform-zoom-in elementor-widget elementor-widget-call-to-action\" data-id=\"81fcb80\" data-element_type=\"widget\" data-e-type=\"widget\" data-widget_type=\"call-to-action.default\">\n\t\t\t\t<div class=\"elementor-widget-container\">\n\t\t\t\t\t\t\t<div class=\"elementor-cta\">\n\t\t\t\t\t\t\t<div class=\"elementor-cta__content\">\n\t\t\t\t\n\t\t\t\t\t\t\t\t\t<h2 class=\"elementor-cta__title elementor-cta__content-item elementor-content-item\">\n\t\t\t\t\t\tHai bisogno di supporto per l\u2019accesso al mercato con NICE? L\u2019esperienza di Justin Stindt Consultants ti aiuter\u00e0 a raggiungere il successo.\t\t\t\t\t<\/h2>\n\t\t\t\t\n\t\t\t\t\t\t\t\t\t<div class=\"elementor-cta__description elementor-cta__content-item elementor-content-item\">\n\t\t\t\t\t\tContattaci oggi stesso per sviluppare la tua strategia di accesso al mercato e ottenere risultati concreti con NICE.\t\t\t\t\t<\/div>\n\t\t\t\t\n\t\t\t\t\t\t\t\t\t<div class=\"elementor-cta__button-wrapper elementor-cta__content-item elementor-content-item \">\n\t\t\t\t\t<a class=\"elementor-cta__button elementor-button elementor-size-\" href=\"https:\/\/jstindt.com\/contact-us\/\">\n\t\t\t\t\t\tContatto Justin Stindt Consultants\t\t\t\t\t<\/a>\n\t\t\t\t\t<\/div>\n\t\t\t\t\t\t\t<\/div>\n\t\t\t\t\t\t<\/div>\n\t\t\t\t\t\t<\/div>\n\t\t\t\t<\/div>\n\t\t\t\t<\/div>\n\t\t<div class=\"elementor-element elementor-element-11c565f e-flex e-con-boxed e-con e-parent\" data-id=\"11c565f\" data-element_type=\"container\" data-e-type=\"container\">\n\t\t\t\t\t<div class=\"e-con-inner\">\n\t\t\t\t<div class=\"elementor-element elementor-element-abe208e elementor-widget elementor-widget-n-accordion\" data-id=\"abe208e\" data-element_type=\"widget\" data-e-type=\"widget\" data-settings=\"{&quot;default_state&quot;:&quot;all_collapsed&quot;,&quot;max_items_expended&quot;:&quot;one&quot;,&quot;n_accordion_animation_duration&quot;:{&quot;unit&quot;:&quot;ms&quot;,&quot;size&quot;:400,&quot;sizes&quot;:[]}}\" data-widget_type=\"nested-accordion.default\">\n\t\t\t\t<div class=\"elementor-widget-container\">\n\t\t\t\t\t\t\t<div class=\"e-n-accordion\" aria-label=\"Accordion. Open links with Enter or Space, close with Escape, and navigate with Arrow Keys\">\n\t\t\t\t\t\t<details id=\"e-n-accordion-item-1800\" class=\"e-n-accordion-item\" >\n\t\t\t\t<summary class=\"e-n-accordion-item-title\" data-accordion-index=\"1\" tabindex=\"0\" aria-expanded=\"false\" aria-controls=\"e-n-accordion-item-1800\" >\n\t\t\t\t\t<span class='e-n-accordion-item-title-header'><div class=\"e-n-accordion-item-title-text\"> Altre istituzioni chiave per l'accesso al mercato <\/div><\/span>\n\t\t\t\t\t\t\t<span class='e-n-accordion-item-title-icon'>\n\t\t\t<span class='e-opened' ><i aria-hidden=\"true\" class=\"fas fa-minus\"><\/i><\/span>\n\t\t\t<span class='e-closed'><i aria-hidden=\"true\" class=\"fas fa-plus\"><\/i><\/span>\n\t\t<\/span>\n\n\t\t\t\t\t\t<\/summary>\n\t\t\t\t<div role=\"region\" aria-labelledby=\"e-n-accordion-item-1800\" class=\"elementor-element elementor-element-80864c7 e-con-full e-flex e-con e-child\" data-id=\"80864c7\" data-element_type=\"container\" data-e-type=\"container\">\n\t\t\t\t<div class=\"elementor-element elementor-element-b297a33 elementor-widget elementor-widget-template\" data-id=\"b297a33\" data-element_type=\"widget\" data-e-type=\"widget\" data-widget_type=\"template.default\">\n\t\t\t\t<div class=\"elementor-widget-container\">\n\t\t\t\t\t\t\t<div class=\"elementor-template\">\n\t\t\t\t\t<div data-elementor-type=\"container\" data-elementor-id=\"19259\" class=\"elementor elementor-19259 elementor-18546 elementor-18546\" data-elementor-post-type=\"elementor_library\">\n\t\t\t\t<div role=\"region\" aria-labelledby=\"e-n-accordion-item-8810\" class=\"elementor-element elementor-element-4d5d7d7a e-flex e-con-boxed e-con e-parent\" data-id=\"4d5d7d7a\" data-element_type=\"container\" data-e-type=\"container\">\n\t\t\t\t\t<div class=\"e-con-inner\">\n\t\t\t\t<div class=\"elementor-element elementor-element-fa73d9e elementor-widget elementor-widget-text-editor\" data-id=\"fa73d9e\" data-element_type=\"widget\" data-e-type=\"widget\" data-widget_type=\"text-editor.default\">\n\t\t\t\t<div class=\"elementor-widget-container\">\n\t\t\t\t\t\t\t\t\t<h4><strong>Istituzioni mondiali<\/strong><\/h4>\n<ul>\n<li><a href=\"https:\/\/jstindt.com\/it\/accesso-al-mercato-con-oms\/\">World Health Organization<\/a> (WHO)<\/li>\n<li><a href=\"https:\/\/jstindt.com\/it\/accesso-al-mercato-con-ispor\/\">International Society for Pharmacoeconomics and Outcomes Research<\/a> (ISPOR)<\/li>\n<\/ul>\n<h4><strong><br \/><a href=\"https:\/\/jstindt.com\/it\/usa\/\">Stati Uniti<\/a><\/strong><\/h4>\n<ul>\n<li><a href=\"https:\/\/jstindt.com\/it\/accesso-al-mercato-con-cms\/\">Centers for Medicare &amp; Medicaid Services<\/a> (CMS)<\/li>\n<li><a href=\"https:\/\/jstindt.com\/it\/accesso-al-mercato-con-amcp\/\">Academy of Managed Care Pharmacy<\/a> (AMCP)<\/li>\n<li><a href=\"https:\/\/jstindt.com\/it\/accesso-al-mercato-con-icer\/\">Institute for Clinical and Economic Review<\/a> (ICER)<\/li>\n<\/ul>\n<h4><strong><br \/><a href=\"https:\/\/jstindt.com\/it\/francia\/\">Francia<\/a><\/strong><\/h4>\n<ul>\n<li><a href=\"https:\/\/jstindt.com\/it\/accesso-al-mercato-con-la-has\/\">Haute Autorit\u00e9 de Sant\u00e9<\/a> (HAS)<\/li>\n<li><a href=\"https:\/\/jstindt.com\/it\/accesso-al-mercato-con-il-ceps\/\">Comit\u00e9 \u00c9conomique des Produits de Sant\u00e9<\/a> (CEPS)<\/li>\n<\/ul>\n<h4><strong><br \/><a href=\"https:\/\/jstindt.com\/it\/germania\/\">Germania<\/a><\/strong><\/h4>\n<ul>\n<li><a href=\"https:\/\/jstindt.com\/it\/accesso-al-mercato-con-il-g-ba\/\">Gemeinsamer Bundesausschuss<\/a> (G-BA)<\/li>\n<li><a href=\"https:\/\/jstindt.com\/it\/accesso-al-mercato-con-liqwig\/\">Institute for Quality and Efficiency in Health Care<\/a> (IQWiG)<\/li>\n<li><a href=\"https:\/\/jstindt.com\/it\/accesso-al-mercato-con-il-gkv-spitzenverband\/\">GKV Spitzenverband<\/a><\/li>\n<\/ul>\n<h4><strong><br \/><a href=\"https:\/\/jstindt.com\/it\/uk\/\">Regno Unito<\/a><\/strong><\/h4>\n<ul>\n<li><a href=\"https:\/\/jstindt.com\/it\/accesso-al-mercato-con-nice\/\">National Institute for Health and Care Excellence<\/a> (NICE)<\/li>\n<li><a href=\"https:\/\/jstindt.com\/it\/accesso-al-mercato-con-smc\/\">Scottish Medicines Consortium<\/a> (SMC)<\/li>\n<li><a href=\"https:\/\/jstindt.com\/it\/accesso-al-mercato-con-awmsg\/\" rel=\"noopener\">All Wales Medicines Strategy Group<\/a> (AWMSG)<\/li>\n<li><a href=\"https:\/\/jstindt.com\/it\/accesso-al-mercato-con-nhs\/\">National Health Service<\/a> (NHS)<\/li>\n<\/ul>\n<h4><strong><br \/><a href=\"https:\/\/jstindt.com\/it\/italia\/\">Italia<\/a><\/strong><\/h4>\n<ul>\n<li><a href=\"https:\/\/jstindt.com\/it\/accesso-al-mercato-con-aifa\/\">Italian Medicines Agency<\/a> (AIFA)<\/li>\n<li><a href=\"https:\/\/jstindt.com\/it\/accesso-al-mercato-con-la-cse\/\">Scientific and Economic Commission<\/a> (CSE)<\/li>\n<\/ul>\n<h4><strong><br \/><a href=\"https:\/\/jstindt.com\/it\/spagna\/\">Spagna<\/a><\/strong><\/h4>\n<ul>\n<li><a href=\"https:\/\/jstindt.com\/it\/accesso-al-mercato-con-aemps\/\">Spanish Agency of Medicines and Medical Devices<\/a> (AEMPS)<\/li>\n<li><a href=\"https:\/\/jstindt.com\/it\/accesso-al-mercato-con-la-dgcf\/\">Direcci\u00f3n General de Cartera Com\u00fan de Servicios del Sistema Nacional de Salud y Farmacia<\/a> (DGCF)<\/li>\n<li><a href=\"https:\/\/jstindt.com\/it\/accesso-al-mercato-con-la-cipm\/\">Interministerial Commission on Medicine Prices<\/a> (CIPM)<\/li>\n<\/ul>\n<h4><strong><br \/><a href=\"https:\/\/jstindt.com\/it\/svizzero\/\">Svizzera<\/a><\/strong><\/h4>\n<ul>\n<li><a href=\"https:\/\/jstindt.com\/it\/accesso-al-mercato-con-lufsp\/\">Federal Office of Public Health<\/a> (FOPH)<\/li>\n<\/ul>\n\t\t\t\t\t\t\t\t<\/div>\n\t\t\t\t<\/div>\n\t\t\t\t\t<\/div>\n\t\t\t\t<\/div>\n\t\t\t\t<\/div>\n\t\t\t\t<\/div>\n\t\t\t\t\t\t<\/div>\n\t\t\t\t<\/div>\n\t\t\t\t<\/div>\n\t\t\t\t\t<\/details>\n\t\t\t\t\t<\/div>\n\t\t\t\t\t\t<\/div>\n\t\t\t\t<\/div>\n\t\t\t\t\t<\/div>\n\t\t\t\t<\/div>\n\t\t\t\t<\/div>\n\t\t","protected":false},"excerpt":{"rendered":"<p>Il National Institute for Health and Care Excellence (NICE) \u00e8 un ente pubblico esecutivo non ministeriale del Department of Health and Social Care del Regno Unito. Fondato nel 1999, NICE fornisce linee guida e raccomandazioni nazionali per migliorare l\u2019assistenza sanitaria e sociale. Esso valuta le nuove tecnologie sanitarie per il NHS, considerando sia l\u2019efficacia clinica [&hellip;]<\/p>\n","protected":false},"author":3,"featured_media":0,"parent":0,"menu_order":0,"comment_status":"closed","ping_status":"closed","template":"","meta":{"_acf_changed":false,"footnotes":""},"class_list":["post-19119","page","type-page","status-publish","hentry"],"acf":[],"_links":{"self":[{"href":"https:\/\/jstindt.com\/it\/wp-json\/wp\/v2\/pages\/19119","targetHints":{"allow":["GET"]}}],"collection":[{"href":"https:\/\/jstindt.com\/it\/wp-json\/wp\/v2\/pages"}],"about":[{"href":"https:\/\/jstindt.com\/it\/wp-json\/wp\/v2\/types\/page"}],"author":[{"embeddable":true,"href":"https:\/\/jstindt.com\/it\/wp-json\/wp\/v2\/users\/3"}],"replies":[{"embeddable":true,"href":"https:\/\/jstindt.com\/it\/wp-json\/wp\/v2\/comments?post=19119"}],"version-history":[{"count":8,"href":"https:\/\/jstindt.com\/it\/wp-json\/wp\/v2\/pages\/19119\/revisions"}],"predecessor-version":[{"id":19884,"href":"https:\/\/jstindt.com\/it\/wp-json\/wp\/v2\/pages\/19119\/revisions\/19884"}],"wp:attachment":[{"href":"https:\/\/jstindt.com\/it\/wp-json\/wp\/v2\/media?parent=19119"}],"curies":[{"name":"wp","href":"https:\/\/api.w.org\/{rel}","templated":true}]}}