{"id":19098,"date":"2025-02-13T14:54:35","date_gmt":"2025-02-13T13:54:35","guid":{"rendered":"https:\/\/jstindt.com\/?page_id=19098"},"modified":"2025-03-21T16:05:00","modified_gmt":"2025-03-21T15:05:00","slug":"accesso-al-mercato-con-lufsp","status":"publish","type":"page","link":"https:\/\/jstindt.com\/it\/accesso-al-mercato-con-lufsp\/","title":{"rendered":"Accesso al mercato con l&#8217;UFSP: La tua guida all&#8217;autorit\u00e0 sanitaria svizzera"},"content":{"rendered":"\t\t<div data-elementor-type=\"wp-page\" data-elementor-id=\"19098\" class=\"elementor elementor-19098 elementor-18645\" data-elementor-post-type=\"page\">\n\t\t\t\t<div class=\"elementor-element elementor-element-573ff25 e-flex e-con-boxed e-con e-parent\" data-id=\"573ff25\" data-element_type=\"container\" data-e-type=\"container\">\n\t\t\t\t\t<div class=\"e-con-inner\">\n\t\t\t\t<div class=\"elementor-element elementor-element-120751f elementor-widget elementor-widget-text-editor\" data-id=\"120751f\" data-element_type=\"widget\" data-e-type=\"widget\" data-widget_type=\"text-editor.default\">\n\t\t\t\t<div class=\"elementor-widget-container\">\n\t\t\t\t\t\t\t\t\t<p data-pm-slice=\"1 1 []\">L&#8217;Ufficio federale della sanit\u00e0 pubblica (<em>UFSP<\/em>) \u00e8 l&#8217;autorit\u00e0 nazionale della Svizzera responsabile della salute pubblica, dello sviluppo delle politiche sanitarie nazionali e della garanzia di un sistema sanitario efficiente e accessibile. Facente parte del Dipartimento federale dell&#8217;interno, l&#8217;UFSP collabora con le autorit\u00e0 cantonali per proteggere e promuovere la salute pubblica in tutta la Svizzera. (<a href=\"https:\/\/www.bag.admin.ch\/bag\/en\/home.html\">bag.admin.ch<\/a>)<\/p><h2>Funzioni principali dell&#8217;UFSP<\/h2><ul data-spread=\"false\"><li><p><strong>Sviluppo delle politiche sanitarie:<\/strong> Formulazione e attuazione di politiche sanitarie nazionali per mantenere e migliorare gli standard sanitari pubblici. (<a href=\"https:\/\/www.bag.admin.ch\/bag\/en\/home.html\">bag.admin.ch<\/a>)<\/p><\/li><li><p><strong>Prevenzione delle malattie e promozione della salute:<\/strong> Avvio di programmi volti a prevenire le malattie e promuovere stili di vita sani tra la popolazione svizzera.<\/p><\/li><li><p><strong>Supervisione dell&#8217;assicurazione sanitaria:<\/strong> Monitoraggio dei sistemi di assicurazione sanitaria, infortunistica e militare per garantirne l&#8217;efficacia e l&#8217;accessibilit\u00e0. (<a href=\"https:\/\/www.historyofsocialsecurity.ch\">historyofsocialsecurity.ch<\/a>)<\/p><\/li><li><p><strong>Collaborazione internazionale:<\/strong> Rappresentanza degli interessi sanitari svizzeri presso le organizzazioni internazionali e nelle relazioni bilaterali con altri paesi. (<a href=\"https:\/\/www.opendata.swiss\">opendata.swiss<\/a>)<\/p><\/li><\/ul><h2>Direzione e contatti chiave<\/h2><p>Da gennaio 2025, l&#8217;UFSP \u00e8 diretto da <strong>Anne L\u00e9vy<\/strong>, responsabile delle iniziative strategiche e delle operazioni dell&#8217;agenzia.<\/p><h3>Contatti dell&#8217;UFSP<\/h3><ul data-spread=\"false\"><li><p><strong>Sito web:<\/strong> <a href=\"https:\/\/www.bag.admin.ch\/bag\/en\/home.html\">bag.admin.ch<\/a><\/p><\/li><li><p><strong>Indirizzo postale:<\/strong><br \/>Ufficio federale della sanit\u00e0 pubblica (<em>UFSP<\/em>)<br \/>Schwarzenburgstrasse 157<br \/>3003 Berna, Svizzera<br \/><strong>Telefono:<\/strong> +41 58 463 00 00<\/p><\/li><\/ul><h2>Sfide nella collaborazione con l&#8217;UFSP<\/h2><ul data-spread=\"false\"><li><p><strong>Comprensione dei quadri normativi e dei processi di accesso al mercato:<\/strong> Conoscenza delle politiche sanitarie svizzere e delle normative essenziali per una collaborazione efficace. Tra i principali quadri normativi figurano i criteri di \u201cEfficacia, adeguatezza ed economicit\u00e0\u201d (Wirksamkeit, Zweckm\u00e4ssigkeit und Wirtschaftlichkeit \/ WZW-Kriterien), il confronto terapeutico trasversale (Therapeutischer Quervergleich, TQV) e il confronto dei prezzi esteri (Auslandpreisvergleich).<\/p><\/li><li><p><strong>Presentazioni precise e tempestive:<\/strong> Redazione di dossier completi e rispetto delle scadenze per facilitare le valutazioni di rimborso e le negoziazioni sui prezzi.<\/p><\/li><li><p><strong>Navigazione nelle strutture federali e cantonali:<\/strong> Collaborazione efficace all&#8217;interno del sistema federale svizzero, che include autorit\u00e0 nazionali e cantonali.<\/p><\/li><\/ul><p>Un&#8217;interazione efficace con l&#8217;UFSP pu\u00f2 portare alla realizzazione di iniziative e politiche sanitarie di successo in Svizzera.<\/p><h2>Opportunit\u00e0 \/ Soluzioni con Justin Stindt Consultants<\/h2><ul data-spread=\"false\"><li><p><strong>Consulenza esperta per la collaborazione con l&#8217;UFSP:<\/strong> Supporto nella gestione efficace delle iniziative dell&#8217;UFSP e nell&#8217;utilizzo ottimale delle sue risorse.<\/p><\/li><li><p><strong>Strategie di accesso al mercato UFSP:<\/strong> Sviluppo di strategie in linea con le politiche sanitarie svizzere per ottimizzare l&#8217;accesso al mercato.<\/p><\/li><li><p><strong>Esperienza nei processi UFSP:<\/strong> Fornitura di approfondimenti sui processi dell&#8217;UFSP per migliorare la conformit\u00e0 e accelerare le approvazioni.<\/p><\/li><\/ul><p>In Justin Stindt Consultants siamo specializzati nel supportare i clienti nella gestione del contesto normativo dell&#8217;UFSP per garantire un accesso efficace al mercato svizzero.<\/p>\t\t\t\t\t\t\t\t<\/div>\n\t\t\t\t<\/div>\n\t\t\t\t\t<\/div>\n\t\t\t\t<\/div>\n\t\t<div class=\"elementor-element elementor-element-b7ba0dc e-flex e-con-boxed e-con e-parent\" data-id=\"b7ba0dc\" data-element_type=\"container\" data-e-type=\"container\">\n\t\t\t\t\t<div class=\"e-con-inner\">\n\t\t\t\t<div class=\"elementor-element elementor-element-ac495cb elementor-widget-divider--view-line elementor-widget elementor-widget-divider\" data-id=\"ac495cb\" data-element_type=\"widget\" data-e-type=\"widget\" data-widget_type=\"divider.default\">\n\t\t\t\t<div class=\"elementor-widget-container\">\n\t\t\t\t\t\t\t<div class=\"elementor-divider\">\n\t\t\t<span class=\"elementor-divider-separator\">\n\t\t\t\t\t\t<\/span>\n\t\t<\/div>\n\t\t\t\t\t\t<\/div>\n\t\t\t\t<\/div>\n\t\t\t\t\t<\/div>\n\t\t\t\t<\/div>\n\t\t<div class=\"elementor-element elementor-element-b02bcf1 e-flex e-con-boxed e-con e-parent\" data-id=\"b02bcf1\" data-element_type=\"container\" data-e-type=\"container\">\n\t\t\t\t\t<div class=\"e-con-inner\">\n\t\t<div class=\"elementor-element elementor-element-43b72cf3 e-con-full bordered-block e-flex e-con e-child\" data-id=\"43b72cf3\" data-element_type=\"container\" data-e-type=\"container\">\n\t\t\t\t<div class=\"elementor-element elementor-element-38414136 elementor-widget elementor-widget-text-editor\" data-id=\"38414136\" data-element_type=\"widget\" data-e-type=\"widget\" data-widget_type=\"text-editor.default\">\n\t\t\t\t<div class=\"elementor-widget-container\">\n\t\t\t\t\t\t\t\t\t<h3>Caso di studio<\/h3><h2>Successo di un&#8217;azienda farmaceutica con l&#8217;UFSP<\/h2>\t\t\t\t\t\t\t\t<\/div>\n\t\t\t\t<\/div>\n\t\t\t\t<div class=\"elementor-element elementor-element-eb95c5f elementor-widget elementor-widget-text-editor\" data-id=\"eb95c5f\" data-element_type=\"widget\" data-e-type=\"widget\" data-widget_type=\"text-editor.default\">\n\t\t\t\t<div class=\"elementor-widget-container\">\n\t\t\t\t\t\t\t\t\t<p><strong>Sfida<\/strong>: <br \/>Un&#8217;organizzazione sanitaria ha richiesto il nostro supporto per ottenere il rimborso di un nuovo farmaco in Svizzera.<\/p><p><strong>Soluzione<\/strong>: <br \/>Abbiamo assistito il cliente nell&#8217;allineamento del dossier con le politiche sanitarie dell&#8217;UFSP e facilitato negoziazioni di prezzo efficaci.<\/p><p><strong>Risultato<\/strong>: <br \/>Il nostro approccio strategico ha portato all&#8217;inclusione con successo del prodotto nella lista delle specialit\u00e0.<\/p>\t\t\t\t\t\t\t\t<\/div>\n\t\t\t\t<\/div>\n\t\t\t\t<\/div>\n\t\t\t\t\t<\/div>\n\t\t\t\t<\/div>\n\t\t<div class=\"elementor-element elementor-element-2ee7443 e-con-full e-flex e-con e-parent\" data-id=\"2ee7443\" data-element_type=\"container\" data-e-type=\"container\" data-settings=\"{&quot;background_background&quot;:&quot;classic&quot;}\">\n\t\t\t\t<div class=\"elementor-element elementor-element-2ea65e5 elementor-cta--skin-classic elementor-animated-content elementor-bg-transform elementor-bg-transform-zoom-in elementor-widget elementor-widget-call-to-action\" data-id=\"2ea65e5\" data-element_type=\"widget\" data-e-type=\"widget\" data-widget_type=\"call-to-action.default\">\n\t\t\t\t<div class=\"elementor-widget-container\">\n\t\t\t\t\t\t\t<div class=\"elementor-cta\">\n\t\t\t\t\t\t\t<div class=\"elementor-cta__content\">\n\t\t\t\t\n\t\t\t\t\t\t\t\t\t<h2 class=\"elementor-cta__title elementor-cta__content-item elementor-content-item\">\n\t\t\t\t\t\tHai bisogno di supporto per l\u2019accesso al mercato con l'UFSP? L\u2019esperienza di Justin Stindt Consultants ti aiuter\u00e0 a raggiungere il successo.\t\t\t\t\t<\/h2>\n\t\t\t\t\n\t\t\t\t\t\t\t\t\t<div class=\"elementor-cta__description elementor-cta__content-item elementor-content-item\">\n\t\t\t\t\t\tContattaci oggi stesso per sviluppare la tua strategia di accesso al mercato e ottenere risultati concreti con l'UFSP.\t\t\t\t\t<\/div>\n\t\t\t\t\n\t\t\t\t\t\t\t\t\t<div class=\"elementor-cta__button-wrapper elementor-cta__content-item elementor-content-item \">\n\t\t\t\t\t<a class=\"elementor-cta__button elementor-button elementor-size-\" href=\"https:\/\/jstindt.com\/contact-us\/\">\n\t\t\t\t\t\tContatto Justin Stindt Consultants\t\t\t\t\t<\/a>\n\t\t\t\t\t<\/div>\n\t\t\t\t\t\t\t<\/div>\n\t\t\t\t\t\t<\/div>\n\t\t\t\t\t\t<\/div>\n\t\t\t\t<\/div>\n\t\t\t\t<\/div>\n\t\t<div class=\"elementor-element elementor-element-5530430 e-flex e-con-boxed e-con e-parent\" data-id=\"5530430\" data-element_type=\"container\" data-e-type=\"container\">\n\t\t\t\t\t<div class=\"e-con-inner\">\n\t\t\t\t<div class=\"elementor-element elementor-element-f82101b elementor-widget elementor-widget-n-accordion\" data-id=\"f82101b\" data-element_type=\"widget\" data-e-type=\"widget\" data-settings=\"{&quot;default_state&quot;:&quot;all_collapsed&quot;,&quot;max_items_expended&quot;:&quot;one&quot;,&quot;n_accordion_animation_duration&quot;:{&quot;unit&quot;:&quot;ms&quot;,&quot;size&quot;:400,&quot;sizes&quot;:[]}}\" data-widget_type=\"nested-accordion.default\">\n\t\t\t\t<div class=\"elementor-widget-container\">\n\t\t\t\t\t\t\t<div class=\"e-n-accordion\" aria-label=\"Accordion. Open links with Enter or Space, close with Escape, and navigate with Arrow Keys\">\n\t\t\t\t\t\t<details id=\"e-n-accordion-item-2600\" class=\"e-n-accordion-item\" >\n\t\t\t\t<summary class=\"e-n-accordion-item-title\" data-accordion-index=\"1\" tabindex=\"0\" aria-expanded=\"false\" aria-controls=\"e-n-accordion-item-2600\" >\n\t\t\t\t\t<span class='e-n-accordion-item-title-header'><div class=\"e-n-accordion-item-title-text\"> Altre istituzioni chiave per l'accesso al mercato <\/div><\/span>\n\t\t\t\t\t\t\t<span class='e-n-accordion-item-title-icon'>\n\t\t\t<span class='e-opened' ><i aria-hidden=\"true\" class=\"fas fa-minus\"><\/i><\/span>\n\t\t\t<span class='e-closed'><i aria-hidden=\"true\" class=\"fas fa-plus\"><\/i><\/span>\n\t\t<\/span>\n\n\t\t\t\t\t\t<\/summary>\n\t\t\t\t<div role=\"region\" aria-labelledby=\"e-n-accordion-item-2600\" class=\"elementor-element elementor-element-5f95d3e e-con-full e-flex e-con e-child\" data-id=\"5f95d3e\" data-element_type=\"container\" data-e-type=\"container\">\n\t\t\t\t<div class=\"elementor-element elementor-element-11e0496 elementor-widget elementor-widget-template\" data-id=\"11e0496\" data-element_type=\"widget\" data-e-type=\"widget\" data-widget_type=\"template.default\">\n\t\t\t\t<div class=\"elementor-widget-container\">\n\t\t\t\t\t\t\t<div class=\"elementor-template\">\n\t\t\t\t\t<div data-elementor-type=\"container\" data-elementor-id=\"19259\" class=\"elementor elementor-19259 elementor-18546 elementor-18546\" data-elementor-post-type=\"elementor_library\">\n\t\t\t\t<div role=\"region\" aria-labelledby=\"e-n-accordion-item-1480\" class=\"elementor-element elementor-element-4d5d7d7a e-flex e-con-boxed e-con e-parent\" data-id=\"4d5d7d7a\" data-element_type=\"container\" data-e-type=\"container\">\n\t\t\t\t\t<div class=\"e-con-inner\">\n\t\t\t\t<div class=\"elementor-element elementor-element-fa73d9e elementor-widget elementor-widget-text-editor\" data-id=\"fa73d9e\" data-element_type=\"widget\" data-e-type=\"widget\" data-widget_type=\"text-editor.default\">\n\t\t\t\t<div class=\"elementor-widget-container\">\n\t\t\t\t\t\t\t\t\t<h4><strong>Istituzioni mondiali<\/strong><\/h4>\n<ul>\n<li><a href=\"https:\/\/jstindt.com\/it\/accesso-al-mercato-con-oms\/\">World Health Organization<\/a> (WHO)<\/li>\n<li><a href=\"https:\/\/jstindt.com\/it\/accesso-al-mercato-con-ispor\/\">International Society for Pharmacoeconomics and Outcomes Research<\/a> (ISPOR)<\/li>\n<\/ul>\n<h4><strong><br \/><a href=\"https:\/\/jstindt.com\/it\/usa\/\">Stati Uniti<\/a><\/strong><\/h4>\n<ul>\n<li><a href=\"https:\/\/jstindt.com\/it\/accesso-al-mercato-con-cms\/\">Centers for Medicare &amp; Medicaid Services<\/a> (CMS)<\/li>\n<li><a href=\"https:\/\/jstindt.com\/it\/accesso-al-mercato-con-amcp\/\">Academy of Managed Care Pharmacy<\/a> (AMCP)<\/li>\n<li><a href=\"https:\/\/jstindt.com\/it\/accesso-al-mercato-con-icer\/\">Institute for Clinical and Economic Review<\/a> (ICER)<\/li>\n<\/ul>\n<h4><strong><br \/><a href=\"https:\/\/jstindt.com\/it\/francia\/\">Francia<\/a><\/strong><\/h4>\n<ul>\n<li><a href=\"https:\/\/jstindt.com\/it\/accesso-al-mercato-con-la-has\/\">Haute Autorit\u00e9 de Sant\u00e9<\/a> (HAS)<\/li>\n<li><a href=\"https:\/\/jstindt.com\/it\/accesso-al-mercato-con-il-ceps\/\">Comit\u00e9 \u00c9conomique des Produits de Sant\u00e9<\/a> (CEPS)<\/li>\n<\/ul>\n<h4><strong><br \/><a href=\"https:\/\/jstindt.com\/it\/germania\/\">Germania<\/a><\/strong><\/h4>\n<ul>\n<li><a href=\"https:\/\/jstindt.com\/it\/accesso-al-mercato-con-il-g-ba\/\">Gemeinsamer Bundesausschuss<\/a> (G-BA)<\/li>\n<li><a href=\"https:\/\/jstindt.com\/it\/accesso-al-mercato-con-liqwig\/\">Institute for Quality and Efficiency in Health Care<\/a> (IQWiG)<\/li>\n<li><a href=\"https:\/\/jstindt.com\/it\/accesso-al-mercato-con-il-gkv-spitzenverband\/\">GKV Spitzenverband<\/a><\/li>\n<\/ul>\n<h4><strong><br \/><a href=\"https:\/\/jstindt.com\/it\/uk\/\">Regno Unito<\/a><\/strong><\/h4>\n<ul>\n<li><a href=\"https:\/\/jstindt.com\/it\/accesso-al-mercato-con-nice\/\">National Institute for Health and Care Excellence<\/a> (NICE)<\/li>\n<li><a href=\"https:\/\/jstindt.com\/it\/accesso-al-mercato-con-smc\/\">Scottish Medicines Consortium<\/a> (SMC)<\/li>\n<li><a href=\"https:\/\/jstindt.com\/it\/accesso-al-mercato-con-awmsg\/\" rel=\"noopener\">All Wales Medicines Strategy Group<\/a> (AWMSG)<\/li>\n<li><a href=\"https:\/\/jstindt.com\/it\/accesso-al-mercato-con-nhs\/\">National Health Service<\/a> (NHS)<\/li>\n<\/ul>\n<h4><strong><br \/><a href=\"https:\/\/jstindt.com\/it\/italia\/\">Italia<\/a><\/strong><\/h4>\n<ul>\n<li><a href=\"https:\/\/jstindt.com\/it\/accesso-al-mercato-con-aifa\/\">Italian Medicines Agency<\/a> (AIFA)<\/li>\n<li><a href=\"https:\/\/jstindt.com\/it\/accesso-al-mercato-con-la-cse\/\">Scientific and Economic Commission<\/a> (CSE)<\/li>\n<\/ul>\n<h4><strong><br \/><a href=\"https:\/\/jstindt.com\/it\/spagna\/\">Spagna<\/a><\/strong><\/h4>\n<ul>\n<li><a href=\"https:\/\/jstindt.com\/it\/accesso-al-mercato-con-aemps\/\">Spanish Agency of Medicines and Medical Devices<\/a> (AEMPS)<\/li>\n<li><a href=\"https:\/\/jstindt.com\/it\/accesso-al-mercato-con-la-dgcf\/\">Direcci\u00f3n General de Cartera Com\u00fan de Servicios del Sistema Nacional de Salud y Farmacia<\/a> (DGCF)<\/li>\n<li><a href=\"https:\/\/jstindt.com\/it\/accesso-al-mercato-con-la-cipm\/\">Interministerial Commission on Medicine Prices<\/a> (CIPM)<\/li>\n<\/ul>\n<h4><strong><br \/><a href=\"https:\/\/jstindt.com\/it\/svizzero\/\">Svizzera<\/a><\/strong><\/h4>\n<ul>\n<li><a href=\"https:\/\/jstindt.com\/it\/accesso-al-mercato-con-lufsp\/\">Federal Office of Public Health<\/a> (FOPH)<\/li>\n<\/ul>\n\t\t\t\t\t\t\t\t<\/div>\n\t\t\t\t<\/div>\n\t\t\t\t\t<\/div>\n\t\t\t\t<\/div>\n\t\t\t\t<\/div>\n\t\t\t\t<\/div>\n\t\t\t\t\t\t<\/div>\n\t\t\t\t<\/div>\n\t\t\t\t<\/div>\n\t\t\t\t\t<\/details>\n\t\t\t\t\t<\/div>\n\t\t\t\t\t\t<\/div>\n\t\t\t\t<\/div>\n\t\t\t\t\t<\/div>\n\t\t\t\t<\/div>\n\t\t\t\t<\/div>\n\t\t","protected":false},"excerpt":{"rendered":"<p>L&#8217;Ufficio federale della sanit\u00e0 pubblica (UFSP) \u00e8 l&#8217;autorit\u00e0 nazionale della Svizzera responsabile della salute pubblica, dello sviluppo delle politiche sanitarie nazionali e della garanzia di un sistema sanitario efficiente e accessibile. Facente parte del Dipartimento federale dell&#8217;interno, l&#8217;UFSP collabora con le autorit\u00e0 cantonali per proteggere e promuovere la salute pubblica in tutta la Svizzera. (bag.admin.ch) [&hellip;]<\/p>\n","protected":false},"author":3,"featured_media":0,"parent":0,"menu_order":0,"comment_status":"closed","ping_status":"closed","template":"","meta":{"_acf_changed":false,"footnotes":""},"class_list":["post-19098","page","type-page","status-publish","hentry"],"acf":[],"_links":{"self":[{"href":"https:\/\/jstindt.com\/it\/wp-json\/wp\/v2\/pages\/19098","targetHints":{"allow":["GET"]}}],"collection":[{"href":"https:\/\/jstindt.com\/it\/wp-json\/wp\/v2\/pages"}],"about":[{"href":"https:\/\/jstindt.com\/it\/wp-json\/wp\/v2\/types\/page"}],"author":[{"embeddable":true,"href":"https:\/\/jstindt.com\/it\/wp-json\/wp\/v2\/users\/3"}],"replies":[{"embeddable":true,"href":"https:\/\/jstindt.com\/it\/wp-json\/wp\/v2\/comments?post=19098"}],"version-history":[{"count":8,"href":"https:\/\/jstindt.com\/it\/wp-json\/wp\/v2\/pages\/19098\/revisions"}],"predecessor-version":[{"id":19880,"href":"https:\/\/jstindt.com\/it\/wp-json\/wp\/v2\/pages\/19098\/revisions\/19880"}],"wp:attachment":[{"href":"https:\/\/jstindt.com\/it\/wp-json\/wp\/v2\/media?parent=19098"}],"curies":[{"name":"wp","href":"https:\/\/api.w.org\/{rel}","templated":true}]}}