{"id":19077,"date":"2025-02-13T14:52:24","date_gmt":"2025-02-13T13:52:24","guid":{"rendered":"https:\/\/jstindt.com\/?page_id=19077"},"modified":"2025-03-21T15:58:24","modified_gmt":"2025-03-21T14:58:24","slug":"accesso-al-mercato-con-aemps","status":"publish","type":"page","link":"https:\/\/jstindt.com\/it\/accesso-al-mercato-con-aemps\/","title":{"rendered":"Accesso al mercato con l\u2019AEMPS: La tua guida all\u2019autorit\u00e0 regolatoria farmaceutica in Spagna"},"content":{"rendered":"\t\t<div data-elementor-type=\"wp-page\" data-elementor-id=\"19077\" class=\"elementor elementor-19077 elementor-18640\" data-elementor-post-type=\"page\">\n\t\t\t\t<div class=\"elementor-element elementor-element-d2960ec e-flex e-con-boxed e-con e-parent\" data-id=\"d2960ec\" data-element_type=\"container\" data-e-type=\"container\">\n\t\t\t\t\t<div class=\"e-con-inner\">\n\t\t\t\t<div class=\"elementor-element elementor-element-ddbc09e elementor-widget elementor-widget-text-editor\" data-id=\"ddbc09e\" data-element_type=\"widget\" data-e-type=\"widget\" data-widget_type=\"text-editor.default\">\n\t\t\t\t<div class=\"elementor-widget-container\">\n\t\t\t\t\t\t\t\t\t<p data-pm-slice=\"1 1 []\">L\u2019Agenzia Spagnola dei Medicinali e dei Prodotti Sanitari (<em>AEMPS<\/em>) \u00e8 l\u2019autorit\u00e0 nazionale responsabile della qualit\u00e0, sicurezza ed efficacia dei medicinali e dei dispositivi medici in Spagna. Creata per proteggere e promuovere la salute pubblica, l\u2019AEMPS supervisiona la valutazione, l\u2019autorizzazione e il monitoraggio dei prodotti farmaceutici e dei dispositivi medici. Collaborare con l\u2019AEMPS \u00e8 essenziale per le aziende che desiderano accedere al mercato farmaceutico spagnolo. (<a href=\"https:\/\/www.aemps.gob.es\">aemps.gob.es<\/a>)<\/p><h2>Funzioni principali dell\u2019AEMPS<\/h2><ul data-spread=\"false\"><li><p><strong>Autorizzazione dei farmaci:<\/strong> Valutazione e concessione delle autorizzazioni all\u2019immissione in commercio per garantire il rispetto dei pi\u00f9 elevati standard di qualit\u00e0, sicurezza ed efficacia. (<a href=\"https:\/\/administracion.gob.es\">administracion.gob.es<\/a>)<\/p><\/li><li><p><strong>Farmacovigilanza:<\/strong> Monitoraggio della sicurezza dei farmaci dopo la commercializzazione per identificare e gestire rapidamente eventuali reazioni avverse.<\/p><\/li><li><p><strong>Regolamentazione delle sperimentazioni cliniche:<\/strong> Approvazione e supervisione delle sperimentazioni cliniche per garantire la conformit\u00e0 agli standard etici e scientifici. (<a href=\"https:\/\/www.aemps.gob.es\">aemps.gob.es<\/a>)<\/p><\/li><li><p><strong>Controllo dei dispositivi medici e dei cosmetici:<\/strong> Verifica che i dispositivi medici e i prodotti cosmetici soddisfino i requisiti di sicurezza e prestazione prima della loro commercializzazione.<\/p><\/li><\/ul><h2>Direzione e contatti chiave<\/h2><p>Da gennaio 2025, l\u2019AEMPS \u00e8 guidata dalla <strong>Dott.ssa Mar\u00eda Jes\u00fas Lamas<\/strong>, responsabile delle iniziative strategiche e operative dell\u2019agenzia.<\/p><h3>Contatti dell\u2019AEMPS<\/h3><ul data-spread=\"false\"><li><p><strong>Sito web:<\/strong> <a href=\"https:\/\/www.aemps.gob.es\/\">aemps.gob.es<\/a><\/p><\/li><li><p><strong>Indirizzo postale:<\/strong><br \/>Agencia Espa\u00f1ola de Medicamentos y Productos Sanitarios (<em>AEMPS<\/em>)<br \/>Calle Campezo, 1<br \/>28022 Madrid, Spagna<br \/><strong>Telefono:<\/strong> +34 91 822 52 01<\/p><\/li><\/ul><h2>Sfide nella collaborazione con l\u2019AEMPS<\/h2><ul data-spread=\"false\"><li><p><strong>Conoscenza delle procedure regolatorie:<\/strong> Conoscenza dei processi di autorizzazione e dei requisiti dell\u2019AEMPS, fondamentali per un accesso efficace al mercato.<\/p><\/li><li><p><strong>Documentazione accurata e presentazione tempestiva:<\/strong> Preparazione meticolosa e rispetto delle scadenze per facilitare i processi di valutazione.<\/p><\/li><li><p><strong>Conformit\u00e0 alle normative nazionali ed europee:<\/strong> Navigazione in un ambiente normativo complesso che comprende sia le direttive spagnole che quelle dell\u2019Unione Europea.<\/p><\/li><\/ul><p>Una collaborazione efficace con l\u2019AEMPS pu\u00f2 accelerare l\u2019accesso al mercato e garantire decisioni di rimborso favorevoli in Spagna.<\/p><h2>Opportunit\u00e0 \/ Soluzioni con Justin Stindt Consultants<\/h2><ul data-spread=\"false\"><li><p><strong>Consulenza esperta per le presentazioni AEMPS:<\/strong> Creazione di dossier di alta qualit\u00e0 per autorizzazioni all\u2019immissione in commercio e sperimentazioni cliniche.<\/p><\/li><li><p><strong>Strategie di accesso al mercato AEMPS:<\/strong> Sviluppo di strategie allineate al quadro normativo dell\u2019AEMPS per ottimizzare l\u2019accesso al mercato.<\/p><\/li><li><p><strong>Esperienza nei processi AEMPS:<\/strong> Conoscenza approfondita delle procedure dell\u2019AEMPS per migliorare la conformit\u00e0 e accelerare le approvazioni.<\/p><\/li><\/ul><p>Justin Stindt Consultants supporta le aziende nella navigazione dell\u2019ambiente regolatorio dell\u2019AEMPS per garantire un accesso efficace al mercato spagnolo.<\/p>\t\t\t\t\t\t\t\t<\/div>\n\t\t\t\t<\/div>\n\t\t\t\t\t<\/div>\n\t\t\t\t<\/div>\n\t\t<div class=\"elementor-element elementor-element-fdcd422 e-flex e-con-boxed e-con e-parent\" data-id=\"fdcd422\" data-element_type=\"container\" data-e-type=\"container\">\n\t\t\t\t\t<div class=\"e-con-inner\">\n\t\t\t\t<div class=\"elementor-element elementor-element-360b27f elementor-widget-divider--view-line elementor-widget elementor-widget-divider\" data-id=\"360b27f\" data-element_type=\"widget\" data-e-type=\"widget\" data-widget_type=\"divider.default\">\n\t\t\t\t<div class=\"elementor-widget-container\">\n\t\t\t\t\t\t\t<div class=\"elementor-divider\">\n\t\t\t<span class=\"elementor-divider-separator\">\n\t\t\t\t\t\t<\/span>\n\t\t<\/div>\n\t\t\t\t\t\t<\/div>\n\t\t\t\t<\/div>\n\t\t\t\t\t<\/div>\n\t\t\t\t<\/div>\n\t\t<div class=\"elementor-element elementor-element-69efb834 e-flex e-con-boxed e-con e-parent\" data-id=\"69efb834\" data-element_type=\"container\" data-e-type=\"container\">\n\t\t\t\t\t<div class=\"e-con-inner\">\n\t\t<div class=\"elementor-element elementor-element-2ccca66 e-con-full bordered-block e-flex e-con e-child\" data-id=\"2ccca66\" data-element_type=\"container\" data-e-type=\"container\">\n\t\t\t\t<div class=\"elementor-element elementor-element-1592e37d elementor-widget elementor-widget-text-editor\" data-id=\"1592e37d\" data-element_type=\"widget\" data-e-type=\"widget\" data-widget_type=\"text-editor.default\">\n\t\t\t\t<div class=\"elementor-widget-container\">\n\t\t\t\t\t\t\t\t\t<h3>Caso di studio<\/h3><h2>Successo di un&#8217;azienda farmaceutica con l&#8217;AEMPS<\/h2>\t\t\t\t\t\t\t\t<\/div>\n\t\t\t\t<\/div>\n\t\t\t\t<div class=\"elementor-element elementor-element-798a58a4 elementor-widget elementor-widget-text-editor\" data-id=\"798a58a4\" data-element_type=\"widget\" data-e-type=\"widget\" data-widget_type=\"text-editor.default\">\n\t\t\t\t<div class=\"elementor-widget-container\">\n\t\t\t\t\t\t\t\t\t<p><strong>Sfida<\/strong>: <br \/>Un\u2019azienda farmaceutica ha richiesto il nostro supporto per ottenere l\u2019autorizzazione all\u2019immissione in commercio e l\u2019approvazione del rimborso per una nuova terapia in Spagna.<\/p><p><strong>Soluzione<\/strong>: <br \/>Abbiamo guidato la preparazione della documentazione necessaria per l\u2019AEMPS e di un dossier di valore completo in linea con i criteri di valutazione.<\/p><p><strong>Risultato<\/strong>: <br \/><span style=\"font-weight: 400;\">Il nostro approccio strategico ha portato ad un esito positivo, consentendo l\u2019ottenimento del codice nazionale e l\u2019inclusione della terapia nell\u2019elenco nazionale dei rimborsi<\/span>.<\/p>\t\t\t\t\t\t\t\t<\/div>\n\t\t\t\t<\/div>\n\t\t\t\t<\/div>\n\t\t\t\t\t<\/div>\n\t\t\t\t<\/div>\n\t\t<div class=\"elementor-element elementor-element-c5af527 e-con-full e-flex e-con e-parent\" data-id=\"c5af527\" data-element_type=\"container\" data-e-type=\"container\" data-settings=\"{&quot;background_background&quot;:&quot;classic&quot;}\">\n\t\t\t\t<div class=\"elementor-element elementor-element-9615d7f elementor-cta--skin-classic elementor-animated-content elementor-bg-transform elementor-bg-transform-zoom-in elementor-widget elementor-widget-call-to-action\" data-id=\"9615d7f\" data-element_type=\"widget\" data-e-type=\"widget\" data-widget_type=\"call-to-action.default\">\n\t\t\t\t<div class=\"elementor-widget-container\">\n\t\t\t\t\t\t\t<div class=\"elementor-cta\">\n\t\t\t\t\t\t\t<div class=\"elementor-cta__content\">\n\t\t\t\t\n\t\t\t\t\t\t\t\t\t<h2 class=\"elementor-cta__title elementor-cta__content-item elementor-content-item\">\n\t\t\t\t\t\tHai bisogno di supporto per l\u2019accesso al mercato con l\u2019AEMPS? L\u2019esperienza di Justin Stindt Consultants ti aiuter\u00e0 a raggiungere il successo.\t\t\t\t\t<\/h2>\n\t\t\t\t\n\t\t\t\t\t\t\t\t\t<div class=\"elementor-cta__description elementor-cta__content-item elementor-content-item\">\n\t\t\t\t\t\tContattaci oggi stesso per sviluppare la tua strategia di accesso al mercato e ottenere risultati concreti con l\u2019AEMPS.\t\t\t\t\t<\/div>\n\t\t\t\t\n\t\t\t\t\t\t\t\t\t<div class=\"elementor-cta__button-wrapper elementor-cta__content-item elementor-content-item \">\n\t\t\t\t\t<a class=\"elementor-cta__button elementor-button elementor-size-\" href=\"https:\/\/jstindt.com\/contact-us\/\">\n\t\t\t\t\t\tContatto Justin Stindt Consultants\t\t\t\t\t<\/a>\n\t\t\t\t\t<\/div>\n\t\t\t\t\t\t\t<\/div>\n\t\t\t\t\t\t<\/div>\n\t\t\t\t\t\t<\/div>\n\t\t\t\t<\/div>\n\t\t\t\t<\/div>\n\t\t<div class=\"elementor-element elementor-element-c5ba8e7 e-flex e-con-boxed e-con e-parent\" data-id=\"c5ba8e7\" data-element_type=\"container\" data-e-type=\"container\">\n\t\t\t\t\t<div class=\"e-con-inner\">\n\t\t\t\t<div class=\"elementor-element elementor-element-fb289dd elementor-widget elementor-widget-n-accordion\" data-id=\"fb289dd\" data-element_type=\"widget\" data-e-type=\"widget\" data-settings=\"{&quot;default_state&quot;:&quot;all_collapsed&quot;,&quot;max_items_expended&quot;:&quot;one&quot;,&quot;n_accordion_animation_duration&quot;:{&quot;unit&quot;:&quot;ms&quot;,&quot;size&quot;:400,&quot;sizes&quot;:[]}}\" data-widget_type=\"nested-accordion.default\">\n\t\t\t\t<div class=\"elementor-widget-container\">\n\t\t\t\t\t\t\t<div class=\"e-n-accordion\" aria-label=\"Accordion. Open links with Enter or Space, close with Escape, and navigate with Arrow Keys\">\n\t\t\t\t\t\t<details id=\"e-n-accordion-item-2630\" class=\"e-n-accordion-item\" >\n\t\t\t\t<summary class=\"e-n-accordion-item-title\" data-accordion-index=\"1\" tabindex=\"0\" aria-expanded=\"false\" aria-controls=\"e-n-accordion-item-2630\" >\n\t\t\t\t\t<span class='e-n-accordion-item-title-header'><div class=\"e-n-accordion-item-title-text\"> Altre istituzioni chiave per l'accesso al mercato <\/div><\/span>\n\t\t\t\t\t\t\t<span class='e-n-accordion-item-title-icon'>\n\t\t\t<span class='e-opened' ><i aria-hidden=\"true\" class=\"fas fa-minus\"><\/i><\/span>\n\t\t\t<span class='e-closed'><i aria-hidden=\"true\" class=\"fas fa-plus\"><\/i><\/span>\n\t\t<\/span>\n\n\t\t\t\t\t\t<\/summary>\n\t\t\t\t<div role=\"region\" aria-labelledby=\"e-n-accordion-item-2630\" class=\"elementor-element elementor-element-40dd8cf e-con-full e-flex e-con e-child\" data-id=\"40dd8cf\" data-element_type=\"container\" data-e-type=\"container\">\n\t\t\t\t<div class=\"elementor-element elementor-element-abf38e2 elementor-widget elementor-widget-template\" data-id=\"abf38e2\" data-element_type=\"widget\" data-e-type=\"widget\" data-widget_type=\"template.default\">\n\t\t\t\t<div class=\"elementor-widget-container\">\n\t\t\t\t\t\t\t<div class=\"elementor-template\">\n\t\t\t\t\t<div data-elementor-type=\"container\" data-elementor-id=\"19259\" class=\"elementor elementor-19259 elementor-18546 elementor-18546\" data-elementor-post-type=\"elementor_library\">\n\t\t\t\t<div role=\"region\" aria-labelledby=\"e-n-accordion-item-1480\" class=\"elementor-element elementor-element-4d5d7d7a e-flex e-con-boxed e-con e-parent\" data-id=\"4d5d7d7a\" data-element_type=\"container\" data-e-type=\"container\">\n\t\t\t\t\t<div class=\"e-con-inner\">\n\t\t\t\t<div class=\"elementor-element elementor-element-fa73d9e elementor-widget elementor-widget-text-editor\" data-id=\"fa73d9e\" data-element_type=\"widget\" data-e-type=\"widget\" data-widget_type=\"text-editor.default\">\n\t\t\t\t<div class=\"elementor-widget-container\">\n\t\t\t\t\t\t\t\t\t<h4><strong>Istituzioni mondiali<\/strong><\/h4>\n<ul>\n<li><a href=\"https:\/\/jstindt.com\/it\/accesso-al-mercato-con-oms\/\">World Health Organization<\/a> (WHO)<\/li>\n<li><a href=\"https:\/\/jstindt.com\/it\/accesso-al-mercato-con-ispor\/\">International Society for Pharmacoeconomics and Outcomes Research<\/a> (ISPOR)<\/li>\n<\/ul>\n<h4><strong><br \/><a href=\"https:\/\/jstindt.com\/it\/usa\/\">Stati Uniti<\/a><\/strong><\/h4>\n<ul>\n<li><a href=\"https:\/\/jstindt.com\/it\/accesso-al-mercato-con-cms\/\">Centers for Medicare &amp; Medicaid Services<\/a> (CMS)<\/li>\n<li><a href=\"https:\/\/jstindt.com\/it\/accesso-al-mercato-con-amcp\/\">Academy of Managed Care Pharmacy<\/a> (AMCP)<\/li>\n<li><a href=\"https:\/\/jstindt.com\/it\/accesso-al-mercato-con-icer\/\">Institute for Clinical and Economic Review<\/a> (ICER)<\/li>\n<\/ul>\n<h4><strong><br \/><a href=\"https:\/\/jstindt.com\/it\/francia\/\">Francia<\/a><\/strong><\/h4>\n<ul>\n<li><a href=\"https:\/\/jstindt.com\/it\/accesso-al-mercato-con-la-has\/\">Haute Autorit\u00e9 de Sant\u00e9<\/a> (HAS)<\/li>\n<li><a href=\"https:\/\/jstindt.com\/it\/accesso-al-mercato-con-il-ceps\/\">Comit\u00e9 \u00c9conomique des Produits de Sant\u00e9<\/a> (CEPS)<\/li>\n<\/ul>\n<h4><strong><br \/><a href=\"https:\/\/jstindt.com\/it\/germania\/\">Germania<\/a><\/strong><\/h4>\n<ul>\n<li><a href=\"https:\/\/jstindt.com\/it\/accesso-al-mercato-con-il-g-ba\/\">Gemeinsamer Bundesausschuss<\/a> (G-BA)<\/li>\n<li><a href=\"https:\/\/jstindt.com\/it\/accesso-al-mercato-con-liqwig\/\">Institute for Quality and Efficiency in Health Care<\/a> (IQWiG)<\/li>\n<li><a href=\"https:\/\/jstindt.com\/it\/accesso-al-mercato-con-il-gkv-spitzenverband\/\">GKV Spitzenverband<\/a><\/li>\n<\/ul>\n<h4><strong><br \/><a href=\"https:\/\/jstindt.com\/it\/uk\/\">Regno Unito<\/a><\/strong><\/h4>\n<ul>\n<li><a href=\"https:\/\/jstindt.com\/it\/accesso-al-mercato-con-nice\/\">National Institute for Health and Care Excellence<\/a> (NICE)<\/li>\n<li><a href=\"https:\/\/jstindt.com\/it\/accesso-al-mercato-con-smc\/\">Scottish Medicines Consortium<\/a> (SMC)<\/li>\n<li><a href=\"https:\/\/jstindt.com\/it\/accesso-al-mercato-con-awmsg\/\" rel=\"noopener\">All Wales Medicines Strategy Group<\/a> (AWMSG)<\/li>\n<li><a href=\"https:\/\/jstindt.com\/it\/accesso-al-mercato-con-nhs\/\">National Health Service<\/a> (NHS)<\/li>\n<\/ul>\n<h4><strong><br \/><a href=\"https:\/\/jstindt.com\/it\/italia\/\">Italia<\/a><\/strong><\/h4>\n<ul>\n<li><a href=\"https:\/\/jstindt.com\/it\/accesso-al-mercato-con-aifa\/\">Italian Medicines Agency<\/a> (AIFA)<\/li>\n<li><a href=\"https:\/\/jstindt.com\/it\/accesso-al-mercato-con-la-cse\/\">Scientific and Economic Commission<\/a> (CSE)<\/li>\n<\/ul>\n<h4><strong><br \/><a href=\"https:\/\/jstindt.com\/it\/spagna\/\">Spagna<\/a><\/strong><\/h4>\n<ul>\n<li><a href=\"https:\/\/jstindt.com\/it\/accesso-al-mercato-con-aemps\/\">Spanish Agency of Medicines and Medical Devices<\/a> (AEMPS)<\/li>\n<li><a href=\"https:\/\/jstindt.com\/it\/accesso-al-mercato-con-la-dgcf\/\">Direcci\u00f3n General de Cartera Com\u00fan de Servicios del Sistema Nacional de Salud y Farmacia<\/a> (DGCF)<\/li>\n<li><a href=\"https:\/\/jstindt.com\/it\/accesso-al-mercato-con-la-cipm\/\">Interministerial Commission on Medicine Prices<\/a> (CIPM)<\/li>\n<\/ul>\n<h4><strong><br \/><a href=\"https:\/\/jstindt.com\/it\/svizzero\/\">Svizzera<\/a><\/strong><\/h4>\n<ul>\n<li><a href=\"https:\/\/jstindt.com\/it\/accesso-al-mercato-con-lufsp\/\">Federal Office of Public Health<\/a> (FOPH)<\/li>\n<\/ul>\n\t\t\t\t\t\t\t\t<\/div>\n\t\t\t\t<\/div>\n\t\t\t\t\t<\/div>\n\t\t\t\t<\/div>\n\t\t\t\t<\/div>\n\t\t\t\t<\/div>\n\t\t\t\t\t\t<\/div>\n\t\t\t\t<\/div>\n\t\t\t\t<\/div>\n\t\t\t\t\t<\/details>\n\t\t\t\t\t<\/div>\n\t\t\t\t\t\t<\/div>\n\t\t\t\t<\/div>\n\t\t\t\t\t<\/div>\n\t\t\t\t<\/div>\n\t\t\t\t<\/div>\n\t\t","protected":false},"excerpt":{"rendered":"<p>L\u2019Agenzia Spagnola dei Medicinali e dei Prodotti Sanitari (AEMPS) \u00e8 l\u2019autorit\u00e0 nazionale responsabile della qualit\u00e0, sicurezza ed efficacia dei medicinali e dei dispositivi medici in Spagna. Creata per proteggere e promuovere la salute pubblica, l\u2019AEMPS supervisiona la valutazione, l\u2019autorizzazione e il monitoraggio dei prodotti farmaceutici e dei dispositivi medici. Collaborare con l\u2019AEMPS \u00e8 essenziale per [&hellip;]<\/p>\n","protected":false},"author":3,"featured_media":0,"parent":0,"menu_order":0,"comment_status":"closed","ping_status":"closed","template":"","meta":{"_acf_changed":false,"footnotes":""},"class_list":["post-19077","page","type-page","status-publish","hentry"],"acf":[],"_links":{"self":[{"href":"https:\/\/jstindt.com\/it\/wp-json\/wp\/v2\/pages\/19077","targetHints":{"allow":["GET"]}}],"collection":[{"href":"https:\/\/jstindt.com\/it\/wp-json\/wp\/v2\/pages"}],"about":[{"href":"https:\/\/jstindt.com\/it\/wp-json\/wp\/v2\/types\/page"}],"author":[{"embeddable":true,"href":"https:\/\/jstindt.com\/it\/wp-json\/wp\/v2\/users\/3"}],"replies":[{"embeddable":true,"href":"https:\/\/jstindt.com\/it\/wp-json\/wp\/v2\/comments?post=19077"}],"version-history":[{"count":8,"href":"https:\/\/jstindt.com\/it\/wp-json\/wp\/v2\/pages\/19077\/revisions"}],"predecessor-version":[{"id":19868,"href":"https:\/\/jstindt.com\/it\/wp-json\/wp\/v2\/pages\/19077\/revisions\/19868"}],"wp:attachment":[{"href":"https:\/\/jstindt.com\/it\/wp-json\/wp\/v2\/media?parent=19077"}],"curies":[{"name":"wp","href":"https:\/\/api.w.org\/{rel}","templated":true}]}}