{"id":19017,"date":"2025-02-13T14:07:01","date_gmt":"2025-02-13T13:07:01","guid":{"rendered":"https:\/\/jstindt.com\/?page_id=19017"},"modified":"2025-03-21T15:46:52","modified_gmt":"2025-03-21T14:46:52","slug":"accesso-al-mercato-con-oms","status":"publish","type":"page","link":"https:\/\/jstindt.com\/it\/accesso-al-mercato-con-oms\/","title":{"rendered":"Accesso al mercato con l\u2019OMS: La tua guida per l\u2019impegno nella salute globale"},"content":{"rendered":"\t\t<div data-elementor-type=\"wp-page\" data-elementor-id=\"19017\" class=\"elementor elementor-19017 elementor-18624\" data-elementor-post-type=\"page\">\n\t\t\t\t<div class=\"elementor-element elementor-element-4b6e2c7 e-flex e-con-boxed e-con e-parent\" data-id=\"4b6e2c7\" data-element_type=\"container\" data-e-type=\"container\">\n\t\t\t\t\t<div class=\"e-con-inner\">\n\t\t\t\t<div class=\"elementor-element elementor-element-f30cc2b elementor-widget elementor-widget-text-editor\" data-id=\"f30cc2b\" data-element_type=\"widget\" data-e-type=\"widget\" data-widget_type=\"text-editor.default\">\n\t\t\t\t<div class=\"elementor-widget-container\">\n\t\t\t\t\t\t\t\t\t<p data-pm-slice=\"1 1 []\">L\u2019Organizzazione Mondiale della Sanit\u00e0 (<em>OMS<\/em>) \u00e8 un\u2019agenzia specializzata delle Nazioni Unite responsabile della salute pubblica globale. Fondata nel 1948, la missione dell\u2019OMS \u00e8 promuovere la salute, proteggere le popolazioni e supportare i pi\u00f9 vulnerabili. L\u2019OMS svolge un ruolo chiave nel coordinamento delle risposte sanitarie globali, nella definizione degli standard internazionali per la salute e nella fornitura di linee guida sanitarie. Collaborare con l\u2019OMS \u00e8 essenziale per gli stakeholder che desiderano garantire l\u2019accesso al mercato nel panorama globale della salute. (<a href=\"https:\/\/www.who.int\/\">who.int<\/a>)<\/p><h2>Funzioni principali dell\u2019OMS<\/h2><ul data-spread=\"false\"><li><p><strong>Definizione degli standard sanitari internazionali:<\/strong> Sviluppo di norme e standard per garantire la qualit\u00e0, la sicurezza e l\u2019efficacia dei prodotti sanitari e delle relative procedure in tutto il mondo.<\/p><\/li><li><p><strong>Fornitura di supporto tecnico:<\/strong> Assistenza e orientamento ai paesi per rafforzare i loro sistemi sanitari e implementare politiche sanitarie efficaci.<\/p><\/li><li><p><strong>Monitoraggio delle tendenze sanitarie globali:<\/strong> Analisi delle tendenze sanitarie a livello globale per orientare le decisioni politiche e l\u2019allocazione delle risorse.<\/p><\/li><\/ul><h2>Direzione e contatti chiave<\/h2><p>Da gennaio 2025, l\u2019OMS \u00e8 guidata dal <strong>Dott. Tedros Adhanom Ghebreyesus<\/strong>, che supervisiona le iniziative strategiche e le operazioni dell\u2019organizzazione.<\/p><h3>Contatti dell\u2019OMS<\/h3><ul data-spread=\"false\"><li><p><strong>Sito web:<\/strong> <a href=\"https:\/\/www.who.int\/\">who.int<\/a><\/p><\/li><li><p><strong>Indirizzo postale:<\/strong><br \/>Organizzazione Mondiale della Sanit\u00e0<br \/>Avenue Appia 20<br \/>1211 Ginevra 27, Svizzera<br \/><strong>Telefono:<\/strong> +41 22 791 21 11<\/p><\/li><\/ul><h2>Sfide nella collaborazione con l\u2019OMS<\/h2><ul data-spread=\"false\"><li><p><strong>Comprensione delle politiche sanitarie globali:<\/strong> Conoscere le linee guida e i quadri normativi dell\u2019OMS \u00e8 fondamentale per il successo nell\u2019accesso al mercato.<\/p><\/li><li><p><strong>Presentazioni precise e tempestive:<\/strong> Garantire che tutta la documentazione necessaria sia completa e inviata nei tempi previsti per facilitare i processi di valutazione.<\/p><\/li><li><p><strong>Collaborazione con le parti interessate:<\/strong> Lavorare efficacemente con gli stakeholder sanitari internazionali per allinearsi alle raccomandazioni e agli standard dell\u2019OMS.<\/p><\/li><\/ul><p>Una collaborazione efficace con l\u2019OMS pu\u00f2 portare a una maggiore credibilit\u00e0 e a un riconoscimento globale dei prodotti sanitari e delle relative procedure.<\/p><h2>Opportunit\u00e0 \/ Soluzioni con Justin Stindt Consultants<\/h2><ul data-spread=\"false\"><li><p><strong>Consulenza esperta per le presentazioni all\u2019OMS:<\/strong> Creazione di dossier di alta qualit\u00e0 per valutazioni e processi di prequalificazione.<\/p><\/li><li><p><strong>Strategie di accesso al mercato con l\u2019OMS:<\/strong> Metodi comprovati per ottimizzare l\u2019ingresso nel mercato globale e l\u2019accettazione dei prodotti.<\/p><\/li><li><p><strong>Esperienza nei processi OMS:<\/strong> Approfondita conoscenza delle procedure dell\u2019OMS per accelerare le approvazioni e le certificazioni.<\/p><\/li><li><p><strong>Supporto dai consulenti OMS:<\/strong> Assistenza esperta per aiutare le aziende a ottenere autorizzazioni e a stabilire partnership con l\u2019OMS.<\/p><\/li><\/ul><p>Justin Stindt Consultants \u00e8 specializzata nell\u2019aiutare i clienti a preparare presentazioni efficaci e a interagire con fiducia con le valutazioni dell\u2019OMS.<\/p>\t\t\t\t\t\t\t\t<\/div>\n\t\t\t\t<\/div>\n\t\t\t\t\t<\/div>\n\t\t\t\t<\/div>\n\t\t<div class=\"elementor-element elementor-element-bf88f25 e-flex e-con-boxed e-con e-parent\" data-id=\"bf88f25\" data-element_type=\"container\" data-e-type=\"container\">\n\t\t\t\t\t<div class=\"e-con-inner\">\n\t\t\t\t<div class=\"elementor-element elementor-element-d2cc341 elementor-widget-divider--view-line elementor-widget elementor-widget-divider\" data-id=\"d2cc341\" data-element_type=\"widget\" data-e-type=\"widget\" data-widget_type=\"divider.default\">\n\t\t\t\t<div class=\"elementor-widget-container\">\n\t\t\t\t\t\t\t<div class=\"elementor-divider\">\n\t\t\t<span class=\"elementor-divider-separator\">\n\t\t\t\t\t\t<\/span>\n\t\t<\/div>\n\t\t\t\t\t\t<\/div>\n\t\t\t\t<\/div>\n\t\t\t\t\t<\/div>\n\t\t\t\t<\/div>\n\t\t<div class=\"elementor-element elementor-element-5c8ca92b e-flex e-con-boxed e-con e-parent\" data-id=\"5c8ca92b\" data-element_type=\"container\" data-e-type=\"container\">\n\t\t\t\t\t<div class=\"e-con-inner\">\n\t\t<div class=\"elementor-element elementor-element-d528fff e-con-full bordered-block e-flex e-con e-child\" data-id=\"d528fff\" data-element_type=\"container\" data-e-type=\"container\">\n\t\t\t\t<div class=\"elementor-element elementor-element-459a14b3 elementor-widget elementor-widget-text-editor\" data-id=\"459a14b3\" data-element_type=\"widget\" data-e-type=\"widget\" data-widget_type=\"text-editor.default\">\n\t\t\t\t<div class=\"elementor-widget-container\">\n\t\t\t\t\t\t\t\t\t<h3>Caso di studio<\/h3><h2>Successo di un&#8217;azienda farmaceutica con il WHO<\/h2>\t\t\t\t\t\t\t\t<\/div>\n\t\t\t\t<\/div>\n\t\t\t\t<div class=\"elementor-element elementor-element-f4251bc elementor-widget elementor-widget-text-editor\" data-id=\"f4251bc\" data-element_type=\"widget\" data-e-type=\"widget\" data-widget_type=\"text-editor.default\">\n\t\t\t\t<div class=\"elementor-widget-container\">\n\t\t\t\t\t\t\t\t\t<p><strong>Sfida<\/strong>: <br \/>Un\u2019azienda farmaceutica ha richiesto il nostro supporto per sviluppare una strategia volta a ottenere la prequalificazione dell\u2019OMS per un nuovo vaccino.<\/p><p><strong>Soluzione<\/strong>: <br \/>Abbiamo guidato la preparazione della strategia e del piano di coinvolgimento verso la realizzazione di un dossier conforme ai criteri di valutazione dell\u2019OMS.<\/p><p><strong>Risultato<\/strong>: <br \/>Il nostro approccio strategico ha contribuito ad un esito positivo, consentendo l\u2019inclusione del vaccino nelle liste di approvvigionamento globale.<\/p>\t\t\t\t\t\t\t\t<\/div>\n\t\t\t\t<\/div>\n\t\t\t\t<\/div>\n\t\t\t\t\t<\/div>\n\t\t\t\t<\/div>\n\t\t<div class=\"elementor-element elementor-element-37dd97d e-con-full e-flex e-con e-parent\" data-id=\"37dd97d\" data-element_type=\"container\" data-e-type=\"container\" data-settings=\"{&quot;background_background&quot;:&quot;classic&quot;}\">\n\t\t\t\t<div class=\"elementor-element elementor-element-accc354 elementor-cta--skin-classic elementor-animated-content elementor-bg-transform elementor-bg-transform-zoom-in elementor-widget elementor-widget-call-to-action\" data-id=\"accc354\" data-element_type=\"widget\" data-e-type=\"widget\" data-widget_type=\"call-to-action.default\">\n\t\t\t\t<div class=\"elementor-widget-container\">\n\t\t\t\t\t\t\t<div class=\"elementor-cta\">\n\t\t\t\t\t\t\t<div class=\"elementor-cta__content\">\n\t\t\t\t\n\t\t\t\t\t\t\t\t\t<h2 class=\"elementor-cta__title elementor-cta__content-item elementor-content-item\">\n\t\t\t\t\t\tHai bisogno di supporto per l\u2019accesso al mercato con l\u2019OMS? L\u2019esperienza di Justin Stindt Consultants pu\u00f2 aiutarti a raggiungere il successo.\t\t\t\t\t<\/h2>\n\t\t\t\t\n\t\t\t\t\t\t\t\t\t<div class=\"elementor-cta__description elementor-cta__content-item elementor-content-item\">\n\t\t\t\t\t\tContattaci oggi stesso per sviluppare la tua strategia di accesso al mercato e garantire il successo con l\u2019OMS.\t\t\t\t\t<\/div>\n\t\t\t\t\n\t\t\t\t\t\t\t\t\t<div class=\"elementor-cta__button-wrapper elementor-cta__content-item elementor-content-item \">\n\t\t\t\t\t<a class=\"elementor-cta__button elementor-button elementor-size-\" href=\"https:\/\/jstindt.com\/contact-us\/\">\n\t\t\t\t\t\tContatto Justin Stindt Consultants\t\t\t\t\t<\/a>\n\t\t\t\t\t<\/div>\n\t\t\t\t\t\t\t<\/div>\n\t\t\t\t\t\t<\/div>\n\t\t\t\t\t\t<\/div>\n\t\t\t\t<\/div>\n\t\t\t\t<\/div>\n\t\t<div class=\"elementor-element elementor-element-606106d e-flex e-con-boxed e-con e-parent\" data-id=\"606106d\" data-element_type=\"container\" data-e-type=\"container\">\n\t\t\t\t\t<div class=\"e-con-inner\">\n\t\t\t\t<div class=\"elementor-element elementor-element-d907a68 elementor-widget elementor-widget-n-accordion\" data-id=\"d907a68\" data-element_type=\"widget\" data-e-type=\"widget\" data-settings=\"{&quot;default_state&quot;:&quot;all_collapsed&quot;,&quot;max_items_expended&quot;:&quot;one&quot;,&quot;n_accordion_animation_duration&quot;:{&quot;unit&quot;:&quot;ms&quot;,&quot;size&quot;:400,&quot;sizes&quot;:[]}}\" data-widget_type=\"nested-accordion.default\">\n\t\t\t\t<div class=\"elementor-widget-container\">\n\t\t\t\t\t\t\t<div class=\"e-n-accordion\" aria-label=\"Accordion. Open links with Enter or Space, close with Escape, and navigate with Arrow Keys\">\n\t\t\t\t\t\t<details id=\"e-n-accordion-item-2270\" class=\"e-n-accordion-item\" >\n\t\t\t\t<summary class=\"e-n-accordion-item-title\" data-accordion-index=\"1\" tabindex=\"0\" aria-expanded=\"false\" aria-controls=\"e-n-accordion-item-2270\" >\n\t\t\t\t\t<span class='e-n-accordion-item-title-header'><div class=\"e-n-accordion-item-title-text\"> Altre istituzioni chiave per l'accesso al mercato <\/div><\/span>\n\t\t\t\t\t\t\t<span class='e-n-accordion-item-title-icon'>\n\t\t\t<span class='e-opened' ><i aria-hidden=\"true\" class=\"fas fa-minus\"><\/i><\/span>\n\t\t\t<span class='e-closed'><i aria-hidden=\"true\" class=\"fas fa-plus\"><\/i><\/span>\n\t\t<\/span>\n\n\t\t\t\t\t\t<\/summary>\n\t\t\t\t<div role=\"region\" aria-labelledby=\"e-n-accordion-item-2270\" class=\"elementor-element elementor-element-7fa22f8 e-con-full e-flex e-con e-child\" data-id=\"7fa22f8\" data-element_type=\"container\" data-e-type=\"container\">\n\t\t\t\t<div class=\"elementor-element elementor-element-01dc034 elementor-widget elementor-widget-template\" data-id=\"01dc034\" data-element_type=\"widget\" data-e-type=\"widget\" data-widget_type=\"template.default\">\n\t\t\t\t<div class=\"elementor-widget-container\">\n\t\t\t\t\t\t\t<div class=\"elementor-template\">\n\t\t\t\t\t<div data-elementor-type=\"container\" data-elementor-id=\"19259\" class=\"elementor elementor-19259 elementor-18546 elementor-18546\" data-elementor-post-type=\"elementor_library\">\n\t\t\t\t<div role=\"region\" aria-labelledby=\"e-n-accordion-item-1480\" class=\"elementor-element elementor-element-4d5d7d7a e-flex e-con-boxed e-con e-parent\" data-id=\"4d5d7d7a\" data-element_type=\"container\" data-e-type=\"container\">\n\t\t\t\t\t<div class=\"e-con-inner\">\n\t\t\t\t<div class=\"elementor-element elementor-element-fa73d9e elementor-widget elementor-widget-text-editor\" data-id=\"fa73d9e\" data-element_type=\"widget\" data-e-type=\"widget\" data-widget_type=\"text-editor.default\">\n\t\t\t\t<div class=\"elementor-widget-container\">\n\t\t\t\t\t\t\t\t\t<h4><strong>Istituzioni mondiali<\/strong><\/h4>\n<ul>\n<li><a href=\"https:\/\/jstindt.com\/it\/accesso-al-mercato-con-oms\/\">World Health Organization<\/a> (WHO)<\/li>\n<li><a href=\"https:\/\/jstindt.com\/it\/accesso-al-mercato-con-ispor\/\">International Society for Pharmacoeconomics and Outcomes Research<\/a> (ISPOR)<\/li>\n<\/ul>\n<h4><strong><br \/><a href=\"https:\/\/jstindt.com\/it\/usa\/\">Stati Uniti<\/a><\/strong><\/h4>\n<ul>\n<li><a href=\"https:\/\/jstindt.com\/it\/accesso-al-mercato-con-cms\/\">Centers for Medicare &amp; Medicaid Services<\/a> (CMS)<\/li>\n<li><a href=\"https:\/\/jstindt.com\/it\/accesso-al-mercato-con-amcp\/\">Academy of Managed Care Pharmacy<\/a> (AMCP)<\/li>\n<li><a href=\"https:\/\/jstindt.com\/it\/accesso-al-mercato-con-icer\/\">Institute for Clinical and Economic Review<\/a> (ICER)<\/li>\n<\/ul>\n<h4><strong><br \/><a href=\"https:\/\/jstindt.com\/it\/francia\/\">Francia<\/a><\/strong><\/h4>\n<ul>\n<li><a href=\"https:\/\/jstindt.com\/it\/accesso-al-mercato-con-la-has\/\">Haute Autorit\u00e9 de Sant\u00e9<\/a> (HAS)<\/li>\n<li><a href=\"https:\/\/jstindt.com\/it\/accesso-al-mercato-con-il-ceps\/\">Comit\u00e9 \u00c9conomique des Produits de Sant\u00e9<\/a> (CEPS)<\/li>\n<\/ul>\n<h4><strong><br \/><a href=\"https:\/\/jstindt.com\/it\/germania\/\">Germania<\/a><\/strong><\/h4>\n<ul>\n<li><a href=\"https:\/\/jstindt.com\/it\/accesso-al-mercato-con-il-g-ba\/\">Gemeinsamer Bundesausschuss<\/a> (G-BA)<\/li>\n<li><a href=\"https:\/\/jstindt.com\/it\/accesso-al-mercato-con-liqwig\/\">Institute for Quality and Efficiency in Health Care<\/a> (IQWiG)<\/li>\n<li><a href=\"https:\/\/jstindt.com\/it\/accesso-al-mercato-con-il-gkv-spitzenverband\/\">GKV Spitzenverband<\/a><\/li>\n<\/ul>\n<h4><strong><br \/><a href=\"https:\/\/jstindt.com\/it\/uk\/\">Regno Unito<\/a><\/strong><\/h4>\n<ul>\n<li><a href=\"https:\/\/jstindt.com\/it\/accesso-al-mercato-con-nice\/\">National Institute for Health and Care Excellence<\/a> (NICE)<\/li>\n<li><a href=\"https:\/\/jstindt.com\/it\/accesso-al-mercato-con-smc\/\">Scottish Medicines Consortium<\/a> (SMC)<\/li>\n<li><a href=\"https:\/\/jstindt.com\/it\/accesso-al-mercato-con-awmsg\/\" rel=\"noopener\">All Wales Medicines Strategy Group<\/a> (AWMSG)<\/li>\n<li><a href=\"https:\/\/jstindt.com\/it\/accesso-al-mercato-con-nhs\/\">National Health Service<\/a> (NHS)<\/li>\n<\/ul>\n<h4><strong><br \/><a href=\"https:\/\/jstindt.com\/it\/italia\/\">Italia<\/a><\/strong><\/h4>\n<ul>\n<li><a href=\"https:\/\/jstindt.com\/it\/accesso-al-mercato-con-aifa\/\">Italian Medicines Agency<\/a> (AIFA)<\/li>\n<li><a href=\"https:\/\/jstindt.com\/it\/accesso-al-mercato-con-la-cse\/\">Scientific and Economic Commission<\/a> (CSE)<\/li>\n<\/ul>\n<h4><strong><br \/><a href=\"https:\/\/jstindt.com\/it\/spagna\/\">Spagna<\/a><\/strong><\/h4>\n<ul>\n<li><a href=\"https:\/\/jstindt.com\/it\/accesso-al-mercato-con-aemps\/\">Spanish Agency of Medicines and Medical Devices<\/a> (AEMPS)<\/li>\n<li><a href=\"https:\/\/jstindt.com\/it\/accesso-al-mercato-con-la-dgcf\/\">Direcci\u00f3n General de Cartera Com\u00fan de Servicios del Sistema Nacional de Salud y Farmacia<\/a> (DGCF)<\/li>\n<li><a href=\"https:\/\/jstindt.com\/it\/accesso-al-mercato-con-la-cipm\/\">Interministerial Commission on Medicine Prices<\/a> (CIPM)<\/li>\n<\/ul>\n<h4><strong><br \/><a href=\"https:\/\/jstindt.com\/it\/svizzero\/\">Svizzera<\/a><\/strong><\/h4>\n<ul>\n<li><a href=\"https:\/\/jstindt.com\/it\/accesso-al-mercato-con-lufsp\/\">Federal Office of Public Health<\/a> (FOPH)<\/li>\n<\/ul>\n\t\t\t\t\t\t\t\t<\/div>\n\t\t\t\t<\/div>\n\t\t\t\t\t<\/div>\n\t\t\t\t<\/div>\n\t\t\t\t<\/div>\n\t\t\t\t<\/div>\n\t\t\t\t\t\t<\/div>\n\t\t\t\t<\/div>\n\t\t\t\t<\/div>\n\t\t\t\t\t<\/details>\n\t\t\t\t\t<\/div>\n\t\t\t\t\t\t<\/div>\n\t\t\t\t<\/div>\n\t\t\t\t\t<\/div>\n\t\t\t\t<\/div>\n\t\t\t\t<\/div>\n\t\t","protected":false},"excerpt":{"rendered":"<p>L\u2019Organizzazione Mondiale della Sanit\u00e0 (OMS) \u00e8 un\u2019agenzia specializzata delle Nazioni Unite responsabile della salute pubblica globale. Fondata nel 1948, la missione dell\u2019OMS \u00e8 promuovere la salute, proteggere le popolazioni e supportare i pi\u00f9 vulnerabili. L\u2019OMS svolge un ruolo chiave nel coordinamento delle risposte sanitarie globali, nella definizione degli standard internazionali per la salute e nella [&hellip;]<\/p>\n","protected":false},"author":3,"featured_media":0,"parent":0,"menu_order":0,"comment_status":"closed","ping_status":"closed","template":"","meta":{"_acf_changed":false,"footnotes":""},"class_list":["post-19017","page","type-page","status-publish","hentry"],"acf":[],"_links":{"self":[{"href":"https:\/\/jstindt.com\/it\/wp-json\/wp\/v2\/pages\/19017","targetHints":{"allow":["GET"]}}],"collection":[{"href":"https:\/\/jstindt.com\/it\/wp-json\/wp\/v2\/pages"}],"about":[{"href":"https:\/\/jstindt.com\/it\/wp-json\/wp\/v2\/types\/page"}],"author":[{"embeddable":true,"href":"https:\/\/jstindt.com\/it\/wp-json\/wp\/v2\/users\/3"}],"replies":[{"embeddable":true,"href":"https:\/\/jstindt.com\/it\/wp-json\/wp\/v2\/comments?post=19017"}],"version-history":[{"count":8,"href":"https:\/\/jstindt.com\/it\/wp-json\/wp\/v2\/pages\/19017\/revisions"}],"predecessor-version":[{"id":19849,"href":"https:\/\/jstindt.com\/it\/wp-json\/wp\/v2\/pages\/19017\/revisions\/19849"}],"wp:attachment":[{"href":"https:\/\/jstindt.com\/it\/wp-json\/wp\/v2\/media?parent=19017"}],"curies":[{"name":"wp","href":"https:\/\/api.w.org\/{rel}","templated":true}]}}