{"id":18996,"date":"2025-02-13T14:04:24","date_gmt":"2025-02-13T13:04:24","guid":{"rendered":"https:\/\/jstindt.com\/?page_id=18996"},"modified":"2025-03-21T15:49:15","modified_gmt":"2025-03-21T14:49:15","slug":"accesso-al-mercato-con-ispor","status":"publish","type":"page","link":"https:\/\/jstindt.com\/it\/accesso-al-mercato-con-ispor\/","title":{"rendered":"Accesso al mercato con ISPOR: La tua guida all\u2019economia sanitaria e alla ricerca sugli esiti clinici"},"content":{"rendered":"\t\t<div data-elementor-type=\"wp-page\" data-elementor-id=\"18996\" class=\"elementor elementor-18996 elementor-18618\" data-elementor-post-type=\"page\">\n\t\t\t\t<div class=\"elementor-element elementor-element-0e4bf16 e-flex e-con-boxed e-con e-parent\" data-id=\"0e4bf16\" data-element_type=\"container\" data-e-type=\"container\">\n\t\t\t\t\t<div class=\"e-con-inner\">\n\t\t\t\t<div class=\"elementor-element elementor-element-0b53187 elementor-widget elementor-widget-text-editor\" data-id=\"0b53187\" data-element_type=\"widget\" data-e-type=\"widget\" data-widget_type=\"text-editor.default\">\n\t\t\t\t<div class=\"elementor-widget-container\">\n\t\t\t\t\t\t\t\t\t<p data-pm-slice=\"1 1 []\">L\u2019<em>International Society for Pharmacoeconomics and Outcomes Research<\/em> (ISPOR) \u00e8 una delle principali societ\u00e0 professionali globali dedicate all\u2019avanzamento dell\u2019economia sanitaria (<em>HEOR<\/em>) e della ricerca sugli esiti clinici, con l\u2019obiettivo di migliorare il processo decisionale in ambito sanitario a livello mondiale. Fondata nel 1995, ISPOR \u00e8 un catalizzatore per l\u2019innovazione in HEOR, fornendo una piattaforma per i professionisti per collaborare, condividere ricerche e promuovere le migliori pratiche. (<a href=\"https:\/\/www.ispor.org\/\">ispor.org<\/a>)<\/p><h2>Principali funzioni di ISPOR<\/h2><ul data-spread=\"false\"><li><p><strong>Promozione dell\u2019eccellenza in HEOR:<\/strong> Sviluppo e applicazione di metodologie HEOR per migliorare le decisioni sanitarie a livello globale. (<a href=\"https:\/\/www.ispor.org\/\">ispor.org<\/a>)<\/p><\/li><li><p><strong>Facilitazione della collaborazione globale:<\/strong> Creazione di forum per il confronto tra universit\u00e0, industria e istituzioni governative per promuovere iniziative HEOR.<\/p><\/li><li><p><strong>Diffusione della ricerca e delle migliori pratiche:<\/strong> Pubblicazione di riviste peer-reviewed come <em>Value in Health<\/em> e sviluppo di rapporti sulle migliori pratiche per stabilire standard HEOR. (<a href=\"https:\/\/www.ispor.org\/\">ispor.org<\/a>)<\/p><\/li><\/ul><h2>Direzione e contatti chiave<\/h2><p>Da gennaio 2025, ISPOR \u00e8 guidata dalla presidente <strong>Dr. Eberechukwu Onukwugha<\/strong>, che sovrintende alle iniziative strategiche e alle operazioni dell\u2019organizzazione.<\/p><h3>Contatti di ISPOR<\/h3><ul data-spread=\"false\"><li><p><strong>Sito web:<\/strong> <a href=\"https:\/\/www.ispor.org\/\">ispor.org<\/a><\/p><\/li><li><p><strong>Indirizzo:<\/strong><br \/>ISPOR<br \/>505 Lawrence Square Boulevard South<br \/>Lawrenceville, NJ 08648, USA<br \/><strong>Telefono:<\/strong> +1 609-586-4981<\/p><\/li><\/ul><h2>Sfide nell\u2019interazione con ISPOR<\/h2><ul data-spread=\"false\"><li><p><strong>Comprensione delle metodologie HEOR:<\/strong> Conoscenza delle ultime ricerche e metodologie HEOR essenziale per una partecipazione efficace.<\/p><\/li><li><p><strong>Partecipazione attiva a conferenze ed eventi:<\/strong> Coinvolgimento nelle conferenze e nei programmi educativi di ISPOR per ampliare la rete professionale e restare aggiornati sulle tendenze di settore.<\/p><\/li><li><p><strong>Contributo a pubblicazioni e rapporti:<\/strong> Miglioramento del riconoscimento professionale e dell\u2019impatto nel settore tramite la pubblicazione di ricerche su riviste ISPOR e la contribuzione ai rapporti sulle migliori pratiche.<\/p><\/li><\/ul><p>Una collaborazione efficace con ISPOR pu\u00f2 generare partnership strategiche e progressi significativi nella ricerca HEOR.<\/p><h2>Opportunit\u00e0 \/ Soluzioni con Justin Stindt Consultants<\/h2><ul data-spread=\"false\"><li><p><strong>Consulenza esperta per ISPOR:<\/strong> Guida nell\u2019ottimizzazione della partecipazione alle iniziative ISPOR e massimizzazione delle risorse disponibili.<\/p><\/li><li><p><strong>Strategie di accesso al mercato ISPOR:<\/strong> Sviluppo di strategie allineate agli standard HEOR di ISPOR per ottimizzare l\u2019accesso al mercato.<\/p><\/li><li><p><strong>Esperienza nei processi ISPOR:<\/strong> Analisi approfondita dei processi ISPOR per massimizzare la partecipazione e il contributo. Questo include pubblicazioni ISPOR, poster scientifici e articoli su riviste ISPOR.<\/p><\/li><li><p><strong>Supporto dei consulenti ISPOR:<\/strong> Consulenza esperta per ottimizzare la collaborazione con ISPOR e sfruttarne al massimo il potenziale per il successo nell\u2019accesso al mercato.<\/p><\/li><\/ul><p>Justin Stindt Consultants supporta i clienti nell\u2019ottimizzazione della partecipazione alle iniziative ISPOR per massimizzare l\u2019impatto nella comunit\u00e0 HEOR.<\/p>\t\t\t\t\t\t\t\t<\/div>\n\t\t\t\t<\/div>\n\t\t\t\t\t<\/div>\n\t\t\t\t<\/div>\n\t\t<div class=\"elementor-element elementor-element-a845fd3 e-flex e-con-boxed e-con e-parent\" data-id=\"a845fd3\" data-element_type=\"container\" data-e-type=\"container\">\n\t\t\t\t\t<div class=\"e-con-inner\">\n\t\t\t\t<div class=\"elementor-element elementor-element-caccfeb elementor-widget-divider--view-line elementor-widget elementor-widget-divider\" data-id=\"caccfeb\" data-element_type=\"widget\" data-e-type=\"widget\" data-widget_type=\"divider.default\">\n\t\t\t\t<div class=\"elementor-widget-container\">\n\t\t\t\t\t\t\t<div class=\"elementor-divider\">\n\t\t\t<span class=\"elementor-divider-separator\">\n\t\t\t\t\t\t<\/span>\n\t\t<\/div>\n\t\t\t\t\t\t<\/div>\n\t\t\t\t<\/div>\n\t\t\t\t\t<\/div>\n\t\t\t\t<\/div>\n\t\t<div class=\"elementor-element elementor-element-9ea8a8e e-flex e-con-boxed e-con e-parent\" data-id=\"9ea8a8e\" data-element_type=\"container\" data-e-type=\"container\">\n\t\t\t\t\t<div class=\"e-con-inner\">\n\t\t<div class=\"elementor-element elementor-element-7848d4bc e-con-full bordered-block e-flex e-con e-child\" data-id=\"7848d4bc\" data-element_type=\"container\" data-e-type=\"container\">\n\t\t\t\t<div class=\"elementor-element elementor-element-5e0288e2 elementor-widget elementor-widget-text-editor\" data-id=\"5e0288e2\" data-element_type=\"widget\" data-e-type=\"widget\" data-widget_type=\"text-editor.default\">\n\t\t\t\t<div class=\"elementor-widget-container\">\n\t\t\t\t\t\t\t\t\t<h3>Caso di studio<\/h3><h2>Successo di un&#8217;azienda farmaceutica con il ISPOR<\/h2>\t\t\t\t\t\t\t\t<\/div>\n\t\t\t\t<\/div>\n\t\t\t\t<div class=\"elementor-element elementor-element-2c53afaf elementor-widget elementor-widget-text-editor\" data-id=\"2c53afaf\" data-element_type=\"widget\" data-e-type=\"widget\" data-widget_type=\"text-editor.default\">\n\t\t\t\t<div class=\"elementor-widget-container\">\n\t\t\t\t\t\t\t\t\t<p><strong>Sfida<\/strong>:<br \/>Un\u2019organizzazione sanitaria ha richiesto il nostro supporto per migliorare la propria presenza nella comunit\u00e0 HEOR.<\/p><p><strong>Soluzione<\/strong>:<br \/>Abbiamo assistito lo sviluppo della ricerca in conformit\u00e0 agli standard ISPOR e facilitato la loro partecipazione alle conferenze ISPOR.<\/p><p><strong>Risultato<\/strong>: <br \/>\u00a0La nostra strategia ha portato a un maggiore riconoscimento e a nuove opportunit\u00e0 di collaborazione nel settore HEOR.<\/p>\t\t\t\t\t\t\t\t<\/div>\n\t\t\t\t<\/div>\n\t\t\t\t<\/div>\n\t\t\t\t\t<\/div>\n\t\t\t\t<\/div>\n\t\t<div class=\"elementor-element elementor-element-b74e73a e-con-full e-flex e-con e-parent\" data-id=\"b74e73a\" data-element_type=\"container\" data-e-type=\"container\" data-settings=\"{&quot;background_background&quot;:&quot;classic&quot;}\">\n\t\t\t\t<div class=\"elementor-element elementor-element-01f5849 elementor-cta--skin-classic elementor-animated-content elementor-bg-transform elementor-bg-transform-zoom-in elementor-widget elementor-widget-call-to-action\" data-id=\"01f5849\" data-element_type=\"widget\" data-e-type=\"widget\" data-widget_type=\"call-to-action.default\">\n\t\t\t\t<div class=\"elementor-widget-container\">\n\t\t\t\t\t\t\t<div class=\"elementor-cta\">\n\t\t\t\t\t\t\t<div class=\"elementor-cta__content\">\n\t\t\t\t\n\t\t\t\t\t\t\t\t\t<h2 class=\"elementor-cta__title elementor-cta__content-item elementor-content-item\">\n\t\t\t\t\t\tHai bisogno di supporto per ottimizzare la tua collaborazione con ISPOR? L\u2019esperienza di Justin Stindt Consultants in ISPOR pu\u00f2 aiutarti a raggiungere il successo.\t\t\t\t\t<\/h2>\n\t\t\t\t\n\t\t\t\t\t\t\t\t\t<div class=\"elementor-cta__description elementor-cta__content-item elementor-content-item\">\n\t\t\t\t\t\tContattaci oggi stesso per sviluppare la tua strategia e garantire il tuo successo con ISPOR.\t\t\t\t\t<\/div>\n\t\t\t\t\n\t\t\t\t\t\t\t\t\t<div class=\"elementor-cta__button-wrapper elementor-cta__content-item elementor-content-item \">\n\t\t\t\t\t<a class=\"elementor-cta__button elementor-button elementor-size-\" href=\"https:\/\/jstindt.com\/contact-us\/\">\n\t\t\t\t\t\tContatto Justin Stindt Consultants\t\t\t\t\t<\/a>\n\t\t\t\t\t<\/div>\n\t\t\t\t\t\t\t<\/div>\n\t\t\t\t\t\t<\/div>\n\t\t\t\t\t\t<\/div>\n\t\t\t\t<\/div>\n\t\t\t\t<\/div>\n\t\t<div class=\"elementor-element elementor-element-2a88da9 e-flex e-con-boxed e-con e-parent\" data-id=\"2a88da9\" data-element_type=\"container\" data-e-type=\"container\">\n\t\t\t\t\t<div class=\"e-con-inner\">\n\t\t\t\t<div class=\"elementor-element elementor-element-78fd6e6 elementor-widget elementor-widget-n-accordion\" data-id=\"78fd6e6\" data-element_type=\"widget\" data-e-type=\"widget\" data-settings=\"{&quot;default_state&quot;:&quot;all_collapsed&quot;,&quot;max_items_expended&quot;:&quot;one&quot;,&quot;n_accordion_animation_duration&quot;:{&quot;unit&quot;:&quot;ms&quot;,&quot;size&quot;:400,&quot;sizes&quot;:[]}}\" data-widget_type=\"nested-accordion.default\">\n\t\t\t\t<div class=\"elementor-widget-container\">\n\t\t\t\t\t\t\t<div class=\"e-n-accordion\" aria-label=\"Accordion. Open links with Enter or Space, close with Escape, and navigate with Arrow Keys\">\n\t\t\t\t\t\t<details id=\"e-n-accordion-item-1260\" class=\"e-n-accordion-item\" >\n\t\t\t\t<summary class=\"e-n-accordion-item-title\" data-accordion-index=\"1\" tabindex=\"0\" aria-expanded=\"false\" aria-controls=\"e-n-accordion-item-1260\" >\n\t\t\t\t\t<span class='e-n-accordion-item-title-header'><div class=\"e-n-accordion-item-title-text\"> Altre istituzioni chiave per l'accesso al mercato <\/div><\/span>\n\t\t\t\t\t\t\t<span class='e-n-accordion-item-title-icon'>\n\t\t\t<span class='e-opened' ><i aria-hidden=\"true\" class=\"fas fa-minus\"><\/i><\/span>\n\t\t\t<span class='e-closed'><i aria-hidden=\"true\" class=\"fas fa-plus\"><\/i><\/span>\n\t\t<\/span>\n\n\t\t\t\t\t\t<\/summary>\n\t\t\t\t<div role=\"region\" aria-labelledby=\"e-n-accordion-item-1260\" class=\"elementor-element elementor-element-d15c250 e-con-full e-flex e-con e-child\" data-id=\"d15c250\" data-element_type=\"container\" data-e-type=\"container\">\n\t\t\t\t<div class=\"elementor-element elementor-element-27ef151 elementor-widget elementor-widget-template\" data-id=\"27ef151\" data-element_type=\"widget\" data-e-type=\"widget\" data-widget_type=\"template.default\">\n\t\t\t\t<div class=\"elementor-widget-container\">\n\t\t\t\t\t\t\t<div class=\"elementor-template\">\n\t\t\t\t\t<div data-elementor-type=\"container\" data-elementor-id=\"19259\" class=\"elementor elementor-19259 elementor-18546 elementor-18546\" data-elementor-post-type=\"elementor_library\">\n\t\t\t\t<div role=\"region\" aria-labelledby=\"e-n-accordion-item-2630\" class=\"elementor-element elementor-element-4d5d7d7a e-flex e-con-boxed e-con e-parent\" data-id=\"4d5d7d7a\" data-element_type=\"container\" data-e-type=\"container\">\n\t\t\t\t\t<div class=\"e-con-inner\">\n\t\t\t\t<div class=\"elementor-element elementor-element-fa73d9e elementor-widget elementor-widget-text-editor\" data-id=\"fa73d9e\" data-element_type=\"widget\" data-e-type=\"widget\" data-widget_type=\"text-editor.default\">\n\t\t\t\t<div class=\"elementor-widget-container\">\n\t\t\t\t\t\t\t\t\t<h4><strong>Istituzioni mondiali<\/strong><\/h4>\n<ul>\n<li><a href=\"https:\/\/jstindt.com\/it\/accesso-al-mercato-con-oms\/\">World Health Organization<\/a> (WHO)<\/li>\n<li><a href=\"https:\/\/jstindt.com\/it\/accesso-al-mercato-con-ispor\/\">International Society for Pharmacoeconomics and Outcomes Research<\/a> (ISPOR)<\/li>\n<\/ul>\n<h4><strong><br \/><a href=\"https:\/\/jstindt.com\/it\/usa\/\">Stati Uniti<\/a><\/strong><\/h4>\n<ul>\n<li><a href=\"https:\/\/jstindt.com\/it\/accesso-al-mercato-con-cms\/\">Centers for Medicare &amp; Medicaid Services<\/a> (CMS)<\/li>\n<li><a href=\"https:\/\/jstindt.com\/it\/accesso-al-mercato-con-amcp\/\">Academy of Managed Care Pharmacy<\/a> (AMCP)<\/li>\n<li><a href=\"https:\/\/jstindt.com\/it\/accesso-al-mercato-con-icer\/\">Institute for Clinical and Economic Review<\/a> (ICER)<\/li>\n<\/ul>\n<h4><strong><br \/><a href=\"https:\/\/jstindt.com\/it\/francia\/\">Francia<\/a><\/strong><\/h4>\n<ul>\n<li><a href=\"https:\/\/jstindt.com\/it\/accesso-al-mercato-con-la-has\/\">Haute Autorit\u00e9 de Sant\u00e9<\/a> (HAS)<\/li>\n<li><a href=\"https:\/\/jstindt.com\/it\/accesso-al-mercato-con-il-ceps\/\">Comit\u00e9 \u00c9conomique des Produits de Sant\u00e9<\/a> (CEPS)<\/li>\n<\/ul>\n<h4><strong><br \/><a href=\"https:\/\/jstindt.com\/it\/germania\/\">Germania<\/a><\/strong><\/h4>\n<ul>\n<li><a href=\"https:\/\/jstindt.com\/it\/accesso-al-mercato-con-il-g-ba\/\">Gemeinsamer Bundesausschuss<\/a> (G-BA)<\/li>\n<li><a href=\"https:\/\/jstindt.com\/it\/accesso-al-mercato-con-liqwig\/\">Institute for Quality and Efficiency in Health Care<\/a> (IQWiG)<\/li>\n<li><a href=\"https:\/\/jstindt.com\/it\/accesso-al-mercato-con-il-gkv-spitzenverband\/\">GKV Spitzenverband<\/a><\/li>\n<\/ul>\n<h4><strong><br \/><a href=\"https:\/\/jstindt.com\/it\/uk\/\">Regno Unito<\/a><\/strong><\/h4>\n<ul>\n<li><a href=\"https:\/\/jstindt.com\/it\/accesso-al-mercato-con-nice\/\">National Institute for Health and Care Excellence<\/a> (NICE)<\/li>\n<li><a href=\"https:\/\/jstindt.com\/it\/accesso-al-mercato-con-smc\/\">Scottish Medicines Consortium<\/a> (SMC)<\/li>\n<li><a href=\"https:\/\/jstindt.com\/it\/accesso-al-mercato-con-awmsg\/\" rel=\"noopener\">All Wales Medicines Strategy Group<\/a> (AWMSG)<\/li>\n<li><a href=\"https:\/\/jstindt.com\/it\/accesso-al-mercato-con-nhs\/\">National Health Service<\/a> (NHS)<\/li>\n<\/ul>\n<h4><strong><br \/><a href=\"https:\/\/jstindt.com\/it\/italia\/\">Italia<\/a><\/strong><\/h4>\n<ul>\n<li><a href=\"https:\/\/jstindt.com\/it\/accesso-al-mercato-con-aifa\/\">Italian Medicines Agency<\/a> (AIFA)<\/li>\n<li><a href=\"https:\/\/jstindt.com\/it\/accesso-al-mercato-con-la-cse\/\">Scientific and Economic Commission<\/a> (CSE)<\/li>\n<\/ul>\n<h4><strong><br \/><a href=\"https:\/\/jstindt.com\/it\/spagna\/\">Spagna<\/a><\/strong><\/h4>\n<ul>\n<li><a href=\"https:\/\/jstindt.com\/it\/accesso-al-mercato-con-aemps\/\">Spanish Agency of Medicines and Medical Devices<\/a> (AEMPS)<\/li>\n<li><a href=\"https:\/\/jstindt.com\/it\/accesso-al-mercato-con-la-dgcf\/\">Direcci\u00f3n General de Cartera Com\u00fan de Servicios del Sistema Nacional de Salud y Farmacia<\/a> (DGCF)<\/li>\n<li><a href=\"https:\/\/jstindt.com\/it\/accesso-al-mercato-con-la-cipm\/\">Interministerial Commission on Medicine Prices<\/a> (CIPM)<\/li>\n<\/ul>\n<h4><strong><br \/><a href=\"https:\/\/jstindt.com\/it\/svizzero\/\">Svizzera<\/a><\/strong><\/h4>\n<ul>\n<li><a href=\"https:\/\/jstindt.com\/it\/accesso-al-mercato-con-lufsp\/\">Federal Office of Public Health<\/a> (FOPH)<\/li>\n<\/ul>\n\t\t\t\t\t\t\t\t<\/div>\n\t\t\t\t<\/div>\n\t\t\t\t\t<\/div>\n\t\t\t\t<\/div>\n\t\t\t\t<\/div>\n\t\t\t\t<\/div>\n\t\t\t\t\t\t<\/div>\n\t\t\t\t<\/div>\n\t\t\t\t<\/div>\n\t\t\t\t\t<\/details>\n\t\t\t\t\t<\/div>\n\t\t\t\t\t\t<\/div>\n\t\t\t\t<\/div>\n\t\t\t\t\t<\/div>\n\t\t\t\t<\/div>\n\t\t\t\t<\/div>\n\t\t","protected":false},"excerpt":{"rendered":"<p>L\u2019International Society for Pharmacoeconomics and Outcomes Research (ISPOR) \u00e8 una delle principali societ\u00e0 professionali globali dedicate all\u2019avanzamento dell\u2019economia sanitaria (HEOR) e della ricerca sugli esiti clinici, con l\u2019obiettivo di migliorare il processo decisionale in ambito sanitario a livello mondiale. Fondata nel 1995, ISPOR \u00e8 un catalizzatore per l\u2019innovazione in HEOR, fornendo una piattaforma per i [&hellip;]<\/p>\n","protected":false},"author":3,"featured_media":0,"parent":0,"menu_order":0,"comment_status":"closed","ping_status":"closed","template":"","meta":{"_acf_changed":false,"footnotes":""},"class_list":["post-18996","page","type-page","status-publish","hentry"],"acf":[],"_links":{"self":[{"href":"https:\/\/jstindt.com\/it\/wp-json\/wp\/v2\/pages\/18996","targetHints":{"allow":["GET"]}}],"collection":[{"href":"https:\/\/jstindt.com\/it\/wp-json\/wp\/v2\/pages"}],"about":[{"href":"https:\/\/jstindt.com\/it\/wp-json\/wp\/v2\/types\/page"}],"author":[{"embeddable":true,"href":"https:\/\/jstindt.com\/it\/wp-json\/wp\/v2\/users\/3"}],"replies":[{"embeddable":true,"href":"https:\/\/jstindt.com\/it\/wp-json\/wp\/v2\/comments?post=18996"}],"version-history":[{"count":8,"href":"https:\/\/jstindt.com\/it\/wp-json\/wp\/v2\/pages\/18996\/revisions"}],"predecessor-version":[{"id":19853,"href":"https:\/\/jstindt.com\/it\/wp-json\/wp\/v2\/pages\/18996\/revisions\/19853"}],"wp:attachment":[{"href":"https:\/\/jstindt.com\/it\/wp-json\/wp\/v2\/media?parent=18996"}],"curies":[{"name":"wp","href":"https:\/\/api.w.org\/{rel}","templated":true}]}}