{"id":18969,"date":"2025-02-13T14:00:07","date_gmt":"2025-02-13T13:00:07","guid":{"rendered":"https:\/\/jstindt.com\/?page_id=18969"},"modified":"2025-03-21T15:41:20","modified_gmt":"2025-03-21T14:41:20","slug":"accesso-al-mercato-con-liqwig","status":"publish","type":"page","link":"https:\/\/jstindt.com\/it\/accesso-al-mercato-con-liqwig\/","title":{"rendered":"Accesso al mercato con l\u2019IQWiG: La tua guida alla valutazione delle tecnologie sanitarie in Germania"},"content":{"rendered":"\t\t<div data-elementor-type=\"wp-page\" data-elementor-id=\"18969\" class=\"elementor elementor-18969 elementor-18599\" data-elementor-post-type=\"page\">\n\t\t\t\t<div class=\"elementor-element elementor-element-1d7d3b2 e-flex e-con-boxed e-con e-parent\" data-id=\"1d7d3b2\" data-element_type=\"container\" data-e-type=\"container\">\n\t\t\t\t\t<div class=\"e-con-inner\">\n\t\t\t\t<div class=\"elementor-element elementor-element-9c02245 elementor-widget elementor-widget-text-editor\" data-id=\"9c02245\" data-element_type=\"widget\" data-e-type=\"widget\" data-widget_type=\"text-editor.default\">\n\t\t\t\t<div class=\"elementor-widget-container\">\n\t\t\t\t\t\t\t\t\t<p data-pm-slice=\"1 3 []\">L\u2019Istituto per la Qualit\u00e0 e l\u2019Efficienza nell\u2019Assistenza Sanitaria (<em>IQWiG<\/em>) \u00e8 un\u2019agenzia indipendente tedesca responsabile della valutazione dei benefici e dei rischi degli interventi medici per i pazienti. Fondato nel 2004, l\u2019IQWiG svolge un ruolo cruciale nella valutazione dei trattamenti medici, inclusi farmaci, interventi non farmacologici, test diagnostici e metodi di screening. Le sue valutazioni influenzano direttamente le decisioni sul rimborso da parte delle casse di assicurazione sanitaria obbligatoria (<em>SHI<\/em>) in Germania.<\/p><h2>Funzioni principali dell\u2019IQWiG<\/h2><ul data-spread=\"false\"><li><p><strong>Valutazione degli interventi medici:<\/strong> Analisi dei benefici e dei rischi dei farmaci e delle procedure chirurgiche per determinarne l\u2019efficacia e la sicurezza.<\/p><\/li><li><p><strong>Diffusione delle informazioni sanitarie:<\/strong> Fornitura di informazioni accessibili per aiutare i pazienti a prendere decisioni consapevoli su esami e trattamenti.<\/p><\/li><li><p><strong>Rapporti basati su evidenze scientifiche:<\/strong> Produzione di analisi indipendenti e fondate su prove riguardanti vari argomenti medici, tra cui test diagnostici e gestione delle malattie.<\/p><\/li><\/ul><h2>Direzione e contatti chiave<\/h2><p>Da gennaio 2025, l\u2019IQWiG \u00e8 diretto dal <strong>Dott. Thomas Kaiser<\/strong>, responsabile delle iniziative strategiche dell\u2019istituto. <strong>La vicedirettrice \u00e8 la Dott.ssa Michaela Eikermann.<\/strong><\/p><ul data-spread=\"false\"><li><p><strong>Il Dipartimento di Valutazione dei Farmaci \u00e8 diretto dalla Dott.ssa Beate Wieseler.<\/strong><\/p><\/li><\/ul><h3>Contatti dell\u2019IQWiG<\/h3><ul data-spread=\"false\"><li><p><strong>Sito web:<\/strong> <a href=\"https:\/\/www.iqwig.de\/\">iqwig.de<\/a><\/p><\/li><li><p><strong>Indirizzo:<\/strong><br \/>Institute for Quality and Efficiency in Health Care (IQWiG)<br \/>Siegburger Str. 237<br \/>50679 Colonia, Germania<\/p><\/li><\/ul><h2>Sfide nella collaborazione con l\u2019IQWiG<\/h2><ul data-spread=\"false\"><li><p><strong>Comprensione dei processi di valutazione:<\/strong> Conoscenza dei criteri di valutazione e dei requisiti di presentazione dell\u2019IQWiG, incluse le <em>IQWiG General Methods<\/em> (<em>Allgemeine Methoden<\/em>).<\/p><\/li><li><p><strong>Documentazione accurata e tempestiva:<\/strong> Preparazione rigorosa e presentazione nei tempi previsti per facilitare il processo di valutazione.<\/p><\/li><li><p><strong>Collaborazione con le parti interessate:<\/strong> Coordinamento con gli stakeholder del sistema sanitario tedesco per garantire il rispetto delle linee guida e delle raccomandazioni dell\u2019IQWiG.<\/p><\/li><\/ul><h2>Opportunit\u00e0 \/ Soluzioni con Justin Stindt Consultants<\/h2><ul data-spread=\"false\"><li><p><strong>Consulenza esperta sulle presentazioni IQWiG:<\/strong> Creazione di dossier di alta qualit\u00e0 per valutazioni e analisi.<\/p><\/li><li><p><strong>Strategie di accesso al mercato IQWiG:<\/strong> Metodi comprovati per ottimizzare le decisioni di rimborso.<\/p><\/li><li><p><strong>Competenza nei processi IQWiG:<\/strong> Conoscenza approfondita delle procedure di valutazione delle tecnologie sanitarie in Germania per accelerare le approvazioni.<\/p><\/li><li><p><strong>Supporto da consulenti IQWiG:<\/strong> Assistenza esperta per gestire le valutazioni IQWiG e le strategie di accesso al mercato.<\/p><\/li><\/ul>\t\t\t\t\t\t\t\t<\/div>\n\t\t\t\t<\/div>\n\t\t\t\t\t<\/div>\n\t\t\t\t<\/div>\n\t\t<div class=\"elementor-element elementor-element-b7422a0 e-flex e-con-boxed e-con e-parent\" data-id=\"b7422a0\" data-element_type=\"container\" data-e-type=\"container\">\n\t\t\t\t\t<div class=\"e-con-inner\">\n\t\t\t\t<div class=\"elementor-element elementor-element-e2a18af elementor-widget-divider--view-line elementor-widget elementor-widget-divider\" data-id=\"e2a18af\" data-element_type=\"widget\" data-e-type=\"widget\" data-widget_type=\"divider.default\">\n\t\t\t\t<div class=\"elementor-widget-container\">\n\t\t\t\t\t\t\t<div class=\"elementor-divider\">\n\t\t\t<span class=\"elementor-divider-separator\">\n\t\t\t\t\t\t<\/span>\n\t\t<\/div>\n\t\t\t\t\t\t<\/div>\n\t\t\t\t<\/div>\n\t\t\t\t\t<\/div>\n\t\t\t\t<\/div>\n\t\t<div class=\"elementor-element elementor-element-67ff0fe4 e-flex e-con-boxed e-con e-parent\" data-id=\"67ff0fe4\" data-element_type=\"container\" data-e-type=\"container\">\n\t\t\t\t\t<div class=\"e-con-inner\">\n\t\t<div class=\"elementor-element elementor-element-76fa6a4 e-con-full bordered-block e-flex e-con e-child\" data-id=\"76fa6a4\" data-element_type=\"container\" data-e-type=\"container\">\n\t\t\t\t<div class=\"elementor-element elementor-element-647b7dac elementor-widget elementor-widget-text-editor\" data-id=\"647b7dac\" data-element_type=\"widget\" data-e-type=\"widget\" data-widget_type=\"text-editor.default\">\n\t\t\t\t<div class=\"elementor-widget-container\">\n\t\t\t\t\t\t\t\t\t<h3>Caso di studio<\/h3><h2>Successo di un&#8217;azienda farmaceutica con il IQWiG<\/h2>\t\t\t\t\t\t\t\t<\/div>\n\t\t\t\t<\/div>\n\t\t\t\t<div class=\"elementor-element elementor-element-780ad807 elementor-widget elementor-widget-text-editor\" data-id=\"780ad807\" data-element_type=\"widget\" data-e-type=\"widget\" data-widget_type=\"text-editor.default\">\n\t\t\t\t<div class=\"elementor-widget-container\">\n\t\t\t\t\t\t\t\t\t<p><strong>Sfida<\/strong>:<br \/>Un\u2019azienda farmaceutica ha richiesto il nostro supporto per ottenere una valutazione favorevole per una nuova terapia in Germania.<\/p><p><strong>Soluzione<\/strong>: <br \/>Justin Stindt Consultants ha guidato la preparazione di un dossier AMNOG completo, conforme ai criteri di valutazione dell\u2019IQWiG e del G-BA.<\/p><p><strong>Risultato<\/strong>: <br \/>Un\u2019opinione positiva dell\u2019IQWiG, facilitando una valutazione favorevole da parte del G-BA e negoziazioni di prezzo vantaggiose.<\/p>\t\t\t\t\t\t\t\t<\/div>\n\t\t\t\t<\/div>\n\t\t\t\t<\/div>\n\t\t\t\t\t<\/div>\n\t\t\t\t<\/div>\n\t\t<div class=\"elementor-element elementor-element-03ee6e3 e-con-full e-flex e-con e-parent\" data-id=\"03ee6e3\" data-element_type=\"container\" data-e-type=\"container\" data-settings=\"{&quot;background_background&quot;:&quot;classic&quot;}\">\n\t\t\t\t<div class=\"elementor-element elementor-element-bcc9f33 elementor-cta--skin-classic elementor-animated-content elementor-bg-transform elementor-bg-transform-zoom-in elementor-widget elementor-widget-call-to-action\" data-id=\"bcc9f33\" data-element_type=\"widget\" data-e-type=\"widget\" data-widget_type=\"call-to-action.default\">\n\t\t\t\t<div class=\"elementor-widget-container\">\n\t\t\t\t\t\t\t<div class=\"elementor-cta\">\n\t\t\t\t\t\t\t<div class=\"elementor-cta__content\">\n\t\t\t\t\n\t\t\t\t\t\t\t\t\t<h2 class=\"elementor-cta__title elementor-cta__content-item elementor-content-item\">\n\t\t\t\t\t\tHai bisogno di supporto per l\u2019accesso al mercato con l\u2019IQWiG? L\u2019esperienza di Justin Stindt Consultants ti aiuta a raggiungere il successo.\t\t\t\t\t<\/h2>\n\t\t\t\t\n\t\t\t\t\t\t\t\t\t<div class=\"elementor-cta__description elementor-cta__content-item elementor-content-item\">\n\t\t\t\t\t\tContattaci oggi stesso per sviluppare la tua strategia di accesso al mercato e ottenere risultati concreti con l\u2019IQWiG.\t\t\t\t\t<\/div>\n\t\t\t\t\n\t\t\t\t\t\t\t\t\t<div class=\"elementor-cta__button-wrapper elementor-cta__content-item elementor-content-item \">\n\t\t\t\t\t<a class=\"elementor-cta__button elementor-button elementor-size-\" href=\"https:\/\/jstindt.com\/contact-us\/\">\n\t\t\t\t\t\tContatto Justin Stindt Consultants\t\t\t\t\t<\/a>\n\t\t\t\t\t<\/div>\n\t\t\t\t\t\t\t<\/div>\n\t\t\t\t\t\t<\/div>\n\t\t\t\t\t\t<\/div>\n\t\t\t\t<\/div>\n\t\t\t\t<\/div>\n\t\t<div class=\"elementor-element elementor-element-ca0a249 e-flex e-con-boxed e-con e-parent\" data-id=\"ca0a249\" data-element_type=\"container\" data-e-type=\"container\">\n\t\t\t\t\t<div class=\"e-con-inner\">\n\t\t\t\t<div class=\"elementor-element elementor-element-db3e841 elementor-widget elementor-widget-n-accordion\" data-id=\"db3e841\" data-element_type=\"widget\" data-e-type=\"widget\" data-settings=\"{&quot;default_state&quot;:&quot;all_collapsed&quot;,&quot;max_items_expended&quot;:&quot;one&quot;,&quot;n_accordion_animation_duration&quot;:{&quot;unit&quot;:&quot;ms&quot;,&quot;size&quot;:400,&quot;sizes&quot;:[]}}\" data-widget_type=\"nested-accordion.default\">\n\t\t\t\t<div class=\"elementor-widget-container\">\n\t\t\t\t\t\t\t<div class=\"e-n-accordion\" aria-label=\"Accordion. Open links with Enter or Space, close with Escape, and navigate with Arrow Keys\">\n\t\t\t\t\t\t<details id=\"e-n-accordion-item-2290\" class=\"e-n-accordion-item\" >\n\t\t\t\t<summary class=\"e-n-accordion-item-title\" data-accordion-index=\"1\" tabindex=\"0\" aria-expanded=\"false\" aria-controls=\"e-n-accordion-item-2290\" >\n\t\t\t\t\t<span class='e-n-accordion-item-title-header'><div class=\"e-n-accordion-item-title-text\"> Altre istituzioni chiave per l'accesso al mercato <\/div><\/span>\n\t\t\t\t\t\t\t<span class='e-n-accordion-item-title-icon'>\n\t\t\t<span class='e-opened' ><i aria-hidden=\"true\" class=\"fas fa-minus\"><\/i><\/span>\n\t\t\t<span class='e-closed'><i aria-hidden=\"true\" class=\"fas fa-plus\"><\/i><\/span>\n\t\t<\/span>\n\n\t\t\t\t\t\t<\/summary>\n\t\t\t\t<div role=\"region\" aria-labelledby=\"e-n-accordion-item-2290\" class=\"elementor-element elementor-element-3f11906 e-con-full e-flex e-con e-child\" data-id=\"3f11906\" data-element_type=\"container\" data-e-type=\"container\">\n\t\t\t\t<div class=\"elementor-element elementor-element-c486905 elementor-widget elementor-widget-template\" data-id=\"c486905\" data-element_type=\"widget\" data-e-type=\"widget\" data-widget_type=\"template.default\">\n\t\t\t\t<div class=\"elementor-widget-container\">\n\t\t\t\t\t\t\t<div class=\"elementor-template\">\n\t\t\t\t\t<div data-elementor-type=\"container\" data-elementor-id=\"19259\" class=\"elementor elementor-19259 elementor-18546 elementor-18546\" data-elementor-post-type=\"elementor_library\">\n\t\t\t\t<div role=\"region\" aria-labelledby=\"e-n-accordion-item-1480\" class=\"elementor-element elementor-element-4d5d7d7a e-flex e-con-boxed e-con e-parent\" data-id=\"4d5d7d7a\" data-element_type=\"container\" data-e-type=\"container\">\n\t\t\t\t\t<div class=\"e-con-inner\">\n\t\t\t\t<div class=\"elementor-element elementor-element-fa73d9e elementor-widget elementor-widget-text-editor\" data-id=\"fa73d9e\" data-element_type=\"widget\" data-e-type=\"widget\" data-widget_type=\"text-editor.default\">\n\t\t\t\t<div class=\"elementor-widget-container\">\n\t\t\t\t\t\t\t\t\t<h4><strong>Istituzioni mondiali<\/strong><\/h4>\n<ul>\n<li><a href=\"https:\/\/jstindt.com\/it\/accesso-al-mercato-con-oms\/\">World Health Organization<\/a> (WHO)<\/li>\n<li><a href=\"https:\/\/jstindt.com\/it\/accesso-al-mercato-con-ispor\/\">International Society for Pharmacoeconomics and Outcomes Research<\/a> (ISPOR)<\/li>\n<\/ul>\n<h4><strong><br \/><a href=\"https:\/\/jstindt.com\/it\/usa\/\">Stati Uniti<\/a><\/strong><\/h4>\n<ul>\n<li><a href=\"https:\/\/jstindt.com\/it\/accesso-al-mercato-con-cms\/\">Centers for Medicare &amp; Medicaid Services<\/a> (CMS)<\/li>\n<li><a href=\"https:\/\/jstindt.com\/it\/accesso-al-mercato-con-amcp\/\">Academy of Managed Care Pharmacy<\/a> (AMCP)<\/li>\n<li><a href=\"https:\/\/jstindt.com\/it\/accesso-al-mercato-con-icer\/\">Institute for Clinical and Economic Review<\/a> (ICER)<\/li>\n<\/ul>\n<h4><strong><br \/><a href=\"https:\/\/jstindt.com\/it\/francia\/\">Francia<\/a><\/strong><\/h4>\n<ul>\n<li><a href=\"https:\/\/jstindt.com\/it\/accesso-al-mercato-con-la-has\/\">Haute Autorit\u00e9 de Sant\u00e9<\/a> (HAS)<\/li>\n<li><a href=\"https:\/\/jstindt.com\/it\/accesso-al-mercato-con-il-ceps\/\">Comit\u00e9 \u00c9conomique des Produits de Sant\u00e9<\/a> (CEPS)<\/li>\n<\/ul>\n<h4><strong><br \/><a href=\"https:\/\/jstindt.com\/it\/germania\/\">Germania<\/a><\/strong><\/h4>\n<ul>\n<li><a href=\"https:\/\/jstindt.com\/it\/accesso-al-mercato-con-il-g-ba\/\">Gemeinsamer Bundesausschuss<\/a> (G-BA)<\/li>\n<li><a href=\"https:\/\/jstindt.com\/it\/accesso-al-mercato-con-liqwig\/\">Institute for Quality and Efficiency in Health Care<\/a> (IQWiG)<\/li>\n<li><a href=\"https:\/\/jstindt.com\/it\/accesso-al-mercato-con-il-gkv-spitzenverband\/\">GKV Spitzenverband<\/a><\/li>\n<\/ul>\n<h4><strong><br \/><a href=\"https:\/\/jstindt.com\/it\/uk\/\">Regno Unito<\/a><\/strong><\/h4>\n<ul>\n<li><a href=\"https:\/\/jstindt.com\/it\/accesso-al-mercato-con-nice\/\">National Institute for Health and Care Excellence<\/a> (NICE)<\/li>\n<li><a href=\"https:\/\/jstindt.com\/it\/accesso-al-mercato-con-smc\/\">Scottish Medicines Consortium<\/a> (SMC)<\/li>\n<li><a href=\"https:\/\/jstindt.com\/it\/accesso-al-mercato-con-awmsg\/\" rel=\"noopener\">All Wales Medicines Strategy Group<\/a> (AWMSG)<\/li>\n<li><a href=\"https:\/\/jstindt.com\/it\/accesso-al-mercato-con-nhs\/\">National Health Service<\/a> (NHS)<\/li>\n<\/ul>\n<h4><strong><br \/><a href=\"https:\/\/jstindt.com\/it\/italia\/\">Italia<\/a><\/strong><\/h4>\n<ul>\n<li><a href=\"https:\/\/jstindt.com\/it\/accesso-al-mercato-con-aifa\/\">Italian Medicines Agency<\/a> (AIFA)<\/li>\n<li><a href=\"https:\/\/jstindt.com\/it\/accesso-al-mercato-con-la-cse\/\">Scientific and Economic Commission<\/a> (CSE)<\/li>\n<\/ul>\n<h4><strong><br \/><a href=\"https:\/\/jstindt.com\/it\/spagna\/\">Spagna<\/a><\/strong><\/h4>\n<ul>\n<li><a href=\"https:\/\/jstindt.com\/it\/accesso-al-mercato-con-aemps\/\">Spanish Agency of Medicines and Medical Devices<\/a> (AEMPS)<\/li>\n<li><a href=\"https:\/\/jstindt.com\/it\/accesso-al-mercato-con-la-dgcf\/\">Direcci\u00f3n General de Cartera Com\u00fan de Servicios del Sistema Nacional de Salud y Farmacia<\/a> (DGCF)<\/li>\n<li><a href=\"https:\/\/jstindt.com\/it\/accesso-al-mercato-con-la-cipm\/\">Interministerial Commission on Medicine Prices<\/a> (CIPM)<\/li>\n<\/ul>\n<h4><strong><br \/><a href=\"https:\/\/jstindt.com\/it\/svizzero\/\">Svizzera<\/a><\/strong><\/h4>\n<ul>\n<li><a href=\"https:\/\/jstindt.com\/it\/accesso-al-mercato-con-lufsp\/\">Federal Office of Public Health<\/a> (FOPH)<\/li>\n<\/ul>\n\t\t\t\t\t\t\t\t<\/div>\n\t\t\t\t<\/div>\n\t\t\t\t\t<\/div>\n\t\t\t\t<\/div>\n\t\t\t\t<\/div>\n\t\t\t\t<\/div>\n\t\t\t\t\t\t<\/div>\n\t\t\t\t<\/div>\n\t\t\t\t<\/div>\n\t\t\t\t\t<\/details>\n\t\t\t\t\t<\/div>\n\t\t\t\t\t\t<\/div>\n\t\t\t\t<\/div>\n\t\t\t\t\t<\/div>\n\t\t\t\t<\/div>\n\t\t\t\t<\/div>\n\t\t","protected":false},"excerpt":{"rendered":"<p>L\u2019Istituto per la Qualit\u00e0 e l\u2019Efficienza nell\u2019Assistenza Sanitaria (IQWiG) \u00e8 un\u2019agenzia indipendente tedesca responsabile della valutazione dei benefici e dei rischi degli interventi medici per i pazienti. Fondato nel 2004, l\u2019IQWiG svolge un ruolo cruciale nella valutazione dei trattamenti medici, inclusi farmaci, interventi non farmacologici, test diagnostici e metodi di screening. Le sue valutazioni influenzano [&hellip;]<\/p>\n","protected":false},"author":3,"featured_media":0,"parent":0,"menu_order":0,"comment_status":"closed","ping_status":"closed","template":"","meta":{"_acf_changed":false,"footnotes":""},"class_list":["post-18969","page","type-page","status-publish","hentry"],"acf":[],"_links":{"self":[{"href":"https:\/\/jstindt.com\/it\/wp-json\/wp\/v2\/pages\/18969","targetHints":{"allow":["GET"]}}],"collection":[{"href":"https:\/\/jstindt.com\/it\/wp-json\/wp\/v2\/pages"}],"about":[{"href":"https:\/\/jstindt.com\/it\/wp-json\/wp\/v2\/types\/page"}],"author":[{"embeddable":true,"href":"https:\/\/jstindt.com\/it\/wp-json\/wp\/v2\/users\/3"}],"replies":[{"embeddable":true,"href":"https:\/\/jstindt.com\/it\/wp-json\/wp\/v2\/comments?post=18969"}],"version-history":[{"count":14,"href":"https:\/\/jstindt.com\/it\/wp-json\/wp\/v2\/pages\/18969\/revisions"}],"predecessor-version":[{"id":19841,"href":"https:\/\/jstindt.com\/it\/wp-json\/wp\/v2\/pages\/18969\/revisions\/19841"}],"wp:attachment":[{"href":"https:\/\/jstindt.com\/it\/wp-json\/wp\/v2\/media?parent=18969"}],"curies":[{"name":"wp","href":"https:\/\/api.w.org\/{rel}","templated":true}]}}