{"id":18851,"date":"2025-01-09T17:41:57","date_gmt":"2025-01-09T16:41:57","guid":{"rendered":"https:\/\/jstindt.com\/?page_id=18851"},"modified":"2025-03-21T15:31:08","modified_gmt":"2025-03-21T14:31:08","slug":"accesso-al-mercato-con-la-has","status":"publish","type":"page","link":"https:\/\/jstindt.com\/it\/accesso-al-mercato-con-la-has\/","title":{"rendered":"Accesso al mercato con la HAS: La tua guida all&#8217;autorit\u00e0 sanitaria francese"},"content":{"rendered":"\t\t<div data-elementor-type=\"wp-page\" data-elementor-id=\"18851\" class=\"elementor elementor-18851 elementor-18203\" data-elementor-post-type=\"page\">\n\t\t\t\t<div class=\"elementor-element elementor-element-105cba2 e-flex e-con-boxed e-con e-parent\" data-id=\"105cba2\" data-element_type=\"container\" data-e-type=\"container\">\n\t\t\t\t\t<div class=\"e-con-inner\">\n\t\t\t\t<div class=\"elementor-element elementor-element-841215f elementor-widget elementor-widget-text-editor\" data-id=\"841215f\" data-element_type=\"widget\" data-e-type=\"widget\" data-widget_type=\"text-editor.default\">\n\t\t\t\t<div class=\"elementor-widget-container\">\n\t\t\t\t\t\t\t\t\t<p data-pm-slice=\"1 3 []\">L\u2019Haute Autorit\u00e9 de Sant\u00e9 (HAS) \u00e8 l&#8217;autorit\u00e0 pubblica indipendente per le valutazioni sanitarie (HTA) in Francia, istituita nel 2004. Il suo obiettivo \u00e8 migliorare la qualit\u00e0 dell&#8217;assistenza sanitaria e garantire l&#8217;equit\u00e0 del sistema sanitario, attraverso la valutazione di farmaci, dispositivi medici e procedure, la pubblicazione di linee guida e l&#8217;accreditamento delle strutture sanitarie. (<a href=\"https:\/\/www.has-sante.fr\">has-sante.fr<\/a>)<\/p><h2>Funzioni principali della HAS<\/h2><ul data-spread=\"false\"><li><p><strong>Valutazioni di accesso al mercato \/ Appraisal HTA:<\/strong> Valutazione del beneficio medico e del valore economico di farmaci, dispositivi medici e pratiche professionali per le decisioni di rimborso.<\/p><\/li><li><p><strong>Raccomandazioni degli esperti consulenti HAS:<\/strong> Pubblicazione di linee guida per i professionisti sanitari per promuovere le buone pratiche.<\/p><\/li><li><p><strong>Accreditamenti specialistici HAS:<\/strong> Certificazione degli ospedali e delle cliniche per garantire la qualit\u00e0 e la sicurezza delle cure.<\/p><\/li><\/ul><h2>Direzione e contatti chiave<\/h2><p>Da gennaio 2025, la HAS \u00e8 presieduta dal <strong>Professor Lionel Collet<\/strong>. (<a href=\"https:\/\/www.has-sante.fr\">has-sante.fr<\/a>)<\/p><ul data-spread=\"false\"><li><p><strong>Commissione di trasparenza (CT):<\/strong> Prof. Pierre Cochat<\/p><\/li><li><p><strong>Commissione nazionale per i dispositivi medici (CNEDiMTS):<\/strong> Dr. Jean-Yves Grall<\/p><\/li><li><p><strong>Commissione di valutazione economica e sanit\u00e0 pubblica (CEESP):<\/strong> Prof.ssa Karine Chevreul<\/p><\/li><li><p><strong>Commissione tecnica per le vaccinazioni (CTV):<\/strong> Prof.ssa Anne-Claude Cr\u00e9mieux<\/p><\/li><\/ul><h3>Contatti della HAS<\/h3><ul data-spread=\"false\"><li><p><strong>Sito web:<\/strong> <a href=\"https:\/\/www.has-sante.fr\/\">has-sante.fr<\/a><\/p><\/li><li><p><strong>Indirizzo:<\/strong> 5 avenue du Stade de France, 93218 Saint-Denis La Plaine Cedex, Francia<\/p><\/li><li><p><strong>Telefono:<\/strong> +33 (0)1 55 93 70 00<\/p><\/li><\/ul><h2>Sfide nella collaborazione con la HAS<\/h2><ul data-spread=\"false\"><li><p><strong>Conoscenza dei processi della HAS:<\/strong> Comprensione dei criteri di valutazione, tra cui la dottrina della Commissione di trasparenza e i requisiti metodologici.<\/p><\/li><li><p><strong>Presentazioni tempestive e complete:<\/strong> Preparazione accurata della documentazione e rispetto delle scadenze.<\/p><\/li><li><p><strong>Collaborazione con gli stakeholder:<\/strong> Coordinamento efficace con i principali attori del sistema sanitario francese.<\/p><\/li><\/ul><h2>Opportunit\u00e0 \/ Soluzioni con Justin Stindt Consultants<\/h2><ul data-spread=\"false\"><li><p><strong>Consulenze esperte per la HAS:<\/strong> Redazione di dossier di alta qualit\u00e0 per CT, CNEDiMTS e CEESP.<\/p><\/li><li><p><strong>Incontri di dialogo scientifico precoce (rencontre pr\u00e9coce) e presentazione preliminare.<\/strong><\/p><\/li><li><p><strong>Strategie di accesso al mercato per la HAS:<\/strong> Metodi comprovati per ottimizzare i risultati di rimborso.<\/p><\/li><li><p><strong>Supporto specialistico per processi e d udienze:<\/strong> Approfondita conoscenza delle valutazioni HTA.<\/p><\/li><li><p><strong>Rete di esperti e decisori:<\/strong> Contatti con ex membri delle commissioni HAS, KOL e consulenti esperti.<\/p><\/li><\/ul><h3>Supporto esperto HAS<\/h3><ul data-spread=\"false\"><li><p><strong>Consulenza esperta HAS:<\/strong> Assistenza diretta per le sfide di accesso al mercato.<\/p><\/li><li><p><strong>Analisi approfondite HAS:<\/strong> Approccio su misura per le valutazioni HTA.<\/p><\/li><li><p><strong>Documentazione esperta HAS:<\/strong> Preparazione di dossier conformi agli standard HTA.<\/p><\/li><\/ul>\t\t\t\t\t\t\t\t<\/div>\n\t\t\t\t<\/div>\n\t\t\t\t\t<\/div>\n\t\t\t\t<\/div>\n\t\t<div class=\"elementor-element elementor-element-04ee5ba e-flex e-con-boxed e-con e-parent\" data-id=\"04ee5ba\" data-element_type=\"container\" data-e-type=\"container\">\n\t\t\t\t\t<div class=\"e-con-inner\">\n\t\t\t\t<div class=\"elementor-element elementor-element-2cbfbb1 elementor-widget-divider--view-line elementor-widget elementor-widget-divider\" data-id=\"2cbfbb1\" data-element_type=\"widget\" data-e-type=\"widget\" data-widget_type=\"divider.default\">\n\t\t\t\t<div class=\"elementor-widget-container\">\n\t\t\t\t\t\t\t<div class=\"elementor-divider\">\n\t\t\t<span class=\"elementor-divider-separator\">\n\t\t\t\t\t\t<\/span>\n\t\t<\/div>\n\t\t\t\t\t\t<\/div>\n\t\t\t\t<\/div>\n\t\t\t\t\t<\/div>\n\t\t\t\t<\/div>\n\t\t<div class=\"elementor-element elementor-element-48e713e5 e-flex e-con-boxed e-con e-parent\" data-id=\"48e713e5\" data-element_type=\"container\" data-e-type=\"container\">\n\t\t\t\t\t<div class=\"e-con-inner\">\n\t\t<div class=\"elementor-element elementor-element-ac50955 e-con-full bordered-block e-flex e-con e-child\" data-id=\"ac50955\" data-element_type=\"container\" data-e-type=\"container\">\n\t\t\t\t<div class=\"elementor-element elementor-element-3009de7b elementor-widget elementor-widget-text-editor\" data-id=\"3009de7b\" data-element_type=\"widget\" data-e-type=\"widget\" data-widget_type=\"text-editor.default\">\n\t\t\t\t<div class=\"elementor-widget-container\">\n\t\t\t\t\t\t\t\t\t<h3>Caso di studio<\/h3><h2>Successo con la HAS<\/h2>\t\t\t\t\t\t\t\t<\/div>\n\t\t\t\t<\/div>\n\t\t\t\t<div class=\"elementor-element elementor-element-36a7318f elementor-widget elementor-widget-text-editor\" data-id=\"36a7318f\" data-element_type=\"widget\" data-e-type=\"widget\" data-widget_type=\"text-editor.default\">\n\t\t\t\t<div class=\"elementor-widget-container\">\n\t\t\t\t\t\t\t\t\t<p><strong>Sfida<\/strong>:<br \/>Un&#8217;azienda farmaceutica ha richiesto il nostro supporto per ottenere il rimborso di un nuovo farmaco.<\/p><p><strong>Soluzione<\/strong>:<br \/>Abbiamo gestito la preparazione del dossier secondo i criteri HAS.<\/p><p><strong>Risultato<\/strong>:<br \/>Ottenendo una raccomandazione positiva e l&#8217;inclusione nei rimborsi nazionali.<\/p>\t\t\t\t\t\t\t\t<\/div>\n\t\t\t\t<\/div>\n\t\t\t\t<\/div>\n\t\t\t\t\t<\/div>\n\t\t\t\t<\/div>\n\t\t<div class=\"elementor-element elementor-element-e3674ee e-con-full e-flex e-con e-parent\" data-id=\"e3674ee\" data-element_type=\"container\" data-e-type=\"container\" data-settings=\"{&quot;background_background&quot;:&quot;classic&quot;}\">\n\t\t\t\t<div class=\"elementor-element elementor-element-4339de6 elementor-cta--skin-classic elementor-animated-content elementor-bg-transform elementor-bg-transform-zoom-in elementor-widget elementor-widget-call-to-action\" data-id=\"4339de6\" data-element_type=\"widget\" data-e-type=\"widget\" data-widget_type=\"call-to-action.default\">\n\t\t\t\t<div class=\"elementor-widget-container\">\n\t\t\t\t\t\t\t<div class=\"elementor-cta\">\n\t\t\t\t\t\t\t<div class=\"elementor-cta__content\">\n\t\t\t\t\n\t\t\t\t\t\t\t\t\t<h2 class=\"elementor-cta__title elementor-cta__content-item elementor-content-item\">\n\t\t\t\t\t\tCerchi supporto per l'accesso al mercato con la HAS? Gli esperti di Justin Stindt Consultants possono aiutarti a raggiungere il successo.\t\t\t\t\t<\/h2>\n\t\t\t\t\n\t\t\t\t\t\t\t\t\t<div class=\"elementor-cta__description elementor-cta__content-item elementor-content-item\">\n\t\t\t\t\t\tContattaci per sviluppare la tua strategia di accesso al mercato e ottenere risultati concreti con la HAS.\t\t\t\t\t<\/div>\n\t\t\t\t\n\t\t\t\t\t\t\t\t\t<div class=\"elementor-cta__button-wrapper elementor-cta__content-item elementor-content-item \">\n\t\t\t\t\t<a class=\"elementor-cta__button elementor-button elementor-size-\" href=\"https:\/\/jstindt.com\/contact-us\/\">\n\t\t\t\t\t\tContatta Justin Stindt Consultants\t\t\t\t\t<\/a>\n\t\t\t\t\t<\/div>\n\t\t\t\t\t\t\t<\/div>\n\t\t\t\t\t\t<\/div>\n\t\t\t\t\t\t<\/div>\n\t\t\t\t<\/div>\n\t\t\t\t<\/div>\n\t\t<div class=\"elementor-element elementor-element-c46eb38 e-flex e-con-boxed e-con e-parent\" data-id=\"c46eb38\" data-element_type=\"container\" data-e-type=\"container\">\n\t\t\t\t\t<div class=\"e-con-inner\">\n\t\t\t\t<div class=\"elementor-element elementor-element-8da8c66 elementor-widget elementor-widget-n-accordion\" data-id=\"8da8c66\" data-element_type=\"widget\" data-e-type=\"widget\" data-settings=\"{&quot;default_state&quot;:&quot;all_collapsed&quot;,&quot;max_items_expended&quot;:&quot;one&quot;,&quot;n_accordion_animation_duration&quot;:{&quot;unit&quot;:&quot;ms&quot;,&quot;size&quot;:400,&quot;sizes&quot;:[]}}\" data-widget_type=\"nested-accordion.default\">\n\t\t\t\t<div class=\"elementor-widget-container\">\n\t\t\t\t\t\t\t<div class=\"e-n-accordion\" aria-label=\"Accordion. Open links with Enter or Space, close with Escape, and navigate with Arrow Keys\">\n\t\t\t\t\t\t<details id=\"e-n-accordion-item-1480\" class=\"e-n-accordion-item\" >\n\t\t\t\t<summary class=\"e-n-accordion-item-title\" data-accordion-index=\"1\" tabindex=\"0\" aria-expanded=\"false\" aria-controls=\"e-n-accordion-item-1480\" >\n\t\t\t\t\t<span class='e-n-accordion-item-title-header'><div class=\"e-n-accordion-item-title-text\"> Altre istituzioni chiave per l'accesso al mercato <\/div><\/span>\n\t\t\t\t\t\t\t<span class='e-n-accordion-item-title-icon'>\n\t\t\t<span class='e-opened' ><i aria-hidden=\"true\" class=\"fas fa-minus\"><\/i><\/span>\n\t\t\t<span class='e-closed'><i aria-hidden=\"true\" class=\"fas fa-plus\"><\/i><\/span>\n\t\t<\/span>\n\n\t\t\t\t\t\t<\/summary>\n\t\t\t\t<div role=\"region\" aria-labelledby=\"e-n-accordion-item-1480\" class=\"elementor-element elementor-element-1871095 e-con-full e-flex e-con e-child\" data-id=\"1871095\" data-element_type=\"container\" data-e-type=\"container\">\n\t\t\t\t<div class=\"elementor-element elementor-element-682f3e8 elementor-widget elementor-widget-template\" data-id=\"682f3e8\" data-element_type=\"widget\" data-e-type=\"widget\" data-widget_type=\"template.default\">\n\t\t\t\t<div class=\"elementor-widget-container\">\n\t\t\t\t\t\t\t<div class=\"elementor-template\">\n\t\t\t\t\t<div data-elementor-type=\"container\" data-elementor-id=\"19259\" class=\"elementor elementor-19259 elementor-18546 elementor-18546\" data-elementor-post-type=\"elementor_library\">\n\t\t\t\t<div role=\"region\" aria-labelledby=\"e-n-accordion-item-2630\" class=\"elementor-element elementor-element-4d5d7d7a e-flex e-con-boxed e-con e-parent\" data-id=\"4d5d7d7a\" data-element_type=\"container\" data-e-type=\"container\">\n\t\t\t\t\t<div class=\"e-con-inner\">\n\t\t\t\t<div class=\"elementor-element elementor-element-fa73d9e elementor-widget elementor-widget-text-editor\" data-id=\"fa73d9e\" data-element_type=\"widget\" data-e-type=\"widget\" data-widget_type=\"text-editor.default\">\n\t\t\t\t<div class=\"elementor-widget-container\">\n\t\t\t\t\t\t\t\t\t<h4><strong>Istituzioni mondiali<\/strong><\/h4>\n<ul>\n<li><a href=\"https:\/\/jstindt.com\/it\/accesso-al-mercato-con-oms\/\">World Health Organization<\/a> (WHO)<\/li>\n<li><a href=\"https:\/\/jstindt.com\/it\/accesso-al-mercato-con-ispor\/\">International Society for Pharmacoeconomics and Outcomes Research<\/a> (ISPOR)<\/li>\n<\/ul>\n<h4><strong><br \/><a href=\"https:\/\/jstindt.com\/it\/usa\/\">Stati Uniti<\/a><\/strong><\/h4>\n<ul>\n<li><a href=\"https:\/\/jstindt.com\/it\/accesso-al-mercato-con-cms\/\">Centers for Medicare &amp; Medicaid Services<\/a> (CMS)<\/li>\n<li><a href=\"https:\/\/jstindt.com\/it\/accesso-al-mercato-con-amcp\/\">Academy of Managed Care Pharmacy<\/a> (AMCP)<\/li>\n<li><a href=\"https:\/\/jstindt.com\/it\/accesso-al-mercato-con-icer\/\">Institute for Clinical and Economic Review<\/a> (ICER)<\/li>\n<\/ul>\n<h4><strong><br \/><a href=\"https:\/\/jstindt.com\/it\/francia\/\">Francia<\/a><\/strong><\/h4>\n<ul>\n<li><a href=\"https:\/\/jstindt.com\/it\/accesso-al-mercato-con-la-has\/\">Haute Autorit\u00e9 de Sant\u00e9<\/a> (HAS)<\/li>\n<li><a href=\"https:\/\/jstindt.com\/it\/accesso-al-mercato-con-il-ceps\/\">Comit\u00e9 \u00c9conomique des Produits de Sant\u00e9<\/a> (CEPS)<\/li>\n<\/ul>\n<h4><strong><br \/><a href=\"https:\/\/jstindt.com\/it\/germania\/\">Germania<\/a><\/strong><\/h4>\n<ul>\n<li><a href=\"https:\/\/jstindt.com\/it\/accesso-al-mercato-con-il-g-ba\/\">Gemeinsamer Bundesausschuss<\/a> (G-BA)<\/li>\n<li><a href=\"https:\/\/jstindt.com\/it\/accesso-al-mercato-con-liqwig\/\">Institute for Quality and Efficiency in Health Care<\/a> (IQWiG)<\/li>\n<li><a href=\"https:\/\/jstindt.com\/it\/accesso-al-mercato-con-il-gkv-spitzenverband\/\">GKV Spitzenverband<\/a><\/li>\n<\/ul>\n<h4><strong><br \/><a href=\"https:\/\/jstindt.com\/it\/uk\/\">Regno Unito<\/a><\/strong><\/h4>\n<ul>\n<li><a href=\"https:\/\/jstindt.com\/it\/accesso-al-mercato-con-nice\/\">National Institute for Health and Care Excellence<\/a> (NICE)<\/li>\n<li><a href=\"https:\/\/jstindt.com\/it\/accesso-al-mercato-con-smc\/\">Scottish Medicines Consortium<\/a> (SMC)<\/li>\n<li><a href=\"https:\/\/jstindt.com\/it\/accesso-al-mercato-con-awmsg\/\" rel=\"noopener\">All Wales Medicines Strategy Group<\/a> (AWMSG)<\/li>\n<li><a href=\"https:\/\/jstindt.com\/it\/accesso-al-mercato-con-nhs\/\">National Health Service<\/a> (NHS)<\/li>\n<\/ul>\n<h4><strong><br \/><a href=\"https:\/\/jstindt.com\/it\/italia\/\">Italia<\/a><\/strong><\/h4>\n<ul>\n<li><a href=\"https:\/\/jstindt.com\/it\/accesso-al-mercato-con-aifa\/\">Italian Medicines Agency<\/a> (AIFA)<\/li>\n<li><a href=\"https:\/\/jstindt.com\/it\/accesso-al-mercato-con-la-cse\/\">Scientific and Economic Commission<\/a> (CSE)<\/li>\n<\/ul>\n<h4><strong><br \/><a href=\"https:\/\/jstindt.com\/it\/spagna\/\">Spagna<\/a><\/strong><\/h4>\n<ul>\n<li><a href=\"https:\/\/jstindt.com\/it\/accesso-al-mercato-con-aemps\/\">Spanish Agency of Medicines and Medical Devices<\/a> (AEMPS)<\/li>\n<li><a href=\"https:\/\/jstindt.com\/it\/accesso-al-mercato-con-la-dgcf\/\">Direcci\u00f3n General de Cartera Com\u00fan de Servicios del Sistema Nacional de Salud y Farmacia<\/a> (DGCF)<\/li>\n<li><a href=\"https:\/\/jstindt.com\/it\/accesso-al-mercato-con-la-cipm\/\">Interministerial Commission on Medicine Prices<\/a> (CIPM)<\/li>\n<\/ul>\n<h4><strong><br \/><a href=\"https:\/\/jstindt.com\/it\/svizzero\/\">Svizzera<\/a><\/strong><\/h4>\n<ul>\n<li><a href=\"https:\/\/jstindt.com\/it\/accesso-al-mercato-con-lufsp\/\">Federal Office of Public Health<\/a> (FOPH)<\/li>\n<\/ul>\n\t\t\t\t\t\t\t\t<\/div>\n\t\t\t\t<\/div>\n\t\t\t\t\t<\/div>\n\t\t\t\t<\/div>\n\t\t\t\t<\/div>\n\t\t\t\t<\/div>\n\t\t\t\t\t\t<\/div>\n\t\t\t\t<\/div>\n\t\t\t\t<\/div>\n\t\t\t\t\t<\/details>\n\t\t\t\t\t<\/div>\n\t\t\t\t\t\t<\/div>\n\t\t\t\t<\/div>\n\t\t\t\t\t<\/div>\n\t\t\t\t<\/div>\n\t\t\t\t<\/div>\n\t\t","protected":false},"excerpt":{"rendered":"<p>L\u2019Haute Autorit\u00e9 de Sant\u00e9 (HAS) \u00e8 l&#8217;autorit\u00e0 pubblica indipendente per le valutazioni sanitarie (HTA) in Francia, istituita nel 2004. Il suo obiettivo \u00e8 migliorare la qualit\u00e0 dell&#8217;assistenza sanitaria e garantire l&#8217;equit\u00e0 del sistema sanitario, attraverso la valutazione di farmaci, dispositivi medici e procedure, la pubblicazione di linee guida e l&#8217;accreditamento delle strutture sanitarie. (has-sante.fr) Funzioni [&hellip;]<\/p>\n","protected":false},"author":3,"featured_media":0,"parent":0,"menu_order":0,"comment_status":"closed","ping_status":"closed","template":"","meta":{"_acf_changed":false,"footnotes":""},"class_list":["post-18851","page","type-page","status-publish","hentry"],"acf":[],"_links":{"self":[{"href":"https:\/\/jstindt.com\/it\/wp-json\/wp\/v2\/pages\/18851","targetHints":{"allow":["GET"]}}],"collection":[{"href":"https:\/\/jstindt.com\/it\/wp-json\/wp\/v2\/pages"}],"about":[{"href":"https:\/\/jstindt.com\/it\/wp-json\/wp\/v2\/types\/page"}],"author":[{"embeddable":true,"href":"https:\/\/jstindt.com\/it\/wp-json\/wp\/v2\/users\/3"}],"replies":[{"embeddable":true,"href":"https:\/\/jstindt.com\/it\/wp-json\/wp\/v2\/comments?post=18851"}],"version-history":[{"count":8,"href":"https:\/\/jstindt.com\/it\/wp-json\/wp\/v2\/pages\/18851\/revisions"}],"predecessor-version":[{"id":19829,"href":"https:\/\/jstindt.com\/it\/wp-json\/wp\/v2\/pages\/18851\/revisions\/19829"}],"wp:attachment":[{"href":"https:\/\/jstindt.com\/it\/wp-json\/wp\/v2\/media?parent=18851"}],"curies":[{"name":"wp","href":"https:\/\/api.w.org\/{rel}","templated":true}]}}