{"id":16917,"date":"2024-01-31T12:28:27","date_gmt":"2024-01-31T11:28:27","guid":{"rendered":"https:\/\/jstindt.com\/informazioni-legali\/"},"modified":"2026-03-31T08:56:12","modified_gmt":"2026-03-31T07:56:12","slug":"informazioni-legali","status":"publish","type":"page","link":"https:\/\/jstindt.com\/it\/informazioni-legali\/","title":{"rendered":"Informazioni legali"},"content":{"rendered":"\t\t<div data-elementor-type=\"wp-page\" data-elementor-id=\"16917\" class=\"elementor elementor-16917 elementor-12128\" data-elementor-post-type=\"page\">\n\t\t\t\t<div class=\"elementor-element elementor-element-923eb6a e-flex e-con-boxed e-con e-parent\" data-id=\"923eb6a\" data-element_type=\"container\" data-e-type=\"container\">\n\t\t\t\t\t<div class=\"e-con-inner\">\n\t\t\t\t<div class=\"elementor-element elementor-element-f663e8a elementor-widget elementor-widget-text-editor\" data-id=\"f663e8a\" data-element_type=\"widget\" data-e-type=\"widget\" data-widget_type=\"text-editor.default\">\n\t\t\t\t<div class=\"elementor-widget-container\">\n\t\t\t\t\t\t\t\t\t<h2>Justin Stindt Consulting GmbH<\/h2><p><b>Deutsches Impressum:<\/b><\/p><p>Justin Stindt Consulting GmbH<\/p><p>Kamekestr. 27, 50672 Colonia <\/p><p>Telefon: +49 221 969 868 80, Fax: +49 221 46 89 26 60<\/p><p>E-Mail: info@jstindt.com<\/p><p>Internet: https:\/\/www.jstindt.com<\/p><p><strong>Vertretungsberechtigter Gesch\u00e4ftsf\u00fchrer<\/strong>: Justin Stindt<\/p><p>Registernummer: HRB 82988<\/p><p>Umsatzsteuer-Identifikationsnummer gem\u00e4\u00df \u00a7 27a UStG: DE298464855<\/p><p>Registergericht: AG K\u00f6ln<\/p><p>Datenschutzerkl\u00e4rung<\/p><p>Allgemeiner Hinweis und Pflichtinformationen<\/p><p>Benennung der verantwortlichen Stelle<\/p><p><strong>Die verantwortliche Stelle f\u00fcr die Datenverarbeitung auf dieser Website ist<\/strong>:<\/p><p>Justin Stindt Consulting GmbH<br>Justin Stindt<br>Kamekestr. 27, 50672 Colonia<\/p><p><strong>Ersteller der Website ist<\/strong> : <a href=\"https:\/\/www.alioze.com\/de\/agentur-kommunikation-gesundheit\" target=\"_blank\" rel=\"noopener\">Alioze &#8211; Agentur f\u00fcr Gesundheits- und medizinische Kommunikation<\/a><\/p><p>Die Website wird von <a href=\"https:\/\/www.alwaysdata.com\/en\/\" target=\"_blank\" rel=\"noopener\">Alwaysdata<\/a> gehostet<\/p><p>Die verantwortliche Stelle entscheidet allein oder gemeinsam mit anderen \u00fcber die Zwecke und Mittel der Verarbeitung von personenbezogenen Daten (z.B. Namen, Kontaktdaten o. \u00c4.).<\/p><p>Widerruf Ihrer Einwilligung zur Datenverarbeitung<\/p><p>Nur mit Ihrer ausdr\u00fccklichen Einwilligung sind einige Vorg\u00e4nge der Datenverarbeitung m\u00f6glich. Ein Widerruf Ihrer bereits erteilten Einwilligung ist jederzeit m\u00f6glich. F\u00fcr den Widerruf gen\u00fcgt eine formlose Mitteilung per E-Mail. Die Rechtm\u00e4\u00dfigkeit der bis zum Widerruf erfolgten Datenverarbeitung bleibt vom Widerruf unber\u00fchrt.   <\/p><p>Recht auf Beschwerde bei der zust\u00e4ndigen Aufsichtsbeh\u00f6rde<\/p><p>Als Betroffener steht Ihnen im Falle eines datenschutzrechtlichen Versto\u00dfes ein Beschwerderecht bei der zust\u00e4ndigen Aufsichtsbeh\u00f6rde zu. Zust\u00e4ndige Aufsichtsbeh\u00f6rde bez\u00fcglich datenschutzrechtlicher Fragen ist der Landesdatenschutzbeauftragte des Bundeslandes, in dem sich der Sitz unseres Unternehmens befindet. Der folgende Link stellt eine Liste der Datenschutzbeauftragten sowie deren Kontaktdaten bereit: https:\/\/www.bfdi.bund.de\/DE\/Infothek\/Anschriften_Links\/anschriften_links-node.html.  <\/p><p>Recht auf Daten\u00fcbertragbarkeit<\/p><p>Ihnen steht das Recht zu, Daten, die wir auf Grundlage Ihrer Einwilligung oder in Erf\u00fcllung eines Vertrags automatisiert verarbeiten, an sich oder an Dritte aush\u00e4ndigen zu lassen. Die Bereitstellung erfolgt in einem maschinenlesbaren Format. Sofern Sie die direkte \u00dcbertragung der Daten an einen anderen Verantwortlichen verlangen, erfolgt dies nur, soweit es technisch machbar ist.  <\/p><p>Recht auf Auskunft, Berichtigung, Sperrung, L\u00f6schung<\/p><p>Sie haben jederzeit im Rahmen der geltenden gesetzlichen Bestimmungen das Recht auf unentgeltliche Auskunft \u00fcber Ihre gespeicherten personenbezogenen Daten, Herkunft der Daten, deren Empf\u00e4nger und den Zweck der Datenverarbeitung und ggf. ein Recht auf Berichtigung, Sperrung oder L\u00f6schung dieser Daten. Diesbez\u00fcglich und auch zu weiteren Fragen zum Thema personenbezogene Daten k\u00f6nnen Sie sich jederzeit \u00fcber die im Impressum aufgef\u00fchrten Kontaktm\u00f6glichkeiten an uns wenden.  <\/p><p>SSL- bzw. TLS-Verschl\u00fcsselung <\/p><p>Aus Sicherheitsgr\u00fcnden und zum Schutz der \u00dcbertragung vertraulicher Inhalte, die Sie an uns als Seitenbetreiber senden, nutzt unsere Website eine SSL-bzw. TLS-Verschl\u00fcsselung. Damit sind Daten, die Sie \u00fcber diese Website \u00fcbermitteln, f\u00fcr Dritte nicht mitlesbar. Sie erkennen eine verschl\u00fcsselte Verbindung an der \u201ehttps:\/\/\u201c Adresszeile Ihres Browsers und am Schloss-Symbol in der Browserzeile.   <\/p><p>Kontaktformular<\/p><p>Per Kontaktformular \u00fcbermittelte Daten werden einschlie\u00dflich Ihrer Kontaktdaten gespeichert, um Ihre Anfrage bearbeiten zu k\u00f6nnen oder um f\u00fcr Anschlussfragen bereitzustehen. Eine Weitergabe dieser Daten findet ohne Ihre Einwilligung nicht statt. <\/p><p>Die Verarbeitung der in das Kontaktformular eingegebenen Daten erfolgt ausschlie\u00dflich auf Grundlage Ihrer Einwilligung (Art. 6 Abs. 1 lit. a DSGVO). Ein Widerruf Ihrer bereits erteilten Einwilligung ist jederzeit m\u00f6glich. F\u00fcr den Widerruf gen\u00fcgt eine formlose Mitteilung per E-Mail. Die Rechtm\u00e4\u00dfigkeit der bis zum Widerruf erfolgten Datenverarbeitungsvorg\u00e4nge bleibt vom Widerruf unber\u00fchrt.   <\/p><p>\u00dcber das Kontaktformular \u00fcbermittelte Daten verbleiben bei uns, bis Sie uns zur L\u00f6schung auffordern, Ihre Einwilligung zur Speicherung widerrufen oder keine Notwendigkeit der Datenspeicherung mehr besteht. Zwingende gesetzliche Bestimmungen &#8211; insbesondere Aufbewahrungsfristen &#8211; bleiben unber\u00fchrt. <\/p><p>Google Analytics<\/p><p>Unsere Website verwendet Funktionen des Webanalysedienstes Google Analytics. Anbieter des Webanalysedienstes ist die Google Inc., 1600 Amphitheatre Parkway, Mountain View, CA 94043, USA. <\/p><p>Google Analytics verwendet &#8220;Cookies.&#8221; Das sind kleine Textdateien, die Ihr Webbrowser auf Ihrem Endger\u00e4t speichert und eine Analyse der Website-Benutzung erm\u00f6glichen. Mittels Cookie erzeugte Informationen \u00fcber Ihre Benutzung unserer Website werden an einen Server von Google \u00fcbermittelt und dort gespeichert. Server-Standort ist im Regelfall die USA.   <\/p><p>Das Setzen von Google-Analytics-Cookies erfolgt auf Grundlage von Art. 6 Abs. 1 lit. f DSGVO. Als Betreiber dieser Website haben wir ein berechtigtes Interesse an der Analyse des Nutzerverhaltens, um unser Webangebot und ggf. auch Werbung zu optimieren.    <\/p><p>IP-Anonymisierung<\/p><p>Wir setzen Google Analytics in Verbindung mit der Funktion IP-Anonymisierung ein. Sie gew\u00e4hrleistet, dass Google Ihre IP-Adresse innerhalb von Mitgliedstaaten der Europ\u00e4ischen Union oder in anderen Vertragsstaaten des Abkommens \u00fcber den Europ\u00e4ischen Wirtschaftsraum vor der \u00dcbermittlung in die USA k\u00fcrzt. Es kann Ausnahmef\u00e4lle geben, in denen Google die volle IP-Adresse an einen Server in den USA \u00fcbertr\u00e4gt und dort k\u00fcrzt. In unserem Auftrag wird Google diese Informationen benutzen, um Ihre Nutzung der Website auszuwerten, um Reports \u00fcber Websiteaktivit\u00e4ten zu erstellen und um weitere mit der Websitenutzung und der Internetnutzung verbundene Dienstleistungen gegen\u00fcber uns zu erbringen. Es findet keine Zusammenf\u00fchrung der von Google Analytics \u00fcbermittelten IP-Adresse mit anderen Daten von Google statt.    <\/p><p>Browser Plugin<\/p><p>Das Setzen von Cookies durch Ihren Webbrowser ist verhinderbar. Einige Funktionen unserer Website k\u00f6nnten dadurch jedoch eingeschr\u00e4nkt werden. Ebenso k\u00f6nnen Sie die Erfassung von Daten bez\u00fcglich Ihrer Website-Nutzung einschlie\u00dflich Ihrer IP-Adresse mitsamt anschlie\u00dfender Verarbeitung durch Google unterbinden. Dies ist m\u00f6glich, indem Sie das \u00fcber folgenden Link erreichbare Browser-Plugin herunterladen und installieren: https:\/\/tools.google.com\/dlpage\/gaoptout?hl=de.   <\/p><p>Widerspruch gegen die Datenerfassung<\/p><p>Sie k\u00f6nnen die Erfassung Ihrer Daten durch Google Analytics verhindern, indem Sie auf folgenden Link klicken. Es wird ein Opt-Out-Cookie gesetzt, der die Erfassung Ihrer Daten bei zuk\u00fcnftigen Besuchen unserer Website verhindert: Google Analytics deaktivieren. <\/p><p>Einzelheiten zum Umgang mit Nutzerdaten bei Google Analytics finden Sie in der Datenschutzerkl\u00e4rung von Google: https:\/\/support.google.com\/analytics\/answer\/6004245?hl=de.<\/p><p>Auftragsverarbeitung<\/p><p>Zur vollst\u00e4ndigen Erf\u00fcllung der gesetzlichen Datenschutzvorgaben haben wir mit Google einen Vertrag \u00fcber die Auftragsverarbeitung abgeschlossen.<\/p><p>Demografische Merkmale bei Google Analytics<\/p><p>Unsere Website verwendet die Funktion \u201cdemografische Merkmale\u201d von Google Analytics. Mit ihr lassen sich Berichte erstellen, die Aussagen zu Alter, Geschlecht und Interessen der Seitenbesucher enthalten. Diese Daten stammen aus interessenbezogener Werbung von Google sowie aus Besucherdaten von Drittanbietern. Eine Zuordnung der Daten zu einer bestimmten Person ist nicht m\u00f6glich. Sie k\u00f6nnen diese Funktion jederzeit deaktivieren. Dies ist \u00fcber die Anzeigeneinstellungen in Ihrem Google-Konto m\u00f6glich oder indem Sie die Erfassung Ihrer Daten durch Google Analytics, wie im Punkt \u201cWiderspruch gegen die Datenerfassung\u201d erl\u00e4utert, generell untersagen.     <\/p><p>Google AdWords und Google Conversion-Tracking<\/p><p>Unsere Website verwendet Google AdWords. Anbieter ist die Google Inc., 1600 Amphitheatre Parkway, Mountain View, CA 94043, United States. <\/p><p>AdWords ist ein Online-Werbeprogramm. Im Rahmen des Online-Werbeprogramms arbeiten wir mit Conversion-Tracking. Nach einem Klick auf eine von Google geschaltete Anzeige wird ein Cookie f\u00fcr das Conversion-Tracking gesetzt. Cookies sind kleine Textdateien, die Ihr Webbrowser auf Ihrem Endger\u00e4t speichert. Google AdWords Cookies verlieren nach 30 Tagen ihre G\u00fcltigkeit und dienen nicht der pers\u00f6nlichen Identifizierung der Nutzer. Am Cookie k\u00f6nnen Google und wir erkennen, dass Sie auf eine Anzeige geklickt haben und zu unserer Website weitergeleitet wurden.     <\/p><p>Jeder Google AdWords-Kunde erh\u00e4lt ein anderes Cookie. Die Cookies sind nicht \u00fcber Websites von AdWords-Kunden nachverfolgbar. Mit Conversion-Cookies werden Conversion-Statistiken f\u00fcr AdWords-Kunden, die Conversion-Tracking einsetzen, erstellt. Adwords-Kunden erfahren wie viele Nutzer auf ihre Anzeige geklickt haben und auf Seiten mit Conversion-Tracking-Tag weitergeleitet wurden. AdWords-Kunden erhalten jedoch keine Informationen, die eine pers\u00f6nliche Identifikation der Nutzer erm\u00f6glichen. Wenn Sie nicht am Tracking teilnehmen m\u00f6chten, k\u00f6nnen Sie einer Nutzung widersprechen. Hier ist das Conversion-Cookie in den Nutzereinstellungen des Browsers zu deaktivieren. So findet auch keine Aufnahme in die Conversion-Tracking Statistiken statt.       <\/p><p>Die Speicherung von \u201cConversion-Cookies\u201d erfolgt auf Grundlage von Art. 6 Abs. 1 lit. f DSGVO. Wir als Websitebetreiber haben ein berechtigtes Interesse an der Analyse des Nutzerverhaltens, um unser Webangebot und unsere Werbung zu optimieren.   <\/p><p>Einzelheiten zu Google AdWords und Google Conversion-Tracking finden Sie in den Datenschutzbestimmungen von Google: https:\/\/www.google.de\/policies\/privacy\/.<\/p><p>Mit einem modernen Webbrowser k\u00f6nnen Sie das Setzen von Cookies \u00fcberwachen, einschr\u00e4nken oder unterbinden. Die Deaktivierung von Cookies kann eine eingeschr\u00e4nkte Funktionalit\u00e4t unserer Website zur Folge haben. <\/p><p>Quelle: Datenschutz-Konfigurator von mein-datenschutzbeauftragter.de<\/p>\t\t\t\t\t\t\t\t<\/div>\n\t\t\t\t<\/div>\n\t\t\t\t<div class=\"elementor-element elementor-element-5614a70 elementor-widget elementor-widget-text-editor\" data-id=\"5614a70\" data-element_type=\"widget\" data-e-type=\"widget\" data-widget_type=\"text-editor.default\">\n\t\t\t\t<div class=\"elementor-widget-container\">\n\t\t\t\t\t\t\t\t\t<p><strong>English version:<\/strong><\/p>\n<p>Please note that the English translation is provided for our international clients but that the German original is the binding original. We have elaborated the translation with great care but cannot be held liable for any errors in the translation. <\/p>\n<p>Justin Stindt Consulting GmbH (German limited company)<\/p>\n<p>Kamekestr. 27, 50672 Cologne, Germany<\/p>\n<p>Phone: +49 221 969 868 80, Fax: +49 221 46 89 26 60<\/p>\n<p>E-Mail: info@jstindt.com<\/p>\n<p>Internet: http:\/\/www.jstindt.com<\/p>\n<p>Managing Director: Justin Stindt<\/p>\n<p>Company registration number: HRB 82988<\/p><p>VAT Identification Number according to \u00a7 27a UStG: DE298464855<\/p>\n<p>Registration court: AG Cologne<\/p>\n<p>Privacy policy<\/p>\n<p>General note and mandatory information<\/p>\n<p>Designation of the responsible body<\/p>\n<p>The controller responsible for data processing on this website is<\/p>\n<p>Justin Stindt Consulting GmbH<br>Justin Stindt<br>Kamekestr. 27, 50672 Cologne, Germany <\/p>\n<p>This website has been created by : <a href=\"https:\/\/www.alioze.com\/it\/agenzia-comunicazione-salute\" target=\"_blank\" rel=\"noopener\">Alioze &#8211; Agenzia di comunicazione in Salute e Medicina<\/a><\/p>\n<p>The website is hosted by <a href=\"https:\/\/www.alwaysdata.com\/en\/\" target=\"_blank\" rel=\"noopener\">Alwaysdata<\/a><\/p>\n<p>The data controller decides alone or jointly with others on the purposes and means of processing personal data (e.g. names, contact details, etc.).<\/p>\n<p>Withdrawal of your consent to data processing<\/p>\n<p>Some data processing operations are only possible with your express consent. You can withdraw your consent at any time. An informal notification by e-mail is sufficient for the revocation. The legality of the data processing carried out until the revocation remains unaffected by the revocation.   <\/p>\n<p>Right to lodge a complaint with the competent supervisory authority<\/p>\n<p>As a data subject, you have the right to lodge a complaint with the competent supervisory authority in the event of a breach of data protection law. The competent regulatory authority for matters related to data protection legislation is the data protection officer of the German state in which our company is headquartered. The following link provides a list of data protection officers and their contact details: https:\/\/www.bfdi.bund.de\/DE\/Infothek\/Anschriften_Links\/anschriften_links-node.html.  <\/p>\n<p>Right to data portability<\/p>\n<p>You have the right to have data that we process automatically on the basis of your consent or in fulfillment of a contract handed over to you or to third parties. The data will be provided in a machine-readable format. If you request the direct transfer of the data to another controller, this will only take place if it is technically feasible.  <\/p>\n<p>Right to information, correction, blocking, deletion<\/p>\n<p>You have the right to free information about your stored personal data, the origin of the data, its recipients and the purpose of the data processing and, if applicable, a right to correction, blocking or deletion of this data at any time within the framework of the applicable legal provisions. You can contact us at any time using the contact options listed in the legal notice if you have any further questions on the subject of personal data. <\/p>\n<p>SSL or TLS encryption<\/p>\n<p>For security reasons and to protect the transmission of confidential content that you send to us as the site operator, our website uses SSL or TLS encryption. This means that data that you transmit via this website cannot be read by third parties. You can recognize an encrypted connection by the &#8220;https:\/\/&#8221; address line of your browser and the lock symbol in the browser line.  <\/p>\n<p>Contact form<\/p>\n<p>Data transmitted via the contact form, including your contact details, will be stored in order to process your request or to be available for follow-up questions. This data will not be passed on without your consent. <\/p>\n<p>The data entered in the contact form will be processed exclusively on the basis of your consent (Art. 6 para. 1 lit. a GDPR). You can withdraw your consent at any time. An informal notification by e-mail is sufficient for revocation. The legality of the data processing operations carried out until the revocation remains unaffected by the revocation.   <\/p>\n<p>Data transmitted via the contact form will remain with us until you ask us to delete it, revoke your consent to storage or there is no longer any need to store the data. Mandatory statutory provisions &#8211; in particular retention periods &#8211; remain unaffected. <\/p>\n<p>Google Analytics<\/p>\n<p>Our website uses functions of the web analysis service Google Analytics. The provider of the web analysis service is Google Inc, 1600 Amphitheatre Parkway, Mountain View, CA 94043, USA. <\/p>\n<p>Google Analytics uses &#8220;cookies.&#8221; These are small text files that your web browser stores on your end device and enable website usage to be analyzed. Information generated by cookies about your use of our website is transmitted to a Google server and stored there. The server location is usually the USA.   <\/p>\n<p>Google Analytics cookies are set on the basis of Art. 6 para. 1 lit. f GDPR. As the operator of this website, we have a legitimate interest in the analysis of user behavior in order to optimize our website and, if necessary, advertising.   <\/p>\n<p>IP anonymization<\/p>\n<p>We use Google Analytics in conjunction with the IP anonymization function. It ensures that Google truncates your IP address within member states of the European Union or in other signatory states to the Agreement on the European Economic Area before transmitting it to the USA. There may be exceptional cases in which Google transmits the full IP address to a server in the USA and truncates it there. Google will use this information on our behalf for the purpose of evaluating your use of the website, compiling reports on website activity and providing us with other services relating to website activity and internet usage. The IP address transmitted by Google Analytics will not be merged with other Google data.    <\/p>\n<p>Browser plugin<\/p>\n<p>The setting of cookies by your web browser can be prevented. However, some functions of our website may be restricted as a result. You can also prevent the collection of data relating to your website use, including your IP address and subsequent processing by Google. You can do this by downloading and installing the browser plug-in available via the following link: https:\/\/tools.google.com\/dlpage\/gaoptout?hl=de.   <\/p>\n<p>Objection to the collection of data<\/p>\n<p>You can prevent the collection of your data by Google Analytics by clicking on the following link. An opt-out cookie will be set to prevent your data from being collected on future visits to our website: Deactivate Google Analytics. <\/p>\n<p>Details on how Google Analytics handles user data can be found in Google&#8217;s privacy policy: https:\/\/support.google.com\/analytics\/answer\/6004245?hl=de.<\/p>\n<p>Order processing<\/p>\n<p>We have concluded an order processing contract with Google in order to fully comply with the statutory data protection requirements.<\/p>\n<p>Demographic characteristics with Google Analytics<br>Our website uses the &#8220;demographic characteristics&#8221; function of Google Analytics. It can be used to create reports that contain statements about the age, gender and interests of site visitors. This data comes from interest-based advertising from Google and visitor data from third-party providers. It is not possible to assign the data to a specific person. You can deactivate this function at any time. This is possible via the ad settings in your Google account or by generally prohibiting the collection of your data by Google Analytics, as explained in the section &#8220;Objection to data collection&#8221;.     <\/p>\n<p>Google AdWords and Google conversion tracking<\/p>\n<p>Our website uses Google AdWords. The provider is Google Inc, 1600 Amphitheatre Parkway, Mountain View, CA 94043, United States. <\/p>\n<p>AdWords is an online advertising program. As part of the online advertising program, we work with conversion tracking. After clicking on an ad placed by Google, a cookie is set for conversion tracking. Cookies are small text files that your web browser stores on your end device. Google AdWords cookies lose their validity after 30 days and are not used to personally identify users. The cookie allows Google and us to recognize that you have clicked on an ad and have been redirected to our website.     <\/p>\n<p>Each Google AdWords customer receives a different cookie. The cookies cannot be tracked via the websites of AdWords customers. Conversion cookies are used to create conversion statistics for AdWords customers who use conversion tracking. AdWords customers learn how many users clicked on their ad and were redirected to pages with a conversion tracking tag. However, AdWords customers do not receive any information that allows users to be personally identified. If you do not wish to participate in tracking, you can object to its use. In this case, the conversion cookie must be deactivated in the user settings of the browser. This will also prevent it from being included in the conversion tracking statistics.       <\/p>\n<p>The storage of &#8220;conversion cookies&#8221; is based on Art. 6 para. 1 lit. f GDPR. As the website operator, we have a legitimate interest in the analysis of user behavior in order to optimize our website and our advertising.   <\/p>\n<p>Details on Google AdWords and Google Conversion Tracking can be found in Google&#8217;s privacy policy: https:\/\/www.google.de\/policies\/privacy\/.<\/p>\n<p>With a modern web browser, you can monitor, restrict or prevent the setting of cookies. Deactivating cookies may result in limited functionality of our website.<br>Source: Data protection configurator from mein-datenschutzbeauftragter.de <\/p>\t\t\t\t\t\t\t\t<\/div>\n\t\t\t\t<\/div>\n\t\t\t\t\t<\/div>\n\t\t\t\t<\/div>\n\t\t\t\t<\/div>\n\t\t","protected":false},"excerpt":{"rendered":"<p>Justin Stindt Consulting GmbH Deutsches Impressum: Justin Stindt Consulting GmbH Kamekestr. 27, 50672 Colonia Telefon: +49 221 969 868 80, Fax: +49 221 46 89 26 60 E-Mail: info@jstindt.com Internet: https:\/\/www.jstindt.com Vertretungsberechtigter Gesch\u00e4ftsf\u00fchrer: Justin Stindt Registernummer: HRB 82988 Umsatzsteuer-Identifikationsnummer gem\u00e4\u00df \u00a7 27a UStG: DE298464855 Registergericht: AG K\u00f6ln Datenschutzerkl\u00e4rung Allgemeiner Hinweis und Pflichtinformationen Benennung der verantwortlichen [&hellip;]<\/p>\n","protected":false},"author":3,"featured_media":0,"parent":0,"menu_order":0,"comment_status":"closed","ping_status":"closed","template":"","meta":{"_acf_changed":false,"footnotes":""},"class_list":["post-16917","page","type-page","status-publish","hentry"],"acf":[],"_links":{"self":[{"href":"https:\/\/jstindt.com\/it\/wp-json\/wp\/v2\/pages\/16917","targetHints":{"allow":["GET"]}}],"collection":[{"href":"https:\/\/jstindt.com\/it\/wp-json\/wp\/v2\/pages"}],"about":[{"href":"https:\/\/jstindt.com\/it\/wp-json\/wp\/v2\/types\/page"}],"author":[{"embeddable":true,"href":"https:\/\/jstindt.com\/it\/wp-json\/wp\/v2\/users\/3"}],"replies":[{"embeddable":true,"href":"https:\/\/jstindt.com\/it\/wp-json\/wp\/v2\/comments?post=16917"}],"version-history":[{"count":4,"href":"https:\/\/jstindt.com\/it\/wp-json\/wp\/v2\/pages\/16917\/revisions"}],"predecessor-version":[{"id":20561,"href":"https:\/\/jstindt.com\/it\/wp-json\/wp\/v2\/pages\/16917\/revisions\/20561"}],"wp:attachment":[{"href":"https:\/\/jstindt.com\/it\/wp-json\/wp\/v2\/media?parent=16917"}],"curies":[{"name":"wp","href":"https:\/\/api.w.org\/{rel}","templated":true}]}}