{"id":19358,"date":"2025-01-10T13:41:08","date_gmt":"2025-01-10T12:41:08","guid":{"rendered":"https:\/\/jstindt.com\/payer-hta-institutions-directory\/"},"modified":"2025-03-21T16:28:51","modified_gmt":"2025-03-21T15:28:51","slug":"payeur-hta-repertoire-institutions","status":"publish","type":"page","link":"https:\/\/jstindt.com\/fr\/payeur-hta-repertoire-institutions\/","title":{"rendered":"R\u00e9pertoire des organismes payeurs et HTA"},"content":{"rendered":"\t\t<div data-elementor-type=\"wp-page\" data-elementor-id=\"19358\" class=\"elementor elementor-19358 elementor-18269\" data-elementor-post-type=\"page\">\n\t\t\t\t<div class=\"elementor-element elementor-element-ba361c5 e-flex e-con-boxed e-con e-parent\" data-id=\"ba361c5\" data-element_type=\"container\" data-e-type=\"container\">\n\t\t\t\t\t<div class=\"e-con-inner\">\n\t\t\t\t<div class=\"elementor-element elementor-element-fd5b27d elementor-widget elementor-widget-text-editor\" data-id=\"fd5b27d\" data-element_type=\"widget\" data-e-type=\"widget\" data-widget_type=\"text-editor.default\">\n\t\t\t\t<div class=\"elementor-widget-container\">\n\t\t\t\t\t\t\t\t\t<p>Pour naviguer dans les m\u00e9andres de l&rsquo;acc\u00e8s au march\u00e9, il faut avoir une connaissance approfondie des principales institutions de paiement qui d\u00e9terminent l&rsquo;\u00e9valuation des technologies de la sant\u00e9 (ETS) et les d\u00e9cisions de remboursement dans le monde entier. Ces institutions jouent un r\u00f4le essentiel dans la d\u00e9termination de l&rsquo;accessibilit\u00e9, de la tarification et du remboursement des produits pharmaceutiques, des dispositifs m\u00e9dicaux et des technologies de la sant\u00e9 dans leurs r\u00e9gions respectives. &nbsp;<\/p>\n<p>Chez <strong>Justin Stindt Consultants<\/strong>, nous avons compil\u00e9 un r\u00e9pertoire complet des payeurs et des ETS des principaux acteurs institutionnels pour vous aider \u00e0 rationaliser votre strat\u00e9gie d&rsquo;acc\u00e8s au march\u00e9. Chaque profil donne un aper\u00e7u du r\u00f4le de l&rsquo;institution, des processus d&rsquo;\u00e9valuation et de la mani\u00e8re dont notre expertise peut contribuer \u00e0 votre succ\u00e8s. Ce r\u00e9pertoire est votre guide ultime pour d\u00e9bloquer les opportunit\u00e9s d&rsquo;acc\u00e8s au march\u00e9.  <\/p>\n<h2>Comment utiliser ce r\u00e9pertoire<\/h2>\n<ul>\n<li><strong>Explorer par r\u00e9gion ou par payeur\/institution d&rsquo;HTA<\/strong> : Cliquez sur l&rsquo;institution qui vous int\u00e9resse pour acc\u00e9der \u00e0 des profils d\u00e9taill\u00e9s.<\/li>\n<li><strong>Obtenir des informations strat\u00e9giques<\/strong> : Chaque page comprend des informations cl\u00e9s sur les processus, le leadership et des conseils pratiques pour l&rsquo;engagement.<\/li>\n<li><strong>Tirez parti de notre expertise<\/strong> : D\u00e9couvrez comment Justin Stindt Consultants peut vous aider \u00e0 naviguer efficacement dans ces institutions.<\/li>\n<\/ul>\t\t\t\t\t\t\t\t<\/div>\n\t\t\t\t<\/div>\n\t\t\t\t\t<\/div>\n\t\t\t\t<\/div>\n\t\t<div class=\"elementor-element elementor-element-58d5681 e-flex e-con-boxed e-con e-parent\" data-id=\"58d5681\" data-element_type=\"container\" data-e-type=\"container\">\n\t\t\t\t\t<div class=\"e-con-inner\">\n\t\t\t\t<div class=\"elementor-element elementor-element-aa05f3f elementor-widget elementor-widget-template\" data-id=\"aa05f3f\" data-element_type=\"widget\" data-e-type=\"widget\" data-widget_type=\"template.default\">\n\t\t\t\t<div class=\"elementor-widget-container\">\n\t\t\t\t\t\t\t<div class=\"elementor-template\">\n\t\t\t\t\t<div data-elementor-type=\"container\" data-elementor-id=\"19254\" class=\"elementor elementor-19254 elementor-18546 elementor-18546\" data-elementor-post-type=\"elementor_library\">\n\t\t\t\t<div role=\"region\" aria-labelledby=\"e-n-accordion-item-1670\" class=\"elementor-element elementor-element-4d5d7d7a e-flex e-con-boxed e-con e-parent\" data-id=\"4d5d7d7a\" data-element_type=\"container\" data-e-type=\"container\">\n\t\t\t\t\t<div class=\"e-con-inner\">\n\t\t\t\t<div class=\"elementor-element elementor-element-fa73d9e elementor-widget elementor-widget-text-editor\" data-id=\"fa73d9e\" data-element_type=\"widget\" data-e-type=\"widget\" data-widget_type=\"text-editor.default\">\n\t\t\t\t<div class=\"elementor-widget-container\">\n\t\t\t\t\t\t\t\t\t<h4><strong>Institutions mondiales<\/strong><\/h4>\n<ul>\n<li><a href=\"https:\/\/jstindt.com\/fr\/acces-au-marche-avec-oms\/\">World Health Organization<\/a> (WHO)<\/li>\n<li><a href=\"https:\/\/jstindt.com\/fr\/acces-au-marche-avec-ispor\/\">International Society for Pharmacoeconomics and Outcomes Research<\/a> (ISPOR)<\/li>\n<\/ul>\n<h4><strong><br \/><a href=\"https:\/\/jstindt.com\/fr\/usa\/\">\u00c9tats-Unis<\/a><\/strong><\/h4>\n<ul>\n<li><a href=\"https:\/\/jstindt.com\/fr\/acces-au-marche-avec-cms\/\">Centers for Medicare &amp; Medicaid Services<\/a> (CMS)<\/li>\n<li><a href=\"https:\/\/jstindt.com\/fr\/acces-au-marche-avec-amcp\/\">Academy of Managed Care Pharmacy<\/a> (AMCP)<\/li>\n<li><a href=\"https:\/\/jstindt.com\/fr\/acces-au-marche-avec-icer\/\">Institute for Clinical and Economic Review<\/a> (ICER)<\/li>\n<\/ul>\n<h4><strong><br \/><a href=\"https:\/\/jstindt.com\/fr\/france\/\">France<\/a><\/strong><\/h4>\n<ul>\n<li><a href=\"https:\/\/jstindt.com\/fr\/acces-au-marche-avec-la-has\/\">Haute Autorit\u00e9 de Sant\u00e9<\/a> (HAS)<\/li>\n<li><a href=\"https:\/\/jstindt.com\/fr\/acces-au-marche-avec-le-ceps\/\">Comit\u00e9 \u00c9conomique des Produits de Sant\u00e9<\/a> (CEPS)<\/li>\n<\/ul>\n<h4><strong><br \/><a href=\"https:\/\/jstindt.com\/fr\/allemagne\/\">Allemagne<\/a><\/strong><\/h4>\n<ul>\n<li><a href=\"https:\/\/jstindt.com\/fr\/acces-au-marche-avec-gba\/\">Gemeinsamer Bundesausschuss<\/a> (G-BA)<\/li>\n<li><a href=\"https:\/\/jstindt.com\/fr\/acces-au-marche-avec-liqwig\/\">Institute for Quality and Efficiency in Health Care<\/a> (IQWiG)<\/li>\n<li><a href=\"https:\/\/jstindt.com\/fr\/acces-au-marche-avec-le-gkv-spitzenverband\/\">L&rsquo;association GKV Spitzenverband<\/a><\/li>\n<\/ul>\n<h4><strong><br \/><a href=\"https:\/\/jstindt.com\/fr\/royaume-uni\/\">Royaume-Uni<\/a><\/strong><\/h4>\n<ul>\n<li><a href=\"https:\/\/jstindt.com\/fr\/acces-au-marche-avec-nice\/\">National Institute for Health and Care Excellence<\/a> (NICE)<\/li>\n<li><a href=\"https:\/\/jstindt.com\/fr\/acces-au-marche-avec-le-smc\/\">Scottish Medicines Consortium<\/a> (SMC)<\/li>\n<li><a href=\"https:\/\/jstindt.com\/fr\/acces-au-marche-avec-awmsg\/\" rel=\"noopener\">All Wales Medicines Strategy Group<\/a> (AWMSG)<\/li>\n<li><a href=\"https:\/\/jstindt.com\/fr\/acces-au-marche-avec-le-nhs\/\">National Health Service<\/a> (NHS)<\/li>\n<\/ul>\n<h4><strong><br \/><a href=\"https:\/\/jstindt.com\/fr\/italie\/\">Italie<\/a><\/strong><\/h4>\n<ul>\n<li><a href=\"https:\/\/jstindt.com\/fr\/acces-au-marche-avec-aifa\/\">Italian Medicines Agency<\/a> (AIFA)<\/li>\n<li><a href=\"https:\/\/jstindt.com\/fr\/acces-au-marche-avec-la-cse\/\">Scientific and Economic Commission<\/a> (CSE)<\/li>\n<\/ul>\n<h4><strong><br \/><a href=\"https:\/\/jstindt.com\/fr\/espagne\/\">Espagne<\/a><\/strong><\/h4>\n<ul>\n<li><a href=\"https:\/\/jstindt.com\/fr\/acces-au-marche-avec-aemps\/\">Spanish Agency of Medicines and Medical Devices<\/a> (AEMPS)<\/li>\n<li><a href=\"https:\/\/jstindt.com\/fr\/acces-au-marche-avec-la-dgcf\/\">Direcci\u00f3n General de Cartera Com\u00fan de Servicios del Sistema Nacional de Salud y Farmacia<\/a> (DGCF)<\/li>\n<li><a href=\"https:\/\/jstindt.com\/fr\/acces-au-marche-avec-la-cipm\/\">Interministerial Commission on Medicine Prices<\/a> (CIPM)<\/li>\n<\/ul>\n<h4><strong><br \/><a href=\"https:\/\/jstindt.com\/fr\/suisse\/\">Suisse<\/a><\/strong><\/h4>\n<ul>\n<li><a href=\"https:\/\/jstindt.com\/fr\/acces-au-marche-avec-ofsp\/\">Federal Office of Public Health<\/a> (FOPH)<\/li>\n<\/ul>\n\t\t\t\t\t\t\t\t<\/div>\n\t\t\t\t<\/div>\n\t\t\t\t\t<\/div>\n\t\t\t\t<\/div>\n\t\t\t\t<\/div>\n\t\t\t\t<\/div>\n\t\t\t\t\t\t<\/div>\n\t\t\t\t<\/div>\n\t\t\t\t\t<\/div>\n\t\t\t\t<\/div>\n\t\t<div class=\"elementor-element elementor-element-95be7cf e-flex e-con-boxed e-con e-parent\" data-id=\"95be7cf\" data-element_type=\"container\" data-e-type=\"container\">\n\t\t\t\t\t<div class=\"e-con-inner\">\n\t\t\t\t<div class=\"elementor-element elementor-element-5abef9a elementor-widget elementor-widget-text-editor\" data-id=\"5abef9a\" data-element_type=\"widget\" data-e-type=\"widget\" data-widget_type=\"text-editor.default\">\n\t\t\t\t<div class=\"elementor-widget-container\">\n\t\t\t\t\t\t\t\t\t<h2>Pourquoi choisir Justin Stindt Consultants ?<\/h2>\n<p>Notre \u00e9quipe d&rsquo;experts chevronn\u00e9s poss\u00e8de une exp\u00e9rience in\u00e9gal\u00e9e dans la collaboration avec ces institutions de paiement et d&rsquo;ETS. Nous avons guid\u00e9 avec succ\u00e8s nos clients \u00e0 travers des processus d&rsquo;\u00e9valuation complexes et les avons aid\u00e9s \u00e0 obtenir des r\u00e9sultats optimaux en mati\u00e8re de prix et de remboursement. <\/p>\n<h3>Les services que nous offrons :<\/h3>\n<ul>\n<li>Pr\u00e9paration des soumissions d&rsquo;HTA et des dossiers de <a href=\"https:\/\/jstindt.com\/fr\/dossiers-prix-et-remboursement\/\">tarification et de remboursement<\/a>.<\/li>\n<li>Engagement strat\u00e9gique avec les <a href=\"https:\/\/jstindt.com\/fr\/cartographie-parties-prenantes\/\">parties prenantes institutionnelles<\/a>.<\/li>\n<li>Aide \u00e0 la r\u00e9solution des probl\u00e8mes li\u00e9s \u00e0 la r\u00e9glementation et \u00e0 l&rsquo;acc\u00e8s au march\u00e9.<\/li>\n<\/ul>\n\t\t\t\t\t\t\t\t<\/div>\n\t\t\t\t<\/div>\n\t\t\t\t\t<\/div>\n\t\t\t\t<\/div>\n\t\t<div class=\"elementor-element elementor-element-5a09ceb e-con-full e-flex e-con e-parent\" data-id=\"5a09ceb\" data-element_type=\"container\" data-e-type=\"container\" data-settings=\"{&quot;background_background&quot;:&quot;classic&quot;}\">\n\t\t\t\t<div class=\"elementor-element elementor-element-7f4c2b2 elementor-cta--skin-classic elementor-animated-content elementor-bg-transform elementor-bg-transform-zoom-in elementor-widget elementor-widget-call-to-action\" data-id=\"7f4c2b2\" data-element_type=\"widget\" data-e-type=\"widget\" data-widget_type=\"call-to-action.default\">\n\t\t\t\t<div class=\"elementor-widget-container\">\n\t\t\t\t\t\t\t<div class=\"elementor-cta\">\n\t\t\t\t\t\t\t<div class=\"elementor-cta__content\">\n\t\t\t\t\n\t\t\t\t\t\t\t\t\t<h2 class=\"elementor-cta__title elementor-cta__content-item elementor-content-item\">\n\t\t\t\t\t\tBesoin d'aide pour l'acc\u00e8s au march\u00e9 de la HAS ? Justin Stindt Consultants poss\u00e8de l'expertise n\u00e9cessaire pour vous aider \u00e0 r\u00e9ussir. \t\t\t\t\t<\/h2>\n\t\t\t\t\n\t\t\t\t\t\t\t\t\t<div class=\"elementor-cta__description elementor-cta__content-item elementor-content-item\">\n\t\t\t\t\t\t<p><b>Contactez-nous d\u00e8s aujourd'hui<\/b> pour discuter de votre strat\u00e9gie d'acc\u00e8s au march\u00e9 et garantir votre succ\u00e8s avec HAS.<\/p>\n\t\t\t\t\t<\/div>\n\t\t\t\t\n\t\t\t\t\t\t\t\t\t<div class=\"elementor-cta__button-wrapper elementor-cta__content-item elementor-content-item \">\n\t\t\t\t\t<a class=\"elementor-cta__button elementor-button elementor-size-\" href=\"https:\/\/jstindt.com\/contact-us\/\">\n\t\t\t\t\t\tContacter Justin Stindt Consultants\t\t\t\t\t<\/a>\n\t\t\t\t\t<\/div>\n\t\t\t\t\t\t\t<\/div>\n\t\t\t\t\t\t<\/div>\n\t\t\t\t\t\t<\/div>\n\t\t\t\t<\/div>\n\t\t\t\t<\/div>\n\t\t\t\t<\/div>\n\t\t","protected":false},"excerpt":{"rendered":"<p>Pour naviguer dans les m\u00e9andres de l&rsquo;acc\u00e8s au march\u00e9, il faut avoir une connaissance approfondie des principales institutions de paiement qui d\u00e9terminent l&rsquo;\u00e9valuation des technologies de la sant\u00e9 (ETS) et les d\u00e9cisions de remboursement dans le monde entier. Ces institutions jouent un r\u00f4le essentiel dans la d\u00e9termination de l&rsquo;accessibilit\u00e9, de la tarification et du remboursement [&hellip;]<\/p>\n","protected":false},"author":3,"featured_media":0,"parent":0,"menu_order":0,"comment_status":"closed","ping_status":"closed","template":"","meta":{"_acf_changed":false,"footnotes":""},"class_list":["post-19358","page","type-page","status-publish","hentry"],"acf":[],"_links":{"self":[{"href":"https:\/\/jstindt.com\/fr\/wp-json\/wp\/v2\/pages\/19358","targetHints":{"allow":["GET"]}}],"collection":[{"href":"https:\/\/jstindt.com\/fr\/wp-json\/wp\/v2\/pages"}],"about":[{"href":"https:\/\/jstindt.com\/fr\/wp-json\/wp\/v2\/types\/page"}],"author":[{"embeddable":true,"href":"https:\/\/jstindt.com\/fr\/wp-json\/wp\/v2\/users\/3"}],"replies":[{"embeddable":true,"href":"https:\/\/jstindt.com\/fr\/wp-json\/wp\/v2\/comments?post=19358"}],"version-history":[{"count":5,"href":"https:\/\/jstindt.com\/fr\/wp-json\/wp\/v2\/pages\/19358\/revisions"}],"predecessor-version":[{"id":19917,"href":"https:\/\/jstindt.com\/fr\/wp-json\/wp\/v2\/pages\/19358\/revisions\/19917"}],"wp:attachment":[{"href":"https:\/\/jstindt.com\/fr\/wp-json\/wp\/v2\/media?parent=19358"}],"curies":[{"name":"wp","href":"https:\/\/api.w.org\/{rel}","templated":true}]}}