{"id":19234,"date":"2025-02-13T15:18:27","date_gmt":"2025-02-13T14:18:27","guid":{"rendered":"https:\/\/jstindt.com\/?page_id=19234"},"modified":"2025-03-10T14:12:41","modified_gmt":"2025-03-10T13:12:41","slug":"acces-au-marche-avec-amcp","status":"publish","type":"page","link":"https:\/\/jstindt.com\/fr\/acces-au-marche-avec-amcp\/","title":{"rendered":"Acc\u00e8s au march\u00e9 avec AMCP : Votre guide de l&rsquo;Acad\u00e9mie am\u00e9ricaine de pharmacie en soins g\u00e9r\u00e9s"},"content":{"rendered":"\t\t<div data-elementor-type=\"wp-page\" data-elementor-id=\"19234\" class=\"elementor elementor-19234 elementor-18680\" data-elementor-post-type=\"page\">\n\t\t\t\t<div class=\"elementor-element elementor-element-c62871d e-flex e-con-boxed e-con e-parent\" data-id=\"c62871d\" data-element_type=\"container\" data-e-type=\"container\">\n\t\t\t\t\t<div class=\"e-con-inner\">\n\t\t\t\t<div class=\"elementor-element elementor-element-bed4e2e elementor-widget elementor-widget-text-editor\" data-id=\"bed4e2e\" data-element_type=\"widget\" data-e-type=\"widget\" data-widget_type=\"text-editor.default\">\n\t\t\t\t<div class=\"elementor-widget-container\">\n\t\t\t\t\t\t\t\t\t<p><span style=\"font-weight: 400;\">L\u2019<\/span><i><span style=\"font-weight: 400;\">Academy of Managed Care Pharmacy<\/span><\/i><span style=\"font-weight: 400;\"> (<\/span><i><span style=\"font-weight: 400;\">AMCP<\/span><\/i><span style=\"font-weight: 400;\">) est une association professionnelle d\u00e9di\u00e9e \u00e0 l&rsquo;am\u00e9lioration de l&rsquo;acc\u00e8s des patients aux m\u00e9dicaments \u00e0 des co\u00fbts abordables. Fond\u00e9e en 1988, l\u2019AMCP regroupe des pharmaciens, m\u00e9decins, infirmiers et professionnels des sciences de la vie et de l\u2019industrie biopharmaceutique. Ses membres utilisent leur expertise en preuves cliniques et en \u00e9conomie de la sant\u00e9 pour optimiser la gestion des prestations pharmaceutiques et la sant\u00e9 des populations. (<\/span><a href=\"https:\/\/www.amcp.org\/\"><span style=\"font-weight: 400;\">amcp.org<\/span><\/a><span style=\"font-weight: 400;\">)<\/span><\/p>\n<h2><b>Fonctions principales de l\u2019AMCP<\/b><\/h2>\n<ul>\n<li><b>Plaidoyer et \u00e9laboration de politiques :<\/b><span style=\"font-weight: 400;\"> Repr\u00e9sentation des int\u00e9r\u00eats des professionnels de la gestion pharmaceutique dans les questions l\u00e9gislatives et r\u00e9glementaires, afin de garantir des politiques favorisant une gestion optimale des m\u00e9dicaments et des soins aux patients. (<\/span><a href=\"https:\/\/www.amcp.org\/\"><span style=\"font-weight: 400;\">amcp.org<\/span><\/a><span style=\"font-weight: 400;\">)<\/span><\/li>\n<li><span style=\"font-weight: 400;\"> &nbsp;<\/span><b>\u00c9ducation et d\u00e9veloppement professionnel :<\/b><span style=\"font-weight: 400;\"> Organisation d\u2019\u00e9v\u00e9nements en pr\u00e9sentiel, de webinaires et de formations en ligne pour renforcer les connaissances et comp\u00e9tences des membres. (<\/span><a href=\"https:\/\/www.amcp.org\/\"><span style=\"font-weight: 400;\">amcp.org<\/span><\/a><span style=\"font-weight: 400;\">)<\/span><\/li>\n<li><b>Recherche et publications :<\/b><span style=\"font-weight: 400;\"> Publication du <\/span><i><span style=\"font-weight: 400;\">Journal of Managed Care &amp; Specialty Pharmacy<\/span><\/i><span style=\"font-weight: 400;\"> (<\/span><i><span style=\"font-weight: 400;\">JMCP<\/span><\/i><span style=\"font-weight: 400;\">) et d\u2019autres ressources pour diffuser les r\u00e9sultats de recherche et les meilleures pratiques en pharmacie en soins g\u00e9r\u00e9s.<\/span><\/li>\n<\/ul>\n<h2><b>Direction et contacts cl\u00e9s<\/b><\/h2>\n<p><span style=\"font-weight: 400;\">En date de janvier 2025, l\u2019AMCP est dirig\u00e9e par <\/span><b>Christina J. Barrington, PharmD<\/b><span style=\"font-weight: 400;\">, Pr\u00e9sidente, qui supervise les initiatives strat\u00e9giques et les op\u00e9rations de l\u2019organisation.<\/span><\/p>\n<h3><b>Coordonn\u00e9es de l\u2019AMCP<\/b><\/h3>\n<ul>\n<li><span style=\"font-weight: 400;\"> &nbsp; &nbsp; <\/span><b>Site web :<\/b><a href=\"https:\/\/www.amcp.org\/\"> <span style=\"font-weight: 400;\">amcp.org<\/span><\/a><\/li>\n<li><span style=\"font-weight: 400;\"> &nbsp; &nbsp; <\/span><b>Adresse postale :<\/b><b><br><\/b> <span style=\"font-weight: 400;\">Academy of Managed Care Pharmacy<\/span><span style=\"font-weight: 400;\"><br><\/span><span style=\"font-weight: 400;\"> 675 North Washington Street<\/span><span style=\"font-weight: 400;\"><br><\/span><span style=\"font-weight: 400;\">&nbsp; Suite 220<\/span><span style=\"font-weight: 400;\"><br><\/span><span style=\"font-weight: 400;\">&nbsp; Alexandria, VA 22314<\/span><span style=\"font-weight: 400;\"><br><\/span><span style=\"font-weight: 400;\">&nbsp; \u00c9tats-Unis<\/span><span style=\"font-weight: 400;\"><br><\/span><span style=\"font-weight: 400;\">&nbsp; <\/span><b>T\u00e9l\u00e9phone :<\/b><span style=\"font-weight: 400;\"> +1 703-684-2600<\/span><\/li>\n<\/ul>\n<h2><b>D\u00e9fis li\u00e9s \u00e0 la collaboration avec l\u2019AMCP<\/b><\/h2>\n<ul>\n<li><b>Compr\u00e9hension des avantages et opportunit\u00e9s d\u2019adh\u00e9sion :<\/b><span style=\"font-weight: 400;\"> Connaissance des ressources, des programmes \u00e9ducatifs et des opportunit\u00e9s de networking offerts par l\u2019AMCP, essentielle pour maximiser la valeur de l\u2019adh\u00e9sion.<\/span><\/li>\n<li><b>Participation active aux initiatives de plaidoyer :<\/b><span style=\"font-weight: 400;\"> Suivi des questions l\u00e9gislatives et r\u00e9glementaires affectant la gestion pharmaceutique et engagement dans les initiatives de plaidoyer de l\u2019AMCP pour influencer les d\u00e9cisions politiques.<\/span><\/li>\n<li><b>Utilisation des recherches et publications :<\/b><span style=\"font-weight: 400;\"> Exploitation des \u00e9tudes et des meilleures pratiques publi\u00e9es par l\u2019AMCP pour \u00e9clairer la prise de d\u00e9cision et am\u00e9liorer les soins aux patients dans les environnements de soins g\u00e9r\u00e9s.<\/span><\/li>\n<\/ul>\n<p><span style=\"font-weight: 400;\">Une implication active dans l\u2019AMCP peut favoriser le d\u00e9veloppement professionnel, l\u2019approfondissement des connaissances et l\u2019am\u00e9lioration des r\u00e9sultats des patients en gestion pharmaceutique.<\/span><\/p>\n<h2><b>Opportunit\u00e9s \/ Solutions avec Justin Stindt Consultants<\/b><\/h2>\n<ul>\n<li><b>Engagement expert aupr\u00e8s de l\u2019AMCP :<\/b><span style=\"font-weight: 400;\"> Accompagnement dans l\u2019utilisation efficace des ressources, programmes \u00e9ducatifs et initiatives de plaidoyer de l\u2019AMCP pour optimiser la pratique en gestion pharmaceutique.<\/span><\/li>\n<li><b>Strat\u00e9gies d\u2019acc\u00e8s au march\u00e9 AMCP :<\/b><span style=\"font-weight: 400;\"> \u00c9laboration de strat\u00e9gies et dossiers conformes aux principes et aux meilleures pratiques de l\u2019AMCP pour optimiser la gestion des prestations pharmaceutiques et la sant\u00e9 des populations.<\/span><\/li>\n<li><b>Expertise des processus AMCP :<\/b><span style=\"font-weight: 400;\"> Analyse approfondie des proc\u00e9dures et offres de l\u2019AMCP pour aider les clients \u00e0 maximiser les avantages de leur adh\u00e9sion et de leur participation.<\/span><\/li>\n<\/ul>\n<p><span style=\"font-weight: 400;\">Justin Stindt Consultants accompagne les entreprises dans leur engagement aupr\u00e8s de la communaut\u00e9 professionnelle de l\u2019AMCP et dans l\u2019exploitation efficace de ses ressources afin d\u2019optimiser la soumission de dossiers AMCP.<\/span><\/p>\t\t\t\t\t\t\t\t<\/div>\n\t\t\t\t<\/div>\n\t\t\t\t\t<\/div>\n\t\t\t\t<\/div>\n\t\t<div class=\"elementor-element elementor-element-6d19d2e e-flex e-con-boxed e-con e-parent\" data-id=\"6d19d2e\" data-element_type=\"container\" data-e-type=\"container\">\n\t\t\t\t\t<div class=\"e-con-inner\">\n\t\t\t\t<div class=\"elementor-element elementor-element-0ee23d8 elementor-widget-divider--view-line elementor-widget elementor-widget-divider\" data-id=\"0ee23d8\" data-element_type=\"widget\" data-e-type=\"widget\" data-widget_type=\"divider.default\">\n\t\t\t\t<div class=\"elementor-widget-container\">\n\t\t\t\t\t\t\t<div class=\"elementor-divider\">\n\t\t\t<span class=\"elementor-divider-separator\">\n\t\t\t\t\t\t<\/span>\n\t\t<\/div>\n\t\t\t\t\t\t<\/div>\n\t\t\t\t<\/div>\n\t\t\t\t\t<\/div>\n\t\t\t\t<\/div>\n\t\t<div class=\"elementor-element elementor-element-33806b97 e-flex e-con-boxed e-con e-parent\" data-id=\"33806b97\" data-element_type=\"container\" data-e-type=\"container\">\n\t\t\t\t\t<div class=\"e-con-inner\">\n\t\t<div class=\"elementor-element elementor-element-15137e06 e-con-full bordered-block e-flex e-con e-child\" data-id=\"15137e06\" data-element_type=\"container\" data-e-type=\"container\">\n\t\t\t\t<div class=\"elementor-element elementor-element-4117b9e1 elementor-widget elementor-widget-text-editor\" data-id=\"4117b9e1\" data-element_type=\"widget\" data-e-type=\"widget\" data-widget_type=\"text-editor.default\">\n\t\t\t\t<div class=\"elementor-widget-container\">\n\t\t\t\t\t\t\t\t\t<h3>\u00c9tude de cas <\/h3><h2>Succ\u00e8s d\u2019une entreprise pharmaceutique avec le dossier AMCP<\/h2>\t\t\t\t\t\t\t\t<\/div>\n\t\t\t\t<\/div>\n\t\t\t\t<div class=\"elementor-element elementor-element-310630fd elementor-widget elementor-widget-text-editor\" data-id=\"310630fd\" data-element_type=\"widget\" data-e-type=\"widget\" data-widget_type=\"text-editor.default\">\n\t\t\t\t<div class=\"elementor-widget-container\">\n\t\t\t\t\t\t\t\t\t<p><strong>D\u00e9fi<\/strong> : <br \/>Une entreprise de biotechnologie a sollicit\u00e9 notre aide pour d\u00e9velopper un dossier AMCP optimal.<\/p><p><strong>Solution<\/strong> : <br \/>Nous les avons guid\u00e9s dans la compr\u00e9hension du cadre de l\u2019AMCP et l\u2019\u00e9laboration d\u2019une soumission conforme aux attentes.<\/p><p><strong>R\u00e9sultat<\/strong> : <br \/>Notre approche strat\u00e9gique a conduit \u00e0 une collaboration r\u00e9ussie avec les Managed Care Organizations et les Pharmacy Benefit Managers, aboutissant \u00e0 la prise en charge du m\u00e9dicament.<\/p>\t\t\t\t\t\t\t\t<\/div>\n\t\t\t\t<\/div>\n\t\t\t\t<\/div>\n\t\t\t\t\t<\/div>\n\t\t\t\t<\/div>\n\t\t<div class=\"elementor-element elementor-element-6ad029a e-con-full e-flex e-con e-parent\" data-id=\"6ad029a\" data-element_type=\"container\" data-e-type=\"container\" data-settings=\"{&quot;background_background&quot;:&quot;classic&quot;}\">\n\t\t\t\t<div class=\"elementor-element elementor-element-8500e5d elementor-cta--skin-classic elementor-animated-content elementor-bg-transform elementor-bg-transform-zoom-in elementor-widget elementor-widget-call-to-action\" data-id=\"8500e5d\" data-element_type=\"widget\" data-e-type=\"widget\" data-widget_type=\"call-to-action.default\">\n\t\t\t\t<div class=\"elementor-widget-container\">\n\t\t\t\t\t\t\t<div class=\"elementor-cta\">\n\t\t\t\t\t\t\t<div class=\"elementor-cta__content\">\n\t\t\t\t\n\t\t\t\t\t\t\t\t\t<h2 class=\"elementor-cta__title elementor-cta__content-item elementor-content-item\">\n\t\t\t\t\t\tBesoin d\u2019un accompagnement pour optimiser votre engagement avec l\u2019AMCP ? L\u2019expertise de Justin Stindt Consultants vous aide \u00e0 r\u00e9ussir.\t\t\t\t\t<\/h2>\n\t\t\t\t\n\t\t\t\t\t\t\t\t\t<div class=\"elementor-cta__description elementor-cta__content-item elementor-content-item\">\n\t\t\t\t\t\tContactez-nous d\u00e8s aujourd\u2019hui pour \u00e9laborer votre strat\u00e9gie et tirer parti des ressources et opportunit\u00e9s de l\u2019AMCP afin d\u2019am\u00e9liorer votre pratique en pharmacie en soins g\u00e9r\u00e9s.\t\t\t\t\t<\/div>\n\t\t\t\t\n\t\t\t\t\t\t\t\t\t<div class=\"elementor-cta__button-wrapper elementor-cta__content-item elementor-content-item \">\n\t\t\t\t\t<a class=\"elementor-cta__button elementor-button elementor-size-\" href=\"https:\/\/jstindt.com\/contact-us\/\">\n\t\t\t\t\t\tContactez Justin Stindt Consultants\t\t\t\t\t<\/a>\n\t\t\t\t\t<\/div>\n\t\t\t\t\t\t\t<\/div>\n\t\t\t\t\t\t<\/div>\n\t\t\t\t\t\t<\/div>\n\t\t\t\t<\/div>\n\t\t\t\t<\/div>\n\t\t<div class=\"elementor-element elementor-element-a723351 e-flex e-con-boxed e-con e-parent\" data-id=\"a723351\" data-element_type=\"container\" data-e-type=\"container\">\n\t\t\t\t\t<div class=\"e-con-inner\">\n\t\t\t\t<div class=\"elementor-element elementor-element-95a6473 elementor-widget elementor-widget-n-accordion\" data-id=\"95a6473\" data-element_type=\"widget\" data-e-type=\"widget\" data-settings=\"{&quot;default_state&quot;:&quot;all_collapsed&quot;,&quot;max_items_expended&quot;:&quot;one&quot;,&quot;n_accordion_animation_duration&quot;:{&quot;unit&quot;:&quot;ms&quot;,&quot;size&quot;:400,&quot;sizes&quot;:[]}}\" data-widget_type=\"nested-accordion.default\">\n\t\t\t\t<div class=\"elementor-widget-container\">\n\t\t\t\t\t\t\t<div class=\"e-n-accordion\" aria-label=\"Accordion. Open links with Enter or Space, close with Escape, and navigate with Arrow Keys\">\n\t\t\t\t\t\t<details id=\"e-n-accordion-item-1560\" class=\"e-n-accordion-item\" >\n\t\t\t\t<summary class=\"e-n-accordion-item-title\" data-accordion-index=\"1\" tabindex=\"0\" aria-expanded=\"false\" aria-controls=\"e-n-accordion-item-1560\" >\n\t\t\t\t\t<span class='e-n-accordion-item-title-header'><div class=\"e-n-accordion-item-title-text\"> Autres institutions cl\u00e9s dans l'acc\u00e8s au march\u00e9 <\/div><\/span>\n\t\t\t\t\t\t\t<span class='e-n-accordion-item-title-icon'>\n\t\t\t<span class='e-opened' ><i aria-hidden=\"true\" class=\"fas fa-minus\"><\/i><\/span>\n\t\t\t<span class='e-closed'><i aria-hidden=\"true\" class=\"fas fa-plus\"><\/i><\/span>\n\t\t<\/span>\n\n\t\t\t\t\t\t<\/summary>\n\t\t\t\t<div role=\"region\" aria-labelledby=\"e-n-accordion-item-1560\" class=\"elementor-element elementor-element-4a7faaf e-con-full e-flex e-con e-child\" data-id=\"4a7faaf\" data-element_type=\"container\" data-e-type=\"container\">\n\t\t\t\t<div class=\"elementor-element elementor-element-85cc96b elementor-widget elementor-widget-template\" data-id=\"85cc96b\" data-element_type=\"widget\" data-e-type=\"widget\" data-widget_type=\"template.default\">\n\t\t\t\t<div class=\"elementor-widget-container\">\n\t\t\t\t\t\t\t<div class=\"elementor-template\">\n\t\t\t\t\t<div data-elementor-type=\"container\" data-elementor-id=\"19254\" class=\"elementor elementor-19254 elementor-18546 elementor-18546\" data-elementor-post-type=\"elementor_library\">\n\t\t\t\t<div role=\"region\" aria-labelledby=\"e-n-accordion-item-1800\" class=\"elementor-element elementor-element-4d5d7d7a e-flex e-con-boxed e-con e-parent\" data-id=\"4d5d7d7a\" data-element_type=\"container\" data-e-type=\"container\">\n\t\t\t\t\t<div class=\"e-con-inner\">\n\t\t\t\t<div class=\"elementor-element elementor-element-fa73d9e elementor-widget elementor-widget-text-editor\" data-id=\"fa73d9e\" data-element_type=\"widget\" data-e-type=\"widget\" data-widget_type=\"text-editor.default\">\n\t\t\t\t<div class=\"elementor-widget-container\">\n\t\t\t\t\t\t\t\t\t<h4><strong>Institutions mondiales<\/strong><\/h4>\n<ul>\n<li><a href=\"https:\/\/jstindt.com\/fr\/acces-au-marche-avec-oms\/\">World Health Organization<\/a> (WHO)<\/li>\n<li><a href=\"https:\/\/jstindt.com\/fr\/acces-au-marche-avec-ispor\/\">International Society for Pharmacoeconomics and Outcomes Research<\/a> (ISPOR)<\/li>\n<\/ul>\n<h4><strong><br \/><a href=\"https:\/\/jstindt.com\/fr\/usa\/\">\u00c9tats-Unis<\/a><\/strong><\/h4>\n<ul>\n<li><a href=\"https:\/\/jstindt.com\/fr\/acces-au-marche-avec-cms\/\">Centers for Medicare &amp; Medicaid Services<\/a> (CMS)<\/li>\n<li><a href=\"https:\/\/jstindt.com\/fr\/acces-au-marche-avec-amcp\/\">Academy of Managed Care Pharmacy<\/a> (AMCP)<\/li>\n<li><a href=\"https:\/\/jstindt.com\/fr\/acces-au-marche-avec-icer\/\">Institute for Clinical and Economic Review<\/a> (ICER)<\/li>\n<\/ul>\n<h4><strong><br \/><a href=\"https:\/\/jstindt.com\/fr\/france\/\">France<\/a><\/strong><\/h4>\n<ul>\n<li><a href=\"https:\/\/jstindt.com\/fr\/acces-au-marche-avec-la-has\/\">Haute Autorit\u00e9 de Sant\u00e9<\/a> (HAS)<\/li>\n<li><a href=\"https:\/\/jstindt.com\/fr\/acces-au-marche-avec-le-ceps\/\">Comit\u00e9 \u00c9conomique des Produits de Sant\u00e9<\/a> (CEPS)<\/li>\n<\/ul>\n<h4><strong><br \/><a href=\"https:\/\/jstindt.com\/fr\/allemagne\/\">Allemagne<\/a><\/strong><\/h4>\n<ul>\n<li><a href=\"https:\/\/jstindt.com\/fr\/acces-au-marche-avec-gba\/\">Gemeinsamer Bundesausschuss<\/a> (G-BA)<\/li>\n<li><a href=\"https:\/\/jstindt.com\/fr\/acces-au-marche-avec-liqwig\/\">Institute for Quality and Efficiency in Health Care<\/a> (IQWiG)<\/li>\n<li><a href=\"https:\/\/jstindt.com\/fr\/acces-au-marche-avec-le-gkv-spitzenverband\/\">L&rsquo;association GKV Spitzenverband<\/a><\/li>\n<\/ul>\n<h4><strong><br \/><a href=\"https:\/\/jstindt.com\/fr\/royaume-uni\/\">Royaume-Uni<\/a><\/strong><\/h4>\n<ul>\n<li><a href=\"https:\/\/jstindt.com\/fr\/acces-au-marche-avec-nice\/\">National Institute for Health and Care Excellence<\/a> (NICE)<\/li>\n<li><a href=\"https:\/\/jstindt.com\/fr\/acces-au-marche-avec-le-smc\/\">Scottish Medicines Consortium<\/a> (SMC)<\/li>\n<li><a href=\"https:\/\/jstindt.com\/fr\/acces-au-marche-avec-awmsg\/\" rel=\"noopener\">All Wales Medicines Strategy Group<\/a> (AWMSG)<\/li>\n<li><a href=\"https:\/\/jstindt.com\/fr\/acces-au-marche-avec-le-nhs\/\">National Health Service<\/a> (NHS)<\/li>\n<\/ul>\n<h4><strong><br \/><a href=\"https:\/\/jstindt.com\/fr\/italie\/\">Italie<\/a><\/strong><\/h4>\n<ul>\n<li><a href=\"https:\/\/jstindt.com\/fr\/acces-au-marche-avec-aifa\/\">Italian Medicines Agency<\/a> (AIFA)<\/li>\n<li><a href=\"https:\/\/jstindt.com\/fr\/acces-au-marche-avec-la-cse\/\">Scientific and Economic Commission<\/a> (CSE)<\/li>\n<\/ul>\n<h4><strong><br \/><a href=\"https:\/\/jstindt.com\/fr\/espagne\/\">Espagne<\/a><\/strong><\/h4>\n<ul>\n<li><a href=\"https:\/\/jstindt.com\/fr\/acces-au-marche-avec-aemps\/\">Spanish Agency of Medicines and Medical Devices<\/a> (AEMPS)<\/li>\n<li><a href=\"https:\/\/jstindt.com\/fr\/acces-au-marche-avec-la-dgcf\/\">Direcci\u00f3n General de Cartera Com\u00fan de Servicios del Sistema Nacional de Salud y Farmacia<\/a> (DGCF)<\/li>\n<li><a href=\"https:\/\/jstindt.com\/fr\/acces-au-marche-avec-la-cipm\/\">Interministerial Commission on Medicine Prices<\/a> (CIPM)<\/li>\n<\/ul>\n<h4><strong><br \/><a href=\"https:\/\/jstindt.com\/fr\/suisse\/\">Suisse<\/a><\/strong><\/h4>\n<ul>\n<li><a href=\"https:\/\/jstindt.com\/fr\/acces-au-marche-avec-ofsp\/\">Federal Office of Public Health<\/a> (FOPH)<\/li>\n<\/ul>\n\t\t\t\t\t\t\t\t<\/div>\n\t\t\t\t<\/div>\n\t\t\t\t\t<\/div>\n\t\t\t\t<\/div>\n\t\t\t\t<\/div>\n\t\t\t\t<\/div>\n\t\t\t\t\t\t<\/div>\n\t\t\t\t<\/div>\n\t\t\t\t<\/div>\n\t\t\t\t\t<\/details>\n\t\t\t\t\t<\/div>\n\t\t\t\t\t\t<\/div>\n\t\t\t\t<\/div>\n\t\t\t\t\t<\/div>\n\t\t\t\t<\/div>\n\t\t\t\t<\/div>\n\t\t","protected":false},"excerpt":{"rendered":"<p>L\u2019Academy of Managed Care Pharmacy (AMCP) est une association professionnelle d\u00e9di\u00e9e \u00e0 l&rsquo;am\u00e9lioration de l&rsquo;acc\u00e8s des patients aux m\u00e9dicaments \u00e0 des co\u00fbts abordables. Fond\u00e9e en 1988, l\u2019AMCP regroupe des pharmaciens, m\u00e9decins, infirmiers et professionnels des sciences de la vie et de l\u2019industrie biopharmaceutique. Ses membres utilisent leur expertise en preuves cliniques et en \u00e9conomie de [&hellip;]<\/p>\n","protected":false},"author":3,"featured_media":0,"parent":0,"menu_order":0,"comment_status":"closed","ping_status":"closed","template":"","meta":{"_acf_changed":false,"footnotes":""},"class_list":["post-19234","page","type-page","status-publish","hentry"],"acf":[],"_links":{"self":[{"href":"https:\/\/jstindt.com\/fr\/wp-json\/wp\/v2\/pages\/19234","targetHints":{"allow":["GET"]}}],"collection":[{"href":"https:\/\/jstindt.com\/fr\/wp-json\/wp\/v2\/pages"}],"about":[{"href":"https:\/\/jstindt.com\/fr\/wp-json\/wp\/v2\/types\/page"}],"author":[{"embeddable":true,"href":"https:\/\/jstindt.com\/fr\/wp-json\/wp\/v2\/users\/3"}],"replies":[{"embeddable":true,"href":"https:\/\/jstindt.com\/fr\/wp-json\/wp\/v2\/comments?post=19234"}],"version-history":[{"count":8,"href":"https:\/\/jstindt.com\/fr\/wp-json\/wp\/v2\/pages\/19234\/revisions"}],"predecessor-version":[{"id":19580,"href":"https:\/\/jstindt.com\/fr\/wp-json\/wp\/v2\/pages\/19234\/revisions\/19580"}],"wp:attachment":[{"href":"https:\/\/jstindt.com\/fr\/wp-json\/wp\/v2\/media?parent=19234"}],"curies":[{"name":"wp","href":"https:\/\/api.w.org\/{rel}","templated":true}]}}