{"id":19189,"date":"2025-02-13T15:22:55","date_gmt":"2025-02-13T14:22:55","guid":{"rendered":"https:\/\/jstindt.com\/?page_id=19189"},"modified":"2025-03-10T14:12:57","modified_gmt":"2025-03-10T13:12:57","slug":"acces-au-marche-avec-icer","status":"publish","type":"page","link":"https:\/\/jstindt.com\/fr\/acces-au-marche-avec-icer\/","title":{"rendered":"Acc\u00e8s au march\u00e9 avec ICER : Votre guide de l\u2019institut am\u00e9ricain d\u2019\u00e9valuation des technologies de sant\u00e9"},"content":{"rendered":"\t\t<div data-elementor-type=\"wp-page\" data-elementor-id=\"19189\" class=\"elementor elementor-19189 elementor-18692\" data-elementor-post-type=\"page\">\n\t\t\t\t<div class=\"elementor-element elementor-element-7717568 e-flex e-con-boxed e-con e-parent\" data-id=\"7717568\" data-element_type=\"container\" data-e-type=\"container\">\n\t\t\t\t\t<div class=\"e-con-inner\">\n\t\t\t\t<div class=\"elementor-element elementor-element-ed89a84 elementor-widget elementor-widget-text-editor\" data-id=\"ed89a84\" data-element_type=\"widget\" data-e-type=\"widget\" data-widget_type=\"text-editor.default\">\n\t\t\t\t<div class=\"elementor-widget-container\">\n\t\t\t\t\t\t\t\t\t<p><span style=\"font-weight: 400;\">L\u2019<\/span><i><span style=\"font-weight: 400;\">Institute for Clinical and Economic Review<\/span><\/i><span style=\"font-weight: 400;\"> (<\/span><i><span style=\"font-weight: 400;\">ICER<\/span><\/i><span style=\"font-weight: 400;\">) est un institut de recherche ind\u00e9pendant et \u00e0 but non lucratif qui r\u00e9alise des \u00e9valuations fond\u00e9es sur des preuves des interventions en sant\u00e9, y compris les m\u00e9dicaments sur ordonnance, les traitements et les tests diagnostiques. Fond\u00e9 en 2006, ICER fournit des \u00e9valuations objectives pour \u00e9clairer la prise de d\u00e9cision dans le syst\u00e8me de sant\u00e9 am\u00e9ricain. (<\/span><a href=\"https:\/\/icer.org\/\"><span style=\"font-weight: 400;\">icer.org<\/span><\/a><span style=\"font-weight: 400;\">)<\/span><\/p>\n<h2><b>Fonctions principales d\u2019ICER<\/b><\/h2>\n<ul>\n<li><span style=\"font-weight: 400;\"> &nbsp; &nbsp; <\/span><b>\u00c9valuations bas\u00e9es sur les preuves :<\/b><span style=\"font-weight: 400;\"> R\u00e9alisation d\u2019analyses approfondies pour \u00e9valuer l\u2019efficacit\u00e9 clinique et la valeur des interventions m\u00e9dicales. (<\/span><a href=\"https:\/\/icer.org\/\"><span style=\"font-weight: 400;\">icer.org<\/span><\/a><span style=\"font-weight: 400;\">)<\/span><\/li>\n<li><span style=\"font-weight: 400;\"> &nbsp; &nbsp; <\/span><b>D\u00e9veloppement de cadres de valeur :<\/b><span style=\"font-weight: 400;\"> \u00c9laboration de m\u00e9thodologies pour guider l\u2019\u00e9valuation des interventions en sant\u00e9, favorisant un juste prix et un acc\u00e8s \u00e9quitable. (<\/span><a href=\"https:\/\/icer.org\/\"><span style=\"font-weight: 400;\">icer.org<\/span><\/a><span style=\"font-weight: 400;\">)<\/span><\/li>\n<li><b>&nbsp; &nbsp; Recommandations politiques :<\/b><span style=\"font-weight: 400;\"> Fourniture de conseils aux parties prenantes, y compris les d\u00e9cideurs et les payeurs, afin de soutenir des d\u00e9cisions de sant\u00e9 \u00e9clair\u00e9es.<\/span><\/li>\n<\/ul>\n<h2><b>Direction et contacts cl\u00e9s<\/b><\/h2>\n<p><span style=\"font-weight: 400;\">En date de janvier 2025, ICER est dirig\u00e9 par <\/span><b>Sarah K. Emond, MPP<\/b><span style=\"font-weight: 400;\">, Pr\u00e9sidente, qui supervise les initiatives strat\u00e9giques et les op\u00e9rations de l\u2019organisation.<\/span><\/p>\n<h3><b>Coordonn\u00e9es d\u2019ICER<\/b><\/h3>\n<ul>\n<li><span style=\"font-weight: 400;\"> &nbsp; &nbsp; <\/span><b>Site web :<\/b><a href=\"https:\/\/icer.org\/\"> <span style=\"font-weight: 400;\">icer.org<\/span><\/a><\/li>\n<li><span style=\"font-weight: 400;\"> &nbsp; &nbsp; <\/span><b>Adresse postale :<\/b><b><br><\/b> <span style=\"font-weight: 400;\">Institute for Clinical and Economic Review<\/span><span style=\"font-weight: 400;\"><br><\/span><span style=\"font-weight: 400;\"> Two Liberty Square, Ninth Floor<\/span><span style=\"font-weight: 400;\"><br><\/span><span style=\"font-weight: 400;\">&nbsp; Boston, MA 02109<\/span><span style=\"font-weight: 400;\"><br><\/span><span style=\"font-weight: 400;\">&nbsp; \u00c9tats-Unis<\/span><span style=\"font-weight: 400;\"><br><\/span><span style=\"font-weight: 400;\">&nbsp; <\/span><b>T\u00e9l\u00e9phone :<\/b><span style=\"font-weight: 400;\"> +1 617-528-4013<\/span><\/li>\n<\/ul>\n<h2><b>D\u00e9fis li\u00e9s \u00e0 la collaboration avec ICER<\/b><\/h2>\n<ul>\n<li><b>Compr\u00e9hension des m\u00e9thodologies d\u2019\u00e9valuation :<\/b><span style=\"font-weight: 400;\"> Ma\u00eetrise des processus d\u2019\u00e9valuation et des cadres de valeur d\u2019ICER, essentielle pour un acc\u00e8s efficace au march\u00e9.<\/span><\/li>\n<li><b>Soumissions pr\u00e9cises et en temps voulu :<\/b><span style=\"font-weight: 400;\"> Pr\u00e9paration rigoureuse des dossiers et respect des d\u00e9lais pour faciliter les processus d\u2019\u00e9valuation.<\/span><\/li>\n<li><b>D\u00e9monstration du rapport co\u00fbt-efficacit\u00e9 :<\/b><span style=\"font-weight: 400;\"> Pr\u00e9sentation de preuves solides d\u00e9montrant que les nouveaux traitements offrent une valeur optimale au sein du cadre de sant\u00e9 am\u00e9ricain.<\/span><\/li>\n<\/ul>\n<p><span style=\"font-weight: 400;\">Une collaboration efficace avec ICER peut permettre un acc\u00e8s rapide au march\u00e9 et garantir des d\u00e9cisions de remboursement favorables aux \u00c9tats-Unis.<\/span><\/p>\n<h2><b>Opportunit\u00e9s \/ Solutions avec Justin Stindt Consultants<\/b><\/h2>\n<ul>\n<li><b>Soumissions expertes aupr\u00e8s d\u2019ICER :<\/b><span style=\"font-weight: 400;\"> Cr\u00e9ation de dossiers de haute qualit\u00e9 pour les \u00e9valuations des interventions en sant\u00e9.<\/span><\/li>\n<li><b>Strat\u00e9gies d\u2019acc\u00e8s au march\u00e9 ICER :<\/b><span style=\"font-weight: 400;\"> D\u00e9veloppement de strat\u00e9gies align\u00e9es sur le cadre d\u2019\u00e9valuation d\u2019ICER pour optimiser l\u2019acc\u00e8s au march\u00e9.<\/span><\/li>\n<li><b>Expertise des processus ICER :<\/b><span style=\"font-weight: 400;\"> Analyse approfondie des proc\u00e9dures d\u2019ICER pour am\u00e9liorer la conformit\u00e9 et acc\u00e9l\u00e9rer les approbations.<\/span><\/li>\n<\/ul>\n<p><span style=\"font-weight: 400;\">Justin Stindt Consultants accompagne les entreprises dans leur engagement aupr\u00e8s d\u2019ICER afin d\u2019assurer un acc\u00e8s efficace au march\u00e9 am\u00e9ricain.<\/span><\/p>\t\t\t\t\t\t\t\t<\/div>\n\t\t\t\t<\/div>\n\t\t\t\t\t<\/div>\n\t\t\t\t<\/div>\n\t\t<div class=\"elementor-element elementor-element-4988da0 e-flex e-con-boxed e-con e-parent\" data-id=\"4988da0\" data-element_type=\"container\" data-e-type=\"container\">\n\t\t\t\t\t<div class=\"e-con-inner\">\n\t\t\t\t<div class=\"elementor-element elementor-element-ee9f500 elementor-widget-divider--view-line elementor-widget elementor-widget-divider\" data-id=\"ee9f500\" data-element_type=\"widget\" data-e-type=\"widget\" data-widget_type=\"divider.default\">\n\t\t\t\t<div class=\"elementor-widget-container\">\n\t\t\t\t\t\t\t<div class=\"elementor-divider\">\n\t\t\t<span class=\"elementor-divider-separator\">\n\t\t\t\t\t\t<\/span>\n\t\t<\/div>\n\t\t\t\t\t\t<\/div>\n\t\t\t\t<\/div>\n\t\t\t\t\t<\/div>\n\t\t\t\t<\/div>\n\t\t<div class=\"elementor-element elementor-element-36801c66 e-flex e-con-boxed e-con e-parent\" data-id=\"36801c66\" data-element_type=\"container\" data-e-type=\"container\">\n\t\t\t\t\t<div class=\"e-con-inner\">\n\t\t<div class=\"elementor-element elementor-element-260498df e-con-full bordered-block e-flex e-con e-child\" data-id=\"260498df\" data-element_type=\"container\" data-e-type=\"container\">\n\t\t\t\t<div class=\"elementor-element elementor-element-5b089898 elementor-widget elementor-widget-text-editor\" data-id=\"5b089898\" data-element_type=\"widget\" data-e-type=\"widget\" data-widget_type=\"text-editor.default\">\n\t\t\t\t<div class=\"elementor-widget-container\">\n\t\t\t\t\t\t\t\t\t<h3>\u00c9tude de cas<\/h3><h2>Succ\u00e8s d\u2019une entreprise pharmaceutique avec ICER<\/h2>\t\t\t\t\t\t\t\t<\/div>\n\t\t\t\t<\/div>\n\t\t\t\t<div class=\"elementor-element elementor-element-7f50d796 elementor-widget elementor-widget-text-editor\" data-id=\"7f50d796\" data-element_type=\"widget\" data-e-type=\"widget\" data-widget_type=\"text-editor.default\">\n\t\t\t\t<div class=\"elementor-widget-container\">\n\t\t\t\t\t\t\t\t\t<p><strong>D\u00e9fi<\/strong> : <br \/>Une entreprise pharmaceutique a sollicit\u00e9 notre aide pour obtenir une \u00e9valuation favorable et un remboursement pour une nouvelle th\u00e9rapie aux \u00c9tats-Unis.<\/p><p><strong>Solution<\/strong> : <br \/>Nous avons guid\u00e9 la pr\u00e9paration d\u2019un dossier complet r\u00e9pondant aux crit\u00e8res d\u2019\u00e9valuation d\u2019ICER.<\/p><p><strong>R\u00e9sultat<\/strong> : <br \/>Notre approche strat\u00e9gique a conduit \u00e0 une issue favorable, facilitant l\u2019adoption de la th\u00e9rapie sur le march\u00e9 de la sant\u00e9 am\u00e9ricain.<\/p>\t\t\t\t\t\t\t\t<\/div>\n\t\t\t\t<\/div>\n\t\t\t\t<\/div>\n\t\t\t\t\t<\/div>\n\t\t\t\t<\/div>\n\t\t<div class=\"elementor-element elementor-element-0099aaf e-con-full e-flex e-con e-parent\" data-id=\"0099aaf\" data-element_type=\"container\" data-e-type=\"container\" data-settings=\"{&quot;background_background&quot;:&quot;classic&quot;}\">\n\t\t\t\t<div class=\"elementor-element elementor-element-2dd1be8 elementor-cta--skin-classic elementor-animated-content elementor-bg-transform elementor-bg-transform-zoom-in elementor-widget elementor-widget-call-to-action\" data-id=\"2dd1be8\" data-element_type=\"widget\" data-e-type=\"widget\" data-widget_type=\"call-to-action.default\">\n\t\t\t\t<div class=\"elementor-widget-container\">\n\t\t\t\t\t\t\t<div class=\"elementor-cta\">\n\t\t\t\t\t\t\t<div class=\"elementor-cta__content\">\n\t\t\t\t\n\t\t\t\t\t\t\t\t\t<h2 class=\"elementor-cta__title elementor-cta__content-item elementor-content-item\">\n\t\t\t\t\t\tBesoin d\u2019un accompagnement pour l\u2019acc\u00e8s au march\u00e9 avec ICER ? L\u2019expertise de Justin Stindt Consultants vous aide \u00e0 r\u00e9ussir.\t\t\t\t\t<\/h2>\n\t\t\t\t\n\t\t\t\t\t\t\t\t\t<div class=\"elementor-cta__description elementor-cta__content-item elementor-content-item\">\n\t\t\t\t\t\tContactez-nous d\u00e8s aujourd\u2019hui pour d\u00e9velopper votre strat\u00e9gie d\u2019acc\u00e8s au march\u00e9 et garantir votre succ\u00e8s avec ICER.\t\t\t\t\t<\/div>\n\t\t\t\t\n\t\t\t\t\t\t\t\t\t<div class=\"elementor-cta__button-wrapper elementor-cta__content-item elementor-content-item \">\n\t\t\t\t\t<a class=\"elementor-cta__button elementor-button elementor-size-\" href=\"https:\/\/jstindt.com\/contact-us\/\">\n\t\t\t\t\t\tContactez Justin Stindt Consultants\t\t\t\t\t<\/a>\n\t\t\t\t\t<\/div>\n\t\t\t\t\t\t\t<\/div>\n\t\t\t\t\t\t<\/div>\n\t\t\t\t\t\t<\/div>\n\t\t\t\t<\/div>\n\t\t\t\t<\/div>\n\t\t<div class=\"elementor-element elementor-element-4fc150d e-flex e-con-boxed e-con e-parent\" data-id=\"4fc150d\" data-element_type=\"container\" data-e-type=\"container\">\n\t\t\t\t\t<div class=\"e-con-inner\">\n\t\t\t\t<div class=\"elementor-element elementor-element-bca83d8 elementor-widget elementor-widget-n-accordion\" data-id=\"bca83d8\" data-element_type=\"widget\" data-e-type=\"widget\" data-settings=\"{&quot;default_state&quot;:&quot;all_collapsed&quot;,&quot;max_items_expended&quot;:&quot;one&quot;,&quot;n_accordion_animation_duration&quot;:{&quot;unit&quot;:&quot;ms&quot;,&quot;size&quot;:400,&quot;sizes&quot;:[]}}\" data-widget_type=\"nested-accordion.default\">\n\t\t\t\t<div class=\"elementor-widget-container\">\n\t\t\t\t\t\t\t<div class=\"e-n-accordion\" aria-label=\"Accordion. Open links with Enter or Space, close with Escape, and navigate with Arrow Keys\">\n\t\t\t\t\t\t<details id=\"e-n-accordion-item-1970\" class=\"e-n-accordion-item\" >\n\t\t\t\t<summary class=\"e-n-accordion-item-title\" data-accordion-index=\"1\" tabindex=\"0\" aria-expanded=\"false\" aria-controls=\"e-n-accordion-item-1970\" >\n\t\t\t\t\t<span class='e-n-accordion-item-title-header'><div class=\"e-n-accordion-item-title-text\"> Autres institutions cl\u00e9s dans l'acc\u00e8s au march\u00e9 <\/div><\/span>\n\t\t\t\t\t\t\t<span class='e-n-accordion-item-title-icon'>\n\t\t\t<span class='e-opened' ><i aria-hidden=\"true\" class=\"fas fa-minus\"><\/i><\/span>\n\t\t\t<span class='e-closed'><i aria-hidden=\"true\" class=\"fas fa-plus\"><\/i><\/span>\n\t\t<\/span>\n\n\t\t\t\t\t\t<\/summary>\n\t\t\t\t<div role=\"region\" aria-labelledby=\"e-n-accordion-item-1970\" class=\"elementor-element elementor-element-127d1dc e-con-full e-flex e-con e-child\" data-id=\"127d1dc\" data-element_type=\"container\" data-e-type=\"container\">\n\t\t\t\t<div class=\"elementor-element elementor-element-63e1a19 elementor-widget elementor-widget-template\" data-id=\"63e1a19\" data-element_type=\"widget\" data-e-type=\"widget\" data-widget_type=\"template.default\">\n\t\t\t\t<div class=\"elementor-widget-container\">\n\t\t\t\t\t\t\t<div class=\"elementor-template\">\n\t\t\t\t\t<div data-elementor-type=\"container\" data-elementor-id=\"19254\" class=\"elementor elementor-19254 elementor-18546 elementor-18546\" data-elementor-post-type=\"elementor_library\">\n\t\t\t\t<div role=\"region\" aria-labelledby=\"e-n-accordion-item-2270\" class=\"elementor-element elementor-element-4d5d7d7a e-flex e-con-boxed e-con e-parent\" data-id=\"4d5d7d7a\" data-element_type=\"container\" data-e-type=\"container\">\n\t\t\t\t\t<div class=\"e-con-inner\">\n\t\t\t\t<div class=\"elementor-element elementor-element-fa73d9e elementor-widget elementor-widget-text-editor\" data-id=\"fa73d9e\" data-element_type=\"widget\" data-e-type=\"widget\" data-widget_type=\"text-editor.default\">\n\t\t\t\t<div class=\"elementor-widget-container\">\n\t\t\t\t\t\t\t\t\t<h4><strong>Institutions mondiales<\/strong><\/h4>\n<ul>\n<li><a href=\"https:\/\/jstindt.com\/fr\/acces-au-marche-avec-oms\/\">World Health Organization<\/a> (WHO)<\/li>\n<li><a href=\"https:\/\/jstindt.com\/fr\/acces-au-marche-avec-ispor\/\">International Society for Pharmacoeconomics and Outcomes Research<\/a> (ISPOR)<\/li>\n<\/ul>\n<h4><strong><br \/><a href=\"https:\/\/jstindt.com\/fr\/usa\/\">\u00c9tats-Unis<\/a><\/strong><\/h4>\n<ul>\n<li><a href=\"https:\/\/jstindt.com\/fr\/acces-au-marche-avec-cms\/\">Centers for Medicare &amp; Medicaid Services<\/a> (CMS)<\/li>\n<li><a href=\"https:\/\/jstindt.com\/fr\/acces-au-marche-avec-amcp\/\">Academy of Managed Care Pharmacy<\/a> (AMCP)<\/li>\n<li><a href=\"https:\/\/jstindt.com\/fr\/acces-au-marche-avec-icer\/\">Institute for Clinical and Economic Review<\/a> (ICER)<\/li>\n<\/ul>\n<h4><strong><br \/><a href=\"https:\/\/jstindt.com\/fr\/france\/\">France<\/a><\/strong><\/h4>\n<ul>\n<li><a href=\"https:\/\/jstindt.com\/fr\/acces-au-marche-avec-la-has\/\">Haute Autorit\u00e9 de Sant\u00e9<\/a> (HAS)<\/li>\n<li><a href=\"https:\/\/jstindt.com\/fr\/acces-au-marche-avec-le-ceps\/\">Comit\u00e9 \u00c9conomique des Produits de Sant\u00e9<\/a> (CEPS)<\/li>\n<\/ul>\n<h4><strong><br \/><a href=\"https:\/\/jstindt.com\/fr\/allemagne\/\">Allemagne<\/a><\/strong><\/h4>\n<ul>\n<li><a href=\"https:\/\/jstindt.com\/fr\/acces-au-marche-avec-gba\/\">Gemeinsamer Bundesausschuss<\/a> (G-BA)<\/li>\n<li><a href=\"https:\/\/jstindt.com\/fr\/acces-au-marche-avec-liqwig\/\">Institute for Quality and Efficiency in Health Care<\/a> (IQWiG)<\/li>\n<li><a href=\"https:\/\/jstindt.com\/fr\/acces-au-marche-avec-le-gkv-spitzenverband\/\">L&rsquo;association GKV Spitzenverband<\/a><\/li>\n<\/ul>\n<h4><strong><br \/><a href=\"https:\/\/jstindt.com\/fr\/royaume-uni\/\">Royaume-Uni<\/a><\/strong><\/h4>\n<ul>\n<li><a href=\"https:\/\/jstindt.com\/fr\/acces-au-marche-avec-nice\/\">National Institute for Health and Care Excellence<\/a> (NICE)<\/li>\n<li><a href=\"https:\/\/jstindt.com\/fr\/acces-au-marche-avec-le-smc\/\">Scottish Medicines Consortium<\/a> (SMC)<\/li>\n<li><a href=\"https:\/\/jstindt.com\/fr\/acces-au-marche-avec-awmsg\/\" rel=\"noopener\">All Wales Medicines Strategy Group<\/a> (AWMSG)<\/li>\n<li><a href=\"https:\/\/jstindt.com\/fr\/acces-au-marche-avec-le-nhs\/\">National Health Service<\/a> (NHS)<\/li>\n<\/ul>\n<h4><strong><br \/><a href=\"https:\/\/jstindt.com\/fr\/italie\/\">Italie<\/a><\/strong><\/h4>\n<ul>\n<li><a href=\"https:\/\/jstindt.com\/fr\/acces-au-marche-avec-aifa\/\">Italian Medicines Agency<\/a> (AIFA)<\/li>\n<li><a href=\"https:\/\/jstindt.com\/fr\/acces-au-marche-avec-la-cse\/\">Scientific and Economic Commission<\/a> (CSE)<\/li>\n<\/ul>\n<h4><strong><br \/><a href=\"https:\/\/jstindt.com\/fr\/espagne\/\">Espagne<\/a><\/strong><\/h4>\n<ul>\n<li><a href=\"https:\/\/jstindt.com\/fr\/acces-au-marche-avec-aemps\/\">Spanish Agency of Medicines and Medical Devices<\/a> (AEMPS)<\/li>\n<li><a href=\"https:\/\/jstindt.com\/fr\/acces-au-marche-avec-la-dgcf\/\">Direcci\u00f3n General de Cartera Com\u00fan de Servicios del Sistema Nacional de Salud y Farmacia<\/a> (DGCF)<\/li>\n<li><a href=\"https:\/\/jstindt.com\/fr\/acces-au-marche-avec-la-cipm\/\">Interministerial Commission on Medicine Prices<\/a> (CIPM)<\/li>\n<\/ul>\n<h4><strong><br \/><a href=\"https:\/\/jstindt.com\/fr\/suisse\/\">Suisse<\/a><\/strong><\/h4>\n<ul>\n<li><a href=\"https:\/\/jstindt.com\/fr\/acces-au-marche-avec-ofsp\/\">Federal Office of Public Health<\/a> (FOPH)<\/li>\n<\/ul>\n\t\t\t\t\t\t\t\t<\/div>\n\t\t\t\t<\/div>\n\t\t\t\t\t<\/div>\n\t\t\t\t<\/div>\n\t\t\t\t<\/div>\n\t\t\t\t<\/div>\n\t\t\t\t\t\t<\/div>\n\t\t\t\t<\/div>\n\t\t\t\t<\/div>\n\t\t\t\t\t<\/details>\n\t\t\t\t\t<\/div>\n\t\t\t\t\t\t<\/div>\n\t\t\t\t<\/div>\n\t\t\t\t\t<\/div>\n\t\t\t\t<\/div>\n\t\t\t\t<\/div>\n\t\t","protected":false},"excerpt":{"rendered":"<p>L\u2019Institute for Clinical and Economic Review (ICER) est un institut de recherche ind\u00e9pendant et \u00e0 but non lucratif qui r\u00e9alise des \u00e9valuations fond\u00e9es sur des preuves des interventions en sant\u00e9, y compris les m\u00e9dicaments sur ordonnance, les traitements et les tests diagnostiques. Fond\u00e9 en 2006, ICER fournit des \u00e9valuations objectives pour \u00e9clairer la prise de [&hellip;]<\/p>\n","protected":false},"author":3,"featured_media":0,"parent":0,"menu_order":0,"comment_status":"closed","ping_status":"closed","template":"","meta":{"_acf_changed":false,"footnotes":""},"class_list":["post-19189","page","type-page","status-publish","hentry"],"acf":[],"_links":{"self":[{"href":"https:\/\/jstindt.com\/fr\/wp-json\/wp\/v2\/pages\/19189","targetHints":{"allow":["GET"]}}],"collection":[{"href":"https:\/\/jstindt.com\/fr\/wp-json\/wp\/v2\/pages"}],"about":[{"href":"https:\/\/jstindt.com\/fr\/wp-json\/wp\/v2\/types\/page"}],"author":[{"embeddable":true,"href":"https:\/\/jstindt.com\/fr\/wp-json\/wp\/v2\/users\/3"}],"replies":[{"embeddable":true,"href":"https:\/\/jstindt.com\/fr\/wp-json\/wp\/v2\/comments?post=19189"}],"version-history":[{"count":8,"href":"https:\/\/jstindt.com\/fr\/wp-json\/wp\/v2\/pages\/19189\/revisions"}],"predecessor-version":[{"id":19582,"href":"https:\/\/jstindt.com\/fr\/wp-json\/wp\/v2\/pages\/19189\/revisions\/19582"}],"wp:attachment":[{"href":"https:\/\/jstindt.com\/fr\/wp-json\/wp\/v2\/media?parent=19189"}],"curies":[{"name":"wp","href":"https:\/\/api.w.org\/{rel}","templated":true}]}}