{"id":19149,"date":"2025-02-13T15:01:29","date_gmt":"2025-02-13T14:01:29","guid":{"rendered":"https:\/\/jstindt.com\/?page_id=19149"},"modified":"2025-03-11T14:56:28","modified_gmt":"2025-03-11T13:56:28","slug":"acces-au-marche-avec-awmsg","status":"publish","type":"page","link":"https:\/\/jstindt.com\/fr\/acces-au-marche-avec-awmsg\/","title":{"rendered":"Acc\u00e8s au march\u00e9 avec AWMSG : Votre guide de l&rsquo;autorit\u00e9 galloise d&rsquo;\u00e9valuation des technologies de sant\u00e9"},"content":{"rendered":"\t\t<div data-elementor-type=\"wp-page\" data-elementor-id=\"19149\" class=\"elementor elementor-19149 elementor-18652\" data-elementor-post-type=\"page\">\n\t\t\t\t<div class=\"elementor-element elementor-element-385a8d2 e-flex e-con-boxed e-con e-parent\" data-id=\"385a8d2\" data-element_type=\"container\" data-e-type=\"container\">\n\t\t\t\t\t<div class=\"e-con-inner\">\n\t\t\t\t<div class=\"elementor-element elementor-element-cecccb5 elementor-widget elementor-widget-text-editor\" data-id=\"cecccb5\" data-element_type=\"widget\" data-e-type=\"widget\" data-widget_type=\"text-editor.default\">\n\t\t\t\t<div class=\"elementor-widget-container\">\n\t\t\t\t\t\t\t\t\t<p><span style=\"font-weight: 400;\">Le <\/span><i><span style=\"font-weight: 400;\">All Wales Medicines Strategy Group<\/span><\/i><span style=\"font-weight: 400;\"> (<\/span><i><span style=\"font-weight: 400;\">AWMSG<\/span><\/i><span style=\"font-weight: 400;\">) conseille le gouvernement gallois sur les strat\u00e9gies d&rsquo;acc\u00e8s et de gestion des m\u00e9dicaments. Cr\u00e9\u00e9 en 2002, l&rsquo;AWMSG veille \u00e0 ce que les patients au Pays de Galles aient un acc\u00e8s rapide aux m\u00e9dicaments efficaces tout en promouvant leur utilisation s\u00fbre et efficiente au sein du <\/span><i><span style=\"font-weight: 400;\">NHS Wales<\/span><\/i><span style=\"font-weight: 400;\">. (<\/span><a href=\"https:\/\/awttc.nhs.wales\/\" target=\"_blank\" rel=\"noopener\"><span style=\"font-weight: 400;\">awttc.nhs.wales<\/span><\/a><span style=\"font-weight: 400;\">)<\/span><\/p><h2><b>Fonctions principales de l&rsquo;AWMSG<\/b><\/h2><ul><li><span style=\"font-weight: 400;\"> \u00a0 \u00a0 <\/span><b>\u00c9valuation des nouveaux m\u00e9dicaments :<\/b><span style=\"font-weight: 400;\"> Analyse des m\u00e9dicaments nouvellement autoris\u00e9s afin de d\u00e9terminer leur efficacit\u00e9 clinique et leur rapport co\u00fbt-efficacit\u00e9 pour <\/span><i><span style=\"font-weight: 400;\">NHS Wales<\/span><\/i><span style=\"font-weight: 400;\">. (<\/span><a href=\"https:\/\/awttc.nhs.wales\/\" target=\"_blank\" rel=\"noopener\"><span style=\"font-weight: 400;\">awttc.nhs.wales<\/span><\/a><span style=\"font-weight: 400;\">)<\/span><\/li><li><span style=\"font-weight: 400;\"> \u00a0 \u00a0 <\/span><b>D\u00e9veloppement d&rsquo;une strat\u00e9gie m\u00e9dicamenteuse :<\/b><span style=\"font-weight: 400;\"> \u00c9laboration de strat\u00e9gies visant \u00e0 optimiser l\u2019utilisation des m\u00e9dicaments pour garantir un b\u00e9n\u00e9fice maximal aux patients. (<\/span><a href=\"https:\/\/awttc.nhs.wales\/\" target=\"_blank\" rel=\"noopener\"><span style=\"font-weight: 400;\">awttc.nhs.wales<\/span><\/a><span style=\"font-weight: 400;\">)<\/span><\/li><li><b>Fourniture de recommandations :<\/b><span style=\"font-weight: 400;\"> Publication de conseils \u00e0 destination des professionnels de sant\u00e9 sur les meilleures pratiques en mati\u00e8re de prescription et de gestion des m\u00e9dicaments.<\/span><\/li><\/ul><h2><b>Direction et contacts cl\u00e9s<\/b><\/h2><p><span style=\"font-weight: 400;\">En date de janvier 2025, l&rsquo;AWMSG est pr\u00e9sid\u00e9 par <\/span><b>le Professeur Iolo Doull<\/b><span style=\"font-weight: 400;\">, Directeur M\u00e9dical du <\/span><i><span style=\"font-weight: 400;\">NHS Wales Joint Commissioning Committee<\/span><\/i><span style=\"font-weight: 400;\"> (<\/span><i><span style=\"font-weight: 400;\">JCC<\/span><\/i><span style=\"font-weight: 400;\">).<\/span><\/p><h3><b>Coordonn\u00e9es de l&rsquo;AWMSG<\/b><\/h3><ul><li><span style=\"font-weight: 400;\"> \u00a0 \u00a0 <\/span><b>Site web :<\/b><a href=\"https:\/\/awttc.nhs.wales\/about-us1\/our-committees\/#AWMSG\" target=\"_blank\" rel=\"noopener\"> <span style=\"font-weight: 400;\">awttc.nhs.wales<\/span><\/a><\/li><li><span style=\"font-weight: 400;\"> \u00a0 \u00a0 <\/span><b>Adresse postale :<\/b><b><br \/><\/b> <i><span style=\"font-weight: 400;\">All Wales Therapeutics &amp; Toxicology Centre<\/span><\/i><i><span style=\"font-weight: 400;\"><br \/><\/span><\/i> <span style=\"font-weight: 400;\">The Routledge Academic Centre<\/span><span style=\"font-weight: 400;\"><br \/><\/span><span style=\"font-weight: 400;\">\u00a0 University Hospital Llandough<\/span><span style=\"font-weight: 400;\"><br \/><\/span><span style=\"font-weight: 400;\">\u00a0 Penlan Road<\/span><span style=\"font-weight: 400;\"><br \/><\/span><span style=\"font-weight: 400;\">\u00a0 Penarth<\/span><span style=\"font-weight: 400;\"><br \/><\/span><span style=\"font-weight: 400;\">\u00a0 CF64 2XX<\/span><span style=\"font-weight: 400;\"><br \/><\/span><span style=\"font-weight: 400;\">\u00a0 <\/span><b>T\u00e9l\u00e9phone :<\/b><span style=\"font-weight: 400;\"> +44 (0)2921 826900<\/span><\/li><\/ul><h2><b>D\u00e9fis li\u00e9s \u00e0 la collaboration avec l&rsquo;AWMSG<\/b><\/h2><ul><li><span style=\"font-weight: 400;\"> \u00a0 \u00a0 <\/span><b>Compr\u00e9hension des processus de soumission :<\/b><span style=\"font-weight: 400;\"> Ma\u00eetrise des proc\u00e9dures de l&rsquo;AWMSG pour la soumission des preuves relatives aux nouveaux m\u00e9dicaments, essentielle pour un acc\u00e8s efficace au march\u00e9. (<\/span><a href=\"https:\/\/awttc.nhs.wales\/\" target=\"_blank\" rel=\"noopener\"><span style=\"font-weight: 400;\">awttc.nhs.wales<\/span><\/a><span style=\"font-weight: 400;\">)<\/span><\/li><li><b>Soumissions pr\u00e9cises et en temps voulu :<\/b><span style=\"font-weight: 400;\"> Pr\u00e9paration rigoureuse des documents et respect des d\u00e9lais afin de faciliter les processus d\u2019\u00e9valuation.<\/span><\/li><li><span style=\"font-weight: 400;\"> \u00a0 \u00a0 <\/span><b>D\u00e9monstration du rapport co\u00fbt-efficacit\u00e9 :<\/b><span style=\"font-weight: 400;\"> Fourniture de preuves solides d\u00e9montrant que les nouveaux traitements offrent une valeur optimale au sein du cadre <\/span><i><span style=\"font-weight: 400;\">NHS Wales<\/span><\/i><span style=\"font-weight: 400;\">. (<\/span><a href=\"https:\/\/awttc.nhs.wales\/\" target=\"_blank\" rel=\"noopener\"><span style=\"font-weight: 400;\">awttc.nhs.wales<\/span><\/a><span style=\"font-weight: 400;\">)<\/span><\/li><\/ul><p><span style=\"font-weight: 400;\">Une collaboration efficace avec l&rsquo;AWMSG peut faciliter un acc\u00e8s rapide au march\u00e9 et garantir des d\u00e9cisions de remboursement favorables au Pays de Galles.<\/span><\/p><h2><b>Opportunit\u00e9s \/ Solutions avec Justin Stindt Consultants<\/b><\/h2><ul><li><b>Soumissions expertes aupr\u00e8s de l&rsquo;AWMSG :<\/b><span style=\"font-weight: 400;\"> Cr\u00e9ation de dossiers de haute qualit\u00e9 pour l\u2019\u00e9valuation des nouveaux m\u00e9dicaments.<\/span><\/li><li><b>Strat\u00e9gies d\u2019acc\u00e8s au march\u00e9 AWMSG :<\/b><span style=\"font-weight: 400;\"> D\u00e9veloppement de strat\u00e9gies align\u00e9es sur le cadre d\u2019\u00e9valuation de l&rsquo;AWMSG pour optimiser l\u2019acc\u00e8s au march\u00e9.<\/span><\/li><li><b>Expertise des processus AWMSG :<\/b><span style=\"font-weight: 400;\"> Analyse approfondie des proc\u00e9dures de l&rsquo;AWMSG pour am\u00e9liorer la conformit\u00e9 et acc\u00e9l\u00e9rer les approbations.<\/span><\/li><\/ul><p><span style=\"font-weight: 400;\"><br \/>Justin Stindt Consultants accompagne les entreprises dans leur engagement aupr\u00e8s de l&rsquo;AWMSG afin d\u2019assurer un acc\u00e8s efficace au march\u00e9 gallois.<\/span><\/p>\t\t\t\t\t\t\t\t<\/div>\n\t\t\t\t<\/div>\n\t\t\t\t\t<\/div>\n\t\t\t\t<\/div>\n\t\t<div class=\"elementor-element elementor-element-00cd1ea e-flex e-con-boxed e-con e-parent\" data-id=\"00cd1ea\" data-element_type=\"container\" data-e-type=\"container\">\n\t\t\t\t\t<div class=\"e-con-inner\">\n\t\t\t\t<div class=\"elementor-element elementor-element-abb33e6 elementor-widget-divider--view-line elementor-widget elementor-widget-divider\" data-id=\"abb33e6\" data-element_type=\"widget\" data-e-type=\"widget\" data-widget_type=\"divider.default\">\n\t\t\t\t<div class=\"elementor-widget-container\">\n\t\t\t\t\t\t\t<div class=\"elementor-divider\">\n\t\t\t<span class=\"elementor-divider-separator\">\n\t\t\t\t\t\t<\/span>\n\t\t<\/div>\n\t\t\t\t\t\t<\/div>\n\t\t\t\t<\/div>\n\t\t\t\t\t<\/div>\n\t\t\t\t<\/div>\n\t\t<div class=\"elementor-element elementor-element-58e8f649 e-flex e-con-boxed e-con e-parent\" data-id=\"58e8f649\" data-element_type=\"container\" data-e-type=\"container\">\n\t\t\t\t\t<div class=\"e-con-inner\">\n\t\t<div class=\"elementor-element elementor-element-53fac74c e-con-full bordered-block e-flex e-con e-child\" data-id=\"53fac74c\" data-element_type=\"container\" data-e-type=\"container\">\n\t\t\t\t<div class=\"elementor-element elementor-element-62340c34 elementor-widget elementor-widget-text-editor\" data-id=\"62340c34\" data-element_type=\"widget\" data-e-type=\"widget\" data-widget_type=\"text-editor.default\">\n\t\t\t\t<div class=\"elementor-widget-container\">\n\t\t\t\t\t\t\t\t\t<h3>\u00c9tude de cas<\/h3><h2>Succ\u00e8s d\u2019une entreprise pharmaceutique avec l&rsquo;AWMSG<\/h2>\t\t\t\t\t\t\t\t<\/div>\n\t\t\t\t<\/div>\n\t\t\t\t<div class=\"elementor-element elementor-element-3ed330bf elementor-widget elementor-widget-text-editor\" data-id=\"3ed330bf\" data-element_type=\"widget\" data-e-type=\"widget\" data-widget_type=\"text-editor.default\">\n\t\t\t\t<div class=\"elementor-widget-container\">\n\t\t\t\t\t\t\t\t\t<p><strong>D\u00e9fi<\/strong> : <br \/>Une entreprise pharmaceutique a sollicit\u00e9 notre aide pour obtenir l\u2019approbation et le remboursement d\u2019une nouvelle th\u00e9rapie au Pays de Galles.<\/p><p><strong>Solution<\/strong> : <br \/>Nous avons guid\u00e9 la pr\u00e9paration d\u2019un dossier complet r\u00e9pondant aux crit\u00e8res d\u2019\u00e9valuation de l&rsquo;AWMSG.<\/p><p><strong>R\u00e9sultat<\/strong> : <br \/>Notre approche strat\u00e9gique a conduit \u00e0 une issue favorable, permettant le remboursement de la th\u00e9rapie par NHS Wales.<\/p>\t\t\t\t\t\t\t\t<\/div>\n\t\t\t\t<\/div>\n\t\t\t\t<\/div>\n\t\t\t\t\t<\/div>\n\t\t\t\t<\/div>\n\t\t<div class=\"elementor-element elementor-element-d9461b5 e-con-full e-flex e-con e-parent\" data-id=\"d9461b5\" data-element_type=\"container\" data-e-type=\"container\" data-settings=\"{&quot;background_background&quot;:&quot;classic&quot;}\">\n\t\t\t\t<div class=\"elementor-element elementor-element-7d6d7f8 elementor-cta--skin-classic elementor-animated-content elementor-bg-transform elementor-bg-transform-zoom-in elementor-widget elementor-widget-call-to-action\" data-id=\"7d6d7f8\" data-element_type=\"widget\" data-e-type=\"widget\" data-widget_type=\"call-to-action.default\">\n\t\t\t\t<div class=\"elementor-widget-container\">\n\t\t\t\t\t\t\t<div class=\"elementor-cta\">\n\t\t\t\t\t\t\t<div class=\"elementor-cta__content\">\n\t\t\t\t\n\t\t\t\t\t\t\t\t\t<h2 class=\"elementor-cta__title elementor-cta__content-item elementor-content-item\">\n\t\t\t\t\t\tBesoin d\u2019un accompagnement pour l\u2019acc\u00e8s au march\u00e9 avec l'AWMSG ? L\u2019expertise de Justin Stindt Consultants vous aide \u00e0 r\u00e9ussir.\t\t\t\t\t<\/h2>\n\t\t\t\t\n\t\t\t\t\t\t\t\t\t<div class=\"elementor-cta__description elementor-cta__content-item elementor-content-item\">\n\t\t\t\t\t\tContactez-nous d\u00e8s aujourd\u2019hui pour d\u00e9velopper votre strat\u00e9gie d\u2019acc\u00e8s au march\u00e9 et garantir votre succ\u00e8s avec l'AWMSG.\t\t\t\t\t<\/div>\n\t\t\t\t\n\t\t\t\t\t\t\t\t\t<div class=\"elementor-cta__button-wrapper elementor-cta__content-item elementor-content-item \">\n\t\t\t\t\t<a class=\"elementor-cta__button elementor-button elementor-size-\" href=\"https:\/\/jstindt.com\/contact-us\/\">\n\t\t\t\t\t\tContactez Justin Stindt Consultants\t\t\t\t\t<\/a>\n\t\t\t\t\t<\/div>\n\t\t\t\t\t\t\t<\/div>\n\t\t\t\t\t\t<\/div>\n\t\t\t\t\t\t<\/div>\n\t\t\t\t<\/div>\n\t\t\t\t<\/div>\n\t\t<div class=\"elementor-element elementor-element-69e5937 e-flex e-con-boxed e-con e-parent\" data-id=\"69e5937\" data-element_type=\"container\" data-e-type=\"container\">\n\t\t\t\t\t<div class=\"e-con-inner\">\n\t\t\t\t<div class=\"elementor-element elementor-element-7e181b8 elementor-widget elementor-widget-n-accordion\" data-id=\"7e181b8\" data-element_type=\"widget\" data-e-type=\"widget\" data-settings=\"{&quot;default_state&quot;:&quot;all_collapsed&quot;,&quot;max_items_expended&quot;:&quot;one&quot;,&quot;n_accordion_animation_duration&quot;:{&quot;unit&quot;:&quot;ms&quot;,&quot;size&quot;:400,&quot;sizes&quot;:[]}}\" data-widget_type=\"nested-accordion.default\">\n\t\t\t\t<div class=\"elementor-widget-container\">\n\t\t\t\t\t\t\t<div class=\"e-n-accordion\" aria-label=\"Accordion. Open links with Enter or Space, close with Escape, and navigate with Arrow Keys\">\n\t\t\t\t\t\t<details id=\"e-n-accordion-item-1320\" class=\"e-n-accordion-item\" >\n\t\t\t\t<summary class=\"e-n-accordion-item-title\" data-accordion-index=\"1\" tabindex=\"0\" aria-expanded=\"false\" aria-controls=\"e-n-accordion-item-1320\" >\n\t\t\t\t\t<span class='e-n-accordion-item-title-header'><div class=\"e-n-accordion-item-title-text\"> Autres institutions cl\u00e9s dans l'acc\u00e8s au march\u00e9 <\/div><\/span>\n\t\t\t\t\t\t\t<span class='e-n-accordion-item-title-icon'>\n\t\t\t<span class='e-opened' ><i aria-hidden=\"true\" class=\"fas fa-minus\"><\/i><\/span>\n\t\t\t<span class='e-closed'><i aria-hidden=\"true\" class=\"fas fa-plus\"><\/i><\/span>\n\t\t<\/span>\n\n\t\t\t\t\t\t<\/summary>\n\t\t\t\t<div role=\"region\" aria-labelledby=\"e-n-accordion-item-1320\" class=\"elementor-element elementor-element-87a9f92 e-con-full e-flex e-con e-child\" data-id=\"87a9f92\" data-element_type=\"container\" data-e-type=\"container\">\n\t\t\t\t<div class=\"elementor-element elementor-element-31dc1b9 elementor-widget elementor-widget-template\" data-id=\"31dc1b9\" data-element_type=\"widget\" data-e-type=\"widget\" data-widget_type=\"template.default\">\n\t\t\t\t<div class=\"elementor-widget-container\">\n\t\t\t\t\t\t\t<div class=\"elementor-template\">\n\t\t\t\t\t<div data-elementor-type=\"container\" data-elementor-id=\"19254\" class=\"elementor elementor-19254 elementor-18546 elementor-18546\" data-elementor-post-type=\"elementor_library\">\n\t\t\t\t<div role=\"region\" aria-labelledby=\"e-n-accordion-item-1320\" class=\"elementor-element elementor-element-4d5d7d7a e-flex e-con-boxed e-con e-parent\" data-id=\"4d5d7d7a\" data-element_type=\"container\" data-e-type=\"container\">\n\t\t\t\t\t<div class=\"e-con-inner\">\n\t\t\t\t<div class=\"elementor-element elementor-element-fa73d9e elementor-widget elementor-widget-text-editor\" data-id=\"fa73d9e\" data-element_type=\"widget\" data-e-type=\"widget\" data-widget_type=\"text-editor.default\">\n\t\t\t\t<div class=\"elementor-widget-container\">\n\t\t\t\t\t\t\t\t\t<h4><strong>Institutions mondiales<\/strong><\/h4>\n<ul>\n<li><a href=\"https:\/\/jstindt.com\/fr\/acces-au-marche-avec-oms\/\">World Health Organization<\/a> (WHO)<\/li>\n<li><a href=\"https:\/\/jstindt.com\/fr\/acces-au-marche-avec-ispor\/\">International Society for Pharmacoeconomics and Outcomes Research<\/a> (ISPOR)<\/li>\n<\/ul>\n<h4><strong><br \/><a href=\"https:\/\/jstindt.com\/fr\/usa\/\">\u00c9tats-Unis<\/a><\/strong><\/h4>\n<ul>\n<li><a href=\"https:\/\/jstindt.com\/fr\/acces-au-marche-avec-cms\/\">Centers for Medicare &amp; Medicaid Services<\/a> (CMS)<\/li>\n<li><a href=\"https:\/\/jstindt.com\/fr\/acces-au-marche-avec-amcp\/\">Academy of Managed Care Pharmacy<\/a> (AMCP)<\/li>\n<li><a href=\"https:\/\/jstindt.com\/fr\/acces-au-marche-avec-icer\/\">Institute for Clinical and Economic Review<\/a> (ICER)<\/li>\n<\/ul>\n<h4><strong><br \/><a href=\"https:\/\/jstindt.com\/fr\/france\/\">France<\/a><\/strong><\/h4>\n<ul>\n<li><a href=\"https:\/\/jstindt.com\/fr\/acces-au-marche-avec-la-has\/\">Haute Autorit\u00e9 de Sant\u00e9<\/a> (HAS)<\/li>\n<li><a href=\"https:\/\/jstindt.com\/fr\/acces-au-marche-avec-le-ceps\/\">Comit\u00e9 \u00c9conomique des Produits de Sant\u00e9<\/a> (CEPS)<\/li>\n<\/ul>\n<h4><strong><br \/><a href=\"https:\/\/jstindt.com\/fr\/allemagne\/\">Allemagne<\/a><\/strong><\/h4>\n<ul>\n<li><a href=\"https:\/\/jstindt.com\/fr\/acces-au-marche-avec-gba\/\">Gemeinsamer Bundesausschuss<\/a> (G-BA)<\/li>\n<li><a href=\"https:\/\/jstindt.com\/fr\/acces-au-marche-avec-liqwig\/\">Institute for Quality and Efficiency in Health Care<\/a> (IQWiG)<\/li>\n<li><a href=\"https:\/\/jstindt.com\/fr\/acces-au-marche-avec-le-gkv-spitzenverband\/\">L&rsquo;association GKV Spitzenverband<\/a><\/li>\n<\/ul>\n<h4><strong><br \/><a href=\"https:\/\/jstindt.com\/fr\/royaume-uni\/\">Royaume-Uni<\/a><\/strong><\/h4>\n<ul>\n<li><a href=\"https:\/\/jstindt.com\/fr\/acces-au-marche-avec-nice\/\">National Institute for Health and Care Excellence<\/a> (NICE)<\/li>\n<li><a href=\"https:\/\/jstindt.com\/fr\/acces-au-marche-avec-le-smc\/\">Scottish Medicines Consortium<\/a> (SMC)<\/li>\n<li><a href=\"https:\/\/jstindt.com\/fr\/acces-au-marche-avec-awmsg\/\" rel=\"noopener\">All Wales Medicines Strategy Group<\/a> (AWMSG)<\/li>\n<li><a href=\"https:\/\/jstindt.com\/fr\/acces-au-marche-avec-le-nhs\/\">National Health Service<\/a> (NHS)<\/li>\n<\/ul>\n<h4><strong><br \/><a href=\"https:\/\/jstindt.com\/fr\/italie\/\">Italie<\/a><\/strong><\/h4>\n<ul>\n<li><a href=\"https:\/\/jstindt.com\/fr\/acces-au-marche-avec-aifa\/\">Italian Medicines Agency<\/a> (AIFA)<\/li>\n<li><a href=\"https:\/\/jstindt.com\/fr\/acces-au-marche-avec-la-cse\/\">Scientific and Economic Commission<\/a> (CSE)<\/li>\n<\/ul>\n<h4><strong><br \/><a href=\"https:\/\/jstindt.com\/fr\/espagne\/\">Espagne<\/a><\/strong><\/h4>\n<ul>\n<li><a href=\"https:\/\/jstindt.com\/fr\/acces-au-marche-avec-aemps\/\">Spanish Agency of Medicines and Medical Devices<\/a> (AEMPS)<\/li>\n<li><a href=\"https:\/\/jstindt.com\/fr\/acces-au-marche-avec-la-dgcf\/\">Direcci\u00f3n General de Cartera Com\u00fan de Servicios del Sistema Nacional de Salud y Farmacia<\/a> (DGCF)<\/li>\n<li><a href=\"https:\/\/jstindt.com\/fr\/acces-au-marche-avec-la-cipm\/\">Interministerial Commission on Medicine Prices<\/a> (CIPM)<\/li>\n<\/ul>\n<h4><strong><br \/><a href=\"https:\/\/jstindt.com\/fr\/suisse\/\">Suisse<\/a><\/strong><\/h4>\n<ul>\n<li><a href=\"https:\/\/jstindt.com\/fr\/acces-au-marche-avec-ofsp\/\">Federal Office of Public Health<\/a> (FOPH)<\/li>\n<\/ul>\n\t\t\t\t\t\t\t\t<\/div>\n\t\t\t\t<\/div>\n\t\t\t\t\t<\/div>\n\t\t\t\t<\/div>\n\t\t\t\t<\/div>\n\t\t\t\t<\/div>\n\t\t\t\t\t\t<\/div>\n\t\t\t\t<\/div>\n\t\t\t\t<\/div>\n\t\t\t\t\t<\/details>\n\t\t\t\t\t<\/div>\n\t\t\t\t\t\t<\/div>\n\t\t\t\t<\/div>\n\t\t\t\t\t<\/div>\n\t\t\t\t<\/div>\n\t\t\t\t<\/div>\n\t\t","protected":false},"excerpt":{"rendered":"<p>Le All Wales Medicines Strategy Group (AWMSG) conseille le gouvernement gallois sur les strat\u00e9gies d&rsquo;acc\u00e8s et de gestion des m\u00e9dicaments. Cr\u00e9\u00e9 en 2002, l&rsquo;AWMSG veille \u00e0 ce que les patients au Pays de Galles aient un acc\u00e8s rapide aux m\u00e9dicaments efficaces tout en promouvant leur utilisation s\u00fbre et efficiente au sein du NHS Wales. (awttc.nhs.wales) [&hellip;]<\/p>\n","protected":false},"author":3,"featured_media":0,"parent":0,"menu_order":0,"comment_status":"closed","ping_status":"closed","template":"","meta":{"_acf_changed":false,"footnotes":""},"class_list":["post-19149","page","type-page","status-publish","hentry"],"acf":[],"_links":{"self":[{"href":"https:\/\/jstindt.com\/fr\/wp-json\/wp\/v2\/pages\/19149","targetHints":{"allow":["GET"]}}],"collection":[{"href":"https:\/\/jstindt.com\/fr\/wp-json\/wp\/v2\/pages"}],"about":[{"href":"https:\/\/jstindt.com\/fr\/wp-json\/wp\/v2\/types\/page"}],"author":[{"embeddable":true,"href":"https:\/\/jstindt.com\/fr\/wp-json\/wp\/v2\/users\/3"}],"replies":[{"embeddable":true,"href":"https:\/\/jstindt.com\/fr\/wp-json\/wp\/v2\/comments?post=19149"}],"version-history":[{"count":8,"href":"https:\/\/jstindt.com\/fr\/wp-json\/wp\/v2\/pages\/19149\/revisions"}],"predecessor-version":[{"id":19658,"href":"https:\/\/jstindt.com\/fr\/wp-json\/wp\/v2\/pages\/19149\/revisions\/19658"}],"wp:attachment":[{"href":"https:\/\/jstindt.com\/fr\/wp-json\/wp\/v2\/media?parent=19149"}],"curies":[{"name":"wp","href":"https:\/\/api.w.org\/{rel}","templated":true}]}}