{"id":19129,"date":"2025-02-13T15:15:28","date_gmt":"2025-02-13T14:15:28","guid":{"rendered":"https:\/\/jstindt.com\/?page_id=19129"},"modified":"2025-03-10T14:12:35","modified_gmt":"2025-03-10T13:12:35","slug":"acces-au-marche-avec-le-smc","status":"publish","type":"page","link":"https:\/\/jstindt.com\/fr\/acces-au-marche-avec-le-smc\/","title":{"rendered":"Acc\u00e8s au march\u00e9 avec le SMC : Votre guide de l&rsquo;organisme d&rsquo;\u00e9valuation des technologies de sant\u00e9 en \u00c9cosse"},"content":{"rendered":"\t\t<div data-elementor-type=\"wp-page\" data-elementor-id=\"19129\" class=\"elementor elementor-19129 elementor-18674\" data-elementor-post-type=\"page\">\n\t\t\t\t<div class=\"elementor-element elementor-element-4688df6 e-flex e-con-boxed e-con e-parent\" data-id=\"4688df6\" data-element_type=\"container\" data-e-type=\"container\">\n\t\t\t\t\t<div class=\"e-con-inner\">\n\t\t\t\t<div class=\"elementor-element elementor-element-b2f965d elementor-widget elementor-widget-text-editor\" data-id=\"b2f965d\" data-element_type=\"widget\" data-e-type=\"widget\" data-widget_type=\"text-editor.default\">\n\t\t\t\t<div class=\"elementor-widget-container\">\n\t\t\t\t\t\t\t\t\t<p><span style=\"font-weight: 400;\">Le <\/span><i><span style=\"font-weight: 400;\">Scottish Medicines Consortium<\/span><\/i><span style=\"font-weight: 400;\"> (<\/span><i><span style=\"font-weight: 400;\">SMC<\/span><\/i><span style=\"font-weight: 400;\">) est la principale source de recommandations sur l\u2019efficacit\u00e9 clinique et le rapport co\u00fbt-efficacit\u00e9 des nouveaux m\u00e9dicaments pour <\/span><i><span style=\"font-weight: 400;\">NHSScotland<\/span><\/i><span style=\"font-weight: 400;\">. Cr\u00e9\u00e9 pour garantir un acc\u00e8s rapide aux m\u00e9dicaments b\u00e9n\u00e9fiques, le SMC \u00e9value les m\u00e9dicaments nouvellement autoris\u00e9s et fournit des directives sur leur utilisation au sein du syst\u00e8me de sant\u00e9 national \u00e9cossais. (<\/span><a href=\"https:\/\/www.scottishmedicines.org.uk\/\"><span style=\"font-weight: 400;\">scottishmedicines.org.uk<\/span><\/a><span style=\"font-weight: 400;\">)<\/span><\/p><h2><b>Fonctions principales du SMC<\/b><\/h2><ul><li><b>\u00c9valuation des nouveaux m\u00e9dicaments :<\/b><span style=\"font-weight: 400;\"> Analyse des m\u00e9dicaments nouvellement autoris\u00e9s pour d\u00e9terminer leur efficacit\u00e9 clinique et leur rapport co\u00fbt-efficacit\u00e9 pour <\/span><i><span style=\"font-weight: 400;\">NHSScotland<\/span><\/i><span style=\"font-weight: 400;\">.<\/span><\/li><li><b>Orientation pour <\/b><b><i>NHSScotland<\/i><\/b><b> :<\/b><span style=\"font-weight: 400;\"> Recommandations aux conseils de sant\u00e9 (<\/span><i><span style=\"font-weight: 400;\">NHS boards<\/span><\/i><span style=\"font-weight: 400;\">) et \u00e0 leurs <\/span><i><span style=\"font-weight: 400;\">Area Drug and Therapeutics Committees<\/span><\/i><span style=\"font-weight: 400;\"> (<\/span><i><span style=\"font-weight: 400;\">ADTCs<\/span><\/i><span style=\"font-weight: 400;\">) en \u00c9cosse sur les nouveaux m\u00e9dicaments, les nouvelles formulations et les nouvelles indications des produits existants.<\/span><\/li><li><b>Engagement du public :<\/b><span style=\"font-weight: 400;\"> Int\u00e9gration des avis des groupes de patients et du public afin d\u2019assurer une prise de d\u00e9cision compl\u00e8te.<\/span><\/li><\/ul><h2><b>Direction et contacts cl\u00e9s<\/b><\/h2><p><span style=\"font-weight: 400;\">En date e janvier 2025, le SMC op\u00e8re sous l\u2019\u00e9gide de <\/span><i><span style=\"font-weight: 400;\">Healthcare Improvement Scotland<\/span><\/i><span style=\"font-weight: 400;\">, l\u2019organisation nationale d\u2019am\u00e9lioration des soins de sant\u00e9 en \u00c9cosse.<\/span><\/p><h3><b>Coordonn\u00e9es du SMC<\/b><\/h3><ul><li><b>Site web :<\/b><a href=\"https:\/\/www.scottishmedicines.org.uk\/\"> <span style=\"font-weight: 400;\">scottishmedicines.org.uk<\/span><\/a><\/li><li><b>Adresse postale :<\/b><b><br \/><\/b> <span style=\"font-weight: 400;\">Scottish Medicines Consortium<\/span><span style=\"font-weight: 400;\"><br \/><\/span><span style=\"font-weight: 400;\"> Healthcare Improvement Scotland<\/span><span style=\"font-weight: 400;\"><br \/><\/span><span style=\"font-weight: 400;\">\u00a0 Gyle Square, 1 South Gyle Crescent<\/span><span style=\"font-weight: 400;\"><br \/><\/span><span style=\"font-weight: 400;\">\u00a0 Edinburgh, EH12 9EB<\/span><span style=\"font-weight: 400;\"><br \/><\/span><span style=\"font-weight: 400;\">\u00a0 Royaume-Uni<\/span><span style=\"font-weight: 400;\"><br \/><\/span><span style=\"font-weight: 400;\">\u00a0 <\/span><b>T\u00e9l\u00e9phone :<\/b><span style=\"font-weight: 400;\"> +44 (0)131 623 4300<\/span><\/li><\/ul><h2><b>D\u00e9fis li\u00e9s \u00e0 la collaboration avec le SMC<\/b><\/h2><ul><li><b>Compr\u00e9hension des processus de soumission :<\/b><span style=\"font-weight: 400;\"> Ma\u00eetrise des proc\u00e9dures du SMC pour la soumission des preuves relatives aux nouveaux m\u00e9dicaments, essentielle pour un acc\u00e8s efficace au march\u00e9.<\/span><\/li><li><b>Soumissions pr\u00e9cises et en temps voulu :<\/b><span style=\"font-weight: 400;\"> Pr\u00e9paration rigoureuse des documents et respect des d\u00e9lais afin de faciliter les processus d\u2019\u00e9valuation.<\/span><\/li><li><b>D\u00e9monstration du rapport co\u00fbt-efficacit\u00e9 :<\/b><span style=\"font-weight: 400;\"> Fourniture de preuves solides d\u00e9montrant que les nouveaux traitements offrent une valeur optimale dans le cadre de <\/span><i><span style=\"font-weight: 400;\">NHSScotland<\/span><\/i><span style=\"font-weight: 400;\">.<\/span><\/li><\/ul><p><span style=\"font-weight: 400;\">Une collaboration efficace avec le SMC peut faciliter un acc\u00e8s rapide au march\u00e9 et garantir des d\u00e9cisions de remboursement favorables en \u00c9cosse.<\/span><\/p><h2><b>Opportunit\u00e9s \/ Solutions avec Justin Stindt Consultants<\/b><\/h2><ul><li><b>Soumissions expertes aupr\u00e8s du SMC :<\/b><span style=\"font-weight: 400;\"> Cr\u00e9ation de dossiers de haute qualit\u00e9 pour l\u2019\u00e9valuation des nouveaux m\u00e9dicaments.<\/span><\/li><li><b>Strat\u00e9gies d\u2019acc\u00e8s au march\u00e9 SMC :<\/b><span style=\"font-weight: 400;\"> D\u00e9veloppement de strat\u00e9gies align\u00e9es sur le cadre d\u2019\u00e9valuation du SMC pour optimiser l\u2019acc\u00e8s au march\u00e9.<\/span><\/li><li><b>Expertise des processus SMC :<\/b><span style=\"font-weight: 400;\"> Analyse approfondie des proc\u00e9dures du SMC pour am\u00e9liorer la conformit\u00e9 et acc\u00e9l\u00e9rer les approbations.<\/span><\/li><\/ul><p>\u00a0<\/p><p><span style=\"font-weight: 400;\">Justin Stindt Consultants accompagne les entreprises dans leur engagement aupr\u00e8s du SMC afin d\u2019assurer un acc\u00e8s efficace au march\u00e9 \u00e9cossais.<\/span><\/p>\t\t\t\t\t\t\t\t<\/div>\n\t\t\t\t<\/div>\n\t\t\t\t\t<\/div>\n\t\t\t\t<\/div>\n\t\t<div class=\"elementor-element elementor-element-d259e46 e-flex e-con-boxed e-con e-parent\" data-id=\"d259e46\" data-element_type=\"container\" data-e-type=\"container\">\n\t\t\t\t\t<div class=\"e-con-inner\">\n\t\t\t\t<div class=\"elementor-element elementor-element-94ca262 elementor-widget-divider--view-line elementor-widget elementor-widget-divider\" data-id=\"94ca262\" data-element_type=\"widget\" data-e-type=\"widget\" data-widget_type=\"divider.default\">\n\t\t\t\t<div class=\"elementor-widget-container\">\n\t\t\t\t\t\t\t<div class=\"elementor-divider\">\n\t\t\t<span class=\"elementor-divider-separator\">\n\t\t\t\t\t\t<\/span>\n\t\t<\/div>\n\t\t\t\t\t\t<\/div>\n\t\t\t\t<\/div>\n\t\t\t\t\t<\/div>\n\t\t\t\t<\/div>\n\t\t<div class=\"elementor-element elementor-element-496da823 e-flex e-con-boxed e-con e-parent\" data-id=\"496da823\" data-element_type=\"container\" data-e-type=\"container\">\n\t\t\t\t\t<div class=\"e-con-inner\">\n\t\t<div class=\"elementor-element elementor-element-2579e2f0 e-con-full bordered-block e-flex e-con e-child\" data-id=\"2579e2f0\" data-element_type=\"container\" data-e-type=\"container\">\n\t\t\t\t<div class=\"elementor-element elementor-element-3bfd9e26 elementor-widget elementor-widget-text-editor\" data-id=\"3bfd9e26\" data-element_type=\"widget\" data-e-type=\"widget\" data-widget_type=\"text-editor.default\">\n\t\t\t\t<div class=\"elementor-widget-container\">\n\t\t\t\t\t\t\t\t\t<h3>\u00c9tude de cas<\/h3><h2>Succ\u00e8s d\u2019une entreprise pharmaceutique avec le SMC<\/h2>\t\t\t\t\t\t\t\t<\/div>\n\t\t\t\t<\/div>\n\t\t\t\t<div class=\"elementor-element elementor-element-449e0650 elementor-widget elementor-widget-text-editor\" data-id=\"449e0650\" data-element_type=\"widget\" data-e-type=\"widget\" data-widget_type=\"text-editor.default\">\n\t\t\t\t<div class=\"elementor-widget-container\">\n\t\t\t\t\t\t\t\t\t<p><strong>D\u00e9fi<\/strong> : <br \/>Une entreprise pharmaceutique a sollicit\u00e9 notre assistance pour obtenir l\u2019approbation et le remboursement d\u2019une nouvelle th\u00e9rapie en \u00c9cosse.<\/p><p><strong>Solution<\/strong> : <br \/>Nous avons guid\u00e9 la pr\u00e9paration d\u2019un dossier complet r\u00e9pondant aux crit\u00e8res d\u2019\u00e9valuation du SMC.<\/p><p><strong>R\u00e9sultat<\/strong> : <br \/>Notre approche strat\u00e9gique a conduit \u00e0 une issue favorable, permettant l\u2019inclusion de la th\u00e9rapie dans le formulaire de NHSScotland.<\/p>\t\t\t\t\t\t\t\t<\/div>\n\t\t\t\t<\/div>\n\t\t\t\t<\/div>\n\t\t\t\t\t<\/div>\n\t\t\t\t<\/div>\n\t\t<div class=\"elementor-element elementor-element-c741d3a e-con-full e-flex e-con e-parent\" data-id=\"c741d3a\" data-element_type=\"container\" data-e-type=\"container\" data-settings=\"{&quot;background_background&quot;:&quot;classic&quot;}\">\n\t\t\t\t<div class=\"elementor-element elementor-element-094f93d elementor-cta--skin-classic elementor-animated-content elementor-bg-transform elementor-bg-transform-zoom-in elementor-widget elementor-widget-call-to-action\" data-id=\"094f93d\" data-element_type=\"widget\" data-e-type=\"widget\" data-widget_type=\"call-to-action.default\">\n\t\t\t\t<div class=\"elementor-widget-container\">\n\t\t\t\t\t\t\t<div class=\"elementor-cta\">\n\t\t\t\t\t\t\t<div class=\"elementor-cta__content\">\n\t\t\t\t\n\t\t\t\t\t\t\t\t\t<h2 class=\"elementor-cta__title elementor-cta__content-item elementor-content-item\">\n\t\t\t\t\t\tBesoin d\u2019un accompagnement pour l\u2019acc\u00e8s au march\u00e9 avec le SMC ? L\u2019expertise de Justin Stindt Consultants vous aide \u00e0 r\u00e9ussir.\t\t\t\t\t<\/h2>\n\t\t\t\t\n\t\t\t\t\t\t\t\t\t<div class=\"elementor-cta__description elementor-cta__content-item elementor-content-item\">\n\t\t\t\t\t\tContactez-nous d\u00e8s aujourd\u2019hui pour d\u00e9velopper votre strat\u00e9gie d\u2019acc\u00e8s au march\u00e9 et garantir votre succ\u00e8s avec le SMC.\t\t\t\t\t<\/div>\n\t\t\t\t\n\t\t\t\t\t\t\t\t\t<div class=\"elementor-cta__button-wrapper elementor-cta__content-item elementor-content-item \">\n\t\t\t\t\t<a class=\"elementor-cta__button elementor-button elementor-size-\" href=\"https:\/\/jstindt.com\/contact-us\/\">\n\t\t\t\t\t\tContactez Justin Stindt Consultants\t\t\t\t\t<\/a>\n\t\t\t\t\t<\/div>\n\t\t\t\t\t\t\t<\/div>\n\t\t\t\t\t\t<\/div>\n\t\t\t\t\t\t<\/div>\n\t\t\t\t<\/div>\n\t\t\t\t<\/div>\n\t\t<div class=\"elementor-element elementor-element-592f322 e-flex e-con-boxed e-con e-parent\" data-id=\"592f322\" data-element_type=\"container\" data-e-type=\"container\">\n\t\t\t\t\t<div class=\"e-con-inner\">\n\t\t\t\t<div class=\"elementor-element elementor-element-e93a4de elementor-widget elementor-widget-n-accordion\" data-id=\"e93a4de\" data-element_type=\"widget\" data-e-type=\"widget\" data-settings=\"{&quot;default_state&quot;:&quot;all_collapsed&quot;,&quot;max_items_expended&quot;:&quot;one&quot;,&quot;n_accordion_animation_duration&quot;:{&quot;unit&quot;:&quot;ms&quot;,&quot;size&quot;:400,&quot;sizes&quot;:[]}}\" data-widget_type=\"nested-accordion.default\">\n\t\t\t\t<div class=\"elementor-widget-container\">\n\t\t\t\t\t\t\t<div class=\"e-n-accordion\" aria-label=\"Accordion. Open links with Enter or Space, close with Escape, and navigate with Arrow Keys\">\n\t\t\t\t\t\t<details id=\"e-n-accordion-item-2440\" class=\"e-n-accordion-item\" >\n\t\t\t\t<summary class=\"e-n-accordion-item-title\" data-accordion-index=\"1\" tabindex=\"0\" aria-expanded=\"false\" aria-controls=\"e-n-accordion-item-2440\" >\n\t\t\t\t\t<span class='e-n-accordion-item-title-header'><div class=\"e-n-accordion-item-title-text\"> Autres institutions cl\u00e9s dans l'acc\u00e8s au march\u00e9 <\/div><\/span>\n\t\t\t\t\t\t\t<span class='e-n-accordion-item-title-icon'>\n\t\t\t<span class='e-opened' ><i aria-hidden=\"true\" class=\"fas fa-minus\"><\/i><\/span>\n\t\t\t<span class='e-closed'><i aria-hidden=\"true\" class=\"fas fa-plus\"><\/i><\/span>\n\t\t<\/span>\n\n\t\t\t\t\t\t<\/summary>\n\t\t\t\t<div role=\"region\" aria-labelledby=\"e-n-accordion-item-2440\" class=\"elementor-element elementor-element-bceb0e1 e-con-full e-flex e-con e-child\" data-id=\"bceb0e1\" data-element_type=\"container\" data-e-type=\"container\">\n\t\t\t\t<div class=\"elementor-element elementor-element-f7da894 elementor-widget elementor-widget-template\" data-id=\"f7da894\" data-element_type=\"widget\" data-e-type=\"widget\" data-widget_type=\"template.default\">\n\t\t\t\t<div class=\"elementor-widget-container\">\n\t\t\t\t\t\t\t<div class=\"elementor-template\">\n\t\t\t\t\t<div data-elementor-type=\"container\" data-elementor-id=\"19254\" class=\"elementor elementor-19254 elementor-18546 elementor-18546\" data-elementor-post-type=\"elementor_library\">\n\t\t\t\t<div role=\"region\" aria-labelledby=\"e-n-accordion-item-2440\" class=\"elementor-element elementor-element-4d5d7d7a e-flex e-con-boxed e-con e-parent\" data-id=\"4d5d7d7a\" data-element_type=\"container\" data-e-type=\"container\">\n\t\t\t\t\t<div class=\"e-con-inner\">\n\t\t\t\t<div class=\"elementor-element elementor-element-fa73d9e elementor-widget elementor-widget-text-editor\" data-id=\"fa73d9e\" data-element_type=\"widget\" data-e-type=\"widget\" data-widget_type=\"text-editor.default\">\n\t\t\t\t<div class=\"elementor-widget-container\">\n\t\t\t\t\t\t\t\t\t<h4><strong>Institutions mondiales<\/strong><\/h4>\n<ul>\n<li><a href=\"https:\/\/jstindt.com\/fr\/acces-au-marche-avec-oms\/\">World Health Organization<\/a> (WHO)<\/li>\n<li><a href=\"https:\/\/jstindt.com\/fr\/acces-au-marche-avec-ispor\/\">International Society for Pharmacoeconomics and Outcomes Research<\/a> (ISPOR)<\/li>\n<\/ul>\n<h4><strong><br \/><a href=\"https:\/\/jstindt.com\/fr\/usa\/\">\u00c9tats-Unis<\/a><\/strong><\/h4>\n<ul>\n<li><a href=\"https:\/\/jstindt.com\/fr\/acces-au-marche-avec-cms\/\">Centers for Medicare &amp; Medicaid Services<\/a> (CMS)<\/li>\n<li><a href=\"https:\/\/jstindt.com\/fr\/acces-au-marche-avec-amcp\/\">Academy of Managed Care Pharmacy<\/a> (AMCP)<\/li>\n<li><a href=\"https:\/\/jstindt.com\/fr\/acces-au-marche-avec-icer\/\">Institute for Clinical and Economic Review<\/a> (ICER)<\/li>\n<\/ul>\n<h4><strong><br \/><a href=\"https:\/\/jstindt.com\/fr\/france\/\">France<\/a><\/strong><\/h4>\n<ul>\n<li><a href=\"https:\/\/jstindt.com\/fr\/acces-au-marche-avec-la-has\/\">Haute Autorit\u00e9 de Sant\u00e9<\/a> (HAS)<\/li>\n<li><a href=\"https:\/\/jstindt.com\/fr\/acces-au-marche-avec-le-ceps\/\">Comit\u00e9 \u00c9conomique des Produits de Sant\u00e9<\/a> (CEPS)<\/li>\n<\/ul>\n<h4><strong><br \/><a href=\"https:\/\/jstindt.com\/fr\/allemagne\/\">Allemagne<\/a><\/strong><\/h4>\n<ul>\n<li><a href=\"https:\/\/jstindt.com\/fr\/acces-au-marche-avec-gba\/\">Gemeinsamer Bundesausschuss<\/a> (G-BA)<\/li>\n<li><a href=\"https:\/\/jstindt.com\/fr\/acces-au-marche-avec-liqwig\/\">Institute for Quality and Efficiency in Health Care<\/a> (IQWiG)<\/li>\n<li><a href=\"https:\/\/jstindt.com\/fr\/acces-au-marche-avec-le-gkv-spitzenverband\/\">L&rsquo;association GKV Spitzenverband<\/a><\/li>\n<\/ul>\n<h4><strong><br \/><a href=\"https:\/\/jstindt.com\/fr\/royaume-uni\/\">Royaume-Uni<\/a><\/strong><\/h4>\n<ul>\n<li><a href=\"https:\/\/jstindt.com\/fr\/acces-au-marche-avec-nice\/\">National Institute for Health and Care Excellence<\/a> (NICE)<\/li>\n<li><a href=\"https:\/\/jstindt.com\/fr\/acces-au-marche-avec-le-smc\/\">Scottish Medicines Consortium<\/a> (SMC)<\/li>\n<li><a href=\"https:\/\/jstindt.com\/fr\/acces-au-marche-avec-awmsg\/\" rel=\"noopener\">All Wales Medicines Strategy Group<\/a> (AWMSG)<\/li>\n<li><a href=\"https:\/\/jstindt.com\/fr\/acces-au-marche-avec-le-nhs\/\">National Health Service<\/a> (NHS)<\/li>\n<\/ul>\n<h4><strong><br \/><a href=\"https:\/\/jstindt.com\/fr\/italie\/\">Italie<\/a><\/strong><\/h4>\n<ul>\n<li><a href=\"https:\/\/jstindt.com\/fr\/acces-au-marche-avec-aifa\/\">Italian Medicines Agency<\/a> (AIFA)<\/li>\n<li><a href=\"https:\/\/jstindt.com\/fr\/acces-au-marche-avec-la-cse\/\">Scientific and Economic Commission<\/a> (CSE)<\/li>\n<\/ul>\n<h4><strong><br \/><a href=\"https:\/\/jstindt.com\/fr\/espagne\/\">Espagne<\/a><\/strong><\/h4>\n<ul>\n<li><a href=\"https:\/\/jstindt.com\/fr\/acces-au-marche-avec-aemps\/\">Spanish Agency of Medicines and Medical Devices<\/a> (AEMPS)<\/li>\n<li><a href=\"https:\/\/jstindt.com\/fr\/acces-au-marche-avec-la-dgcf\/\">Direcci\u00f3n General de Cartera Com\u00fan de Servicios del Sistema Nacional de Salud y Farmacia<\/a> (DGCF)<\/li>\n<li><a href=\"https:\/\/jstindt.com\/fr\/acces-au-marche-avec-la-cipm\/\">Interministerial Commission on Medicine Prices<\/a> (CIPM)<\/li>\n<\/ul>\n<h4><strong><br \/><a href=\"https:\/\/jstindt.com\/fr\/suisse\/\">Suisse<\/a><\/strong><\/h4>\n<ul>\n<li><a href=\"https:\/\/jstindt.com\/fr\/acces-au-marche-avec-ofsp\/\">Federal Office of Public Health<\/a> (FOPH)<\/li>\n<\/ul>\n\t\t\t\t\t\t\t\t<\/div>\n\t\t\t\t<\/div>\n\t\t\t\t\t<\/div>\n\t\t\t\t<\/div>\n\t\t\t\t<\/div>\n\t\t\t\t<\/div>\n\t\t\t\t\t\t<\/div>\n\t\t\t\t<\/div>\n\t\t\t\t<\/div>\n\t\t\t\t\t<\/details>\n\t\t\t\t\t<\/div>\n\t\t\t\t\t\t<\/div>\n\t\t\t\t<\/div>\n\t\t\t\t\t<\/div>\n\t\t\t\t<\/div>\n\t\t\t\t<\/div>\n\t\t","protected":false},"excerpt":{"rendered":"<p>Le Scottish Medicines Consortium (SMC) est la principale source de recommandations sur l\u2019efficacit\u00e9 clinique et le rapport co\u00fbt-efficacit\u00e9 des nouveaux m\u00e9dicaments pour NHSScotland. Cr\u00e9\u00e9 pour garantir un acc\u00e8s rapide aux m\u00e9dicaments b\u00e9n\u00e9fiques, le SMC \u00e9value les m\u00e9dicaments nouvellement autoris\u00e9s et fournit des directives sur leur utilisation au sein du syst\u00e8me de sant\u00e9 national \u00e9cossais. (scottishmedicines.org.uk) [&hellip;]<\/p>\n","protected":false},"author":3,"featured_media":0,"parent":0,"menu_order":0,"comment_status":"closed","ping_status":"closed","template":"","meta":{"_acf_changed":false,"footnotes":""},"class_list":["post-19129","page","type-page","status-publish","hentry"],"acf":[],"_links":{"self":[{"href":"https:\/\/jstindt.com\/fr\/wp-json\/wp\/v2\/pages\/19129","targetHints":{"allow":["GET"]}}],"collection":[{"href":"https:\/\/jstindt.com\/fr\/wp-json\/wp\/v2\/pages"}],"about":[{"href":"https:\/\/jstindt.com\/fr\/wp-json\/wp\/v2\/types\/page"}],"author":[{"embeddable":true,"href":"https:\/\/jstindt.com\/fr\/wp-json\/wp\/v2\/users\/3"}],"replies":[{"embeddable":true,"href":"https:\/\/jstindt.com\/fr\/wp-json\/wp\/v2\/comments?post=19129"}],"version-history":[{"count":17,"href":"https:\/\/jstindt.com\/fr\/wp-json\/wp\/v2\/pages\/19129\/revisions"}],"predecessor-version":[{"id":19579,"href":"https:\/\/jstindt.com\/fr\/wp-json\/wp\/v2\/pages\/19129\/revisions\/19579"}],"wp:attachment":[{"href":"https:\/\/jstindt.com\/fr\/wp-json\/wp\/v2\/media?parent=19129"}],"curies":[{"name":"wp","href":"https:\/\/api.w.org\/{rel}","templated":true}]}}