{"id":19108,"date":"2025-02-13T15:12:47","date_gmt":"2025-02-13T14:12:47","guid":{"rendered":"https:\/\/jstindt.com\/?page_id=19108"},"modified":"2025-03-10T14:12:23","modified_gmt":"2025-03-10T13:12:23","slug":"acces-au-marche-avec-nice","status":"publish","type":"page","link":"https:\/\/jstindt.com\/fr\/acces-au-marche-avec-nice\/","title":{"rendered":"Acc\u00e8s au march\u00e9 avec NICE : Votre guide de l\u2019autorit\u00e9 britannique d\u2019\u00e9valuation des technologies de sant\u00e9"},"content":{"rendered":"\t\t<div data-elementor-type=\"wp-page\" data-elementor-id=\"19108\" class=\"elementor elementor-19108 elementor-18668\" data-elementor-post-type=\"page\">\n\t\t\t\t<div class=\"elementor-element elementor-element-532a722 e-flex e-con-boxed e-con e-parent\" data-id=\"532a722\" data-element_type=\"container\" data-e-type=\"container\">\n\t\t\t\t\t<div class=\"e-con-inner\">\n\t\t\t\t<div class=\"elementor-element elementor-element-aef3bb0 elementor-widget elementor-widget-text-editor\" data-id=\"aef3bb0\" data-element_type=\"widget\" data-e-type=\"widget\" data-widget_type=\"text-editor.default\">\n\t\t\t\t<div class=\"elementor-widget-container\">\n\t\t\t\t\t\t\t\t\t<p><span style=\"font-weight: 400;\">Le <\/span><i><span style=\"font-weight: 400;\">National Institute for Health and Care Excellence<\/span><\/i><span style=\"font-weight: 400;\"> (<\/span><i><span style=\"font-weight: 400;\">NICE<\/span><\/i><span style=\"font-weight: 400;\">) est un organisme public ex\u00e9cutif non minist\u00e9riel relevant du <\/span><i><span style=\"font-weight: 400;\">Department of Health and Social Care<\/span><\/i><span style=\"font-weight: 400;\"> au Royaume-Uni. Cr\u00e9\u00e9 en 1999, NICE fournit des recommandations et des conseils nationaux pour am\u00e9liorer les soins de sant\u00e9 et sociaux. Il \u00e9value les nouvelles technologies de sant\u00e9 destin\u00e9es au NHS en tenant compte de leur efficacit\u00e9 clinique et de leur rentabilit\u00e9. (<\/span><a href=\"https:\/\/www.nice.org.uk\/\"><span style=\"font-weight: 400;\">nice.org.uk<\/span><\/a><span style=\"font-weight: 400;\">)<\/span><\/p><h2><b>Fonctions principales de NICE<\/b><\/h2><ul><li><span style=\"font-weight: 400;\"> \u00a0 \u00a0 <\/span><b>\u00c9valuation des technologies de sant\u00e9 :<\/b><span style=\"font-weight: 400;\"> Analyse des nouveaux m\u00e9dicaments et traitements pour garantir leur efficacit\u00e9 clinique et leur rapport co\u00fbt-efficacit\u00e9 au sein du NHS. (<\/span><a href=\"https:\/\/www.nice.org.uk\/\"><span style=\"font-weight: 400;\">nice.org.uk<\/span><\/a><span style=\"font-weight: 400;\">)<\/span><\/li><li><span style=\"font-weight: 400;\"> \u00a0 \u00a0 <\/span><b>Lignes directrices cliniques :<\/b><span style=\"font-weight: 400;\"> \u00c9laboration de recommandations fond\u00e9es sur des preuves pour les soins de sant\u00e9 en Angleterre et au Pays de Galles afin d\u2019am\u00e9liorer la qualit\u00e9 des soins et des services. (<\/span><a href=\"https:\/\/www.nice.org.uk\/\"><span style=\"font-weight: 400;\">nice.org.uk<\/span><\/a><span style=\"font-weight: 400;\">)<\/span><\/li><li><span style=\"font-weight: 400;\"> \u00a0 \u00a0 <\/span><b>Normes de qualit\u00e9 :<\/b><span style=\"font-weight: 400;\"> D\u00e9finition de r\u00e9f\u00e9rences permettant aux professionnels et aux organismes de sant\u00e9 d\u2019offrir les meilleurs soins tout en garantissant un bon usage des fonds publics. (<\/span><a href=\"https:\/\/www.nice.org.uk\/\"><span style=\"font-weight: 400;\">nice.org.uk<\/span><\/a><span style=\"font-weight: 400;\">)<\/span><\/li><\/ul><h2><b>Direction et contacts cl\u00e9s<\/b><\/h2><p><span style=\"font-weight: 400;\">En date de janvier 2025, NICE est dirig\u00e9 par <\/span><b>Sam Roberts<\/b><span style=\"font-weight: 400;\">, qui supervise les initiatives strat\u00e9giques et les op\u00e9rations de l\u2019organisation.<\/span><\/p><h3><b>Coordonn\u00e9es de NICE<\/b><\/h3><ul><li><span style=\"font-weight: 400;\"> \u00a0 \u00a0 <\/span><b>Site web :<\/b><a href=\"https:\/\/www.nice.org.uk\/\"> <span style=\"font-weight: 400;\">nice.org.uk<\/span><\/a><\/li><li><span style=\"font-weight: 400;\"> \u00a0 \u00a0 <\/span><b>Adresse postale :<\/b><b><br \/><\/b> <span style=\"font-weight: 400;\">National Institute for Health and Care Excellence<\/span><span style=\"font-weight: 400;\"><br \/><\/span><span style=\"font-weight: 400;\"> 2 Redman Place<\/span><span style=\"font-weight: 400;\"><br \/><\/span><span style=\"font-weight: 400;\">\u00a0 London, E20 1JQ<\/span><span style=\"font-weight: 400;\"><br \/><\/span><span style=\"font-weight: 400;\">\u00a0 Royaume-Uni<\/span><span style=\"font-weight: 400;\"><br \/><\/span><span style=\"font-weight: 400;\">\u00a0 <\/span><b>T\u00e9l\u00e9phone :<\/b><span style=\"font-weight: 400;\"> +44 (0)300 323 0140<\/span><\/li><\/ul><h2><b>D\u00e9fis li\u00e9s \u00e0 la collaboration avec NICE<\/b><\/h2><ul><li><b>Compr\u00e9hension des processus d\u2019\u00e9valuation :<\/b><span style=\"font-weight: 400;\"> Connaissance des m\u00e9thodes et crit\u00e8res d\u2019\u00e9valuation de NICE essentielle pour r\u00e9ussir l\u2019acc\u00e8s au march\u00e9.<\/span><\/li><li><b>Soumissions rigoureuses et ponctuelles :<\/b><span style=\"font-weight: 400;\"> Constitution de dossiers complets et respect des d\u00e9lais pour faciliter les processus d\u2019\u00e9valuation.<\/span><\/li><li><b>D\u00e9monstration du rapport co\u00fbt-efficacit\u00e9 :<\/b><span style=\"font-weight: 400;\"> Pr\u00e9sentation de preuves solides d\u00e9montrant que les nouveaux traitements apportent une valeur ajout\u00e9e au sein du cadre du NHS.<\/span><\/li><\/ul><p><span style=\"font-weight: 400;\">Une collaboration efficace avec NICE peut permettre un acc\u00e8s rapide au march\u00e9 et des d\u00e9cisions de remboursement favorables au Royaume-Uni.<\/span><\/p><h2><b>Opportunit\u00e9s \/ Solutions avec Justin Stindt Consultants<\/b><\/h2><ul><li><b>Soumissions expertes aupr\u00e8s de NICE :<\/b><span style=\"font-weight: 400;\"> Cr\u00e9ation de dossiers de haute qualit\u00e9 pour les \u00e9valuations des technologies de sant\u00e9 et les recommandations cliniques.<\/span><\/li><li><b>Strat\u00e9gies d\u2019acc\u00e8s au march\u00e9 NICE :<\/b><span style=\"font-weight: 400;\"> D\u00e9veloppement de strat\u00e9gies conformes aux crit\u00e8res d\u2019\u00e9valuation de NICE pour optimiser l\u2019acc\u00e8s au march\u00e9.<\/span><\/li><li><b>Expertise des processus NICE :<\/b><span style=\"font-weight: 400;\"> Analyse approfondie des proc\u00e9dures de NICE pour am\u00e9liorer la conformit\u00e9 et acc\u00e9l\u00e9rer les approbations.<\/span><\/li><\/ul><p>\u00a0<\/p><p><span style=\"font-weight: 400;\">Justin Stindt Consultants accompagne les entreprises dans leur engagement aupr\u00e8s de NICE afin d\u2019assurer un acc\u00e8s efficace au march\u00e9 britannique.<\/span><\/p>\t\t\t\t\t\t\t\t<\/div>\n\t\t\t\t<\/div>\n\t\t\t\t\t<\/div>\n\t\t\t\t<\/div>\n\t\t<div class=\"elementor-element elementor-element-b0b19b2 e-flex e-con-boxed e-con e-parent\" data-id=\"b0b19b2\" data-element_type=\"container\" data-e-type=\"container\">\n\t\t\t\t\t<div class=\"e-con-inner\">\n\t\t\t\t<div class=\"elementor-element elementor-element-8065837 elementor-widget-divider--view-line elementor-widget elementor-widget-divider\" data-id=\"8065837\" data-element_type=\"widget\" data-e-type=\"widget\" data-widget_type=\"divider.default\">\n\t\t\t\t<div class=\"elementor-widget-container\">\n\t\t\t\t\t\t\t<div class=\"elementor-divider\">\n\t\t\t<span class=\"elementor-divider-separator\">\n\t\t\t\t\t\t<\/span>\n\t\t<\/div>\n\t\t\t\t\t\t<\/div>\n\t\t\t\t<\/div>\n\t\t\t\t\t<\/div>\n\t\t\t\t<\/div>\n\t\t<div class=\"elementor-element elementor-element-88f6af6 e-flex e-con-boxed e-con e-parent\" data-id=\"88f6af6\" data-element_type=\"container\" data-e-type=\"container\">\n\t\t\t\t\t<div class=\"e-con-inner\">\n\t\t<div class=\"elementor-element elementor-element-7b815236 e-con-full bordered-block e-flex e-con e-child\" data-id=\"7b815236\" data-element_type=\"container\" data-e-type=\"container\">\n\t\t\t\t<div class=\"elementor-element elementor-element-a4c416d elementor-widget elementor-widget-text-editor\" data-id=\"a4c416d\" data-element_type=\"widget\" data-e-type=\"widget\" data-widget_type=\"text-editor.default\">\n\t\t\t\t<div class=\"elementor-widget-container\">\n\t\t\t\t\t\t\t\t\t<h3>\u00c9tude de cas<\/h3><h2>Succ\u00e8s d\u2019une entreprise pharmaceutique avec NICE<\/h2>\t\t\t\t\t\t\t\t<\/div>\n\t\t\t\t<\/div>\n\t\t\t\t<div class=\"elementor-element elementor-element-72652ed2 elementor-widget elementor-widget-text-editor\" data-id=\"72652ed2\" data-element_type=\"widget\" data-e-type=\"widget\" data-widget_type=\"text-editor.default\">\n\t\t\t\t<div class=\"elementor-widget-container\">\n\t\t\t\t\t\t\t\t\t<p><strong>D\u00e9fi<\/strong> : <br \/>Une entreprise pharmaceutique a sollicit\u00e9 notre aide pour obtenir l\u2019approbation et le remboursement d\u2019une nouvelle th\u00e9rapie au Royaume-Uni.<\/p><p><strong>Solution<\/strong> : <br \/>Nous avons guid\u00e9 la pr\u00e9paration d\u2019un dossier complet r\u00e9pondant aux crit\u00e8res d\u2019\u00e9valuation de NICE.<\/p><p><strong>R\u00e9sultat<\/strong> : <br \/>Notre approche strat\u00e9gique a conduit \u00e0 une issue favorable, permettant l\u2019inclusion de la th\u00e9rapie dans le formulaire du NHS.<\/p>\t\t\t\t\t\t\t\t<\/div>\n\t\t\t\t<\/div>\n\t\t\t\t<\/div>\n\t\t\t\t\t<\/div>\n\t\t\t\t<\/div>\n\t\t<div class=\"elementor-element elementor-element-cd854db e-con-full e-flex e-con e-parent\" data-id=\"cd854db\" data-element_type=\"container\" data-e-type=\"container\" data-settings=\"{&quot;background_background&quot;:&quot;classic&quot;}\">\n\t\t\t\t<div class=\"elementor-element elementor-element-81fcb80 elementor-cta--skin-classic elementor-animated-content elementor-bg-transform elementor-bg-transform-zoom-in elementor-widget elementor-widget-call-to-action\" data-id=\"81fcb80\" data-element_type=\"widget\" data-e-type=\"widget\" data-widget_type=\"call-to-action.default\">\n\t\t\t\t<div class=\"elementor-widget-container\">\n\t\t\t\t\t\t\t<div class=\"elementor-cta\">\n\t\t\t\t\t\t\t<div class=\"elementor-cta__content\">\n\t\t\t\t\n\t\t\t\t\t\t\t\t\t<h2 class=\"elementor-cta__title elementor-cta__content-item elementor-content-item\">\n\t\t\t\t\t\tBesoin d\u2019un accompagnement pour l\u2019acc\u00e8s au march\u00e9 avec NICE ? L\u2019expertise de Justin Stindt Consultants vous aide \u00e0 r\u00e9ussir.\t\t\t\t\t<\/h2>\n\t\t\t\t\n\t\t\t\t\t\t\t\t\t<div class=\"elementor-cta__description elementor-cta__content-item elementor-content-item\">\n\t\t\t\t\t\tContactez-nous d\u00e8s aujourd\u2019hui pour d\u00e9velopper votre strat\u00e9gie d\u2019acc\u00e8s au march\u00e9 et garantir votre succ\u00e8s avec NICE.\t\t\t\t\t<\/div>\n\t\t\t\t\n\t\t\t\t\t\t\t\t\t<div class=\"elementor-cta__button-wrapper elementor-cta__content-item elementor-content-item \">\n\t\t\t\t\t<a class=\"elementor-cta__button elementor-button elementor-size-\" href=\"https:\/\/jstindt.com\/contact-us\/\">\n\t\t\t\t\t\tContactez Justin Stindt Consultants\t\t\t\t\t<\/a>\n\t\t\t\t\t<\/div>\n\t\t\t\t\t\t\t<\/div>\n\t\t\t\t\t\t<\/div>\n\t\t\t\t\t\t<\/div>\n\t\t\t\t<\/div>\n\t\t\t\t<\/div>\n\t\t<div class=\"elementor-element elementor-element-11c565f e-flex e-con-boxed e-con e-parent\" data-id=\"11c565f\" data-element_type=\"container\" data-e-type=\"container\">\n\t\t\t\t\t<div class=\"e-con-inner\">\n\t\t\t\t<div class=\"elementor-element elementor-element-abe208e elementor-widget elementor-widget-n-accordion\" data-id=\"abe208e\" data-element_type=\"widget\" data-e-type=\"widget\" data-settings=\"{&quot;default_state&quot;:&quot;all_collapsed&quot;,&quot;max_items_expended&quot;:&quot;one&quot;,&quot;n_accordion_animation_duration&quot;:{&quot;unit&quot;:&quot;ms&quot;,&quot;size&quot;:400,&quot;sizes&quot;:[]}}\" data-widget_type=\"nested-accordion.default\">\n\t\t\t\t<div class=\"elementor-widget-container\">\n\t\t\t\t\t\t\t<div class=\"e-n-accordion\" aria-label=\"Accordion. Open links with Enter or Space, close with Escape, and navigate with Arrow Keys\">\n\t\t\t\t\t\t<details id=\"e-n-accordion-item-1800\" class=\"e-n-accordion-item\" >\n\t\t\t\t<summary class=\"e-n-accordion-item-title\" data-accordion-index=\"1\" tabindex=\"0\" aria-expanded=\"false\" aria-controls=\"e-n-accordion-item-1800\" >\n\t\t\t\t\t<span class='e-n-accordion-item-title-header'><div class=\"e-n-accordion-item-title-text\"> Autres institutions cl\u00e9s dans l'acc\u00e8s au march\u00e9 <\/div><\/span>\n\t\t\t\t\t\t\t<span class='e-n-accordion-item-title-icon'>\n\t\t\t<span class='e-opened' ><i aria-hidden=\"true\" class=\"fas fa-minus\"><\/i><\/span>\n\t\t\t<span class='e-closed'><i aria-hidden=\"true\" class=\"fas fa-plus\"><\/i><\/span>\n\t\t<\/span>\n\n\t\t\t\t\t\t<\/summary>\n\t\t\t\t<div role=\"region\" aria-labelledby=\"e-n-accordion-item-1800\" class=\"elementor-element elementor-element-80864c7 e-con-full e-flex e-con e-child\" data-id=\"80864c7\" data-element_type=\"container\" data-e-type=\"container\">\n\t\t\t\t<div class=\"elementor-element elementor-element-b297a33 elementor-widget elementor-widget-template\" data-id=\"b297a33\" data-element_type=\"widget\" data-e-type=\"widget\" data-widget_type=\"template.default\">\n\t\t\t\t<div class=\"elementor-widget-container\">\n\t\t\t\t\t\t\t<div class=\"elementor-template\">\n\t\t\t\t\t<div data-elementor-type=\"container\" data-elementor-id=\"19254\" class=\"elementor elementor-19254 elementor-18546 elementor-18546\" data-elementor-post-type=\"elementor_library\">\n\t\t\t\t<div role=\"region\" aria-labelledby=\"e-n-accordion-item-2290\" class=\"elementor-element elementor-element-4d5d7d7a e-flex e-con-boxed e-con e-parent\" data-id=\"4d5d7d7a\" data-element_type=\"container\" data-e-type=\"container\">\n\t\t\t\t\t<div class=\"e-con-inner\">\n\t\t\t\t<div class=\"elementor-element elementor-element-fa73d9e elementor-widget elementor-widget-text-editor\" data-id=\"fa73d9e\" data-element_type=\"widget\" data-e-type=\"widget\" data-widget_type=\"text-editor.default\">\n\t\t\t\t<div class=\"elementor-widget-container\">\n\t\t\t\t\t\t\t\t\t<h4><strong>Institutions mondiales<\/strong><\/h4>\n<ul>\n<li><a href=\"https:\/\/jstindt.com\/fr\/acces-au-marche-avec-oms\/\">World Health Organization<\/a> (WHO)<\/li>\n<li><a href=\"https:\/\/jstindt.com\/fr\/acces-au-marche-avec-ispor\/\">International Society for Pharmacoeconomics and Outcomes Research<\/a> (ISPOR)<\/li>\n<\/ul>\n<h4><strong><br \/><a href=\"https:\/\/jstindt.com\/fr\/usa\/\">\u00c9tats-Unis<\/a><\/strong><\/h4>\n<ul>\n<li><a href=\"https:\/\/jstindt.com\/fr\/acces-au-marche-avec-cms\/\">Centers for Medicare &amp; Medicaid Services<\/a> (CMS)<\/li>\n<li><a href=\"https:\/\/jstindt.com\/fr\/acces-au-marche-avec-amcp\/\">Academy of Managed Care Pharmacy<\/a> (AMCP)<\/li>\n<li><a href=\"https:\/\/jstindt.com\/fr\/acces-au-marche-avec-icer\/\">Institute for Clinical and Economic Review<\/a> (ICER)<\/li>\n<\/ul>\n<h4><strong><br \/><a href=\"https:\/\/jstindt.com\/fr\/france\/\">France<\/a><\/strong><\/h4>\n<ul>\n<li><a href=\"https:\/\/jstindt.com\/fr\/acces-au-marche-avec-la-has\/\">Haute Autorit\u00e9 de Sant\u00e9<\/a> (HAS)<\/li>\n<li><a href=\"https:\/\/jstindt.com\/fr\/acces-au-marche-avec-le-ceps\/\">Comit\u00e9 \u00c9conomique des Produits de Sant\u00e9<\/a> (CEPS)<\/li>\n<\/ul>\n<h4><strong><br \/><a href=\"https:\/\/jstindt.com\/fr\/allemagne\/\">Allemagne<\/a><\/strong><\/h4>\n<ul>\n<li><a href=\"https:\/\/jstindt.com\/fr\/acces-au-marche-avec-gba\/\">Gemeinsamer Bundesausschuss<\/a> (G-BA)<\/li>\n<li><a href=\"https:\/\/jstindt.com\/fr\/acces-au-marche-avec-liqwig\/\">Institute for Quality and Efficiency in Health Care<\/a> (IQWiG)<\/li>\n<li><a href=\"https:\/\/jstindt.com\/fr\/acces-au-marche-avec-le-gkv-spitzenverband\/\">L&rsquo;association GKV Spitzenverband<\/a><\/li>\n<\/ul>\n<h4><strong><br \/><a href=\"https:\/\/jstindt.com\/fr\/royaume-uni\/\">Royaume-Uni<\/a><\/strong><\/h4>\n<ul>\n<li><a href=\"https:\/\/jstindt.com\/fr\/acces-au-marche-avec-nice\/\">National Institute for Health and Care Excellence<\/a> (NICE)<\/li>\n<li><a href=\"https:\/\/jstindt.com\/fr\/acces-au-marche-avec-le-smc\/\">Scottish Medicines Consortium<\/a> (SMC)<\/li>\n<li><a href=\"https:\/\/jstindt.com\/fr\/acces-au-marche-avec-awmsg\/\" rel=\"noopener\">All Wales Medicines Strategy Group<\/a> (AWMSG)<\/li>\n<li><a href=\"https:\/\/jstindt.com\/fr\/acces-au-marche-avec-le-nhs\/\">National Health Service<\/a> (NHS)<\/li>\n<\/ul>\n<h4><strong><br \/><a href=\"https:\/\/jstindt.com\/fr\/italie\/\">Italie<\/a><\/strong><\/h4>\n<ul>\n<li><a href=\"https:\/\/jstindt.com\/fr\/acces-au-marche-avec-aifa\/\">Italian Medicines Agency<\/a> (AIFA)<\/li>\n<li><a href=\"https:\/\/jstindt.com\/fr\/acces-au-marche-avec-la-cse\/\">Scientific and Economic Commission<\/a> (CSE)<\/li>\n<\/ul>\n<h4><strong><br \/><a href=\"https:\/\/jstindt.com\/fr\/espagne\/\">Espagne<\/a><\/strong><\/h4>\n<ul>\n<li><a href=\"https:\/\/jstindt.com\/fr\/acces-au-marche-avec-aemps\/\">Spanish Agency of Medicines and Medical Devices<\/a> (AEMPS)<\/li>\n<li><a href=\"https:\/\/jstindt.com\/fr\/acces-au-marche-avec-la-dgcf\/\">Direcci\u00f3n General de Cartera Com\u00fan de Servicios del Sistema Nacional de Salud y Farmacia<\/a> (DGCF)<\/li>\n<li><a href=\"https:\/\/jstindt.com\/fr\/acces-au-marche-avec-la-cipm\/\">Interministerial Commission on Medicine Prices<\/a> (CIPM)<\/li>\n<\/ul>\n<h4><strong><br \/><a href=\"https:\/\/jstindt.com\/fr\/suisse\/\">Suisse<\/a><\/strong><\/h4>\n<ul>\n<li><a href=\"https:\/\/jstindt.com\/fr\/acces-au-marche-avec-ofsp\/\">Federal Office of Public Health<\/a> (FOPH)<\/li>\n<\/ul>\n\t\t\t\t\t\t\t\t<\/div>\n\t\t\t\t<\/div>\n\t\t\t\t\t<\/div>\n\t\t\t\t<\/div>\n\t\t\t\t<\/div>\n\t\t\t\t<\/div>\n\t\t\t\t\t\t<\/div>\n\t\t\t\t<\/div>\n\t\t\t\t<\/div>\n\t\t\t\t\t<\/details>\n\t\t\t\t\t<\/div>\n\t\t\t\t\t\t<\/div>\n\t\t\t\t<\/div>\n\t\t\t\t\t<\/div>\n\t\t\t\t<\/div>\n\t\t\t\t<\/div>\n\t\t","protected":false},"excerpt":{"rendered":"<p>Le National Institute for Health and Care Excellence (NICE) est un organisme public ex\u00e9cutif non minist\u00e9riel relevant du Department of Health and Social Care au Royaume-Uni. Cr\u00e9\u00e9 en 1999, NICE fournit des recommandations et des conseils nationaux pour am\u00e9liorer les soins de sant\u00e9 et sociaux. Il \u00e9value les nouvelles technologies de sant\u00e9 destin\u00e9es au NHS [&hellip;]<\/p>\n","protected":false},"author":3,"featured_media":0,"parent":0,"menu_order":0,"comment_status":"closed","ping_status":"closed","template":"","meta":{"_acf_changed":false,"footnotes":""},"class_list":["post-19108","page","type-page","status-publish","hentry"],"acf":[],"_links":{"self":[{"href":"https:\/\/jstindt.com\/fr\/wp-json\/wp\/v2\/pages\/19108","targetHints":{"allow":["GET"]}}],"collection":[{"href":"https:\/\/jstindt.com\/fr\/wp-json\/wp\/v2\/pages"}],"about":[{"href":"https:\/\/jstindt.com\/fr\/wp-json\/wp\/v2\/types\/page"}],"author":[{"embeddable":true,"href":"https:\/\/jstindt.com\/fr\/wp-json\/wp\/v2\/users\/3"}],"replies":[{"embeddable":true,"href":"https:\/\/jstindt.com\/fr\/wp-json\/wp\/v2\/comments?post=19108"}],"version-history":[{"count":11,"href":"https:\/\/jstindt.com\/fr\/wp-json\/wp\/v2\/pages\/19108\/revisions"}],"predecessor-version":[{"id":19578,"href":"https:\/\/jstindt.com\/fr\/wp-json\/wp\/v2\/pages\/19108\/revisions\/19578"}],"wp:attachment":[{"href":"https:\/\/jstindt.com\/fr\/wp-json\/wp\/v2\/media?parent=19108"}],"curies":[{"name":"wp","href":"https:\/\/api.w.org\/{rel}","templated":true}]}}