{"id":19087,"date":"2025-02-13T14:54:35","date_gmt":"2025-02-13T13:54:35","guid":{"rendered":"https:\/\/jstindt.com\/?page_id=19087"},"modified":"2025-03-10T14:12:03","modified_gmt":"2025-03-10T13:12:03","slug":"acces-au-marche-avec-ofsp","status":"publish","type":"page","link":"https:\/\/jstindt.com\/fr\/acces-au-marche-avec-ofsp\/","title":{"rendered":"Acc\u00e8s au march\u00e9 avec l&rsquo;OFSP : Votre guide de l&rsquo;autorit\u00e9 sanitaire suisse"},"content":{"rendered":"\t\t<div data-elementor-type=\"wp-page\" data-elementor-id=\"19087\" class=\"elementor elementor-19087 elementor-18645\" data-elementor-post-type=\"page\">\n\t\t\t\t<div class=\"elementor-element elementor-element-573ff25 e-flex e-con-boxed e-con e-parent\" data-id=\"573ff25\" data-element_type=\"container\" data-e-type=\"container\">\n\t\t\t\t\t<div class=\"e-con-inner\">\n\t\t\t\t<div class=\"elementor-element elementor-element-120751f elementor-widget elementor-widget-text-editor\" data-id=\"120751f\" data-element_type=\"widget\" data-e-type=\"widget\" data-widget_type=\"text-editor.default\">\n\t\t\t\t<div class=\"elementor-widget-container\">\n\t\t\t\t\t\t\t\t\t<p><span style=\"font-weight: 400;\">L&rsquo;Office f\u00e9d\u00e9ral de la sant\u00e9 publique (<\/span><i><span style=\"font-weight: 400;\">OFSP<\/span><\/i><span style=\"font-weight: 400;\">) est l&rsquo;autorit\u00e9 nationale suisse charg\u00e9e de la sant\u00e9 publique, de l&rsquo;\u00e9laboration des politiques de sant\u00e9 et de la garantie d&rsquo;un syst\u00e8me de soins efficace et abordable. Faisant partie du D\u00e9partement f\u00e9d\u00e9ral de l&rsquo;int\u00e9rieur, l&rsquo;OFSP collabore avec les autorit\u00e9s cantonales pour prot\u00e9ger et promouvoir la sant\u00e9 publique en Suisse. (<\/span><a href=\"https:\/\/www.bag.admin.ch\/bag\/en\/home.html\"><span style=\"font-weight: 400;\">bag.admin.ch<\/span><\/a><span style=\"font-weight: 400;\">)<\/span><\/p><h2><b>Fonctions principales de l&rsquo;OFSP<\/b><\/h2><ul><li><b>\u00c9laboration des politiques de sant\u00e9 :<\/b><span style=\"font-weight: 400;\"> Formulation et mise en \u0153uvre des politiques nationales de sant\u00e9 pour maintenir et am\u00e9liorer les normes de sant\u00e9 publique. (<\/span><a href=\"https:\/\/www.bag.admin.ch\/bag\/en\/home.html\"><span style=\"font-weight: 400;\">bag.admin.ch<\/span><\/a><span style=\"font-weight: 400;\">)<\/span><\/li><li><b>Pr\u00e9vention des maladies et promotion de la sant\u00e9 :<\/b><span style=\"font-weight: 400;\"> Lancement de programmes visant \u00e0 pr\u00e9venir les maladies et \u00e0 encourager un mode de vie sain aupr\u00e8s de la population suisse.<\/span><\/li><li><b>Supervision des assurances sant\u00e9 :<\/b><span style=\"font-weight: 400;\"> Surveillance des syst\u00e8mes d&rsquo;assurance maladie, accident et militaire pour garantir leur efficacit\u00e9 et leur accessibilit\u00e9. (<\/span><a href=\"https:\/\/www.historyofsocialsecurity.ch\/\"><span style=\"font-weight: 400;\">historyofsocialsecurity.ch<\/span><\/a><span style=\"font-weight: 400;\">)<\/span><\/li><li><b>Collaboration internationale :<\/b><span style=\"font-weight: 400;\"> Repr\u00e9sentation des int\u00e9r\u00eats suisses en mati\u00e8re de sant\u00e9 au sein des organisations internationales et dans le cadre des relations bilat\u00e9rales. (<\/span><a href=\"https:\/\/www.opendata.swiss\/\"><span style=\"font-weight: 400;\">opendata.swiss<\/span><\/a><span style=\"font-weight: 400;\">)<\/span><\/li><\/ul><h2><b>Direction et contacts cl\u00e9s<\/b><\/h2><p><span style=\"font-weight: 400;\">En date de janvier 2025, l&rsquo;OFSP est dirig\u00e9 par <\/span><b>Anne L\u00e9vy<\/b><span style=\"font-weight: 400;\">, qui supervise les initiatives strat\u00e9giques et les op\u00e9rations de l&rsquo;agence.<\/span><\/p><h3><b>Coordonn\u00e9es de l&rsquo;OFSP<\/b><\/h3><ul><li><b>Site web :<\/b><a href=\"https:\/\/www.bag.admin.ch\/bag\/en\/home.html\"> <span style=\"font-weight: 400;\">bag.admin.ch<\/span><\/a><\/li><li><b>Adresse postale :<\/b><b><br \/><\/b> <span style=\"font-weight: 400;\">Office f\u00e9d\u00e9ral de la sant\u00e9 publique (<\/span><i><span style=\"font-weight: 400;\">OFSP<\/span><\/i><span style=\"font-weight: 400;\">)<\/span><span style=\"font-weight: 400;\"><br \/><\/span><span style=\"font-weight: 400;\"> Schwarzenburgstrasse 157<\/span><span style=\"font-weight: 400;\"><br \/><\/span><span style=\"font-weight: 400;\">\u00a0 3003 Berne, Suisse<\/span><span style=\"font-weight: 400;\"><br \/><\/span><span style=\"font-weight: 400;\">\u00a0 <\/span><b>T\u00e9l\u00e9phone :<\/b><span style=\"font-weight: 400;\"> +41 58 463 00 00<\/span><\/li><\/ul><h2><b>D\u00e9fis li\u00e9s \u00e0 la collaboration avec l&rsquo;OFSP<\/b><\/h2><ul><li><b>Compr\u00e9hension des cadres r\u00e9glementaires et d&rsquo;acc\u00e8s au march\u00e9 :<\/b><span style=\"font-weight: 400;\"> Connaissance des politiques et r\u00e9glementations de sant\u00e9 suisses essentielle pour une collaboration efficace. Parmi les cadres cl\u00e9s figurent les crit\u00e8res \u00ab Efficacit\u00e9, ad\u00e9quation et caract\u00e8re \u00e9conomique \u00bb (<\/span><i><span style=\"font-weight: 400;\">Wirksamkeit, Zweckm\u00e4ssigkeit und Wirtschaftlichkeit<\/span><\/i><span style=\"font-weight: 400;\"> \/ <\/span><i><span style=\"font-weight: 400;\">WZW-Kriterien<\/span><\/i><span style=\"font-weight: 400;\">), la comparaison th\u00e9rapeutique transversale (<\/span><i><span style=\"font-weight: 400;\">Therapeutischer Quervergleich<\/span><\/i><span style=\"font-weight: 400;\">, <\/span><i><span style=\"font-weight: 400;\">TQV<\/span><\/i><span style=\"font-weight: 400;\">) et la comparaison des prix \u00e9trangers (<\/span><i><span style=\"font-weight: 400;\">Auslandpreisvergleich<\/span><\/i><span style=\"font-weight: 400;\">).<\/span><\/li><li><b>Soumissions pr\u00e9cises et ponctuelles :<\/b><span style=\"font-weight: 400;\"> Constitution de dossiers complets et respect des d\u00e9lais pour faciliter les \u00e9valuations de remboursement et les n\u00e9gociations de prix.<\/span><\/li><li><b>Navigation dans les structures f\u00e9d\u00e9rales et cantonales :<\/b><span style=\"font-weight: 400;\"> Travail efficace au sein du syst\u00e8me f\u00e9d\u00e9ral suisse, qui implique \u00e0 la fois les autorit\u00e9s nationales et cantonales.<\/span><\/li><\/ul><p><span style=\"font-weight: 400;\">Une collaboration efficace avec l&rsquo;OFSP peut mener \u00e0 la mise en \u0153uvre r\u00e9ussie d&rsquo;initiatives et de politiques de sant\u00e9 en Suisse.<\/span><\/p><h2><b>Opportunit\u00e9s \/ Solutions avec Justin Stindt Consultants<\/b><\/h2><ul><li><b>Engagement expert aupr\u00e8s de l&rsquo;OFSP :<\/b><span style=\"font-weight: 400;\"> Accompagnement sur l\u2019interaction avec l&rsquo;OFSP et l&rsquo;utilisation optimale de ses ressources.<\/span><\/li><li><b>Strat\u00e9gies d&rsquo;acc\u00e8s au march\u00e9 OFSP :<\/b><span style=\"font-weight: 400;\"> D\u00e9veloppement de strat\u00e9gies conformes aux politiques de sant\u00e9 suisses pour optimiser l&rsquo;acc\u00e8s au march\u00e9.<\/span><\/li><li><b>Expertise des processus OFSP :<\/b><span style=\"font-weight: 400;\"> Analyse approfondie des proc\u00e9dures de l&rsquo;OFSP pour am\u00e9liorer la conformit\u00e9 et acc\u00e9l\u00e9rer les approbations.<\/span><\/li><\/ul><p><span style=\"font-weight: 400;\"><br \/>Justin Stindt Consultants est sp\u00e9cialis\u00e9 dans l&rsquo;accompagnement des entreprises pour une collaboration efficace avec l&rsquo;OFSP et un acc\u00e8s r\u00e9ussi au march\u00e9 suisse.<\/span><\/p>\t\t\t\t\t\t\t\t<\/div>\n\t\t\t\t<\/div>\n\t\t\t\t\t<\/div>\n\t\t\t\t<\/div>\n\t\t<div class=\"elementor-element elementor-element-b7ba0dc e-flex e-con-boxed e-con e-parent\" data-id=\"b7ba0dc\" data-element_type=\"container\" data-e-type=\"container\">\n\t\t\t\t\t<div class=\"e-con-inner\">\n\t\t\t\t<div class=\"elementor-element elementor-element-ac495cb elementor-widget-divider--view-line elementor-widget elementor-widget-divider\" data-id=\"ac495cb\" data-element_type=\"widget\" data-e-type=\"widget\" data-widget_type=\"divider.default\">\n\t\t\t\t<div class=\"elementor-widget-container\">\n\t\t\t\t\t\t\t<div class=\"elementor-divider\">\n\t\t\t<span class=\"elementor-divider-separator\">\n\t\t\t\t\t\t<\/span>\n\t\t<\/div>\n\t\t\t\t\t\t<\/div>\n\t\t\t\t<\/div>\n\t\t\t\t\t<\/div>\n\t\t\t\t<\/div>\n\t\t<div class=\"elementor-element elementor-element-b02bcf1 e-flex e-con-boxed e-con e-parent\" data-id=\"b02bcf1\" data-element_type=\"container\" data-e-type=\"container\">\n\t\t\t\t\t<div class=\"e-con-inner\">\n\t\t<div class=\"elementor-element elementor-element-43b72cf3 e-con-full bordered-block e-flex e-con e-child\" data-id=\"43b72cf3\" data-element_type=\"container\" data-e-type=\"container\">\n\t\t\t\t<div class=\"elementor-element elementor-element-38414136 elementor-widget elementor-widget-text-editor\" data-id=\"38414136\" data-element_type=\"widget\" data-e-type=\"widget\" data-widget_type=\"text-editor.default\">\n\t\t\t\t<div class=\"elementor-widget-container\">\n\t\t\t\t\t\t\t\t\t<h3 data-pm-slice=\"1 1 []\">\u00c9tude de cas<\/h3><h2>Succ\u00e8s d&rsquo;une soci\u00e9t\u00e9 pharmaceutique avec l&rsquo;OFSP<\/h2>\t\t\t\t\t\t\t\t<\/div>\n\t\t\t\t<\/div>\n\t\t\t\t<div class=\"elementor-element elementor-element-eb95c5f elementor-widget elementor-widget-text-editor\" data-id=\"eb95c5f\" data-element_type=\"widget\" data-e-type=\"widget\" data-widget_type=\"text-editor.default\">\n\t\t\t\t<div class=\"elementor-widget-container\">\n\t\t\t\t\t\t\t\t\t<p><strong>D\u00e9fi<\/strong> : <br \/>Une organisation de sant\u00e9 a sollicit\u00e9 notre aide pour obtenir le remboursement d\u2019un nouveau m\u00e9dicament en Suisse.<\/p><p><strong>Solution<\/strong> : <br \/>Nous avons aid\u00e9 \u00e0 aligner leur dossier avec les politiques de sant\u00e9 de l&rsquo;OFSP et facilit\u00e9 des n\u00e9gociations tarifaires efficaces.<\/p><p><strong>R\u00e9sultat<\/strong> : <br \/>Notre approche strat\u00e9gique a conduit \u00e0 l&rsquo;inclusion r\u00e9ussie du produit sur la liste des sp\u00e9cialit\u00e9s.<\/p>\t\t\t\t\t\t\t\t<\/div>\n\t\t\t\t<\/div>\n\t\t\t\t<\/div>\n\t\t\t\t\t<\/div>\n\t\t\t\t<\/div>\n\t\t<div class=\"elementor-element elementor-element-2ee7443 e-con-full e-flex e-con e-parent\" data-id=\"2ee7443\" data-element_type=\"container\" data-e-type=\"container\" data-settings=\"{&quot;background_background&quot;:&quot;classic&quot;}\">\n\t\t\t\t<div class=\"elementor-element elementor-element-2ea65e5 elementor-cta--skin-classic elementor-animated-content elementor-bg-transform elementor-bg-transform-zoom-in elementor-widget elementor-widget-call-to-action\" data-id=\"2ea65e5\" data-element_type=\"widget\" data-e-type=\"widget\" data-widget_type=\"call-to-action.default\">\n\t\t\t\t<div class=\"elementor-widget-container\">\n\t\t\t\t\t\t\t<div class=\"elementor-cta\">\n\t\t\t\t\t\t\t<div class=\"elementor-cta__content\">\n\t\t\t\t\n\t\t\t\t\t\t\t\t\t<h2 class=\"elementor-cta__title elementor-cta__content-item elementor-content-item\">\n\t\t\t\t\t\tBesoin d\u2019un accompagnement pour l\u2019acc\u00e8s au march\u00e9 avec l'OFSP ? L\u2019expertise de Justin Stindt Consultants vous aide \u00e0 r\u00e9ussir.\t\t\t\t\t<\/h2>\n\t\t\t\t\n\t\t\t\t\t\t\t\t\t<div class=\"elementor-cta__description elementor-cta__content-item elementor-content-item\">\n\t\t\t\t\t\tContactez-nous d\u00e8s aujourd\u2019hui pour d\u00e9velopper votre strat\u00e9gie d\u2019acc\u00e8s au march\u00e9 et garantir votre succ\u00e8s avec l'OFSP.\t\t\t\t\t<\/div>\n\t\t\t\t\n\t\t\t\t\t\t\t\t\t<div class=\"elementor-cta__button-wrapper elementor-cta__content-item elementor-content-item \">\n\t\t\t\t\t<a class=\"elementor-cta__button elementor-button elementor-size-\" href=\"https:\/\/jstindt.com\/contact-us\/\">\n\t\t\t\t\t\tContactez Justin Stindt Consultants\t\t\t\t\t<\/a>\n\t\t\t\t\t<\/div>\n\t\t\t\t\t\t\t<\/div>\n\t\t\t\t\t\t<\/div>\n\t\t\t\t\t\t<\/div>\n\t\t\t\t<\/div>\n\t\t\t\t<\/div>\n\t\t<div class=\"elementor-element elementor-element-5530430 e-flex e-con-boxed e-con e-parent\" data-id=\"5530430\" data-element_type=\"container\" data-e-type=\"container\">\n\t\t\t\t\t<div class=\"e-con-inner\">\n\t\t\t\t<div class=\"elementor-element elementor-element-f82101b elementor-widget elementor-widget-n-accordion\" data-id=\"f82101b\" data-element_type=\"widget\" data-e-type=\"widget\" data-settings=\"{&quot;default_state&quot;:&quot;all_collapsed&quot;,&quot;max_items_expended&quot;:&quot;one&quot;,&quot;n_accordion_animation_duration&quot;:{&quot;unit&quot;:&quot;ms&quot;,&quot;size&quot;:400,&quot;sizes&quot;:[]}}\" data-widget_type=\"nested-accordion.default\">\n\t\t\t\t<div class=\"elementor-widget-container\">\n\t\t\t\t\t\t\t<div class=\"e-n-accordion\" aria-label=\"Accordion. Open links with Enter or Space, close with Escape, and navigate with Arrow Keys\">\n\t\t\t\t\t\t<details id=\"e-n-accordion-item-2600\" class=\"e-n-accordion-item\" >\n\t\t\t\t<summary class=\"e-n-accordion-item-title\" data-accordion-index=\"1\" tabindex=\"0\" aria-expanded=\"false\" aria-controls=\"e-n-accordion-item-2600\" >\n\t\t\t\t\t<span class='e-n-accordion-item-title-header'><div class=\"e-n-accordion-item-title-text\"> Autres institutions cl\u00e9s dans l'acc\u00e8s au march\u00e9 <\/div><\/span>\n\t\t\t\t\t\t\t<span class='e-n-accordion-item-title-icon'>\n\t\t\t<span class='e-opened' ><i aria-hidden=\"true\" class=\"fas fa-minus\"><\/i><\/span>\n\t\t\t<span class='e-closed'><i aria-hidden=\"true\" class=\"fas fa-plus\"><\/i><\/span>\n\t\t<\/span>\n\n\t\t\t\t\t\t<\/summary>\n\t\t\t\t<div role=\"region\" aria-labelledby=\"e-n-accordion-item-2600\" class=\"elementor-element elementor-element-5f95d3e e-con-full e-flex e-con e-child\" data-id=\"5f95d3e\" data-element_type=\"container\" data-e-type=\"container\">\n\t\t\t\t<div class=\"elementor-element elementor-element-11e0496 elementor-widget elementor-widget-template\" data-id=\"11e0496\" data-element_type=\"widget\" data-e-type=\"widget\" data-widget_type=\"template.default\">\n\t\t\t\t<div class=\"elementor-widget-container\">\n\t\t\t\t\t\t\t<div class=\"elementor-template\">\n\t\t\t\t\t<div data-elementor-type=\"container\" data-elementor-id=\"19254\" class=\"elementor elementor-19254 elementor-18546 elementor-18546\" data-elementor-post-type=\"elementor_library\">\n\t\t\t\t<div role=\"region\" aria-labelledby=\"e-n-accordion-item-1670\" class=\"elementor-element elementor-element-4d5d7d7a e-flex e-con-boxed e-con e-parent\" data-id=\"4d5d7d7a\" data-element_type=\"container\" data-e-type=\"container\">\n\t\t\t\t\t<div class=\"e-con-inner\">\n\t\t\t\t<div class=\"elementor-element elementor-element-fa73d9e elementor-widget elementor-widget-text-editor\" data-id=\"fa73d9e\" data-element_type=\"widget\" data-e-type=\"widget\" data-widget_type=\"text-editor.default\">\n\t\t\t\t<div class=\"elementor-widget-container\">\n\t\t\t\t\t\t\t\t\t<h4><strong>Institutions mondiales<\/strong><\/h4>\n<ul>\n<li><a href=\"https:\/\/jstindt.com\/fr\/acces-au-marche-avec-oms\/\">World Health Organization<\/a> (WHO)<\/li>\n<li><a href=\"https:\/\/jstindt.com\/fr\/acces-au-marche-avec-ispor\/\">International Society for Pharmacoeconomics and Outcomes Research<\/a> (ISPOR)<\/li>\n<\/ul>\n<h4><strong><br \/><a href=\"https:\/\/jstindt.com\/fr\/usa\/\">\u00c9tats-Unis<\/a><\/strong><\/h4>\n<ul>\n<li><a href=\"https:\/\/jstindt.com\/fr\/acces-au-marche-avec-cms\/\">Centers for Medicare &amp; Medicaid Services<\/a> (CMS)<\/li>\n<li><a href=\"https:\/\/jstindt.com\/fr\/acces-au-marche-avec-amcp\/\">Academy of Managed Care Pharmacy<\/a> (AMCP)<\/li>\n<li><a href=\"https:\/\/jstindt.com\/fr\/acces-au-marche-avec-icer\/\">Institute for Clinical and Economic Review<\/a> (ICER)<\/li>\n<\/ul>\n<h4><strong><br \/><a href=\"https:\/\/jstindt.com\/fr\/france\/\">France<\/a><\/strong><\/h4>\n<ul>\n<li><a href=\"https:\/\/jstindt.com\/fr\/acces-au-marche-avec-la-has\/\">Haute Autorit\u00e9 de Sant\u00e9<\/a> (HAS)<\/li>\n<li><a href=\"https:\/\/jstindt.com\/fr\/acces-au-marche-avec-le-ceps\/\">Comit\u00e9 \u00c9conomique des Produits de Sant\u00e9<\/a> (CEPS)<\/li>\n<\/ul>\n<h4><strong><br \/><a href=\"https:\/\/jstindt.com\/fr\/allemagne\/\">Allemagne<\/a><\/strong><\/h4>\n<ul>\n<li><a href=\"https:\/\/jstindt.com\/fr\/acces-au-marche-avec-gba\/\">Gemeinsamer Bundesausschuss<\/a> (G-BA)<\/li>\n<li><a href=\"https:\/\/jstindt.com\/fr\/acces-au-marche-avec-liqwig\/\">Institute for Quality and Efficiency in Health Care<\/a> (IQWiG)<\/li>\n<li><a href=\"https:\/\/jstindt.com\/fr\/acces-au-marche-avec-le-gkv-spitzenverband\/\">L&rsquo;association GKV Spitzenverband<\/a><\/li>\n<\/ul>\n<h4><strong><br \/><a href=\"https:\/\/jstindt.com\/fr\/royaume-uni\/\">Royaume-Uni<\/a><\/strong><\/h4>\n<ul>\n<li><a href=\"https:\/\/jstindt.com\/fr\/acces-au-marche-avec-nice\/\">National Institute for Health and Care Excellence<\/a> (NICE)<\/li>\n<li><a href=\"https:\/\/jstindt.com\/fr\/acces-au-marche-avec-le-smc\/\">Scottish Medicines Consortium<\/a> (SMC)<\/li>\n<li><a href=\"https:\/\/jstindt.com\/fr\/acces-au-marche-avec-awmsg\/\" rel=\"noopener\">All Wales Medicines Strategy Group<\/a> (AWMSG)<\/li>\n<li><a href=\"https:\/\/jstindt.com\/fr\/acces-au-marche-avec-le-nhs\/\">National Health Service<\/a> (NHS)<\/li>\n<\/ul>\n<h4><strong><br \/><a href=\"https:\/\/jstindt.com\/fr\/italie\/\">Italie<\/a><\/strong><\/h4>\n<ul>\n<li><a href=\"https:\/\/jstindt.com\/fr\/acces-au-marche-avec-aifa\/\">Italian Medicines Agency<\/a> (AIFA)<\/li>\n<li><a href=\"https:\/\/jstindt.com\/fr\/acces-au-marche-avec-la-cse\/\">Scientific and Economic Commission<\/a> (CSE)<\/li>\n<\/ul>\n<h4><strong><br \/><a href=\"https:\/\/jstindt.com\/fr\/espagne\/\">Espagne<\/a><\/strong><\/h4>\n<ul>\n<li><a href=\"https:\/\/jstindt.com\/fr\/acces-au-marche-avec-aemps\/\">Spanish Agency of Medicines and Medical Devices<\/a> (AEMPS)<\/li>\n<li><a href=\"https:\/\/jstindt.com\/fr\/acces-au-marche-avec-la-dgcf\/\">Direcci\u00f3n General de Cartera Com\u00fan de Servicios del Sistema Nacional de Salud y Farmacia<\/a> (DGCF)<\/li>\n<li><a href=\"https:\/\/jstindt.com\/fr\/acces-au-marche-avec-la-cipm\/\">Interministerial Commission on Medicine Prices<\/a> (CIPM)<\/li>\n<\/ul>\n<h4><strong><br \/><a href=\"https:\/\/jstindt.com\/fr\/suisse\/\">Suisse<\/a><\/strong><\/h4>\n<ul>\n<li><a href=\"https:\/\/jstindt.com\/fr\/acces-au-marche-avec-ofsp\/\">Federal Office of Public Health<\/a> (FOPH)<\/li>\n<\/ul>\n\t\t\t\t\t\t\t\t<\/div>\n\t\t\t\t<\/div>\n\t\t\t\t\t<\/div>\n\t\t\t\t<\/div>\n\t\t\t\t<\/div>\n\t\t\t\t<\/div>\n\t\t\t\t\t\t<\/div>\n\t\t\t\t<\/div>\n\t\t\t\t<\/div>\n\t\t\t\t\t<\/details>\n\t\t\t\t\t<\/div>\n\t\t\t\t\t\t<\/div>\n\t\t\t\t<\/div>\n\t\t\t\t\t<\/div>\n\t\t\t\t<\/div>\n\t\t\t\t<\/div>\n\t\t","protected":false},"excerpt":{"rendered":"<p>L&rsquo;Office f\u00e9d\u00e9ral de la sant\u00e9 publique (OFSP) est l&rsquo;autorit\u00e9 nationale suisse charg\u00e9e de la sant\u00e9 publique, de l&rsquo;\u00e9laboration des politiques de sant\u00e9 et de la garantie d&rsquo;un syst\u00e8me de soins efficace et abordable. Faisant partie du D\u00e9partement f\u00e9d\u00e9ral de l&rsquo;int\u00e9rieur, l&rsquo;OFSP collabore avec les autorit\u00e9s cantonales pour prot\u00e9ger et promouvoir la sant\u00e9 publique en Suisse. [&hellip;]<\/p>\n","protected":false},"author":3,"featured_media":0,"parent":0,"menu_order":0,"comment_status":"closed","ping_status":"closed","template":"","meta":{"_acf_changed":false,"footnotes":""},"class_list":["post-19087","page","type-page","status-publish","hentry"],"acf":[],"_links":{"self":[{"href":"https:\/\/jstindt.com\/fr\/wp-json\/wp\/v2\/pages\/19087","targetHints":{"allow":["GET"]}}],"collection":[{"href":"https:\/\/jstindt.com\/fr\/wp-json\/wp\/v2\/pages"}],"about":[{"href":"https:\/\/jstindt.com\/fr\/wp-json\/wp\/v2\/types\/page"}],"author":[{"embeddable":true,"href":"https:\/\/jstindt.com\/fr\/wp-json\/wp\/v2\/users\/3"}],"replies":[{"embeddable":true,"href":"https:\/\/jstindt.com\/fr\/wp-json\/wp\/v2\/comments?post=19087"}],"version-history":[{"count":11,"href":"https:\/\/jstindt.com\/fr\/wp-json\/wp\/v2\/pages\/19087\/revisions"}],"predecessor-version":[{"id":19575,"href":"https:\/\/jstindt.com\/fr\/wp-json\/wp\/v2\/pages\/19087\/revisions\/19575"}],"wp:attachment":[{"href":"https:\/\/jstindt.com\/fr\/wp-json\/wp\/v2\/media?parent=19087"}],"curies":[{"name":"wp","href":"https:\/\/api.w.org\/{rel}","templated":true}]}}