{"id":19047,"date":"2025-02-13T14:49:13","date_gmt":"2025-02-13T13:49:13","guid":{"rendered":"https:\/\/jstindt.com\/?page_id=19047"},"modified":"2025-03-10T14:11:47","modified_gmt":"2025-03-10T13:11:47","slug":"acces-au-marche-avec-la-cse","status":"publish","type":"page","link":"https:\/\/jstindt.com\/fr\/acces-au-marche-avec-la-cse\/","title":{"rendered":"Acc\u00e8s au march\u00e9 avec la CSE : Votre guide de l&rsquo;organe d&rsquo;\u00e9valuation \u00e9conomique pharmaceutique en Italie"},"content":{"rendered":"\t\t<div data-elementor-type=\"wp-page\" data-elementor-id=\"19047\" class=\"elementor elementor-19047 elementor-18634\" data-elementor-post-type=\"page\">\n\t\t\t\t<div class=\"elementor-element elementor-element-95cc415 e-flex e-con-boxed e-con e-parent\" data-id=\"95cc415\" data-element_type=\"container\" data-e-type=\"container\">\n\t\t\t\t\t<div class=\"e-con-inner\">\n\t\t\t\t<div class=\"elementor-element elementor-element-5d7c263 elementor-widget elementor-widget-text-editor\" data-id=\"5d7c263\" data-element_type=\"widget\" data-e-type=\"widget\" data-widget_type=\"text-editor.default\">\n\t\t\t\t<div class=\"elementor-widget-container\">\n\t\t\t\t\t\t\t\t\t<p><span style=\"font-weight: 400;\">La Commission Scientifique et \u00c9conomique des M\u00e9dicaments (<\/span><i><span style=\"font-weight: 400;\">CSE<\/span><\/i><span style=\"font-weight: 400;\">) fonctionne au sein de l\u2019Agence Italienne du M\u00e9dicament (<\/span><i><span style=\"font-weight: 400;\">AIFA<\/span><\/i><span style=\"font-weight: 400;\">) et joue un r\u00f4le cl\u00e9 dans l\u2019\u00e9valuation HTA, l\u2019\u00e9valuation \u00e9conomique et la n\u00e9gociation des prix des m\u00e9dicaments en Italie. Cr\u00e9\u00e9e pour fournir un soutien technique et consultatif, la CSE veille \u00e0 ce que les m\u00e9dicaments autoris\u00e9s en Italie r\u00e9pondent \u00e0 des normes rigoureuses en mati\u00e8re de qualit\u00e9, s\u00e9curit\u00e9, efficacit\u00e9 et rapport co\u00fbt-efficacit\u00e9. Collaborer avec la CSE est essentiel pour les acteurs souhaitant acc\u00e9der au march\u00e9 pharmaceutique italien. (<\/span><a href=\"https:\/\/www.aifa.gov.it\/en\/commissione-scientifica-economica\"><span style=\"font-weight: 400;\">aifa.gov.it<\/span><\/a><span style=\"font-weight: 400;\">)<\/span><\/p><h2><b>Fonctions principales de la CSE<\/b><\/h2><ul><li><b>\u00c9valuation des m\u00e9dicaments :<\/b><span style=\"font-weight: 400;\"> Analyse des nouveaux m\u00e9dicaments pour l\u2019autorisation de mise sur le march\u00e9 afin de garantir le respect des normes \u00e9tablies.<\/span><\/li><li><b>N\u00e9gociation des prix et remboursement :<\/b><span style=\"font-weight: 400;\"> Conduite des n\u00e9gociations pour d\u00e9terminer la tarification et le statut de remboursement des m\u00e9dicaments au sein du Service National de Sant\u00e9 italien.<\/span><\/li><li><b>Consultation technico-scientifique :<\/b><span style=\"font-weight: 400;\"> Fourniture de conseils sp\u00e9cialis\u00e9s \u00e0 l\u2019AIFA sur l\u2019\u00e9valuation des m\u00e9dicaments et les aspects \u00e9conomiques associ\u00e9s.<\/span><\/li><\/ul><h2><b>Direction et contacts cl\u00e9s<\/b><\/h2><p><span style=\"font-weight: 400;\">En date de janvier 2025, la CSE est pr\u00e9sid\u00e9e par <\/span><b>Lara Nicoletta Angela Gitto<\/b><span style=\"font-weight: 400;\">, nomm\u00e9e par le Ministre de la Sant\u00e9. Le comit\u00e9 est compos\u00e9 de dix membres, dont le Directeur Scientifique et Technique de l\u2019AIFA et le Pr\u00e9sident de l\u2019Istituto Superiore di Sanit\u00e0, ou leur d\u00e9l\u00e9gu\u00e9, en tant que membres de droit. Les autres membres sont nomm\u00e9s par le Ministre de la Sant\u00e9, le Ministre de l\u2019\u00c9conomie et des Finances, ainsi que par la Conf\u00e9rence Permanente pour les Relations entre l\u2019\u00c9tat, les R\u00e9gions et les Provinces Autonomes de Trente et Bolzano. (<\/span><a href=\"https:\/\/www.aifa.gov.it\/en\/commissione-scientifica-economica\"><span style=\"font-weight: 400;\">aifa.gov.it<\/span><\/a><span style=\"font-weight: 400;\">)<\/span><\/p><h3><b>Coordonn\u00e9es de la CSE<\/b><\/h3><ul><li><b>Site web :<\/b><a href=\"https:\/\/www.aifa.gov.it\/en\/commissione-scientifica-economica\"> <span style=\"font-weight: 400;\">aifa.gov.it<\/span><\/a><\/li><li><b>Adresse postale :<\/b><b><br \/><\/b> <span style=\"font-weight: 400;\">Agenzia Italiana del Farmaco (<\/span><i><span style=\"font-weight: 400;\">AIFA<\/span><\/i><span style=\"font-weight: 400;\">)<\/span><span style=\"font-weight: 400;\"><br \/><\/span><span style=\"font-weight: 400;\"> Via del Tritone, 181<\/span><span style=\"font-weight: 400;\"><br \/><\/span><span style=\"font-weight: 400;\">\u00a0 00187 Rome, Italie<\/span><span style=\"font-weight: 400;\"><br \/><\/span><span style=\"font-weight: 400;\">\u00a0 <\/span><b>T\u00e9l\u00e9phone :<\/b><span style=\"font-weight: 400;\"> +39 06 5978401<\/span><\/li><\/ul><h2><b>D\u00e9fis li\u00e9s \u00e0 la collaboration avec la CSE<\/b><\/h2><ul><li><b>Compr\u00e9hension des processus d\u2019\u00e9valuation et de n\u00e9gociation :<\/b><span style=\"font-weight: 400;\"> Connaissance des proc\u00e9dures de la CSE en mati\u00e8re d\u2019\u00e9valuation des m\u00e9dicaments et de n\u00e9gociation tarifaire, essentielle pour un acc\u00e8s efficace au march\u00e9.<\/span><\/li><li><b>Soumissions rigoureuses et ponctuelles :<\/b><span style=\"font-weight: 400;\"> Pr\u00e9paration minutieuse et respect des d\u00e9lais pour faciliter les processus d\u2019\u00e9valuation et de n\u00e9gociation.<\/span><\/li><li><b>Collaboration avec les parties prenantes :<\/b><span style=\"font-weight: 400;\"> Coordination efficace avec les acteurs du secteur de la sant\u00e9 en Italie afin d\u2019aligner les strat\u00e9gies sur les lignes directrices et standards de la CSE.<\/span><\/li><\/ul><p><span style=\"font-weight: 400;\">Une collaboration r\u00e9ussie avec la CSE peut faciliter l\u2019acc\u00e8s au march\u00e9 et garantir des r\u00e9sultats positifs en mati\u00e8re de remboursement en Italie.<\/span><\/p><h2><b>Opportunit\u00e9s \/ Solutions avec Justin Stindt Consultants<\/b><\/h2><ul><li><b>Soumissions expertes aupr\u00e8s de la CSE :<\/b><span style=\"font-weight: 400;\"> Cr\u00e9ation de dossiers de haute qualit\u00e9 pour les autorisations de mise sur le march\u00e9 et les demandes de remboursement.<\/span><\/li><li><b>Strat\u00e9gies d\u2019acc\u00e8s au march\u00e9 CSE :<\/b><span style=\"font-weight: 400;\"> D\u00e9veloppement de strat\u00e9gies align\u00e9es avec le cadre r\u00e9glementaire de la CSE pour optimiser l\u2019acc\u00e8s au march\u00e9.<\/span><\/li><li><b>Expertise des processus CSE :<\/b><span style=\"font-weight: 400;\"> Analyse approfondie des proc\u00e9dures de la CSE pour am\u00e9liorer la conformit\u00e9 et acc\u00e9l\u00e9rer les approbations.<\/span><\/li><\/ul><p>\u00a0<\/p><p><span style=\"font-weight: 400;\">Justin Stindt Consultants est sp\u00e9cialis\u00e9 dans l\u2019accompagnement des entreprises dans l\u2019environnement r\u00e9glementaire de la CSE afin de garantir un acc\u00e8s efficace au march\u00e9 italien.<\/span><\/p>\t\t\t\t\t\t\t\t<\/div>\n\t\t\t\t<\/div>\n\t\t\t\t\t<\/div>\n\t\t\t\t<\/div>\n\t\t<div class=\"elementor-element elementor-element-4b56093 e-flex e-con-boxed e-con e-parent\" data-id=\"4b56093\" data-element_type=\"container\" data-e-type=\"container\">\n\t\t\t\t\t<div class=\"e-con-inner\">\n\t\t\t\t<div class=\"elementor-element elementor-element-6e92815 elementor-widget-divider--view-line elementor-widget elementor-widget-divider\" data-id=\"6e92815\" data-element_type=\"widget\" data-e-type=\"widget\" data-widget_type=\"divider.default\">\n\t\t\t\t<div class=\"elementor-widget-container\">\n\t\t\t\t\t\t\t<div class=\"elementor-divider\">\n\t\t\t<span class=\"elementor-divider-separator\">\n\t\t\t\t\t\t<\/span>\n\t\t<\/div>\n\t\t\t\t\t\t<\/div>\n\t\t\t\t<\/div>\n\t\t\t\t\t<\/div>\n\t\t\t\t<\/div>\n\t\t<div class=\"elementor-element elementor-element-39ce70d2 e-flex e-con-boxed e-con e-parent\" data-id=\"39ce70d2\" data-element_type=\"container\" data-e-type=\"container\">\n\t\t\t\t\t<div class=\"e-con-inner\">\n\t\t<div class=\"elementor-element elementor-element-3459bf75 e-con-full bordered-block e-flex e-con e-child\" data-id=\"3459bf75\" data-element_type=\"container\" data-e-type=\"container\">\n\t\t\t\t<div class=\"elementor-element elementor-element-5f82403c elementor-widget elementor-widget-text-editor\" data-id=\"5f82403c\" data-element_type=\"widget\" data-e-type=\"widget\" data-widget_type=\"text-editor.default\">\n\t\t\t\t<div class=\"elementor-widget-container\">\n\t\t\t\t\t\t\t\t\t<h3>\u00c9tude de cas<\/h3><h2>Succ\u00e8s d\u2019une entreprise pharmaceutique avec la CSE<\/h2>\t\t\t\t\t\t\t\t<\/div>\n\t\t\t\t<\/div>\n\t\t\t\t<div class=\"elementor-element elementor-element-7af03e80 elementor-widget elementor-widget-text-editor\" data-id=\"7af03e80\" data-element_type=\"widget\" data-e-type=\"widget\" data-widget_type=\"text-editor.default\">\n\t\t\t\t<div class=\"elementor-widget-container\">\n\t\t\t\t\t\t\t\t\t<p><strong>D\u00e9fi<\/strong> : <br \/>Une entreprise pharmaceutique a sollicit\u00e9 notre assistance pour obtenir une approbation de remboursement pour une nouvelle th\u00e9rapie en Italie.<\/p><p><strong>Solution<\/strong> : <br \/>Nous avons accompagn\u00e9 l\u2019\u00e9laboration d\u2019un dossier complet conforme aux crit\u00e8res d\u2019\u00e9valuation de la CSE et aux n\u00e9gociations tarifaires.<\/p><p><strong>R\u00e9sultat<\/strong> : <br \/>Notre approche strat\u00e9gique a conduit \u00e0 une issue favorable, permettant l\u2019inclusion de la th\u00e9rapie dans la liste nationale des m\u00e9dicaments rembours\u00e9s.<\/p>\t\t\t\t\t\t\t\t<\/div>\n\t\t\t\t<\/div>\n\t\t\t\t<\/div>\n\t\t\t\t\t<\/div>\n\t\t\t\t<\/div>\n\t\t<div class=\"elementor-element elementor-element-8a1080a e-con-full e-flex e-con e-parent\" data-id=\"8a1080a\" data-element_type=\"container\" data-e-type=\"container\" data-settings=\"{&quot;background_background&quot;:&quot;classic&quot;}\">\n\t\t\t\t<div class=\"elementor-element elementor-element-579e091 elementor-cta--skin-classic elementor-animated-content elementor-bg-transform elementor-bg-transform-zoom-in elementor-widget elementor-widget-call-to-action\" data-id=\"579e091\" data-element_type=\"widget\" data-e-type=\"widget\" data-widget_type=\"call-to-action.default\">\n\t\t\t\t<div class=\"elementor-widget-container\">\n\t\t\t\t\t\t\t<div class=\"elementor-cta\">\n\t\t\t\t\t\t\t<div class=\"elementor-cta__content\">\n\t\t\t\t\n\t\t\t\t\t\t\t\t\t<h2 class=\"elementor-cta__title elementor-cta__content-item elementor-content-item\">\n\t\t\t\t\t\tBesoin d\u2019un accompagnement pour acc\u00e9der au march\u00e9 avec la CSE ? L\u2019expertise de Justin Stindt Consultants vous aide \u00e0 r\u00e9ussir.\t\t\t\t\t<\/h2>\n\t\t\t\t\n\t\t\t\t\t\t\t\t\t<div class=\"elementor-cta__description elementor-cta__content-item elementor-content-item\">\n\t\t\t\t\t\tContactez-nous d\u00e8s aujourd\u2019hui pour d\u00e9velopper votre strat\u00e9gie d\u2019acc\u00e8s au march\u00e9 et assurer votre succ\u00e8s avec la CSE.\t\t\t\t\t<\/div>\n\t\t\t\t\n\t\t\t\t\t\t\t\t\t<div class=\"elementor-cta__button-wrapper elementor-cta__content-item elementor-content-item \">\n\t\t\t\t\t<a class=\"elementor-cta__button elementor-button elementor-size-\" href=\"https:\/\/jstindt.com\/contact-us\/\">\n\t\t\t\t\t\tContactez Justin Stindt Consultants\t\t\t\t\t<\/a>\n\t\t\t\t\t<\/div>\n\t\t\t\t\t\t\t<\/div>\n\t\t\t\t\t\t<\/div>\n\t\t\t\t\t\t<\/div>\n\t\t\t\t<\/div>\n\t\t\t\t<\/div>\n\t\t<div class=\"elementor-element elementor-element-a94f1ae e-flex e-con-boxed e-con e-parent\" data-id=\"a94f1ae\" data-element_type=\"container\" data-e-type=\"container\">\n\t\t\t\t\t<div class=\"e-con-inner\">\n\t\t\t\t<div class=\"elementor-element elementor-element-31250a1 elementor-widget elementor-widget-n-accordion\" data-id=\"31250a1\" data-element_type=\"widget\" data-e-type=\"widget\" data-settings=\"{&quot;default_state&quot;:&quot;all_collapsed&quot;,&quot;max_items_expended&quot;:&quot;one&quot;,&quot;n_accordion_animation_duration&quot;:{&quot;unit&quot;:&quot;ms&quot;,&quot;size&quot;:400,&quot;sizes&quot;:[]}}\" data-widget_type=\"nested-accordion.default\">\n\t\t\t\t<div class=\"elementor-widget-container\">\n\t\t\t\t\t\t\t<div class=\"e-n-accordion\" aria-label=\"Accordion. Open links with Enter or Space, close with Escape, and navigate with Arrow Keys\">\n\t\t\t\t\t\t<details id=\"e-n-accordion-item-5150\" class=\"e-n-accordion-item\" >\n\t\t\t\t<summary class=\"e-n-accordion-item-title\" data-accordion-index=\"1\" tabindex=\"0\" aria-expanded=\"false\" aria-controls=\"e-n-accordion-item-5150\" >\n\t\t\t\t\t<span class='e-n-accordion-item-title-header'><div class=\"e-n-accordion-item-title-text\"> Autres institutions cl\u00e9s dans l'acc\u00e8s au march\u00e9 <\/div><\/span>\n\t\t\t\t\t\t\t<span class='e-n-accordion-item-title-icon'>\n\t\t\t<span class='e-opened' ><i aria-hidden=\"true\" class=\"fas fa-minus\"><\/i><\/span>\n\t\t\t<span class='e-closed'><i aria-hidden=\"true\" class=\"fas fa-plus\"><\/i><\/span>\n\t\t<\/span>\n\n\t\t\t\t\t\t<\/summary>\n\t\t\t\t<div role=\"region\" aria-labelledby=\"e-n-accordion-item-5150\" class=\"elementor-element elementor-element-f49dd0d e-con-full e-flex e-con e-child\" data-id=\"f49dd0d\" data-element_type=\"container\" data-e-type=\"container\">\n\t\t\t\t<div class=\"elementor-element elementor-element-6912d35 elementor-widget elementor-widget-template\" data-id=\"6912d35\" data-element_type=\"widget\" data-e-type=\"widget\" data-widget_type=\"template.default\">\n\t\t\t\t<div class=\"elementor-widget-container\">\n\t\t\t\t\t\t\t<div class=\"elementor-template\">\n\t\t\t\t\t<div data-elementor-type=\"container\" data-elementor-id=\"19254\" class=\"elementor elementor-19254 elementor-18546 elementor-18546\" data-elementor-post-type=\"elementor_library\">\n\t\t\t\t<div role=\"region\" aria-labelledby=\"e-n-accordion-item-2440\" class=\"elementor-element elementor-element-4d5d7d7a e-flex e-con-boxed e-con e-parent\" data-id=\"4d5d7d7a\" data-element_type=\"container\" data-e-type=\"container\">\n\t\t\t\t\t<div class=\"e-con-inner\">\n\t\t\t\t<div class=\"elementor-element elementor-element-fa73d9e elementor-widget elementor-widget-text-editor\" data-id=\"fa73d9e\" data-element_type=\"widget\" data-e-type=\"widget\" data-widget_type=\"text-editor.default\">\n\t\t\t\t<div class=\"elementor-widget-container\">\n\t\t\t\t\t\t\t\t\t<h4><strong>Institutions mondiales<\/strong><\/h4>\n<ul>\n<li><a href=\"https:\/\/jstindt.com\/fr\/acces-au-marche-avec-oms\/\">World Health Organization<\/a> (WHO)<\/li>\n<li><a href=\"https:\/\/jstindt.com\/fr\/acces-au-marche-avec-ispor\/\">International Society for Pharmacoeconomics and Outcomes Research<\/a> (ISPOR)<\/li>\n<\/ul>\n<h4><strong><br \/><a href=\"https:\/\/jstindt.com\/fr\/usa\/\">\u00c9tats-Unis<\/a><\/strong><\/h4>\n<ul>\n<li><a href=\"https:\/\/jstindt.com\/fr\/acces-au-marche-avec-cms\/\">Centers for Medicare &amp; Medicaid Services<\/a> (CMS)<\/li>\n<li><a href=\"https:\/\/jstindt.com\/fr\/acces-au-marche-avec-amcp\/\">Academy of Managed Care Pharmacy<\/a> (AMCP)<\/li>\n<li><a href=\"https:\/\/jstindt.com\/fr\/acces-au-marche-avec-icer\/\">Institute for Clinical and Economic Review<\/a> (ICER)<\/li>\n<\/ul>\n<h4><strong><br \/><a href=\"https:\/\/jstindt.com\/fr\/france\/\">France<\/a><\/strong><\/h4>\n<ul>\n<li><a href=\"https:\/\/jstindt.com\/fr\/acces-au-marche-avec-la-has\/\">Haute Autorit\u00e9 de Sant\u00e9<\/a> (HAS)<\/li>\n<li><a href=\"https:\/\/jstindt.com\/fr\/acces-au-marche-avec-le-ceps\/\">Comit\u00e9 \u00c9conomique des Produits de Sant\u00e9<\/a> (CEPS)<\/li>\n<\/ul>\n<h4><strong><br \/><a href=\"https:\/\/jstindt.com\/fr\/allemagne\/\">Allemagne<\/a><\/strong><\/h4>\n<ul>\n<li><a href=\"https:\/\/jstindt.com\/fr\/acces-au-marche-avec-gba\/\">Gemeinsamer Bundesausschuss<\/a> (G-BA)<\/li>\n<li><a href=\"https:\/\/jstindt.com\/fr\/acces-au-marche-avec-liqwig\/\">Institute for Quality and Efficiency in Health Care<\/a> (IQWiG)<\/li>\n<li><a href=\"https:\/\/jstindt.com\/fr\/acces-au-marche-avec-le-gkv-spitzenverband\/\">L&rsquo;association GKV Spitzenverband<\/a><\/li>\n<\/ul>\n<h4><strong><br \/><a href=\"https:\/\/jstindt.com\/fr\/royaume-uni\/\">Royaume-Uni<\/a><\/strong><\/h4>\n<ul>\n<li><a href=\"https:\/\/jstindt.com\/fr\/acces-au-marche-avec-nice\/\">National Institute for Health and Care Excellence<\/a> (NICE)<\/li>\n<li><a href=\"https:\/\/jstindt.com\/fr\/acces-au-marche-avec-le-smc\/\">Scottish Medicines Consortium<\/a> (SMC)<\/li>\n<li><a href=\"https:\/\/jstindt.com\/fr\/acces-au-marche-avec-awmsg\/\" rel=\"noopener\">All Wales Medicines Strategy Group<\/a> (AWMSG)<\/li>\n<li><a href=\"https:\/\/jstindt.com\/fr\/acces-au-marche-avec-le-nhs\/\">National Health Service<\/a> (NHS)<\/li>\n<\/ul>\n<h4><strong><br \/><a href=\"https:\/\/jstindt.com\/fr\/italie\/\">Italie<\/a><\/strong><\/h4>\n<ul>\n<li><a href=\"https:\/\/jstindt.com\/fr\/acces-au-marche-avec-aifa\/\">Italian Medicines Agency<\/a> (AIFA)<\/li>\n<li><a href=\"https:\/\/jstindt.com\/fr\/acces-au-marche-avec-la-cse\/\">Scientific and Economic Commission<\/a> (CSE)<\/li>\n<\/ul>\n<h4><strong><br \/><a href=\"https:\/\/jstindt.com\/fr\/espagne\/\">Espagne<\/a><\/strong><\/h4>\n<ul>\n<li><a href=\"https:\/\/jstindt.com\/fr\/acces-au-marche-avec-aemps\/\">Spanish Agency of Medicines and Medical Devices<\/a> (AEMPS)<\/li>\n<li><a href=\"https:\/\/jstindt.com\/fr\/acces-au-marche-avec-la-dgcf\/\">Direcci\u00f3n General de Cartera Com\u00fan de Servicios del Sistema Nacional de Salud y Farmacia<\/a> (DGCF)<\/li>\n<li><a href=\"https:\/\/jstindt.com\/fr\/acces-au-marche-avec-la-cipm\/\">Interministerial Commission on Medicine Prices<\/a> (CIPM)<\/li>\n<\/ul>\n<h4><strong><br \/><a href=\"https:\/\/jstindt.com\/fr\/suisse\/\">Suisse<\/a><\/strong><\/h4>\n<ul>\n<li><a href=\"https:\/\/jstindt.com\/fr\/acces-au-marche-avec-ofsp\/\">Federal Office of Public Health<\/a> (FOPH)<\/li>\n<\/ul>\n\t\t\t\t\t\t\t\t<\/div>\n\t\t\t\t<\/div>\n\t\t\t\t\t<\/div>\n\t\t\t\t<\/div>\n\t\t\t\t<\/div>\n\t\t\t\t<\/div>\n\t\t\t\t\t\t<\/div>\n\t\t\t\t<\/div>\n\t\t\t\t<\/div>\n\t\t\t\t\t<\/details>\n\t\t\t\t\t<\/div>\n\t\t\t\t\t\t<\/div>\n\t\t\t\t<\/div>\n\t\t\t\t\t<\/div>\n\t\t\t\t<\/div>\n\t\t\t\t<\/div>\n\t\t","protected":false},"excerpt":{"rendered":"<p>La Commission Scientifique et \u00c9conomique des M\u00e9dicaments (CSE) fonctionne au sein de l\u2019Agence Italienne du M\u00e9dicament (AIFA) et joue un r\u00f4le cl\u00e9 dans l\u2019\u00e9valuation HTA, l\u2019\u00e9valuation \u00e9conomique et la n\u00e9gociation des prix des m\u00e9dicaments en Italie. Cr\u00e9\u00e9e pour fournir un soutien technique et consultatif, la CSE veille \u00e0 ce que les m\u00e9dicaments autoris\u00e9s en Italie [&hellip;]<\/p>\n","protected":false},"author":3,"featured_media":0,"parent":0,"menu_order":0,"comment_status":"closed","ping_status":"closed","template":"","meta":{"_acf_changed":false,"footnotes":""},"class_list":["post-19047","page","type-page","status-publish","hentry"],"acf":[],"_links":{"self":[{"href":"https:\/\/jstindt.com\/fr\/wp-json\/wp\/v2\/pages\/19047","targetHints":{"allow":["GET"]}}],"collection":[{"href":"https:\/\/jstindt.com\/fr\/wp-json\/wp\/v2\/pages"}],"about":[{"href":"https:\/\/jstindt.com\/fr\/wp-json\/wp\/v2\/types\/page"}],"author":[{"embeddable":true,"href":"https:\/\/jstindt.com\/fr\/wp-json\/wp\/v2\/users\/3"}],"replies":[{"embeddable":true,"href":"https:\/\/jstindt.com\/fr\/wp-json\/wp\/v2\/comments?post=19047"}],"version-history":[{"count":11,"href":"https:\/\/jstindt.com\/fr\/wp-json\/wp\/v2\/pages\/19047\/revisions"}],"predecessor-version":[{"id":19573,"href":"https:\/\/jstindt.com\/fr\/wp-json\/wp\/v2\/pages\/19047\/revisions\/19573"}],"wp:attachment":[{"href":"https:\/\/jstindt.com\/fr\/wp-json\/wp\/v2\/media?parent=19047"}],"curies":[{"name":"wp","href":"https:\/\/api.w.org\/{rel}","templated":true}]}}