{"id":19027,"date":"2025-02-13T14:08:51","date_gmt":"2025-02-13T13:08:51","guid":{"rendered":"https:\/\/jstindt.com\/?page_id=19027"},"modified":"2025-03-10T14:11:30","modified_gmt":"2025-03-10T13:11:30","slug":"acces-au-marche-avec-aifa","status":"publish","type":"page","link":"https:\/\/jstindt.com\/fr\/acces-au-marche-avec-aifa\/","title":{"rendered":"Acc\u00e8s au march\u00e9 avec l\u2019AIFA : Votre guide de l&rsquo;autorit\u00e9 italienne de r\u00e9gulation pharmaceutique et d&rsquo;\u00e9valuation des technologies de sant\u00e9"},"content":{"rendered":"\t\t<div data-elementor-type=\"wp-page\" data-elementor-id=\"19027\" class=\"elementor elementor-19027 elementor-18629\" data-elementor-post-type=\"page\">\n\t\t\t\t<div class=\"elementor-element elementor-element-4a92cd2 e-flex e-con-boxed e-con e-parent\" data-id=\"4a92cd2\" data-element_type=\"container\" data-e-type=\"container\">\n\t\t\t\t\t<div class=\"e-con-inner\">\n\t\t\t\t<div class=\"elementor-element elementor-element-e184995 elementor-widget elementor-widget-text-editor\" data-id=\"e184995\" data-element_type=\"widget\" data-e-type=\"widget\" data-widget_type=\"text-editor.default\">\n\t\t\t\t<div class=\"elementor-widget-container\">\n\t\t\t\t\t\t\t\t\t<p><span style=\"font-weight: 400;\">L\u2019Agence Italienne du M\u00e9dicament (<\/span><i><span style=\"font-weight: 400;\">AIFA<\/span><\/i><span style=\"font-weight: 400;\">) est l\u2019autorit\u00e9 nationale charg\u00e9e de la r\u00e9glementation des m\u00e9dicaments et de l\u2019\u00e9valuation des technologies de sant\u00e9 (<\/span><i><span style=\"font-weight: 400;\">HTA<\/span><\/i><span style=\"font-weight: 400;\">) en Italie. Cr\u00e9\u00e9e pour garantir la s\u00e9curit\u00e9, l\u2019efficacit\u00e9 et la qualit\u00e9 des m\u00e9dicaments, l\u2019AIFA joue un r\u00f4le essentiel dans la supervision du cycle de vie des produits pharmaceutiques, depuis les essais cliniques jusqu&rsquo;\u00e0 l&rsquo;acc\u00e8s au march\u00e9 et la pharmacovigilance. Collaborer avec l\u2019AIFA est une \u00e9tape cl\u00e9 pour les acteurs souhaitant acc\u00e9der au march\u00e9 pharmaceutique italien. (<\/span><a href=\"https:\/\/www.aifa.gov.it\/en\/\"><span style=\"font-weight: 400;\">aifa.gov.it<\/span><\/a><span style=\"font-weight: 400;\">)<\/span><\/p><h2><b>Fonctions principales de l\u2019AIFA<\/b><\/h2><ul><li><b>Autorisation des m\u00e9dicaments :<\/b><span style=\"font-weight: 400;\"> \u00c9valuation et octroi des autorisations de mise sur le march\u00e9 (<\/span><i><span style=\"font-weight: 400;\">AMM<\/span><\/i><span style=\"font-weight: 400;\">) pour garantir le respect des normes strictes en mati\u00e8re de qualit\u00e9, s\u00e9curit\u00e9 et efficacit\u00e9.<\/span><\/li><li><b>Fixation des prix et remboursement :<\/b><span style=\"font-weight: 400;\"> N\u00e9gociation des prix des m\u00e9dicaments et d\u00e9termination de leur statut de remboursement dans le cadre du Service National de Sant\u00e9 (<\/span><i><span style=\"font-weight: 400;\">NHS<\/span><\/i><span style=\"font-weight: 400;\">), garantissant leur accessibilit\u00e9 et leur viabilit\u00e9 \u00e9conomique.<\/span><\/li><li><b>Pharmacovigilance :<\/b><span style=\"font-weight: 400;\"> Surveillance de la s\u00e9curit\u00e9 des m\u00e9dicaments apr\u00e8s leur commercialisation afin d\u2019identifier et de g\u00e9rer rapidement les effets ind\u00e9sirables.<\/span><\/li><li><b>Promotion de la recherche et du d\u00e9veloppement :<\/b><span style=\"font-weight: 400;\"> Soutien \u00e0 l\u2019innovation pharmaceutique \u00e0 travers la recherche clinique et la mise en place de programmes d\u2019acc\u00e8s pr\u00e9coce pour les th\u00e9rapies prometteuses. (<\/span><a href=\"https:\/\/www.aifa.gov.it\/en\/\"><span style=\"font-weight: 400;\">aifa.gov.it<\/span><\/a><span style=\"font-weight: 400;\">)<\/span><\/li><\/ul><h2><b>Direction et contacts cl\u00e9s<\/b><\/h2><p><span style=\"font-weight: 400;\">En date de janvier 2025, l\u2019AIFA est pr\u00e9sid\u00e9e par <\/span><b>Robert Giovanni Nistic\u00f2<\/b><span style=\"font-weight: 400;\">, qui supervise les initiatives strat\u00e9giques et les op\u00e9rations de l\u2019agence.<\/span><\/p><h3><b>Coordonn\u00e9es de l\u2019AIFA<\/b><\/h3><ul><li><b>Site web :<\/b><a href=\"https:\/\/www.aifa.gov.it\/en\/\"> <span style=\"font-weight: 400;\">aifa.gov.it<\/span><\/a><\/li><li><b>Adresse postale :<\/b><b><br \/><\/b> <span style=\"font-weight: 400;\">Agenzia Italiana del Farmaco (<\/span><i><span style=\"font-weight: 400;\">AIFA<\/span><\/i><span style=\"font-weight: 400;\">)<\/span><span style=\"font-weight: 400;\"><br \/><\/span><span style=\"font-weight: 400;\"> Via del Tritone, 181<\/span><span style=\"font-weight: 400;\"><br \/><\/span><span style=\"font-weight: 400;\">\u00a0 00187 Rome, Italie<\/span><span style=\"font-weight: 400;\"><br \/><\/span><span style=\"font-weight: 400;\">\u00a0 <\/span><b>T\u00e9l\u00e9phone :<\/b><span style=\"font-weight: 400;\"> +39 06 5978401<\/span><\/li><\/ul><h2><b>D\u00e9fis li\u00e9s \u00e0 la collaboration avec l\u2019AIFA<\/b><\/h2><ul><li><b>Ma\u00eetrise des proc\u00e9dures r\u00e9glementaires :<\/b><span style=\"font-weight: 400;\"> Compr\u00e9hension des processus d\u2019autorisation et des exigences de soumission de l\u2019AIFA, essentielle pour un acc\u00e8s r\u00e9ussi au march\u00e9.<\/span><\/li><li><b>Soumissions pr\u00e9cises et en temps voulu :<\/b><span style=\"font-weight: 400;\"> Constitution rigoureuse des dossiers et respect des d\u00e9lais pour faciliter les processus d\u2019\u00e9valuation.<\/span><\/li><li><b>Collaboration avec les parties prenantes :<\/b><span style=\"font-weight: 400;\"> Coordination efficace avec les acteurs du secteur de la sant\u00e9 en Italie afin de se conformer aux lignes directrices et normes de l\u2019AIFA.<\/span><\/li><\/ul><p><span style=\"font-weight: 400;\">Une collaboration efficace avec l\u2019AIFA permet d\u2019acc\u00e9der rapidement au march\u00e9 et d\u2019obtenir des d\u00e9cisions favorables en mati\u00e8re de HTA, de prix et de remboursement en Italie.<\/span><\/p><h2><b>Opportunit\u00e9s \/ Solutions avec Justin Stindt Consultants<\/b><\/h2><ul><li><b>Soumissions expertes aupr\u00e8s de l\u2019AIFA :<\/b><span style=\"font-weight: 400;\"> Cr\u00e9ation de dossiers de haute qualit\u00e9 pour les demandes d\u2019AMM et de remboursement.<\/span><\/li><li><b>Strat\u00e9gies d\u2019acc\u00e8s au march\u00e9 AIFA :<\/b><span style=\"font-weight: 400;\"> \u00c9laboration de strat\u00e9gies align\u00e9es sur le cadre r\u00e9glementaire de l\u2019AIFA pour optimiser l\u2019acc\u00e8s au march\u00e9.<\/span><\/li><li><b>Expertise des processus AIFA :<\/b><span style=\"font-weight: 400;\"> Analyse approfondie des proc\u00e9dures de l\u2019AIFA pour am\u00e9liorer la conformit\u00e9 et acc\u00e9l\u00e9rer les approbations.<\/span><\/li><\/ul><p>\u00a0<\/p><p><span style=\"font-weight: 400;\">Justin Stindt Consultants est sp\u00e9cialis\u00e9 dans l\u2019accompagnement des entreprises dans l\u2019environnement r\u00e9glementaire et HTA de l\u2019AIFA pour garantir un acc\u00e8s r\u00e9ussi au march\u00e9 italien.<\/span><\/p>\t\t\t\t\t\t\t\t<\/div>\n\t\t\t\t<\/div>\n\t\t\t\t\t<\/div>\n\t\t\t\t<\/div>\n\t\t<div class=\"elementor-element elementor-element-2f98e89 e-flex e-con-boxed e-con e-parent\" data-id=\"2f98e89\" data-element_type=\"container\" data-e-type=\"container\">\n\t\t\t\t\t<div class=\"e-con-inner\">\n\t\t\t\t<div class=\"elementor-element elementor-element-7efabda elementor-widget-divider--view-line elementor-widget elementor-widget-divider\" data-id=\"7efabda\" data-element_type=\"widget\" data-e-type=\"widget\" data-widget_type=\"divider.default\">\n\t\t\t\t<div class=\"elementor-widget-container\">\n\t\t\t\t\t\t\t<div class=\"elementor-divider\">\n\t\t\t<span class=\"elementor-divider-separator\">\n\t\t\t\t\t\t<\/span>\n\t\t<\/div>\n\t\t\t\t\t\t<\/div>\n\t\t\t\t<\/div>\n\t\t\t\t\t<\/div>\n\t\t\t\t<\/div>\n\t\t<div class=\"elementor-element elementor-element-2a8ae943 e-flex e-con-boxed e-con e-parent\" data-id=\"2a8ae943\" data-element_type=\"container\" data-e-type=\"container\">\n\t\t\t\t\t<div class=\"e-con-inner\">\n\t\t<div class=\"elementor-element elementor-element-47ebb194 e-con-full bordered-block e-flex e-con e-child\" data-id=\"47ebb194\" data-element_type=\"container\" data-e-type=\"container\">\n\t\t\t\t<div class=\"elementor-element elementor-element-3f4d0ee5 elementor-widget elementor-widget-text-editor\" data-id=\"3f4d0ee5\" data-element_type=\"widget\" data-e-type=\"widget\" data-widget_type=\"text-editor.default\">\n\t\t\t\t<div class=\"elementor-widget-container\">\n\t\t\t\t\t\t\t\t\t<h3>\u00c9tude de cas <\/h3><h2>Succ\u00e8s d&rsquo;une soci\u00e9t\u00e9 pharmaceutique avec l&rsquo;AIFA<\/h2>\t\t\t\t\t\t\t\t<\/div>\n\t\t\t\t<\/div>\n\t\t\t\t<div class=\"elementor-element elementor-element-11056ac9 elementor-widget elementor-widget-text-editor\" data-id=\"11056ac9\" data-element_type=\"widget\" data-e-type=\"widget\" data-widget_type=\"text-editor.default\">\n\t\t\t\t<div class=\"elementor-widget-container\">\n\t\t\t\t\t\t\t\t\t<p><strong>D\u00e9fi<\/strong> : <br \/>Une entreprise pharmaceutique a sollicit\u00e9 notre assistance pour obtenir une approbation de remboursement pour une nouvelle th\u00e9rapie en Italie.<\/p><p><strong>Solution<\/strong> : <br \/>Nous avons accompagn\u00e9 l\u2019\u00e9laboration d\u2019un dossier complet conforme aux crit\u00e8res d\u2019\u00e9valuation de l\u2019AIFA.<\/p><p><strong>R\u00e9sultat<\/strong> : <br \/>Notre approche strat\u00e9gique a conduit \u00e0 une issue favorable, permettant l\u2019inclusion de la th\u00e9rapie dans la liste nationale des m\u00e9dicaments rembours\u00e9s.<\/p>\t\t\t\t\t\t\t\t<\/div>\n\t\t\t\t<\/div>\n\t\t\t\t<\/div>\n\t\t\t\t\t<\/div>\n\t\t\t\t<\/div>\n\t\t<div class=\"elementor-element elementor-element-280e106 e-con-full e-flex e-con e-parent\" data-id=\"280e106\" data-element_type=\"container\" data-e-type=\"container\" data-settings=\"{&quot;background_background&quot;:&quot;classic&quot;}\">\n\t\t\t\t<div class=\"elementor-element elementor-element-4b4e0a6 elementor-cta--skin-classic elementor-animated-content elementor-bg-transform elementor-bg-transform-zoom-in elementor-widget elementor-widget-call-to-action\" data-id=\"4b4e0a6\" data-element_type=\"widget\" data-e-type=\"widget\" data-widget_type=\"call-to-action.default\">\n\t\t\t\t<div class=\"elementor-widget-container\">\n\t\t\t\t\t\t\t<div class=\"elementor-cta\">\n\t\t\t\t\t\t\t<div class=\"elementor-cta__content\">\n\t\t\t\t\n\t\t\t\t\t\t\t\t\t<h2 class=\"elementor-cta__title elementor-cta__content-item elementor-content-item\">\n\t\t\t\t\t\tBesoin d\u2019un accompagnement pour acc\u00e9der au march\u00e9 avec l\u2019AIFA ? L\u2019expertise de Justin Stindt Consultants vous aide \u00e0 r\u00e9ussir.\t\t\t\t\t<\/h2>\n\t\t\t\t\n\t\t\t\t\t\t\t\t\t<div class=\"elementor-cta__description elementor-cta__content-item elementor-content-item\">\n\t\t\t\t\t\tContactez-nous d\u00e8s aujourd\u2019hui pour d\u00e9velopper votre strat\u00e9gie d\u2019acc\u00e8s au march\u00e9 et assurer votre succ\u00e8s avec l\u2019AIFA.\t\t\t\t\t<\/div>\n\t\t\t\t\n\t\t\t\t\t\t\t\t\t<div class=\"elementor-cta__button-wrapper elementor-cta__content-item elementor-content-item \">\n\t\t\t\t\t<a class=\"elementor-cta__button elementor-button elementor-size-\" href=\"https:\/\/jstindt.com\/contact-us\/\">\n\t\t\t\t\t\tContactez Justin Stindt Consultants\t\t\t\t\t<\/a>\n\t\t\t\t\t<\/div>\n\t\t\t\t\t\t\t<\/div>\n\t\t\t\t\t\t<\/div>\n\t\t\t\t\t\t<\/div>\n\t\t\t\t<\/div>\n\t\t\t\t<\/div>\n\t\t<div class=\"elementor-element elementor-element-23e15bd e-flex e-con-boxed e-con e-parent\" data-id=\"23e15bd\" data-element_type=\"container\" data-e-type=\"container\">\n\t\t\t\t\t<div class=\"e-con-inner\">\n\t\t\t\t<div class=\"elementor-element elementor-element-0363f0b elementor-widget elementor-widget-n-accordion\" data-id=\"0363f0b\" data-element_type=\"widget\" data-e-type=\"widget\" data-settings=\"{&quot;default_state&quot;:&quot;all_collapsed&quot;,&quot;max_items_expended&quot;:&quot;one&quot;,&quot;n_accordion_animation_duration&quot;:{&quot;unit&quot;:&quot;ms&quot;,&quot;size&quot;:400,&quot;sizes&quot;:[]}}\" data-widget_type=\"nested-accordion.default\">\n\t\t\t\t<div class=\"elementor-widget-container\">\n\t\t\t\t\t\t\t<div class=\"e-n-accordion\" aria-label=\"Accordion. Open links with Enter or Space, close with Escape, and navigate with Arrow Keys\">\n\t\t\t\t\t\t<details id=\"e-n-accordion-item-3550\" class=\"e-n-accordion-item\" >\n\t\t\t\t<summary class=\"e-n-accordion-item-title\" data-accordion-index=\"1\" tabindex=\"0\" aria-expanded=\"false\" aria-controls=\"e-n-accordion-item-3550\" >\n\t\t\t\t\t<span class='e-n-accordion-item-title-header'><div class=\"e-n-accordion-item-title-text\"> Autres institutions cl\u00e9s dans l'acc\u00e8s au march\u00e9 <\/div><\/span>\n\t\t\t\t\t\t\t<span class='e-n-accordion-item-title-icon'>\n\t\t\t<span class='e-opened' ><i aria-hidden=\"true\" class=\"fas fa-minus\"><\/i><\/span>\n\t\t\t<span class='e-closed'><i aria-hidden=\"true\" class=\"fas fa-plus\"><\/i><\/span>\n\t\t<\/span>\n\n\t\t\t\t\t\t<\/summary>\n\t\t\t\t<div role=\"region\" aria-labelledby=\"e-n-accordion-item-3550\" class=\"elementor-element elementor-element-297e3e1 e-con-full e-flex e-con e-child\" data-id=\"297e3e1\" data-element_type=\"container\" data-e-type=\"container\">\n\t\t\t\t<div class=\"elementor-element elementor-element-8607e75 elementor-widget elementor-widget-template\" data-id=\"8607e75\" data-element_type=\"widget\" data-e-type=\"widget\" data-widget_type=\"template.default\">\n\t\t\t\t<div class=\"elementor-widget-container\">\n\t\t\t\t\t\t\t<div class=\"elementor-template\">\n\t\t\t\t\t<div data-elementor-type=\"container\" data-elementor-id=\"19254\" class=\"elementor elementor-19254 elementor-18546 elementor-18546\" data-elementor-post-type=\"elementor_library\">\n\t\t\t\t<div role=\"region\" aria-labelledby=\"e-n-accordion-item-1670\" class=\"elementor-element elementor-element-4d5d7d7a e-flex e-con-boxed e-con e-parent\" data-id=\"4d5d7d7a\" data-element_type=\"container\" data-e-type=\"container\">\n\t\t\t\t\t<div class=\"e-con-inner\">\n\t\t\t\t<div class=\"elementor-element elementor-element-fa73d9e elementor-widget elementor-widget-text-editor\" data-id=\"fa73d9e\" data-element_type=\"widget\" data-e-type=\"widget\" data-widget_type=\"text-editor.default\">\n\t\t\t\t<div class=\"elementor-widget-container\">\n\t\t\t\t\t\t\t\t\t<h4><strong>Institutions mondiales<\/strong><\/h4>\n<ul>\n<li><a href=\"https:\/\/jstindt.com\/fr\/acces-au-marche-avec-oms\/\">World Health Organization<\/a> (WHO)<\/li>\n<li><a href=\"https:\/\/jstindt.com\/fr\/acces-au-marche-avec-ispor\/\">International Society for Pharmacoeconomics and Outcomes Research<\/a> (ISPOR)<\/li>\n<\/ul>\n<h4><strong><br \/><a href=\"https:\/\/jstindt.com\/fr\/usa\/\">\u00c9tats-Unis<\/a><\/strong><\/h4>\n<ul>\n<li><a href=\"https:\/\/jstindt.com\/fr\/acces-au-marche-avec-cms\/\">Centers for Medicare &amp; Medicaid Services<\/a> (CMS)<\/li>\n<li><a href=\"https:\/\/jstindt.com\/fr\/acces-au-marche-avec-amcp\/\">Academy of Managed Care Pharmacy<\/a> (AMCP)<\/li>\n<li><a href=\"https:\/\/jstindt.com\/fr\/acces-au-marche-avec-icer\/\">Institute for Clinical and Economic Review<\/a> (ICER)<\/li>\n<\/ul>\n<h4><strong><br \/><a href=\"https:\/\/jstindt.com\/fr\/france\/\">France<\/a><\/strong><\/h4>\n<ul>\n<li><a href=\"https:\/\/jstindt.com\/fr\/acces-au-marche-avec-la-has\/\">Haute Autorit\u00e9 de Sant\u00e9<\/a> (HAS)<\/li>\n<li><a href=\"https:\/\/jstindt.com\/fr\/acces-au-marche-avec-le-ceps\/\">Comit\u00e9 \u00c9conomique des Produits de Sant\u00e9<\/a> (CEPS)<\/li>\n<\/ul>\n<h4><strong><br \/><a href=\"https:\/\/jstindt.com\/fr\/allemagne\/\">Allemagne<\/a><\/strong><\/h4>\n<ul>\n<li><a href=\"https:\/\/jstindt.com\/fr\/acces-au-marche-avec-gba\/\">Gemeinsamer Bundesausschuss<\/a> (G-BA)<\/li>\n<li><a href=\"https:\/\/jstindt.com\/fr\/acces-au-marche-avec-liqwig\/\">Institute for Quality and Efficiency in Health Care<\/a> (IQWiG)<\/li>\n<li><a href=\"https:\/\/jstindt.com\/fr\/acces-au-marche-avec-le-gkv-spitzenverband\/\">L&rsquo;association GKV Spitzenverband<\/a><\/li>\n<\/ul>\n<h4><strong><br \/><a href=\"https:\/\/jstindt.com\/fr\/royaume-uni\/\">Royaume-Uni<\/a><\/strong><\/h4>\n<ul>\n<li><a href=\"https:\/\/jstindt.com\/fr\/acces-au-marche-avec-nice\/\">National Institute for Health and Care Excellence<\/a> (NICE)<\/li>\n<li><a href=\"https:\/\/jstindt.com\/fr\/acces-au-marche-avec-le-smc\/\">Scottish Medicines Consortium<\/a> (SMC)<\/li>\n<li><a href=\"https:\/\/jstindt.com\/fr\/acces-au-marche-avec-awmsg\/\" rel=\"noopener\">All Wales Medicines Strategy Group<\/a> (AWMSG)<\/li>\n<li><a href=\"https:\/\/jstindt.com\/fr\/acces-au-marche-avec-le-nhs\/\">National Health Service<\/a> (NHS)<\/li>\n<\/ul>\n<h4><strong><br \/><a href=\"https:\/\/jstindt.com\/fr\/italie\/\">Italie<\/a><\/strong><\/h4>\n<ul>\n<li><a href=\"https:\/\/jstindt.com\/fr\/acces-au-marche-avec-aifa\/\">Italian Medicines Agency<\/a> (AIFA)<\/li>\n<li><a href=\"https:\/\/jstindt.com\/fr\/acces-au-marche-avec-la-cse\/\">Scientific and Economic Commission<\/a> (CSE)<\/li>\n<\/ul>\n<h4><strong><br \/><a href=\"https:\/\/jstindt.com\/fr\/espagne\/\">Espagne<\/a><\/strong><\/h4>\n<ul>\n<li><a href=\"https:\/\/jstindt.com\/fr\/acces-au-marche-avec-aemps\/\">Spanish Agency of Medicines and Medical Devices<\/a> (AEMPS)<\/li>\n<li><a href=\"https:\/\/jstindt.com\/fr\/acces-au-marche-avec-la-dgcf\/\">Direcci\u00f3n General de Cartera Com\u00fan de Servicios del Sistema Nacional de Salud y Farmacia<\/a> (DGCF)<\/li>\n<li><a href=\"https:\/\/jstindt.com\/fr\/acces-au-marche-avec-la-cipm\/\">Interministerial Commission on Medicine Prices<\/a> (CIPM)<\/li>\n<\/ul>\n<h4><strong><br \/><a href=\"https:\/\/jstindt.com\/fr\/suisse\/\">Suisse<\/a><\/strong><\/h4>\n<ul>\n<li><a href=\"https:\/\/jstindt.com\/fr\/acces-au-marche-avec-ofsp\/\">Federal Office of Public Health<\/a> (FOPH)<\/li>\n<\/ul>\n\t\t\t\t\t\t\t\t<\/div>\n\t\t\t\t<\/div>\n\t\t\t\t\t<\/div>\n\t\t\t\t<\/div>\n\t\t\t\t<\/div>\n\t\t\t\t<\/div>\n\t\t\t\t\t\t<\/div>\n\t\t\t\t<\/div>\n\t\t\t\t<\/div>\n\t\t\t\t\t<\/details>\n\t\t\t\t\t<\/div>\n\t\t\t\t\t\t<\/div>\n\t\t\t\t<\/div>\n\t\t\t\t\t<\/div>\n\t\t\t\t<\/div>\n\t\t\t\t<\/div>\n\t\t","protected":false},"excerpt":{"rendered":"<p>L\u2019Agence Italienne du M\u00e9dicament (AIFA) est l\u2019autorit\u00e9 nationale charg\u00e9e de la r\u00e9glementation des m\u00e9dicaments et de l\u2019\u00e9valuation des technologies de sant\u00e9 (HTA) en Italie. Cr\u00e9\u00e9e pour garantir la s\u00e9curit\u00e9, l\u2019efficacit\u00e9 et la qualit\u00e9 des m\u00e9dicaments, l\u2019AIFA joue un r\u00f4le essentiel dans la supervision du cycle de vie des produits pharmaceutiques, depuis les essais cliniques jusqu&rsquo;\u00e0 [&hellip;]<\/p>\n","protected":false},"author":3,"featured_media":0,"parent":0,"menu_order":0,"comment_status":"closed","ping_status":"closed","template":"","meta":{"_acf_changed":false,"footnotes":""},"class_list":["post-19027","page","type-page","status-publish","hentry"],"acf":[],"_links":{"self":[{"href":"https:\/\/jstindt.com\/fr\/wp-json\/wp\/v2\/pages\/19027","targetHints":{"allow":["GET"]}}],"collection":[{"href":"https:\/\/jstindt.com\/fr\/wp-json\/wp\/v2\/pages"}],"about":[{"href":"https:\/\/jstindt.com\/fr\/wp-json\/wp\/v2\/types\/page"}],"author":[{"embeddable":true,"href":"https:\/\/jstindt.com\/fr\/wp-json\/wp\/v2\/users\/3"}],"replies":[{"embeddable":true,"href":"https:\/\/jstindt.com\/fr\/wp-json\/wp\/v2\/comments?post=19027"}],"version-history":[{"count":11,"href":"https:\/\/jstindt.com\/fr\/wp-json\/wp\/v2\/pages\/19027\/revisions"}],"predecessor-version":[{"id":19572,"href":"https:\/\/jstindt.com\/fr\/wp-json\/wp\/v2\/pages\/19027\/revisions\/19572"}],"wp:attachment":[{"href":"https:\/\/jstindt.com\/fr\/wp-json\/wp\/v2\/media?parent=19027"}],"curies":[{"name":"wp","href":"https:\/\/api.w.org\/{rel}","templated":true}]}}