{"id":19007,"date":"2025-02-13T14:07:01","date_gmt":"2025-02-13T13:07:01","guid":{"rendered":"https:\/\/jstindt.com\/?page_id=19007"},"modified":"2025-03-10T14:11:22","modified_gmt":"2025-03-10T13:11:22","slug":"acces-au-marche-avec-oms","status":"publish","type":"page","link":"https:\/\/jstindt.com\/fr\/acces-au-marche-avec-oms\/","title":{"rendered":"Acc\u00e8s au march\u00e9 avec l\u2019OMS : Votre guide pour l&rsquo;engagement en sant\u00e9 mondiale"},"content":{"rendered":"\t\t<div data-elementor-type=\"wp-page\" data-elementor-id=\"19007\" class=\"elementor elementor-19007 elementor-18624\" data-elementor-post-type=\"page\">\n\t\t\t\t<div class=\"elementor-element elementor-element-4b6e2c7 e-flex e-con-boxed e-con e-parent\" data-id=\"4b6e2c7\" data-element_type=\"container\" data-e-type=\"container\">\n\t\t\t\t\t<div class=\"e-con-inner\">\n\t\t\t\t<div class=\"elementor-element elementor-element-f30cc2b elementor-widget elementor-widget-text-editor\" data-id=\"f30cc2b\" data-element_type=\"widget\" data-e-type=\"widget\" data-widget_type=\"text-editor.default\">\n\t\t\t\t<div class=\"elementor-widget-container\">\n\t\t\t\t\t\t\t\t\t<p><span style=\"font-weight: 400;\">L\u2019Organisation mondiale de la sant\u00e9 (OMS) est une agence sp\u00e9cialis\u00e9e des Nations unies charg\u00e9e de la sant\u00e9 publique internationale. Cr\u00e9\u00e9e en 1948, sa mission est de promouvoir la sant\u00e9, prot\u00e9ger les populations et soutenir les plus vuln\u00e9rables. L\u2019OMS joue un r\u00f4le cl\u00e9 dans la coordination des r\u00e9ponses sanitaires mondiales, l\u2019\u00e9tablissement des normes internationales et l\u2019\u00e9laboration de recommandations en mati\u00e8re de sant\u00e9. Collaborer avec l\u2019OMS est essentiel pour les acteurs souhaitant assurer l\u2019acc\u00e8s au march\u00e9 dans le secteur de la sant\u00e9 mondiale. (<\/span><a href=\"https:\/\/www.who.int\/\"><span style=\"font-weight: 400;\">who.int<\/span><\/a><span style=\"font-weight: 400;\">)<\/span><\/p>\n<h2><b>Fonctions principales de l\u2019OMS<\/b><\/h2>\n<ul>\n<li><b>\u00c9tablissement des normes internationales de sant\u00e9 :<\/b><span style=\"font-weight: 400;\"> \u00c9laboration de normes et standards garantissant la qualit\u00e9, la s\u00e9curit\u00e9 et l\u2019efficacit\u00e9 des produits et interventions de sant\u00e9 \u00e0 l\u2019\u00e9chelle mondiale.<\/span><\/li>\n<li><b>Fourniture d\u2019un soutien technique :<\/b><span style=\"font-weight: 400;\"> Assistance aux pays pour renforcer leurs syst\u00e8mes de sant\u00e9 et mettre en place des politiques efficaces.<\/span><\/li>\n<li><b>Suivi des tendances sanitaires mondiales :<\/b><span style=\"font-weight: 400;\"> \u00c9valuation des \u00e9volutions en mati\u00e8re de sant\u00e9 publique afin d\u2019orienter les d\u00e9cisions politiques et l\u2019allocation des ressources.<\/span><\/li>\n<\/ul>\n<h2><b>Direction et contacts cl\u00e9s<\/b><\/h2>\n<p><span style=\"font-weight: 400;\">En date de janvier 2025, l\u2019OMS est dirig\u00e9e par <\/span><b>le Dr Tedros Adhanom Ghebreyesus<\/b><span style=\"font-weight: 400;\">, qui supervise les initiatives strat\u00e9giques et les op\u00e9rations de l\u2019organisation.<\/span><\/p>\n<h3><b>Coordonn\u00e9es de l\u2019OMS<\/b><\/h3>\n<ul>\n<li><b>Site web :<\/b><a href=\"https:\/\/www.who.int\/\"> <span style=\"font-weight: 400;\">who.int<\/span><\/a><\/li>\n<li><b>Adresse postale :<\/b><b><br><\/b> <span style=\"font-weight: 400;\">Organisation mondiale de la sant\u00e9<\/span><span style=\"font-weight: 400;\"><br><\/span><span style=\"font-weight: 400;\"> Avenue Appia 20<\/span><span style=\"font-weight: 400;\"><br><\/span><span style=\"font-weight: 400;\">&nbsp; 1211 Gen\u00e8ve 27, Suisse<\/span><span style=\"font-weight: 400;\"><br><\/span><span style=\"font-weight: 400;\">&nbsp; <\/span><b>T\u00e9l\u00e9phone :<\/b><span style=\"font-weight: 400;\"> +41 22 791 21 11<\/span><\/li>\n<\/ul>\n<h2><b>D\u00e9fis li\u00e9s \u00e0 la collaboration avec l\u2019OMS<\/b><\/h2>\n<ul>\n<li><b>Compr\u00e9hension des politiques de sant\u00e9 mondiale :<\/b><span style=\"font-weight: 400;\"> Ma\u00eetriser les cadres et directives de l\u2019OMS est essentiel pour r\u00e9ussir son acc\u00e8s au march\u00e9.<\/span><\/li>\n<li><b>Soumissions rigoureuses et ponctuelles :<\/b><span style=\"font-weight: 400;\"> Fournir une documentation compl\u00e8te et respectant les d\u00e9lais afin de faciliter les processus d\u2019\u00e9valuation.<\/span><\/li>\n<li><b>Collaboration avec les parties prenantes :<\/b><span style=\"font-weight: 400;\"> Travailler efficacement avec divers acteurs internationaux du secteur de la sant\u00e9 pour s\u2019aligner sur les recommandations et standards de l\u2019OMS.<\/span><\/li>\n<\/ul>\n<p><span style=\"font-weight: 400;\">Une collaboration r\u00e9ussie avec l\u2019OMS permet d\u2019am\u00e9liorer la cr\u00e9dibilit\u00e9 et la reconnaissance mondiale des produits et interventions de sant\u00e9.<\/span><\/p>\n<h2><b>Opportunit\u00e9s \/ Solutions avec Justin Stindt Consultants<\/b><\/h2>\n<ul>\n<li><b>Soumissions expertes aupr\u00e8s de l\u2019OMS :<\/b><span style=\"font-weight: 400;\"> Cr\u00e9ation de dossiers de haute qualit\u00e9 pour les \u00e9valuations et processus de pr\u00e9qualification de l\u2019OMS.<\/span><\/li>\n<li><b>Strat\u00e9gies d\u2019acc\u00e8s au march\u00e9 OMS :<\/b><span style=\"font-weight: 400;\"> M\u00e9thodes \u00e9prouv\u00e9es pour optimiser l\u2019entr\u00e9e et l\u2019acceptation sur le march\u00e9 mondial.<\/span><\/li>\n<li><b>Ma\u00eetrise des processus OMS :<\/b><span style=\"font-weight: 400;\"> Connaissance approfondie des proc\u00e9dures de l\u2019OMS pour acc\u00e9l\u00e9rer les approbations et certifications.<\/span><\/li>\n<li><b>Support des consultants OMS :<\/b><span style=\"font-weight: 400;\"> Assistance experte pour aider les entreprises \u00e0 obtenir des autorisations et \u00e9tablir des partenariats avec l\u2019OMS.<\/span><\/li>\n<\/ul>\n<p><span style=\"font-weight: 400;\">Justin Stindt Consultants est sp\u00e9cialis\u00e9 dans l\u2019accompagnement des clients dans la pr\u00e9paration de soumissions efficaces et dans l\u2019optimisation de leur engagement aupr\u00e8s de l\u2019OMS.<\/span><\/p>\t\t\t\t\t\t\t\t<\/div>\n\t\t\t\t<\/div>\n\t\t\t\t\t<\/div>\n\t\t\t\t<\/div>\n\t\t<div class=\"elementor-element elementor-element-bf88f25 e-flex e-con-boxed e-con e-parent\" data-id=\"bf88f25\" data-element_type=\"container\" data-e-type=\"container\">\n\t\t\t\t\t<div class=\"e-con-inner\">\n\t\t\t\t<div class=\"elementor-element elementor-element-d2cc341 elementor-widget-divider--view-line elementor-widget elementor-widget-divider\" data-id=\"d2cc341\" data-element_type=\"widget\" data-e-type=\"widget\" data-widget_type=\"divider.default\">\n\t\t\t\t<div class=\"elementor-widget-container\">\n\t\t\t\t\t\t\t<div class=\"elementor-divider\">\n\t\t\t<span class=\"elementor-divider-separator\">\n\t\t\t\t\t\t<\/span>\n\t\t<\/div>\n\t\t\t\t\t\t<\/div>\n\t\t\t\t<\/div>\n\t\t\t\t\t<\/div>\n\t\t\t\t<\/div>\n\t\t<div class=\"elementor-element elementor-element-5c8ca92b e-flex e-con-boxed e-con e-parent\" data-id=\"5c8ca92b\" data-element_type=\"container\" data-e-type=\"container\">\n\t\t\t\t\t<div class=\"e-con-inner\">\n\t\t<div class=\"elementor-element elementor-element-d528fff e-con-full bordered-block e-flex e-con e-child\" data-id=\"d528fff\" data-element_type=\"container\" data-e-type=\"container\">\n\t\t\t\t<div class=\"elementor-element elementor-element-459a14b3 elementor-widget elementor-widget-text-editor\" data-id=\"459a14b3\" data-element_type=\"widget\" data-e-type=\"widget\" data-widget_type=\"text-editor.default\">\n\t\t\t\t<div class=\"elementor-widget-container\">\n\t\t\t\t\t\t\t\t\t<h3>\u00c9tude de cas <\/h3><h2>Succ\u00e8s d&rsquo;une soci\u00e9t\u00e9 pharmaceutique avec l&rsquo;OMS<\/h2>\t\t\t\t\t\t\t\t<\/div>\n\t\t\t\t<\/div>\n\t\t\t\t<div class=\"elementor-element elementor-element-f4251bc elementor-widget elementor-widget-text-editor\" data-id=\"f4251bc\" data-element_type=\"widget\" data-e-type=\"widget\" data-widget_type=\"text-editor.default\">\n\t\t\t\t<div class=\"elementor-widget-container\">\n\t\t\t\t\t\t\t\t\t<p><strong>D\u00e9fi<\/strong> : <br \/>Une entreprise pharmaceutique a sollicit\u00e9 notre assistance pour \u00e9laborer une strat\u00e9gie afin d\u2019obtenir la pr\u00e9qualification de l\u2019OMS pour un nouveau vaccin.<\/p><p><strong>Solution<\/strong> : <br \/>Nous avons guid\u00e9 la pr\u00e9paration d\u2019une strat\u00e9gie et d\u2019un plan d\u2019engagement en vue d\u2019un dossier conforme aux crit\u00e8res d\u2019\u00e9valuation de l\u2019OMS.<\/p><p><strong>R\u00e9sultat<\/strong> : <br \/>Notre approche strat\u00e9gique a contribu\u00e9 \u00e0 une issue positive, permettant l\u2019inclusion du vaccin dans les listes mondiales d\u2019approvisionnement.<\/p>\t\t\t\t\t\t\t\t<\/div>\n\t\t\t\t<\/div>\n\t\t\t\t<\/div>\n\t\t\t\t\t<\/div>\n\t\t\t\t<\/div>\n\t\t<div class=\"elementor-element elementor-element-37dd97d e-con-full e-flex e-con e-parent\" data-id=\"37dd97d\" data-element_type=\"container\" data-e-type=\"container\" data-settings=\"{&quot;background_background&quot;:&quot;classic&quot;}\">\n\t\t\t\t<div class=\"elementor-element elementor-element-accc354 elementor-cta--skin-classic elementor-animated-content elementor-bg-transform elementor-bg-transform-zoom-in elementor-widget elementor-widget-call-to-action\" data-id=\"accc354\" data-element_type=\"widget\" data-e-type=\"widget\" data-widget_type=\"call-to-action.default\">\n\t\t\t\t<div class=\"elementor-widget-container\">\n\t\t\t\t\t\t\t<div class=\"elementor-cta\">\n\t\t\t\t\t\t\t<div class=\"elementor-cta__content\">\n\t\t\t\t\n\t\t\t\t\t\t\t\t\t<h2 class=\"elementor-cta__title elementor-cta__content-item elementor-content-item\">\n\t\t\t\t\t\tBesoin d\u2019un accompagnement pour l\u2019acc\u00e8s au march\u00e9 avec l\u2019OMS ? L\u2019expertise de Justin Stindt Consultants vous aide \u00e0 r\u00e9ussir\t\t\t\t\t<\/h2>\n\t\t\t\t\n\t\t\t\t\t\t\t\t\t<div class=\"elementor-cta__description elementor-cta__content-item elementor-content-item\">\n\t\t\t\t\t\tContactez-nous d\u00e8s aujourd\u2019hui pour d\u00e9velopper votre strat\u00e9gie et garantir votre succ\u00e8s avec l\u2019OMS\t\t\t\t\t<\/div>\n\t\t\t\t\n\t\t\t\t\t\t\t\t\t<div class=\"elementor-cta__button-wrapper elementor-cta__content-item elementor-content-item \">\n\t\t\t\t\t<a class=\"elementor-cta__button elementor-button elementor-size-\" href=\"https:\/\/jstindt.com\/contact-us\/\">\n\t\t\t\t\t\tContactez Justin Stindt Consultants\t\t\t\t\t<\/a>\n\t\t\t\t\t<\/div>\n\t\t\t\t\t\t\t<\/div>\n\t\t\t\t\t\t<\/div>\n\t\t\t\t\t\t<\/div>\n\t\t\t\t<\/div>\n\t\t\t\t<\/div>\n\t\t<div class=\"elementor-element elementor-element-606106d e-flex e-con-boxed e-con e-parent\" data-id=\"606106d\" data-element_type=\"container\" data-e-type=\"container\">\n\t\t\t\t\t<div class=\"e-con-inner\">\n\t\t\t\t<div class=\"elementor-element elementor-element-d907a68 elementor-widget elementor-widget-n-accordion\" data-id=\"d907a68\" data-element_type=\"widget\" data-e-type=\"widget\" data-settings=\"{&quot;default_state&quot;:&quot;all_collapsed&quot;,&quot;max_items_expended&quot;:&quot;one&quot;,&quot;n_accordion_animation_duration&quot;:{&quot;unit&quot;:&quot;ms&quot;,&quot;size&quot;:400,&quot;sizes&quot;:[]}}\" data-widget_type=\"nested-accordion.default\">\n\t\t\t\t<div class=\"elementor-widget-container\">\n\t\t\t\t\t\t\t<div class=\"e-n-accordion\" aria-label=\"Accordion. Open links with Enter or Space, close with Escape, and navigate with Arrow Keys\">\n\t\t\t\t\t\t<details id=\"e-n-accordion-item-2270\" class=\"e-n-accordion-item\" >\n\t\t\t\t<summary class=\"e-n-accordion-item-title\" data-accordion-index=\"1\" tabindex=\"0\" aria-expanded=\"false\" aria-controls=\"e-n-accordion-item-2270\" >\n\t\t\t\t\t<span class='e-n-accordion-item-title-header'><div class=\"e-n-accordion-item-title-text\"> Autres institutions cl\u00e9s dans l'acc\u00e8s au march\u00e9 <\/div><\/span>\n\t\t\t\t\t\t\t<span class='e-n-accordion-item-title-icon'>\n\t\t\t<span class='e-opened' ><i aria-hidden=\"true\" class=\"fas fa-minus\"><\/i><\/span>\n\t\t\t<span class='e-closed'><i aria-hidden=\"true\" class=\"fas fa-plus\"><\/i><\/span>\n\t\t<\/span>\n\n\t\t\t\t\t\t<\/summary>\n\t\t\t\t<div role=\"region\" aria-labelledby=\"e-n-accordion-item-2270\" class=\"elementor-element elementor-element-7fa22f8 e-con-full e-flex e-con e-child\" data-id=\"7fa22f8\" data-element_type=\"container\" data-e-type=\"container\">\n\t\t\t\t<div class=\"elementor-element elementor-element-01dc034 elementor-widget elementor-widget-template\" data-id=\"01dc034\" data-element_type=\"widget\" data-e-type=\"widget\" data-widget_type=\"template.default\">\n\t\t\t\t<div class=\"elementor-widget-container\">\n\t\t\t\t\t\t\t<div class=\"elementor-template\">\n\t\t\t\t\t<div data-elementor-type=\"container\" data-elementor-id=\"19254\" class=\"elementor elementor-19254 elementor-18546 elementor-18546\" data-elementor-post-type=\"elementor_library\">\n\t\t\t\t<div role=\"region\" aria-labelledby=\"e-n-accordion-item-1320\" class=\"elementor-element elementor-element-4d5d7d7a e-flex e-con-boxed e-con e-parent\" data-id=\"4d5d7d7a\" data-element_type=\"container\" data-e-type=\"container\">\n\t\t\t\t\t<div class=\"e-con-inner\">\n\t\t\t\t<div class=\"elementor-element elementor-element-fa73d9e elementor-widget elementor-widget-text-editor\" data-id=\"fa73d9e\" data-element_type=\"widget\" data-e-type=\"widget\" data-widget_type=\"text-editor.default\">\n\t\t\t\t<div class=\"elementor-widget-container\">\n\t\t\t\t\t\t\t\t\t<h4><strong>Institutions mondiales<\/strong><\/h4>\n<ul>\n<li><a href=\"https:\/\/jstindt.com\/fr\/acces-au-marche-avec-oms\/\">World Health Organization<\/a> (WHO)<\/li>\n<li><a href=\"https:\/\/jstindt.com\/fr\/acces-au-marche-avec-ispor\/\">International Society for Pharmacoeconomics and Outcomes Research<\/a> (ISPOR)<\/li>\n<\/ul>\n<h4><strong><br \/><a href=\"https:\/\/jstindt.com\/fr\/usa\/\">\u00c9tats-Unis<\/a><\/strong><\/h4>\n<ul>\n<li><a href=\"https:\/\/jstindt.com\/fr\/acces-au-marche-avec-cms\/\">Centers for Medicare &amp; Medicaid Services<\/a> (CMS)<\/li>\n<li><a href=\"https:\/\/jstindt.com\/fr\/acces-au-marche-avec-amcp\/\">Academy of Managed Care Pharmacy<\/a> (AMCP)<\/li>\n<li><a href=\"https:\/\/jstindt.com\/fr\/acces-au-marche-avec-icer\/\">Institute for Clinical and Economic Review<\/a> (ICER)<\/li>\n<\/ul>\n<h4><strong><br \/><a href=\"https:\/\/jstindt.com\/fr\/france\/\">France<\/a><\/strong><\/h4>\n<ul>\n<li><a href=\"https:\/\/jstindt.com\/fr\/acces-au-marche-avec-la-has\/\">Haute Autorit\u00e9 de Sant\u00e9<\/a> (HAS)<\/li>\n<li><a href=\"https:\/\/jstindt.com\/fr\/acces-au-marche-avec-le-ceps\/\">Comit\u00e9 \u00c9conomique des Produits de Sant\u00e9<\/a> (CEPS)<\/li>\n<\/ul>\n<h4><strong><br \/><a href=\"https:\/\/jstindt.com\/fr\/allemagne\/\">Allemagne<\/a><\/strong><\/h4>\n<ul>\n<li><a href=\"https:\/\/jstindt.com\/fr\/acces-au-marche-avec-gba\/\">Gemeinsamer Bundesausschuss<\/a> (G-BA)<\/li>\n<li><a href=\"https:\/\/jstindt.com\/fr\/acces-au-marche-avec-liqwig\/\">Institute for Quality and Efficiency in Health Care<\/a> (IQWiG)<\/li>\n<li><a href=\"https:\/\/jstindt.com\/fr\/acces-au-marche-avec-le-gkv-spitzenverband\/\">L&rsquo;association GKV Spitzenverband<\/a><\/li>\n<\/ul>\n<h4><strong><br \/><a href=\"https:\/\/jstindt.com\/fr\/royaume-uni\/\">Royaume-Uni<\/a><\/strong><\/h4>\n<ul>\n<li><a href=\"https:\/\/jstindt.com\/fr\/acces-au-marche-avec-nice\/\">National Institute for Health and Care Excellence<\/a> (NICE)<\/li>\n<li><a href=\"https:\/\/jstindt.com\/fr\/acces-au-marche-avec-le-smc\/\">Scottish Medicines Consortium<\/a> (SMC)<\/li>\n<li><a href=\"https:\/\/jstindt.com\/fr\/acces-au-marche-avec-awmsg\/\" rel=\"noopener\">All Wales Medicines Strategy Group<\/a> (AWMSG)<\/li>\n<li><a href=\"https:\/\/jstindt.com\/fr\/acces-au-marche-avec-le-nhs\/\">National Health Service<\/a> (NHS)<\/li>\n<\/ul>\n<h4><strong><br \/><a href=\"https:\/\/jstindt.com\/fr\/italie\/\">Italie<\/a><\/strong><\/h4>\n<ul>\n<li><a href=\"https:\/\/jstindt.com\/fr\/acces-au-marche-avec-aifa\/\">Italian Medicines Agency<\/a> (AIFA)<\/li>\n<li><a href=\"https:\/\/jstindt.com\/fr\/acces-au-marche-avec-la-cse\/\">Scientific and Economic Commission<\/a> (CSE)<\/li>\n<\/ul>\n<h4><strong><br \/><a href=\"https:\/\/jstindt.com\/fr\/espagne\/\">Espagne<\/a><\/strong><\/h4>\n<ul>\n<li><a href=\"https:\/\/jstindt.com\/fr\/acces-au-marche-avec-aemps\/\">Spanish Agency of Medicines and Medical Devices<\/a> (AEMPS)<\/li>\n<li><a href=\"https:\/\/jstindt.com\/fr\/acces-au-marche-avec-la-dgcf\/\">Direcci\u00f3n General de Cartera Com\u00fan de Servicios del Sistema Nacional de Salud y Farmacia<\/a> (DGCF)<\/li>\n<li><a href=\"https:\/\/jstindt.com\/fr\/acces-au-marche-avec-la-cipm\/\">Interministerial Commission on Medicine Prices<\/a> (CIPM)<\/li>\n<\/ul>\n<h4><strong><br \/><a href=\"https:\/\/jstindt.com\/fr\/suisse\/\">Suisse<\/a><\/strong><\/h4>\n<ul>\n<li><a href=\"https:\/\/jstindt.com\/fr\/acces-au-marche-avec-ofsp\/\">Federal Office of Public Health<\/a> (FOPH)<\/li>\n<\/ul>\n\t\t\t\t\t\t\t\t<\/div>\n\t\t\t\t<\/div>\n\t\t\t\t\t<\/div>\n\t\t\t\t<\/div>\n\t\t\t\t<\/div>\n\t\t\t\t<\/div>\n\t\t\t\t\t\t<\/div>\n\t\t\t\t<\/div>\n\t\t\t\t<\/div>\n\t\t\t\t\t<\/details>\n\t\t\t\t\t<\/div>\n\t\t\t\t\t\t<\/div>\n\t\t\t\t<\/div>\n\t\t\t\t\t<\/div>\n\t\t\t\t<\/div>\n\t\t\t\t<\/div>\n\t\t","protected":false},"excerpt":{"rendered":"<p>L\u2019Organisation mondiale de la sant\u00e9 (OMS) est une agence sp\u00e9cialis\u00e9e des Nations unies charg\u00e9e de la sant\u00e9 publique internationale. Cr\u00e9\u00e9e en 1948, sa mission est de promouvoir la sant\u00e9, prot\u00e9ger les populations et soutenir les plus vuln\u00e9rables. L\u2019OMS joue un r\u00f4le cl\u00e9 dans la coordination des r\u00e9ponses sanitaires mondiales, l\u2019\u00e9tablissement des normes internationales et l\u2019\u00e9laboration [&hellip;]<\/p>\n","protected":false},"author":3,"featured_media":0,"parent":0,"menu_order":0,"comment_status":"closed","ping_status":"closed","template":"","meta":{"_acf_changed":false,"footnotes":""},"class_list":["post-19007","page","type-page","status-publish","hentry"],"acf":[],"_links":{"self":[{"href":"https:\/\/jstindt.com\/fr\/wp-json\/wp\/v2\/pages\/19007","targetHints":{"allow":["GET"]}}],"collection":[{"href":"https:\/\/jstindt.com\/fr\/wp-json\/wp\/v2\/pages"}],"about":[{"href":"https:\/\/jstindt.com\/fr\/wp-json\/wp\/v2\/types\/page"}],"author":[{"embeddable":true,"href":"https:\/\/jstindt.com\/fr\/wp-json\/wp\/v2\/users\/3"}],"replies":[{"embeddable":true,"href":"https:\/\/jstindt.com\/fr\/wp-json\/wp\/v2\/comments?post=19007"}],"version-history":[{"count":11,"href":"https:\/\/jstindt.com\/fr\/wp-json\/wp\/v2\/pages\/19007\/revisions"}],"predecessor-version":[{"id":19571,"href":"https:\/\/jstindt.com\/fr\/wp-json\/wp\/v2\/pages\/19007\/revisions\/19571"}],"wp:attachment":[{"href":"https:\/\/jstindt.com\/fr\/wp-json\/wp\/v2\/media?parent=19007"}],"curies":[{"name":"wp","href":"https:\/\/api.w.org\/{rel}","templated":true}]}}