{"id":18986,"date":"2025-02-13T14:04:24","date_gmt":"2025-02-13T13:04:24","guid":{"rendered":"https:\/\/jstindt.com\/?page_id=18986"},"modified":"2025-03-10T18:16:18","modified_gmt":"2025-03-10T17:16:18","slug":"acces-au-marche-avec-ispor","status":"publish","type":"page","link":"https:\/\/jstindt.com\/fr\/acces-au-marche-avec-ispor\/","title":{"rendered":"Acc\u00e8s au march\u00e9 avec l&rsquo;ISPOR : Votre guide en \u00e9conomie et recherche des r\u00e9sultats en sant\u00e9"},"content":{"rendered":"\t\t<div data-elementor-type=\"wp-page\" data-elementor-id=\"18986\" class=\"elementor elementor-18986 elementor-18618\" data-elementor-post-type=\"page\">\n\t\t\t\t<div class=\"elementor-element elementor-element-0e4bf16 e-flex e-con-boxed e-con e-parent\" data-id=\"0e4bf16\" data-element_type=\"container\" data-e-type=\"container\">\n\t\t\t\t\t<div class=\"e-con-inner\">\n\t\t\t\t<div class=\"elementor-element elementor-element-0b53187 elementor-widget elementor-widget-text-editor\" data-id=\"0b53187\" data-element_type=\"widget\" data-e-type=\"widget\" data-widget_type=\"text-editor.default\">\n\t\t\t\t<div class=\"elementor-widget-container\">\n\t\t\t\t\t\t\t\t\t<p><span style=\"font-weight: 400;\">L&rsquo;International Society for Pharmacoeconomics and Outcomes Research (ISPOR) est une soci\u00e9t\u00e9 professionnelle internationale de premier plan d\u00e9di\u00e9e \u00e0 l&rsquo;avancement de l&rsquo;\u00e9conomie de la sant\u00e9 et de la recherche sur les r\u00e9sultats en sant\u00e9 (HEOR) afin d&rsquo;am\u00e9liorer la prise de d\u00e9cision en mati\u00e8re de soins de sant\u00e9 \u00e0 l&rsquo;\u00e9chelle mondiale. Fond\u00e9e en 1995, ISPOR joue un r\u00f4le moteur dans l&rsquo;innovation en HEOR, offrant une plateforme aux professionnels pour collaborer, partager des recherches et promouvoir les meilleures pratiques. (<\/span><a href=\"https:\/\/www.ispor.org\/\"><span style=\"font-weight: 400;\">ispor.org<\/span><\/a><span style=\"font-weight: 400;\">)<\/span><\/p><h2><b>Fonctions principales de l&rsquo;ISPOR<\/b><\/h2><ul><li><b>Promotion de l&rsquo;excellence en HEOR :<\/b><span style=\"font-weight: 400;\"> Encourager le d\u00e9veloppement et l&rsquo;application des m\u00e9thodologies HEOR pour am\u00e9liorer la prise de d\u00e9cision en mati\u00e8re de soins de sant\u00e9 \u00e0 l&rsquo;\u00e9chelle mondiale. (<\/span><a href=\"https:\/\/www.ispor.org\/\"><span style=\"font-weight: 400;\">ispor.org<\/span><\/a><span style=\"font-weight: 400;\">)<\/span><\/li><li><b>Facilitation de la collaboration mondiale :<\/b><span style=\"font-weight: 400;\"> Cr\u00e9ation de forums permettant aux parties prenantes des milieux universitaire, industriel et gouvernemental de collaborer sur des initiatives HEOR.<\/span><\/li><li><b>Diffusion de la recherche et des meilleures pratiques :<\/b><span style=\"font-weight: 400;\"> Publication de revues \u00e0 comit\u00e9 de lecture, telles que <\/span><i><span style=\"font-weight: 400;\">Value in Health<\/span><\/i><span style=\"font-weight: 400;\">, et \u00e9laboration de rapports de bonnes pratiques pour guider les standards HEOR. (<\/span><a href=\"https:\/\/www.ispor.org\/\"><span style=\"font-weight: 400;\">ispor.org<\/span><\/a><span style=\"font-weight: 400;\">)<\/span><\/li><\/ul><h2><b>Direction et contacts cl\u00e9s<\/b><\/h2><p><span style=\"font-weight: 400;\">En date de janvier 2025, ISPOR est dirig\u00e9e par la pr\u00e9sidente <\/span><b>Dr. Eberechukwu Onukwugha<\/b><span style=\"font-weight: 400;\">, qui supervise les initiatives strat\u00e9giques et les op\u00e9rations de l&rsquo;organisation.<\/span><\/p><h3><b>Coordonn\u00e9es de l&rsquo;ISPOR<\/b><\/h3><ul><li><b>Site web :<\/b><a href=\"https:\/\/www.ispor.org\/\"> <span style=\"font-weight: 400;\">ispor.org<\/span><\/a><\/li><li><b>Adresse :<\/b><b><br \/><\/b> <span style=\"font-weight: 400;\">ISPOR<\/span><span style=\"font-weight: 400;\"><br \/><\/span><span style=\"font-weight: 400;\"> 505 Lawrence Square Boulevard South<\/span><span style=\"font-weight: 400;\"><br \/><\/span><span style=\"font-weight: 400;\">\u00a0 Lawrenceville, NJ 08648, \u00c9tats-Unis<\/span><span style=\"font-weight: 400;\"><br \/><\/span><span style=\"font-weight: 400;\">\u00a0 <\/span><b>T\u00e9l\u00e9phone :<\/b><span style=\"font-weight: 400;\"> +1 609-586-4981<\/span><\/li><\/ul><h2><b>D\u00e9fis dans l&rsquo;engagement avec ISPOR<\/b><\/h2><ul><li><b>Compr\u00e9hension des m\u00e9thodologies HEOR :<\/b><span style=\"font-weight: 400;\"> Ma\u00eetrise des derni\u00e8res recherches et m\u00e9thodologies HEOR essentielle pour une participation efficace.<\/span><\/li><li><b>Participation active aux conf\u00e9rences et \u00e9v\u00e9nements :<\/b><span style=\"font-weight: 400;\"> L\u2019implication dans les conf\u00e9rences et \u00e9v\u00e9nements \u00e9ducatifs d&rsquo;ISPOR permet de d\u00e9velopper son r\u00e9seau et de rester inform\u00e9 des tendances du secteur.<\/span><\/li><li><b>Contribution aux publications et rapports :<\/b><span style=\"font-weight: 400;\"> Soumettre des recherches aux revues d&rsquo;ISPOR et contribuer aux rapports de bonnes pratiques peut am\u00e9liorer la reconnaissance professionnelle et l&rsquo;impact.<\/span><\/li><\/ul><p><span style=\"font-weight: 400;\">Une collaboration r\u00e9ussie avec ISPOR peut aboutir \u00e0 des partenariats pr\u00e9cieux et des avanc\u00e9es significatives en HEOR.<\/span><\/p><h2><b>Opportunit\u00e9s \/ Solutions avec Justin Stindt Consultants<\/b><\/h2><ul><li><b>Engagement expert aupr\u00e8s d\u2019ISPOR :<\/b><span style=\"font-weight: 400;\"> Accompagnement des clients dans leur engagement avec les initiatives d&rsquo;ISPOR et l&rsquo;optimisation des ressources disponibles.<\/span><\/li><li><b>Strat\u00e9gies d\u2019acc\u00e8s au march\u00e9 ISPOR :<\/b><span style=\"font-weight: 400;\"> D\u00e9veloppement de strat\u00e9gies conformes aux standards HEOR d&rsquo;ISPOR pour optimiser l&rsquo;acc\u00e8s au march\u00e9.<\/span><\/li><li><b>Expertise des processus ISPOR :<\/b><span style=\"font-weight: 400;\"> Analyse approfondie des processus d&rsquo;ISPOR pour maximiser l\u2019engagement et la contribution. Cela inclut les publications ISPOR, les affiches scientifiques et les articles dans les revues ISPOR.<\/span><\/li><li><b>Support des consultants ISPOR :<\/b><span style=\"font-weight: 400;\"> Conseil expert sur la mani\u00e8re d\u2019interagir efficacement avec ISPOR et d&rsquo;exploiter pleinement son potentiel pour la r\u00e9ussite de l&rsquo;acc\u00e8s au march\u00e9.<\/span><\/li><\/ul><p><span style=\"font-weight: 400;\"><br \/>Justin Stindt Consultants est sp\u00e9cialis\u00e9 dans l&rsquo;accompagnement des clients \u00e0 travers les services d&rsquo;ISPOR pour maximiser leur impact dans la communaut\u00e9 HEOR.<\/span><\/p>\t\t\t\t\t\t\t\t<\/div>\n\t\t\t\t<\/div>\n\t\t\t\t\t<\/div>\n\t\t\t\t<\/div>\n\t\t<div class=\"elementor-element elementor-element-a845fd3 e-flex e-con-boxed e-con e-parent\" data-id=\"a845fd3\" data-element_type=\"container\" data-e-type=\"container\">\n\t\t\t\t\t<div class=\"e-con-inner\">\n\t\t\t\t<div class=\"elementor-element elementor-element-caccfeb elementor-widget-divider--view-line elementor-widget elementor-widget-divider\" data-id=\"caccfeb\" data-element_type=\"widget\" data-e-type=\"widget\" data-widget_type=\"divider.default\">\n\t\t\t\t<div class=\"elementor-widget-container\">\n\t\t\t\t\t\t\t<div class=\"elementor-divider\">\n\t\t\t<span class=\"elementor-divider-separator\">\n\t\t\t\t\t\t<\/span>\n\t\t<\/div>\n\t\t\t\t\t\t<\/div>\n\t\t\t\t<\/div>\n\t\t\t\t\t<\/div>\n\t\t\t\t<\/div>\n\t\t<div class=\"elementor-element elementor-element-9ea8a8e e-flex e-con-boxed e-con e-parent\" data-id=\"9ea8a8e\" data-element_type=\"container\" data-e-type=\"container\">\n\t\t\t\t\t<div class=\"e-con-inner\">\n\t\t<div class=\"elementor-element elementor-element-7848d4bc e-con-full bordered-block e-flex e-con e-child\" data-id=\"7848d4bc\" data-element_type=\"container\" data-e-type=\"container\">\n\t\t\t\t<div class=\"elementor-element elementor-element-5e0288e2 elementor-widget elementor-widget-text-editor\" data-id=\"5e0288e2\" data-element_type=\"widget\" data-e-type=\"widget\" data-widget_type=\"text-editor.default\">\n\t\t\t\t<div class=\"elementor-widget-container\">\n\t\t\t\t\t\t\t\t\t<h3>\u00c9tude de cas <\/h3><h2>Succ\u00e8s d&rsquo;une soci\u00e9t\u00e9 pharmaceutique avec l&rsquo;ISPOR<\/h2>\t\t\t\t\t\t\t\t<\/div>\n\t\t\t\t<\/div>\n\t\t\t\t<div class=\"elementor-element elementor-element-2c53afaf elementor-widget elementor-widget-text-editor\" data-id=\"2c53afaf\" data-element_type=\"widget\" data-e-type=\"widget\" data-widget_type=\"text-editor.default\">\n\t\t\t\t<div class=\"elementor-widget-container\">\n\t\t\t\t\t\t\t\t\t<p><strong>D\u00e9fi<\/strong>:<br \/>Une organisation de sant\u00e9 a sollicit\u00e9 notre assistance pour accro\u00eetre sa visibilit\u00e9 dans la communaut\u00e9 HEOR.<\/p><p><strong>Solution<\/strong>:<br \/>Nous l\u2019avons accompagn\u00e9e dans le d\u00e9veloppement de recherches conformes aux standards ISPOR et facilit\u00e9 sa participation aux conf\u00e9rences ISPOR.<\/p><p><strong>R\u00e9sultat<\/strong>:<br \/>Notre approche strat\u00e9gique a conduit \u00e0 une reconnaissance accrue et \u00e0 de nouvelles opportunit\u00e9s de collaboration dans le domaine HEOR.<\/p>\t\t\t\t\t\t\t\t<\/div>\n\t\t\t\t<\/div>\n\t\t\t\t<\/div>\n\t\t\t\t\t<\/div>\n\t\t\t\t<\/div>\n\t\t<div class=\"elementor-element elementor-element-b74e73a e-con-full e-flex e-con e-parent\" data-id=\"b74e73a\" data-element_type=\"container\" data-e-type=\"container\" data-settings=\"{&quot;background_background&quot;:&quot;classic&quot;}\">\n\t\t\t\t<div class=\"elementor-element elementor-element-01f5849 elementor-cta--skin-classic elementor-animated-content elementor-bg-transform elementor-bg-transform-zoom-in elementor-widget elementor-widget-call-to-action\" data-id=\"01f5849\" data-element_type=\"widget\" data-e-type=\"widget\" data-widget_type=\"call-to-action.default\">\n\t\t\t\t<div class=\"elementor-widget-container\">\n\t\t\t\t\t\t\t<div class=\"elementor-cta\">\n\t\t\t\t\t\t\t<div class=\"elementor-cta__content\">\n\t\t\t\t\n\t\t\t\t\t\t\t\t\t<h2 class=\"elementor-cta__title elementor-cta__content-item elementor-content-item\">\n\t\t\t\t\t\tBesoin de soutien pour optimiser votre engagement avec ISPOR ? L\u2019expertise de Justin Stindt Consultants en mati\u00e8re d\u2019ISPOR peut vous aider \u00e0 r\u00e9ussir.\t\t\t\t\t<\/h2>\n\t\t\t\t\n\t\t\t\t\t\t\t\t\t<div class=\"elementor-cta__description elementor-cta__content-item elementor-content-item\">\n\t\t\t\t\t\tContactez-nous d\u00e8s aujourd\u2019hui pour \u00e9laborer votre strat\u00e9gie et assurer votre succ\u00e8s avec ISPOR.\t\t\t\t\t<\/div>\n\t\t\t\t\n\t\t\t\t\t\t\t\t\t<div class=\"elementor-cta__button-wrapper elementor-cta__content-item elementor-content-item \">\n\t\t\t\t\t<a class=\"elementor-cta__button elementor-button elementor-size-\" href=\"https:\/\/jstindt.com\/contact-us\/\">\n\t\t\t\t\t\tContactez Justin Stindt Consultants\t\t\t\t\t<\/a>\n\t\t\t\t\t<\/div>\n\t\t\t\t\t\t\t<\/div>\n\t\t\t\t\t\t<\/div>\n\t\t\t\t\t\t<\/div>\n\t\t\t\t<\/div>\n\t\t\t\t<\/div>\n\t\t<div class=\"elementor-element elementor-element-2a88da9 e-flex e-con-boxed e-con e-parent\" data-id=\"2a88da9\" data-element_type=\"container\" data-e-type=\"container\">\n\t\t\t\t\t<div class=\"e-con-inner\">\n\t\t\t\t<div class=\"elementor-element elementor-element-78fd6e6 elementor-widget elementor-widget-n-accordion\" data-id=\"78fd6e6\" data-element_type=\"widget\" data-e-type=\"widget\" data-settings=\"{&quot;default_state&quot;:&quot;all_collapsed&quot;,&quot;max_items_expended&quot;:&quot;one&quot;,&quot;n_accordion_animation_duration&quot;:{&quot;unit&quot;:&quot;ms&quot;,&quot;size&quot;:400,&quot;sizes&quot;:[]}}\" data-widget_type=\"nested-accordion.default\">\n\t\t\t\t<div class=\"elementor-widget-container\">\n\t\t\t\t\t\t\t<div class=\"e-n-accordion\" aria-label=\"Accordion. Open links with Enter or Space, close with Escape, and navigate with Arrow Keys\">\n\t\t\t\t\t\t<details id=\"e-n-accordion-item-1260\" class=\"e-n-accordion-item\" >\n\t\t\t\t<summary class=\"e-n-accordion-item-title\" data-accordion-index=\"1\" tabindex=\"0\" aria-expanded=\"false\" aria-controls=\"e-n-accordion-item-1260\" >\n\t\t\t\t\t<span class='e-n-accordion-item-title-header'><div class=\"e-n-accordion-item-title-text\"> Autres institutions cl\u00e9s dans l'acc\u00e8s au march\u00e9 <\/div><\/span>\n\t\t\t\t\t\t\t<span class='e-n-accordion-item-title-icon'>\n\t\t\t<span class='e-opened' ><i aria-hidden=\"true\" class=\"fas fa-minus\"><\/i><\/span>\n\t\t\t<span class='e-closed'><i aria-hidden=\"true\" class=\"fas fa-plus\"><\/i><\/span>\n\t\t<\/span>\n\n\t\t\t\t\t\t<\/summary>\n\t\t\t\t<div role=\"region\" aria-labelledby=\"e-n-accordion-item-1260\" class=\"elementor-element elementor-element-d15c250 e-con-full e-flex e-con e-child\" data-id=\"d15c250\" data-element_type=\"container\" data-e-type=\"container\">\n\t\t\t\t<div class=\"elementor-element elementor-element-27ef151 elementor-widget elementor-widget-template\" data-id=\"27ef151\" data-element_type=\"widget\" data-e-type=\"widget\" data-widget_type=\"template.default\">\n\t\t\t\t<div class=\"elementor-widget-container\">\n\t\t\t\t\t\t\t<div class=\"elementor-template\">\n\t\t\t\t\t<div data-elementor-type=\"container\" data-elementor-id=\"19254\" class=\"elementor elementor-19254 elementor-18546 elementor-18546\" data-elementor-post-type=\"elementor_library\">\n\t\t\t\t<div role=\"region\" aria-labelledby=\"e-n-accordion-item-2440\" class=\"elementor-element elementor-element-4d5d7d7a e-flex e-con-boxed e-con e-parent\" data-id=\"4d5d7d7a\" data-element_type=\"container\" data-e-type=\"container\">\n\t\t\t\t\t<div class=\"e-con-inner\">\n\t\t\t\t<div class=\"elementor-element elementor-element-fa73d9e elementor-widget elementor-widget-text-editor\" data-id=\"fa73d9e\" data-element_type=\"widget\" data-e-type=\"widget\" data-widget_type=\"text-editor.default\">\n\t\t\t\t<div class=\"elementor-widget-container\">\n\t\t\t\t\t\t\t\t\t<h4><strong>Institutions mondiales<\/strong><\/h4>\n<ul>\n<li><a href=\"https:\/\/jstindt.com\/fr\/acces-au-marche-avec-oms\/\">World Health Organization<\/a> (WHO)<\/li>\n<li><a href=\"https:\/\/jstindt.com\/fr\/acces-au-marche-avec-ispor\/\">International Society for Pharmacoeconomics and Outcomes Research<\/a> (ISPOR)<\/li>\n<\/ul>\n<h4><strong><br \/><a href=\"https:\/\/jstindt.com\/fr\/usa\/\">\u00c9tats-Unis<\/a><\/strong><\/h4>\n<ul>\n<li><a href=\"https:\/\/jstindt.com\/fr\/acces-au-marche-avec-cms\/\">Centers for Medicare &amp; Medicaid Services<\/a> (CMS)<\/li>\n<li><a href=\"https:\/\/jstindt.com\/fr\/acces-au-marche-avec-amcp\/\">Academy of Managed Care Pharmacy<\/a> (AMCP)<\/li>\n<li><a href=\"https:\/\/jstindt.com\/fr\/acces-au-marche-avec-icer\/\">Institute for Clinical and Economic Review<\/a> (ICER)<\/li>\n<\/ul>\n<h4><strong><br \/><a href=\"https:\/\/jstindt.com\/fr\/france\/\">France<\/a><\/strong><\/h4>\n<ul>\n<li><a href=\"https:\/\/jstindt.com\/fr\/acces-au-marche-avec-la-has\/\">Haute Autorit\u00e9 de Sant\u00e9<\/a> (HAS)<\/li>\n<li><a href=\"https:\/\/jstindt.com\/fr\/acces-au-marche-avec-le-ceps\/\">Comit\u00e9 \u00c9conomique des Produits de Sant\u00e9<\/a> (CEPS)<\/li>\n<\/ul>\n<h4><strong><br \/><a href=\"https:\/\/jstindt.com\/fr\/allemagne\/\">Allemagne<\/a><\/strong><\/h4>\n<ul>\n<li><a href=\"https:\/\/jstindt.com\/fr\/acces-au-marche-avec-gba\/\">Gemeinsamer Bundesausschuss<\/a> (G-BA)<\/li>\n<li><a href=\"https:\/\/jstindt.com\/fr\/acces-au-marche-avec-liqwig\/\">Institute for Quality and Efficiency in Health Care<\/a> (IQWiG)<\/li>\n<li><a href=\"https:\/\/jstindt.com\/fr\/acces-au-marche-avec-le-gkv-spitzenverband\/\">L&rsquo;association GKV Spitzenverband<\/a><\/li>\n<\/ul>\n<h4><strong><br \/><a href=\"https:\/\/jstindt.com\/fr\/royaume-uni\/\">Royaume-Uni<\/a><\/strong><\/h4>\n<ul>\n<li><a href=\"https:\/\/jstindt.com\/fr\/acces-au-marche-avec-nice\/\">National Institute for Health and Care Excellence<\/a> (NICE)<\/li>\n<li><a href=\"https:\/\/jstindt.com\/fr\/acces-au-marche-avec-le-smc\/\">Scottish Medicines Consortium<\/a> (SMC)<\/li>\n<li><a href=\"https:\/\/jstindt.com\/fr\/acces-au-marche-avec-awmsg\/\" rel=\"noopener\">All Wales Medicines Strategy Group<\/a> (AWMSG)<\/li>\n<li><a href=\"https:\/\/jstindt.com\/fr\/acces-au-marche-avec-le-nhs\/\">National Health Service<\/a> (NHS)<\/li>\n<\/ul>\n<h4><strong><br \/><a href=\"https:\/\/jstindt.com\/fr\/italie\/\">Italie<\/a><\/strong><\/h4>\n<ul>\n<li><a href=\"https:\/\/jstindt.com\/fr\/acces-au-marche-avec-aifa\/\">Italian Medicines Agency<\/a> (AIFA)<\/li>\n<li><a href=\"https:\/\/jstindt.com\/fr\/acces-au-marche-avec-la-cse\/\">Scientific and Economic Commission<\/a> (CSE)<\/li>\n<\/ul>\n<h4><strong><br \/><a href=\"https:\/\/jstindt.com\/fr\/espagne\/\">Espagne<\/a><\/strong><\/h4>\n<ul>\n<li><a href=\"https:\/\/jstindt.com\/fr\/acces-au-marche-avec-aemps\/\">Spanish Agency of Medicines and Medical Devices<\/a> (AEMPS)<\/li>\n<li><a href=\"https:\/\/jstindt.com\/fr\/acces-au-marche-avec-la-dgcf\/\">Direcci\u00f3n General de Cartera Com\u00fan de Servicios del Sistema Nacional de Salud y Farmacia<\/a> (DGCF)<\/li>\n<li><a href=\"https:\/\/jstindt.com\/fr\/acces-au-marche-avec-la-cipm\/\">Interministerial Commission on Medicine Prices<\/a> (CIPM)<\/li>\n<\/ul>\n<h4><strong><br \/><a href=\"https:\/\/jstindt.com\/fr\/suisse\/\">Suisse<\/a><\/strong><\/h4>\n<ul>\n<li><a href=\"https:\/\/jstindt.com\/fr\/acces-au-marche-avec-ofsp\/\">Federal Office of Public Health<\/a> (FOPH)<\/li>\n<\/ul>\n\t\t\t\t\t\t\t\t<\/div>\n\t\t\t\t<\/div>\n\t\t\t\t\t<\/div>\n\t\t\t\t<\/div>\n\t\t\t\t<\/div>\n\t\t\t\t<\/div>\n\t\t\t\t\t\t<\/div>\n\t\t\t\t<\/div>\n\t\t\t\t<\/div>\n\t\t\t\t\t<\/details>\n\t\t\t\t\t<\/div>\n\t\t\t\t\t\t<\/div>\n\t\t\t\t<\/div>\n\t\t\t\t\t<\/div>\n\t\t\t\t<\/div>\n\t\t\t\t<\/div>\n\t\t","protected":false},"excerpt":{"rendered":"<p>L&rsquo;International Society for Pharmacoeconomics and Outcomes Research (ISPOR) est une soci\u00e9t\u00e9 professionnelle internationale de premier plan d\u00e9di\u00e9e \u00e0 l&rsquo;avancement de l&rsquo;\u00e9conomie de la sant\u00e9 et de la recherche sur les r\u00e9sultats en sant\u00e9 (HEOR) afin d&rsquo;am\u00e9liorer la prise de d\u00e9cision en mati\u00e8re de soins de sant\u00e9 \u00e0 l&rsquo;\u00e9chelle mondiale. Fond\u00e9e en 1995, ISPOR joue un [&hellip;]<\/p>\n","protected":false},"author":3,"featured_media":0,"parent":0,"menu_order":0,"comment_status":"closed","ping_status":"closed","template":"","meta":{"_acf_changed":false,"footnotes":""},"class_list":["post-18986","page","type-page","status-publish","hentry"],"acf":[],"_links":{"self":[{"href":"https:\/\/jstindt.com\/fr\/wp-json\/wp\/v2\/pages\/18986","targetHints":{"allow":["GET"]}}],"collection":[{"href":"https:\/\/jstindt.com\/fr\/wp-json\/wp\/v2\/pages"}],"about":[{"href":"https:\/\/jstindt.com\/fr\/wp-json\/wp\/v2\/types\/page"}],"author":[{"embeddable":true,"href":"https:\/\/jstindt.com\/fr\/wp-json\/wp\/v2\/users\/3"}],"replies":[{"embeddable":true,"href":"https:\/\/jstindt.com\/fr\/wp-json\/wp\/v2\/comments?post=18986"}],"version-history":[{"count":14,"href":"https:\/\/jstindt.com\/fr\/wp-json\/wp\/v2\/pages\/18986\/revisions"}],"predecessor-version":[{"id":19634,"href":"https:\/\/jstindt.com\/fr\/wp-json\/wp\/v2\/pages\/18986\/revisions\/19634"}],"wp:attachment":[{"href":"https:\/\/jstindt.com\/fr\/wp-json\/wp\/v2\/media?parent=18986"}],"curies":[{"name":"wp","href":"https:\/\/api.w.org\/{rel}","templated":true}]}}