{"id":18959,"date":"2025-02-13T14:00:07","date_gmt":"2025-02-13T13:00:07","guid":{"rendered":"https:\/\/jstindt.com\/?page_id=18959"},"modified":"2025-03-10T18:15:11","modified_gmt":"2025-03-10T17:15:11","slug":"acces-au-marche-avec-liqwig","status":"publish","type":"page","link":"https:\/\/jstindt.com\/fr\/acces-au-marche-avec-liqwig\/","title":{"rendered":"Acc\u00e8s au march\u00e9 avec l\u2019IQWiG : Votre guide de l\u2019\u00e9valuation des technologies de sant\u00e9 en Allemagne"},"content":{"rendered":"\t\t<div data-elementor-type=\"wp-page\" data-elementor-id=\"18959\" class=\"elementor elementor-18959 elementor-18599\" data-elementor-post-type=\"page\">\n\t\t\t\t<div class=\"elementor-element elementor-element-1d7d3b2 e-flex e-con-boxed e-con e-parent\" data-id=\"1d7d3b2\" data-element_type=\"container\" data-e-type=\"container\">\n\t\t\t\t\t<div class=\"e-con-inner\">\n\t\t\t\t<div class=\"elementor-element elementor-element-9c02245 elementor-widget elementor-widget-text-editor\" data-id=\"9c02245\" data-element_type=\"widget\" data-e-type=\"widget\" data-widget_type=\"text-editor.default\">\n\t\t\t\t<div class=\"elementor-widget-container\">\n\t\t\t\t\t\t\t\t\t<p><span style=\"font-weight: 400;\">L\u2019Institut pour la Qualit\u00e9 et l\u2019Efficacit\u00e9 des Soins de Sant\u00e9 (<\/span><i><span style=\"font-weight: 400;\">IQWiG<\/span><\/i><span style=\"font-weight: 400;\">) est une agence ind\u00e9pendante allemande charg\u00e9e d\u2019\u00e9valuer les b\u00e9n\u00e9fices et les risques des interventions m\u00e9dicales pour les patients. Cr\u00e9\u00e9 en 2004, l\u2019IQWiG joue un r\u00f4le cl\u00e9 dans l\u2019\u00e9valuation des traitements m\u00e9dicaux, notamment les m\u00e9dicaments, les interventions non m\u00e9dicamenteuses, les tests diagnostiques et les m\u00e9thodes de d\u00e9pistage. Ses \u00e9valuations influencent directement les d\u00e9cisions de remboursement des caisses d\u2019assurance maladie l\u00e9gale (<\/span><i><span style=\"font-weight: 400;\">SHI<\/span><\/i><span style=\"font-weight: 400;\">), impactant ainsi l\u2019acc\u00e8s au march\u00e9 des produits de sant\u00e9 en Allemagne.<\/span><\/p><h2><b>Fonctions principales de l\u2019IQWiG<\/b><\/h2><ul><li><span style=\"font-weight: 400;\"> \u00a0 <\/span> <span style=\"font-weight: 400;\">\u00c9valuation des interventions m\u00e9dicales : Analyse des b\u00e9n\u00e9fices et des risques des m\u00e9dicaments et des proc\u00e9dures chirurgicales pour d\u00e9terminer leur efficacit\u00e9 et leur s\u00e9curit\u00e9.<\/span><\/li><li><span style=\"font-weight: 400;\"> \u00a0 <\/span> <span style=\"font-weight: 400;\">Diffusion d\u2019informations en sant\u00e9 : Fourniture d\u2019informations claires et accessibles au public pour aider les patients \u00e0 prendre des d\u00e9cisions \u00e9clair\u00e9es sur les examens et traitements.<\/span><\/li><li><span style=\"font-weight: 400;\"> \u00a0 <\/span> <span style=\"font-weight: 400;\">Rapports fond\u00e9s sur des preuves : Production d\u2019analyses ind\u00e9pendantes et bas\u00e9es sur des preuves scientifiques sur divers sujets m\u00e9dicaux, notamment les tests diagnostiques et la gestion des maladies.<\/span><\/li><\/ul><h2><b>Direction et contacts cl\u00e9s<\/b><\/h2><p><span style=\"font-weight: 400;\">En date de janvier 2025, l\u2019IQWiG est dirig\u00e9 par le Dr Thomas Kaiser, responsable des initiatives strat\u00e9giques de l\u2019organisation. La directrice adjointe est le Dr Michaela Eikermann.<\/span><\/p><ul><li><span style=\"font-weight: 400;\"> \u00a0 <\/span> <span style=\"font-weight: 400;\">Le d\u00e9partement d\u2019\u00e9valuation des m\u00e9dicaments est dirig\u00e9 par le Dr Beate Wieseler.<\/span><\/li><\/ul><h3><b>Coordonn\u00e9es de l\u2019IQWiG<\/b><\/h3><ul><li><span style=\"font-weight: 400;\"> \u00a0 \u00a0 \u00a0 <\/span><span style=\"font-weight: 400;\">Site web :<\/span><a href=\"https:\/\/www.iqwig.de\/\"> <span style=\"font-weight: 400;\">iqwig.de<\/span><\/a><\/li><li><span style=\"font-weight: 400;\"> \u00a0 \u00a0 \u00a0 <\/span><span style=\"font-weight: 400;\">Adresse :<\/span><span style=\"font-weight: 400;\"><br \/><\/span><span style=\"font-weight: 400;\"> Institute for Quality and Efficiency in Health Care (IQWiG)<\/span><span style=\"font-weight: 400;\"><br \/><\/span><span style=\"font-weight: 400;\"> Siegburger Str. 237<\/span><span style=\"font-weight: 400;\"><br \/><\/span><span style=\"font-weight: 400;\"> 50679 Cologne, Allemagne<\/span><\/li><\/ul><h2><b>D\u00e9fis dans la collaboration avec l\u2019IQWiG<\/b><\/h2><ul><li><span style=\"font-weight: 400;\"> \u00a0 <\/span> <span style=\"font-weight: 400;\">Compr\u00e9hension des processus d\u2019\u00e9valuation : Ma\u00eetrise des crit\u00e8res d\u2019\u00e9valuation et des exigences de soumission de l\u2019IQWiG, y compris les <\/span><i><span style=\"font-weight: 400;\">IQWiG General Methods<\/span><\/i><span style=\"font-weight: 400;\"> (<\/span><i><span style=\"font-weight: 400;\">Allgemeine Methoden<\/span><\/i><span style=\"font-weight: 400;\">).<\/span><\/li><li><span style=\"font-weight: 400;\"> \u00a0 <\/span> <span style=\"font-weight: 400;\">Soumissions pr\u00e9cises et ponctuelles : R\u00e9daction et d\u00e9p\u00f4t rigoureux des documents pour faciliter le processus d\u2019\u00e9valuation.<\/span><\/li><li><span style=\"font-weight: 400;\"> \u00a0 <\/span> <span style=\"font-weight: 400;\">Collaboration avec les parties prenantes : Coordination avec les acteurs du syst\u00e8me de sant\u00e9 allemand pour assurer l\u2019alignement avec les recommandations de l\u2019IQWiG.<\/span><\/li><\/ul><h2><b>Opportunit\u00e9s \/ Solutions avec Justin Stindt Consultants<\/b><\/h2><ul><li><span style=\"font-weight: 400;\"> \u00a0 <\/span> <span style=\"font-weight: 400;\">Soumissions expertes aupr\u00e8s de l\u2019IQWiG : \u00c9laboration de dossiers d\u2019\u00e9valuation et d\u2019analyse de haute qualit\u00e9.<\/span><\/li><li><span style=\"font-weight: 400;\"> \u00a0 <\/span> <span style=\"font-weight: 400;\">Strat\u00e9gies d\u2019acc\u00e8s au march\u00e9 IQWiG : M\u00e9thodes \u00e9prouv\u00e9es pour optimiser les d\u00e9cisions de remboursement.<\/span><\/li><li><span style=\"font-weight: 400;\"> \u00a0 <\/span> <span style=\"font-weight: 400;\">Expertise des processus IQWiG : Connaissance approfondie des proc\u00e9dures allemandes d\u2019\u00e9valuation des technologies de sant\u00e9 pour acc\u00e9l\u00e9rer les approbations.<\/span><\/li><li><span>Support des consultants IQWiG : Assistance experte pour comprendre et g\u00e9rer les \u00e9valuations de l\u2019IQWiG et les strat\u00e9gies d\u2019acc\u00e8s au march\u00e9.<\/span><\/li><\/ul><p><br \/>Justin Stindt Consultants est sp\u00e9cialis\u00e9 dans l&rsquo;aide aux clients pour pr\u00e9parer des soumissions efficaces et s&rsquo;engager en toute confiance dans les \u00e9valuations de l&rsquo;IQWiG.<\/p>\t\t\t\t\t\t\t\t<\/div>\n\t\t\t\t<\/div>\n\t\t\t\t\t<\/div>\n\t\t\t\t<\/div>\n\t\t<div class=\"elementor-element elementor-element-b7422a0 e-flex e-con-boxed e-con e-parent\" data-id=\"b7422a0\" data-element_type=\"container\" data-e-type=\"container\">\n\t\t\t\t\t<div class=\"e-con-inner\">\n\t\t\t\t<div class=\"elementor-element elementor-element-e2a18af elementor-widget-divider--view-line elementor-widget elementor-widget-divider\" data-id=\"e2a18af\" data-element_type=\"widget\" data-e-type=\"widget\" data-widget_type=\"divider.default\">\n\t\t\t\t<div class=\"elementor-widget-container\">\n\t\t\t\t\t\t\t<div class=\"elementor-divider\">\n\t\t\t<span class=\"elementor-divider-separator\">\n\t\t\t\t\t\t<\/span>\n\t\t<\/div>\n\t\t\t\t\t\t<\/div>\n\t\t\t\t<\/div>\n\t\t\t\t\t<\/div>\n\t\t\t\t<\/div>\n\t\t<div class=\"elementor-element elementor-element-67ff0fe4 e-flex e-con-boxed e-con e-parent\" data-id=\"67ff0fe4\" data-element_type=\"container\" data-e-type=\"container\">\n\t\t\t\t\t<div class=\"e-con-inner\">\n\t\t<div class=\"elementor-element elementor-element-76fa6a4 e-con-full bordered-block e-flex e-con e-child\" data-id=\"76fa6a4\" data-element_type=\"container\" data-e-type=\"container\">\n\t\t\t\t<div class=\"elementor-element elementor-element-647b7dac elementor-widget elementor-widget-text-editor\" data-id=\"647b7dac\" data-element_type=\"widget\" data-e-type=\"widget\" data-widget_type=\"text-editor.default\">\n\t\t\t\t<div class=\"elementor-widget-container\">\n\t\t\t\t\t\t\t\t\t<h3>\u00c9tude de cas <\/h3><h2>Succ\u00e8s d&rsquo;une soci\u00e9t\u00e9 pharmaceutique avec le IQWiG<\/h2>\t\t\t\t\t\t\t\t<\/div>\n\t\t\t\t<\/div>\n\t\t\t\t<div class=\"elementor-element elementor-element-780ad807 elementor-widget elementor-widget-text-editor\" data-id=\"780ad807\" data-element_type=\"widget\" data-e-type=\"widget\" data-widget_type=\"text-editor.default\">\n\t\t\t\t<div class=\"elementor-widget-container\">\n\t\t\t\t\t\t\t\t\t<p><strong>D\u00e9fi<\/strong> : <br \/>Une entreprise pharmaceutique a sollicit\u00e9 notre expertise pour obtenir une \u00e9valuation favorable pour une nouvelle th\u00e9rapie en Allemagne.<\/p><p><strong>Solution<\/strong> : <br \/>Justin Stindt Consultants a guid\u00e9 la pr\u00e9paration d\u2019un dossier AMNOG complet conforme aux crit\u00e8res d\u2019\u00e9valuation de l\u2019IQWiG et du G-BA.<\/p><p><strong>R\u00e9sultat<\/strong> : <br \/>Une opinion positive de l\u2019IQWiG, facilitant une \u00e9valuation favorable par le G-BA et des n\u00e9gociations tarifaires avantageuses.<\/p>\t\t\t\t\t\t\t\t<\/div>\n\t\t\t\t<\/div>\n\t\t\t\t<\/div>\n\t\t\t\t\t<\/div>\n\t\t\t\t<\/div>\n\t\t<div class=\"elementor-element elementor-element-03ee6e3 e-con-full e-flex e-con e-parent\" data-id=\"03ee6e3\" data-element_type=\"container\" data-e-type=\"container\" data-settings=\"{&quot;background_background&quot;:&quot;classic&quot;}\">\n\t\t\t\t<div class=\"elementor-element elementor-element-bcc9f33 elementor-cta--skin-classic elementor-animated-content elementor-bg-transform elementor-bg-transform-zoom-in elementor-widget elementor-widget-call-to-action\" data-id=\"bcc9f33\" data-element_type=\"widget\" data-e-type=\"widget\" data-widget_type=\"call-to-action.default\">\n\t\t\t\t<div class=\"elementor-widget-container\">\n\t\t\t\t\t\t\t<div class=\"elementor-cta\">\n\t\t\t\t\t\t\t<div class=\"elementor-cta__content\">\n\t\t\t\t\n\t\t\t\t\t\t\t\t\t<h2 class=\"elementor-cta__title elementor-cta__content-item elementor-content-item\">\n\t\t\t\t\t\tBesoin d\u2019un accompagnement pour l\u2019acc\u00e8s au march\u00e9 avec l\u2019IQWiG ? L\u2019expertise de Justin Stindt Consultants vous aide \u00e0 r\u00e9ussir.\t\t\t\t\t<\/h2>\n\t\t\t\t\n\t\t\t\t\t\t\t\t\t<div class=\"elementor-cta__description elementor-cta__content-item elementor-content-item\">\n\t\t\t\t\t\tContactez-nous d\u00e8s aujourd\u2019hui pour \u00e9laborer votre strat\u00e9gie d\u2019acc\u00e8s au march\u00e9 et garantir votre succ\u00e8s avec l\u2019IQWiG.\t\t\t\t\t<\/div>\n\t\t\t\t\n\t\t\t\t\t\t\t\t\t<div class=\"elementor-cta__button-wrapper elementor-cta__content-item elementor-content-item \">\n\t\t\t\t\t<a class=\"elementor-cta__button elementor-button elementor-size-\" href=\"https:\/\/jstindt.com\/contact-us\/\">\n\t\t\t\t\t\tContactez Justin Stindt Consultants\t\t\t\t\t<\/a>\n\t\t\t\t\t<\/div>\n\t\t\t\t\t\t\t<\/div>\n\t\t\t\t\t\t<\/div>\n\t\t\t\t\t\t<\/div>\n\t\t\t\t<\/div>\n\t\t\t\t<\/div>\n\t\t<div class=\"elementor-element elementor-element-ca0a249 e-flex e-con-boxed e-con e-parent\" data-id=\"ca0a249\" data-element_type=\"container\" data-e-type=\"container\">\n\t\t\t\t\t<div class=\"e-con-inner\">\n\t\t\t\t<div class=\"elementor-element elementor-element-db3e841 elementor-widget elementor-widget-n-accordion\" data-id=\"db3e841\" data-element_type=\"widget\" data-e-type=\"widget\" data-settings=\"{&quot;default_state&quot;:&quot;all_collapsed&quot;,&quot;max_items_expended&quot;:&quot;one&quot;,&quot;n_accordion_animation_duration&quot;:{&quot;unit&quot;:&quot;ms&quot;,&quot;size&quot;:400,&quot;sizes&quot;:[]}}\" data-widget_type=\"nested-accordion.default\">\n\t\t\t\t<div class=\"elementor-widget-container\">\n\t\t\t\t\t\t\t<div class=\"e-n-accordion\" aria-label=\"Accordion. Open links with Enter or Space, close with Escape, and navigate with Arrow Keys\">\n\t\t\t\t\t\t<details id=\"e-n-accordion-item-2290\" class=\"e-n-accordion-item\" >\n\t\t\t\t<summary class=\"e-n-accordion-item-title\" data-accordion-index=\"1\" tabindex=\"0\" aria-expanded=\"false\" aria-controls=\"e-n-accordion-item-2290\" >\n\t\t\t\t\t<span class='e-n-accordion-item-title-header'><div class=\"e-n-accordion-item-title-text\"> Autres institutions cl\u00e9s dans l'acc\u00e8s au march\u00e9 <\/div><\/span>\n\t\t\t\t\t\t\t<span class='e-n-accordion-item-title-icon'>\n\t\t\t<span class='e-opened' ><i aria-hidden=\"true\" class=\"fas fa-minus\"><\/i><\/span>\n\t\t\t<span class='e-closed'><i aria-hidden=\"true\" class=\"fas fa-plus\"><\/i><\/span>\n\t\t<\/span>\n\n\t\t\t\t\t\t<\/summary>\n\t\t\t\t<div role=\"region\" aria-labelledby=\"e-n-accordion-item-2290\" class=\"elementor-element elementor-element-3f11906 e-con-full e-flex e-con e-child\" data-id=\"3f11906\" data-element_type=\"container\" data-e-type=\"container\">\n\t\t\t\t<div class=\"elementor-element elementor-element-c486905 elementor-widget elementor-widget-template\" data-id=\"c486905\" data-element_type=\"widget\" data-e-type=\"widget\" data-widget_type=\"template.default\">\n\t\t\t\t<div class=\"elementor-widget-container\">\n\t\t\t\t\t\t\t<div class=\"elementor-template\">\n\t\t\t\t\t<div data-elementor-type=\"container\" data-elementor-id=\"19254\" class=\"elementor elementor-19254 elementor-18546 elementor-18546\" data-elementor-post-type=\"elementor_library\">\n\t\t\t\t<div role=\"region\" aria-labelledby=\"e-n-accordion-item-2290\" class=\"elementor-element elementor-element-4d5d7d7a e-flex e-con-boxed e-con e-parent\" data-id=\"4d5d7d7a\" data-element_type=\"container\" data-e-type=\"container\">\n\t\t\t\t\t<div class=\"e-con-inner\">\n\t\t\t\t<div class=\"elementor-element elementor-element-fa73d9e elementor-widget elementor-widget-text-editor\" data-id=\"fa73d9e\" data-element_type=\"widget\" data-e-type=\"widget\" data-widget_type=\"text-editor.default\">\n\t\t\t\t<div class=\"elementor-widget-container\">\n\t\t\t\t\t\t\t\t\t<h4><strong>Institutions mondiales<\/strong><\/h4>\n<ul>\n<li><a href=\"https:\/\/jstindt.com\/fr\/acces-au-marche-avec-oms\/\">World Health Organization<\/a> (WHO)<\/li>\n<li><a href=\"https:\/\/jstindt.com\/fr\/acces-au-marche-avec-ispor\/\">International Society for Pharmacoeconomics and Outcomes Research<\/a> (ISPOR)<\/li>\n<\/ul>\n<h4><strong><br \/><a href=\"https:\/\/jstindt.com\/fr\/usa\/\">\u00c9tats-Unis<\/a><\/strong><\/h4>\n<ul>\n<li><a href=\"https:\/\/jstindt.com\/fr\/acces-au-marche-avec-cms\/\">Centers for Medicare &amp; Medicaid Services<\/a> (CMS)<\/li>\n<li><a href=\"https:\/\/jstindt.com\/fr\/acces-au-marche-avec-amcp\/\">Academy of Managed Care Pharmacy<\/a> (AMCP)<\/li>\n<li><a href=\"https:\/\/jstindt.com\/fr\/acces-au-marche-avec-icer\/\">Institute for Clinical and Economic Review<\/a> (ICER)<\/li>\n<\/ul>\n<h4><strong><br \/><a href=\"https:\/\/jstindt.com\/fr\/france\/\">France<\/a><\/strong><\/h4>\n<ul>\n<li><a href=\"https:\/\/jstindt.com\/fr\/acces-au-marche-avec-la-has\/\">Haute Autorit\u00e9 de Sant\u00e9<\/a> (HAS)<\/li>\n<li><a href=\"https:\/\/jstindt.com\/fr\/acces-au-marche-avec-le-ceps\/\">Comit\u00e9 \u00c9conomique des Produits de Sant\u00e9<\/a> (CEPS)<\/li>\n<\/ul>\n<h4><strong><br \/><a href=\"https:\/\/jstindt.com\/fr\/allemagne\/\">Allemagne<\/a><\/strong><\/h4>\n<ul>\n<li><a href=\"https:\/\/jstindt.com\/fr\/acces-au-marche-avec-gba\/\">Gemeinsamer Bundesausschuss<\/a> (G-BA)<\/li>\n<li><a href=\"https:\/\/jstindt.com\/fr\/acces-au-marche-avec-liqwig\/\">Institute for Quality and Efficiency in Health Care<\/a> (IQWiG)<\/li>\n<li><a href=\"https:\/\/jstindt.com\/fr\/acces-au-marche-avec-le-gkv-spitzenverband\/\">L&rsquo;association GKV Spitzenverband<\/a><\/li>\n<\/ul>\n<h4><strong><br \/><a href=\"https:\/\/jstindt.com\/fr\/royaume-uni\/\">Royaume-Uni<\/a><\/strong><\/h4>\n<ul>\n<li><a href=\"https:\/\/jstindt.com\/fr\/acces-au-marche-avec-nice\/\">National Institute for Health and Care Excellence<\/a> (NICE)<\/li>\n<li><a href=\"https:\/\/jstindt.com\/fr\/acces-au-marche-avec-le-smc\/\">Scottish Medicines Consortium<\/a> (SMC)<\/li>\n<li><a href=\"https:\/\/jstindt.com\/fr\/acces-au-marche-avec-awmsg\/\" rel=\"noopener\">All Wales Medicines Strategy Group<\/a> (AWMSG)<\/li>\n<li><a href=\"https:\/\/jstindt.com\/fr\/acces-au-marche-avec-le-nhs\/\">National Health Service<\/a> (NHS)<\/li>\n<\/ul>\n<h4><strong><br \/><a href=\"https:\/\/jstindt.com\/fr\/italie\/\">Italie<\/a><\/strong><\/h4>\n<ul>\n<li><a href=\"https:\/\/jstindt.com\/fr\/acces-au-marche-avec-aifa\/\">Italian Medicines Agency<\/a> (AIFA)<\/li>\n<li><a href=\"https:\/\/jstindt.com\/fr\/acces-au-marche-avec-la-cse\/\">Scientific and Economic Commission<\/a> (CSE)<\/li>\n<\/ul>\n<h4><strong><br \/><a href=\"https:\/\/jstindt.com\/fr\/espagne\/\">Espagne<\/a><\/strong><\/h4>\n<ul>\n<li><a href=\"https:\/\/jstindt.com\/fr\/acces-au-marche-avec-aemps\/\">Spanish Agency of Medicines and Medical Devices<\/a> (AEMPS)<\/li>\n<li><a href=\"https:\/\/jstindt.com\/fr\/acces-au-marche-avec-la-dgcf\/\">Direcci\u00f3n General de Cartera Com\u00fan de Servicios del Sistema Nacional de Salud y Farmacia<\/a> (DGCF)<\/li>\n<li><a href=\"https:\/\/jstindt.com\/fr\/acces-au-marche-avec-la-cipm\/\">Interministerial Commission on Medicine Prices<\/a> (CIPM)<\/li>\n<\/ul>\n<h4><strong><br \/><a href=\"https:\/\/jstindt.com\/fr\/suisse\/\">Suisse<\/a><\/strong><\/h4>\n<ul>\n<li><a href=\"https:\/\/jstindt.com\/fr\/acces-au-marche-avec-ofsp\/\">Federal Office of Public Health<\/a> (FOPH)<\/li>\n<\/ul>\n\t\t\t\t\t\t\t\t<\/div>\n\t\t\t\t<\/div>\n\t\t\t\t\t<\/div>\n\t\t\t\t<\/div>\n\t\t\t\t<\/div>\n\t\t\t\t<\/div>\n\t\t\t\t\t\t<\/div>\n\t\t\t\t<\/div>\n\t\t\t\t<\/div>\n\t\t\t\t\t<\/details>\n\t\t\t\t\t<\/div>\n\t\t\t\t\t\t<\/div>\n\t\t\t\t<\/div>\n\t\t\t\t\t<\/div>\n\t\t\t\t<\/div>\n\t\t\t\t<\/div>\n\t\t","protected":false},"excerpt":{"rendered":"<p>L\u2019Institut pour la Qualit\u00e9 et l\u2019Efficacit\u00e9 des Soins de Sant\u00e9 (IQWiG) est une agence ind\u00e9pendante allemande charg\u00e9e d\u2019\u00e9valuer les b\u00e9n\u00e9fices et les risques des interventions m\u00e9dicales pour les patients. Cr\u00e9\u00e9 en 2004, l\u2019IQWiG joue un r\u00f4le cl\u00e9 dans l\u2019\u00e9valuation des traitements m\u00e9dicaux, notamment les m\u00e9dicaments, les interventions non m\u00e9dicamenteuses, les tests diagnostiques et les m\u00e9thodes [&hellip;]<\/p>\n","protected":false},"author":3,"featured_media":0,"parent":0,"menu_order":0,"comment_status":"closed","ping_status":"closed","template":"","meta":{"_acf_changed":false,"footnotes":""},"class_list":["post-18959","page","type-page","status-publish","hentry"],"acf":[],"_links":{"self":[{"href":"https:\/\/jstindt.com\/fr\/wp-json\/wp\/v2\/pages\/18959","targetHints":{"allow":["GET"]}}],"collection":[{"href":"https:\/\/jstindt.com\/fr\/wp-json\/wp\/v2\/pages"}],"about":[{"href":"https:\/\/jstindt.com\/fr\/wp-json\/wp\/v2\/types\/page"}],"author":[{"embeddable":true,"href":"https:\/\/jstindt.com\/fr\/wp-json\/wp\/v2\/users\/3"}],"replies":[{"embeddable":true,"href":"https:\/\/jstindt.com\/fr\/wp-json\/wp\/v2\/comments?post=18959"}],"version-history":[{"count":14,"href":"https:\/\/jstindt.com\/fr\/wp-json\/wp\/v2\/pages\/18959\/revisions"}],"predecessor-version":[{"id":19631,"href":"https:\/\/jstindt.com\/fr\/wp-json\/wp\/v2\/pages\/18959\/revisions\/19631"}],"wp:attachment":[{"href":"https:\/\/jstindt.com\/fr\/wp-json\/wp\/v2\/media?parent=18959"}],"curies":[{"name":"wp","href":"https:\/\/api.w.org\/{rel}","templated":true}]}}