{"id":18939,"date":"2025-01-23T18:55:44","date_gmt":"2025-01-23T17:55:44","guid":{"rendered":"https:\/\/jstindt.com\/?page_id=18939"},"modified":"2025-03-10T18:13:05","modified_gmt":"2025-03-10T17:13:05","slug":"acces-au-marche-avec-le-gkv-spitzenverband","status":"publish","type":"page","link":"https:\/\/jstindt.com\/fr\/acces-au-marche-avec-le-gkv-spitzenverband\/","title":{"rendered":"Acc\u00e8s au march\u00e9 avec le GKV-Spitzenverband : Votre guide du syst\u00e8me d\u2019assurance maladie allemand"},"content":{"rendered":"\t\t<div data-elementor-type=\"wp-page\" data-elementor-id=\"18939\" class=\"elementor elementor-18939 elementor-18457\" data-elementor-post-type=\"page\">\n\t\t\t\t<div class=\"elementor-element elementor-element-abdf675 e-flex e-con-boxed e-con e-parent\" data-id=\"abdf675\" data-element_type=\"container\" data-e-type=\"container\">\n\t\t\t\t\t<div class=\"e-con-inner\">\n\t\t\t\t<div class=\"elementor-element elementor-element-4f84259 elementor-widget elementor-widget-text-editor\" data-id=\"4f84259\" data-element_type=\"widget\" data-e-type=\"widget\" data-widget_type=\"text-editor.default\">\n\t\t\t\t<div class=\"elementor-widget-container\">\n\t\t\t\t\t\t\t\t\t<p><span style=\"font-weight: 400;\">L\u2019Association nationale des caisses d\u2019assurance maladie l\u00e9gale (<\/span><i><span style=\"font-weight: 400;\">GKV-Spitzenverband<\/span><\/i><span style=\"font-weight: 400;\">) est l\u2019organe central repr\u00e9sentant toutes les caisses d\u2019assurance maladie l\u00e9gale en Allemagne. Cr\u00e9\u00e9e pour unifier et coordonner les int\u00e9r\u00eats de ses membres, elle joue un r\u00f4le cl\u00e9 dans l\u2019\u00e9laboration des politiques de sant\u00e9, la n\u00e9gociation des prix de remboursement et l\u2019organisation des soins pour les assur\u00e9s.<\/span><\/p><h2><b>Fonctions principales du GKV-Spitzenverband<\/b><\/h2><ul><li><b>N\u00e9gociation des prix de remboursement :<\/b><span style=\"font-weight: 400;\"> Collaboration avec les laboratoires pharmaceutiques pour fixer les montants de remboursement des nouveaux m\u00e9dicaments, selon les \u00e9valuations de b\u00e9n\u00e9fices du G-BA.<\/span><\/li><li><b>\u00c9laboration de contrats de soins :<\/b><span style=\"font-weight: 400;\"> \u00c9tablissement de contrats nationaux avec les prestataires de soins pour garantir une prise en charge de qualit\u00e9 et uniforme.<\/span><\/li><li><b>Plaidoyer politique :<\/b><span style=\"font-weight: 400;\"> Repr\u00e9sentation des int\u00e9r\u00eats des caisses d\u2019assurance maladie dans les discussions avec les d\u00e9cideurs politiques pour influencer les r\u00e9formes de sant\u00e9.<\/span><\/li><\/ul><h2><b>Direction et contacts cl\u00e9s<\/b><\/h2><p><span style=\"font-weight: 400;\">En date de janvier 2025, le GKV-Spitzenverband est pr\u00e9sid\u00e9 par <\/span><b>Dr. Doris Pfeiffer<\/b><span style=\"font-weight: 400;\">, responsable des initiatives strat\u00e9giques de l\u2019organisation.<\/span><\/p><h3><b>Coordonn\u00e9es du GKV-Spitzenverband<\/b><\/h3><ul><li><span style=\"font-weight: 400;\"> \u00a0 \u00a0 <\/span><b>Site web :<\/b><a href=\"https:\/\/www.gkv-spitzenverband.de\/\"> <span style=\"font-weight: 400;\">gkv-spitzenverband.de<\/span><\/a><\/li><li><b>Adresse :<\/b><b><br \/><\/b> <span style=\"font-weight: 400;\">GKV-Spitzenverband<\/span><span style=\"font-weight: 400;\"><br \/><\/span><span style=\"font-weight: 400;\"> Reinhardtstra\u00dfe 28<\/span><span style=\"font-weight: 400;\"><br \/><\/span><span style=\"font-weight: 400;\"> 10117 Berlin, Allemagne<\/span><\/li><\/ul><h2><b>D\u00e9fis dans la collaboration avec le GKV-Spitzenverband<\/b><\/h2><ul><li><b>Compr\u00e9hension des processus de n\u00e9gociation :<\/b><span style=\"font-weight: 400;\"> Connaissance des proc\u00e9dures et crit\u00e8res de n\u00e9gociation, notamment l\u2019accord-cadre (\u00a7 130b Abs. 9 SGB V) et la jurisprudence de la commission d\u2019arbitrage.<\/span><\/li><li><b>Soumissions pr\u00e9cises et ponctuelles :<\/b><span style=\"font-weight: 400;\"> Pr\u00e9paration rigoureuse et d\u00e9p\u00f4t en temps voulu de toute la documentation n\u00e9cessaire.<\/span><\/li><li><b>Collaboration avec les acteurs cl\u00e9s :<\/b><span style=\"font-weight: 400;\"> Coordination efficace avec les parties prenantes du syst\u00e8me de sant\u00e9 allemand.<\/span><\/li><\/ul><h2><b>Opportunit\u00e9s \/ Solutions avec Justin Stindt Consultants<\/b><\/h2><ul><li><b>Soumissions expertes aupr\u00e8s du GKV-Spitzenverband :<\/b><span style=\"font-weight: 400;\"> R\u00e9daction de dossiers de haute qualit\u00e9 pour les n\u00e9gociations de prix.<\/span><\/li><li><b>Strat\u00e9gies d\u2019acc\u00e8s au march\u00e9 :<\/b><span style=\"font-weight: 400;\"> M\u00e9thodes \u00e9prouv\u00e9es pour optimiser les r\u00e9sultats de prix.<\/span><\/li><li><b>Expertise des processus du GKV-Spitzenverband :<\/b><span style=\"font-weight: 400;\"> Connaissance approfondie des lois et r\u00e9glementations de l\u2019assurance maladie allemande. Nos partenaires juridiques sp\u00e9cialis\u00e9s soutiennent \u00e9galement les n\u00e9gociations contractuelles.<\/span><\/li><\/ul><p><span style=\"font-weight: 400;\"><br \/>Justin Stindt Consultants est sp\u00e9cialis\u00e9 dans l&rsquo;aide aux clients pour pr\u00e9parer des soumissions efficaces et s&rsquo;engager avec confiance dans les n\u00e9gociations avec le GKV-Spitzenverband.<\/span><\/p>\t\t\t\t\t\t\t\t<\/div>\n\t\t\t\t<\/div>\n\t\t\t\t\t<\/div>\n\t\t\t\t<\/div>\n\t\t<div class=\"elementor-element elementor-element-0d457ad e-flex e-con-boxed e-con e-parent\" data-id=\"0d457ad\" data-element_type=\"container\" data-e-type=\"container\">\n\t\t\t\t\t<div class=\"e-con-inner\">\n\t\t\t\t<div class=\"elementor-element elementor-element-c27b11c elementor-widget-divider--view-line elementor-widget elementor-widget-divider\" data-id=\"c27b11c\" data-element_type=\"widget\" data-e-type=\"widget\" data-widget_type=\"divider.default\">\n\t\t\t\t<div class=\"elementor-widget-container\">\n\t\t\t\t\t\t\t<div class=\"elementor-divider\">\n\t\t\t<span class=\"elementor-divider-separator\">\n\t\t\t\t\t\t<\/span>\n\t\t<\/div>\n\t\t\t\t\t\t<\/div>\n\t\t\t\t<\/div>\n\t\t\t\t\t<\/div>\n\t\t\t\t<\/div>\n\t\t<div class=\"elementor-element elementor-element-3b831bca e-flex e-con-boxed e-con e-parent\" data-id=\"3b831bca\" data-element_type=\"container\" data-e-type=\"container\">\n\t\t\t\t\t<div class=\"e-con-inner\">\n\t\t<div class=\"elementor-element elementor-element-1d86cbc e-con-full bordered-block e-flex e-con e-child\" data-id=\"1d86cbc\" data-element_type=\"container\" data-e-type=\"container\">\n\t\t\t\t<div class=\"elementor-element elementor-element-30d8daa3 elementor-widget elementor-widget-text-editor\" data-id=\"30d8daa3\" data-element_type=\"widget\" data-e-type=\"widget\" data-widget_type=\"text-editor.default\">\n\t\t\t\t<div class=\"elementor-widget-container\">\n\t\t\t\t\t\t\t\t\t<h3>\u00c9tude de cas <\/h3><h2>Succ\u00e8s d&rsquo;une soci\u00e9t\u00e9 pharmaceutique avec le GKV-Spitzenverband<\/h2>\t\t\t\t\t\t\t\t<\/div>\n\t\t\t\t<\/div>\n\t\t\t\t<div class=\"elementor-element elementor-element-50b80d3f elementor-widget elementor-widget-text-editor\" data-id=\"50b80d3f\" data-element_type=\"widget\" data-e-type=\"widget\" data-widget_type=\"text-editor.default\">\n\t\t\t\t<div class=\"elementor-widget-container\">\n\t\t\t\t\t\t\t\t\t<p><strong>D\u00e9fi :<\/strong> <br \/>Une entreprise pharmaceutique a sollicit\u00e9 notre aide pour n\u00e9gocier un prix de remboursement avantageux.<\/p><p><strong>Solution :<\/strong> <br \/>Nous avons \u00e9labor\u00e9 une strat\u00e9gie compl\u00e8te, avec des simulations de n\u00e9gociation align\u00e9es sur les crit\u00e8res d\u2019\u00e9valuation du GKV-Spitzenverband.<\/p><p><strong>R\u00e9sultat :<\/strong> <br \/>Une strat\u00e9gie r\u00e9ussie ayant abouti \u00e0 un prix durable et comp\u00e9titif.<\/p>\t\t\t\t\t\t\t\t<\/div>\n\t\t\t\t<\/div>\n\t\t\t\t<\/div>\n\t\t\t\t\t<\/div>\n\t\t\t\t<\/div>\n\t\t<div class=\"elementor-element elementor-element-98cd49d e-con-full e-flex e-con e-parent\" data-id=\"98cd49d\" data-element_type=\"container\" data-e-type=\"container\" data-settings=\"{&quot;background_background&quot;:&quot;classic&quot;}\">\n\t\t\t\t<div class=\"elementor-element elementor-element-d499c7d elementor-cta--skin-classic elementor-animated-content elementor-bg-transform elementor-bg-transform-zoom-in elementor-widget elementor-widget-call-to-action\" data-id=\"d499c7d\" data-element_type=\"widget\" data-e-type=\"widget\" data-widget_type=\"call-to-action.default\">\n\t\t\t\t<div class=\"elementor-widget-container\">\n\t\t\t\t\t\t\t<div class=\"elementor-cta\">\n\t\t\t\t\t\t\t<div class=\"elementor-cta__content\">\n\t\t\t\t\n\t\t\t\t\t\t\t\t\t<h2 class=\"elementor-cta__title elementor-cta__content-item elementor-content-item\">\n\t\t\t\t\t\tBesoin d\u2019accompagnement dans vos n\u00e9gociations avec le GKV-Spitzenverband ? L\u2019expertise de Justin Stindt Consultants vous aide \u00e0 r\u00e9ussir.\t\t\t\t\t<\/h2>\n\t\t\t\t\n\t\t\t\t\t\t\t\t\t<div class=\"elementor-cta__description elementor-cta__content-item elementor-content-item\">\n\t\t\t\t\t\tContactez-nous d\u00e8s aujourd\u2019hui pour d\u00e9velopper votre strat\u00e9gie d\u2019acc\u00e8s au march\u00e9 et garantir votre succ\u00e8s avec le GKV-Spitzenverband.\t\t\t\t\t<\/div>\n\t\t\t\t\n\t\t\t\t\t\t\t\t\t<div class=\"elementor-cta__button-wrapper elementor-cta__content-item elementor-content-item \">\n\t\t\t\t\t<a class=\"elementor-cta__button elementor-button elementor-size-\" href=\"https:\/\/jstindt.com\/contact-us\/\">\n\t\t\t\t\t\tContactez Justin Stindt Consultants\t\t\t\t\t<\/a>\n\t\t\t\t\t<\/div>\n\t\t\t\t\t\t\t<\/div>\n\t\t\t\t\t\t<\/div>\n\t\t\t\t\t\t<\/div>\n\t\t\t\t<\/div>\n\t\t\t\t<\/div>\n\t\t<div class=\"elementor-element elementor-element-c293997 e-flex e-con-boxed e-con e-parent\" data-id=\"c293997\" data-element_type=\"container\" data-e-type=\"container\">\n\t\t\t\t\t<div class=\"e-con-inner\">\n\t\t\t\t<div class=\"elementor-element elementor-element-b247947 elementor-widget elementor-widget-n-accordion\" data-id=\"b247947\" data-element_type=\"widget\" data-e-type=\"widget\" data-settings=\"{&quot;default_state&quot;:&quot;all_collapsed&quot;,&quot;max_items_expended&quot;:&quot;one&quot;,&quot;n_accordion_animation_duration&quot;:{&quot;unit&quot;:&quot;ms&quot;,&quot;size&quot;:400,&quot;sizes&quot;:[]}}\" data-widget_type=\"nested-accordion.default\">\n\t\t\t\t<div class=\"elementor-widget-container\">\n\t\t\t\t\t\t\t<div class=\"e-n-accordion\" aria-label=\"Accordion. Open links with Enter or Space, close with Escape, and navigate with Arrow Keys\">\n\t\t\t\t\t\t<details id=\"e-n-accordion-item-1860\" class=\"e-n-accordion-item\" >\n\t\t\t\t<summary class=\"e-n-accordion-item-title\" data-accordion-index=\"1\" tabindex=\"0\" aria-expanded=\"false\" aria-controls=\"e-n-accordion-item-1860\" >\n\t\t\t\t\t<span class='e-n-accordion-item-title-header'><div class=\"e-n-accordion-item-title-text\"> Autres institutions cl\u00e9s dans l'acc\u00e8s au march\u00e9 <\/div><\/span>\n\t\t\t\t\t\t\t<span class='e-n-accordion-item-title-icon'>\n\t\t\t<span class='e-opened' ><i aria-hidden=\"true\" class=\"fas fa-minus\"><\/i><\/span>\n\t\t\t<span class='e-closed'><i aria-hidden=\"true\" class=\"fas fa-plus\"><\/i><\/span>\n\t\t<\/span>\n\n\t\t\t\t\t\t<\/summary>\n\t\t\t\t<div role=\"region\" aria-labelledby=\"e-n-accordion-item-1860\" class=\"elementor-element elementor-element-b312a7e e-con-full e-flex e-con e-child\" data-id=\"b312a7e\" data-element_type=\"container\" data-e-type=\"container\">\n\t\t\t\t<div class=\"elementor-element elementor-element-7423f6e elementor-widget elementor-widget-template\" data-id=\"7423f6e\" data-element_type=\"widget\" data-e-type=\"widget\" data-widget_type=\"template.default\">\n\t\t\t\t<div class=\"elementor-widget-container\">\n\t\t\t\t\t\t\t<div class=\"elementor-template\">\n\t\t\t\t\t<div data-elementor-type=\"container\" data-elementor-id=\"19254\" class=\"elementor elementor-19254 elementor-18546 elementor-18546\" data-elementor-post-type=\"elementor_library\">\n\t\t\t\t<div role=\"region\" aria-labelledby=\"e-n-accordion-item-2440\" class=\"elementor-element elementor-element-4d5d7d7a e-flex e-con-boxed e-con e-parent\" data-id=\"4d5d7d7a\" data-element_type=\"container\" data-e-type=\"container\">\n\t\t\t\t\t<div class=\"e-con-inner\">\n\t\t\t\t<div class=\"elementor-element elementor-element-fa73d9e elementor-widget elementor-widget-text-editor\" data-id=\"fa73d9e\" data-element_type=\"widget\" data-e-type=\"widget\" data-widget_type=\"text-editor.default\">\n\t\t\t\t<div class=\"elementor-widget-container\">\n\t\t\t\t\t\t\t\t\t<h4><strong>Institutions mondiales<\/strong><\/h4>\n<ul>\n<li><a href=\"https:\/\/jstindt.com\/fr\/acces-au-marche-avec-oms\/\">World Health Organization<\/a> (WHO)<\/li>\n<li><a href=\"https:\/\/jstindt.com\/fr\/acces-au-marche-avec-ispor\/\">International Society for Pharmacoeconomics and Outcomes Research<\/a> (ISPOR)<\/li>\n<\/ul>\n<h4><strong><br \/><a href=\"https:\/\/jstindt.com\/fr\/usa\/\">\u00c9tats-Unis<\/a><\/strong><\/h4>\n<ul>\n<li><a href=\"https:\/\/jstindt.com\/fr\/acces-au-marche-avec-cms\/\">Centers for Medicare &amp; Medicaid Services<\/a> (CMS)<\/li>\n<li><a href=\"https:\/\/jstindt.com\/fr\/acces-au-marche-avec-amcp\/\">Academy of Managed Care Pharmacy<\/a> (AMCP)<\/li>\n<li><a href=\"https:\/\/jstindt.com\/fr\/acces-au-marche-avec-icer\/\">Institute for Clinical and Economic Review<\/a> (ICER)<\/li>\n<\/ul>\n<h4><strong><br \/><a href=\"https:\/\/jstindt.com\/fr\/france\/\">France<\/a><\/strong><\/h4>\n<ul>\n<li><a href=\"https:\/\/jstindt.com\/fr\/acces-au-marche-avec-la-has\/\">Haute Autorit\u00e9 de Sant\u00e9<\/a> (HAS)<\/li>\n<li><a href=\"https:\/\/jstindt.com\/fr\/acces-au-marche-avec-le-ceps\/\">Comit\u00e9 \u00c9conomique des Produits de Sant\u00e9<\/a> (CEPS)<\/li>\n<\/ul>\n<h4><strong><br \/><a href=\"https:\/\/jstindt.com\/fr\/allemagne\/\">Allemagne<\/a><\/strong><\/h4>\n<ul>\n<li><a href=\"https:\/\/jstindt.com\/fr\/acces-au-marche-avec-gba\/\">Gemeinsamer Bundesausschuss<\/a> (G-BA)<\/li>\n<li><a href=\"https:\/\/jstindt.com\/fr\/acces-au-marche-avec-liqwig\/\">Institute for Quality and Efficiency in Health Care<\/a> (IQWiG)<\/li>\n<li><a href=\"https:\/\/jstindt.com\/fr\/acces-au-marche-avec-le-gkv-spitzenverband\/\">L&rsquo;association GKV Spitzenverband<\/a><\/li>\n<\/ul>\n<h4><strong><br \/><a href=\"https:\/\/jstindt.com\/fr\/royaume-uni\/\">Royaume-Uni<\/a><\/strong><\/h4>\n<ul>\n<li><a href=\"https:\/\/jstindt.com\/fr\/acces-au-marche-avec-nice\/\">National Institute for Health and Care Excellence<\/a> (NICE)<\/li>\n<li><a href=\"https:\/\/jstindt.com\/fr\/acces-au-marche-avec-le-smc\/\">Scottish Medicines Consortium<\/a> (SMC)<\/li>\n<li><a href=\"https:\/\/jstindt.com\/fr\/acces-au-marche-avec-awmsg\/\" rel=\"noopener\">All Wales Medicines Strategy Group<\/a> (AWMSG)<\/li>\n<li><a href=\"https:\/\/jstindt.com\/fr\/acces-au-marche-avec-le-nhs\/\">National Health Service<\/a> (NHS)<\/li>\n<\/ul>\n<h4><strong><br \/><a href=\"https:\/\/jstindt.com\/fr\/italie\/\">Italie<\/a><\/strong><\/h4>\n<ul>\n<li><a href=\"https:\/\/jstindt.com\/fr\/acces-au-marche-avec-aifa\/\">Italian Medicines Agency<\/a> (AIFA)<\/li>\n<li><a href=\"https:\/\/jstindt.com\/fr\/acces-au-marche-avec-la-cse\/\">Scientific and Economic Commission<\/a> (CSE)<\/li>\n<\/ul>\n<h4><strong><br \/><a href=\"https:\/\/jstindt.com\/fr\/espagne\/\">Espagne<\/a><\/strong><\/h4>\n<ul>\n<li><a href=\"https:\/\/jstindt.com\/fr\/acces-au-marche-avec-aemps\/\">Spanish Agency of Medicines and Medical Devices<\/a> (AEMPS)<\/li>\n<li><a href=\"https:\/\/jstindt.com\/fr\/acces-au-marche-avec-la-dgcf\/\">Direcci\u00f3n General de Cartera Com\u00fan de Servicios del Sistema Nacional de Salud y Farmacia<\/a> (DGCF)<\/li>\n<li><a href=\"https:\/\/jstindt.com\/fr\/acces-au-marche-avec-la-cipm\/\">Interministerial Commission on Medicine Prices<\/a> (CIPM)<\/li>\n<\/ul>\n<h4><strong><br \/><a href=\"https:\/\/jstindt.com\/fr\/suisse\/\">Suisse<\/a><\/strong><\/h4>\n<ul>\n<li><a href=\"https:\/\/jstindt.com\/fr\/acces-au-marche-avec-ofsp\/\">Federal Office of Public Health<\/a> (FOPH)<\/li>\n<\/ul>\n\t\t\t\t\t\t\t\t<\/div>\n\t\t\t\t<\/div>\n\t\t\t\t\t<\/div>\n\t\t\t\t<\/div>\n\t\t\t\t<\/div>\n\t\t\t\t<\/div>\n\t\t\t\t\t\t<\/div>\n\t\t\t\t<\/div>\n\t\t\t\t<\/div>\n\t\t\t\t\t<\/details>\n\t\t\t\t\t<\/div>\n\t\t\t\t\t\t<\/div>\n\t\t\t\t<\/div>\n\t\t\t\t\t<\/div>\n\t\t\t\t<\/div>\n\t\t\t\t<\/div>\n\t\t","protected":false},"excerpt":{"rendered":"<p>L\u2019Association nationale des caisses d\u2019assurance maladie l\u00e9gale (GKV-Spitzenverband) est l\u2019organe central repr\u00e9sentant toutes les caisses d\u2019assurance maladie l\u00e9gale en Allemagne. Cr\u00e9\u00e9e pour unifier et coordonner les int\u00e9r\u00eats de ses membres, elle joue un r\u00f4le cl\u00e9 dans l\u2019\u00e9laboration des politiques de sant\u00e9, la n\u00e9gociation des prix de remboursement et l\u2019organisation des soins pour les assur\u00e9s. Fonctions [&hellip;]<\/p>\n","protected":false},"author":3,"featured_media":0,"parent":0,"menu_order":0,"comment_status":"closed","ping_status":"closed","template":"","meta":{"_acf_changed":false,"footnotes":""},"class_list":["post-18939","page","type-page","status-publish","hentry"],"acf":[],"_links":{"self":[{"href":"https:\/\/jstindt.com\/fr\/wp-json\/wp\/v2\/pages\/18939","targetHints":{"allow":["GET"]}}],"collection":[{"href":"https:\/\/jstindt.com\/fr\/wp-json\/wp\/v2\/pages"}],"about":[{"href":"https:\/\/jstindt.com\/fr\/wp-json\/wp\/v2\/types\/page"}],"author":[{"embeddable":true,"href":"https:\/\/jstindt.com\/fr\/wp-json\/wp\/v2\/users\/3"}],"replies":[{"embeddable":true,"href":"https:\/\/jstindt.com\/fr\/wp-json\/wp\/v2\/comments?post=18939"}],"version-history":[{"count":15,"href":"https:\/\/jstindt.com\/fr\/wp-json\/wp\/v2\/pages\/18939\/revisions"}],"predecessor-version":[{"id":19625,"href":"https:\/\/jstindt.com\/fr\/wp-json\/wp\/v2\/pages\/18939\/revisions\/19625"}],"wp:attachment":[{"href":"https:\/\/jstindt.com\/fr\/wp-json\/wp\/v2\/media?parent=18939"}],"curies":[{"name":"wp","href":"https:\/\/api.w.org\/{rel}","templated":true}]}}