{"id":18839,"date":"2025-01-09T17:41:57","date_gmt":"2025-01-09T16:41:57","guid":{"rendered":"https:\/\/jstindt.com\/?page_id=18839"},"modified":"2025-03-10T14:07:59","modified_gmt":"2025-03-10T13:07:59","slug":"acces-au-marche-avec-la-has","status":"publish","type":"page","link":"https:\/\/jstindt.com\/fr\/acces-au-marche-avec-la-has\/","title":{"rendered":"Acc\u00e8s au march\u00e9 avec la HAS : Votre guide de l&rsquo;autorit\u00e9 de sant\u00e9 fran\u00e7aise"},"content":{"rendered":"\t\t<div data-elementor-type=\"wp-page\" data-elementor-id=\"18839\" class=\"elementor elementor-18839 elementor-18203\" data-elementor-post-type=\"page\">\n\t\t\t\t<div class=\"elementor-element elementor-element-105cba2 e-flex e-con-boxed e-con e-parent\" data-id=\"105cba2\" data-element_type=\"container\" data-e-type=\"container\">\n\t\t\t\t\t<div class=\"e-con-inner\">\n\t\t\t\t<div class=\"elementor-element elementor-element-841215f elementor-widget elementor-widget-text-editor\" data-id=\"841215f\" data-element_type=\"widget\" data-e-type=\"widget\" data-widget_type=\"text-editor.default\">\n\t\t\t\t<div class=\"elementor-widget-container\">\n\t\t\t\t\t\t\t\t\t<p><span style=\"font-weight: 400;\">La Haute Autorit\u00e9 de Sant\u00e9 (HAS) est l&rsquo;autorit\u00e9 publique ind\u00e9pendante fran\u00e7aise charg\u00e9e des \u00e9valuations en sant\u00e9 (HTA), cr\u00e9\u00e9e en 2004. Elle vise \u00e0 am\u00e9liorer la qualit\u00e9 des soins et \u00e0 garantir l\u2019\u00e9quit\u00e9 du syst\u00e8me de sant\u00e9 en \u00e9valuant les m\u00e9dicaments, dispositifs m\u00e9dicaux et pratiques professionnelles, publiant des recommandations et accr\u00e9ditant les \u00e9tablissements de sant\u00e9. (<\/span><a href=\"https:\/\/www.has-sante.fr\/\"><span style=\"font-weight: 400;\">has-sante.fr<\/span><\/a><span style=\"font-weight: 400;\">)<\/span><\/p>\n<h2><b>Fonctions principales de la HAS<\/b><\/h2>\n<ul>\n<li><b>\u00c9valuations d\u2019acc\u00e8s au march\u00e9 \/ Avis HTA :<\/b><span style=\"font-weight: 400;\"> \u00c9valuation du b\u00e9n\u00e9fice m\u00e9dical et de la valeur \u00e9conomique des m\u00e9dicaments, dispositifs m\u00e9dicaux et pratiques professionnelles pour \u00e9clairer les d\u00e9cisions de remboursement.<\/span><\/li>\n<li><b>Recommandations des experts consultants HAS :<\/b><span style=\"font-weight: 400;\"> Publication de guides pour les professionnels de sant\u00e9 afin de promouvoir les bonnes pratiques.<\/span><\/li>\n<li><b>Accr\u00e9ditation des sp\u00e9cialistes HAS :<\/b><span style=\"font-weight: 400;\"> Certification des \u00e9tablissements de sant\u00e9 garantissant la qualit\u00e9 et la s\u00e9curit\u00e9 des soins.<\/span><\/li>\n<\/ul>\n<h2><b>Direction et Contacts cl\u00e9s<\/b><\/h2>\n<p><span style=\"font-weight: 400;\">En date de janvier 2025, la HAS est pr\u00e9sid\u00e9e par le Pr <\/span><b>Lionel Collet<\/b><span style=\"font-weight: 400;\">. (<\/span><a href=\"https:\/\/www.has-sante.fr\/\"><span style=\"font-weight: 400;\">has-sante.fr<\/span><\/a><span style=\"font-weight: 400;\">)<\/span><\/p>\n<ul>\n<li><b>Commission de la transparence (CT) :<\/b><span style=\"font-weight: 400;\"> Pr Pierre Cochat<\/span><\/li>\n<li><b>CNEDiMTS (dispositifs m\u00e9dicaux et technologies de sant\u00e9) :<\/b><span style=\"font-weight: 400;\"> Dr Jean-Yves Grall<\/span><\/li>\n<li><b>CEESP (\u00e9valuation \u00e9conomique et sant\u00e9 publique) :<\/b><span style=\"font-weight: 400;\"> Pr Karine Chevreul<\/span><\/li>\n<li><b>CTV (vaccinations) :<\/b><span style=\"font-weight: 400;\"> Pr Anne-Claude Cr\u00e9mieux<\/span><\/li>\n<\/ul>\n<h3><b>Coordonn\u00e9es de la HAS<\/b><\/h3>\n<ul>\n<li><b>Site web :<\/b><a href=\"https:\/\/www.has-sante.fr\/\"> <span style=\"font-weight: 400;\">has-sante.fr<\/span><\/a><\/li>\n<li><b>Adresse :<\/b><span style=\"font-weight: 400;\"> 5 avenue du Stade de France, 93218 Saint-Denis La Plaine Cedex, France<\/span><\/li>\n<li><b>T\u00e9l\u00e9phone :<\/b><span style=\"font-weight: 400;\"> +33 (0)1 55 93 70 00<\/span><\/li>\n<\/ul>\n<h2><b>D\u00e9fis li\u00e9s \u00e0 la collaboration avec la HAS<\/b><\/h2>\n<ul>\n<li><b>Ma\u00eetrise des processus de la HAS :<\/b><span style=\"font-weight: 400;\"> Connaissance des crit\u00e8res d\u2019\u00e9valuation (par ex. doctrine de la CT, exigences m\u00e9thodologiques).<\/span><\/li>\n<li><b>Soumissions compl\u00e8tes et rapides :<\/b><span style=\"font-weight: 400;\"> Documents conformes et envoy\u00e9s dans les d\u00e9lais.<\/span><\/li>\n<li><b>Collaboration avec les parties prenantes :<\/b><span style=\"font-weight: 400;\"> Travail efficace avec les acteurs cl\u00e9s du syst\u00e8me de sant\u00e9 fran\u00e7ais.<\/span><\/li>\n<\/ul>\n<h2><b>Opportunit\u00e9s \/ Solutions avec Justin Stindt Consultants<\/b><\/h2>\n<ul>\n<li><b>Soumissions expertes HAS :<\/b><span style=\"font-weight: 400;\"> Dossiers de qualit\u00e9 pour la CT, CNEDiMTS et CEESP.<\/span><\/li>\n<li><b>R\u00e9unions de conseil scientifique et pr\u00e9-soumissions (rencontres pr\u00e9coces).<\/b><\/li>\n<li><b>Strat\u00e9gies d\u2019acc\u00e8s au march\u00e9 HAS :<\/b><span style=\"font-weight: 400;\"> Optimisation des r\u00e9sultats de remboursement.<\/span><\/li>\n<li><b>Ma\u00eetrise des processus et auditions HAS :<\/b><span style=\"font-weight: 400;\"> Expertise approfondie des \u00e9valuations HTA.<\/span><\/li>\n<li><b>R\u00e9seau d\u2019experts et d\u00e9cideurs :<\/b><span style=\"font-weight: 400;\"> Anciens membres des commissions HAS, leaders d\u2019opinion et payeurs.<\/span><\/li>\n<\/ul>\n<h3><b>Support Expert HAS<\/b><\/h3>\n<ul>\n<li><b>Orientation experte HAS :<\/b><span style=\"font-weight: 400;\"> Assistance directe pour les d\u00e9fis d\u2019acc\u00e8s au march\u00e9.<\/span><\/li>\n<li><b>Analyses approfondies HAS :<\/b><span style=\"font-weight: 400;\"> Approche personnalis\u00e9e des \u00e9valuations.<\/span><\/li>\n<li><b>Documentation HAS experte :<\/b><span style=\"font-weight: 400;\"> Soumissions conformes aux attentes de la HAS.<\/span><\/li>\n<\/ul>\n<p><span style=\"font-weight: 400;\">Justin Stindt Consultants est sp\u00e9cialis\u00e9 dans l&rsquo;optimisation des soumissions \u00e0 la Commission de la Transparence, \u00e0 la CNEDiMTS et \u00e0 la CEESP et dans l&rsquo;\u00e9valuation de la HAS.<\/span><\/p>\t\t\t\t\t\t\t\t<\/div>\n\t\t\t\t<\/div>\n\t\t\t\t\t<\/div>\n\t\t\t\t<\/div>\n\t\t<div class=\"elementor-element elementor-element-04ee5ba e-flex e-con-boxed e-con e-parent\" data-id=\"04ee5ba\" data-element_type=\"container\" data-e-type=\"container\">\n\t\t\t\t\t<div class=\"e-con-inner\">\n\t\t\t\t<div class=\"elementor-element elementor-element-2cbfbb1 elementor-widget-divider--view-line elementor-widget elementor-widget-divider\" data-id=\"2cbfbb1\" data-element_type=\"widget\" data-e-type=\"widget\" data-widget_type=\"divider.default\">\n\t\t\t\t<div class=\"elementor-widget-container\">\n\t\t\t\t\t\t\t<div class=\"elementor-divider\">\n\t\t\t<span class=\"elementor-divider-separator\">\n\t\t\t\t\t\t<\/span>\n\t\t<\/div>\n\t\t\t\t\t\t<\/div>\n\t\t\t\t<\/div>\n\t\t\t\t\t<\/div>\n\t\t\t\t<\/div>\n\t\t<div class=\"elementor-element elementor-element-48e713e5 e-flex e-con-boxed e-con e-parent\" data-id=\"48e713e5\" data-element_type=\"container\" data-e-type=\"container\">\n\t\t\t\t\t<div class=\"e-con-inner\">\n\t\t<div class=\"elementor-element elementor-element-ac50955 e-con-full bordered-block e-flex e-con e-child\" data-id=\"ac50955\" data-element_type=\"container\" data-e-type=\"container\">\n\t\t\t\t<div class=\"elementor-element elementor-element-3009de7b elementor-widget elementor-widget-text-editor\" data-id=\"3009de7b\" data-element_type=\"widget\" data-e-type=\"widget\" data-widget_type=\"text-editor.default\">\n\t\t\t\t<div class=\"elementor-widget-container\">\n\t\t\t\t\t\t\t\t\t<h3>\u00c9tude de cas<\/h3><h2>Succ\u00e8s d&rsquo;une soci\u00e9t\u00e9 pharmaceutique avec la HAS<\/h2>\t\t\t\t\t\t\t\t<\/div>\n\t\t\t\t<\/div>\n\t\t\t\t<div class=\"elementor-element elementor-element-36a7318f elementor-widget elementor-widget-text-editor\" data-id=\"36a7318f\" data-element_type=\"widget\" data-e-type=\"widget\" data-widget_type=\"text-editor.default\">\n\t\t\t\t<div class=\"elementor-widget-container\">\n\t\t\t\t\t\t\t\t\t<p><strong>Challenge<\/strong>:<br \/>Un laboratoire a fait appel \u00e0 notre expertise pour obtenir le remboursement d\u2019un nouveau m\u00e9dicament.<\/p><p><strong>Solution<\/strong>:<br \/>Nous avons pilot\u00e9 la r\u00e9daction de leur dossier conforme aux crit\u00e8res HAS.<\/p><p><strong>R\u00e9sultat<\/strong>:<br \/>Une recommandation positive et l\u2019inscription au remboursement.<\/p>\t\t\t\t\t\t\t\t<\/div>\n\t\t\t\t<\/div>\n\t\t\t\t<\/div>\n\t\t\t\t\t<\/div>\n\t\t\t\t<\/div>\n\t\t<div class=\"elementor-element elementor-element-e3674ee e-con-full e-flex e-con e-parent\" data-id=\"e3674ee\" data-element_type=\"container\" data-e-type=\"container\" data-settings=\"{&quot;background_background&quot;:&quot;classic&quot;}\">\n\t\t\t\t<div class=\"elementor-element elementor-element-4339de6 elementor-cta--skin-classic elementor-animated-content elementor-bg-transform elementor-bg-transform-zoom-in elementor-widget elementor-widget-call-to-action\" data-id=\"4339de6\" data-element_type=\"widget\" data-e-type=\"widget\" data-widget_type=\"call-to-action.default\">\n\t\t\t\t<div class=\"elementor-widget-container\">\n\t\t\t\t\t\t\t<div class=\"elementor-cta\">\n\t\t\t\t\t\t\t<div class=\"elementor-cta__content\">\n\t\t\t\t\n\t\t\t\t\t\t\t\t\t<h2 class=\"elementor-cta__title elementor-cta__content-item elementor-content-item\">\n\t\t\t\t\t\tBesoin d\u2019un accompagnement pour l\u2019acc\u00e8s au march\u00e9 avec la HAS ? L\u2019expertise de Justin Stindt Consultants peut vous aider \u00e0 r\u00e9ussir.\t\t\t\t\t<\/h2>\n\t\t\t\t\n\t\t\t\t\t\t\t\t\t<div class=\"elementor-cta__description elementor-cta__content-item elementor-content-item\">\n\t\t\t\t\t\tContactez-nous pour \u00e9laborer votre strat\u00e9gie d\u2019acc\u00e8s au march\u00e9 et garantir votre succ\u00e8s avec la HAS.\n\t\t\t\t\t<\/div>\n\t\t\t\t\n\t\t\t\t\t\t\t\t\t<div class=\"elementor-cta__button-wrapper elementor-cta__content-item elementor-content-item \">\n\t\t\t\t\t<a class=\"elementor-cta__button elementor-button elementor-size-\" href=\"https:\/\/jstindt.com\/contact-us\/\">\n\t\t\t\t\t\tContactez Justin Stindt Consultants\t\t\t\t\t<\/a>\n\t\t\t\t\t<\/div>\n\t\t\t\t\t\t\t<\/div>\n\t\t\t\t\t\t<\/div>\n\t\t\t\t\t\t<\/div>\n\t\t\t\t<\/div>\n\t\t\t\t<\/div>\n\t\t<div class=\"elementor-element elementor-element-c46eb38 e-flex e-con-boxed e-con e-parent\" data-id=\"c46eb38\" data-element_type=\"container\" data-e-type=\"container\">\n\t\t\t\t\t<div class=\"e-con-inner\">\n\t\t\t\t<div class=\"elementor-element elementor-element-8da8c66 elementor-widget elementor-widget-n-accordion\" data-id=\"8da8c66\" data-element_type=\"widget\" data-e-type=\"widget\" data-settings=\"{&quot;default_state&quot;:&quot;all_collapsed&quot;,&quot;max_items_expended&quot;:&quot;one&quot;,&quot;n_accordion_animation_duration&quot;:{&quot;unit&quot;:&quot;ms&quot;,&quot;size&quot;:400,&quot;sizes&quot;:[]}}\" data-widget_type=\"nested-accordion.default\">\n\t\t\t\t<div class=\"elementor-widget-container\">\n\t\t\t\t\t\t\t<div class=\"e-n-accordion\" aria-label=\"Accordion. Open links with Enter or Space, close with Escape, and navigate with Arrow Keys\">\n\t\t\t\t\t\t<details id=\"e-n-accordion-item-1480\" class=\"e-n-accordion-item\" >\n\t\t\t\t<summary class=\"e-n-accordion-item-title\" data-accordion-index=\"1\" tabindex=\"0\" aria-expanded=\"false\" aria-controls=\"e-n-accordion-item-1480\" >\n\t\t\t\t\t<span class='e-n-accordion-item-title-header'><div class=\"e-n-accordion-item-title-text\"> Autres institutions cl\u00e9s dans l'acc\u00e8s au march\u00e9 <\/div><\/span>\n\t\t\t\t\t\t\t<span class='e-n-accordion-item-title-icon'>\n\t\t\t<span class='e-opened' ><i aria-hidden=\"true\" class=\"fas fa-minus\"><\/i><\/span>\n\t\t\t<span class='e-closed'><i aria-hidden=\"true\" class=\"fas fa-plus\"><\/i><\/span>\n\t\t<\/span>\n\n\t\t\t\t\t\t<\/summary>\n\t\t\t\t<div role=\"region\" aria-labelledby=\"e-n-accordion-item-1480\" class=\"elementor-element elementor-element-1871095 e-con-full e-flex e-con e-child\" data-id=\"1871095\" data-element_type=\"container\" data-e-type=\"container\">\n\t\t\t\t<div class=\"elementor-element elementor-element-682f3e8 elementor-widget elementor-widget-template\" data-id=\"682f3e8\" data-element_type=\"widget\" data-e-type=\"widget\" data-widget_type=\"template.default\">\n\t\t\t\t<div class=\"elementor-widget-container\">\n\t\t\t\t\t\t\t<div class=\"elementor-template\">\n\t\t\t\t\t<div data-elementor-type=\"container\" data-elementor-id=\"19254\" class=\"elementor elementor-19254 elementor-18546 elementor-18546\" data-elementor-post-type=\"elementor_library\">\n\t\t\t\t<div role=\"region\" aria-labelledby=\"e-n-accordion-item-1800\" class=\"elementor-element elementor-element-4d5d7d7a e-flex e-con-boxed e-con e-parent\" data-id=\"4d5d7d7a\" data-element_type=\"container\" data-e-type=\"container\">\n\t\t\t\t\t<div class=\"e-con-inner\">\n\t\t\t\t<div class=\"elementor-element elementor-element-fa73d9e elementor-widget elementor-widget-text-editor\" data-id=\"fa73d9e\" data-element_type=\"widget\" data-e-type=\"widget\" data-widget_type=\"text-editor.default\">\n\t\t\t\t<div class=\"elementor-widget-container\">\n\t\t\t\t\t\t\t\t\t<h4><strong>Institutions mondiales<\/strong><\/h4>\n<ul>\n<li><a href=\"https:\/\/jstindt.com\/fr\/acces-au-marche-avec-oms\/\">World Health Organization<\/a> (WHO)<\/li>\n<li><a href=\"https:\/\/jstindt.com\/fr\/acces-au-marche-avec-ispor\/\">International Society for Pharmacoeconomics and Outcomes Research<\/a> (ISPOR)<\/li>\n<\/ul>\n<h4><strong><br \/><a href=\"https:\/\/jstindt.com\/fr\/usa\/\">\u00c9tats-Unis<\/a><\/strong><\/h4>\n<ul>\n<li><a href=\"https:\/\/jstindt.com\/fr\/acces-au-marche-avec-cms\/\">Centers for Medicare &amp; Medicaid Services<\/a> (CMS)<\/li>\n<li><a href=\"https:\/\/jstindt.com\/fr\/acces-au-marche-avec-amcp\/\">Academy of Managed Care Pharmacy<\/a> (AMCP)<\/li>\n<li><a href=\"https:\/\/jstindt.com\/fr\/acces-au-marche-avec-icer\/\">Institute for Clinical and Economic Review<\/a> (ICER)<\/li>\n<\/ul>\n<h4><strong><br \/><a href=\"https:\/\/jstindt.com\/fr\/france\/\">France<\/a><\/strong><\/h4>\n<ul>\n<li><a href=\"https:\/\/jstindt.com\/fr\/acces-au-marche-avec-la-has\/\">Haute Autorit\u00e9 de Sant\u00e9<\/a> (HAS)<\/li>\n<li><a href=\"https:\/\/jstindt.com\/fr\/acces-au-marche-avec-le-ceps\/\">Comit\u00e9 \u00c9conomique des Produits de Sant\u00e9<\/a> (CEPS)<\/li>\n<\/ul>\n<h4><strong><br \/><a href=\"https:\/\/jstindt.com\/fr\/allemagne\/\">Allemagne<\/a><\/strong><\/h4>\n<ul>\n<li><a href=\"https:\/\/jstindt.com\/fr\/acces-au-marche-avec-gba\/\">Gemeinsamer Bundesausschuss<\/a> (G-BA)<\/li>\n<li><a href=\"https:\/\/jstindt.com\/fr\/acces-au-marche-avec-liqwig\/\">Institute for Quality and Efficiency in Health Care<\/a> (IQWiG)<\/li>\n<li><a href=\"https:\/\/jstindt.com\/fr\/acces-au-marche-avec-le-gkv-spitzenverband\/\">L&rsquo;association GKV Spitzenverband<\/a><\/li>\n<\/ul>\n<h4><strong><br \/><a href=\"https:\/\/jstindt.com\/fr\/royaume-uni\/\">Royaume-Uni<\/a><\/strong><\/h4>\n<ul>\n<li><a href=\"https:\/\/jstindt.com\/fr\/acces-au-marche-avec-nice\/\">National Institute for Health and Care Excellence<\/a> (NICE)<\/li>\n<li><a href=\"https:\/\/jstindt.com\/fr\/acces-au-marche-avec-le-smc\/\">Scottish Medicines Consortium<\/a> (SMC)<\/li>\n<li><a href=\"https:\/\/jstindt.com\/fr\/acces-au-marche-avec-awmsg\/\" rel=\"noopener\">All Wales Medicines Strategy Group<\/a> (AWMSG)<\/li>\n<li><a href=\"https:\/\/jstindt.com\/fr\/acces-au-marche-avec-le-nhs\/\">National Health Service<\/a> (NHS)<\/li>\n<\/ul>\n<h4><strong><br \/><a href=\"https:\/\/jstindt.com\/fr\/italie\/\">Italie<\/a><\/strong><\/h4>\n<ul>\n<li><a href=\"https:\/\/jstindt.com\/fr\/acces-au-marche-avec-aifa\/\">Italian Medicines Agency<\/a> (AIFA)<\/li>\n<li><a href=\"https:\/\/jstindt.com\/fr\/acces-au-marche-avec-la-cse\/\">Scientific and Economic Commission<\/a> (CSE)<\/li>\n<\/ul>\n<h4><strong><br \/><a href=\"https:\/\/jstindt.com\/fr\/espagne\/\">Espagne<\/a><\/strong><\/h4>\n<ul>\n<li><a href=\"https:\/\/jstindt.com\/fr\/acces-au-marche-avec-aemps\/\">Spanish Agency of Medicines and Medical Devices<\/a> (AEMPS)<\/li>\n<li><a href=\"https:\/\/jstindt.com\/fr\/acces-au-marche-avec-la-dgcf\/\">Direcci\u00f3n General de Cartera Com\u00fan de Servicios del Sistema Nacional de Salud y Farmacia<\/a> (DGCF)<\/li>\n<li><a href=\"https:\/\/jstindt.com\/fr\/acces-au-marche-avec-la-cipm\/\">Interministerial Commission on Medicine Prices<\/a> (CIPM)<\/li>\n<\/ul>\n<h4><strong><br \/><a href=\"https:\/\/jstindt.com\/fr\/suisse\/\">Suisse<\/a><\/strong><\/h4>\n<ul>\n<li><a href=\"https:\/\/jstindt.com\/fr\/acces-au-marche-avec-ofsp\/\">Federal Office of Public Health<\/a> (FOPH)<\/li>\n<\/ul>\n\t\t\t\t\t\t\t\t<\/div>\n\t\t\t\t<\/div>\n\t\t\t\t\t<\/div>\n\t\t\t\t<\/div>\n\t\t\t\t<\/div>\n\t\t\t\t<\/div>\n\t\t\t\t\t\t<\/div>\n\t\t\t\t<\/div>\n\t\t\t\t<\/div>\n\t\t\t\t\t<\/details>\n\t\t\t\t\t<\/div>\n\t\t\t\t\t\t<\/div>\n\t\t\t\t<\/div>\n\t\t\t\t\t<\/div>\n\t\t\t\t<\/div>\n\t\t\t\t<\/div>\n\t\t","protected":false},"excerpt":{"rendered":"<p>La Haute Autorit\u00e9 de Sant\u00e9 (HAS) est l&rsquo;autorit\u00e9 publique ind\u00e9pendante fran\u00e7aise charg\u00e9e des \u00e9valuations en sant\u00e9 (HTA), cr\u00e9\u00e9e en 2004. Elle vise \u00e0 am\u00e9liorer la qualit\u00e9 des soins et \u00e0 garantir l\u2019\u00e9quit\u00e9 du syst\u00e8me de sant\u00e9 en \u00e9valuant les m\u00e9dicaments, dispositifs m\u00e9dicaux et pratiques professionnelles, publiant des recommandations et accr\u00e9ditant les \u00e9tablissements de sant\u00e9. (has-sante.fr) [&hellip;]<\/p>\n","protected":false},"author":3,"featured_media":0,"parent":0,"menu_order":0,"comment_status":"closed","ping_status":"closed","template":"","meta":{"_acf_changed":false,"footnotes":""},"class_list":["post-18839","page","type-page","status-publish","hentry"],"acf":[],"_links":{"self":[{"href":"https:\/\/jstindt.com\/fr\/wp-json\/wp\/v2\/pages\/18839","targetHints":{"allow":["GET"]}}],"collection":[{"href":"https:\/\/jstindt.com\/fr\/wp-json\/wp\/v2\/pages"}],"about":[{"href":"https:\/\/jstindt.com\/fr\/wp-json\/wp\/v2\/types\/page"}],"author":[{"embeddable":true,"href":"https:\/\/jstindt.com\/fr\/wp-json\/wp\/v2\/users\/3"}],"replies":[{"embeddable":true,"href":"https:\/\/jstindt.com\/fr\/wp-json\/wp\/v2\/comments?post=18839"}],"version-history":[{"count":26,"href":"https:\/\/jstindt.com\/fr\/wp-json\/wp\/v2\/pages\/18839\/revisions"}],"predecessor-version":[{"id":19565,"href":"https:\/\/jstindt.com\/fr\/wp-json\/wp\/v2\/pages\/18839\/revisions\/19565"}],"wp:attachment":[{"href":"https:\/\/jstindt.com\/fr\/wp-json\/wp\/v2\/media?parent=18839"}],"curies":[{"name":"wp","href":"https:\/\/api.w.org\/{rel}","templated":true}]}}