{"id":18439,"date":"2025-01-23T15:20:50","date_gmt":"2025-01-23T14:20:50","guid":{"rendered":"https:\/\/jstindt.com\/?page_id=18439"},"modified":"2025-03-10T14:08:44","modified_gmt":"2025-03-10T13:08:44","slug":"acces-au-marche-avec-gba","status":"publish","type":"page","link":"https:\/\/jstindt.com\/fr\/acces-au-marche-avec-gba\/","title":{"rendered":"Acc\u00e8s au march\u00e9 avec le G-BA : Votre guide de la principale autorit\u00e9 sanitaire allemande"},"content":{"rendered":"\t\t<div data-elementor-type=\"wp-page\" data-elementor-id=\"18439\" class=\"elementor elementor-18439 elementor-18429\" data-elementor-post-type=\"page\">\n\t\t\t\t<div class=\"elementor-element elementor-element-8d4c327 e-flex e-con-boxed e-con e-parent\" data-id=\"8d4c327\" data-element_type=\"container\" data-e-type=\"container\">\n\t\t\t\t\t<div class=\"e-con-inner\">\n\t\t\t\t<div class=\"elementor-element elementor-element-af8bae8 elementor-widget elementor-widget-text-editor\" data-id=\"af8bae8\" data-element_type=\"widget\" data-e-type=\"widget\" data-widget_type=\"text-editor.default\">\n\t\t\t\t<div class=\"elementor-widget-container\">\n\t\t\t\t\t\t\t\t\t<p><span style=\"font-weight: 400;\">Le Gemeinsamer Bundesausschuss (G-BA) est l&rsquo;organe d\u00e9cisionnel supr\u00eame de l&rsquo;autogouvernance conjointe des m\u00e9decins, dentistes, h\u00f4pitaux et caisses d&rsquo;assurance maladie en Allemagne. Cr\u00e9\u00e9 en 2004, il d\u00e9cide des prestations m\u00e9dicales couvertes par l\u2019assurance maladie obligatoire (SHI), influen\u00e7ant directement l\u2019acc\u00e8s aux soins pour plus de 70 millions d\u2019assur\u00e9s. (<\/span><a href=\"https:\/\/www.g-ba.de\/english\/\"><span style=\"font-weight: 400;\">g-ba.de<\/span><\/a><span style=\"font-weight: 400;\">)<\/span><\/p><h2><b>Fonctions principales du G-BA<\/b><\/h2><ul><li><b>\u00c9valuation des b\u00e9n\u00e9fices des m\u00e9dicaments :<\/b><span style=\"font-weight: 400;\"> Analyse des nouveaux m\u00e9dicaments pour d\u00e9terminer leur valeur ajout\u00e9e par rapport aux traitements existants.<\/span><\/li><li><b>\u00c9mission de directives :<\/b><span style=\"font-weight: 400;\"> \u00c9laboration de lignes directrices juridiquement contraignantes pour garantir des soins ad\u00e9quats et \u00e9conomiques.<\/span><\/li><li><b>Assurance qualit\u00e9 :<\/b><span style=\"font-weight: 400;\"> Mise en \u0153uvre de mesures pour am\u00e9liorer la qualit\u00e9 des services de sant\u00e9 en Allemagne.<\/span><\/li><\/ul><h2><b>Direction et contacts cl\u00e9s<\/b><\/h2><p><span style=\"font-weight: 400;\">En date de janvier 2025<\/span> <span style=\"font-weight: 400;\">, le G-BA est pr\u00e9sid\u00e9 par <\/span><b>Josef Hecken<\/b><span style=\"font-weight: 400;\">, qui dirige \u00e9galement le <\/span><b>Sous-comit\u00e9 des m\u00e9dicaments (Unterausschuss Arzneimittel)<\/b><span style=\"font-weight: 400;\">, avec <\/span><b>J\u00f6rg Niemann<\/b><span style=\"font-weight: 400;\"> comme vice-pr\u00e9sident.<\/span><\/p><h3><b>Coordonn\u00e9es du G-BA<\/b><\/h3><ul><li><b>Site web :<\/b><a href=\"https:\/\/www.g-ba.de\/english\/\"> <span style=\"font-weight: 400;\">g-ba.de\/english<\/span><\/a><\/li><li><b>Adresse :<\/b><b><br \/><\/b> <span style=\"font-weight: 400;\">Gemeinsamer Bundesausschuss (G-BA)<\/span><span style=\"font-weight: 400;\"><br \/><\/span><span style=\"font-weight: 400;\"> Gutenbergstra\u00dfe 13<\/span><span style=\"font-weight: 400;\"><br \/><\/span><span style=\"font-weight: 400;\"> 10587 Berlin, Allemagne<\/span><\/li><\/ul><h2><b>D\u00e9fis dans la collaboration avec le G-BA<\/b><\/h2><ul><li><b>Connaissance des cadres r\u00e9glementaires :<\/b><span style=\"font-weight: 400;\"> Compr\u00e9hension des crit\u00e8res d\u2019\u00e9valuation et des exigences de soumission du G-BA, notamment les lois pertinentes et le r\u00e8glement de proc\u00e9dure (<\/span><i><span style=\"font-weight: 400;\">Verfahrensordnung<\/span><\/i><span style=\"font-weight: 400;\">).<\/span><\/li><li><b>Soumissions pr\u00e9cises et ponctuelles :<\/b><span style=\"font-weight: 400;\"> Pr\u00e9paration de dossiers d\u2019\u00e9valuation (<\/span><i><span style=\"font-weight: 400;\">AMNOG<\/span><\/i><span style=\"font-weight: 400;\">) complets et conformes, n\u00e9cessitant un travail approfondi et une planification anticip\u00e9e.<\/span><\/li><li><b>Collaboration avec les parties prenantes :<\/b><span style=\"font-weight: 400;\"> Coordination efficace avec les acteurs du syst\u00e8me de sant\u00e9 allemand.<\/span><\/li><\/ul><h2><b>Opportunit\u00e9s \/ Solutions avec Justin Stindt Consultants<\/b><\/h2><ul><li><b>Soumissions expertes au G-BA :<\/b><span style=\"font-weight: 400;\"> R\u00e9daction de dossiers d\u2019\u00e9valuation des b\u00e9n\u00e9fices conformes au <\/span><i><span style=\"font-weight: 400;\">Verfahrensordnung<\/span><\/i><span style=\"font-weight: 400;\">.<\/span><\/li><li><b>Strat\u00e9gies d&rsquo;acc\u00e8s au march\u00e9 :<\/b><span style=\"font-weight: 400;\"> M\u00e9thodes \u00e9prouv\u00e9es pour optimiser les r\u00e9sultats en mati\u00e8re de remboursement.<\/span><\/li><li><b>Ma\u00eetrise des processus G-BA :<\/b><span style=\"font-weight: 400;\"> Expertise dans les proc\u00e9dures \u00e9crites et les auditions pour acc\u00e9l\u00e9rer les approbations.<\/span><\/li><\/ul><h3><b>Services experts G-BA<\/b><\/h3><ul><li><b>Conseils sp\u00e9cialis\u00e9s :<\/b><span style=\"font-weight: 400;\"> Assistance directe pour les d\u00e9fis li\u00e9s \u00e0 l\u2019acc\u00e8s au march\u00e9 et aux remboursements.<\/span><\/li><li><b>Analyses approfondies :<\/b><span style=\"font-weight: 400;\"> Aide \u00e0 la compr\u00e9hension des crit\u00e8res d&rsquo;\u00e9valuation et des processus de soumission.<\/span><\/li><li><b>Documentation experte :<\/b><span style=\"font-weight: 400;\"> Soumissions pr\u00e9cises, conformes aux attentes des \u00e9valuations HTA.<\/span><\/li><\/ul><p>\u00a0<\/p><p>Justin Stindt Consultants est sp\u00e9cialis\u00e9 dans l&rsquo;aide aux clients pour pr\u00e9parer des soumissions efficaces et s&rsquo;engager avec confiance dans les n\u00e9gociations avec le GKV-Spitzenverband.<\/p>\t\t\t\t\t\t\t\t<\/div>\n\t\t\t\t<\/div>\n\t\t\t\t\t<\/div>\n\t\t\t\t<\/div>\n\t\t<div class=\"elementor-element elementor-element-0859942 e-flex e-con-boxed e-con e-parent\" data-id=\"0859942\" data-element_type=\"container\" data-e-type=\"container\">\n\t\t\t\t\t<div class=\"e-con-inner\">\n\t\t\t\t<div class=\"elementor-element elementor-element-b054701 elementor-widget-divider--view-line elementor-widget elementor-widget-divider\" data-id=\"b054701\" data-element_type=\"widget\" data-e-type=\"widget\" data-widget_type=\"divider.default\">\n\t\t\t\t<div class=\"elementor-widget-container\">\n\t\t\t\t\t\t\t<div class=\"elementor-divider\">\n\t\t\t<span class=\"elementor-divider-separator\">\n\t\t\t\t\t\t<\/span>\n\t\t<\/div>\n\t\t\t\t\t\t<\/div>\n\t\t\t\t<\/div>\n\t\t\t\t\t<\/div>\n\t\t\t\t<\/div>\n\t\t<div class=\"elementor-element elementor-element-6c631cb e-flex e-con-boxed e-con e-parent\" data-id=\"6c631cb\" data-element_type=\"container\" data-e-type=\"container\">\n\t\t\t\t\t<div class=\"e-con-inner\">\n\t\t<div class=\"elementor-element elementor-element-7e7e883 e-con-full bordered-block e-flex e-con e-child\" data-id=\"7e7e883\" data-element_type=\"container\" data-e-type=\"container\">\n\t\t\t\t<div class=\"elementor-element elementor-element-29b5547 elementor-widget elementor-widget-text-editor\" data-id=\"29b5547\" data-element_type=\"widget\" data-e-type=\"widget\" data-widget_type=\"text-editor.default\">\n\t\t\t\t<div class=\"elementor-widget-container\">\n\t\t\t\t\t\t\t\t\t<h3>\u00c9tude de cas<\/h3><h2>Succ\u00e8s d&rsquo;une soci\u00e9t\u00e9 pharmaceutique avec le\u00a0 G-BA<\/h2>\t\t\t\t\t\t\t\t<\/div>\n\t\t\t\t<\/div>\n\t\t\t\t<div class=\"elementor-element elementor-element-335452c elementor-widget elementor-widget-text-editor\" data-id=\"335452c\" data-element_type=\"widget\" data-e-type=\"widget\" data-widget_type=\"text-editor.default\">\n\t\t\t\t<div class=\"elementor-widget-container\">\n\t\t\t\t\t\t\t\t\t<p><strong>D\u00e9fi :<\/strong> Une entreprise pharmaceutique cherchait notre assistance pour obtenir une \u00e9valuation positive pour une nouvelle th\u00e9rapie.<\/p><p><strong>Solution :<\/strong> Justin Stindt Consultants a accompagn\u00e9 l\u2019entreprise dans la pr\u00e9paration d\u2019un dossier complet conforme aux crit\u00e8res du G-BA.<\/p><p><strong>R\u00e9sultat :<\/strong> Une reconnaissance d\u2019un b\u00e9n\u00e9fice ajout\u00e9, facilitant un remboursement durable et une position avantageuse lors des n\u00e9gociations de prix.<\/p>\t\t\t\t\t\t\t\t<\/div>\n\t\t\t\t<\/div>\n\t\t\t\t<\/div>\n\t\t\t\t\t<\/div>\n\t\t\t\t<\/div>\n\t\t<div class=\"elementor-element elementor-element-4539d96 e-con-full e-flex e-con e-parent\" data-id=\"4539d96\" data-element_type=\"container\" data-e-type=\"container\" data-settings=\"{&quot;background_background&quot;:&quot;classic&quot;}\">\n\t\t\t\t<div class=\"elementor-element elementor-element-98eb454 elementor-cta--skin-classic elementor-animated-content elementor-bg-transform elementor-bg-transform-zoom-in elementor-widget elementor-widget-call-to-action\" data-id=\"98eb454\" data-element_type=\"widget\" data-e-type=\"widget\" data-widget_type=\"call-to-action.default\">\n\t\t\t\t<div class=\"elementor-widget-container\">\n\t\t\t\t\t\t\t<div class=\"elementor-cta\">\n\t\t\t\t\t\t\t<div class=\"elementor-cta__content\">\n\t\t\t\t\n\t\t\t\t\t\t\t\t\t<h2 class=\"elementor-cta__title elementor-cta__content-item elementor-content-item\">\n\t\t\t\t\t\tBesoin d\u2019aide pour acc\u00e9der au march\u00e9 avec le G-BA ? L\u2019expertise de Justin Stindt Consultants est \u00e0 votre service.\t\t\t\t\t<\/h2>\n\t\t\t\t\n\t\t\t\t\t\t\t\t\t<div class=\"elementor-cta__description elementor-cta__content-item elementor-content-item\">\n\t\t\t\t\t\tContactez-nous d\u00e8s aujourd\u2019hui pour \u00e9laborer votre strat\u00e9gie d\u2019acc\u00e8s au march\u00e9 avec le G-BA.\n\t\t\t\t\t<\/div>\n\t\t\t\t\n\t\t\t\t\t\t\t\t\t<div class=\"elementor-cta__button-wrapper elementor-cta__content-item elementor-content-item \">\n\t\t\t\t\t<a class=\"elementor-cta__button elementor-button elementor-size-\" href=\"https:\/\/jstindt.com\/contact-us\/\">\n\t\t\t\t\t\tContactez Justin Stindt Consultants\t\t\t\t\t<\/a>\n\t\t\t\t\t<\/div>\n\t\t\t\t\t\t\t<\/div>\n\t\t\t\t\t\t<\/div>\n\t\t\t\t\t\t<\/div>\n\t\t\t\t<\/div>\n\t\t\t\t<\/div>\n\t\t<div class=\"elementor-element elementor-element-3b2971a e-flex e-con-boxed e-con e-parent\" data-id=\"3b2971a\" data-element_type=\"container\" data-e-type=\"container\">\n\t\t\t\t\t<div class=\"e-con-inner\">\n\t\t\t\t<div class=\"elementor-element elementor-element-f5f5f5e elementor-widget elementor-widget-n-accordion\" data-id=\"f5f5f5e\" data-element_type=\"widget\" data-e-type=\"widget\" data-settings=\"{&quot;default_state&quot;:&quot;all_collapsed&quot;,&quot;max_items_expended&quot;:&quot;one&quot;,&quot;n_accordion_animation_duration&quot;:{&quot;unit&quot;:&quot;ms&quot;,&quot;size&quot;:400,&quot;sizes&quot;:[]}}\" data-widget_type=\"nested-accordion.default\">\n\t\t\t\t<div class=\"elementor-widget-container\">\n\t\t\t\t\t\t\t<div class=\"e-n-accordion\" aria-label=\"Accordion. Open links with Enter or Space, close with Escape, and navigate with Arrow Keys\">\n\t\t\t\t\t\t<details id=\"e-n-accordion-item-2570\" class=\"e-n-accordion-item\" >\n\t\t\t\t<summary class=\"e-n-accordion-item-title\" data-accordion-index=\"1\" tabindex=\"0\" aria-expanded=\"false\" aria-controls=\"e-n-accordion-item-2570\" >\n\t\t\t\t\t<span class='e-n-accordion-item-title-header'><div class=\"e-n-accordion-item-title-text\"> Autres institutions cl\u00e9s dans l'acc\u00e8s au march\u00e9 <\/div><\/span>\n\t\t\t\t\t\t\t<span class='e-n-accordion-item-title-icon'>\n\t\t\t<span class='e-opened' ><i aria-hidden=\"true\" class=\"fas fa-minus\"><\/i><\/span>\n\t\t\t<span class='e-closed'><i aria-hidden=\"true\" class=\"fas fa-plus\"><\/i><\/span>\n\t\t<\/span>\n\n\t\t\t\t\t\t<\/summary>\n\t\t\t\t<div role=\"region\" aria-labelledby=\"e-n-accordion-item-2570\" class=\"elementor-element elementor-element-d57cc03 e-con-full e-flex e-con e-child\" data-id=\"d57cc03\" data-element_type=\"container\" data-e-type=\"container\">\n\t\t<div role=\"region\" aria-labelledby=\"e-n-accordion-item-2570\" class=\"elementor-element elementor-element-dac2bdf e-flex e-con-boxed e-con e-child\" data-id=\"dac2bdf\" data-element_type=\"container\" data-e-type=\"container\">\n\t\t\t\t\t<div class=\"e-con-inner\">\n\t\t\t\t<div class=\"elementor-element elementor-element-341f5c7 elementor-widget elementor-widget-global elementor-global-18277 elementor-widget-text-editor\" data-id=\"341f5c7\" data-element_type=\"widget\" data-e-type=\"widget\" data-widget_type=\"text-editor.default\">\n\t\t\t\t<div class=\"elementor-widget-container\">\n\t\t\t\t\t\t\t\t\t<h4><strong>Global Institutions<\/strong><\/h4><ul><li>World Health Organization (WHO)<\/li><li>International Society for Pharmacoeconomics and Outcomes Research (ISPOR)<\/li><\/ul><h4><strong><br \/><a href=\"https:\/\/jstindt.com\/usa\/\">United States<\/a><\/strong><\/h4><ul><li>Centers for Medicare &amp; Medicaid Services (CMS)<\/li><li>Academy of Managed Care Pharmacy (AMCP)<\/li><li>Institute for Clinical and Economic Review (ICER)<\/li><\/ul><h4><strong><br \/><a href=\"https:\/\/jstindt.com\/france\/\">France<\/a><\/strong><\/h4><ul><li><a href=\"https:\/\/jstindt.com\/market-access-with-has\/\">Haute Autorit\u00e9 de Sant\u00e9<\/a> (HAS)<\/li><li>Comit\u00e9 \u00c9conomique des Produits de Sant\u00e9 (CEPS)<\/li><\/ul><h4><strong><br \/><a href=\"https:\/\/jstindt.com\/germany\/\">Germany<\/a><\/strong><\/h4><ul><li>Gemeinsamer Bundesausschuss (G-BA)<\/li><li>Institute for Quality and Efficiency in Health Care (IQWiG)<\/li><li>GKV Spitzenverband<\/li><\/ul><h4><strong><br \/><a href=\"https:\/\/jstindt.com\/uk\/\">United-Kingdom<\/a><\/strong><\/h4><ul><li>National Institute for Health and Care Excellence (NICE)<\/li><li>Scottish Medicines Consortium (SMC)<\/li><li>All Wales Medicines Strategy Group (AWMSG)<\/li><li>National Health Service (NHS)<\/li><\/ul><h4><strong><br \/><a href=\"https:\/\/jstindt.com\/italy\/\">Italy<\/a><\/strong><\/h4><ul><li>Italian Medicines Agency (AIFA)<\/li><li>Scientific and Economic Commission (CSE)<\/li><\/ul><h4><strong><br \/><a href=\"https:\/\/jstindt.com\/spain\/\">Spain<\/a><\/strong><\/h4><ul><li>Spanish Agency of Medicines and Medical Devices (AEMPS)<\/li><\/ul><h4><strong><br \/><a href=\"https:\/\/jstindt.com\/switzerland\/\">Switzerland<\/a><\/strong><\/h4><ul><li>Swissmedic<\/li><li>Federal Office of Public Health (FOPH)<\/li><\/ul>\t\t\t\t\t\t\t\t<\/div>\n\t\t\t\t<\/div>\n\t\t\t\t\t<\/div>\n\t\t\t\t<\/div>\n\t\t\t\t<\/div>\n\t\t\t\t\t<\/details>\n\t\t\t\t\t<\/div>\n\t\t\t\t\t\t<\/div>\n\t\t\t\t<\/div>\n\t\t\t\t\t<\/div>\n\t\t\t\t<\/div>\n\t\t\t\t<\/div>\n\t\t","protected":false},"excerpt":{"rendered":"<p>Le Gemeinsamer Bundesausschuss (G-BA) est l&rsquo;organe d\u00e9cisionnel supr\u00eame de l&rsquo;autogouvernance conjointe des m\u00e9decins, dentistes, h\u00f4pitaux et caisses d&rsquo;assurance maladie en Allemagne. Cr\u00e9\u00e9 en 2004, il d\u00e9cide des prestations m\u00e9dicales couvertes par l\u2019assurance maladie obligatoire (SHI), influen\u00e7ant directement l\u2019acc\u00e8s aux soins pour plus de 70 millions d\u2019assur\u00e9s. (g-ba.de) Fonctions principales du G-BA \u00c9valuation des b\u00e9n\u00e9fices des [&hellip;]<\/p>\n","protected":false},"author":3,"featured_media":0,"parent":0,"menu_order":0,"comment_status":"closed","ping_status":"closed","template":"","meta":{"_acf_changed":false,"footnotes":""},"class_list":["post-18439","page","type-page","status-publish","hentry"],"acf":[],"_links":{"self":[{"href":"https:\/\/jstindt.com\/fr\/wp-json\/wp\/v2\/pages\/18439","targetHints":{"allow":["GET"]}}],"collection":[{"href":"https:\/\/jstindt.com\/fr\/wp-json\/wp\/v2\/pages"}],"about":[{"href":"https:\/\/jstindt.com\/fr\/wp-json\/wp\/v2\/types\/page"}],"author":[{"embeddable":true,"href":"https:\/\/jstindt.com\/fr\/wp-json\/wp\/v2\/users\/3"}],"replies":[{"embeddable":true,"href":"https:\/\/jstindt.com\/fr\/wp-json\/wp\/v2\/comments?post=18439"}],"version-history":[{"count":22,"href":"https:\/\/jstindt.com\/fr\/wp-json\/wp\/v2\/pages\/18439\/revisions"}],"predecessor-version":[{"id":19566,"href":"https:\/\/jstindt.com\/fr\/wp-json\/wp\/v2\/pages\/18439\/revisions\/19566"}],"wp:attachment":[{"href":"https:\/\/jstindt.com\/fr\/wp-json\/wp\/v2\/media?parent=18439"}],"curies":[{"name":"wp","href":"https:\/\/api.w.org\/{rel}","templated":true}]}}