{"id":16913,"date":"2024-01-31T12:28:27","date_gmt":"2024-01-31T11:28:27","guid":{"rendered":"https:\/\/jstindt.com\/mentions-legales\/"},"modified":"2026-03-31T08:45:35","modified_gmt":"2026-03-31T07:45:35","slug":"mentions-legales","status":"publish","type":"page","link":"https:\/\/jstindt.com\/fr\/mentions-legales\/","title":{"rendered":"Mentions l\u00e9gales"},"content":{"rendered":"\t\t<div data-elementor-type=\"wp-page\" data-elementor-id=\"16913\" class=\"elementor elementor-16913 elementor-12128\" data-elementor-post-type=\"page\">\n\t\t\t\t<div class=\"elementor-element elementor-element-923eb6a e-flex e-con-boxed e-con e-parent\" data-id=\"923eb6a\" data-element_type=\"container\" data-e-type=\"container\">\n\t\t\t\t\t<div class=\"e-con-inner\">\n\t\t\t\t<div class=\"elementor-element elementor-element-f663e8a elementor-widget elementor-widget-text-editor\" data-id=\"f663e8a\" data-element_type=\"widget\" data-e-type=\"widget\" data-widget_type=\"text-editor.default\">\n\t\t\t\t<div class=\"elementor-widget-container\">\n\t\t\t\t\t\t\t\t\t<h2>Justin Stindt Consulting GmbH<\/h2><p><b>Deutsches Impressum:<\/b><\/p><p>Justin Stindt Consulting GmbH<\/p><p>Kamekestr. 27, 50672 Cologne <\/p><p>Telefon: +49 221 969 868 80, Fax: +49 221 46 89 26 60<\/p><p>E-Mail: info@jstindt.com<\/p><p>Internet: https:\/\/www.jstindt.com<\/p><p><strong>Vertretungsberechtigter Gesch\u00e4ftsf\u00fchrer<\/strong>: Justin Stindt<\/p><p>Registernummer: HRB 82988<\/p><p>Umsatzsteuer-Identifikationsnummer gem\u00e4\u00df \u00a7 27a UStG: DE298464855<\/p><p>Registergericht: AG K\u00f6ln<\/p><p>Datenschutzerkl\u00e4rung<\/p><p>Allgemeiner Hinweis und Pflichtinformationen<\/p><p>Benennung der verantwortlichen Stelle<\/p><p><strong>Die verantwortliche Stelle f\u00fcr die Datenverarbeitung auf dieser Website ist<\/strong>:<\/p><p>Justin Stindt Consulting GmbH<br>Justin Stindt<br>Kamekestr. 27, 50672 Cologne<\/p><p><strong>Ersteller der Website ist<\/strong> : <a href=\"https:\/\/www.alioze.com\/de\/agentur-kommunikation-gesundheit\" target=\"_blank\" rel=\"noopener\">Alioze &#8211; Agentur f\u00fcr Gesundheits- und medizinische Kommunikation<\/a><\/p><p>Die Website wird von <a href=\"https:\/\/www.alwaysdata.com\/en\/\" target=\"_blank\" rel=\"noopener\">Alwaysdata<\/a> gehostet<\/p><p>Die verantwortliche Stelle entscheidet allein oder gemeinsam mit anderen \u00fcber die Zwecke und Mittel der Verarbeitung von personenbezogenen Daten (z.B. Namen, Kontaktdaten o. \u00c4.).<\/p><p>Widerruf Ihrer Einwilligung zur Datenverarbeitung<\/p><p>Nur mit Ihrer ausdr\u00fccklichen Einwilligung sind einige Vorg\u00e4nge der Datenverarbeitung m\u00f6glich. Ein Widerruf Ihrer bereits erteilten Einwilligung ist jederzeit m\u00f6glich. F\u00fcr den Widerruf gen\u00fcgt eine formlose Mitteilung per E-Mail. Die Rechtm\u00e4\u00dfigkeit der bis zum Widerruf erfolgten Datenverarbeitung bleibt vom Widerruf unber\u00fchrt.   <\/p><p>Recht auf Beschwerde bei der zust\u00e4ndigen Aufsichtsbeh\u00f6rde<\/p><p>Als Betroffener steht Ihnen im Falle eines datenschutzrechtlichen Versto\u00dfes ein Beschwerderecht bei der zust\u00e4ndigen Aufsichtsbeh\u00f6rde zu. Zust\u00e4ndige Aufsichtsbeh\u00f6rde bez\u00fcglich datenschutzrechtlicher Fragen ist der Landesdatenschutzbeauftragte des Bundeslandes, in dem sich der Sitz unseres Unternehmens befindet. Der folgende Link stellt eine Liste der Datenschutzbeauftragten sowie deren Kontaktdaten bereit: https:\/\/www.bfdi.bund.de\/DE\/Infothek\/Anschriften_Links\/anschriften_links-node.html.  <\/p><p>Recht auf Daten\u00fcbertragbarkeit<\/p><p>Ihnen steht das Recht zu, Daten, die wir auf Grundlage Ihrer Einwilligung oder in Erf\u00fcllung eines Vertrags automatisiert verarbeiten, an sich oder an Dritte aush\u00e4ndigen zu lassen. Die Bereitstellung erfolgt in einem maschinenlesbaren Format. Sofern Sie die direkte \u00dcbertragung der Daten an einen anderen Verantwortlichen verlangen, erfolgt dies nur, soweit es technisch machbar ist.  <\/p><p>Recht auf Auskunft, Berichtigung, Sperrung, L\u00f6schung<\/p><p>Sie haben jederzeit im Rahmen der geltenden gesetzlichen Bestimmungen das Recht auf unentgeltliche Auskunft \u00fcber Ihre gespeicherten personenbezogenen Daten, Herkunft der Daten, deren Empf\u00e4nger und den Zweck der Datenverarbeitung und ggf. ein Recht auf Berichtigung, Sperrung oder L\u00f6schung dieser Daten. Diesbez\u00fcglich und auch zu weiteren Fragen zum Thema personenbezogene Daten k\u00f6nnen Sie sich jederzeit \u00fcber die im Impressum aufgef\u00fchrten Kontaktm\u00f6glichkeiten an uns wenden.  <\/p><p>SSL- bzw. TLS-Verschl\u00fcsselung <\/p><p>Aus Sicherheitsgr\u00fcnden und zum Schutz der \u00dcbertragung vertraulicher Inhalte, die Sie an uns als Seitenbetreiber senden, nutzt unsere Website eine SSL-bzw. TLS-Verschl\u00fcsselung. Damit sind Daten, die Sie \u00fcber diese Website \u00fcbermitteln, f\u00fcr Dritte nicht mitlesbar. Sie erkennen eine verschl\u00fcsselte Verbindung an der \u201ehttps:\/\/\u201c Adresszeile Ihres Browsers und am Schloss-Symbol in der Browserzeile.   <\/p><p>Kontaktformular<\/p><p>Per Kontaktformular \u00fcbermittelte Daten werden einschlie\u00dflich Ihrer Kontaktdaten gespeichert, um Ihre Anfrage bearbeiten zu k\u00f6nnen oder um f\u00fcr Anschlussfragen bereitzustehen. Eine Weitergabe dieser Daten findet ohne Ihre Einwilligung nicht statt. <\/p><p>Die Verarbeitung der in das Kontaktformular eingegebenen Daten erfolgt ausschlie\u00dflich auf Grundlage Ihrer Einwilligung (Art. 6 Abs. 1 lit. a DSGVO). Ein Widerruf Ihrer bereits erteilten Einwilligung ist jederzeit m\u00f6glich. F\u00fcr den Widerruf gen\u00fcgt eine formlose Mitteilung per E-Mail. Die Rechtm\u00e4\u00dfigkeit der bis zum Widerruf erfolgten Datenverarbeitungsvorg\u00e4nge bleibt vom Widerruf unber\u00fchrt.   <\/p><p>\u00dcber das Kontaktformular \u00fcbermittelte Daten verbleiben bei uns, bis Sie uns zur L\u00f6schung auffordern, Ihre Einwilligung zur Speicherung widerrufen oder keine Notwendigkeit der Datenspeicherung mehr besteht. Zwingende gesetzliche Bestimmungen &#8211; insbesondere Aufbewahrungsfristen &#8211; bleiben unber\u00fchrt. <\/p><p>Google Analytics<\/p><p>Unsere Website verwendet Funktionen des Webanalysedienstes Google Analytics. Anbieter des Webanalysedienstes ist die Google Inc., 1600 Amphitheatre Parkway, Mountain View, CA 94043, USA. <\/p><p>Google Analytics verwendet \u00ab\u00a0Cookies.\u00a0\u00bb Das sind kleine Textdateien, die Ihr Webbrowser auf Ihrem Endger\u00e4t speichert und eine Analyse der Website-Benutzung erm\u00f6glichen. Mittels Cookie erzeugte Informationen \u00fcber Ihre Benutzung unserer Website werden an einen Server von Google \u00fcbermittelt und dort gespeichert. Server-Standort ist im Regelfall die USA.   <\/p><p>Das Setzen von Google-Analytics-Cookies erfolgt auf Grundlage von Art. 6 Abs. 1 lit. f DSGVO. Als Betreiber dieser Website haben wir ein berechtigtes Interesse an der Analyse des Nutzerverhaltens, um unser Webangebot und ggf. auch Werbung zu optimieren.    <\/p><p>IP-Anonymisierung<\/p><p>Wir setzen Google Analytics in Verbindung mit der Funktion IP-Anonymisierung ein. Sie gew\u00e4hrleistet, dass Google Ihre IP-Adresse innerhalb von Mitgliedstaaten der Europ\u00e4ischen Union oder in anderen Vertragsstaaten des Abkommens \u00fcber den Europ\u00e4ischen Wirtschaftsraum vor der \u00dcbermittlung in die USA k\u00fcrzt. Es kann Ausnahmef\u00e4lle geben, in denen Google die volle IP-Adresse an einen Server in den USA \u00fcbertr\u00e4gt und dort k\u00fcrzt. In unserem Auftrag wird Google diese Informationen benutzen, um Ihre Nutzung der Website auszuwerten, um Reports \u00fcber Websiteaktivit\u00e4ten zu erstellen und um weitere mit der Websitenutzung und der Internetnutzung verbundene Dienstleistungen gegen\u00fcber uns zu erbringen. Es findet keine Zusammenf\u00fchrung der von Google Analytics \u00fcbermittelten IP-Adresse mit anderen Daten von Google statt.    <\/p><p>Browser Plugin<\/p><p>Das Setzen von Cookies durch Ihren Webbrowser ist verhinderbar. Einige Funktionen unserer Website k\u00f6nnten dadurch jedoch eingeschr\u00e4nkt werden. Ebenso k\u00f6nnen Sie die Erfassung von Daten bez\u00fcglich Ihrer Website-Nutzung einschlie\u00dflich Ihrer IP-Adresse mitsamt anschlie\u00dfender Verarbeitung durch Google unterbinden. Dies ist m\u00f6glich, indem Sie das \u00fcber folgenden Link erreichbare Browser-Plugin herunterladen und installieren: https:\/\/tools.google.com\/dlpage\/gaoptout?hl=de.   <\/p><p>Widerspruch gegen die Datenerfassung<\/p><p>Sie k\u00f6nnen die Erfassung Ihrer Daten durch Google Analytics verhindern, indem Sie auf folgenden Link klicken. Es wird ein Opt-Out-Cookie gesetzt, der die Erfassung Ihrer Daten bei zuk\u00fcnftigen Besuchen unserer Website verhindert: Google Analytics deaktivieren. <\/p><p>Einzelheiten zum Umgang mit Nutzerdaten bei Google Analytics finden Sie in der Datenschutzerkl\u00e4rung von Google: https:\/\/support.google.com\/analytics\/answer\/6004245?hl=de.<\/p><p>Auftragsverarbeitung<\/p><p>Zur vollst\u00e4ndigen Erf\u00fcllung der gesetzlichen Datenschutzvorgaben haben wir mit Google einen Vertrag \u00fcber die Auftragsverarbeitung abgeschlossen.<\/p><p>Demografische Merkmale bei Google Analytics<\/p><p>Unsere Website verwendet die Funktion \u201cdemografische Merkmale\u201d von Google Analytics. Mit ihr lassen sich Berichte erstellen, die Aussagen zu Alter, Geschlecht und Interessen der Seitenbesucher enthalten. Diese Daten stammen aus interessenbezogener Werbung von Google sowie aus Besucherdaten von Drittanbietern. Eine Zuordnung der Daten zu einer bestimmten Person ist nicht m\u00f6glich. Sie k\u00f6nnen diese Funktion jederzeit deaktivieren. Dies ist \u00fcber die Anzeigeneinstellungen in Ihrem Google-Konto m\u00f6glich oder indem Sie die Erfassung Ihrer Daten durch Google Analytics, wie im Punkt \u201cWiderspruch gegen die Datenerfassung\u201d erl\u00e4utert, generell untersagen.     <\/p><p>Google AdWords und Google Conversion-Tracking<\/p><p>Unsere Website verwendet Google AdWords. Anbieter ist die Google Inc., 1600 Amphitheatre Parkway, Mountain View, CA 94043, United States. <\/p><p>AdWords ist ein Online-Werbeprogramm. Im Rahmen des Online-Werbeprogramms arbeiten wir mit Conversion-Tracking. Nach einem Klick auf eine von Google geschaltete Anzeige wird ein Cookie f\u00fcr das Conversion-Tracking gesetzt. Cookies sind kleine Textdateien, die Ihr Webbrowser auf Ihrem Endger\u00e4t speichert. Google AdWords Cookies verlieren nach 30 Tagen ihre G\u00fcltigkeit und dienen nicht der pers\u00f6nlichen Identifizierung der Nutzer. Am Cookie k\u00f6nnen Google und wir erkennen, dass Sie auf eine Anzeige geklickt haben und zu unserer Website weitergeleitet wurden.     <\/p><p>Jeder Google AdWords-Kunde erh\u00e4lt ein anderes Cookie. Die Cookies sind nicht \u00fcber Websites von AdWords-Kunden nachverfolgbar. Mit Conversion-Cookies werden Conversion-Statistiken f\u00fcr AdWords-Kunden, die Conversion-Tracking einsetzen, erstellt. Adwords-Kunden erfahren wie viele Nutzer auf ihre Anzeige geklickt haben und auf Seiten mit Conversion-Tracking-Tag weitergeleitet wurden. AdWords-Kunden erhalten jedoch keine Informationen, die eine pers\u00f6nliche Identifikation der Nutzer erm\u00f6glichen. Wenn Sie nicht am Tracking teilnehmen m\u00f6chten, k\u00f6nnen Sie einer Nutzung widersprechen. Hier ist das Conversion-Cookie in den Nutzereinstellungen des Browsers zu deaktivieren. So findet auch keine Aufnahme in die Conversion-Tracking Statistiken statt.       <\/p><p>Die Speicherung von \u201cConversion-Cookies\u201d erfolgt auf Grundlage von Art. 6 Abs. 1 lit. f DSGVO. Wir als Websitebetreiber haben ein berechtigtes Interesse an der Analyse des Nutzerverhaltens, um unser Webangebot und unsere Werbung zu optimieren.   <\/p><p>Einzelheiten zu Google AdWords und Google Conversion-Tracking finden Sie in den Datenschutzbestimmungen von Google: https:\/\/www.google.de\/policies\/privacy\/.<\/p><p>Mit einem modernen Webbrowser k\u00f6nnen Sie das Setzen von Cookies \u00fcberwachen, einschr\u00e4nken oder unterbinden. Die Deaktivierung von Cookies kann eine eingeschr\u00e4nkte Funktionalit\u00e4t unserer Website zur Folge haben. <\/p><p>Quelle: Datenschutz-Konfigurator von mein-datenschutzbeauftragter.de<\/p>\t\t\t\t\t\t\t\t<\/div>\n\t\t\t\t<\/div>\n\t\t\t\t<div class=\"elementor-element elementor-element-5614a70 elementor-widget elementor-widget-text-editor\" data-id=\"5614a70\" data-element_type=\"widget\" data-e-type=\"widget\" data-widget_type=\"text-editor.default\">\n\t\t\t\t<div class=\"elementor-widget-container\">\n\t\t\t\t\t\t\t\t\t<p><strong>English version:<\/strong><\/p>\n<p>Veuillez noter que la traduction fran\u00e7aise est fournie \u00e0 nos clients francophones, mais que l&rsquo;original allemand fait foi. Nous avons \u00e9labor\u00e9 la traduction avec le plus grand soin, mais nous ne pouvons \u00eatre tenus pour responsables d&rsquo;\u00e9ventuelles erreurs de traduction. <\/p>\n<p>Justin Stindt Consulting GmbH (soci\u00e9t\u00e9 \u00e0 responsabilit\u00e9 limit\u00e9 allemande)<\/p>\n<p>Kamekestr. 27, 50672 Cologne, Germany<\/p>\n<p>T\u00e9l\u00e9phone : +49 221 969 868 80 +49 221 969 868 80, Fax : +49 221 46 89 26 60<\/p>\n<p>E-Mail: info@jstindt.com<\/p>\n<p>Internet: http:\/\/www.jstindt.com<\/p>\n<p>Directeur G\u00e9n\u00e9ral : Justin Stindt<\/p>\n<p>Num\u00e9ro d&rsquo;enregistrement de la soci\u00e9t\u00e9 : HRB 82988<\/p><p>Num\u00e9ro d&rsquo;identification TVA conform\u00e9ment \u00e0 l&rsquo;article 27a de la loi allemande sur la TVA (UStG): DE298464855<\/p>\n<p>Tribunal d&rsquo;enregistrement : AG Cologne<\/p>\n<p>Politique de confidentialit\u00e9<\/p>\n<p>Note g\u00e9n\u00e9rale et informations obligatoires<\/p>\n<p>D\u00e9signation de l&rsquo;organisme responsable<\/p>\n<p>Le responsable du traitement des donn\u00e9es sur ce site web est<\/p>\n<p>Justin Stindt Consulting GmbH<br>Justin Stindt<br>Kamekestr. 27, 50672 Cologne, Germany <\/p>\n<p>This website has been created by : <a href=\"https:\/\/www.alioze.com\/agence-communication-sante\" target=\"_blank\" rel=\"noopener\">Alioze &#8211; Agence de communication Sant\u00e9 &amp; M\u00e9dical<\/a><\/p>\n<p>Ce site est h\u00e9berg\u00e9 par <a href=\"https:\/\/www.alwaysdata.com\/en\/\" target=\"_blank\" rel=\"noopener\">Alwaysdata<\/a><\/p>\n<p>Le responsable du traitement d\u00e9cide seul ou conjointement avec d&rsquo;autres des finalit\u00e9s et des moyens du traitement des donn\u00e9es \u00e0 caract\u00e8re personnel (par exemple, noms, coordonn\u00e9es, etc.).<\/p>\n<p>Retrait de votre consentement au traitement des donn\u00e9es<\/p>\n<p>Certains traitements de donn\u00e9es ne sont possibles qu&rsquo;avec votre consentement expr\u00e8s. Vous pouvez retirer votre consentement \u00e0 tout moment. Une notification informelle par courrier \u00e9lectronique suffit pour la r\u00e9vocation. La l\u00e9galit\u00e9 du traitement des donn\u00e9es effectu\u00e9 jusqu&rsquo;\u00e0 la r\u00e9vocation n&rsquo;est pas affect\u00e9e par cette derni\u00e8re.   <\/p>\n<p>Droit d&rsquo;introduire une r\u00e9clamation aupr\u00e8s de l&rsquo;autorit\u00e9 de contr\u00f4le comp\u00e9tente<\/p>\n<p>En tant que personne concern\u00e9e, vous avez le droit de d\u00e9poser une plainte aupr\u00e8s de l&rsquo;autorit\u00e9 de contr\u00f4le comp\u00e9tente en cas de violation de la loi sur la protection des donn\u00e9es. L&rsquo;autorit\u00e9 de contr\u00f4le comp\u00e9tente pour les questions li\u00e9es \u00e0 la l\u00e9gislation sur la protection des donn\u00e9es est le d\u00e9l\u00e9gu\u00e9 \u00e0 la protection des donn\u00e9es de l&rsquo;\u00c9tat allemand dans lequel notre entreprise a son si\u00e8ge. Le lien suivant fournit une liste des d\u00e9l\u00e9gu\u00e9s \u00e0 la protection des donn\u00e9es et leurs coordonn\u00e9es : https:\/\/www.bfdi.bund.de\/DE\/Infothek\/Anschriften_Links\/anschriften_links-node.html.  <\/p>\n<p>Droit \u00e0 la portabilit\u00e9 des donn\u00e9es<\/p>\n<p>Vous avez le droit d&rsquo;obtenir que les donn\u00e9es que nous traitons automatiquement sur la base de votre consentement ou dans le cadre de l&rsquo;ex\u00e9cution d&rsquo;un contrat vous soient communiqu\u00e9es ou soient communiqu\u00e9es \u00e0 des tiers. Les donn\u00e9es seront fournies dans un format lisible par machine. Si vous demandez le transfert direct des donn\u00e9es \u00e0 un autre responsable du traitement, ce transfert n&rsquo;aura lieu que s&rsquo;il est techniquement possible.  <\/p>\n<p>Droit \u00e0 l&rsquo;information, \u00e0 la rectification, au verrouillage, \u00e0 l&rsquo;effacement<\/p>\n<p>Vous avez le droit d&rsquo;obtenir gratuitement des informations sur vos donn\u00e9es personnelles enregistr\u00e9es, l&rsquo;origine des donn\u00e9es, leurs destinataires et la finalit\u00e9 du traitement des donn\u00e9es et, le cas \u00e9ch\u00e9ant, un droit de rectification, de blocage ou de suppression de ces donn\u00e9es \u00e0 tout moment dans le cadre des dispositions l\u00e9gales applicables. Vous pouvez nous contacter \u00e0 tout moment en utilisant les options de contact \u00e9num\u00e9r\u00e9es dans les mentions l\u00e9gales si vous avez d&rsquo;autres questions sur le sujet des donn\u00e9es \u00e0 caract\u00e8re personnel. <\/p>\n<p>Cryptage SSL ou TLS<\/p>\n<p>Pour des raisons de s\u00e9curit\u00e9 et pour prot\u00e9ger la transmission de contenus confidentiels que vous nous envoyez en tant qu&rsquo;exploitant du site, notre site web utilise un cryptage SSL ou TLS. Cela signifie que les donn\u00e9es que vous transmettez via ce site web ne peuvent pas \u00eatre lues par des tiers. Vous pouvez reconna\u00eetre une connexion crypt\u00e9e \u00e0 la ligne d&rsquo;adresse \u00ab\u00a0https:\/\/\u00a0\u00bb de votre navigateur et au symbole du cadenas dans la ligne du navigateur.  <\/p>\n<p>Formulaire de contact<\/p>\n<p>Les donn\u00e9es transmises via le formulaire de contact, y compris vos coordonn\u00e9es, seront stock\u00e9es afin de traiter votre demande ou d&rsquo;\u00eatre disponibles pour des questions de suivi. Ces donn\u00e9es ne seront pas transmises sans votre consentement. <\/p>\n<p>Les donn\u00e9es saisies dans le formulaire de contact seront trait\u00e9es exclusivement sur la base de votre consentement (article 6, paragraphe 1, point a), du RGPD). Vous pouvez retirer votre consentement \u00e0 tout moment. Une notification informelle par courrier \u00e9lectronique suffit pour la r\u00e9vocation. La l\u00e9galit\u00e9 des op\u00e9rations de traitement des donn\u00e9es effectu\u00e9es jusqu&rsquo;\u00e0 la r\u00e9vocation n&rsquo;est pas affect\u00e9e par cette derni\u00e8re.   <\/p>\n<p>Les donn\u00e9es transmises par le biais du formulaire de contact resteront chez nous jusqu&rsquo;\u00e0 ce que vous nous demandiez de les effacer, que vous r\u00e9voquiez votre consentement \u00e0 la conservation ou qu&rsquo;il ne soit plus n\u00e9cessaire de les conserver. Les dispositions l\u00e9gales obligatoires &#8211; en particulier les d\u00e9lais de conservation &#8211; ne sont pas affect\u00e9es. <\/p>\n<p>Google Analytics<\/p>\n<p>Notre site utilise des fonctions du service d&rsquo;analyse web Google Analytics. Le fournisseur du service d&rsquo;analyse du web est Google Inc, 1600 Amphitheatre Parkway, Mountain View, CA 94043, USA. <\/p>\n<p>Google Analytics utilise des \u00ab\u00a0cookies\u00a0\u00bb. Il s&rsquo;agit de petits fichiers texte que votre navigateur Internet stocke sur votre appareil et qui permettent d&rsquo;analyser l&rsquo;utilisation du site Internet. Les informations g\u00e9n\u00e9r\u00e9es par les cookies concernant votre utilisation de notre site web sont transmises \u00e0 un serveur de Google et y sont stock\u00e9es. Le serveur est g\u00e9n\u00e9ralement situ\u00e9 aux \u00c9tats-Unis.   <\/p>\n<p>Les cookies de Google Analytics sont install\u00e9s sur la base de l&rsquo;Art. 6 para. 1 lit. f RGPD. En tant qu&rsquo;exploitant de ce site web, nous avons un int\u00e9r\u00eat l\u00e9gitime \u00e0 analyser le comportement des utilisateurs afin d&rsquo;optimiser notre site web et, le cas \u00e9ch\u00e9ant, la publicit\u00e9.   <\/p>\n<p>Anonymisation IP<\/p>\n<p>Nous utilisons Google Analytics avec la fonction d&rsquo;anonymisation IP. Celle-ci garantit que Google tronque votre adresse IP au sein des \u00c9tats membres de l&rsquo;Union europ\u00e9enne ou dans d&rsquo;autres \u00c9tats signataires de l&rsquo;accord sur l&rsquo;Espace \u00e9conomique europ\u00e9en avant de la transmettre aux \u00c9tats-Unis. Dans certains cas exceptionnels, Google transmet l&rsquo;adresse IP compl\u00e8te \u00e0 un serveur situ\u00e9 aux \u00c9tats-Unis, o\u00f9 elle est tronqu\u00e9e. Google utilisera ces informations en notre nom afin d&rsquo;\u00e9valuer votre utilisation du site, de compiler des rapports sur l&rsquo;activit\u00e9 du site et de nous fournir d&rsquo;autres services li\u00e9s \u00e0 l&rsquo;activit\u00e9 du site et \u00e0 l&rsquo;utilisation d&rsquo;Internet. L&rsquo;adresse IP transmise par Google Analytics ne sera pas fusionn\u00e9e avec d&rsquo;autres donn\u00e9es de Google.    <\/p>\n<p>Plugin de navigateur<\/p>\n<p>Il est possible d&#8217;emp\u00eacher l&rsquo;installation de cookies par votre navigateur web. Cependant, certaines fonctions de notre site web peuvent \u00eatre restreintes en cons\u00e9quence. Vous pouvez \u00e9galement emp\u00eacher la collecte de donn\u00e9es relatives \u00e0 votre utilisation du site web, y compris votre adresse IP, et leur traitement ult\u00e9rieur par Google. Pour ce faire, vous pouvez t\u00e9l\u00e9charger et installer le plug-in de navigateur disponible via le lien suivant : https:\/\/tools.google.com\/dlpage\/gaoptout?hl=de.   <\/p>\n<p>Opposition \u00e0 la collecte de donn\u00e9es<\/p>\n<p>Vous pouvez emp\u00eacher la collecte de vos donn\u00e9es par Google Analytics en cliquant sur le lien suivant. Un cookie de d\u00e9sactivation sera install\u00e9 pour emp\u00eacher la collecte de vos donn\u00e9es lors de vos prochaines visites sur notre site web : D\u00e9sactiver Google Analytics. <\/p>\n<p>Vous trouverez des informations d\u00e9taill\u00e9es sur la mani\u00e8re dont Google Analytics traite les donn\u00e9es des utilisateurs dans la politique de confidentialit\u00e9 de Google : https:\/\/support.google.com\/analytics\/answer\/6004245?hl=de.<\/p>\n<p>Traitement des commandes<\/p>\n<p>Nous avons conclu un contrat de traitement des commandes avec Google afin de satisfaire pleinement aux exigences l\u00e9gales en mati\u00e8re de protection des donn\u00e9es.<\/p>\n<p>Demographic characteristics with Google Analytics<br>Our website uses the \u00ab\u00a0demographic characteristics\u00a0\u00bb function of Google Analytics. It can be used to create reports that contain statements about the age, gender and interests of site visitors. This data comes from interest-based advertising from Google and visitor data from third-party providers. It is not possible to assign the data to a specific person. You can deactivate this function at any time. This is possible via the ad settings in your Google account or by generally prohibiting the collection of your data by Google Analytics, as explained in the section \u00ab\u00a0Objection to data collection\u00a0\u00bb.     <\/p>\n<p>Google AdWords et Google Conversion Tracking<\/p>\n<p>Notre site utilise Google AdWords. Le fournisseur est Google Inc, 1600 Amphitheatre Parkway, Mountain View, CA 94043, \u00c9tats-Unis. <\/p>\n<p>AdWords est un programme de publicit\u00e9 en ligne. Dans le cadre du programme de publicit\u00e9 en ligne, nous utilisons le suivi des conversions. Apr\u00e8s avoir cliqu\u00e9 sur une annonce plac\u00e9e par Google, un cookie est install\u00e9 pour le suivi des conversions. Les cookies sont de petits fichiers texte que votre navigateur Internet stocke sur votre terminal. Les cookies de Google AdWords perdent leur validit\u00e9 apr\u00e8s 30 jours et ne sont pas utilis\u00e9s pour identifier personnellement les utilisateurs. Le cookie permet \u00e0 Google et \u00e0 nous-m\u00eames de savoir que vous avez cliqu\u00e9 sur une annonce et que vous avez \u00e9t\u00e9 redirig\u00e9 vers notre site web.     <\/p>\n<p>Chaque client de Google AdWords re\u00e7oit un cookie diff\u00e9rent. Les cookies ne peuvent pas \u00eatre suivis via les sites web des clients AdWords. Les cookies de conversion sont utilis\u00e9s pour cr\u00e9er des statistiques de conversion pour les clients AdWords qui utilisent le suivi des conversions. Les clients AdWords savent combien d&rsquo;utilisateurs ont cliqu\u00e9 sur leur annonce et ont \u00e9t\u00e9 redirig\u00e9s vers des pages comportant une balise de suivi des conversions. Toutefois, les clients d&rsquo;AdWords ne re\u00e7oivent aucune information permettant d&rsquo;identifier personnellement les utilisateurs. Si vous ne souhaitez pas participer au suivi, vous pouvez vous opposer \u00e0 son utilisation. Dans ce cas, le cookie de conversion doit \u00eatre d\u00e9sactiv\u00e9 dans les param\u00e8tres utilisateur du navigateur. Cela \u00e9vitera \u00e9galement qu&rsquo;il soit inclus dans les statistiques de suivi des conversions.       <\/p>\n<p>Le stockage des \u00ab\u00a0cookies de conversion\u00a0\u00bb est fond\u00e9 sur l&rsquo;art. 6 para. 1 lit. f RGPD. En tant qu&rsquo;exploitant du site web, nous avons un int\u00e9r\u00eat l\u00e9gitime \u00e0 analyser le comportement des utilisateurs afin d&rsquo;optimiser notre site web et notre publicit\u00e9.   <\/p>\n<p>Vous trouverez des informations d\u00e9taill\u00e9es sur Google AdWords et Google Conversion Tracking dans les r\u00e8gles de confidentialit\u00e9 de Google : https:\/\/www.google.de\/policies\/privacy\/.<\/p>\n<p>Avec un navigateur Web moderne, vous pouvez surveiller, limiter ou emp\u00eacher l&rsquo;installation de cookies. La d\u00e9sactivation des cookies peut entra\u00eener une fonctionnalit\u00e9 r\u00e9duite de notre site Web.<br>Source : Configurateur de protection des donn\u00e9es de mein-datenschutzbeauftragter.de <\/p>\t\t\t\t\t\t\t\t<\/div>\n\t\t\t\t<\/div>\n\t\t\t\t\t<\/div>\n\t\t\t\t<\/div>\n\t\t\t\t<\/div>\n\t\t","protected":false},"excerpt":{"rendered":"<p>Justin Stindt Consulting GmbH Deutsches Impressum: Justin Stindt Consulting GmbH Kamekestr. 27, 50672 Cologne Telefon: +49 221 969 868 80, Fax: +49 221 46 89 26 60 E-Mail: info@jstindt.com Internet: https:\/\/www.jstindt.com Vertretungsberechtigter Gesch\u00e4ftsf\u00fchrer: Justin Stindt Registernummer: HRB 82988 Umsatzsteuer-Identifikationsnummer gem\u00e4\u00df \u00a7 27a UStG: DE298464855 Registergericht: AG K\u00f6ln Datenschutzerkl\u00e4rung Allgemeiner Hinweis und Pflichtinformationen Benennung der verantwortlichen [&hellip;]<\/p>\n","protected":false},"author":3,"featured_media":0,"parent":0,"menu_order":0,"comment_status":"closed","ping_status":"closed","template":"","meta":{"_acf_changed":false,"footnotes":""},"class_list":["post-16913","page","type-page","status-publish","hentry"],"acf":[],"_links":{"self":[{"href":"https:\/\/jstindt.com\/fr\/wp-json\/wp\/v2\/pages\/16913","targetHints":{"allow":["GET"]}}],"collection":[{"href":"https:\/\/jstindt.com\/fr\/wp-json\/wp\/v2\/pages"}],"about":[{"href":"https:\/\/jstindt.com\/fr\/wp-json\/wp\/v2\/types\/page"}],"author":[{"embeddable":true,"href":"https:\/\/jstindt.com\/fr\/wp-json\/wp\/v2\/users\/3"}],"replies":[{"embeddable":true,"href":"https:\/\/jstindt.com\/fr\/wp-json\/wp\/v2\/comments?post=16913"}],"version-history":[{"count":7,"href":"https:\/\/jstindt.com\/fr\/wp-json\/wp\/v2\/pages\/16913\/revisions"}],"predecessor-version":[{"id":20559,"href":"https:\/\/jstindt.com\/fr\/wp-json\/wp\/v2\/pages\/16913\/revisions\/20559"}],"wp:attachment":[{"href":"https:\/\/jstindt.com\/fr\/wp-json\/wp\/v2\/media?parent=16913"}],"curies":[{"name":"wp","href":"https:\/\/api.w.org\/{rel}","templated":true}]}}