{"id":12045,"date":"2024-01-31T11:37:44","date_gmt":"2024-01-31T10:37:44","guid":{"rendered":"https:\/\/dev.jstindt.com\/actualites\/"},"modified":"2024-09-02T13:38:54","modified_gmt":"2024-09-02T12:38:54","slug":"actualites","status":"publish","type":"page","link":"https:\/\/jstindt.com\/fr\/actualites\/","title":{"rendered":"Actualit\u00e9s"},"content":{"rendered":"\t\t<div data-elementor-type=\"wp-page\" data-elementor-id=\"12045\" class=\"elementor elementor-12045 elementor-1800\" data-elementor-post-type=\"page\">\n\t\t\t\t<div class=\"elementor-element elementor-element-2b75dfd e-flex e-con-boxed e-con e-parent\" data-id=\"2b75dfd\" data-element_type=\"container\" data-e-type=\"container\">\n\t\t\t\t\t<div class=\"e-con-inner\">\n\t\t\t\t<div class=\"elementor-element elementor-element-42cd03de elementor-posts__hover-none elementor-grid-3 elementor-grid-tablet-2 elementor-grid-mobile-1 elementor-posts--thumbnail-top elementor-widget elementor-widget-posts\" data-id=\"42cd03de\" data-element_type=\"widget\" data-e-type=\"widget\" data-settings=\"{&quot;cards_row_gap&quot;:{&quot;unit&quot;:&quot;px&quot;,&quot;size&quot;:80,&quot;sizes&quot;:[]},&quot;cards_row_gap_tablet&quot;:{&quot;unit&quot;:&quot;px&quot;,&quot;size&quot;:71,&quot;sizes&quot;:[]},&quot;cards_row_gap_mobile&quot;:{&quot;unit&quot;:&quot;px&quot;,&quot;size&quot;:30,&quot;sizes&quot;:[]},&quot;pagination_type&quot;:&quot;numbers_and_prev_next&quot;,&quot;cards_columns&quot;:&quot;3&quot;,&quot;cards_columns_tablet&quot;:&quot;2&quot;,&quot;cards_columns_mobile&quot;:&quot;1&quot;}\" data-widget_type=\"posts.cards\">\n\t\t\t\t<div class=\"elementor-widget-container\">\n\t\t\t\t\t\t\t<div class=\"elementor-posts-container elementor-posts elementor-posts--skin-cards elementor-grid\" role=\"list\">\n\t\t\t\t<article class=\"elementor-post elementor-grid-item post-17920 post type-post status-publish format-standard has-post-thumbnail hentry category-actualites\" role=\"listitem\">\n\t\t\t<div class=\"elementor-post__card\">\n\t\t\t\t<a class=\"elementor-post__thumbnail__link\" href=\"https:\/\/jstindt.com\/fr\/apercu-projet-reglementation-agence-europeenne-medicaments\/\" tabindex=\"-1\" ><div class=\"elementor-post__thumbnail\"><img fetchpriority=\"high\" decoding=\"async\" width=\"1254\" height=\"836\" src=\"https:\/\/jstindt.com\/wp-content\/uploads\/2024\/08\/insights-draft-regulation-european-medicines-agency.webp\" class=\"attachment-full size-full wp-image-17909\" alt=\"\" srcset=\"https:\/\/jstindt.com\/wp-content\/uploads\/2024\/08\/insights-draft-regulation-european-medicines-agency.webp 1254w, https:\/\/jstindt.com\/wp-content\/uploads\/2024\/08\/insights-draft-regulation-european-medicines-agency-300x200.webp 300w, https:\/\/jstindt.com\/wp-content\/uploads\/2024\/08\/insights-draft-regulation-european-medicines-agency-1024x683.webp 1024w, https:\/\/jstindt.com\/wp-content\/uploads\/2024\/08\/insights-draft-regulation-european-medicines-agency-768x512.webp 768w\" sizes=\"(max-width: 1254px) 100vw, 1254px\" \/><\/div><\/a>\n\t\t\t\t<div class=\"elementor-post__text\">\n\t\t\t\t<h4 class=\"elementor-post__title\">\n\t\t\t<a href=\"https:\/\/jstindt.com\/fr\/apercu-projet-reglementation-agence-europeenne-medicaments\/\" >\n\t\t\t\tAper\u00e7u du nouveau projet de r\u00e8glement sur la communication avec l&rsquo;Agence europ\u00e9enne des m\u00e9dicaments\t\t\t<\/a>\n\t\t<\/h4>\n\t\t\t\t<div class=\"elementor-post__excerpt\">\n\t\t\t<p>Les nouvelles initiatives d&rsquo;\u00e9valuation clinique conjointe (ECC) et de consultation scientifique conjointe (CSC), qui font partie de la r\u00e9forme de<\/p>\n\t\t<\/div>\n\t\t\n\t\t<a class=\"elementor-post__read-more\" href=\"https:\/\/jstindt.com\/fr\/apercu-projet-reglementation-agence-europeenne-medicaments\/\" aria-label=\"En savoir plus sur Aper\u00e7u du nouveau projet de r\u00e8glement sur la communication avec l&rsquo;Agence europ\u00e9enne des m\u00e9dicaments\" tabindex=\"-1\" >\n\t\t\tLire la suite\t\t<\/a>\n\n\t\t\t\t<\/div>\n\t\t\t\t\t<\/div>\n\t\t<\/article>\n\t\t\t\t<article class=\"elementor-post elementor-grid-item post-17899 post type-post status-publish format-standard has-post-thumbnail hentry category-actualites\" role=\"listitem\">\n\t\t\t<div class=\"elementor-post__card\">\n\t\t\t\t<a class=\"elementor-post__thumbnail__link\" href=\"https:\/\/jstindt.com\/fr\/ira\/\" tabindex=\"-1\" ><div class=\"elementor-post__thumbnail\"><img decoding=\"async\" width=\"854\" height=\"277\" src=\"https:\/\/jstindt.com\/wp-content\/uploads\/2024\/07\/The-US-Inflation-Reduction-Act-.jpg\" class=\"attachment-full size-full wp-image-17719\" alt=\"Loi sur la r\u00e9duction de l&#039;inflation aux \u00c9tats-Unis \u2013 modifications cl\u00e9s du prix et du remboursement des m\u00e9dicaments aux \u00c9tats-Unis\" srcset=\"https:\/\/jstindt.com\/wp-content\/uploads\/2024\/07\/The-US-Inflation-Reduction-Act-.jpg 854w, https:\/\/jstindt.com\/wp-content\/uploads\/2024\/07\/The-US-Inflation-Reduction-Act--300x97.jpg 300w, https:\/\/jstindt.com\/wp-content\/uploads\/2024\/07\/The-US-Inflation-Reduction-Act--768x249.jpg 768w\" sizes=\"(max-width: 854px) 100vw, 854px\" \/><\/div><\/a>\n\t\t\t\t<div class=\"elementor-post__text\">\n\t\t\t\t<h4 class=\"elementor-post__title\">\n\t\t\t<a href=\"https:\/\/jstindt.com\/fr\/ira\/\" >\n\t\t\t\tLoi sur la r\u00e9duction de l&rsquo;inflation aux \u00c9tats-Unis \u2013 modifications cl\u00e9s du prix et du remboursement des m\u00e9dicaments aux \u00c9tats-Unis &#8211; tout conna\u00eetre sur cette nouvelle Loi.\t\t\t<\/a>\n\t\t<\/h4>\n\t\t\t\t<div class=\"elementor-post__excerpt\">\n\t\t\t<p>La Loi sur la r\u00e9duction de l&rsquo;inflation (IRA), sign\u00e9e en ao\u00fbt 2022, est une l\u00e9gislation visant \u00e0 traiter plusieurs probl\u00e8mes<\/p>\n\t\t<\/div>\n\t\t\n\t\t<a class=\"elementor-post__read-more\" href=\"https:\/\/jstindt.com\/fr\/ira\/\" aria-label=\"En savoir plus sur Loi sur la r\u00e9duction de l&rsquo;inflation aux \u00c9tats-Unis \u2013 modifications cl\u00e9s du prix et du remboursement des m\u00e9dicaments aux \u00c9tats-Unis &#8211; tout conna\u00eetre sur cette nouvelle Loi.\" tabindex=\"-1\" >\n\t\t\tLire la suite\t\t<\/a>\n\n\t\t\t\t<\/div>\n\t\t\t\t\t<\/div>\n\t\t<\/article>\n\t\t\t\t<article class=\"elementor-post elementor-grid-item post-17679 post type-post status-publish format-standard has-post-thumbnail hentry category-actualites\" role=\"listitem\">\n\t\t\t<div class=\"elementor-post__card\">\n\t\t\t\t<a class=\"elementor-post__thumbnail__link\" href=\"https:\/\/jstindt.com\/fr\/programme-acces-precoce-francais-2024\/\" tabindex=\"-1\" ><div class=\"elementor-post__thumbnail\"><img decoding=\"async\" width=\"846\" height=\"548\" src=\"https:\/\/jstindt.com\/wp-content\/uploads\/2024\/06\/french-early-access-program-covers-330-innovative-treatments.png\" class=\"attachment-full size-full wp-image-17663\" alt=\"Plus de 330 produits rembourses dans le cadre du programme fran\u00e7ais 2024 d&#039;acces precoce (reimbursed french early access AAP\/AAC \u2013 ex-ATU)\" srcset=\"https:\/\/jstindt.com\/wp-content\/uploads\/2024\/06\/french-early-access-program-covers-330-innovative-treatments.png 846w, https:\/\/jstindt.com\/wp-content\/uploads\/2024\/06\/french-early-access-program-covers-330-innovative-treatments-300x194.png 300w, https:\/\/jstindt.com\/wp-content\/uploads\/2024\/06\/french-early-access-program-covers-330-innovative-treatments-768x497.png 768w\" sizes=\"(max-width: 846px) 100vw, 846px\" \/><\/div><\/a>\n\t\t\t\t<div class=\"elementor-post__text\">\n\t\t\t\t<h4 class=\"elementor-post__title\">\n\t\t\t<a href=\"https:\/\/jstindt.com\/fr\/programme-acces-precoce-francais-2024\/\" >\n\t\t\t\tPlus de 330 produits rembourses dans le cadre du programme fran\u00e7ais 2024 d&rsquo;acces precoce (reimbursed french early access AAP\/AAC \u2013 ex-ATU)\t\t\t<\/a>\n\t\t<\/h4>\n\t\t\t\t<div class=\"elementor-post__excerpt\">\n\t\t\t<p>En France, les programmes d&rsquo;acc\u00e8s pr\u00e9coce \/ compassionnel (AAP\/AAC) permettent de rembourser les nouveaux m\u00e9dicaments avant le remboursement traditionnel, ce<\/p>\n\t\t<\/div>\n\t\t\n\t\t<a class=\"elementor-post__read-more\" href=\"https:\/\/jstindt.com\/fr\/programme-acces-precoce-francais-2024\/\" aria-label=\"En savoir plus sur Plus de 330 produits rembourses dans le cadre du programme fran\u00e7ais 2024 d&rsquo;acces precoce (reimbursed french early access AAP\/AAC \u2013 ex-ATU)\" tabindex=\"-1\" >\n\t\t\tLire la suite\t\t<\/a>\n\n\t\t\t\t<\/div>\n\t\t\t\t\t<\/div>\n\t\t<\/article>\n\t\t\t\t<article class=\"elementor-post elementor-grid-item post-17924 post type-post status-publish format-standard has-post-thumbnail hentry category-actualites tag-aifa-fr\" role=\"listitem\">\n\t\t\t<div class=\"elementor-post__card\">\n\t\t\t\t<a class=\"elementor-post__thumbnail__link\" href=\"https:\/\/jstindt.com\/fr\/aifa\/\" tabindex=\"-1\" ><div class=\"elementor-post__thumbnail\"><img loading=\"lazy\" decoding=\"async\" width=\"720\" height=\"480\" src=\"https:\/\/jstindt.com\/wp-content\/uploads\/2024\/05\/New-2024-Italian-AIFA-Commission-.webp\" class=\"attachment-full size-full wp-image-17133\" alt=\"\" srcset=\"https:\/\/jstindt.com\/wp-content\/uploads\/2024\/05\/New-2024-Italian-AIFA-Commission-.webp 720w, https:\/\/jstindt.com\/wp-content\/uploads\/2024\/05\/New-2024-Italian-AIFA-Commission--300x200.webp 300w\" sizes=\"(max-width: 720px) 100vw, 720px\" \/><\/div><\/a>\n\t\t\t\t<div class=\"elementor-post__text\">\n\t\t\t\t<h4 class=\"elementor-post__title\">\n\t\t\t<a href=\"https:\/\/jstindt.com\/fr\/aifa\/\" >\n\t\t\t\tLe nouveau CSE de la Commission italienne de l&rsquo;AIFA pour 2024 est en place et fonctionne &#8211; Aper\u00e7u des premi\u00e8res r\u00e9unions\t\t\t<\/a>\n\t\t<\/h4>\n\t\t\t\t<div class=\"elementor-post__excerpt\">\n\t\t\t<p>Les r\u00e8glements mis \u00e0 jour entrent en vigueur d\u00e8s leur publication au Journal officiel italien. La nouvelle Commission italienne 2024<\/p>\n\t\t<\/div>\n\t\t\n\t\t<a class=\"elementor-post__read-more\" href=\"https:\/\/jstindt.com\/fr\/aifa\/\" aria-label=\"En savoir plus sur Le nouveau CSE de la Commission italienne de l&rsquo;AIFA pour 2024 est en place et fonctionne &#8211; Aper\u00e7u des premi\u00e8res r\u00e9unions\" tabindex=\"-1\" >\n\t\t\tLire la suite\t\t<\/a>\n\n\t\t\t\t<\/div>\n\t\t\t\t\t<\/div>\n\t\t<\/article>\n\t\t\t\t<article class=\"elementor-post elementor-grid-item post-17922 post type-post status-publish format-standard has-post-thumbnail hentry category-actualites\" role=\"listitem\">\n\t\t\t<div class=\"elementor-post__card\">\n\t\t\t\t<a class=\"elementor-post__thumbnail__link\" href=\"https:\/\/jstindt.com\/fr\/ecc-amelioration-acces-therapies\/\" tabindex=\"-1\" ><div class=\"elementor-post__thumbnail\"><img loading=\"lazy\" decoding=\"async\" width=\"696\" height=\"501\" src=\"https:\/\/jstindt.com\/wp-content\/uploads\/2024\/01\/european-pharma-market-figures.webp\" class=\"attachment-full size-full wp-image-10429\" alt=\"European Pharma Market Figures\" srcset=\"https:\/\/jstindt.com\/wp-content\/uploads\/2024\/01\/european-pharma-market-figures.webp 696w, https:\/\/jstindt.com\/wp-content\/uploads\/2024\/01\/european-pharma-market-figures-300x216.webp 300w, https:\/\/jstindt.com\/wp-content\/uploads\/2024\/01\/european-pharma-market-figures-150x108.webp 150w\" sizes=\"(max-width: 696px) 100vw, 696px\" \/><\/div><\/a>\n\t\t\t\t<div class=\"elementor-post__text\">\n\t\t\t\t<h4 class=\"elementor-post__title\">\n\t\t\t<a href=\"https:\/\/jstindt.com\/fr\/ecc-amelioration-acces-therapies\/\" >\n\t\t\t\tIntroduction de l&rsquo;\u00e9valuation clinique conjointe (ECC) dans l&rsquo;UE : L&rsquo;objectif est d&rsquo;am\u00e9liorer l&rsquo;acc\u00e8s aux th\u00e9rapies innovantes, mais l&rsquo;industrie risque de faire double emploi avec l&rsquo;ETS\t\t\t<\/a>\n\t\t<\/h4>\n\t\t\t\t<div class=\"elementor-post__excerpt\">\n\t\t\t<p>Le processus d&rsquo;\u00e9valuation clinique conjointe (ECC) dans l&rsquo;Union europ\u00e9enne marque une avanc\u00e9e significative dans l&rsquo;\u00e9valuation des th\u00e9rapies innovantes dans les<\/p>\n\t\t<\/div>\n\t\t\n\t\t<a class=\"elementor-post__read-more\" href=\"https:\/\/jstindt.com\/fr\/ecc-amelioration-acces-therapies\/\" aria-label=\"En savoir plus sur Introduction de l&rsquo;\u00e9valuation clinique conjointe (ECC) dans l&rsquo;UE : L&rsquo;objectif est d&rsquo;am\u00e9liorer l&rsquo;acc\u00e8s aux th\u00e9rapies innovantes, mais l&rsquo;industrie risque de faire double emploi avec l&rsquo;ETS\" tabindex=\"-1\" >\n\t\t\tLire la suite\t\t<\/a>\n\n\t\t\t\t<\/div>\n\t\t\t\t\t<\/div>\n\t\t<\/article>\n\t\t\t\t<article class=\"elementor-post elementor-grid-item post-17926 post type-post status-publish format-standard has-post-thumbnail hentry category-actualites\" role=\"listitem\">\n\t\t\t<div class=\"elementor-post__card\">\n\t\t\t\t<a class=\"elementor-post__thumbnail__link\" href=\"https:\/\/jstindt.com\/fr\/pricing-reimbursement-france-eaps\/\" tabindex=\"-1\" ><div class=\"elementor-post__thumbnail\"><img loading=\"lazy\" decoding=\"async\" width=\"724\" height=\"483\" src=\"https:\/\/jstindt.com\/wp-content\/uploads\/2024\/01\/france-one-of-the-largest-eu-markets-for-pharma.webp\" class=\"attachment-full size-full wp-image-10447\" alt=\"France One of the Largest Eu Markets for Pharma\" srcset=\"https:\/\/jstindt.com\/wp-content\/uploads\/2024\/01\/france-one-of-the-largest-eu-markets-for-pharma.webp 724w, https:\/\/jstindt.com\/wp-content\/uploads\/2024\/01\/france-one-of-the-largest-eu-markets-for-pharma-300x200.webp 300w, https:\/\/jstindt.com\/wp-content\/uploads\/2024\/01\/france-one-of-the-largest-eu-markets-for-pharma-150x100.webp 150w\" sizes=\"(max-width: 724px) 100vw, 724px\" \/><\/div><\/a>\n\t\t\t\t<div class=\"elementor-post__text\">\n\t\t\t\t<h4 class=\"elementor-post__title\">\n\t\t\t<a href=\"https:\/\/jstindt.com\/fr\/pricing-reimbursement-france-eaps\/\" >\n\t\t\t\tPricing  Reimbursement France &#8211; Obtenir un remboursement anticip\u00e9 gr\u00e2ce aux programmes d&rsquo;acc\u00e8s pr\u00e9coce\t\t\t<\/a>\n\t\t<\/h4>\n\t\t\t\t<div class=\"elementor-post__excerpt\">\n\t\t\t<p>Les programmes d&rsquo;acc\u00e8s pr\u00e9coce (AAP) rembours\u00e9s de la France permettent le remboursement de nouveaux m\u00e9dicaments avant le remboursement traditionnel et<\/p>\n\t\t<\/div>\n\t\t\n\t\t<a class=\"elementor-post__read-more\" href=\"https:\/\/jstindt.com\/fr\/pricing-reimbursement-france-eaps\/\" aria-label=\"En savoir plus sur Pricing  Reimbursement France &#8211; Obtenir un remboursement anticip\u00e9 gr\u00e2ce aux programmes d&rsquo;acc\u00e8s pr\u00e9coce\" tabindex=\"-1\" >\n\t\t\tLire la suite\t\t<\/a>\n\n\t\t\t\t<\/div>\n\t\t\t\t\t<\/div>\n\t\t<\/article>\n\t\t\t\t<\/div>\n\t\t\n\t\t\t\t<div class=\"e-load-more-anchor\" data-page=\"1\" data-max-page=\"2\" data-next-page=\"https:\/\/jstindt.com\/fr\/wp-json\/wp\/v2\/pages\/12045\/page\/2\/\"><\/div>\n\t\t\t\t<nav class=\"elementor-pagination\" aria-label=\"Pagination\">\n\t\t\t<span class=\"page-numbers prev\">\u00ab Pr\u00e9c\u00e9dent<\/span>\n<span aria-current=\"page\" class=\"page-numbers current\"><span class=\"elementor-screen-only\">Page<\/span>1<\/span>\n<a class=\"page-numbers\" href=\"https:\/\/jstindt.com\/fr\/wp-json\/wp\/v2\/pages\/12045\/page\/2\/\"><span class=\"elementor-screen-only\">Page<\/span>2<\/a>\n<a class=\"page-numbers next\" href=\"https:\/\/jstindt.com\/fr\/wp-json\/wp\/v2\/pages\/12045\/page\/2\/\">Suivant \u00bb<\/a>\t\t<\/nav>\n\t\t\t\t\t\t<\/div>\n\t\t\t\t<\/div>\n\t\t\t\t\t<\/div>\n\t\t\t\t<\/div>\n\t\t\t\t<\/div>\n\t\t","protected":false},"excerpt":{"rendered":"","protected":false},"author":3,"featured_media":12486,"parent":0,"menu_order":0,"comment_status":"closed","ping_status":"closed","template":"","meta":{"_acf_changed":false,"footnotes":""},"class_list":["post-12045","page","type-page","status-publish","has-post-thumbnail","hentry"],"acf":[],"_links":{"self":[{"href":"https:\/\/jstindt.com\/fr\/wp-json\/wp\/v2\/pages\/12045","targetHints":{"allow":["GET"]}}],"collection":[{"href":"https:\/\/jstindt.com\/fr\/wp-json\/wp\/v2\/pages"}],"about":[{"href":"https:\/\/jstindt.com\/fr\/wp-json\/wp\/v2\/types\/page"}],"author":[{"embeddable":true,"href":"https:\/\/jstindt.com\/fr\/wp-json\/wp\/v2\/users\/3"}],"replies":[{"embeddable":true,"href":"https:\/\/jstindt.com\/fr\/wp-json\/wp\/v2\/comments?post=12045"}],"version-history":[{"count":1,"href":"https:\/\/jstindt.com\/fr\/wp-json\/wp\/v2\/pages\/12045\/revisions"}],"predecessor-version":[{"id":12046,"href":"https:\/\/jstindt.com\/fr\/wp-json\/wp\/v2\/pages\/12045\/revisions\/12046"}],"wp:featuredmedia":[{"embeddable":true,"href":"https:\/\/jstindt.com\/fr\/wp-json\/wp\/v2\/media\/12486"}],"wp:attachment":[{"href":"https:\/\/jstindt.com\/fr\/wp-json\/wp\/v2\/media?parent=12045"}],"curies":[{"name":"wp","href":"https:\/\/api.w.org\/{rel}","templated":true}]}}