{"id":11279,"date":"2024-06-06T16:46:30","date_gmt":"2024-06-06T15:46:30","guid":{"rendered":"https:\/\/dev.jstindt.com\/programmes-dacces-anticipe\/"},"modified":"2024-06-10T14:39:30","modified_gmt":"2024-06-10T13:39:30","slug":"acces-precoce","status":"publish","type":"page","link":"https:\/\/jstindt.com\/fr\/acces-precoce\/","title":{"rendered":"Programmes d&rsquo;acc\u00e8s pr\u00e9coce"},"content":{"rendered":"\t\t<div data-elementor-type=\"wp-page\" data-elementor-id=\"11279\" class=\"elementor elementor-11279 elementor-2343\" data-elementor-post-type=\"page\">\n\t\t\t\t<div class=\"elementor-element elementor-element-5c57e075 e-flex e-con-boxed e-con e-parent\" data-id=\"5c57e075\" data-element_type=\"container\" data-e-type=\"container\">\n\t\t\t\t\t<div class=\"e-con-inner\">\n\t\t<div class=\"elementor-element elementor-element-4684420 e-con-full e-flex e-con e-child\" data-id=\"4684420\" data-element_type=\"container\" data-e-type=\"container\" data-settings=\"{&quot;background_background&quot;:&quot;classic&quot;}\">\n\t\t\t\t<div class=\"elementor-element elementor-element-116d5971 elementor-widget elementor-widget-text-editor\" data-id=\"116d5971\" data-element_type=\"widget\" data-e-type=\"widget\" data-widget_type=\"text-editor.default\">\n\t\t\t\t<div class=\"elementor-widget-container\">\n\t\t\t\t\t\t\t\t\t<p>Dans le domaine dynamique des programmes d\u2019acc\u00e8s pr\u00e9coces, Justin Stindt Consultants appara\u00eet comme une agence de conseil incontournable. Nos experts sp\u00e9cialis\u00e9s dans l&rsquo;acc\u00e8s au march\u00e9 pour les industries pharmaceutiques, biotechnologiques et medtechs fournissent des conseils essentiels pour naviguer dans ces processus complexes. En tant que cabinet de conseil international, nous offrons des connaissances sp\u00e9cialis\u00e9es et des perspectives strat\u00e9giques pour un acc\u00e8s r\u00e9ussi au march\u00e9.<\/p><p>Notre \u00e9quipe de sp\u00e9cialistes vous accompagne dans vos demandes d&rsquo;autorisation d&rsquo;acc\u00e8s pr\u00e9coce, \u00e0 la fois via des programmes d\u2019acc\u00e8s pr\u00e9coces rembours\u00e9s tels que l\u2019AAC\/AAP en France ou des programmes d\u2019usage compassionnel sur d\u2019autres march\u00e9s. Notre agence est reconnue pour son approche sur mesure dans le secteur de la sant\u00e9, accompagnant ses clients \u00e0 chaque \u00e9tape du programme d\u2019acc\u00e8s pr\u00e9coce.<\/p><p>Chez Justin Stindt Consultants, nous accordons la priorit\u00e9 \u00e0 une entr\u00e9e efficace et efficiente sur le march\u00e9, en tirant parti de notre expertise pour guider rapidement vos traitements innovants vers le march\u00e9.<\/p>\t\t\t\t\t\t\t\t<\/div>\n\t\t\t\t<\/div>\n\t\t\t\t<\/div>\n\t\t\t\t\t<\/div>\n\t\t\t\t<\/div>\n\t\t<div class=\"elementor-element elementor-element-185be5c9 e-flex e-con-boxed e-con e-parent\" data-id=\"185be5c9\" data-element_type=\"container\" data-e-type=\"container\">\n\t\t\t\t\t<div class=\"e-con-inner\">\n\t\t<div class=\"elementor-element elementor-element-39a7b7e5 e-con-full e-flex e-con e-child\" data-id=\"39a7b7e5\" data-element_type=\"container\" data-e-type=\"container\">\n\t\t\t\t<div class=\"elementor-element elementor-element-2d5eba16 elementor-widget__width-initial elementor-position-top elementor-widget elementor-widget-image-box\" data-id=\"2d5eba16\" data-element_type=\"widget\" data-e-type=\"widget\" data-widget_type=\"image-box.default\">\n\t\t\t\t<div class=\"elementor-widget-container\">\n\t\t\t\t\t<div class=\"elementor-image-box-wrapper\"><figure class=\"elementor-image-box-img\"><a href=\"https:\/\/jstindt.com\/fr\/acces-precoce-allemagne\/\" tabindex=\"-1\"><img fetchpriority=\"high\" decoding=\"async\" width=\"640\" height=\"480\" src=\"https:\/\/jstindt.com\/wp-content\/uploads\/2023\/06\/de.png\" class=\"attachment-full size-full wp-image-1943\" alt=\"Experts de l&#039;acc\u00e8s au march\u00e9 pharmaceutique Allemagne\" srcset=\"https:\/\/jstindt.com\/wp-content\/uploads\/2023\/06\/de.png 640w, https:\/\/jstindt.com\/wp-content\/uploads\/2023\/06\/de-300x225.png 300w, https:\/\/jstindt.com\/wp-content\/uploads\/2023\/06\/de-150x113.png 150w\" sizes=\"(max-width: 640px) 100vw, 640px\" \/><\/a><\/figure><div class=\"elementor-image-box-content\"><h3 class=\"elementor-image-box-title\"><a href=\"https:\/\/jstindt.com\/fr\/acces-precoce-allemagne\/\">Programmes d'acc\u00e8s anticip\u00e9 Allemagne<\/a><\/h3><\/div><\/div>\t\t\t\t<\/div>\n\t\t\t\t<\/div>\n\t\t\t\t<div class=\"elementor-element elementor-element-4417bf8f elementor-widget__width-initial elementor-position-top elementor-widget elementor-widget-image-box\" data-id=\"4417bf8f\" data-element_type=\"widget\" data-e-type=\"widget\" data-widget_type=\"image-box.default\">\n\t\t\t\t<div class=\"elementor-widget-container\">\n\t\t\t\t\t<div class=\"elementor-image-box-wrapper\"><figure class=\"elementor-image-box-img\"><a href=\"https:\/\/jstindt.com\/fr\/acces-precoce-italie\/\" tabindex=\"-1\"><img decoding=\"async\" width=\"640\" height=\"480\" src=\"https:\/\/jstindt.com\/wp-content\/uploads\/2023\/06\/it.png\" class=\"attachment-full size-full wp-image-1955\" alt=\"Experts de l&#039;acc\u00e8s au march\u00e9 pharmaceutique en Italie\" srcset=\"https:\/\/jstindt.com\/wp-content\/uploads\/2023\/06\/it.png 640w, https:\/\/jstindt.com\/wp-content\/uploads\/2023\/06\/it-300x225.png 300w, https:\/\/jstindt.com\/wp-content\/uploads\/2023\/06\/it-150x113.png 150w\" sizes=\"(max-width: 640px) 100vw, 640px\" \/><\/a><\/figure><div class=\"elementor-image-box-content\"><h3 class=\"elementor-image-box-title\"><a href=\"https:\/\/jstindt.com\/fr\/acces-precoce-italie\/\">Programmes d'acc\u00e8s anticip\u00e9 Italie<\/a><\/h3><\/div><\/div>\t\t\t\t<\/div>\n\t\t\t\t<\/div>\n\t\t\t\t<div class=\"elementor-element elementor-element-3379f718 elementor-widget__width-initial elementor-position-top elementor-widget elementor-widget-image-box\" data-id=\"3379f718\" data-element_type=\"widget\" data-e-type=\"widget\" data-widget_type=\"image-box.default\">\n\t\t\t\t<div class=\"elementor-widget-container\">\n\t\t\t\t\t<div class=\"elementor-image-box-wrapper\"><figure class=\"elementor-image-box-img\"><a href=\"https:\/\/jstindt.com\/fr\/acces-precoce-france\/\" tabindex=\"-1\"><img decoding=\"async\" width=\"640\" height=\"480\" src=\"https:\/\/jstindt.com\/wp-content\/uploads\/2023\/06\/fr.png\" class=\"attachment-full size-full wp-image-1931\" alt=\"Experts de l&#039;acc\u00e8s au march\u00e9 pharmaceutique France\" srcset=\"https:\/\/jstindt.com\/wp-content\/uploads\/2023\/06\/fr.png 640w, https:\/\/jstindt.com\/wp-content\/uploads\/2023\/06\/fr-300x225.png 300w, https:\/\/jstindt.com\/wp-content\/uploads\/2023\/06\/fr-150x113.png 150w\" sizes=\"(max-width: 640px) 100vw, 640px\" \/><\/a><\/figure><div class=\"elementor-image-box-content\"><h3 class=\"elementor-image-box-title\"><a href=\"https:\/\/jstindt.com\/fr\/acces-precoce-france\/\">Programmes d'acc\u00e8s pr\u00e9coce France<\/a><\/h3><\/div><\/div>\t\t\t\t<\/div>\n\t\t\t\t<\/div>\n\t\t\t\t<\/div>\n\t\t\t\t\t<\/div>\n\t\t\t\t<\/div>\n\t\t<div class=\"elementor-element elementor-element-58e4319 e-flex e-con-boxed e-con e-parent\" data-id=\"58e4319\" data-element_type=\"container\" data-e-type=\"container\">\n\t\t\t\t\t<div class=\"e-con-inner\">\n\t\t\t\t<div class=\"elementor-element elementor-element-6b447c2 elementor-widget elementor-widget-heading\" data-id=\"6b447c2\" data-element_type=\"widget\" data-e-type=\"widget\" data-widget_type=\"heading.default\">\n\t\t\t\t<div class=\"elementor-widget-container\">\n\t\t\t\t\t<h2 class=\"elementor-heading-title elementor-size-default\">T\u00c9MOIGNAGES DE CLIENTS<\/h2>\t\t\t\t<\/div>\n\t\t\t\t<\/div>\n\t\t\t\t<div class=\"elementor-element elementor-element-f0b14b8 elementor-pagination-type-bullets elementor-arrows-position-inside elementor-pagination-position-outside elementor-widget elementor-widget-loop-carousel\" data-id=\"f0b14b8\" data-element_type=\"widget\" data-e-type=\"widget\" data-settings=\"{&quot;template_id&quot;:8444,&quot;slides_to_show&quot;:&quot;1&quot;,&quot;_skin&quot;:&quot;post&quot;,&quot;slides_to_show_tablet&quot;:&quot;2&quot;,&quot;slides_to_show_mobile&quot;:&quot;1&quot;,&quot;slides_to_scroll&quot;:&quot;1&quot;,&quot;edit_handle_selector&quot;:&quot;.elementor-loop-container&quot;,&quot;autoplay&quot;:&quot;yes&quot;,&quot;autoplay_speed&quot;:5000,&quot;pause_on_hover&quot;:&quot;yes&quot;,&quot;pause_on_interaction&quot;:&quot;yes&quot;,&quot;infinite&quot;:&quot;yes&quot;,&quot;speed&quot;:500,&quot;offset_sides&quot;:&quot;none&quot;,&quot;arrows&quot;:&quot;yes&quot;,&quot;pagination&quot;:&quot;bullets&quot;,&quot;image_spacing_custom&quot;:{&quot;unit&quot;:&quot;px&quot;,&quot;size&quot;:10,&quot;sizes&quot;:[]},&quot;image_spacing_custom_tablet&quot;:{&quot;unit&quot;:&quot;px&quot;,&quot;size&quot;:&quot;&quot;,&quot;sizes&quot;:[]},&quot;image_spacing_custom_mobile&quot;:{&quot;unit&quot;:&quot;px&quot;,&quot;size&quot;:&quot;&quot;,&quot;sizes&quot;:[]}}\" data-widget_type=\"loop-carousel.post\">\n\t\t\t\t<div class=\"elementor-widget-container\">\n\t\t\t\t\t\t\t<div class=\"swiper elementor-loop-container elementor-grid\" role=\"list\" dir=\"ltr\">\n\t\t\t\t<div class=\"swiper-wrapper\" aria-live=\"off\">\n\t\t<style id=\"loop-8444\">.elementor-8444 .elementor-element.elementor-element-c2e4169{--display:flex;--justify-content:flex-start;--align-items:center;--container-widget-width:calc( ( 1 - var( --container-widget-flex-grow ) ) * 100% );--gap:1px 1px;--row-gap:1px;--column-gap:1px;}.elementor-8444 .elementor-element.elementor-element-dde4f1f{text-align:center;font-size:1.3em;font-style:italic;line-height:1.4em;width:var( --container-widget-width, 95% );max-width:95%;--container-widget-width:95%;--container-widget-flex-grow:0;}.elementor-8444 .elementor-element.elementor-element-dde4f1f > .elementor-widget-container{padding:16px 16px 16px 16px;background-color:var( --e-global-color-7bbd0f3 );border-style:solid;border-width:1px 1px 1px 1px;border-color:var( --e-global-color-secondary );}.elementor-8444 .elementor-element.elementor-element-dde4f1f.elementor-element{--align-self:center;}.elementor-8444 .elementor-element.elementor-element-f35d92e{--display:flex;--flex-direction:column;--container-widget-width:calc( ( 1 - var( --container-widget-flex-grow ) ) * 100% );--container-widget-height:initial;--container-widget-flex-grow:0;--container-widget-align-self:initial;--flex-wrap-mobile:wrap;--justify-content:flex-start;--align-items:center;}.elementor-8444 .elementor-element.elementor-element-50478c2 img{width:55px;height:55px;object-fit:cover;object-position:center center;border-style:solid;border-width:2px 2px 2px 2px;border-color:var( --e-global-color-primary );border-radius:999px 999px 999px 999px;}.elementor-8444 .elementor-element.elementor-element-50478c2 > .elementor-widget-container{margin:0px 0px 0px 0px;padding:0px 0px 0px 0px;}.elementor-8444 .elementor-element.elementor-element-06be1d8{--display:flex;--flex-direction:column;--container-widget-width:calc( ( 1 - var( --container-widget-flex-grow ) ) * 100% );--container-widget-height:initial;--container-widget-flex-grow:0;--container-widget-align-self:initial;--flex-wrap-mobile:wrap;--justify-content:flex-start;--align-items:center;--gap:0px 0px;--row-gap:0px;--column-gap:0px;--margin-top:0px;--margin-bottom:0px;--margin-left:0px;--margin-right:0px;--padding-top:0px;--padding-bottom:0px;--padding-left:20px;--padding-right:20px;}.elementor-8444 .elementor-element.elementor-element-06be1d8.e-con{--align-self:center;--flex-grow:0;--flex-shrink:1;}.elementor-8444 .elementor-element.elementor-element-26324e1{text-align:start;color:var( --e-global-color-secondary );}.elementor-8444 .elementor-element.elementor-element-26324e1 > .elementor-widget-container{margin:0px 0px 0px 0px;padding:0px 0px 0px 0px;}.elementor-8444 .elementor-element.elementor-element-43839e6{text-align:start;font-size:13px;}.elementor-8444 .elementor-element.elementor-element-43839e6 > .elementor-widget-container{margin:0px 0px 0px 0px;padding:0px 0px 0px 0px;}.elementor-8444 .elementor-element.elementor-element-43839e6.elementor-element{--order:99999 \/* order end hack *\/;}@media(min-width:768px){.elementor-8444 .elementor-element.elementor-element-06be1d8{--width:90%;}}<\/style>\t\t<div data-elementor-type=\"loop-item\" data-elementor-id=\"8444\" class=\"elementor elementor-8444 swiper-slide e-loop-item e-loop-item-10797 post-10797 testimonial type-testimonial status-publish hentry tag-mig-sleeper-fr\" data-elementor-post-type=\"elementor_library\" role=\"group\" aria-roledescription=\"slide\" data-custom-edit-handle=\"1\">\n\t\t\t<div class=\"elementor-element elementor-element-c2e4169 e-con-full e-flex e-con e-parent\" data-id=\"c2e4169\" data-element_type=\"container\" data-e-type=\"container\">\n\t\t\t\t<div class=\"elementor-element elementor-element-dde4f1f elementor-widget__width-initial elementor-widget elementor-widget-text-editor\" data-id=\"dde4f1f\" data-element_type=\"widget\" data-e-type=\"widget\" data-widget_type=\"text-editor.default\">\n\t\t\t\t<div class=\"elementor-widget-container\">\n\t\t\t\t\t\t\t\t\tNous avons eu la chance que Justin et son \u00e9quipe soutiennent le d\u00e9partement Market Access and Pricing chez Astellas \u00e0 de nombreuses reprises. Nous les avons engag\u00e9s pour travailler avec nous sur plusieurs projets de strat\u00e9gie de prix,de remboursement et de due diligence. Les informations claires et pr\u00e9cises fournies par ce travail ont jou\u00e9 un r\u00f4le d\u00e9terminant dans la d\u00e9finition de nos strat\u00e9gies en mati\u00e8re de valeur et de prix et ont facilit\u00e9 notre prise de d\u00e9cision. Nous sommes heureux d\u2019avoir Justin Stindt Consulting comme partenaire privil\u00e9gi\u00e9 afin de soutenir nos efforts en mati\u00e8re d\u2019acc\u00e8s au march\u00e9, de prix et de remboursement.   \t\t\t\t\t\t\t\t<\/div>\n\t\t\t\t<\/div>\n\t\t<div class=\"elementor-element elementor-element-f35d92e e-con-full e-flex e-con e-child\" data-id=\"f35d92e\" data-element_type=\"container\" data-e-type=\"container\">\n\t\t\t\t<div class=\"elementor-element elementor-element-50478c2 elementor-widget elementor-widget-image\" data-id=\"50478c2\" data-element_type=\"widget\" data-e-type=\"widget\" data-widget_type=\"image.default\">\n\t\t\t\t<div class=\"elementor-widget-container\">\n\t\t\t\t\t\t\t\t\t\t\t\t\t\t\t<img loading=\"lazy\" decoding=\"async\" width=\"150\" height=\"150\" src=\"https:\/\/jstindt.com\/wp-content\/uploads\/2023\/12\/Mig-Sleeper-150x150.jpg\" class=\"attachment-thumbnail size-thumbnail wp-image-8215\" alt=\"\" srcset=\"https:\/\/jstindt.com\/wp-content\/uploads\/2023\/12\/Mig-Sleeper-150x150.jpg 150w, https:\/\/jstindt.com\/wp-content\/uploads\/2023\/12\/Mig-Sleeper-96x96.jpg 96w, https:\/\/jstindt.com\/wp-content\/uploads\/2023\/12\/Mig-Sleeper.jpg 200w\" sizes=\"(max-width: 150px) 100vw, 150px\" \/>\t\t\t\t\t\t\t\t\t\t\t\t\t\t\t<\/div>\n\t\t\t\t<\/div>\n\t\t\t\t<\/div>\n\t\t<div class=\"elementor-element elementor-element-06be1d8 e-con-full e-flex e-con e-child\" data-id=\"06be1d8\" data-element_type=\"container\" data-e-type=\"container\">\n\t\t\t\t<div class=\"elementor-element elementor-element-26324e1 elementor-widget elementor-widget-text-editor\" data-id=\"26324e1\" data-element_type=\"widget\" data-e-type=\"widget\" data-widget_type=\"text-editor.default\">\n\t\t\t\t<div class=\"elementor-widget-container\">\n\t\t\t\t\t\t\t\t\tMig Sleeper\t\t\t\t\t\t\t\t<\/div>\n\t\t\t\t<\/div>\n\t\t\t\t<div class=\"elementor-element elementor-element-43839e6 elementor-widget elementor-widget-text-editor\" data-id=\"43839e6\" data-element_type=\"widget\" data-e-type=\"widget\" data-widget_type=\"text-editor.default\">\n\t\t\t\t<div class=\"elementor-widget-container\">\n\t\t\t\t\t\t\t\t\tVP MAx&amp;P Astellas\t\t\t\t\t\t\t\t<\/div>\n\t\t\t\t<\/div>\n\t\t\t\t<\/div>\n\t\t\t\t<\/div>\n\t\t\t\t<\/div>\n\t\t\t\t<div data-elementor-type=\"loop-item\" data-elementor-id=\"8444\" class=\"elementor elementor-8444 swiper-slide e-loop-item e-loop-item-11313 post-11313 testimonial type-testimonial status-publish hentry tag-eldon-mayer-fr\" data-elementor-post-type=\"elementor_library\" role=\"group\" aria-roledescription=\"slide\" data-custom-edit-handle=\"1\">\n\t\t\t<div class=\"elementor-element elementor-element-c2e4169 e-con-full e-flex e-con e-parent\" data-id=\"c2e4169\" data-element_type=\"container\" data-e-type=\"container\">\n\t\t\t\t<div class=\"elementor-element elementor-element-dde4f1f elementor-widget__width-initial elementor-widget elementor-widget-text-editor\" data-id=\"dde4f1f\" data-element_type=\"widget\" data-e-type=\"widget\" data-widget_type=\"text-editor.default\">\n\t\t\t\t<div class=\"elementor-widget-container\">\n\t\t\t\t\t\t\t\t\tJustin et son \u00e9quipe ont jou\u00e9 un r\u00f4le d\u00e9terminant pour garantir l&rsquo;acc\u00e8s des patients \u00e0 notre m\u00e9dicament et son remboursement dans plusieurs pays de l&rsquo;Union Europ\u00e9enne. . Gr\u00e2ce \u00e0 l\u2019expertise de Justin et \u00e0 son vaste r\u00e9seau intra UE, Il a aussi su mettre en \u0153uvre les comp\u00e9tences et connaissances n\u00e9cessaires pour identifier les pays de l&rsquo;UE o\u00f9 un remboursement \u00e9tait r\u00e9alisable. Le travail de Justin a rendu accessible un traitement vital et prolongateur de vie pour les patients souffrant d&rsquo;une maladie grave et rare, tout en fixant un prix comp\u00e9titif et en s\u00e9curisant le remboursement pour notre soci\u00e9t\u00e9.   \t\t\t\t\t\t\t\t<\/div>\n\t\t\t\t<\/div>\n\t\t<div class=\"elementor-element elementor-element-f35d92e e-con-full e-flex e-con e-child\" data-id=\"f35d92e\" data-element_type=\"container\" data-e-type=\"container\">\n\t\t\t\t<div class=\"elementor-element elementor-element-50478c2 elementor-widget elementor-widget-image\" data-id=\"50478c2\" data-element_type=\"widget\" data-e-type=\"widget\" data-widget_type=\"image.default\">\n\t\t\t\t<div class=\"elementor-widget-container\">\n\t\t\t\t\t\t\t\t\t\t\t\t\t\t\t<img loading=\"lazy\" decoding=\"async\" width=\"150\" height=\"150\" src=\"https:\/\/jstindt.com\/wp-content\/uploads\/2023\/12\/Eldon-Mayer-150x150.jpg\" class=\"attachment-thumbnail size-thumbnail wp-image-8197\" alt=\"\" srcset=\"https:\/\/jstindt.com\/wp-content\/uploads\/2023\/12\/Eldon-Mayer-150x150.jpg 150w, https:\/\/jstindt.com\/wp-content\/uploads\/2023\/12\/Eldon-Mayer-96x96.jpg 96w, https:\/\/jstindt.com\/wp-content\/uploads\/2023\/12\/Eldon-Mayer.jpg 200w\" sizes=\"(max-width: 150px) 100vw, 150px\" \/>\t\t\t\t\t\t\t\t\t\t\t\t\t\t\t<\/div>\n\t\t\t\t<\/div>\n\t\t\t\t<\/div>\n\t\t<div class=\"elementor-element elementor-element-06be1d8 e-con-full e-flex e-con e-child\" data-id=\"06be1d8\" data-element_type=\"container\" data-e-type=\"container\">\n\t\t\t\t<div class=\"elementor-element elementor-element-26324e1 elementor-widget elementor-widget-text-editor\" data-id=\"26324e1\" data-element_type=\"widget\" data-e-type=\"widget\" data-widget_type=\"text-editor.default\">\n\t\t\t\t<div class=\"elementor-widget-container\">\n\t\t\t\t\t\t\t\t\tEldon Mayer\t\t\t\t\t\t\t\t<\/div>\n\t\t\t\t<\/div>\n\t\t\t\t<div class=\"elementor-element elementor-element-43839e6 elementor-widget elementor-widget-text-editor\" data-id=\"43839e6\" data-element_type=\"widget\" data-e-type=\"widget\" data-widget_type=\"text-editor.default\">\n\t\t\t\t<div class=\"elementor-widget-container\">\n\t\t\t\t\t\t\t\t\tChief Commercial Officer Eiger Biopharmaceuticals\t\t\t\t\t\t\t\t<\/div>\n\t\t\t\t<\/div>\n\t\t\t\t<\/div>\n\t\t\t\t<\/div>\n\t\t\t\t<\/div>\n\t\t\t\t<div data-elementor-type=\"loop-item\" data-elementor-id=\"8444\" class=\"elementor elementor-8444 swiper-slide e-loop-item e-loop-item-11315 post-11315 testimonial type-testimonial status-publish hentry tag-antoine-bassel-amer-fr\" data-elementor-post-type=\"elementor_library\" role=\"group\" aria-roledescription=\"slide\" data-custom-edit-handle=\"1\">\n\t\t\t<div class=\"elementor-element elementor-element-c2e4169 e-con-full e-flex e-con e-parent\" data-id=\"c2e4169\" data-element_type=\"container\" data-e-type=\"container\">\n\t\t\t\t<div class=\"elementor-element elementor-element-dde4f1f elementor-widget__width-initial elementor-widget elementor-widget-text-editor\" data-id=\"dde4f1f\" data-element_type=\"widget\" data-e-type=\"widget\" data-widget_type=\"text-editor.default\">\n\t\t\t\t<div class=\"elementor-widget-container\">\n\t\t\t\t\t\t\t\t\tJustin Stindt Consulting est un expert de confiance dans les strat\u00e9gies d\u2019acc\u00e8s aux march\u00e9s \u00e0 travers l\u2019Europe. J\u2019ai travaill\u00e9 avec l\u2019\u00e9quipe de Justin Stindt Consulting sur plusieurs projets allant de l\u2019acc\u00e8s pr\u00e9coce \u00e0 des m\u00e9dicaments innovants \u00e0 des processus d\u2019acc\u00e8s efficaces : HTA, valorisation et prix. J\u2019appr\u00e9cie leur niveau d\u2019expertise, la grande qualit\u00e9 des produits livr\u00e9s, leur fiabilit\u00e9 et leur d\u00e9vouement aux projets qui leur sont confi\u00e9s.  \t\t\t\t\t\t\t\t<\/div>\n\t\t\t\t<\/div>\n\t\t<div class=\"elementor-element elementor-element-f35d92e e-con-full e-flex e-con e-child\" data-id=\"f35d92e\" data-element_type=\"container\" data-e-type=\"container\">\n\t\t\t\t<div class=\"elementor-element elementor-element-50478c2 elementor-widget elementor-widget-image\" data-id=\"50478c2\" data-element_type=\"widget\" data-e-type=\"widget\" data-widget_type=\"image.default\">\n\t\t\t\t<div class=\"elementor-widget-container\">\n\t\t\t\t\t\t\t\t\t\t\t\t\t\t\t<img loading=\"lazy\" decoding=\"async\" width=\"150\" height=\"150\" src=\"https:\/\/jstindt.com\/wp-content\/uploads\/2023\/12\/Antoine-Bassel-Amer-150x150.jpg\" class=\"attachment-thumbnail size-thumbnail wp-image-8185\" alt=\"\" srcset=\"https:\/\/jstindt.com\/wp-content\/uploads\/2023\/12\/Antoine-Bassel-Amer-150x150.jpg 150w, https:\/\/jstindt.com\/wp-content\/uploads\/2023\/12\/Antoine-Bassel-Amer-96x96.jpg 96w, https:\/\/jstindt.com\/wp-content\/uploads\/2023\/12\/Antoine-Bassel-Amer.jpg 200w\" sizes=\"(max-width: 150px) 100vw, 150px\" \/>\t\t\t\t\t\t\t\t\t\t\t\t\t\t\t<\/div>\n\t\t\t\t<\/div>\n\t\t\t\t<\/div>\n\t\t<div class=\"elementor-element elementor-element-06be1d8 e-con-full e-flex e-con e-child\" data-id=\"06be1d8\" data-element_type=\"container\" data-e-type=\"container\">\n\t\t\t\t<div class=\"elementor-element elementor-element-26324e1 elementor-widget elementor-widget-text-editor\" data-id=\"26324e1\" data-element_type=\"widget\" data-e-type=\"widget\" data-widget_type=\"text-editor.default\">\n\t\t\t\t<div class=\"elementor-widget-container\">\n\t\t\t\t\t\t\t\t\tAntoine Bassel Amer\t\t\t\t\t\t\t\t<\/div>\n\t\t\t\t<\/div>\n\t\t\t\t<div class=\"elementor-element elementor-element-43839e6 elementor-widget elementor-widget-text-editor\" data-id=\"43839e6\" data-element_type=\"widget\" data-e-type=\"widget\" data-widget_type=\"text-editor.default\">\n\t\t\t\t<div class=\"elementor-widget-container\">\n\t\t\t\t\t\t\t\t\tSenior VP Europe Indivior\t\t\t\t\t\t\t\t<\/div>\n\t\t\t\t<\/div>\n\t\t\t\t<\/div>\n\t\t\t\t<\/div>\n\t\t\t\t<\/div>\n\t\t\t\t<\/div>\n\t\t<\/div>\n\t\t\t\t\t<div class=\"elementor-swiper-button elementor-swiper-button-prev\" role=\"button\" tabindex=\"0\" aria-label=\"Pr\u00e9c\u00e9dent\">\n\t\t\t\t<i aria-hidden=\"true\" class=\"fas fa-angle-left\"><\/i>\t\t\t<\/div>\n\t\t\t<div class=\"elementor-swiper-button elementor-swiper-button-next\" role=\"button\" tabindex=\"0\" aria-label=\"Suivant\">\n\t\t\t\t<i aria-hidden=\"true\" class=\"eicon-chevron-right\"><\/i>\t\t\t<\/div>\n\t\t\t\t\t<div class=\"swiper-pagination\"><\/div>\n\t\t\t\t\t\t<\/div>\n\t\t\t\t<\/div>\n\t\t\t\t<div class=\"elementor-element elementor-element-de1c6a8 elementor-align-center elementor-widget elementor-widget-global elementor-global-12120 elementor-global-8750 elementor-widget-button\" data-id=\"de1c6a8\" data-element_type=\"widget\" data-e-type=\"widget\" data-widget_type=\"button.default\">\n\t\t\t\t<div class=\"elementor-widget-container\">\n\t\t\t\t\t\t\t\t\t<div class=\"elementor-button-wrapper\">\n\t\t\t\t\t<a class=\"elementor-button elementor-button-link elementor-size-sm\" href=\"https:\/\/jstindt.com\/fr\/temoignages\/\">\n\t\t\t\t\t\t<span class=\"elementor-button-content-wrapper\">\n\t\t\t\t\t\t\t\t\t<span class=\"elementor-button-text\">Lire tous les t\u00e9moignages<\/span>\n\t\t\t\t\t<\/span>\n\t\t\t\t\t<\/a>\n\t\t\t\t<\/div>\n\t\t\t\t\t\t\t\t<\/div>\n\t\t\t\t<\/div>\n\t\t\t\t\t<\/div>\n\t\t\t\t<\/div>\n\t\t\t\t<\/div>\n\t\t","protected":false},"excerpt":{"rendered":"<p>Programmes d\u2019acc\u00e8s pr\u00e9coces rembours\u00e9s<\/p>\n","protected":false},"author":3,"featured_media":9702,"parent":0,"menu_order":0,"comment_status":"closed","ping_status":"closed","template":"","meta":{"_acf_changed":false,"footnotes":""},"class_list":["post-11279","page","type-page","status-publish","has-post-thumbnail","hentry"],"acf":[],"_links":{"self":[{"href":"https:\/\/jstindt.com\/fr\/wp-json\/wp\/v2\/pages\/11279","targetHints":{"allow":["GET"]}}],"collection":[{"href":"https:\/\/jstindt.com\/fr\/wp-json\/wp\/v2\/pages"}],"about":[{"href":"https:\/\/jstindt.com\/fr\/wp-json\/wp\/v2\/types\/page"}],"author":[{"embeddable":true,"href":"https:\/\/jstindt.com\/fr\/wp-json\/wp\/v2\/users\/3"}],"replies":[{"embeddable":true,"href":"https:\/\/jstindt.com\/fr\/wp-json\/wp\/v2\/comments?post=11279"}],"version-history":[{"count":24,"href":"https:\/\/jstindt.com\/fr\/wp-json\/wp\/v2\/pages\/11279\/revisions"}],"predecessor-version":[{"id":17487,"href":"https:\/\/jstindt.com\/fr\/wp-json\/wp\/v2\/pages\/11279\/revisions\/17487"}],"wp:featuredmedia":[{"embeddable":true,"href":"https:\/\/jstindt.com\/fr\/wp-json\/wp\/v2\/media\/9702"}],"wp:attachment":[{"href":"https:\/\/jstindt.com\/fr\/wp-json\/wp\/v2\/media?parent=11279"}],"curies":[{"name":"wp","href":"https:\/\/api.w.org\/{rel}","templated":true}]}}