{"id":11143,"date":"2024-01-23T18:19:57","date_gmt":"2024-01-23T17:19:57","guid":{"rendered":"https:\/\/dev.jstindt.com\/conseils-strategiques-sur-la-tarification-et-les-voies-de-remboursement\/"},"modified":"2024-06-06T15:53:22","modified_gmt":"2024-06-06T14:53:22","slug":"conseil-strategique-prix-remboursement","status":"publish","type":"page","link":"https:\/\/jstindt.com\/fr\/conseil-strategique-prix-remboursement\/","title":{"rendered":"Conseil strat\u00e9gique sur la proc\u00e9dure de prix et de remboursement"},"content":{"rendered":"\t\t<div data-elementor-type=\"wp-page\" data-elementor-id=\"11143\" class=\"elementor elementor-11143 elementor-2190\" data-elementor-post-type=\"page\">\n\t\t\t\t<div class=\"elementor-element elementor-element-739dc87b e-flex e-con-boxed e-con e-parent\" data-id=\"739dc87b\" data-element_type=\"container\" data-e-type=\"container\">\n\t\t\t\t\t<div class=\"e-con-inner\">\n\t\t<div class=\"elementor-element elementor-element-995a057 e-con-full e-flex e-con e-child\" data-id=\"995a057\" data-element_type=\"container\" data-e-type=\"container\" data-settings=\"{&quot;background_background&quot;:&quot;classic&quot;}\">\n\t\t\t\t<div class=\"elementor-element elementor-element-2a61798c elementor-widget elementor-widget-text-editor\" data-id=\"2a61798c\" data-element_type=\"widget\" data-e-type=\"widget\" data-widget_type=\"text-editor.default\">\n\t\t\t\t<div class=\"elementor-widget-container\">\n\t\t\t\t\t\t\t\t\t<p>Bienvenue chez Justin Stindt Consultants, votre partenaire d\u00e9vou\u00e9 dans l&rsquo;\u00e9laboration de strat\u00e9gies de prix et de remboursement efficaces. Notre agence excelle dans la formulation d&rsquo;approches globales en mati\u00e8re de prix et de remboursement dans l&rsquo;industrie pharmaceutique, en veillant \u00e0 ce que vos nouveaux produits non seulement acc\u00e8dent au march\u00e9, mais le fassent d&rsquo;une mani\u00e8re qui maximise la rentabilit\u00e9 et la durabilit\u00e9. Tirez parti de notre r\u00e9seau mondial de payeurs, d&rsquo;experts cliniques et d&rsquo;une \u00e9quipe de consultants sp\u00e9cialis\u00e9s pour naviguer \u00e0 travers les voies complexes des d\u00e9fis de l&rsquo;acc\u00e8s au march\u00e9. Notre soci\u00e9t\u00e9 fournit un service complet de soutien au d\u00e9veloppement et \u00e0 la mise en \u0153uvre de strat\u00e9gies de prix et de remboursement, ce qui comprend la triangulation de l&rsquo;\u00e9talonnage analogique, l&rsquo;\u00e9valuation de la volont\u00e9 de payer des payeurs par le biais de la recherche sur les payeurs et l&rsquo;exploitation de notre exp\u00e9rience de centaines de strat\u00e9gies de prix et de remboursement pour garantir que votre produit atteigne un prix et un acc\u00e8s au march\u00e9 optimaux.   &nbsp;<\/p>\n\t\t\t\t\t\t\t\t<\/div>\n\t\t\t\t<\/div>\n\t\t\t\t<\/div>\n\t\t\t\t\t<\/div>\n\t\t\t\t<\/div>\n\t\t<div class=\"elementor-element elementor-element-167e722 e-flex e-con-boxed e-con e-parent\" data-id=\"167e722\" data-element_type=\"container\" data-e-type=\"container\">\n\t\t\t\t\t<div class=\"e-con-inner\">\n\t\t<div class=\"elementor-element elementor-element-5a6c513 e-con-full e-flex e-con e-child\" data-id=\"5a6c513\" data-element_type=\"container\" data-e-type=\"container\">\n\t\t\t\t<div class=\"elementor-element elementor-element-bfef637 elementor-widget__width-initial elementor-position-top elementor-widget elementor-widget-image-box\" data-id=\"bfef637\" data-element_type=\"widget\" data-e-type=\"widget\" data-widget_type=\"image-box.default\">\n\t\t\t\t<div class=\"elementor-widget-container\">\n\t\t\t\t\t<div class=\"elementor-image-box-wrapper\"><figure class=\"elementor-image-box-img\"><a href=\"https:\/\/jstindt.com\/fr\/conseil-strategique-prix-remboursement-us\/\" tabindex=\"-1\"><img fetchpriority=\"high\" decoding=\"async\" width=\"640\" height=\"480\" src=\"https:\/\/jstindt.com\/wp-content\/uploads\/2023\/06\/us.png\" class=\"attachment-full size-full wp-image-1925\" alt=\"Experts en mati\u00e8re d&#039;acc\u00e8s au march\u00e9 pharmaceutique \u00c9tats-Unis\" srcset=\"https:\/\/jstindt.com\/wp-content\/uploads\/2023\/06\/us.png 640w, https:\/\/jstindt.com\/wp-content\/uploads\/2023\/06\/us-300x225.png 300w, https:\/\/jstindt.com\/wp-content\/uploads\/2023\/06\/us-150x113.png 150w\" sizes=\"(max-width: 640px) 100vw, 640px\" \/><\/a><\/figure><div class=\"elementor-image-box-content\"><h3 class=\"elementor-image-box-title\"><a href=\"https:\/\/jstindt.com\/fr\/conseil-strategique-prix-remboursement-us\/\">Conseil strat\u00e9gique sur les procedures de prix et de remboursement<br> Etat-Unis<\/a><\/h3><\/div><\/div>\t\t\t\t<\/div>\n\t\t\t\t<\/div>\n\t\t\t\t<div class=\"elementor-element elementor-element-f9a60f0 elementor-widget__width-initial elementor-position-top elementor-widget elementor-widget-image-box\" data-id=\"f9a60f0\" data-element_type=\"widget\" data-e-type=\"widget\" data-widget_type=\"image-box.default\">\n\t\t\t\t<div class=\"elementor-widget-container\">\n\t\t\t\t\t<div class=\"elementor-image-box-wrapper\"><figure class=\"elementor-image-box-img\"><a href=\"https:\/\/jstindt.com\/fr\/conseil-strategique-prix-remboursement-royaume-uni\/\" tabindex=\"-1\"><img decoding=\"async\" width=\"640\" height=\"480\" src=\"https:\/\/jstindt.com\/wp-content\/uploads\/2023\/06\/gb.png\" class=\"attachment-full size-full wp-image-1937\" alt=\"Experts de l&#039;acc\u00e8s au march\u00e9 pharmaceutique au Royaume-Uni\" srcset=\"https:\/\/jstindt.com\/wp-content\/uploads\/2023\/06\/gb.png 640w, https:\/\/jstindt.com\/wp-content\/uploads\/2023\/06\/gb-300x225.png 300w, https:\/\/jstindt.com\/wp-content\/uploads\/2023\/06\/gb-150x113.png 150w\" sizes=\"(max-width: 640px) 100vw, 640px\" \/><\/a><\/figure><div class=\"elementor-image-box-content\"><h3 class=\"elementor-image-box-title\"><a href=\"https:\/\/jstindt.com\/fr\/conseil-strategique-prix-remboursement-royaume-uni\/\">Conseil strat\u00e9gique sur les procedures de prix et de remboursement <br> Royaume-Uni<\/a><\/h3><\/div><\/div>\t\t\t\t<\/div>\n\t\t\t\t<\/div>\n\t\t\t\t<div class=\"elementor-element elementor-element-66e9da7 elementor-widget__width-initial elementor-position-top elementor-widget elementor-widget-image-box\" data-id=\"66e9da7\" data-element_type=\"widget\" data-e-type=\"widget\" data-widget_type=\"image-box.default\">\n\t\t\t\t<div class=\"elementor-widget-container\">\n\t\t\t\t\t<div class=\"elementor-image-box-wrapper\"><figure class=\"elementor-image-box-img\"><a href=\"https:\/\/jstindt.com\/fr\/conseil-strategique-prix-remboursement-france\/\" tabindex=\"-1\"><img decoding=\"async\" width=\"640\" height=\"480\" src=\"https:\/\/jstindt.com\/wp-content\/uploads\/2023\/06\/fr.png\" class=\"attachment-full size-full wp-image-1931\" alt=\"Experts de l&#039;acc\u00e8s au march\u00e9 pharmaceutique France\" srcset=\"https:\/\/jstindt.com\/wp-content\/uploads\/2023\/06\/fr.png 640w, https:\/\/jstindt.com\/wp-content\/uploads\/2023\/06\/fr-300x225.png 300w, https:\/\/jstindt.com\/wp-content\/uploads\/2023\/06\/fr-150x113.png 150w\" sizes=\"(max-width: 640px) 100vw, 640px\" \/><\/a><\/figure><div class=\"elementor-image-box-content\"><h3 class=\"elementor-image-box-title\"><a href=\"https:\/\/jstindt.com\/fr\/conseil-strategique-prix-remboursement-france\/\">Conseil strat\u00e9gique sur les procedures de prix et de remboursement <br>France<\/a><\/h3><\/div><\/div>\t\t\t\t<\/div>\n\t\t\t\t<\/div>\n\t\t\t\t<\/div>\n\t\t<div class=\"elementor-element elementor-element-eab541a e-con-full e-flex e-con e-child\" data-id=\"eab541a\" data-element_type=\"container\" data-e-type=\"container\">\n\t\t\t\t<div class=\"elementor-element elementor-element-57c4d48 elementor-widget__width-initial elementor-position-top elementor-widget elementor-widget-image-box\" data-id=\"57c4d48\" data-element_type=\"widget\" data-e-type=\"widget\" data-widget_type=\"image-box.default\">\n\t\t\t\t<div class=\"elementor-widget-container\">\n\t\t\t\t\t<div class=\"elementor-image-box-wrapper\"><figure class=\"elementor-image-box-img\"><a href=\"https:\/\/jstindt.com\/fr\/conseil-strategique-prix-remboursement-allemagne\/\" tabindex=\"-1\"><img loading=\"lazy\" decoding=\"async\" width=\"640\" height=\"480\" src=\"https:\/\/jstindt.com\/wp-content\/uploads\/2023\/06\/de.png\" class=\"attachment-full size-full wp-image-1943\" alt=\"Experts de l&#039;acc\u00e8s au march\u00e9 pharmaceutique Allemagne\" srcset=\"https:\/\/jstindt.com\/wp-content\/uploads\/2023\/06\/de.png 640w, https:\/\/jstindt.com\/wp-content\/uploads\/2023\/06\/de-300x225.png 300w, https:\/\/jstindt.com\/wp-content\/uploads\/2023\/06\/de-150x113.png 150w\" sizes=\"(max-width: 640px) 100vw, 640px\" \/><\/a><\/figure><div class=\"elementor-image-box-content\"><h3 class=\"elementor-image-box-title\"><a href=\"https:\/\/jstindt.com\/fr\/conseil-strategique-prix-remboursement-allemagne\/\">Conseil strat\u00e9gique sur les procedures de prix et de remboursement <br>Allemagne<\/a><\/h3><\/div><\/div>\t\t\t\t<\/div>\n\t\t\t\t<\/div>\n\t\t\t\t<div class=\"elementor-element elementor-element-ee0327f elementor-widget__width-initial elementor-position-top elementor-widget elementor-widget-image-box\" data-id=\"ee0327f\" data-element_type=\"widget\" data-e-type=\"widget\" data-widget_type=\"image-box.default\">\n\t\t\t\t<div class=\"elementor-widget-container\">\n\t\t\t\t\t<div class=\"elementor-image-box-wrapper\"><figure class=\"elementor-image-box-img\"><a href=\"https:\/\/jstindt.com\/fr\/conseil-strategique-prix-remboursement-italie\/\" tabindex=\"-1\"><img loading=\"lazy\" decoding=\"async\" width=\"640\" height=\"480\" src=\"https:\/\/jstindt.com\/wp-content\/uploads\/2023\/06\/it.png\" class=\"attachment-full size-full wp-image-1955\" alt=\"Experts de l&#039;acc\u00e8s au march\u00e9 pharmaceutique en Italie\" srcset=\"https:\/\/jstindt.com\/wp-content\/uploads\/2023\/06\/it.png 640w, https:\/\/jstindt.com\/wp-content\/uploads\/2023\/06\/it-300x225.png 300w, https:\/\/jstindt.com\/wp-content\/uploads\/2023\/06\/it-150x113.png 150w\" sizes=\"(max-width: 640px) 100vw, 640px\" \/><\/a><\/figure><div class=\"elementor-image-box-content\"><h3 class=\"elementor-image-box-title\"><a href=\"https:\/\/jstindt.com\/fr\/conseil-strategique-prix-remboursement-italie\/\">Conseil strat\u00e9gique sur les procedures de prix et de remboursement <br> Italie<\/a><\/h3><\/div><\/div>\t\t\t\t<\/div>\n\t\t\t\t<\/div>\n\t\t\t\t<div class=\"elementor-element elementor-element-174c940 elementor-widget__width-initial elementor-position-top elementor-widget elementor-widget-image-box\" data-id=\"174c940\" data-element_type=\"widget\" data-e-type=\"widget\" data-widget_type=\"image-box.default\">\n\t\t\t\t<div class=\"elementor-widget-container\">\n\t\t\t\t\t<div class=\"elementor-image-box-wrapper\"><figure class=\"elementor-image-box-img\"><a href=\"https:\/\/jstindt.com\/fr\/conseil-strategique-prix-remboursement-espagne\/\" tabindex=\"-1\"><img loading=\"lazy\" decoding=\"async\" width=\"640\" height=\"480\" src=\"https:\/\/jstindt.com\/wp-content\/uploads\/2023\/06\/es.png\" class=\"attachment-full size-full wp-image-1961\" alt=\"Experts en acc\u00e8s au march\u00e9 pharmaceutique Espagne\" srcset=\"https:\/\/jstindt.com\/wp-content\/uploads\/2023\/06\/es.png 640w, https:\/\/jstindt.com\/wp-content\/uploads\/2023\/06\/es-300x225.png 300w, https:\/\/jstindt.com\/wp-content\/uploads\/2023\/06\/es-150x113.png 150w\" sizes=\"(max-width: 640px) 100vw, 640px\" \/><\/a><\/figure><div class=\"elementor-image-box-content\"><h3 class=\"elementor-image-box-title\"><a href=\"https:\/\/jstindt.com\/fr\/conseil-strategique-prix-remboursement-espagne\/\">Conseil strat\u00e9gique sur les procedures de prix et de remboursement <br>Espagne<\/a><\/h3><\/div><\/div>\t\t\t\t<\/div>\n\t\t\t\t<\/div>\n\t\t\t\t<\/div>\n\t\t\t\t\t<\/div>\n\t\t\t\t<\/div>\n\t\t\t\t<\/div>\n\t\t","protected":false},"excerpt":{"rendered":"<p>Bienvenue chez Justin Stindt Consultants, votre partenaire d\u00e9vou\u00e9 dans l&rsquo;\u00e9laboration de strat\u00e9gies de prix et de remboursement efficaces. Notre agence excelle dans la formulation d&rsquo;approches globales en mati\u00e8re de prix et de remboursement dans l&rsquo;industrie pharmaceutique, en veillant \u00e0 ce que vos nouveaux produits non seulement acc\u00e8dent au march\u00e9, mais le fassent d&rsquo;une mani\u00e8re qui [&hellip;]<\/p>\n","protected":false},"author":3,"featured_media":9171,"parent":0,"menu_order":0,"comment_status":"closed","ping_status":"closed","template":"","meta":{"_acf_changed":false,"footnotes":""},"class_list":["post-11143","page","type-page","status-publish","has-post-thumbnail","hentry"],"acf":[],"_links":{"self":[{"href":"https:\/\/jstindt.com\/fr\/wp-json\/wp\/v2\/pages\/11143","targetHints":{"allow":["GET"]}}],"collection":[{"href":"https:\/\/jstindt.com\/fr\/wp-json\/wp\/v2\/pages"}],"about":[{"href":"https:\/\/jstindt.com\/fr\/wp-json\/wp\/v2\/types\/page"}],"author":[{"embeddable":true,"href":"https:\/\/jstindt.com\/fr\/wp-json\/wp\/v2\/users\/3"}],"replies":[{"embeddable":true,"href":"https:\/\/jstindt.com\/fr\/wp-json\/wp\/v2\/comments?post=11143"}],"version-history":[{"count":26,"href":"https:\/\/jstindt.com\/fr\/wp-json\/wp\/v2\/pages\/11143\/revisions"}],"predecessor-version":[{"id":17287,"href":"https:\/\/jstindt.com\/fr\/wp-json\/wp\/v2\/pages\/11143\/revisions\/17287"}],"wp:featuredmedia":[{"embeddable":true,"href":"https:\/\/jstindt.com\/fr\/wp-json\/wp\/v2\/media\/9171"}],"wp:attachment":[{"href":"https:\/\/jstindt.com\/fr\/wp-json\/wp\/v2\/media?parent=11143"}],"curies":[{"name":"wp","href":"https:\/\/api.w.org\/{rel}","templated":true}]}}