{"id":19249,"date":"2025-02-13T15:18:27","date_gmt":"2025-02-13T14:18:27","guid":{"rendered":"https:\/\/jstindt.com\/?page_id=19249"},"modified":"2025-03-20T16:28:47","modified_gmt":"2025-03-20T15:28:47","slug":"acceso-al-mercado-con-amcp","status":"publish","type":"page","link":"https:\/\/jstindt.com\/es\/acceso-al-mercado-con-amcp\/","title":{"rendered":"Acceso al mercado con AMCP: Su gu\u00eda sobre la Academia de Farmacia en Gesti\u00f3n Sanitaria de EE. UU."},"content":{"rendered":"\t\t<div data-elementor-type=\"wp-page\" data-elementor-id=\"19249\" class=\"elementor elementor-19249 elementor-18680\" data-elementor-post-type=\"page\">\n\t\t\t\t<div class=\"elementor-element elementor-element-c62871d e-flex e-con-boxed e-con e-parent\" data-id=\"c62871d\" data-element_type=\"container\" data-e-type=\"container\">\n\t\t\t\t\t<div class=\"e-con-inner\">\n\t\t\t\t<div class=\"elementor-element elementor-element-bed4e2e elementor-widget elementor-widget-text-editor\" data-id=\"bed4e2e\" data-element_type=\"widget\" data-e-type=\"widget\" data-widget_type=\"text-editor.default\">\n\t\t\t\t<div class=\"elementor-widget-container\">\n\t\t\t\t\t\t\t\t\t<p><span style=\"font-weight: 400;\">La <\/span><i><span style=\"font-weight: 400;\">Academy of Managed Care Pharmacy<\/span><\/i><span style=\"font-weight: 400;\"> (<\/span><i><span style=\"font-weight: 400;\">AMCP<\/span><\/i><span style=\"font-weight: 400;\">) es una asociaci\u00f3n profesional dedicada a garantizar que los pacientes tengan acceso a los medicamentos que necesitan a precios asequibles. Fundada en 1988, la AMCP cuenta con una membres\u00eda diversa que incluye farmac\u00e9uticos, m\u00e9dicos, enfermeros y profesionales de la industria biofarmac\u00e9utica y de ciencias de la vida. Estos miembros utilizan su experiencia en evidencia cl\u00ednica y econom\u00eda de la salud para optimizar el dise\u00f1o de beneficios farmac\u00e9uticos y la gesti\u00f3n de la salud de la poblaci\u00f3n. (<\/span><a href=\"https:\/\/www.amcp.org\/\" target=\"_blank\" rel=\"noopener\"><span style=\"font-weight: 400;\">amcp.org<\/span><\/a><span style=\"font-weight: 400;\">)<\/span><\/p><h2><b>Funciones principales de la AMCP<\/b><\/h2><p><span style=\"font-weight: 400;\">Las principales responsabilidades de la AMCP incluyen:<\/span><\/p><ul><li><span style=\"font-weight: 400;\"> \u00a0 \u00a0 <\/span><b>Defensa y desarrollo de pol\u00edticas:<\/b><span style=\"font-weight: 400;\"> Representaci\u00f3n de los intereses de los profesionales de farmacia en gesti\u00f3n sanitaria en cuestiones legislativas y regulatorias para garantizar pol\u00edticas que favorezcan la gesti\u00f3n \u00f3ptima de los medicamentos y la atenci\u00f3n al paciente. (<\/span><a href=\"https:\/\/www.amcp.org\/\" target=\"_blank\" rel=\"noopener\"><span style=\"font-weight: 400;\">amcp.org<\/span><\/a><span style=\"font-weight: 400;\">)<\/span><\/li><li><span style=\"font-weight: 400;\"> \u00a0 \u00a0 <\/span><b>Educaci\u00f3n y desarrollo profesional:<\/b><span style=\"font-weight: 400;\"> Provisi\u00f3n de una amplia gama de oportunidades de formaci\u00f3n, que incluyen eventos en vivo, seminarios web grabados y cursos en l\u00ednea, para mejorar el conocimiento y las habilidades de sus miembros. (<\/span><a href=\"https:\/\/www.amcp.org\/\"><span style=\"font-weight: 400;\">amcp.org<\/span><\/a><span style=\"font-weight: 400;\">)<\/span><\/li><li><b>Investigaci\u00f3n y publicaciones:<\/b><span style=\"font-weight: 400;\"> Publicaci\u00f3n del <\/span><i><span style=\"font-weight: 400;\">Journal of Managed Care &amp; Specialty Pharmacy<\/span><\/i><span style=\"font-weight: 400;\"> (<\/span><i><span style=\"font-weight: 400;\">JMCP<\/span><\/i><span style=\"font-weight: 400;\">) y otros recursos para difundir hallazgos de investigaci\u00f3n y mejores pr\u00e1cticas en farmacia en gesti\u00f3n sanitaria.<\/span><\/li><\/ul><h2><b>Direcci\u00f3n y contactos clave<\/b><\/h2><p><span style=\"font-weight: 400;\">A fecha de enero de 2025, AMCP est\u00e1 dirigida por <\/span><b>Christina J. Barrington, PharmD<\/b><span style=\"font-weight: 400;\">, presidenta de la organizaci\u00f3n, quien supervisa las iniciativas estrat\u00e9gicas y operativas.<\/span><\/p><h3><b>Contacto de AMCP<\/b><\/h3><ul><li><span style=\"font-weight: 400;\"> \u00a0 \u00a0 <\/span><b>Sitio web:<\/b><a href=\"https:\/\/www.amcp.org\/\" target=\"_blank\" rel=\"noopener\"> <span style=\"font-weight: 400;\">amcp.org<\/span><\/a><\/li><li><span style=\"font-weight: 400;\"> \u00a0 \u00a0 <\/span><b>Direcci\u00f3n postal:<\/b><b><br \/><\/b> <span style=\"font-weight: 400;\">Academy of Managed Care Pharmacy<\/span><span style=\"font-weight: 400;\"><br \/><\/span><span style=\"font-weight: 400;\">\u00a0 675 North Washington Street<\/span><span style=\"font-weight: 400;\"><br \/><\/span><span style=\"font-weight: 400;\">\u00a0 Suite 220<\/span><span style=\"font-weight: 400;\"><br \/><\/span><span style=\"font-weight: 400;\">\u00a0 Alexandria, VA 22314<\/span><span style=\"font-weight: 400;\"><br \/><\/span><span style=\"font-weight: 400;\">\u00a0 Estados Unidos<\/span><span style=\"font-weight: 400;\"><br \/><\/span><span style=\"font-weight: 400;\">\u00a0 <\/span><b>Tel\u00e9fono:<\/b><span style=\"font-weight: 400;\"> +1 703-684-2600<\/span><\/li><\/ul><h2><b>Desaf\u00edos en la colaboraci\u00f3n con la AMCP<\/b><\/h2><p><span style=\"font-weight: 400;\">Colaborar con la AMCP implica:<\/span><\/p><ul><li><b>Comprensi\u00f3n de los beneficios y oportunidades de membres\u00eda:<\/b><span style=\"font-weight: 400;\"> Familiaridad con los recursos, programas educativos y oportunidades de networking ofrecidos por la AMCP, fundamental para maximizar el valor de la membres\u00eda.<\/span><\/li><li><b>Participaci\u00f3n activa en iniciativas de defensa:<\/b><span style=\"font-weight: 400;\"> Mantenerse informado sobre cuestiones legislativas y regulatorias que afectan a la farmacia en gesti\u00f3n sanitaria y participar en las iniciativas de la AMCP para influir en la toma de decisiones pol\u00edticas.<\/span><\/li><li><b>Uso de investigaciones y publicaciones:<\/b><span style=\"font-weight: 400;\"> Aprovechar las investigaciones y mejores pr\u00e1cticas publicadas por la AMCP para informar la toma de decisiones y mejorar la atenci\u00f3n al paciente en entornos de gesti\u00f3n sanitaria.<\/span><\/li><\/ul><p><span style=\"font-weight: 400;\">Una participaci\u00f3n activa en la AMCP puede impulsar el crecimiento profesional, ampliar el conocimiento y mejorar los resultados en la farmacia en gesti\u00f3n sanitaria.<\/span><\/p><h2><b>Oportunidades \/ Soluciones con Justin Stindt Consultants<\/b><\/h2><p><span style=\"font-weight: 400;\">La experiencia de Justin Stindt con la AMCP garantiza:<\/span><\/p><ul><li><b>Asesor\u00eda experta en participaci\u00f3n con la AMCP:<\/b><span style=\"font-weight: 400;\"> Gu\u00eda en el uso efectivo de los recursos, programas educativos e iniciativas de defensa de la AMCP para optimizar la pr\u00e1ctica en farmacia en gesti\u00f3n sanitaria.<\/span><\/li><li><b>Estrategias de acceso al mercado la AMCP:<\/b><span style=\"font-weight: 400;\"> Desarrollo de estrategias y dossiers alineados con los principios y mejores pr\u00e1cticas de la AMCP para optimizar el dise\u00f1o de beneficios farmac\u00e9uticos y la gesti\u00f3n de la salud poblacional.<\/span><\/li><li><b>Experiencia en procesos la AMCP:<\/b><span style=\"font-weight: 400;\"> Provisi\u00f3n de informaci\u00f3n detallada sobre los procedimientos y oportunidades de la AMCP para ayudar a los clientes a maximizar los beneficios de su membres\u00eda y participaci\u00f3n.<\/span><\/li><\/ul><p><span style=\"font-weight: 400;\">Justin Stindt Consultants ayuda a las empresas a integrarse eficazmente en la comunidad profesional de la AMCP y aprovechar sus recursos para lograr el \u00e9xito en la farmacia en gesti\u00f3n sanitaria y desarrollar dossiers \u00f3ptimos para la AMCP.<\/span><\/p>\t\t\t\t\t\t\t\t<\/div>\n\t\t\t\t<\/div>\n\t\t\t\t\t<\/div>\n\t\t\t\t<\/div>\n\t\t<div class=\"elementor-element elementor-element-6d19d2e e-flex e-con-boxed e-con e-parent\" data-id=\"6d19d2e\" data-element_type=\"container\" data-e-type=\"container\">\n\t\t\t\t\t<div class=\"e-con-inner\">\n\t\t\t\t<div class=\"elementor-element elementor-element-0ee23d8 elementor-widget-divider--view-line elementor-widget elementor-widget-divider\" data-id=\"0ee23d8\" data-element_type=\"widget\" data-e-type=\"widget\" data-widget_type=\"divider.default\">\n\t\t\t\t<div class=\"elementor-widget-container\">\n\t\t\t\t\t\t\t<div class=\"elementor-divider\">\n\t\t\t<span class=\"elementor-divider-separator\">\n\t\t\t\t\t\t<\/span>\n\t\t<\/div>\n\t\t\t\t\t\t<\/div>\n\t\t\t\t<\/div>\n\t\t\t\t\t<\/div>\n\t\t\t\t<\/div>\n\t\t<div class=\"elementor-element elementor-element-33806b97 e-flex e-con-boxed e-con e-parent\" data-id=\"33806b97\" data-element_type=\"container\" data-e-type=\"container\">\n\t\t\t\t\t<div class=\"e-con-inner\">\n\t\t<div class=\"elementor-element elementor-element-15137e06 e-con-full bordered-block e-flex e-con e-child\" data-id=\"15137e06\" data-element_type=\"container\" data-e-type=\"container\">\n\t\t\t\t<div class=\"elementor-element elementor-element-4117b9e1 elementor-widget elementor-widget-text-editor\" data-id=\"4117b9e1\" data-element_type=\"widget\" data-e-type=\"widget\" data-widget_type=\"text-editor.default\">\n\t\t\t\t<div class=\"elementor-widget-container\">\n\t\t\t\t\t\t\t\t\t<h3>Caso de \u00e9xito<\/h3><h2>Colaboraci\u00f3n con AMCP para un dossier farmac\u00e9utico<\/h2>\t\t\t\t\t\t\t\t<\/div>\n\t\t\t\t<\/div>\n\t\t\t\t<div class=\"elementor-element elementor-element-310630fd elementor-widget elementor-widget-text-editor\" data-id=\"310630fd\" data-element_type=\"widget\" data-e-type=\"widget\" data-widget_type=\"text-editor.default\">\n\t\t\t\t<div class=\"elementor-widget-container\">\n\t\t\t\t\t\t\t\t\t<p><strong>Desaf\u00edo<\/strong>: <br \/>Una empresa biotecnol\u00f3gica solicit\u00f3 nuestra ayuda para desarrollar un dossier AMCP \u00f3ptimo.<\/p><p><strong>Soluci\u00f3n<\/strong>: <br \/>Los guiamos en la comprensi\u00f3n del marco de AMCP y en la elaboraci\u00f3n de una propuesta optimizada.<\/p><p><strong>Resultado<\/strong>: <br \/>Nuestro enfoque estrat\u00e9gico condujo a una colaboraci\u00f3n exitosa y a contratos con Managed Care Organizations y Pharmacy Benefit Managers, logrando la cobertura del medicamento.<\/p>\t\t\t\t\t\t\t\t<\/div>\n\t\t\t\t<\/div>\n\t\t\t\t<\/div>\n\t\t\t\t\t<\/div>\n\t\t\t\t<\/div>\n\t\t<div class=\"elementor-element elementor-element-6ad029a e-con-full e-flex e-con e-parent\" data-id=\"6ad029a\" data-element_type=\"container\" data-e-type=\"container\" data-settings=\"{&quot;background_background&quot;:&quot;classic&quot;}\">\n\t\t\t\t<div class=\"elementor-element elementor-element-8500e5d elementor-cta--skin-classic elementor-animated-content elementor-bg-transform elementor-bg-transform-zoom-in elementor-widget elementor-widget-call-to-action\" data-id=\"8500e5d\" data-element_type=\"widget\" data-e-type=\"widget\" data-widget_type=\"call-to-action.default\">\n\t\t\t\t<div class=\"elementor-widget-container\">\n\t\t\t\t\t\t\t<div class=\"elementor-cta\">\n\t\t\t\t\t\t\t<div class=\"elementor-cta__content\">\n\t\t\t\t\n\t\t\t\t\t\t\t\t\t<h2 class=\"elementor-cta__title elementor-cta__content-item elementor-content-item\">\n\t\t\t\t\t\t\u00bfNecesita apoyo en su relaci\u00f3n con AMCP? La experiencia de Justin Stindt Consultants le ayudar\u00e1 a alcanzar el \u00e9xito.\t\t\t\t\t<\/h2>\n\t\t\t\t\n\t\t\t\t\t\t\t\t\t<div class=\"elementor-cta__description elementor-cta__content-item elementor-content-item\">\n\t\t\t\t\t\tCont\u00e1ctenos hoy mismo para desarrollar su estrategia y aprovechar al m\u00e1ximo los recursos y oportunidades que ofrece AMCP para mejorar su pr\u00e1ctica en farmacia en gesti\u00f3n sanitaria.\t\t\t\t\t<\/div>\n\t\t\t\t\n\t\t\t\t\t\t\t\t\t<div class=\"elementor-cta__button-wrapper elementor-cta__content-item elementor-content-item \">\n\t\t\t\t\t<a class=\"elementor-cta__button elementor-button elementor-size-\" href=\"https:\/\/jstindt.com\/contact-us\/\">\n\t\t\t\t\t\tP\u00f3ngase en contacto con Justin Stindt Consultants \t\t\t\t\t<\/a>\n\t\t\t\t\t<\/div>\n\t\t\t\t\t\t\t<\/div>\n\t\t\t\t\t\t<\/div>\n\t\t\t\t\t\t<\/div>\n\t\t\t\t<\/div>\n\t\t\t\t<\/div>\n\t\t<div class=\"elementor-element elementor-element-a723351 e-flex e-con-boxed e-con e-parent\" data-id=\"a723351\" data-element_type=\"container\" data-e-type=\"container\">\n\t\t\t\t\t<div class=\"e-con-inner\">\n\t\t\t\t<div class=\"elementor-element elementor-element-95a6473 elementor-widget elementor-widget-n-accordion\" data-id=\"95a6473\" data-element_type=\"widget\" data-e-type=\"widget\" data-settings=\"{&quot;default_state&quot;:&quot;all_collapsed&quot;,&quot;max_items_expended&quot;:&quot;one&quot;,&quot;n_accordion_animation_duration&quot;:{&quot;unit&quot;:&quot;ms&quot;,&quot;size&quot;:400,&quot;sizes&quot;:[]}}\" data-widget_type=\"nested-accordion.default\">\n\t\t\t\t<div class=\"elementor-widget-container\">\n\t\t\t\t\t\t\t<div class=\"e-n-accordion\" aria-label=\"Accordion. Open links with Enter or Space, close with Escape, and navigate with Arrow Keys\">\n\t\t\t\t\t\t<details id=\"e-n-accordion-item-1560\" class=\"e-n-accordion-item\" >\n\t\t\t\t<summary class=\"e-n-accordion-item-title\" data-accordion-index=\"1\" tabindex=\"0\" aria-expanded=\"false\" aria-controls=\"e-n-accordion-item-1560\" >\n\t\t\t\t\t<span class='e-n-accordion-item-title-header'><div class=\"e-n-accordion-item-title-text\"> Otras instituciones clave en el acceso al mercado <\/div><\/span>\n\t\t\t\t\t\t\t<span class='e-n-accordion-item-title-icon'>\n\t\t\t<span class='e-opened' ><i aria-hidden=\"true\" class=\"fas fa-minus\"><\/i><\/span>\n\t\t\t<span class='e-closed'><i aria-hidden=\"true\" class=\"fas fa-plus\"><\/i><\/span>\n\t\t<\/span>\n\n\t\t\t\t\t\t<\/summary>\n\t\t\t\t<div role=\"region\" aria-labelledby=\"e-n-accordion-item-1560\" class=\"elementor-element elementor-element-4a7faaf e-con-full e-flex e-con e-child\" data-id=\"4a7faaf\" data-element_type=\"container\" data-e-type=\"container\">\n\t\t\t\t<div class=\"elementor-element elementor-element-85cc96b elementor-widget elementor-widget-template\" data-id=\"85cc96b\" data-element_type=\"widget\" data-e-type=\"widget\" data-widget_type=\"template.default\">\n\t\t\t\t<div class=\"elementor-widget-container\">\n\t\t\t\t\t\t\t<div class=\"elementor-template\">\n\t\t\t\t\t<div data-elementor-type=\"container\" data-elementor-id=\"19261\" class=\"elementor elementor-19261 elementor-18546 elementor-18546\" data-elementor-post-type=\"elementor_library\">\n\t\t\t\t<div role=\"region\" aria-labelledby=\"e-n-accordion-item-1670\" class=\"elementor-element elementor-element-4d5d7d7a e-flex e-con-boxed e-con e-parent\" data-id=\"4d5d7d7a\" data-element_type=\"container\" data-e-type=\"container\">\n\t\t\t\t\t<div class=\"e-con-inner\">\n\t\t\t\t<div class=\"elementor-element elementor-element-fa73d9e elementor-widget elementor-widget-text-editor\" data-id=\"fa73d9e\" data-element_type=\"widget\" data-e-type=\"widget\" data-widget_type=\"text-editor.default\">\n\t\t\t\t<div class=\"elementor-widget-container\">\n\t\t\t\t\t\t\t\t\t<h4><strong>Instituciones mundiales<\/strong><\/h4>\n<ul>\n<li><a href=\"https:\/\/jstindt.com\/es\/acceso-al-mercado-con-oms\/\">World Health Organization<\/a> (WHO)<\/li>\n<li><a href=\"https:\/\/jstindt.com\/es\/acceso-al-mercado-con-ispor\/\">International Society for Pharmacoeconomics and Outcomes Research<\/a> (ISPOR)<\/li>\n<\/ul>\n<h4><strong><br \/><a href=\"https:\/\/jstindt.com\/es\/ee-uu\/\">Estados Unidos<\/a><\/strong><\/h4>\n<ul>\n<li><a href=\"https:\/\/jstindt.com\/es\/acceso-al-mercado-con-cms\/\">Centers for Medicare &amp; Medicaid Services<\/a> (CMS)<\/li>\n<li><a href=\"https:\/\/jstindt.com\/es\/acceso-al-mercado-con-amcp\/\">Academy of Managed Care Pharmacy<\/a> (AMCP)<\/li>\n<li><a href=\"https:\/\/jstindt.com\/es\/acceso-al-mercado-con-icer\/\">Institute for Clinical and Economic Review<\/a> (ICER)<\/li>\n<\/ul>\n<h4><strong><br \/><a href=\"https:\/\/jstindt.com\/es\/francia\/\">Francia<\/a><\/strong><\/h4>\n<ul>\n<li><a href=\"https:\/\/jstindt.com\/es\/acceso-al-mercado-con-la-has-su-guia-de-la-principal-autoridad-sanitaria-de-francia\/\">Haute Autorit\u00e9 de Sant\u00e9<\/a> (HAS)<\/li>\n<li><a href=\"https:\/\/jstindt.com\/es\/acceso-al-mercado-con-el-ceps\/\">Comit\u00e9 \u00c9conomique des Produits de Sant\u00e9<\/a> (CEPS)<\/li>\n<\/ul>\n<h4><strong><br \/><a href=\"https:\/\/jstindt.com\/es\/alemania\/\">Alemania<\/a><\/strong><\/h4>\n<ul>\n<li><a href=\"https:\/\/jstindt.com\/es\/acceso-al-mercado-con-el-g-ba\/\">Gemeinsamer Bundesausschuss<\/a> (G-BA)<\/li>\n<li><a href=\"https:\/\/jstindt.com\/es\/acceso-al-mercado-con-el-iqwig\/\">Institute for Quality and Efficiency in Health Care<\/a> (IQWiG)<\/li>\n<li><a href=\"https:\/\/jstindt.com\/es\/acceso-al-mercado-con-el-gkv-spitzenverband\/\">GKV Spitzenverband<\/a><\/li>\n<\/ul>\n<h4><strong><br \/><a href=\"https:\/\/jstindt.com\/es\/reino-unido\/\">Reino Unido<\/a><\/strong><\/h4>\n<ul>\n<li><a href=\"https:\/\/jstindt.com\/es\/acceso-al-mercado-con-nice\/\">National Institute for Health and Care Excellence<\/a> (NICE)<\/li>\n<li><a href=\"https:\/\/jstindt.com\/es\/acceso-al-mercado-con-smc\/\">Scottish Medicines Consortium<\/a> (SMC)<\/li>\n<li><a href=\"https:\/\/jstindt.com\/es\/acceso-al-mercado-con-awmsg\/\" rel=\"noopener\">All Wales Medicines Strategy Group<\/a> (AWMSG)<\/li>\n<li><a href=\"https:\/\/jstindt.com\/es\/acceso-al-mercado-con-nhs\/\">National Health Service<\/a> (NHS)<\/li>\n<\/ul>\n<h4><strong><br \/><a href=\"https:\/\/jstindt.com\/es\/italia\/\">Italia<\/a><\/strong><\/h4>\n<ul>\n<li><a href=\"https:\/\/jstindt.com\/es\/acceso-al-mercado-con-aifa\/\">Italian Medicines Agency<\/a> (AIFA)<\/li>\n<li><a href=\"https:\/\/jstindt.com\/es\/acceso-al-mercado-con-la-cse\/\">Scientific and Economic Commission<\/a> (CSE)<\/li>\n<\/ul>\n<h4><strong><br \/><a href=\"https:\/\/jstindt.com\/es\/espana\/\">Espa\u00f1a<\/a><\/strong><\/h4>\n<ul>\n<li><a href=\"https:\/\/jstindt.com\/es\/acceso-al-mercado-con-la-aemps\/\">Spanish Agency of Medicines and Medical Devices<\/a> (AEMPS)<\/li>\n<li><a href=\"https:\/\/jstindt.com\/es\/acceso-al-mercado-con-el-dgcf\/\">Direcci\u00f3n General de Cartera Com\u00fan de Servicios del Sistema Nacional de Salud y Farmacia<\/a> (DGCF)<\/li>\n<li><a href=\"https:\/\/jstindt.com\/es\/acceso-al-mercado-con-la-cipm\/\">Interministerial Commission on Medicine Prices<\/a> (CIPM)<\/li>\n<\/ul>\n<h4><strong><br \/><a href=\"https:\/\/jstindt.com\/es\/suiza\/\">Suiza<\/a><\/strong><\/h4>\n<ul>\n<li><a href=\"https:\/\/jstindt.com\/es\/acceso-al-mercado-con-la-ofsp\/\">Federal Office of Public Health<\/a> (FOPH)<\/li>\n<\/ul>\n\t\t\t\t\t\t\t\t<\/div>\n\t\t\t\t<\/div>\n\t\t\t\t\t<\/div>\n\t\t\t\t<\/div>\n\t\t\t\t<\/div>\n\t\t\t\t<\/div>\n\t\t\t\t\t\t<\/div>\n\t\t\t\t<\/div>\n\t\t\t\t<\/div>\n\t\t\t\t\t<\/details>\n\t\t\t\t\t<\/div>\n\t\t\t\t\t\t<\/div>\n\t\t\t\t<\/div>\n\t\t\t\t\t<\/div>\n\t\t\t\t<\/div>\n\t\t\t\t<\/div>\n\t\t","protected":false},"excerpt":{"rendered":"<p>La Academy of Managed Care Pharmacy (AMCP) es una asociaci\u00f3n profesional dedicada a garantizar que los pacientes tengan acceso a los medicamentos que necesitan a precios asequibles. Fundada en 1988, la AMCP cuenta con una membres\u00eda diversa que incluye farmac\u00e9uticos, m\u00e9dicos, enfermeros y profesionales de la industria biofarmac\u00e9utica y de ciencias de la vida. Estos [&hellip;]<\/p>\n","protected":false},"author":3,"featured_media":0,"parent":0,"menu_order":0,"comment_status":"closed","ping_status":"closed","template":"","meta":{"_acf_changed":false,"footnotes":""},"class_list":["post-19249","page","type-page","status-publish","hentry"],"acf":[],"_links":{"self":[{"href":"https:\/\/jstindt.com\/es\/wp-json\/wp\/v2\/pages\/19249","targetHints":{"allow":["GET"]}}],"collection":[{"href":"https:\/\/jstindt.com\/es\/wp-json\/wp\/v2\/pages"}],"about":[{"href":"https:\/\/jstindt.com\/es\/wp-json\/wp\/v2\/types\/page"}],"author":[{"embeddable":true,"href":"https:\/\/jstindt.com\/es\/wp-json\/wp\/v2\/users\/3"}],"replies":[{"embeddable":true,"href":"https:\/\/jstindt.com\/es\/wp-json\/wp\/v2\/comments?post=19249"}],"version-history":[{"count":8,"href":"https:\/\/jstindt.com\/es\/wp-json\/wp\/v2\/pages\/19249\/revisions"}],"predecessor-version":[{"id":19805,"href":"https:\/\/jstindt.com\/es\/wp-json\/wp\/v2\/pages\/19249\/revisions\/19805"}],"wp:attachment":[{"href":"https:\/\/jstindt.com\/es\/wp-json\/wp\/v2\/media?parent=19249"}],"curies":[{"name":"wp","href":"https:\/\/api.w.org\/{rel}","templated":true}]}}