{"id":19229,"date":"2025-02-13T15:21:10","date_gmt":"2025-02-13T14:21:10","guid":{"rendered":"https:\/\/jstindt.com\/?page_id=19229"},"modified":"2025-03-20T16:59:15","modified_gmt":"2025-03-20T15:59:15","slug":"acceso-al-mercado-con-cms","status":"publish","type":"page","link":"https:\/\/jstindt.com\/es\/acceso-al-mercado-con-cms\/","title":{"rendered":"Acceso al mercado con CMS: Su gu\u00eda sobre la agencia federal de salud de EE. UU."},"content":{"rendered":"\t\t<div data-elementor-type=\"wp-page\" data-elementor-id=\"19229\" class=\"elementor elementor-19229 elementor-18686\" data-elementor-post-type=\"page\">\n\t\t\t\t<div class=\"elementor-element elementor-element-43975e4 e-flex e-con-boxed e-con e-parent\" data-id=\"43975e4\" data-element_type=\"container\" data-e-type=\"container\">\n\t\t\t\t\t<div class=\"e-con-inner\">\n\t\t\t\t<div class=\"elementor-element elementor-element-48eb50c elementor-widget elementor-widget-text-editor\" data-id=\"48eb50c\" data-element_type=\"widget\" data-e-type=\"widget\" data-widget_type=\"text-editor.default\">\n\t\t\t\t<div class=\"elementor-widget-container\">\n\t\t\t\t\t\t\t\t\t<p><span style=\"font-weight: 400;\">Los <\/span><i><span style=\"font-weight: 400;\">Centers for Medicare &amp; Medicaid Services<\/span><\/i><span style=\"font-weight: 400;\"> (<\/span><i><span style=\"font-weight: 400;\">CMS<\/span><\/i><span style=\"font-weight: 400;\">) son una agencia federal del <\/span><i><span style=\"font-weight: 400;\">Department of Health and Human Services<\/span><\/i><span style=\"font-weight: 400;\"> (<\/span><i><span style=\"font-weight: 400;\">HHS<\/span><\/i><span style=\"font-weight: 400;\">) de los Estados Unidos, encargada de administrar los principales programas de salud del pa\u00eds, incluidos Medicare, Medicaid y el <\/span><i><span style=\"font-weight: 400;\">Children\u2019s Health Insurance Program<\/span><\/i><span style=\"font-weight: 400;\"> (<\/span><i><span style=\"font-weight: 400;\">CHIP<\/span><\/i><span style=\"font-weight: 400;\">). Fundada en 1977, CMS desempe\u00f1a un papel clave en la garant\u00eda de cobertura de salud para m\u00e1s de 100 millones de estadounidenses.<\/span><\/p><h2><b>Funciones principales de CMS<\/b><\/h2><ul><li style=\"font-weight: 400;\" aria-level=\"1\"><b>Administraci\u00f3n de Medicare:<\/b><span style=\"font-weight: 400;\"> Supervisi\u00f3n del programa federal de seguro de salud para personas de 65 a\u00f1os o m\u00e1s, as\u00ed como para ciertas personas m\u00e1s j\u00f3venes con discapacidades.<\/span><\/li><li style=\"font-weight: 400;\" aria-level=\"1\"><b>Colaboraci\u00f3n con los gobiernos estatales:<\/b><span style=\"font-weight: 400;\"> Asociaci\u00f3n con los gobiernos estatales para la administraci\u00f3n de Medicaid y CHIP, proporcionando cobertura de salud a personas y familias de bajos ingresos.<\/span><\/li><li style=\"font-weight: 400;\" aria-level=\"1\"><b>Regulaci\u00f3n de est\u00e1ndares de seguros de salud:<\/b><span style=\"font-weight: 400;\"> Implementaci\u00f3n y aplicaci\u00f3n de est\u00e1ndares de portabilidad del seguro de salud, as\u00ed como normas de calidad en instalaciones de atenci\u00f3n a largo plazo y laboratorios cl\u00ednicos.<\/span><\/li><\/ul><h2><b>Direcci\u00f3n y contactos clave<\/b><\/h2><p><span style=\"font-weight: 400;\">Desde enero de 2025, CMS est\u00e1 dirigida por <\/span><b>Stephanie Carlton<\/b><span style=\"font-weight: 400;\">, administradora interina, quien supervisa las iniciativas estrat\u00e9gicas y operaciones de la agencia.<\/span><\/p><h3><b>Contacto de CMS<\/b><\/h3><ul><li style=\"font-weight: 400;\" aria-level=\"1\"><b>Sitio web:<\/b><a href=\"https:\/\/www.cms.gov\/\" target=\"_blank\" rel=\"noopener\"> <span style=\"font-weight: 400;\">cms.gov<\/span><\/a><\/li><li style=\"font-weight: 400;\" aria-level=\"1\"><b>Direcci\u00f3n postal:<\/b><b><br \/><\/b><span style=\"font-weight: 400;\"> Centers for Medicare &amp; Medicaid Services<\/span><span style=\"font-weight: 400;\"><br \/><\/span><span style=\"font-weight: 400;\"> 7500 Security Boulevard<\/span><span style=\"font-weight: 400;\"><br \/><\/span><span style=\"font-weight: 400;\"> Baltimore, MD 21244<\/span><span style=\"font-weight: 400;\"><br \/><\/span><span style=\"font-weight: 400;\"> Estados Unidos<\/span><span style=\"font-weight: 400;\"><br \/><\/span> <b>Tel\u00e9fono:<\/b><span style=\"font-weight: 400;\"> 1-800-MEDICARE (1-800-633-4227)<\/span><\/li><\/ul><h2><b>Desaf\u00edos en la colaboraci\u00f3n con CMS<\/b><\/h2><ul><li style=\"font-weight: 400;\" aria-level=\"1\"><b>Navegaci\u00f3n en marcos regulatorios complejos:<\/b><span style=\"font-weight: 400;\"> Familiaridad con las normativas detalladas que regulan los servicios de Medicare y Medicaid, esencial para un acceso exitoso al mercado.<\/span><\/li><li style=\"font-weight: 400;\" aria-level=\"1\"><b>Presentaciones precisas y puntuales:<\/b><span style=\"font-weight: 400;\"> Preparaci\u00f3n rigurosa y env\u00edo oportuno de la documentaci\u00f3n necesaria para facilitar los procesos de evaluaci\u00f3n.<\/span><\/li><li style=\"font-weight: 400;\" aria-level=\"1\"><b>Demostraci\u00f3n de conformidad y valor:<\/b><span style=\"font-weight: 400;\"> Provisi\u00f3n de pruebas s\u00f3lidas que respalden que los nuevos tratamientos o servicios cumplen con las directrices de CMS y aportan valor dentro del sistema de salud estadounidense.<\/span><\/li><\/ul><p><span style=\"font-weight: 400;\">Una colaboraci\u00f3n efectiva con CMS puede facilitar un acceso r\u00e1pido al mercado y garantizar decisiones de reembolso favorables en los Estados Unidos.<\/span><\/p><h2><b>Oportunidades \/ Soluciones con Justin Stindt Consultants<\/b><\/h2><ul><li style=\"font-weight: 400;\" aria-level=\"1\"><b>Consultor\u00eda experta en presentaciones CMS:<\/b><span style=\"font-weight: 400;\"> Elaboraci\u00f3n de expedientes de alta calidad para la aprobaci\u00f3n de servicios de Medicare y Medicaid.<\/span><\/li><li style=\"font-weight: 400;\" aria-level=\"1\"><b>Estrategias de acceso al mercado CMS:<\/b><span style=\"font-weight: 400;\"> Desarrollo de estrategias alineadas con el marco regulador de CMS para optimizar el acceso al mercado.<\/span><\/li><li style=\"font-weight: 400;\" aria-level=\"1\"><b>Experiencia en procesos CMS:<\/b><span style=\"font-weight: 400;\"> An\u00e1lisis detallado de los procedimientos de CMS para mejorar el cumplimiento normativo y agilizar las aprobaciones.<\/span><\/li><\/ul><p><span style=\"font-weight: 400;\">Justin Stindt Consultants ayuda a las empresas a colaborar eficazmente con CMS para garantizar un acceso exitoso al mercado estadounidense.<\/span><\/p>\t\t\t\t\t\t\t\t<\/div>\n\t\t\t\t<\/div>\n\t\t\t\t\t<\/div>\n\t\t\t\t<\/div>\n\t\t<div class=\"elementor-element elementor-element-66e70a8 e-flex e-con-boxed e-con e-parent\" data-id=\"66e70a8\" data-element_type=\"container\" data-e-type=\"container\">\n\t\t\t\t\t<div class=\"e-con-inner\">\n\t\t\t\t<div class=\"elementor-element elementor-element-ef21b3c elementor-widget-divider--view-line elementor-widget elementor-widget-divider\" data-id=\"ef21b3c\" data-element_type=\"widget\" data-e-type=\"widget\" data-widget_type=\"divider.default\">\n\t\t\t\t<div class=\"elementor-widget-container\">\n\t\t\t\t\t\t\t<div class=\"elementor-divider\">\n\t\t\t<span class=\"elementor-divider-separator\">\n\t\t\t\t\t\t<\/span>\n\t\t<\/div>\n\t\t\t\t\t\t<\/div>\n\t\t\t\t<\/div>\n\t\t\t\t\t<\/div>\n\t\t\t\t<\/div>\n\t\t<div class=\"elementor-element elementor-element-352e5e5c e-flex e-con-boxed e-con e-parent\" data-id=\"352e5e5c\" data-element_type=\"container\" data-e-type=\"container\">\n\t\t\t\t\t<div class=\"e-con-inner\">\n\t\t<div class=\"elementor-element elementor-element-14b34740 e-con-full bordered-block e-flex e-con e-child\" data-id=\"14b34740\" data-element_type=\"container\" data-e-type=\"container\">\n\t\t\t\t<div class=\"elementor-element elementor-element-4994a4f5 elementor-widget elementor-widget-text-editor\" data-id=\"4994a4f5\" data-element_type=\"widget\" data-e-type=\"widget\" data-widget_type=\"text-editor.default\">\n\t\t\t\t<div class=\"elementor-widget-container\">\n\t\t\t\t\t\t\t\t\t<h3>Caso de \u00e9xito<\/h3><h2>\u00c9xito de una empresa farmac\u00e9utica con CMS<\/h2>\t\t\t\t\t\t\t\t<\/div>\n\t\t\t\t<\/div>\n\t\t\t\t<div class=\"elementor-element elementor-element-27cfb57c elementor-widget elementor-widget-text-editor\" data-id=\"27cfb57c\" data-element_type=\"widget\" data-e-type=\"widget\" data-widget_type=\"text-editor.default\">\n\t\t\t\t<div class=\"elementor-widget-container\">\n\t\t\t\t\t\t\t\t\t<p><strong>Desaf\u00edo<\/strong>: <br \/>Un proveedor de atenci\u00f3n m\u00e9dica solicit\u00f3 nuestra asistencia para obtener la aprobaci\u00f3n y el reembolso de un nuevo servicio m\u00e9dico en el marco de Medicare.<\/p><p><strong>Soluci\u00f3n<\/strong>: <br \/>Guiamos la preparaci\u00f3n de un expediente completo conforme a los criterios de evaluaci\u00f3n de CMS.<\/p><p><strong>Resultado<\/strong>: <br \/>Nuestro enfoque estrat\u00e9gico condujo a un resultado positivo, facilitando la aceptaci\u00f3n del servicio dentro del programa Medicare.<\/p>\t\t\t\t\t\t\t\t<\/div>\n\t\t\t\t<\/div>\n\t\t\t\t<\/div>\n\t\t\t\t\t<\/div>\n\t\t\t\t<\/div>\n\t\t<div class=\"elementor-element elementor-element-c677126 e-con-full e-flex e-con e-parent\" data-id=\"c677126\" data-element_type=\"container\" data-e-type=\"container\" data-settings=\"{&quot;background_background&quot;:&quot;classic&quot;}\">\n\t\t\t\t<div class=\"elementor-element elementor-element-0946d2a elementor-cta--skin-classic elementor-animated-content elementor-bg-transform elementor-bg-transform-zoom-in elementor-widget elementor-widget-call-to-action\" data-id=\"0946d2a\" data-element_type=\"widget\" data-e-type=\"widget\" data-widget_type=\"call-to-action.default\">\n\t\t\t\t<div class=\"elementor-widget-container\">\n\t\t\t\t\t\t\t<div class=\"elementor-cta\">\n\t\t\t\t\t\t\t<div class=\"elementor-cta__content\">\n\t\t\t\t\n\t\t\t\t\t\t\t\t\t<h2 class=\"elementor-cta__title elementor-cta__content-item elementor-content-item\">\n\t\t\t\t\t\t\u00bfNecesita apoyo en el acceso al mercado con CMS? La experiencia de Justin Stindt Consultants le ayudar\u00e1 a alcanzar el \u00e9xito.\t\t\t\t\t<\/h2>\n\t\t\t\t\n\t\t\t\t\t\t\t\t\t<div class=\"elementor-cta__description elementor-cta__content-item elementor-content-item\">\n\t\t\t\t\t\tCont\u00e1ctenos hoy mismo para desarrollar su estrategia de acceso al mercado y garantizar su \u00e9xito con CMS.\t\t\t\t\t<\/div>\n\t\t\t\t\n\t\t\t\t\t\t\t\t\t<div class=\"elementor-cta__button-wrapper elementor-cta__content-item elementor-content-item \">\n\t\t\t\t\t<a class=\"elementor-cta__button elementor-button elementor-size-\" href=\"https:\/\/jstindt.com\/contact-us\/\">\n\t\t\t\t\t\tP\u00f3ngase en contacto con Justin Stindt Consultants \t\t\t\t\t<\/a>\n\t\t\t\t\t<\/div>\n\t\t\t\t\t\t\t<\/div>\n\t\t\t\t\t\t<\/div>\n\t\t\t\t\t\t<\/div>\n\t\t\t\t<\/div>\n\t\t\t\t<\/div>\n\t\t<div class=\"elementor-element elementor-element-b797b58 e-flex e-con-boxed e-con e-parent\" data-id=\"b797b58\" data-element_type=\"container\" data-e-type=\"container\">\n\t\t\t\t\t<div class=\"e-con-inner\">\n\t\t\t\t<div class=\"elementor-element elementor-element-515b874 elementor-widget elementor-widget-n-accordion\" data-id=\"515b874\" data-element_type=\"widget\" data-e-type=\"widget\" data-settings=\"{&quot;default_state&quot;:&quot;all_collapsed&quot;,&quot;max_items_expended&quot;:&quot;one&quot;,&quot;n_accordion_animation_duration&quot;:{&quot;unit&quot;:&quot;ms&quot;,&quot;size&quot;:400,&quot;sizes&quot;:[]}}\" data-widget_type=\"nested-accordion.default\">\n\t\t\t\t<div class=\"elementor-widget-container\">\n\t\t\t\t\t\t\t<div class=\"e-n-accordion\" aria-label=\"Accordion. Open links with Enter or Space, close with Escape, and navigate with Arrow Keys\">\n\t\t\t\t\t\t<details id=\"e-n-accordion-item-8530\" class=\"e-n-accordion-item\" >\n\t\t\t\t<summary class=\"e-n-accordion-item-title\" data-accordion-index=\"1\" tabindex=\"0\" aria-expanded=\"false\" aria-controls=\"e-n-accordion-item-8530\" >\n\t\t\t\t\t<span class='e-n-accordion-item-title-header'><div class=\"e-n-accordion-item-title-text\"> Otras instituciones clave en el acceso al mercado <\/div><\/span>\n\t\t\t\t\t\t\t<span class='e-n-accordion-item-title-icon'>\n\t\t\t<span class='e-opened' ><i aria-hidden=\"true\" class=\"fas fa-minus\"><\/i><\/span>\n\t\t\t<span class='e-closed'><i aria-hidden=\"true\" class=\"fas fa-plus\"><\/i><\/span>\n\t\t<\/span>\n\n\t\t\t\t\t\t<\/summary>\n\t\t\t\t<div role=\"region\" aria-labelledby=\"e-n-accordion-item-8530\" class=\"elementor-element elementor-element-f531002 e-con-full e-flex e-con e-child\" data-id=\"f531002\" data-element_type=\"container\" data-e-type=\"container\">\n\t\t\t\t<div class=\"elementor-element elementor-element-7d92cfb elementor-widget elementor-widget-template\" data-id=\"7d92cfb\" data-element_type=\"widget\" data-e-type=\"widget\" data-widget_type=\"template.default\">\n\t\t\t\t<div class=\"elementor-widget-container\">\n\t\t\t\t\t\t\t<div class=\"elementor-template\">\n\t\t\t\t\t<div data-elementor-type=\"container\" data-elementor-id=\"19261\" class=\"elementor elementor-19261 elementor-18546 elementor-18546\" data-elementor-post-type=\"elementor_library\">\n\t\t\t\t<div role=\"region\" aria-labelledby=\"e-n-accordion-item-1860\" class=\"elementor-element elementor-element-4d5d7d7a e-flex e-con-boxed e-con e-parent\" data-id=\"4d5d7d7a\" data-element_type=\"container\" data-e-type=\"container\">\n\t\t\t\t\t<div class=\"e-con-inner\">\n\t\t\t\t<div class=\"elementor-element elementor-element-fa73d9e elementor-widget elementor-widget-text-editor\" data-id=\"fa73d9e\" data-element_type=\"widget\" data-e-type=\"widget\" data-widget_type=\"text-editor.default\">\n\t\t\t\t<div class=\"elementor-widget-container\">\n\t\t\t\t\t\t\t\t\t<h4><strong>Instituciones mundiales<\/strong><\/h4>\n<ul>\n<li><a href=\"https:\/\/jstindt.com\/es\/acceso-al-mercado-con-oms\/\">World Health Organization<\/a> (WHO)<\/li>\n<li><a href=\"https:\/\/jstindt.com\/es\/acceso-al-mercado-con-ispor\/\">International Society for Pharmacoeconomics and Outcomes Research<\/a> (ISPOR)<\/li>\n<\/ul>\n<h4><strong><br \/><a href=\"https:\/\/jstindt.com\/es\/ee-uu\/\">Estados Unidos<\/a><\/strong><\/h4>\n<ul>\n<li><a href=\"https:\/\/jstindt.com\/es\/acceso-al-mercado-con-cms\/\">Centers for Medicare &amp; Medicaid Services<\/a> (CMS)<\/li>\n<li><a href=\"https:\/\/jstindt.com\/es\/acceso-al-mercado-con-amcp\/\">Academy of Managed Care Pharmacy<\/a> (AMCP)<\/li>\n<li><a href=\"https:\/\/jstindt.com\/es\/acceso-al-mercado-con-icer\/\">Institute for Clinical and Economic Review<\/a> (ICER)<\/li>\n<\/ul>\n<h4><strong><br \/><a href=\"https:\/\/jstindt.com\/es\/francia\/\">Francia<\/a><\/strong><\/h4>\n<ul>\n<li><a href=\"https:\/\/jstindt.com\/es\/acceso-al-mercado-con-la-has-su-guia-de-la-principal-autoridad-sanitaria-de-francia\/\">Haute Autorit\u00e9 de Sant\u00e9<\/a> (HAS)<\/li>\n<li><a href=\"https:\/\/jstindt.com\/es\/acceso-al-mercado-con-el-ceps\/\">Comit\u00e9 \u00c9conomique des Produits de Sant\u00e9<\/a> (CEPS)<\/li>\n<\/ul>\n<h4><strong><br \/><a href=\"https:\/\/jstindt.com\/es\/alemania\/\">Alemania<\/a><\/strong><\/h4>\n<ul>\n<li><a href=\"https:\/\/jstindt.com\/es\/acceso-al-mercado-con-el-g-ba\/\">Gemeinsamer Bundesausschuss<\/a> (G-BA)<\/li>\n<li><a href=\"https:\/\/jstindt.com\/es\/acceso-al-mercado-con-el-iqwig\/\">Institute for Quality and Efficiency in Health Care<\/a> (IQWiG)<\/li>\n<li><a href=\"https:\/\/jstindt.com\/es\/acceso-al-mercado-con-el-gkv-spitzenverband\/\">GKV Spitzenverband<\/a><\/li>\n<\/ul>\n<h4><strong><br \/><a href=\"https:\/\/jstindt.com\/es\/reino-unido\/\">Reino Unido<\/a><\/strong><\/h4>\n<ul>\n<li><a href=\"https:\/\/jstindt.com\/es\/acceso-al-mercado-con-nice\/\">National Institute for Health and Care Excellence<\/a> (NICE)<\/li>\n<li><a href=\"https:\/\/jstindt.com\/es\/acceso-al-mercado-con-smc\/\">Scottish Medicines Consortium<\/a> (SMC)<\/li>\n<li><a href=\"https:\/\/jstindt.com\/es\/acceso-al-mercado-con-awmsg\/\" rel=\"noopener\">All Wales Medicines Strategy Group<\/a> (AWMSG)<\/li>\n<li><a href=\"https:\/\/jstindt.com\/es\/acceso-al-mercado-con-nhs\/\">National Health Service<\/a> (NHS)<\/li>\n<\/ul>\n<h4><strong><br \/><a href=\"https:\/\/jstindt.com\/es\/italia\/\">Italia<\/a><\/strong><\/h4>\n<ul>\n<li><a href=\"https:\/\/jstindt.com\/es\/acceso-al-mercado-con-aifa\/\">Italian Medicines Agency<\/a> (AIFA)<\/li>\n<li><a href=\"https:\/\/jstindt.com\/es\/acceso-al-mercado-con-la-cse\/\">Scientific and Economic Commission<\/a> (CSE)<\/li>\n<\/ul>\n<h4><strong><br \/><a href=\"https:\/\/jstindt.com\/es\/espana\/\">Espa\u00f1a<\/a><\/strong><\/h4>\n<ul>\n<li><a href=\"https:\/\/jstindt.com\/es\/acceso-al-mercado-con-la-aemps\/\">Spanish Agency of Medicines and Medical Devices<\/a> (AEMPS)<\/li>\n<li><a href=\"https:\/\/jstindt.com\/es\/acceso-al-mercado-con-el-dgcf\/\">Direcci\u00f3n General de Cartera Com\u00fan de Servicios del Sistema Nacional de Salud y Farmacia<\/a> (DGCF)<\/li>\n<li><a href=\"https:\/\/jstindt.com\/es\/acceso-al-mercado-con-la-cipm\/\">Interministerial Commission on Medicine Prices<\/a> (CIPM)<\/li>\n<\/ul>\n<h4><strong><br \/><a href=\"https:\/\/jstindt.com\/es\/suiza\/\">Suiza<\/a><\/strong><\/h4>\n<ul>\n<li><a href=\"https:\/\/jstindt.com\/es\/acceso-al-mercado-con-la-ofsp\/\">Federal Office of Public Health<\/a> (FOPH)<\/li>\n<\/ul>\n\t\t\t\t\t\t\t\t<\/div>\n\t\t\t\t<\/div>\n\t\t\t\t\t<\/div>\n\t\t\t\t<\/div>\n\t\t\t\t<\/div>\n\t\t\t\t<\/div>\n\t\t\t\t\t\t<\/div>\n\t\t\t\t<\/div>\n\t\t\t\t<\/div>\n\t\t\t\t\t<\/details>\n\t\t\t\t\t<\/div>\n\t\t\t\t\t\t<\/div>\n\t\t\t\t<\/div>\n\t\t\t\t\t<\/div>\n\t\t\t\t<\/div>\n\t\t\t\t<\/div>\n\t\t","protected":false},"excerpt":{"rendered":"<p>Los Centers for Medicare &amp; Medicaid Services (CMS) son una agencia federal del Department of Health and Human Services (HHS) de los Estados Unidos, encargada de administrar los principales programas de salud del pa\u00eds, incluidos Medicare, Medicaid y el Children\u2019s Health Insurance Program (CHIP). Fundada en 1977, CMS desempe\u00f1a un papel clave en la garant\u00eda [&hellip;]<\/p>\n","protected":false},"author":3,"featured_media":0,"parent":0,"menu_order":0,"comment_status":"closed","ping_status":"closed","template":"","meta":{"_acf_changed":false,"footnotes":""},"class_list":["post-19229","page","type-page","status-publish","hentry"],"acf":[],"_links":{"self":[{"href":"https:\/\/jstindt.com\/es\/wp-json\/wp\/v2\/pages\/19229","targetHints":{"allow":["GET"]}}],"collection":[{"href":"https:\/\/jstindt.com\/es\/wp-json\/wp\/v2\/pages"}],"about":[{"href":"https:\/\/jstindt.com\/es\/wp-json\/wp\/v2\/types\/page"}],"author":[{"embeddable":true,"href":"https:\/\/jstindt.com\/es\/wp-json\/wp\/v2\/users\/3"}],"replies":[{"embeddable":true,"href":"https:\/\/jstindt.com\/es\/wp-json\/wp\/v2\/comments?post=19229"}],"version-history":[{"count":11,"href":"https:\/\/jstindt.com\/es\/wp-json\/wp\/v2\/pages\/19229\/revisions"}],"predecessor-version":[{"id":19825,"href":"https:\/\/jstindt.com\/es\/wp-json\/wp\/v2\/pages\/19229\/revisions\/19825"}],"wp:attachment":[{"href":"https:\/\/jstindt.com\/es\/wp-json\/wp\/v2\/media?parent=19229"}],"curies":[{"name":"wp","href":"https:\/\/api.w.org\/{rel}","templated":true}]}}