{"id":19164,"date":"2025-02-13T15:01:29","date_gmt":"2025-02-13T14:01:29","guid":{"rendered":"https:\/\/jstindt.com\/?page_id=19164"},"modified":"2025-03-20T16:32:40","modified_gmt":"2025-03-20T15:32:40","slug":"acceso-al-mercado-con-awmsg","status":"publish","type":"page","link":"https:\/\/jstindt.com\/es\/acceso-al-mercado-con-awmsg\/","title":{"rendered":"Acceso al mercado con AWMSG: Su gu\u00eda sobre la agencia galesa de evaluaci\u00f3n de tecnolog\u00edas sanitarias"},"content":{"rendered":"\t\t<div data-elementor-type=\"wp-page\" data-elementor-id=\"19164\" class=\"elementor elementor-19164 elementor-18652\" data-elementor-post-type=\"page\">\n\t\t\t\t<div class=\"elementor-element elementor-element-385a8d2 e-flex e-con-boxed e-con e-parent\" data-id=\"385a8d2\" data-element_type=\"container\" data-e-type=\"container\">\n\t\t\t\t\t<div class=\"e-con-inner\">\n\t\t\t\t<div class=\"elementor-element elementor-element-cecccb5 elementor-widget elementor-widget-text-editor\" data-id=\"cecccb5\" data-element_type=\"widget\" data-e-type=\"widget\" data-widget_type=\"text-editor.default\">\n\t\t\t\t<div class=\"elementor-widget-container\">\n\t\t\t\t\t\t\t\t\t<p><span style=\"font-weight: 400;\">El <\/span><i><span style=\"font-weight: 400;\">All Wales Medicines Strategy Group<\/span><\/i><span style=\"font-weight: 400;\"> (<\/span><i><span style=\"font-weight: 400;\">AWMSG<\/span><\/i><span style=\"font-weight: 400;\">) asesora al gobierno gal\u00e9s sobre estrategias en el acceso y la gesti\u00f3n de medicamentos. Fundado en 2002, el AWMSG garantiza que los pacientes en Gales tengan acceso oportuno a medicamentos eficaces, promoviendo al mismo tiempo su uso seguro y eficiente dentro del <\/span><i><span style=\"font-weight: 400;\">NHS Wales<\/span><\/i><span style=\"font-weight: 400;\">. (<\/span><a href=\"https:\/\/awttc.nhs.wales\/\" target=\"_blank\" rel=\"noopener\"><span style=\"font-weight: 400;\">awttc.nhs.wales<\/span><\/a><span style=\"font-weight: 400;\">)<\/span><\/p><h2><b>Funciones principales del AWMSG<\/b><\/h2><p><span style=\"font-weight: 400;\">Las principales responsabilidades del AWMSG incluyen:<\/span><\/p><ul><li><span style=\"font-weight: 400;\"> \u00a0 \u00a0 <\/span><b>Evaluaci\u00f3n de nuevos medicamentos:<\/b><span style=\"font-weight: 400;\"> An\u00e1lisis de medicamentos reci\u00e9n autorizados para determinar su eficacia cl\u00ednica y relaci\u00f3n coste-beneficio en <\/span><i><span style=\"font-weight: 400;\">NHS Wales<\/span><\/i><span style=\"font-weight: 400;\">. (<\/span><a href=\"https:\/\/awttc.nhs.wales\/\" target=\"_blank\" rel=\"noopener\"><span style=\"font-weight: 400;\">awttc.nhs.wales<\/span><\/a><span style=\"font-weight: 400;\">)<\/span><\/li><li><span style=\"font-weight: 400;\"> \u00a0 \u00a0 <\/span><b>Desarrollo de estrategias farmac\u00e9uticas:<\/b><span style=\"font-weight: 400;\"> Creaci\u00f3n de estrategias para optimizar el uso de medicamentos y garantizar el m\u00e1ximo beneficio para los pacientes. (<\/span><a href=\"https:\/\/awttc.nhs.wales\/\" target=\"_blank\" rel=\"noopener\"><span style=\"font-weight: 400;\">awttc.nhs.wales<\/span><\/a><span style=\"font-weight: 400;\">)<\/span><\/li><li><b>Emisi\u00f3n de directrices:<\/b><span style=\"font-weight: 400;\"> Publicaci\u00f3n de recomendaciones para profesionales sanitarios sobre mejores pr\u00e1cticas en la prescripci\u00f3n y gesti\u00f3n de medicamentos.<\/span><\/li><\/ul><h2><b>Direcci\u00f3n y contactos clave<\/b><\/h2><p><span style=\"font-weight: 400;\">A fecha de enero de 2025, el AWMSG est\u00e1 presidido por <\/span><b>el Profesor Iolo Doull<\/b><span style=\"font-weight: 400;\">, Director M\u00e9dico del <\/span><i><span style=\"font-weight: 400;\">NHS Wales Joint Commissioning Committee<\/span><\/i><span style=\"font-weight: 400;\"> (<\/span><i><span style=\"font-weight: 400;\">JCC<\/span><\/i><span style=\"font-weight: 400;\">).<\/span><\/p><h3><b>Contacto del AWMSG<\/b><\/h3><ul><li><span style=\"font-weight: 400;\"> \u00a0 \u00a0 <\/span><b>Sitio web:<\/b><a href=\"https:\/\/awttc.nhs.wales\/about-us1\/our-committees\/#AWMSG\" target=\"_blank\" rel=\"noopener\"> <span style=\"font-weight: 400;\">awttc.nhs.wales<\/span><\/a><\/li><li><span style=\"font-weight: 400;\"> \u00a0 \u00a0 <\/span><b>Direcci\u00f3n postal:<\/b><b><br \/><\/b> <i><span style=\"font-weight: 400;\">All Wales Therapeutics &amp; Toxicology Centre<\/span><\/i><i><span style=\"font-weight: 400;\"><br \/><\/span><\/i> <span style=\"font-weight: 400;\">\u00a0The Routledge Academic Centre<\/span><span style=\"font-weight: 400;\"><br \/><\/span><span style=\"font-weight: 400;\">\u00a0 University Hospital Llandough<\/span><span style=\"font-weight: 400;\"><br \/><\/span><span style=\"font-weight: 400;\">\u00a0 Penlan Road<\/span><span style=\"font-weight: 400;\"><br \/><\/span><span style=\"font-weight: 400;\">\u00a0 Penarth<\/span><span style=\"font-weight: 400;\"><br \/><\/span><span style=\"font-weight: 400;\">\u00a0 CF64 2XX<\/span><span style=\"font-weight: 400;\"><br \/><\/span><span style=\"font-weight: 400;\">\u00a0 <\/span><b>Tel\u00e9fono:<\/b><span style=\"font-weight: 400;\"> +44 (0)2921 826900<\/span><\/li><\/ul><h2><b>Desaf\u00edos en la colaboraci\u00f3n con el AWMSG<\/b><\/h2><p><span style=\"font-weight: 400;\">Colaborar con el AWMSG implica:<\/span><\/p><ul><li><span style=\"font-weight: 400;\"> \u00a0 \u00a0 <\/span><b>Comprensi\u00f3n de los procesos de presentaci\u00f3n:<\/b><span style=\"font-weight: 400;\"> Familiaridad con los procedimientos del AWMSG para la presentaci\u00f3n de pruebas sobre nuevos medicamentos, fundamental para un acceso exitoso al mercado. (<\/span><a href=\"https:\/\/awttc.nhs.wales\/\"><span style=\"font-weight: 400;\">awttc.nhs.wales<\/span><\/a><span style=\"font-weight: 400;\">)<\/span><\/li><li><b>Presentaciones precisas y puntuales:<\/b><span style=\"font-weight: 400;\"> Elaboraci\u00f3n rigurosa de la documentaci\u00f3n y cumplimiento de plazos para facilitar los procesos de evaluaci\u00f3n.<\/span><\/li><li><span style=\"font-weight: 400;\"> \u00a0 \u00a0 <\/span><b>Demostraci\u00f3n del valor coste-beneficio:<\/b><span style=\"font-weight: 400;\"> Provisi\u00f3n de pruebas s\u00f3lidas que respalden que los nuevos tratamientos ofrecen un valor \u00f3ptimo dentro del marco de <\/span><i><span style=\"font-weight: 400;\">NHS Wales<\/span><\/i><span style=\"font-weight: 400;\">. (<\/span><a href=\"https:\/\/awttc.nhs.wales\/\"><span style=\"font-weight: 400;\">awttc.nhs.wales<\/span><\/a><span style=\"font-weight: 400;\">)<\/span><\/li><\/ul><p><span style=\"font-weight: 400;\">Una colaboraci\u00f3n efectiva con el AWMSG puede facilitar un acceso r\u00e1pido al mercado y garantizar decisiones de reembolso favorables en Gales.<\/span><\/p><h2><b>Oportunidades \/ Soluciones con Justin Stindt Consultants<\/b><\/h2><p><span style=\"font-weight: 400;\">La experiencia de Justin Stindt con el AWMSG garantiza:<\/span><\/p><ul><li><b>Consultor\u00eda experta en presentaciones para el AWMSG:<\/b><span style=\"font-weight: 400;\"> Elaboraci\u00f3n de expedientes de alta calidad para la evaluaci\u00f3n de nuevos medicamentos.<\/span><\/li><li><b>Estrategias de acceso al mercado AWMSG:<\/b><span style=\"font-weight: 400;\"> Desarrollo de estrategias alineadas con el marco de evaluaci\u00f3n del AWMSG para optimizar el acceso al mercado.<\/span><\/li><li><b>Experiencia en los procesos del AWMSG:<\/b><span style=\"font-weight: 400;\"> Informaci\u00f3n detallada sobre los procesos del AWMSG para mejorar el cumplimiento normativo y agilizar las aprobaciones.<\/span><\/li><\/ul><p><span style=\"font-weight: 400;\">Justin Stindt Consultants ayuda a las empresas a colaborar eficazmente con el AWMSG para garantizar un acceso exitoso al mercado gal\u00e9s.<\/span><\/p>\t\t\t\t\t\t\t\t<\/div>\n\t\t\t\t<\/div>\n\t\t\t\t\t<\/div>\n\t\t\t\t<\/div>\n\t\t<div class=\"elementor-element elementor-element-00cd1ea e-flex e-con-boxed e-con e-parent\" data-id=\"00cd1ea\" data-element_type=\"container\" data-e-type=\"container\">\n\t\t\t\t\t<div class=\"e-con-inner\">\n\t\t\t\t<div class=\"elementor-element elementor-element-abb33e6 elementor-widget-divider--view-line elementor-widget elementor-widget-divider\" data-id=\"abb33e6\" data-element_type=\"widget\" data-e-type=\"widget\" data-widget_type=\"divider.default\">\n\t\t\t\t<div class=\"elementor-widget-container\">\n\t\t\t\t\t\t\t<div class=\"elementor-divider\">\n\t\t\t<span class=\"elementor-divider-separator\">\n\t\t\t\t\t\t<\/span>\n\t\t<\/div>\n\t\t\t\t\t\t<\/div>\n\t\t\t\t<\/div>\n\t\t\t\t\t<\/div>\n\t\t\t\t<\/div>\n\t\t<div class=\"elementor-element elementor-element-58e8f649 e-flex e-con-boxed e-con e-parent\" data-id=\"58e8f649\" data-element_type=\"container\" data-e-type=\"container\">\n\t\t\t\t\t<div class=\"e-con-inner\">\n\t\t<div class=\"elementor-element elementor-element-53fac74c e-con-full bordered-block e-flex e-con e-child\" data-id=\"53fac74c\" data-element_type=\"container\" data-e-type=\"container\">\n\t\t\t\t<div class=\"elementor-element elementor-element-62340c34 elementor-widget elementor-widget-text-editor\" data-id=\"62340c34\" data-element_type=\"widget\" data-e-type=\"widget\" data-widget_type=\"text-editor.default\">\n\t\t\t\t<div class=\"elementor-widget-container\">\n\t\t\t\t\t\t\t\t\t<h3>Caso de \u00e9xito<\/h3><h2>\u00c9xito de una empresa farmac\u00e9utica con AWMSG<\/h2>\t\t\t\t\t\t\t\t<\/div>\n\t\t\t\t<\/div>\n\t\t\t\t<div class=\"elementor-element elementor-element-3ed330bf elementor-widget elementor-widget-text-editor\" data-id=\"3ed330bf\" data-element_type=\"widget\" data-e-type=\"widget\" data-widget_type=\"text-editor.default\">\n\t\t\t\t<div class=\"elementor-widget-container\">\n\t\t\t\t\t\t\t\t\t<p><strong>Desaf\u00edo<\/strong>: <br \/>Una empresa farmac\u00e9utica solicit\u00f3 nuestra asistencia para obtener la aprobaci\u00f3n y el reembolso de una nueva terapia en Gales.<\/p><p><strong>Soluci\u00f3n<\/strong>: <br \/>Guiamos la preparaci\u00f3n de un expediente completo conforme a los criterios de evaluaci\u00f3n del AWMSG.<\/p><p><strong>Resultado<\/strong>: <br \/>Nuestro enfoque estrat\u00e9gico condujo a un resultado positivo, permitiendo el reembolso de la terapia por parte del NHS Wales.<\/p>\t\t\t\t\t\t\t\t<\/div>\n\t\t\t\t<\/div>\n\t\t\t\t<\/div>\n\t\t\t\t\t<\/div>\n\t\t\t\t<\/div>\n\t\t<div class=\"elementor-element elementor-element-d9461b5 e-con-full e-flex e-con e-parent\" data-id=\"d9461b5\" data-element_type=\"container\" data-e-type=\"container\" data-settings=\"{&quot;background_background&quot;:&quot;classic&quot;}\">\n\t\t\t\t<div class=\"elementor-element elementor-element-7d6d7f8 elementor-cta--skin-classic elementor-animated-content elementor-bg-transform elementor-bg-transform-zoom-in elementor-widget elementor-widget-call-to-action\" data-id=\"7d6d7f8\" data-element_type=\"widget\" data-e-type=\"widget\" data-widget_type=\"call-to-action.default\">\n\t\t\t\t<div class=\"elementor-widget-container\">\n\t\t\t\t\t\t\t<div class=\"elementor-cta\">\n\t\t\t\t\t\t\t<div class=\"elementor-cta__content\">\n\t\t\t\t\n\t\t\t\t\t\t\t\t\t<h2 class=\"elementor-cta__title elementor-cta__content-item elementor-content-item\">\n\t\t\t\t\t\t\u00bfNecesita apoyo en el acceso al mercado con el AWMSG? La experiencia de Justin Stindt Consultants le ayudar\u00e1 a alcanzar el \u00e9xito.\t\t\t\t\t<\/h2>\n\t\t\t\t\n\t\t\t\t\t\t\t\t\t<div class=\"elementor-cta__description elementor-cta__content-item elementor-content-item\">\n\t\t\t\t\t\tCont\u00e1ctenos hoy mismo para desarrollar su estrategia de acceso al mercado y garantizar su \u00e9xito con el AWMSG.\t\t\t\t\t<\/div>\n\t\t\t\t\n\t\t\t\t\t\t\t\t\t<div class=\"elementor-cta__button-wrapper elementor-cta__content-item elementor-content-item \">\n\t\t\t\t\t<a class=\"elementor-cta__button elementor-button elementor-size-\" href=\"https:\/\/jstindt.com\/contact-us\/\">\n\t\t\t\t\t\tP\u00f3ngase en contacto con Justin Stindt Consultants \t\t\t\t\t<\/a>\n\t\t\t\t\t<\/div>\n\t\t\t\t\t\t\t<\/div>\n\t\t\t\t\t\t<\/div>\n\t\t\t\t\t\t<\/div>\n\t\t\t\t<\/div>\n\t\t\t\t<\/div>\n\t\t<div class=\"elementor-element elementor-element-69e5937 e-flex e-con-boxed e-con e-parent\" data-id=\"69e5937\" data-element_type=\"container\" data-e-type=\"container\">\n\t\t\t\t\t<div class=\"e-con-inner\">\n\t\t\t\t<div class=\"elementor-element elementor-element-7e181b8 elementor-widget elementor-widget-n-accordion\" data-id=\"7e181b8\" data-element_type=\"widget\" data-e-type=\"widget\" data-settings=\"{&quot;default_state&quot;:&quot;all_collapsed&quot;,&quot;max_items_expended&quot;:&quot;one&quot;,&quot;n_accordion_animation_duration&quot;:{&quot;unit&quot;:&quot;ms&quot;,&quot;size&quot;:400,&quot;sizes&quot;:[]}}\" data-widget_type=\"nested-accordion.default\">\n\t\t\t\t<div class=\"elementor-widget-container\">\n\t\t\t\t\t\t\t<div class=\"e-n-accordion\" aria-label=\"Accordion. Open links with Enter or Space, close with Escape, and navigate with Arrow Keys\">\n\t\t\t\t\t\t<details id=\"e-n-accordion-item-1320\" class=\"e-n-accordion-item\" >\n\t\t\t\t<summary class=\"e-n-accordion-item-title\" data-accordion-index=\"1\" tabindex=\"0\" aria-expanded=\"false\" aria-controls=\"e-n-accordion-item-1320\" >\n\t\t\t\t\t<span class='e-n-accordion-item-title-header'><div class=\"e-n-accordion-item-title-text\"> Otras instituciones clave en el acceso al mercado <\/div><\/span>\n\t\t\t\t\t\t\t<span class='e-n-accordion-item-title-icon'>\n\t\t\t<span class='e-opened' ><i aria-hidden=\"true\" class=\"fas fa-minus\"><\/i><\/span>\n\t\t\t<span class='e-closed'><i aria-hidden=\"true\" class=\"fas fa-plus\"><\/i><\/span>\n\t\t<\/span>\n\n\t\t\t\t\t\t<\/summary>\n\t\t\t\t<div role=\"region\" aria-labelledby=\"e-n-accordion-item-1320\" class=\"elementor-element elementor-element-87a9f92 e-con-full e-flex e-con e-child\" data-id=\"87a9f92\" data-element_type=\"container\" data-e-type=\"container\">\n\t\t\t\t<div class=\"elementor-element elementor-element-31dc1b9 elementor-widget elementor-widget-template\" data-id=\"31dc1b9\" data-element_type=\"widget\" data-e-type=\"widget\" data-widget_type=\"template.default\">\n\t\t\t\t<div class=\"elementor-widget-container\">\n\t\t\t\t\t\t\t<div class=\"elementor-template\">\n\t\t\t\t\t<div data-elementor-type=\"container\" data-elementor-id=\"19261\" class=\"elementor elementor-19261 elementor-18546 elementor-18546\" data-elementor-post-type=\"elementor_library\">\n\t\t\t\t<div role=\"region\" aria-labelledby=\"e-n-accordion-item-1800\" class=\"elementor-element elementor-element-4d5d7d7a e-flex e-con-boxed e-con e-parent\" data-id=\"4d5d7d7a\" data-element_type=\"container\" data-e-type=\"container\">\n\t\t\t\t\t<div class=\"e-con-inner\">\n\t\t\t\t<div class=\"elementor-element elementor-element-fa73d9e elementor-widget elementor-widget-text-editor\" data-id=\"fa73d9e\" data-element_type=\"widget\" data-e-type=\"widget\" data-widget_type=\"text-editor.default\">\n\t\t\t\t<div class=\"elementor-widget-container\">\n\t\t\t\t\t\t\t\t\t<h4><strong>Instituciones mundiales<\/strong><\/h4>\n<ul>\n<li><a href=\"https:\/\/jstindt.com\/es\/acceso-al-mercado-con-oms\/\">World Health Organization<\/a> (WHO)<\/li>\n<li><a href=\"https:\/\/jstindt.com\/es\/acceso-al-mercado-con-ispor\/\">International Society for Pharmacoeconomics and Outcomes Research<\/a> (ISPOR)<\/li>\n<\/ul>\n<h4><strong><br \/><a href=\"https:\/\/jstindt.com\/es\/ee-uu\/\">Estados Unidos<\/a><\/strong><\/h4>\n<ul>\n<li><a href=\"https:\/\/jstindt.com\/es\/acceso-al-mercado-con-cms\/\">Centers for Medicare &amp; Medicaid Services<\/a> (CMS)<\/li>\n<li><a href=\"https:\/\/jstindt.com\/es\/acceso-al-mercado-con-amcp\/\">Academy of Managed Care Pharmacy<\/a> (AMCP)<\/li>\n<li><a href=\"https:\/\/jstindt.com\/es\/acceso-al-mercado-con-icer\/\">Institute for Clinical and Economic Review<\/a> (ICER)<\/li>\n<\/ul>\n<h4><strong><br \/><a href=\"https:\/\/jstindt.com\/es\/francia\/\">Francia<\/a><\/strong><\/h4>\n<ul>\n<li><a href=\"https:\/\/jstindt.com\/es\/acceso-al-mercado-con-la-has-su-guia-de-la-principal-autoridad-sanitaria-de-francia\/\">Haute Autorit\u00e9 de Sant\u00e9<\/a> (HAS)<\/li>\n<li><a href=\"https:\/\/jstindt.com\/es\/acceso-al-mercado-con-el-ceps\/\">Comit\u00e9 \u00c9conomique des Produits de Sant\u00e9<\/a> (CEPS)<\/li>\n<\/ul>\n<h4><strong><br \/><a href=\"https:\/\/jstindt.com\/es\/alemania\/\">Alemania<\/a><\/strong><\/h4>\n<ul>\n<li><a href=\"https:\/\/jstindt.com\/es\/acceso-al-mercado-con-el-g-ba\/\">Gemeinsamer Bundesausschuss<\/a> (G-BA)<\/li>\n<li><a href=\"https:\/\/jstindt.com\/es\/acceso-al-mercado-con-el-iqwig\/\">Institute for Quality and Efficiency in Health Care<\/a> (IQWiG)<\/li>\n<li><a href=\"https:\/\/jstindt.com\/es\/acceso-al-mercado-con-el-gkv-spitzenverband\/\">GKV Spitzenverband<\/a><\/li>\n<\/ul>\n<h4><strong><br \/><a href=\"https:\/\/jstindt.com\/es\/reino-unido\/\">Reino Unido<\/a><\/strong><\/h4>\n<ul>\n<li><a href=\"https:\/\/jstindt.com\/es\/acceso-al-mercado-con-nice\/\">National Institute for Health and Care Excellence<\/a> (NICE)<\/li>\n<li><a href=\"https:\/\/jstindt.com\/es\/acceso-al-mercado-con-smc\/\">Scottish Medicines Consortium<\/a> (SMC)<\/li>\n<li><a href=\"https:\/\/jstindt.com\/es\/acceso-al-mercado-con-awmsg\/\" rel=\"noopener\">All Wales Medicines Strategy Group<\/a> (AWMSG)<\/li>\n<li><a href=\"https:\/\/jstindt.com\/es\/acceso-al-mercado-con-nhs\/\">National Health Service<\/a> (NHS)<\/li>\n<\/ul>\n<h4><strong><br \/><a href=\"https:\/\/jstindt.com\/es\/italia\/\">Italia<\/a><\/strong><\/h4>\n<ul>\n<li><a href=\"https:\/\/jstindt.com\/es\/acceso-al-mercado-con-aifa\/\">Italian Medicines Agency<\/a> (AIFA)<\/li>\n<li><a href=\"https:\/\/jstindt.com\/es\/acceso-al-mercado-con-la-cse\/\">Scientific and Economic Commission<\/a> (CSE)<\/li>\n<\/ul>\n<h4><strong><br \/><a href=\"https:\/\/jstindt.com\/es\/espana\/\">Espa\u00f1a<\/a><\/strong><\/h4>\n<ul>\n<li><a href=\"https:\/\/jstindt.com\/es\/acceso-al-mercado-con-la-aemps\/\">Spanish Agency of Medicines and Medical Devices<\/a> (AEMPS)<\/li>\n<li><a href=\"https:\/\/jstindt.com\/es\/acceso-al-mercado-con-el-dgcf\/\">Direcci\u00f3n General de Cartera Com\u00fan de Servicios del Sistema Nacional de Salud y Farmacia<\/a> (DGCF)<\/li>\n<li><a href=\"https:\/\/jstindt.com\/es\/acceso-al-mercado-con-la-cipm\/\">Interministerial Commission on Medicine Prices<\/a> (CIPM)<\/li>\n<\/ul>\n<h4><strong><br \/><a href=\"https:\/\/jstindt.com\/es\/suiza\/\">Suiza<\/a><\/strong><\/h4>\n<ul>\n<li><a href=\"https:\/\/jstindt.com\/es\/acceso-al-mercado-con-la-ofsp\/\">Federal Office of Public Health<\/a> (FOPH)<\/li>\n<\/ul>\n\t\t\t\t\t\t\t\t<\/div>\n\t\t\t\t<\/div>\n\t\t\t\t\t<\/div>\n\t\t\t\t<\/div>\n\t\t\t\t<\/div>\n\t\t\t\t<\/div>\n\t\t\t\t\t\t<\/div>\n\t\t\t\t<\/div>\n\t\t\t\t<\/div>\n\t\t\t\t\t<\/details>\n\t\t\t\t\t<\/div>\n\t\t\t\t\t\t<\/div>\n\t\t\t\t<\/div>\n\t\t\t\t\t<\/div>\n\t\t\t\t<\/div>\n\t\t\t\t<\/div>\n\t\t","protected":false},"excerpt":{"rendered":"<p>El All Wales Medicines Strategy Group (AWMSG) asesora al gobierno gal\u00e9s sobre estrategias en el acceso y la gesti\u00f3n de medicamentos. Fundado en 2002, el AWMSG garantiza que los pacientes en Gales tengan acceso oportuno a medicamentos eficaces, promoviendo al mismo tiempo su uso seguro y eficiente dentro del NHS Wales. (awttc.nhs.wales) Funciones principales del [&hellip;]<\/p>\n","protected":false},"author":3,"featured_media":0,"parent":0,"menu_order":0,"comment_status":"closed","ping_status":"closed","template":"","meta":{"_acf_changed":false,"footnotes":""},"class_list":["post-19164","page","type-page","status-publish","hentry"],"acf":[],"_links":{"self":[{"href":"https:\/\/jstindt.com\/es\/wp-json\/wp\/v2\/pages\/19164","targetHints":{"allow":["GET"]}}],"collection":[{"href":"https:\/\/jstindt.com\/es\/wp-json\/wp\/v2\/pages"}],"about":[{"href":"https:\/\/jstindt.com\/es\/wp-json\/wp\/v2\/types\/page"}],"author":[{"embeddable":true,"href":"https:\/\/jstindt.com\/es\/wp-json\/wp\/v2\/users\/3"}],"replies":[{"embeddable":true,"href":"https:\/\/jstindt.com\/es\/wp-json\/wp\/v2\/comments?post=19164"}],"version-history":[{"count":8,"href":"https:\/\/jstindt.com\/es\/wp-json\/wp\/v2\/pages\/19164\/revisions"}],"predecessor-version":[{"id":19815,"href":"https:\/\/jstindt.com\/es\/wp-json\/wp\/v2\/pages\/19164\/revisions\/19815"}],"wp:attachment":[{"href":"https:\/\/jstindt.com\/es\/wp-json\/wp\/v2\/media?parent=19164"}],"curies":[{"name":"wp","href":"https:\/\/api.w.org\/{rel}","templated":true}]}}