{"id":19144,"date":"2025-02-13T15:15:28","date_gmt":"2025-02-13T14:15:28","guid":{"rendered":"https:\/\/jstindt.com\/?page_id=19144"},"modified":"2025-03-20T16:32:29","modified_gmt":"2025-03-20T15:32:29","slug":"acceso-al-mercado-con-smc","status":"publish","type":"page","link":"https:\/\/jstindt.com\/es\/acceso-al-mercado-con-smc\/","title":{"rendered":"Acceso al mercado con SMC: Su gu\u00eda sobre el organismo escoc\u00e9s de evaluaci\u00f3n de tecnolog\u00edas sanitarias"},"content":{"rendered":"\t\t<div data-elementor-type=\"wp-page\" data-elementor-id=\"19144\" class=\"elementor elementor-19144 elementor-18674\" data-elementor-post-type=\"page\">\n\t\t\t\t<div class=\"elementor-element elementor-element-4688df6 e-flex e-con-boxed e-con e-parent\" data-id=\"4688df6\" data-element_type=\"container\" data-e-type=\"container\">\n\t\t\t\t\t<div class=\"e-con-inner\">\n\t\t\t\t<div class=\"elementor-element elementor-element-b2f965d elementor-widget elementor-widget-text-editor\" data-id=\"b2f965d\" data-element_type=\"widget\" data-e-type=\"widget\" data-widget_type=\"text-editor.default\">\n\t\t\t\t<div class=\"elementor-widget-container\">\n\t\t\t\t\t\t\t\t\t<p><span style=\"font-weight: 400;\">El <\/span><i><span style=\"font-weight: 400;\">Scottish Medicines Consortium<\/span><\/i><span style=\"font-weight: 400;\"> (<\/span><i><span style=\"font-weight: 400;\">SMC<\/span><\/i><span style=\"font-weight: 400;\">) es la principal fuente de evaluaci\u00f3n sobre la eficacia cl\u00ednica y la relaci\u00f3n coste-beneficio de los nuevos medicamentos para <\/span><i><span style=\"font-weight: 400;\">NHSScotland<\/span><\/i><span style=\"font-weight: 400;\">. Creado para garantizar un acceso oportuno a medicamentos beneficiosos, el SMC eval\u00faa los medicamentos reci\u00e9n autorizados y proporciona orientaci\u00f3n sobre su uso dentro del sistema de salud nacional escoc\u00e9s. (<\/span><a href=\"https:\/\/www.scottishmedicines.org.uk\/\" target=\"_blank\" rel=\"noopener\"><span style=\"font-weight: 400;\">scottishmedicines.org.uk<\/span><\/a><span style=\"font-weight: 400;\">)<\/span><\/p><h2><b>Funciones principales del SMC<\/b><\/h2><p><span style=\"font-weight: 400;\">Las principales responsabilidades del SMC incluyen:<\/span><\/p><ul><li><b>Evaluaci\u00f3n de nuevos medicamentos:<\/b><span style=\"font-weight: 400;\"> An\u00e1lisis de medicamentos recientemente aprobados para determinar su eficacia cl\u00ednica y su relaci\u00f3n coste-beneficio dentro de <\/span><i><span style=\"font-weight: 400;\">NHSScotland<\/span><\/i><span style=\"font-weight: 400;\">.<\/span><\/li><li><b>Orientaci\u00f3n para <\/b><b><i>NHSScotland<\/i><\/b><b>:<\/b><span style=\"font-weight: 400;\"> Provisi\u00f3n de recomendaciones a los <\/span><i><span style=\"font-weight: 400;\">NHS boards<\/span><\/i><span style=\"font-weight: 400;\"> y a sus <\/span><i><span style=\"font-weight: 400;\">Area Drug and Therapeutics Committees <\/span><\/i><span style=\"font-weight: 400;\">(<\/span><i><span style=\"font-weight: 400;\">ADTCs<\/span><\/i><span style=\"font-weight: 400;\">) en Escocia sobre nuevos medicamentos, nuevas formulaciones y nuevas indicaciones de productos existentes.<\/span><\/li><li><b>Participaci\u00f3n del p\u00fablico:<\/b><span style=\"font-weight: 400;\"> Incorporaci\u00f3n de las opiniones de grupos de pacientes y del p\u00fablico para garantizar una toma de decisiones integral y equitativa.<\/span><\/li><\/ul><h2><b>Direcci\u00f3n y contactos clave<\/b><\/h2><p><span style=\"font-weight: 400;\">A fecha de enero de 2025, el SMC opera bajo el marco de <\/span><i><span style=\"font-weight: 400;\">Healthcare Improvement Scotland<\/span><\/i><span style=\"font-weight: 400;\">, la organizaci\u00f3n nacional para la mejora de la atenci\u00f3n sanitaria en Escocia.<\/span><\/p><h3><b>Contacto del SMC<\/b><\/h3><ul><li><span style=\"font-weight: 400;\"> \u00a0 \u00a0 <\/span><b>Sitio web:<\/b><a href=\"https:\/\/www.scottishmedicines.org.uk\/\" target=\"_blank\" rel=\"noopener\"> <span style=\"font-weight: 400;\">scottishmedicines.org.uk<\/span><\/a><\/li><li><span style=\"font-weight: 400;\"> \u00a0 \u00a0 <\/span><b>Direcci\u00f3n postal:<\/b><b><br \/><\/b> <span style=\"font-weight: 400;\">Scottish Medicines Consortium<\/span><span style=\"font-weight: 400;\"><br \/><\/span><span style=\"font-weight: 400;\">\u00a0 Healthcare Improvement Scotland<\/span><span style=\"font-weight: 400;\"><br \/><\/span><span style=\"font-weight: 400;\">\u00a0 Gyle Square, 1 South Gyle Crescent<\/span><span style=\"font-weight: 400;\"><br \/><\/span><span style=\"font-weight: 400;\">\u00a0 Edimburgo, EH12 9EB<\/span><span style=\"font-weight: 400;\"><br \/><\/span><span style=\"font-weight: 400;\">\u00a0 Reino Unido<\/span><span style=\"font-weight: 400;\"><br \/><\/span><span style=\"font-weight: 400;\">\u00a0 <\/span><b>Tel\u00e9fono:<\/b><span style=\"font-weight: 400;\"> +44 (0)131 623 4300<\/span><\/li><\/ul><h2><b>Desaf\u00edos en la colaboraci\u00f3n con el SMC<\/b><\/h2><p><span style=\"font-weight: 400;\">Colaborar con el SMC implica:<\/span><\/p><ul><li><b>Comprensi\u00f3n de los procesos de presentaci\u00f3n:<\/b><span style=\"font-weight: 400;\"> Familiaridad con los procedimientos del SMC para la presentaci\u00f3n de pruebas sobre nuevos medicamentos, fundamental para un acceso exitoso al mercado.<\/span><\/li><li><b>Presentaciones precisas y puntuales:<\/b><span style=\"font-weight: 400;\"> Elaboraci\u00f3n rigurosa de documentos y cumplimiento de plazos para facilitar los procesos de evaluaci\u00f3n.<\/span><\/li><li><b>Demostraci\u00f3n del valor coste-beneficio:<\/b><span style=\"font-weight: 400;\"> Provisi\u00f3n de pruebas s\u00f3lidas que respalden que los nuevos tratamientos ofrecen valor dentro del marco de <\/span><i><span style=\"font-weight: 400;\">NHSScotland<\/span><\/i><span style=\"font-weight: 400;\">.<\/span><\/li><\/ul><p><span style=\"font-weight: 400;\">Una colaboraci\u00f3n efectiva con el SMC puede facilitar un acceso r\u00e1pido al mercado y garantizar decisiones de reembolso favorables en Escocia.<\/span><\/p><h2><b>Oportunidades \/ Soluciones con Justin Stindt Consultants<\/b><\/h2><p><span style=\"font-weight: 400;\">La experiencia de Justin Stindt con el SMC garantiza:<\/span><\/p><ul><li><b>Consultor\u00eda experta en presentaciones para el SMC:<\/b><span style=\"font-weight: 400;\"> Elaboraci\u00f3n de expedientes de alta calidad para la evaluaci\u00f3n de nuevos medicamentos.<\/span><\/li><li><b>Estrategias de acceso al mercado SMC:<\/b><span style=\"font-weight: 400;\"> Desarrollo de estrategias alineadas con el marco de evaluaci\u00f3n del SMC para optimizar el acceso al mercado.<\/span><\/li><li><b>Experiencia en los procesos del SMC:<\/b><span style=\"font-weight: 400;\"> Informaci\u00f3n detallada sobre los procesos del SMC para mejorar el cumplimiento normativo y agilizar las aprobaciones.<\/span><\/li><\/ul><p><span style=\"font-weight: 400;\">Justin Stindt Consultants ayuda a las empresas a colaborar eficazmente con el SMC para garantizar un acceso exitoso al mercado escoc\u00e9s.<\/span><\/p>\t\t\t\t\t\t\t\t<\/div>\n\t\t\t\t<\/div>\n\t\t\t\t\t<\/div>\n\t\t\t\t<\/div>\n\t\t<div class=\"elementor-element elementor-element-d259e46 e-flex e-con-boxed e-con e-parent\" data-id=\"d259e46\" data-element_type=\"container\" data-e-type=\"container\">\n\t\t\t\t\t<div class=\"e-con-inner\">\n\t\t\t\t<div class=\"elementor-element elementor-element-94ca262 elementor-widget-divider--view-line elementor-widget elementor-widget-divider\" data-id=\"94ca262\" data-element_type=\"widget\" data-e-type=\"widget\" data-widget_type=\"divider.default\">\n\t\t\t\t<div class=\"elementor-widget-container\">\n\t\t\t\t\t\t\t<div class=\"elementor-divider\">\n\t\t\t<span class=\"elementor-divider-separator\">\n\t\t\t\t\t\t<\/span>\n\t\t<\/div>\n\t\t\t\t\t\t<\/div>\n\t\t\t\t<\/div>\n\t\t\t\t\t<\/div>\n\t\t\t\t<\/div>\n\t\t<div class=\"elementor-element elementor-element-496da823 e-flex e-con-boxed e-con e-parent\" data-id=\"496da823\" data-element_type=\"container\" data-e-type=\"container\">\n\t\t\t\t\t<div class=\"e-con-inner\">\n\t\t<div class=\"elementor-element elementor-element-2579e2f0 e-con-full bordered-block e-flex e-con e-child\" data-id=\"2579e2f0\" data-element_type=\"container\" data-e-type=\"container\">\n\t\t\t\t<div class=\"elementor-element elementor-element-3bfd9e26 elementor-widget elementor-widget-text-editor\" data-id=\"3bfd9e26\" data-element_type=\"widget\" data-e-type=\"widget\" data-widget_type=\"text-editor.default\">\n\t\t\t\t<div class=\"elementor-widget-container\">\n\t\t\t\t\t\t\t\t\t<h3>Caso de \u00e9xito<\/h3><h2>\u00c9xito de una empresa farmac\u00e9utica con el SMC<\/h2>\t\t\t\t\t\t\t\t<\/div>\n\t\t\t\t<\/div>\n\t\t\t\t<div class=\"elementor-element elementor-element-449e0650 elementor-widget elementor-widget-text-editor\" data-id=\"449e0650\" data-element_type=\"widget\" data-e-type=\"widget\" data-widget_type=\"text-editor.default\">\n\t\t\t\t<div class=\"elementor-widget-container\">\n\t\t\t\t\t\t\t\t\t<p><strong>Desaf\u00edo<\/strong>: <br \/>Una empresa farmac\u00e9utica solicit\u00f3 nuestra asistencia para obtener la aprobaci\u00f3n y el reembolso de una nueva terapia en Escocia.<\/p><p><strong>Soluci\u00f3n<\/strong>: <br \/>Guiamos la preparaci\u00f3n de un expediente completo conforme a los criterios de evaluaci\u00f3n del SMC.<\/p><p><strong>Resultado<\/strong>: <br \/>Nuestro enfoque estrat\u00e9gico condujo a un resultado positivo, permitiendo la inclusi\u00f3n de la terapia en el formulario de NHSScotland.<\/p>\t\t\t\t\t\t\t\t<\/div>\n\t\t\t\t<\/div>\n\t\t\t\t<\/div>\n\t\t\t\t\t<\/div>\n\t\t\t\t<\/div>\n\t\t<div class=\"elementor-element elementor-element-c741d3a e-con-full e-flex e-con e-parent\" data-id=\"c741d3a\" data-element_type=\"container\" data-e-type=\"container\" data-settings=\"{&quot;background_background&quot;:&quot;classic&quot;}\">\n\t\t\t\t<div class=\"elementor-element elementor-element-094f93d elementor-cta--skin-classic elementor-animated-content elementor-bg-transform elementor-bg-transform-zoom-in elementor-widget elementor-widget-call-to-action\" data-id=\"094f93d\" data-element_type=\"widget\" data-e-type=\"widget\" data-widget_type=\"call-to-action.default\">\n\t\t\t\t<div class=\"elementor-widget-container\">\n\t\t\t\t\t\t\t<div class=\"elementor-cta\">\n\t\t\t\t\t\t\t<div class=\"elementor-cta__content\">\n\t\t\t\t\n\t\t\t\t\t\t\t\t\t<h2 class=\"elementor-cta__title elementor-cta__content-item elementor-content-item\">\n\t\t\t\t\t\t\u00bfNecesita apoyo en el acceso al mercado con el SMC? La experiencia de Justin Stindt Consultants le ayudar\u00e1 a alcanzar el \u00e9xito.\t\t\t\t\t<\/h2>\n\t\t\t\t\n\t\t\t\t\t\t\t\t\t<div class=\"elementor-cta__description elementor-cta__content-item elementor-content-item\">\n\t\t\t\t\t\tCont\u00e1ctenos hoy mismo para desarrollar su estrategia de acceso al mercado y garantizar su \u00e9xito con el SMC.\t\t\t\t\t<\/div>\n\t\t\t\t\n\t\t\t\t\t\t\t\t\t<div class=\"elementor-cta__button-wrapper elementor-cta__content-item elementor-content-item \">\n\t\t\t\t\t<a class=\"elementor-cta__button elementor-button elementor-size-\" href=\"https:\/\/jstindt.com\/contact-us\/\">\n\t\t\t\t\t\tP\u00f3ngase en contacto con Justin Stindt Consultants \t\t\t\t\t<\/a>\n\t\t\t\t\t<\/div>\n\t\t\t\t\t\t\t<\/div>\n\t\t\t\t\t\t<\/div>\n\t\t\t\t\t\t<\/div>\n\t\t\t\t<\/div>\n\t\t\t\t<\/div>\n\t\t<div class=\"elementor-element elementor-element-592f322 e-flex e-con-boxed e-con e-parent\" data-id=\"592f322\" data-element_type=\"container\" data-e-type=\"container\">\n\t\t\t\t\t<div class=\"e-con-inner\">\n\t\t\t\t<div class=\"elementor-element elementor-element-e93a4de elementor-widget elementor-widget-n-accordion\" data-id=\"e93a4de\" data-element_type=\"widget\" data-e-type=\"widget\" data-settings=\"{&quot;default_state&quot;:&quot;all_collapsed&quot;,&quot;max_items_expended&quot;:&quot;one&quot;,&quot;n_accordion_animation_duration&quot;:{&quot;unit&quot;:&quot;ms&quot;,&quot;size&quot;:400,&quot;sizes&quot;:[]}}\" data-widget_type=\"nested-accordion.default\">\n\t\t\t\t<div class=\"elementor-widget-container\">\n\t\t\t\t\t\t\t<div class=\"e-n-accordion\" aria-label=\"Accordion. Open links with Enter or Space, close with Escape, and navigate with Arrow Keys\">\n\t\t\t\t\t\t<details id=\"e-n-accordion-item-2440\" class=\"e-n-accordion-item\" >\n\t\t\t\t<summary class=\"e-n-accordion-item-title\" data-accordion-index=\"1\" tabindex=\"0\" aria-expanded=\"false\" aria-controls=\"e-n-accordion-item-2440\" >\n\t\t\t\t\t<span class='e-n-accordion-item-title-header'><div class=\"e-n-accordion-item-title-text\"> Otras instituciones clave en el acceso al mercado <\/div><\/span>\n\t\t\t\t\t\t\t<span class='e-n-accordion-item-title-icon'>\n\t\t\t<span class='e-opened' ><i aria-hidden=\"true\" class=\"fas fa-minus\"><\/i><\/span>\n\t\t\t<span class='e-closed'><i aria-hidden=\"true\" class=\"fas fa-plus\"><\/i><\/span>\n\t\t<\/span>\n\n\t\t\t\t\t\t<\/summary>\n\t\t\t\t<div role=\"region\" aria-labelledby=\"e-n-accordion-item-2440\" class=\"elementor-element elementor-element-bceb0e1 e-con-full e-flex e-con e-child\" data-id=\"bceb0e1\" data-element_type=\"container\" data-e-type=\"container\">\n\t\t\t\t<div class=\"elementor-element elementor-element-f7da894 elementor-widget elementor-widget-template\" data-id=\"f7da894\" data-element_type=\"widget\" data-e-type=\"widget\" data-widget_type=\"template.default\">\n\t\t\t\t<div class=\"elementor-widget-container\">\n\t\t\t\t\t\t\t<div class=\"elementor-template\">\n\t\t\t\t\t<div data-elementor-type=\"container\" data-elementor-id=\"19261\" class=\"elementor elementor-19261 elementor-18546 elementor-18546\" data-elementor-post-type=\"elementor_library\">\n\t\t\t\t<div role=\"region\" aria-labelledby=\"e-n-accordion-item-2290\" class=\"elementor-element elementor-element-4d5d7d7a e-flex e-con-boxed e-con e-parent\" data-id=\"4d5d7d7a\" data-element_type=\"container\" data-e-type=\"container\">\n\t\t\t\t\t<div class=\"e-con-inner\">\n\t\t\t\t<div class=\"elementor-element elementor-element-fa73d9e elementor-widget elementor-widget-text-editor\" data-id=\"fa73d9e\" data-element_type=\"widget\" data-e-type=\"widget\" data-widget_type=\"text-editor.default\">\n\t\t\t\t<div class=\"elementor-widget-container\">\n\t\t\t\t\t\t\t\t\t<h4><strong>Instituciones mundiales<\/strong><\/h4>\n<ul>\n<li><a href=\"https:\/\/jstindt.com\/es\/acceso-al-mercado-con-oms\/\">World Health Organization<\/a> (WHO)<\/li>\n<li><a href=\"https:\/\/jstindt.com\/es\/acceso-al-mercado-con-ispor\/\">International Society for Pharmacoeconomics and Outcomes Research<\/a> (ISPOR)<\/li>\n<\/ul>\n<h4><strong><br \/><a href=\"https:\/\/jstindt.com\/es\/ee-uu\/\">Estados Unidos<\/a><\/strong><\/h4>\n<ul>\n<li><a href=\"https:\/\/jstindt.com\/es\/acceso-al-mercado-con-cms\/\">Centers for Medicare &amp; Medicaid Services<\/a> (CMS)<\/li>\n<li><a href=\"https:\/\/jstindt.com\/es\/acceso-al-mercado-con-amcp\/\">Academy of Managed Care Pharmacy<\/a> (AMCP)<\/li>\n<li><a href=\"https:\/\/jstindt.com\/es\/acceso-al-mercado-con-icer\/\">Institute for Clinical and Economic Review<\/a> (ICER)<\/li>\n<\/ul>\n<h4><strong><br \/><a href=\"https:\/\/jstindt.com\/es\/francia\/\">Francia<\/a><\/strong><\/h4>\n<ul>\n<li><a href=\"https:\/\/jstindt.com\/es\/acceso-al-mercado-con-la-has-su-guia-de-la-principal-autoridad-sanitaria-de-francia\/\">Haute Autorit\u00e9 de Sant\u00e9<\/a> (HAS)<\/li>\n<li><a href=\"https:\/\/jstindt.com\/es\/acceso-al-mercado-con-el-ceps\/\">Comit\u00e9 \u00c9conomique des Produits de Sant\u00e9<\/a> (CEPS)<\/li>\n<\/ul>\n<h4><strong><br \/><a href=\"https:\/\/jstindt.com\/es\/alemania\/\">Alemania<\/a><\/strong><\/h4>\n<ul>\n<li><a href=\"https:\/\/jstindt.com\/es\/acceso-al-mercado-con-el-g-ba\/\">Gemeinsamer Bundesausschuss<\/a> (G-BA)<\/li>\n<li><a href=\"https:\/\/jstindt.com\/es\/acceso-al-mercado-con-el-iqwig\/\">Institute for Quality and Efficiency in Health Care<\/a> (IQWiG)<\/li>\n<li><a href=\"https:\/\/jstindt.com\/es\/acceso-al-mercado-con-el-gkv-spitzenverband\/\">GKV Spitzenverband<\/a><\/li>\n<\/ul>\n<h4><strong><br \/><a href=\"https:\/\/jstindt.com\/es\/reino-unido\/\">Reino Unido<\/a><\/strong><\/h4>\n<ul>\n<li><a href=\"https:\/\/jstindt.com\/es\/acceso-al-mercado-con-nice\/\">National Institute for Health and Care Excellence<\/a> (NICE)<\/li>\n<li><a href=\"https:\/\/jstindt.com\/es\/acceso-al-mercado-con-smc\/\">Scottish Medicines Consortium<\/a> (SMC)<\/li>\n<li><a href=\"https:\/\/jstindt.com\/es\/acceso-al-mercado-con-awmsg\/\" rel=\"noopener\">All Wales Medicines Strategy Group<\/a> (AWMSG)<\/li>\n<li><a href=\"https:\/\/jstindt.com\/es\/acceso-al-mercado-con-nhs\/\">National Health Service<\/a> (NHS)<\/li>\n<\/ul>\n<h4><strong><br \/><a href=\"https:\/\/jstindt.com\/es\/italia\/\">Italia<\/a><\/strong><\/h4>\n<ul>\n<li><a href=\"https:\/\/jstindt.com\/es\/acceso-al-mercado-con-aifa\/\">Italian Medicines Agency<\/a> (AIFA)<\/li>\n<li><a href=\"https:\/\/jstindt.com\/es\/acceso-al-mercado-con-la-cse\/\">Scientific and Economic Commission<\/a> (CSE)<\/li>\n<\/ul>\n<h4><strong><br \/><a href=\"https:\/\/jstindt.com\/es\/espana\/\">Espa\u00f1a<\/a><\/strong><\/h4>\n<ul>\n<li><a href=\"https:\/\/jstindt.com\/es\/acceso-al-mercado-con-la-aemps\/\">Spanish Agency of Medicines and Medical Devices<\/a> (AEMPS)<\/li>\n<li><a href=\"https:\/\/jstindt.com\/es\/acceso-al-mercado-con-el-dgcf\/\">Direcci\u00f3n General de Cartera Com\u00fan de Servicios del Sistema Nacional de Salud y Farmacia<\/a> (DGCF)<\/li>\n<li><a href=\"https:\/\/jstindt.com\/es\/acceso-al-mercado-con-la-cipm\/\">Interministerial Commission on Medicine Prices<\/a> (CIPM)<\/li>\n<\/ul>\n<h4><strong><br \/><a href=\"https:\/\/jstindt.com\/es\/suiza\/\">Suiza<\/a><\/strong><\/h4>\n<ul>\n<li><a href=\"https:\/\/jstindt.com\/es\/acceso-al-mercado-con-la-ofsp\/\">Federal Office of Public Health<\/a> (FOPH)<\/li>\n<\/ul>\n\t\t\t\t\t\t\t\t<\/div>\n\t\t\t\t<\/div>\n\t\t\t\t\t<\/div>\n\t\t\t\t<\/div>\n\t\t\t\t<\/div>\n\t\t\t\t<\/div>\n\t\t\t\t\t\t<\/div>\n\t\t\t\t<\/div>\n\t\t\t\t<\/div>\n\t\t\t\t\t<\/details>\n\t\t\t\t\t<\/div>\n\t\t\t\t\t\t<\/div>\n\t\t\t\t<\/div>\n\t\t\t\t\t<\/div>\n\t\t\t\t<\/div>\n\t\t\t\t<\/div>\n\t\t","protected":false},"excerpt":{"rendered":"<p>El Scottish Medicines Consortium (SMC) es la principal fuente de evaluaci\u00f3n sobre la eficacia cl\u00ednica y la relaci\u00f3n coste-beneficio de los nuevos medicamentos para NHSScotland. Creado para garantizar un acceso oportuno a medicamentos beneficiosos, el SMC eval\u00faa los medicamentos reci\u00e9n autorizados y proporciona orientaci\u00f3n sobre su uso dentro del sistema de salud nacional escoc\u00e9s. (scottishmedicines.org.uk) [&hellip;]<\/p>\n","protected":false},"author":3,"featured_media":0,"parent":0,"menu_order":0,"comment_status":"closed","ping_status":"closed","template":"","meta":{"_acf_changed":false,"footnotes":""},"class_list":["post-19144","page","type-page","status-publish","hentry"],"acf":[],"_links":{"self":[{"href":"https:\/\/jstindt.com\/es\/wp-json\/wp\/v2\/pages\/19144","targetHints":{"allow":["GET"]}}],"collection":[{"href":"https:\/\/jstindt.com\/es\/wp-json\/wp\/v2\/pages"}],"about":[{"href":"https:\/\/jstindt.com\/es\/wp-json\/wp\/v2\/types\/page"}],"author":[{"embeddable":true,"href":"https:\/\/jstindt.com\/es\/wp-json\/wp\/v2\/users\/3"}],"replies":[{"embeddable":true,"href":"https:\/\/jstindt.com\/es\/wp-json\/wp\/v2\/comments?post=19144"}],"version-history":[{"count":8,"href":"https:\/\/jstindt.com\/es\/wp-json\/wp\/v2\/pages\/19144\/revisions"}],"predecessor-version":[{"id":19814,"href":"https:\/\/jstindt.com\/es\/wp-json\/wp\/v2\/pages\/19144\/revisions\/19814"}],"wp:attachment":[{"href":"https:\/\/jstindt.com\/es\/wp-json\/wp\/v2\/media?parent=19144"}],"curies":[{"name":"wp","href":"https:\/\/api.w.org\/{rel}","templated":true}]}}