{"id":19124,"date":"2025-02-13T15:12:47","date_gmt":"2025-02-13T14:12:47","guid":{"rendered":"https:\/\/jstindt.com\/?page_id=19124"},"modified":"2025-03-20T16:32:12","modified_gmt":"2025-03-20T15:32:12","slug":"acceso-al-mercado-con-nice","status":"publish","type":"page","link":"https:\/\/jstindt.com\/es\/acceso-al-mercado-con-nice\/","title":{"rendered":"Acceso al mercado con NICE: Su gu\u00eda sobre la agencia brit\u00e1nica de evaluaci\u00f3n de tecnolog\u00edas sanitarias"},"content":{"rendered":"\t\t<div data-elementor-type=\"wp-page\" data-elementor-id=\"19124\" class=\"elementor elementor-19124 elementor-18668\" data-elementor-post-type=\"page\">\n\t\t\t\t<div class=\"elementor-element elementor-element-532a722 e-flex e-con-boxed e-con e-parent\" data-id=\"532a722\" data-element_type=\"container\" data-e-type=\"container\">\n\t\t\t\t\t<div class=\"e-con-inner\">\n\t\t\t\t<div class=\"elementor-element elementor-element-aef3bb0 elementor-widget elementor-widget-text-editor\" data-id=\"aef3bb0\" data-element_type=\"widget\" data-e-type=\"widget\" data-widget_type=\"text-editor.default\">\n\t\t\t\t<div class=\"elementor-widget-container\">\n\t\t\t\t\t\t\t\t\t<p><span style=\"font-weight: 400;\">El <\/span><i><span style=\"font-weight: 400;\">National Institute for Health and Care Excellence<\/span><\/i><span style=\"font-weight: 400;\"> (<\/span><i><span style=\"font-weight: 400;\">NICE<\/span><\/i><span style=\"font-weight: 400;\">) es un organismo ejecutivo no ministerial del <\/span><i><span style=\"font-weight: 400;\">Department of Health and Social Care<\/span><\/i><span style=\"font-weight: 400;\"> del Reino Unido. Fundado en 1999, NICE proporciona directrices y recomendaciones nacionales para mejorar la atenci\u00f3n sanitaria y social. Eval\u00faa nuevas tecnolog\u00edas sanitarias para el NHS considerando tanto la efectividad cl\u00ednica como la rentabilidad. (<\/span><a href=\"https:\/\/www.nice.org.uk\/\" target=\"_blank\" rel=\"noopener\"><span style=\"font-weight: 400;\">nice.org.uk<\/span><\/a><span style=\"font-weight: 400;\">)<\/span><\/p><h2><b>Funciones principales de NICE<\/b><\/h2><p><span style=\"font-weight: 400;\">Las principales responsabilidades de NICE incluyen:<\/span><\/p><ul><li><b>Evaluaci\u00f3n de tecnolog\u00edas sanitarias:<\/b><span style=\"font-weight: 400;\"> An\u00e1lisis de nuevos y actuales medicamentos y tratamientos para el NHS con el fin de garantizar su efectividad cl\u00ednica y relaci\u00f3n coste-beneficio. <\/span><\/li><li><b>Gu\u00edas cl\u00ednicas:<\/b><span style=\"font-weight: 400;\"> Desarrollo de recomendaciones basadas en evidencia para el sector sanitario en Inglaterra y Gales, con el objetivo de mejorar la calidad de la atenci\u00f3n y los servicios.\u00a0<\/span><\/li><li><b>Normas de calidad:<\/b><span style=\"font-weight: 400;\"> Establecimiento de est\u00e1ndares para ayudar a los profesionales sanitarios y las administraciones a ofrecer la mejor atenci\u00f3n garantizando el uso eficiente de los recursos p\u00fablicos.\u00a0<\/span><\/li><\/ul><h2><b>Direcci\u00f3n y contactos clave<\/b><\/h2><p><span style=\"font-weight: 400;\">A fecha de enero de 2025, NICE est\u00e1 dirigido por <\/span><b>Sam Roberts<\/b><span style=\"font-weight: 400;\">, quien supervisa las iniciativas estrat\u00e9gicas y operativas de la organizaci\u00f3n.<\/span><\/p><h3><b>Contacto de NICE<\/b><\/h3><ul><li><span style=\"font-weight: 400;\"> \u00a0 \u00a0 <\/span><b>Sitio web:<\/b><a href=\"https:\/\/www.nice.org.uk\/\" target=\"_blank\" rel=\"noopener\"> <span style=\"font-weight: 400;\">nice.org.uk<\/span><\/a><\/li><li><span style=\"font-weight: 400;\"> \u00a0 \u00a0 <\/span><b>Direcci\u00f3n postal:<\/b><b><br \/><\/b> <span style=\"font-weight: 400;\">National Institute for Health and Care Excellence<\/span><span style=\"font-weight: 400;\"><br \/><\/span><span style=\"font-weight: 400;\">\u00a0 2 Redman Place<\/span><span style=\"font-weight: 400;\"><br \/><\/span><span style=\"font-weight: 400;\">\u00a0 London, E20 1JQ<\/span><span style=\"font-weight: 400;\"><br \/><\/span><span style=\"font-weight: 400;\">\u00a0 Reino Unido<\/span><span style=\"font-weight: 400;\"><br \/><\/span><span style=\"font-weight: 400;\">\u00a0 <\/span><b>Tel\u00e9fono:<\/b><span style=\"font-weight: 400;\"> +44 (0)300 323 0140<\/span><\/li><\/ul><h2><b>Desaf\u00edos en la colaboraci\u00f3n con NICE<\/b><\/h2><p><span style=\"font-weight: 400;\">Colaborar con NICE implica:<\/span><\/p><ul><li><b>Comprensi\u00f3n de los procesos de evaluaci\u00f3n:<\/b><span style=\"font-weight: 400;\"> Familiaridad con los m\u00e9todos y criterios de evaluaci\u00f3n de NICE es fundamental para acceder con \u00e9xito al mercado.<\/span><\/li><li><b>Presentaciones precisas y puntuales:<\/b><span style=\"font-weight: 400;\"> Preparaci\u00f3n de documentaci\u00f3n completa y cumplimiento de plazos para facilitar los procesos de evaluaci\u00f3n.<\/span><\/li><li><b>Demostraci\u00f3n del valor costo-efectivo:<\/b><span style=\"font-weight: 400;\"> Proporcionar pruebas s\u00f3lidas que respalden que los nuevos tratamientos aportan valor dentro del marco financiero del NHS.<\/span><\/li><\/ul><p><span style=\"font-weight: 400;\">Una colaboraci\u00f3n efectiva con NICE puede permitir un acceso m\u00e1s r\u00e1pido al mercado y decisiones de reembolso favorables en el Reino Unido.<\/span><\/p><h2><b>Oportunidades \/ Soluciones con Justin Stindt Consultants<\/b><\/h2><ul><li><b>Consultor\u00eda experta en presentaciones para NICE:<\/b><span style=\"font-weight: 400;\"> Elaboraci\u00f3n de expedientes de alta calidad para evaluaciones de tecnolog\u00edas sanitarias y gu\u00edas cl\u00ednicas.<\/span><\/li><li><b>Estrategias de acceso al mercado con NICE:<\/b><span style=\"font-weight: 400;\"> Desarrollo de estrategias alineadas con el marco de evaluaci\u00f3n de NICE para optimizar el acceso al mercado.<\/span><\/li><li><b>Experiencia en los procesos de NICE:<\/b><span style=\"font-weight: 400;\"> Provisi\u00f3n de informaci\u00f3n detallada sobre los procedimientos de NICE para mejorar el cumplimiento normativo y agilizar las aprobaciones.<\/span><\/li><\/ul><p><span style=\"font-weight: 400;\">Justin Stindt Consultants ayuda a las empresas a interactuar eficazmente con NICE y a garantizar un acceso exitoso al mercado brit\u00e1nico.<\/span><\/p>\t\t\t\t\t\t\t\t<\/div>\n\t\t\t\t<\/div>\n\t\t\t\t\t<\/div>\n\t\t\t\t<\/div>\n\t\t<div class=\"elementor-element elementor-element-b0b19b2 e-flex e-con-boxed e-con e-parent\" data-id=\"b0b19b2\" data-element_type=\"container\" data-e-type=\"container\">\n\t\t\t\t\t<div class=\"e-con-inner\">\n\t\t\t\t<div class=\"elementor-element elementor-element-8065837 elementor-widget-divider--view-line elementor-widget elementor-widget-divider\" data-id=\"8065837\" data-element_type=\"widget\" data-e-type=\"widget\" data-widget_type=\"divider.default\">\n\t\t\t\t<div class=\"elementor-widget-container\">\n\t\t\t\t\t\t\t<div class=\"elementor-divider\">\n\t\t\t<span class=\"elementor-divider-separator\">\n\t\t\t\t\t\t<\/span>\n\t\t<\/div>\n\t\t\t\t\t\t<\/div>\n\t\t\t\t<\/div>\n\t\t\t\t\t<\/div>\n\t\t\t\t<\/div>\n\t\t<div class=\"elementor-element elementor-element-88f6af6 e-flex e-con-boxed e-con e-parent\" data-id=\"88f6af6\" data-element_type=\"container\" data-e-type=\"container\">\n\t\t\t\t\t<div class=\"e-con-inner\">\n\t\t<div class=\"elementor-element elementor-element-7b815236 e-con-full bordered-block e-flex e-con e-child\" data-id=\"7b815236\" data-element_type=\"container\" data-e-type=\"container\">\n\t\t\t\t<div class=\"elementor-element elementor-element-a4c416d elementor-widget elementor-widget-text-editor\" data-id=\"a4c416d\" data-element_type=\"widget\" data-e-type=\"widget\" data-widget_type=\"text-editor.default\">\n\t\t\t\t<div class=\"elementor-widget-container\">\n\t\t\t\t\t\t\t\t\t<h3>Caso de \u00e9xito<\/h3><h2>\u00c9xito de una empresa farmac\u00e9utica con NICE<\/h2>\t\t\t\t\t\t\t\t<\/div>\n\t\t\t\t<\/div>\n\t\t\t\t<div class=\"elementor-element elementor-element-72652ed2 elementor-widget elementor-widget-text-editor\" data-id=\"72652ed2\" data-element_type=\"widget\" data-e-type=\"widget\" data-widget_type=\"text-editor.default\">\n\t\t\t\t<div class=\"elementor-widget-container\">\n\t\t\t\t\t\t\t\t\t<p><strong>Desaf\u00edo<\/strong>: <br \/>Una empresa farmac\u00e9utica solicit\u00f3 nuestra asistencia para obtener la aprobaci\u00f3n y el reembolso de una nueva terapia en el Reino Unido.<\/p><p><strong>Soluci\u00f3n<\/strong>: <br \/>Guiamos la preparaci\u00f3n de un expediente completo alineado con los criterios de evaluaci\u00f3n de NICE.<\/p><p><strong>Resultado<\/strong>: <br \/>Nuestro enfoque estrat\u00e9gico condujo a una decisi\u00f3n favorable, permitiendo la inclusi\u00f3n de la terapia en el formulario del NHS.<\/p><p>\u00a0<\/p>\t\t\t\t\t\t\t\t<\/div>\n\t\t\t\t<\/div>\n\t\t\t\t<\/div>\n\t\t\t\t\t<\/div>\n\t\t\t\t<\/div>\n\t\t<div class=\"elementor-element elementor-element-cd854db e-con-full e-flex e-con e-parent\" data-id=\"cd854db\" data-element_type=\"container\" data-e-type=\"container\" data-settings=\"{&quot;background_background&quot;:&quot;classic&quot;}\">\n\t\t\t\t<div class=\"elementor-element elementor-element-81fcb80 elementor-cta--skin-classic elementor-animated-content elementor-bg-transform elementor-bg-transform-zoom-in elementor-widget elementor-widget-call-to-action\" data-id=\"81fcb80\" data-element_type=\"widget\" data-e-type=\"widget\" data-widget_type=\"call-to-action.default\">\n\t\t\t\t<div class=\"elementor-widget-container\">\n\t\t\t\t\t\t\t<div class=\"elementor-cta\">\n\t\t\t\t\t\t\t<div class=\"elementor-cta__content\">\n\t\t\t\t\n\t\t\t\t\t\t\t\t\t<h2 class=\"elementor-cta__title elementor-cta__content-item elementor-content-item\">\n\t\t\t\t\t\t\u00bfNecesita apoyo para acceder al mercado con NICE? La experiencia de Justin Stindt Consultants le ayudar\u00e1 a alcanzar el \u00e9xito.\t\t\t\t\t<\/h2>\n\t\t\t\t\n\t\t\t\t\t\t\t\t\t<div class=\"elementor-cta__description elementor-cta__content-item elementor-content-item\">\n\t\t\t\t\t\tCont\u00e1ctenos hoy mismo para desarrollar su estrategia de acceso al mercado y garantizar su \u00e9xito con NICE.\t\t\t\t\t<\/div>\n\t\t\t\t\n\t\t\t\t\t\t\t\t\t<div class=\"elementor-cta__button-wrapper elementor-cta__content-item elementor-content-item \">\n\t\t\t\t\t<a class=\"elementor-cta__button elementor-button elementor-size-\" href=\"https:\/\/jstindt.com\/contact-us\/\">\n\t\t\t\t\t\tP\u00f3ngase en contacto con Justin Stindt Consultants \t\t\t\t\t<\/a>\n\t\t\t\t\t<\/div>\n\t\t\t\t\t\t\t<\/div>\n\t\t\t\t\t\t<\/div>\n\t\t\t\t\t\t<\/div>\n\t\t\t\t<\/div>\n\t\t\t\t<\/div>\n\t\t<div class=\"elementor-element elementor-element-11c565f e-flex e-con-boxed e-con e-parent\" data-id=\"11c565f\" data-element_type=\"container\" data-e-type=\"container\">\n\t\t\t\t\t<div class=\"e-con-inner\">\n\t\t\t\t<div class=\"elementor-element elementor-element-abe208e elementor-widget elementor-widget-n-accordion\" data-id=\"abe208e\" data-element_type=\"widget\" data-e-type=\"widget\" data-settings=\"{&quot;default_state&quot;:&quot;all_collapsed&quot;,&quot;max_items_expended&quot;:&quot;one&quot;,&quot;n_accordion_animation_duration&quot;:{&quot;unit&quot;:&quot;ms&quot;,&quot;size&quot;:400,&quot;sizes&quot;:[]}}\" data-widget_type=\"nested-accordion.default\">\n\t\t\t\t<div class=\"elementor-widget-container\">\n\t\t\t\t\t\t\t<div class=\"e-n-accordion\" aria-label=\"Accordion. Open links with Enter or Space, close with Escape, and navigate with Arrow Keys\">\n\t\t\t\t\t\t<details id=\"e-n-accordion-item-1800\" class=\"e-n-accordion-item\" >\n\t\t\t\t<summary class=\"e-n-accordion-item-title\" data-accordion-index=\"1\" tabindex=\"0\" aria-expanded=\"false\" aria-controls=\"e-n-accordion-item-1800\" >\n\t\t\t\t\t<span class='e-n-accordion-item-title-header'><div class=\"e-n-accordion-item-title-text\"> Otras instituciones clave en el acceso al mercado <\/div><\/span>\n\t\t\t\t\t\t\t<span class='e-n-accordion-item-title-icon'>\n\t\t\t<span class='e-opened' ><i aria-hidden=\"true\" class=\"fas fa-minus\"><\/i><\/span>\n\t\t\t<span class='e-closed'><i aria-hidden=\"true\" class=\"fas fa-plus\"><\/i><\/span>\n\t\t<\/span>\n\n\t\t\t\t\t\t<\/summary>\n\t\t\t\t<div role=\"region\" aria-labelledby=\"e-n-accordion-item-1800\" class=\"elementor-element elementor-element-80864c7 e-con-full e-flex e-con e-child\" data-id=\"80864c7\" data-element_type=\"container\" data-e-type=\"container\">\n\t\t\t\t<div class=\"elementor-element elementor-element-b297a33 elementor-widget elementor-widget-template\" data-id=\"b297a33\" data-element_type=\"widget\" data-e-type=\"widget\" data-widget_type=\"template.default\">\n\t\t\t\t<div class=\"elementor-widget-container\">\n\t\t\t\t\t\t\t<div class=\"elementor-template\">\n\t\t\t\t\t<div data-elementor-type=\"container\" data-elementor-id=\"19261\" class=\"elementor elementor-19261 elementor-18546 elementor-18546\" data-elementor-post-type=\"elementor_library\">\n\t\t\t\t<div role=\"region\" aria-labelledby=\"e-n-accordion-item-7500\" class=\"elementor-element elementor-element-4d5d7d7a e-flex e-con-boxed e-con e-parent\" data-id=\"4d5d7d7a\" data-element_type=\"container\" data-e-type=\"container\">\n\t\t\t\t\t<div class=\"e-con-inner\">\n\t\t\t\t<div class=\"elementor-element elementor-element-fa73d9e elementor-widget elementor-widget-text-editor\" data-id=\"fa73d9e\" data-element_type=\"widget\" data-e-type=\"widget\" data-widget_type=\"text-editor.default\">\n\t\t\t\t<div class=\"elementor-widget-container\">\n\t\t\t\t\t\t\t\t\t<h4><strong>Instituciones mundiales<\/strong><\/h4>\n<ul>\n<li><a href=\"https:\/\/jstindt.com\/es\/acceso-al-mercado-con-oms\/\">World Health Organization<\/a> (WHO)<\/li>\n<li><a href=\"https:\/\/jstindt.com\/es\/acceso-al-mercado-con-ispor\/\">International Society for Pharmacoeconomics and Outcomes Research<\/a> (ISPOR)<\/li>\n<\/ul>\n<h4><strong><br \/><a href=\"https:\/\/jstindt.com\/es\/ee-uu\/\">Estados Unidos<\/a><\/strong><\/h4>\n<ul>\n<li><a href=\"https:\/\/jstindt.com\/es\/acceso-al-mercado-con-cms\/\">Centers for Medicare &amp; Medicaid Services<\/a> (CMS)<\/li>\n<li><a href=\"https:\/\/jstindt.com\/es\/acceso-al-mercado-con-amcp\/\">Academy of Managed Care Pharmacy<\/a> (AMCP)<\/li>\n<li><a href=\"https:\/\/jstindt.com\/es\/acceso-al-mercado-con-icer\/\">Institute for Clinical and Economic Review<\/a> (ICER)<\/li>\n<\/ul>\n<h4><strong><br \/><a href=\"https:\/\/jstindt.com\/es\/francia\/\">Francia<\/a><\/strong><\/h4>\n<ul>\n<li><a href=\"https:\/\/jstindt.com\/es\/acceso-al-mercado-con-la-has-su-guia-de-la-principal-autoridad-sanitaria-de-francia\/\">Haute Autorit\u00e9 de Sant\u00e9<\/a> (HAS)<\/li>\n<li><a href=\"https:\/\/jstindt.com\/es\/acceso-al-mercado-con-el-ceps\/\">Comit\u00e9 \u00c9conomique des Produits de Sant\u00e9<\/a> (CEPS)<\/li>\n<\/ul>\n<h4><strong><br \/><a href=\"https:\/\/jstindt.com\/es\/alemania\/\">Alemania<\/a><\/strong><\/h4>\n<ul>\n<li><a href=\"https:\/\/jstindt.com\/es\/acceso-al-mercado-con-el-g-ba\/\">Gemeinsamer Bundesausschuss<\/a> (G-BA)<\/li>\n<li><a href=\"https:\/\/jstindt.com\/es\/acceso-al-mercado-con-el-iqwig\/\">Institute for Quality and Efficiency in Health Care<\/a> (IQWiG)<\/li>\n<li><a href=\"https:\/\/jstindt.com\/es\/acceso-al-mercado-con-el-gkv-spitzenverband\/\">GKV Spitzenverband<\/a><\/li>\n<\/ul>\n<h4><strong><br \/><a href=\"https:\/\/jstindt.com\/es\/reino-unido\/\">Reino Unido<\/a><\/strong><\/h4>\n<ul>\n<li><a href=\"https:\/\/jstindt.com\/es\/acceso-al-mercado-con-nice\/\">National Institute for Health and Care Excellence<\/a> (NICE)<\/li>\n<li><a href=\"https:\/\/jstindt.com\/es\/acceso-al-mercado-con-smc\/\">Scottish Medicines Consortium<\/a> (SMC)<\/li>\n<li><a href=\"https:\/\/jstindt.com\/es\/acceso-al-mercado-con-awmsg\/\" rel=\"noopener\">All Wales Medicines Strategy Group<\/a> (AWMSG)<\/li>\n<li><a href=\"https:\/\/jstindt.com\/es\/acceso-al-mercado-con-nhs\/\">National Health Service<\/a> (NHS)<\/li>\n<\/ul>\n<h4><strong><br \/><a href=\"https:\/\/jstindt.com\/es\/italia\/\">Italia<\/a><\/strong><\/h4>\n<ul>\n<li><a href=\"https:\/\/jstindt.com\/es\/acceso-al-mercado-con-aifa\/\">Italian Medicines Agency<\/a> (AIFA)<\/li>\n<li><a href=\"https:\/\/jstindt.com\/es\/acceso-al-mercado-con-la-cse\/\">Scientific and Economic Commission<\/a> (CSE)<\/li>\n<\/ul>\n<h4><strong><br \/><a href=\"https:\/\/jstindt.com\/es\/espana\/\">Espa\u00f1a<\/a><\/strong><\/h4>\n<ul>\n<li><a href=\"https:\/\/jstindt.com\/es\/acceso-al-mercado-con-la-aemps\/\">Spanish Agency of Medicines and Medical Devices<\/a> (AEMPS)<\/li>\n<li><a href=\"https:\/\/jstindt.com\/es\/acceso-al-mercado-con-el-dgcf\/\">Direcci\u00f3n General de Cartera Com\u00fan de Servicios del Sistema Nacional de Salud y Farmacia<\/a> (DGCF)<\/li>\n<li><a href=\"https:\/\/jstindt.com\/es\/acceso-al-mercado-con-la-cipm\/\">Interministerial Commission on Medicine Prices<\/a> (CIPM)<\/li>\n<\/ul>\n<h4><strong><br \/><a href=\"https:\/\/jstindt.com\/es\/suiza\/\">Suiza<\/a><\/strong><\/h4>\n<ul>\n<li><a href=\"https:\/\/jstindt.com\/es\/acceso-al-mercado-con-la-ofsp\/\">Federal Office of Public Health<\/a> (FOPH)<\/li>\n<\/ul>\n\t\t\t\t\t\t\t\t<\/div>\n\t\t\t\t<\/div>\n\t\t\t\t\t<\/div>\n\t\t\t\t<\/div>\n\t\t\t\t<\/div>\n\t\t\t\t<\/div>\n\t\t\t\t\t\t<\/div>\n\t\t\t\t<\/div>\n\t\t\t\t<\/div>\n\t\t\t\t\t<\/details>\n\t\t\t\t\t<\/div>\n\t\t\t\t\t\t<\/div>\n\t\t\t\t<\/div>\n\t\t\t\t\t<\/div>\n\t\t\t\t<\/div>\n\t\t\t\t<\/div>\n\t\t","protected":false},"excerpt":{"rendered":"<p>El National Institute for Health and Care Excellence (NICE) es un organismo ejecutivo no ministerial del Department of Health and Social Care del Reino Unido. Fundado en 1999, NICE proporciona directrices y recomendaciones nacionales para mejorar la atenci\u00f3n sanitaria y social. Eval\u00faa nuevas tecnolog\u00edas sanitarias para el NHS considerando tanto la efectividad cl\u00ednica como la [&hellip;]<\/p>\n","protected":false},"author":3,"featured_media":0,"parent":0,"menu_order":0,"comment_status":"closed","ping_status":"closed","template":"","meta":{"_acf_changed":false,"footnotes":""},"class_list":["post-19124","page","type-page","status-publish","hentry"],"acf":[],"_links":{"self":[{"href":"https:\/\/jstindt.com\/es\/wp-json\/wp\/v2\/pages\/19124","targetHints":{"allow":["GET"]}}],"collection":[{"href":"https:\/\/jstindt.com\/es\/wp-json\/wp\/v2\/pages"}],"about":[{"href":"https:\/\/jstindt.com\/es\/wp-json\/wp\/v2\/types\/page"}],"author":[{"embeddable":true,"href":"https:\/\/jstindt.com\/es\/wp-json\/wp\/v2\/users\/3"}],"replies":[{"embeddable":true,"href":"https:\/\/jstindt.com\/es\/wp-json\/wp\/v2\/comments?post=19124"}],"version-history":[{"count":8,"href":"https:\/\/jstindt.com\/es\/wp-json\/wp\/v2\/pages\/19124\/revisions"}],"predecessor-version":[{"id":19813,"href":"https:\/\/jstindt.com\/es\/wp-json\/wp\/v2\/pages\/19124\/revisions\/19813"}],"wp:attachment":[{"href":"https:\/\/jstindt.com\/es\/wp-json\/wp\/v2\/media?parent=19124"}],"curies":[{"name":"wp","href":"https:\/\/api.w.org\/{rel}","templated":true}]}}