{"id":19103,"date":"2025-02-13T14:54:35","date_gmt":"2025-02-13T13:54:35","guid":{"rendered":"https:\/\/jstindt.com\/?page_id=19103"},"modified":"2025-03-20T16:34:10","modified_gmt":"2025-03-20T15:34:10","slug":"acceso-al-mercado-con-la-ofsp","status":"publish","type":"page","link":"https:\/\/jstindt.com\/es\/acceso-al-mercado-con-la-ofsp\/","title":{"rendered":"Acceso al mercado con la OFSP: Su gu\u00eda sobre la autoridad sanitaria de Suiza"},"content":{"rendered":"\t\t<div data-elementor-type=\"wp-page\" data-elementor-id=\"19103\" class=\"elementor elementor-19103 elementor-18645\" data-elementor-post-type=\"page\">\n\t\t\t\t<div class=\"elementor-element elementor-element-573ff25 e-flex e-con-boxed e-con e-parent\" data-id=\"573ff25\" data-element_type=\"container\" data-e-type=\"container\">\n\t\t\t\t\t<div class=\"e-con-inner\">\n\t\t\t\t<div class=\"elementor-element elementor-element-120751f elementor-widget elementor-widget-text-editor\" data-id=\"120751f\" data-element_type=\"widget\" data-e-type=\"widget\" data-widget_type=\"text-editor.default\">\n\t\t\t\t<div class=\"elementor-widget-container\">\n\t\t\t\t\t\t\t\t\t<p><span style=\"font-weight: 400;\">La <\/span><i><span style=\"font-weight: 400;\">Federal Office of Public Health<\/span><\/i><span style=\"font-weight: 400;\"> (<\/span><i><span style=\"font-weight: 400;\">FOPH<\/span><\/i><span style=\"font-weight: 400;\">) es la autoridad nacional de Suiza responsable de la salud p\u00fablica, el desarrollo de pol\u00edticas sanitarias nacionales y la garant\u00eda de un sistema de salud eficiente y accesible. Como parte del Departamento Federal del Interior, la FOPH colabora con las autoridades cantonales para proteger y promover la salud p\u00fablica en toda Suiza. (<\/span><a href=\"https:\/\/www.bag.admin.ch\/bag\/en\/home.html\" target=\"_blank\" rel=\"noopener\"><span style=\"font-weight: 400;\">bag.admin.ch<\/span><\/a><span style=\"font-weight: 400;\">)<\/span><\/p><h2><b>Funciones principales de la FOPH<\/b><\/h2><p><span style=\"font-weight: 400;\">Las principales responsabilidades de la FOPH incluyen:<\/span><\/p><ul><li><span style=\"font-weight: 400;\"> \u00a0 \u00a0 <\/span><b>Desarrollo de pol\u00edticas sanitarias:<\/b><span style=\"font-weight: 400;\"> Formulaci\u00f3n e implementaci\u00f3n de pol\u00edticas nacionales de salud para mantener y mejorar los est\u00e1ndares de salud p\u00fablica. (<\/span><a href=\"https:\/\/www.bag.admin.ch\/bag\/en\/home.html\" target=\"_blank\" rel=\"noopener\"><span style=\"font-weight: 400;\">bag.admin.ch<\/span><\/a><span style=\"font-weight: 400;\">)<\/span><\/li><li><b>Prevenci\u00f3n de enfermedades y promoci\u00f3n de la salud:<\/b><span style=\"font-weight: 400;\"> Lanzamiento de programas destinados a prevenir enfermedades y promover estilos de vida saludables entre la poblaci\u00f3n suiza.<\/span><\/li><li><span style=\"font-weight: 400;\"> \u00a0 \u00a0 <\/span><b>Supervisi\u00f3n del seguro de salud:<\/b><span style=\"font-weight: 400;\"> Regulaci\u00f3n de los sistemas de seguro de salud, accidentes y militares para garantizar su eficacia y accesibilidad. (<\/span><a href=\"https:\/\/www.historyofsocialsecurity.ch\/\" target=\"_blank\" rel=\"noopener\"><span style=\"font-weight: 400;\">historyofsocialsecurity.ch<\/span><\/a><span style=\"font-weight: 400;\">)<\/span><\/li><li><span style=\"font-weight: 400;\"> \u00a0 \u00a0 <\/span><b>Colaboraci\u00f3n internacional:<\/b><span style=\"font-weight: 400;\"> Representaci\u00f3n de los intereses sanitarios suizos en organizaciones internacionales y en relaciones bilaterales con otros pa\u00edses. (<\/span><a href=\"https:\/\/www.opendata.swiss\/\" target=\"_blank\" rel=\"noopener\"><span style=\"font-weight: 400;\">opendata.swiss<\/span><\/a><span style=\"font-weight: 400;\">)<\/span><\/li><\/ul><h2><b>Direcci\u00f3n y contactos clave<\/b><\/h2><p><span style=\"font-weight: 400;\">A fecha de enero de 2025, la FOPH est\u00e1 dirigida por <\/span><b>Anne L\u00e9vy<\/b><span style=\"font-weight: 400;\">, responsable de las iniciativas estrat\u00e9gicas y operativas de la agencia.<\/span><\/p><h3><b>Contacto de la FOPH<\/b><\/h3><ul><li><span style=\"font-weight: 400;\"> \u00a0 \u00a0 <\/span><b>Sitio web:<\/b><a href=\"https:\/\/www.bag.admin.ch\/bag\/en\/home.html\"> <span style=\"font-weight: 400;\">bag.admin.ch<\/span><\/a><\/li><li><span style=\"font-weight: 400;\"> \u00a0 \u00a0 <\/span><b>Direcci\u00f3n postal:<\/b><b><br \/><\/b> <span style=\"font-weight: 400;\">Federal Office of Public Health (<\/span><i><span style=\"font-weight: 400;\">FOPH<\/span><\/i><span style=\"font-weight: 400;\">)<\/span><span style=\"font-weight: 400;\"><br \/><\/span><span style=\"font-weight: 400;\">\u00a0 Schwarzenburgstrasse 157<\/span><span style=\"font-weight: 400;\"><br \/><\/span><span style=\"font-weight: 400;\">\u00a0 3003 Berna, Suiza<\/span><span style=\"font-weight: 400;\"><br \/><\/span><span style=\"font-weight: 400;\">\u00a0 <\/span><b>Tel\u00e9fono:<\/b><span style=\"font-weight: 400;\"> +41 58 463 00 00<\/span><\/li><\/ul><h2><b>Desaf\u00edos en la colaboraci\u00f3n con la FOPH<\/b><\/h2><p><span style=\"font-weight: 400;\">Colaborar con la FOPH implica:<\/span><\/p><ul><li><b>Comprensi\u00f3n de los marcos regulatorios y los procesos de acceso al mercado:<\/b><span style=\"font-weight: 400;\"> Familiaridad con las pol\u00edticas sanitarias suizas y las regulaciones es esencial para una colaboraci\u00f3n efectiva. Entre los principales marcos normativos se incluyen los criterios de \u201cEficacia, adecuaci\u00f3n y eficiencia\u201d (<\/span><i><span style=\"font-weight: 400;\">Wirksamkeit, Zweckm\u00e4ssigkeit und Wirtschaftlichkeit<\/span><\/i><span style=\"font-weight: 400;\"> \/ <\/span><i><span style=\"font-weight: 400;\">WZW-Kriterien<\/span><\/i><span style=\"font-weight: 400;\">), la comparaci\u00f3n terap\u00e9utica cruzada (<\/span><i><span style=\"font-weight: 400;\">Therapeutischer Quervergleich<\/span><\/i><span style=\"font-weight: 400;\">, <\/span><i><span style=\"font-weight: 400;\">TQV<\/span><\/i><span style=\"font-weight: 400;\">) y la comparaci\u00f3n de precios extranjeros (<\/span><i><span style=\"font-weight: 400;\">Auslandpreisvergleich<\/span><\/i><span style=\"font-weight: 400;\">).<\/span><\/li><li><b>Presentaciones precisas y puntuales:<\/b><span style=\"font-weight: 400;\"> Preparaci\u00f3n de expedientes completos y cumplimiento de los plazos para facilitar las evaluaciones de reembolso y las negociaciones de precios.<\/span><\/li><li><b>Navegaci\u00f3n en las estructuras federales y cantonales:<\/b><span style=\"font-weight: 400;\"> Trabajo eficaz dentro del sistema federal suizo, que incluye tanto autoridades nacionales como cantonales.<\/span><\/li><\/ul><p><span style=\"font-weight: 400;\">Una colaboraci\u00f3n eficaz con la FOPH puede llevar a la implementaci\u00f3n exitosa de iniciativas y pol\u00edticas sanitarias en Suiza.<\/span><\/p><h2><b>Oportunidades \/ Soluciones con Justin Stindt Consultants<\/b><\/h2><p><span style=\"font-weight: 400;\">La experiencia de Justin Stindt con la FOPH garantiza:<\/span><\/p><ul><li><b>Consultor\u00eda experta en colaboraci\u00f3n con la FOPH:<\/b><span style=\"font-weight: 400;\"> Orientaci\u00f3n sobre la mejor manera de interactuar con las iniciativas de la FOPH y aprovechar sus recursos.<\/span><\/li><li><b>Estrategias de acceso al mercado con la FOPH:<\/b><span style=\"font-weight: 400;\"> Desarrollo de estrategias alineadas con las pol\u00edticas sanitarias suizas para optimizar el acceso al mercado.<\/span><\/li><li><b>Experiencia en los procesos de la FOPH:<\/b><span style=\"font-weight: 400;\"> Informaci\u00f3n detallada sobre los procedimientos de la FOPH para mejorar el cumplimiento normativo y agilizar las aprobaciones.<\/span><\/li><\/ul><p><span style=\"font-weight: 400;\">Justin Stindt Consultants se especializa en ayudar a los clientes a gestionar el entorno regulador de la FOPH para lograr un acceso exitoso al mercado suizo.<\/span><\/p>\t\t\t\t\t\t\t\t<\/div>\n\t\t\t\t<\/div>\n\t\t\t\t\t<\/div>\n\t\t\t\t<\/div>\n\t\t<div class=\"elementor-element elementor-element-b7ba0dc e-flex e-con-boxed e-con e-parent\" data-id=\"b7ba0dc\" data-element_type=\"container\" data-e-type=\"container\">\n\t\t\t\t\t<div class=\"e-con-inner\">\n\t\t\t\t<div class=\"elementor-element elementor-element-ac495cb elementor-widget-divider--view-line elementor-widget elementor-widget-divider\" data-id=\"ac495cb\" data-element_type=\"widget\" data-e-type=\"widget\" data-widget_type=\"divider.default\">\n\t\t\t\t<div class=\"elementor-widget-container\">\n\t\t\t\t\t\t\t<div class=\"elementor-divider\">\n\t\t\t<span class=\"elementor-divider-separator\">\n\t\t\t\t\t\t<\/span>\n\t\t<\/div>\n\t\t\t\t\t\t<\/div>\n\t\t\t\t<\/div>\n\t\t\t\t\t<\/div>\n\t\t\t\t<\/div>\n\t\t<div class=\"elementor-element elementor-element-b02bcf1 e-flex e-con-boxed e-con e-parent\" data-id=\"b02bcf1\" data-element_type=\"container\" data-e-type=\"container\">\n\t\t\t\t\t<div class=\"e-con-inner\">\n\t\t<div class=\"elementor-element elementor-element-43b72cf3 e-con-full bordered-block e-flex e-con e-child\" data-id=\"43b72cf3\" data-element_type=\"container\" data-e-type=\"container\">\n\t\t\t\t<div class=\"elementor-element elementor-element-38414136 elementor-widget elementor-widget-text-editor\" data-id=\"38414136\" data-element_type=\"widget\" data-e-type=\"widget\" data-widget_type=\"text-editor.default\">\n\t\t\t\t<div class=\"elementor-widget-container\">\n\t\t\t\t\t\t\t\t\t<h3>Caso de \u00e9xito<\/h3><h2>\u00c9xito de una empresa farmac\u00e9utica con la OFSP<\/h2>\t\t\t\t\t\t\t\t<\/div>\n\t\t\t\t<\/div>\n\t\t\t\t<div class=\"elementor-element elementor-element-eb95c5f elementor-widget elementor-widget-text-editor\" data-id=\"eb95c5f\" data-element_type=\"widget\" data-e-type=\"widget\" data-widget_type=\"text-editor.default\">\n\t\t\t\t<div class=\"elementor-widget-container\">\n\t\t\t\t\t\t\t\t\t<p><strong>Desaf\u00edo<\/strong>: <br \/>Una organizaci\u00f3n sanitaria solicit\u00f3 nuestra asistencia para obtener el reembolso de un nuevo medicamento en Suiza.<\/p><p><strong>Soluci\u00f3n<\/strong>: <br \/>Ayudamos a alinear su expediente con las pol\u00edticas sanitarias de la OFSP y facilitamos negociaciones de precios efectivas.<\/p><p><strong>Resultado<\/strong>: <br \/>Nuestro enfoque estrat\u00e9gico llev\u00f3 a la inclusi\u00f3n exitosa del producto en la lista de especialidades.<\/p>\t\t\t\t\t\t\t\t<\/div>\n\t\t\t\t<\/div>\n\t\t\t\t<\/div>\n\t\t\t\t\t<\/div>\n\t\t\t\t<\/div>\n\t\t<div class=\"elementor-element elementor-element-2ee7443 e-con-full e-flex e-con e-parent\" data-id=\"2ee7443\" data-element_type=\"container\" data-e-type=\"container\" data-settings=\"{&quot;background_background&quot;:&quot;classic&quot;}\">\n\t\t\t\t<div class=\"elementor-element elementor-element-2ea65e5 elementor-cta--skin-classic elementor-animated-content elementor-bg-transform elementor-bg-transform-zoom-in elementor-widget elementor-widget-call-to-action\" data-id=\"2ea65e5\" data-element_type=\"widget\" data-e-type=\"widget\" data-widget_type=\"call-to-action.default\">\n\t\t\t\t<div class=\"elementor-widget-container\">\n\t\t\t\t\t\t\t<div class=\"elementor-cta\">\n\t\t\t\t\t\t\t<div class=\"elementor-cta__content\">\n\t\t\t\t\n\t\t\t\t\t\t\t\t\t<h2 class=\"elementor-cta__title elementor-cta__content-item elementor-content-item\">\n\t\t\t\t\t\t\u00bfNecesita apoyo en el acceso al mercado con la OFSP? La experiencia de Justin Stindt Consultants le ayudar\u00e1 a alcanzar el \u00e9xito.\t\t\t\t\t<\/h2>\n\t\t\t\t\n\t\t\t\t\t\t\t\t\t<div class=\"elementor-cta__description elementor-cta__content-item elementor-content-item\">\n\t\t\t\t\t\tCont\u00e1ctenos hoy mismo para desarrollar su estrategia de acceso al mercado y garantizar su \u00e9xito con la OFSP.\t\t\t\t\t<\/div>\n\t\t\t\t\n\t\t\t\t\t\t\t\t\t<div class=\"elementor-cta__button-wrapper elementor-cta__content-item elementor-content-item \">\n\t\t\t\t\t<a class=\"elementor-cta__button elementor-button elementor-size-\" href=\"https:\/\/jstindt.com\/contact-us\/\">\n\t\t\t\t\t\tP\u00f3ngase en contacto con Justin Stindt Consultants \t\t\t\t\t<\/a>\n\t\t\t\t\t<\/div>\n\t\t\t\t\t\t\t<\/div>\n\t\t\t\t\t\t<\/div>\n\t\t\t\t\t\t<\/div>\n\t\t\t\t<\/div>\n\t\t\t\t<\/div>\n\t\t<div class=\"elementor-element elementor-element-5530430 e-flex e-con-boxed e-con e-parent\" data-id=\"5530430\" data-element_type=\"container\" data-e-type=\"container\">\n\t\t\t\t\t<div class=\"e-con-inner\">\n\t\t\t\t<div class=\"elementor-element elementor-element-f82101b elementor-widget elementor-widget-n-accordion\" data-id=\"f82101b\" data-element_type=\"widget\" data-e-type=\"widget\" data-settings=\"{&quot;default_state&quot;:&quot;all_collapsed&quot;,&quot;max_items_expended&quot;:&quot;one&quot;,&quot;n_accordion_animation_duration&quot;:{&quot;unit&quot;:&quot;ms&quot;,&quot;size&quot;:400,&quot;sizes&quot;:[]}}\" data-widget_type=\"nested-accordion.default\">\n\t\t\t\t<div class=\"elementor-widget-container\">\n\t\t\t\t\t\t\t<div class=\"e-n-accordion\" aria-label=\"Accordion. Open links with Enter or Space, close with Escape, and navigate with Arrow Keys\">\n\t\t\t\t\t\t<details id=\"e-n-accordion-item-2600\" class=\"e-n-accordion-item\" >\n\t\t\t\t<summary class=\"e-n-accordion-item-title\" data-accordion-index=\"1\" tabindex=\"0\" aria-expanded=\"false\" aria-controls=\"e-n-accordion-item-2600\" >\n\t\t\t\t\t<span class='e-n-accordion-item-title-header'><div class=\"e-n-accordion-item-title-text\"> Otras instituciones clave en el acceso al mercado <\/div><\/span>\n\t\t\t\t\t\t\t<span class='e-n-accordion-item-title-icon'>\n\t\t\t<span class='e-opened' ><i aria-hidden=\"true\" class=\"fas fa-minus\"><\/i><\/span>\n\t\t\t<span class='e-closed'><i aria-hidden=\"true\" class=\"fas fa-plus\"><\/i><\/span>\n\t\t<\/span>\n\n\t\t\t\t\t\t<\/summary>\n\t\t\t\t<div role=\"region\" aria-labelledby=\"e-n-accordion-item-2600\" class=\"elementor-element elementor-element-5f95d3e e-con-full e-flex e-con e-child\" data-id=\"5f95d3e\" data-element_type=\"container\" data-e-type=\"container\">\n\t\t\t\t<div class=\"elementor-element elementor-element-11e0496 elementor-widget elementor-widget-template\" data-id=\"11e0496\" data-element_type=\"widget\" data-e-type=\"widget\" data-widget_type=\"template.default\">\n\t\t\t\t<div class=\"elementor-widget-container\">\n\t\t\t\t\t\t\t<div class=\"elementor-template\">\n\t\t\t\t\t<div data-elementor-type=\"container\" data-elementor-id=\"19261\" class=\"elementor elementor-19261 elementor-18546 elementor-18546\" data-elementor-post-type=\"elementor_library\">\n\t\t\t\t<div role=\"region\" aria-labelledby=\"e-n-accordion-item-1220\" class=\"elementor-element elementor-element-4d5d7d7a e-flex e-con-boxed e-con e-parent\" data-id=\"4d5d7d7a\" data-element_type=\"container\" data-e-type=\"container\">\n\t\t\t\t\t<div class=\"e-con-inner\">\n\t\t\t\t<div class=\"elementor-element elementor-element-fa73d9e elementor-widget elementor-widget-text-editor\" data-id=\"fa73d9e\" data-element_type=\"widget\" data-e-type=\"widget\" data-widget_type=\"text-editor.default\">\n\t\t\t\t<div class=\"elementor-widget-container\">\n\t\t\t\t\t\t\t\t\t<h4><strong>Instituciones mundiales<\/strong><\/h4>\n<ul>\n<li><a href=\"https:\/\/jstindt.com\/es\/acceso-al-mercado-con-oms\/\">World Health Organization<\/a> (WHO)<\/li>\n<li><a href=\"https:\/\/jstindt.com\/es\/acceso-al-mercado-con-ispor\/\">International Society for Pharmacoeconomics and Outcomes Research<\/a> (ISPOR)<\/li>\n<\/ul>\n<h4><strong><br \/><a href=\"https:\/\/jstindt.com\/es\/ee-uu\/\">Estados Unidos<\/a><\/strong><\/h4>\n<ul>\n<li><a href=\"https:\/\/jstindt.com\/es\/acceso-al-mercado-con-cms\/\">Centers for Medicare &amp; Medicaid Services<\/a> (CMS)<\/li>\n<li><a href=\"https:\/\/jstindt.com\/es\/acceso-al-mercado-con-amcp\/\">Academy of Managed Care Pharmacy<\/a> (AMCP)<\/li>\n<li><a href=\"https:\/\/jstindt.com\/es\/acceso-al-mercado-con-icer\/\">Institute for Clinical and Economic Review<\/a> (ICER)<\/li>\n<\/ul>\n<h4><strong><br \/><a href=\"https:\/\/jstindt.com\/es\/francia\/\">Francia<\/a><\/strong><\/h4>\n<ul>\n<li><a href=\"https:\/\/jstindt.com\/es\/acceso-al-mercado-con-la-has-su-guia-de-la-principal-autoridad-sanitaria-de-francia\/\">Haute Autorit\u00e9 de Sant\u00e9<\/a> (HAS)<\/li>\n<li><a href=\"https:\/\/jstindt.com\/es\/acceso-al-mercado-con-el-ceps\/\">Comit\u00e9 \u00c9conomique des Produits de Sant\u00e9<\/a> (CEPS)<\/li>\n<\/ul>\n<h4><strong><br \/><a href=\"https:\/\/jstindt.com\/es\/alemania\/\">Alemania<\/a><\/strong><\/h4>\n<ul>\n<li><a href=\"https:\/\/jstindt.com\/es\/acceso-al-mercado-con-el-g-ba\/\">Gemeinsamer Bundesausschuss<\/a> (G-BA)<\/li>\n<li><a href=\"https:\/\/jstindt.com\/es\/acceso-al-mercado-con-el-iqwig\/\">Institute for Quality and Efficiency in Health Care<\/a> (IQWiG)<\/li>\n<li><a href=\"https:\/\/jstindt.com\/es\/acceso-al-mercado-con-el-gkv-spitzenverband\/\">GKV Spitzenverband<\/a><\/li>\n<\/ul>\n<h4><strong><br \/><a href=\"https:\/\/jstindt.com\/es\/reino-unido\/\">Reino Unido<\/a><\/strong><\/h4>\n<ul>\n<li><a href=\"https:\/\/jstindt.com\/es\/acceso-al-mercado-con-nice\/\">National Institute for Health and Care Excellence<\/a> (NICE)<\/li>\n<li><a href=\"https:\/\/jstindt.com\/es\/acceso-al-mercado-con-smc\/\">Scottish Medicines Consortium<\/a> (SMC)<\/li>\n<li><a href=\"https:\/\/jstindt.com\/es\/acceso-al-mercado-con-awmsg\/\" rel=\"noopener\">All Wales Medicines Strategy Group<\/a> (AWMSG)<\/li>\n<li><a href=\"https:\/\/jstindt.com\/es\/acceso-al-mercado-con-nhs\/\">National Health Service<\/a> (NHS)<\/li>\n<\/ul>\n<h4><strong><br \/><a href=\"https:\/\/jstindt.com\/es\/italia\/\">Italia<\/a><\/strong><\/h4>\n<ul>\n<li><a href=\"https:\/\/jstindt.com\/es\/acceso-al-mercado-con-aifa\/\">Italian Medicines Agency<\/a> (AIFA)<\/li>\n<li><a href=\"https:\/\/jstindt.com\/es\/acceso-al-mercado-con-la-cse\/\">Scientific and Economic Commission<\/a> (CSE)<\/li>\n<\/ul>\n<h4><strong><br \/><a href=\"https:\/\/jstindt.com\/es\/espana\/\">Espa\u00f1a<\/a><\/strong><\/h4>\n<ul>\n<li><a href=\"https:\/\/jstindt.com\/es\/acceso-al-mercado-con-la-aemps\/\">Spanish Agency of Medicines and Medical Devices<\/a> (AEMPS)<\/li>\n<li><a href=\"https:\/\/jstindt.com\/es\/acceso-al-mercado-con-el-dgcf\/\">Direcci\u00f3n General de Cartera Com\u00fan de Servicios del Sistema Nacional de Salud y Farmacia<\/a> (DGCF)<\/li>\n<li><a href=\"https:\/\/jstindt.com\/es\/acceso-al-mercado-con-la-cipm\/\">Interministerial Commission on Medicine Prices<\/a> (CIPM)<\/li>\n<\/ul>\n<h4><strong><br \/><a href=\"https:\/\/jstindt.com\/es\/suiza\/\">Suiza<\/a><\/strong><\/h4>\n<ul>\n<li><a href=\"https:\/\/jstindt.com\/es\/acceso-al-mercado-con-la-ofsp\/\">Federal Office of Public Health<\/a> (FOPH)<\/li>\n<\/ul>\n\t\t\t\t\t\t\t\t<\/div>\n\t\t\t\t<\/div>\n\t\t\t\t\t<\/div>\n\t\t\t\t<\/div>\n\t\t\t\t<\/div>\n\t\t\t\t<\/div>\n\t\t\t\t\t\t<\/div>\n\t\t\t\t<\/div>\n\t\t\t\t<\/div>\n\t\t\t\t\t<\/details>\n\t\t\t\t\t<\/div>\n\t\t\t\t\t\t<\/div>\n\t\t\t\t<\/div>\n\t\t\t\t\t<\/div>\n\t\t\t\t<\/div>\n\t\t\t\t<\/div>\n\t\t","protected":false},"excerpt":{"rendered":"<p>La Federal Office of Public Health (FOPH) es la autoridad nacional de Suiza responsable de la salud p\u00fablica, el desarrollo de pol\u00edticas sanitarias nacionales y la garant\u00eda de un sistema de salud eficiente y accesible. Como parte del Departamento Federal del Interior, la FOPH colabora con las autoridades cantonales para proteger y promover la salud [&hellip;]<\/p>\n","protected":false},"author":3,"featured_media":0,"parent":0,"menu_order":0,"comment_status":"closed","ping_status":"closed","template":"","meta":{"_acf_changed":false,"footnotes":""},"class_list":["post-19103","page","type-page","status-publish","hentry"],"acf":[],"_links":{"self":[{"href":"https:\/\/jstindt.com\/es\/wp-json\/wp\/v2\/pages\/19103","targetHints":{"allow":["GET"]}}],"collection":[{"href":"https:\/\/jstindt.com\/es\/wp-json\/wp\/v2\/pages"}],"about":[{"href":"https:\/\/jstindt.com\/es\/wp-json\/wp\/v2\/types\/page"}],"author":[{"embeddable":true,"href":"https:\/\/jstindt.com\/es\/wp-json\/wp\/v2\/users\/3"}],"replies":[{"embeddable":true,"href":"https:\/\/jstindt.com\/es\/wp-json\/wp\/v2\/comments?post=19103"}],"version-history":[{"count":8,"href":"https:\/\/jstindt.com\/es\/wp-json\/wp\/v2\/pages\/19103\/revisions"}],"predecessor-version":[{"id":19822,"href":"https:\/\/jstindt.com\/es\/wp-json\/wp\/v2\/pages\/19103\/revisions\/19822"}],"wp:attachment":[{"href":"https:\/\/jstindt.com\/es\/wp-json\/wp\/v2\/media?parent=19103"}],"curies":[{"name":"wp","href":"https:\/\/api.w.org\/{rel}","templated":true}]}}