{"id":19082,"date":"2025-02-13T14:52:24","date_gmt":"2025-02-13T13:52:24","guid":{"rendered":"https:\/\/jstindt.com\/?page_id=19082"},"modified":"2025-03-20T16:33:39","modified_gmt":"2025-03-20T15:33:39","slug":"acceso-al-mercado-con-la-aemps","status":"publish","type":"page","link":"https:\/\/jstindt.com\/es\/acceso-al-mercado-con-la-aemps\/","title":{"rendered":"Acceso al mercado con la AEMPS: Su gu\u00eda sobre la agencia reguladora farmac\u00e9utica en Espa\u00f1a"},"content":{"rendered":"\t\t<div data-elementor-type=\"wp-page\" data-elementor-id=\"19082\" class=\"elementor elementor-19082 elementor-18640\" data-elementor-post-type=\"page\">\n\t\t\t\t<div class=\"elementor-element elementor-element-d2960ec e-flex e-con-boxed e-con e-parent\" data-id=\"d2960ec\" data-element_type=\"container\" data-e-type=\"container\">\n\t\t\t\t\t<div class=\"e-con-inner\">\n\t\t\t\t<div class=\"elementor-element elementor-element-ddbc09e elementor-widget elementor-widget-text-editor\" data-id=\"ddbc09e\" data-element_type=\"widget\" data-e-type=\"widget\" data-widget_type=\"text-editor.default\">\n\t\t\t\t<div class=\"elementor-widget-container\">\n\t\t\t\t\t\t\t\t\t<p><span style=\"font-weight: 400;\">La Agencia Espa\u00f1ola de Medicamentos y Productos Sanitarios (<\/span><i><span style=\"font-weight: 400;\">AEMPS<\/span><\/i><span style=\"font-weight: 400;\">) es la autoridad nacional responsable de garantizar la calidad, seguridad y eficacia de los medicamentos y productos sanitarios en Espa\u00f1a. Creada para proteger y promover la salud p\u00fablica, la AEMPS supervisa la evaluaci\u00f3n, autorizaci\u00f3n y seguimiento de los productos farmac\u00e9uticos y dispositivos m\u00e9dicos. Colaborar con la AEMPS es esencial para las empresas que buscan acceder al mercado farmac\u00e9utico espa\u00f1ol. (<\/span><a href=\"https:\/\/www.aemps.gob.es\/\" target=\"_blank\" rel=\"noopener\"><span style=\"font-weight: 400;\">aemps.gob.es<\/span><\/a><span style=\"font-weight: 400;\">)<\/span><\/p><h2><b>Funciones principales de la AEMPS<\/b><\/h2><p><span style=\"font-weight: 400;\">Las principales responsabilidades de la AEMPS incluyen:<\/span><\/p><ul><li><span style=\"font-weight: 400;\"> \u00a0 \u00a0 <\/span><b>Autorizaci\u00f3n de medicamentos:<\/b><span style=\"font-weight: 400;\"> Evaluaci\u00f3n y concesi\u00f3n de autorizaciones de comercializaci\u00f3n para garantizar el cumplimiento de los m\u00e1s altos est\u00e1ndares de calidad, seguridad y eficacia. (<\/span><a href=\"https:\/\/administracion.gob.es\/\" target=\"_blank\" rel=\"noopener\"><span style=\"font-weight: 400;\">administracion.gob.es<\/span><\/a><span style=\"font-weight: 400;\">)<\/span><\/li><li><b>Farmacovigilancia:<\/b><span style=\"font-weight: 400;\"> Supervisi\u00f3n de la seguridad de los medicamentos tras su comercializaci\u00f3n para detectar y gestionar r\u00e1pidamente posibles reacciones adversas.<\/span><\/li><li><span style=\"font-weight: 400;\"> \u00a0 \u00a0 <\/span><b>Regulaci\u00f3n de ensayos cl\u00ednicos:<\/b><span style=\"font-weight: 400;\"> Aprobaci\u00f3n y supervisi\u00f3n de ensayos cl\u00ednicos para garantizar el cumplimiento de est\u00e1ndares \u00e9ticos y cient\u00edficos.<\/span><\/li><li><b>Control de dispositivos m\u00e9dicos y cosm\u00e9ticos:<\/b><span style=\"font-weight: 400;\"> Asegurar que los dispositivos m\u00e9dicos y los productos cosm\u00e9ticos cumplan con los requisitos de seguridad y rendimiento antes de su comercializaci\u00f3n.<\/span><\/li><\/ul><h2><b>Direcci\u00f3n y contactos clave<\/b><\/h2><p><span style=\"font-weight: 400;\">A fecha de enero de 2025, la AEMPS est\u00e1 dirigida por <\/span><b>Mar\u00eda Jes\u00fas Lamas<\/b><span style=\"font-weight: 400;\">, quien supervisa las iniciativas estrat\u00e9gicas y operativas de la agencia.<\/span><\/p><h3><b>Contacto de la AEMPS<\/b><\/h3><ul><li><span style=\"font-weight: 400;\"> \u00a0 \u00a0 <\/span><b>Sitio web:<\/b><a href=\"https:\/\/www.aemps.gob.es\/\" target=\"_blank\" rel=\"noopener\"> <span style=\"font-weight: 400;\">aemps.gob.es<\/span><\/a><\/li><li><b>Direcci\u00f3n postal:<\/b><b><br \/><\/b> <span style=\"font-weight: 400;\">Agencia Espa\u00f1ola de Medicamentos y Productos Sanitarios (<\/span><i><span style=\"font-weight: 400;\">AEMPS<\/span><\/i><span style=\"font-weight: 400;\">)<\/span><span style=\"font-weight: 400;\"><br \/><\/span><span style=\"font-weight: 400;\">\u00a0 Calle Campezo, 1<\/span><span style=\"font-weight: 400;\"><br \/><\/span><span style=\"font-weight: 400;\">\u00a0 28022 Madrid, Espa\u00f1a<\/span><span style=\"font-weight: 400;\"><br \/><\/span><span style=\"font-weight: 400;\">\u00a0 <\/span><b>Tel\u00e9fono:<\/b><span style=\"font-weight: 400;\"> +34 91 822 52 01<\/span><\/li><\/ul><h2><b>Desaf\u00edos en la colaboraci\u00f3n con la AEMPS<\/b><\/h2><p><span style=\"font-weight: 400;\">Colaborar con la AEMPS implica:<\/span><\/p><ul><li><b>Conocimiento de los procedimientos regulatorios:<\/b><span style=\"font-weight: 400;\"> Familiaridad con los procesos de autorizaci\u00f3n y los requisitos de la AEMPS, esenciales para un acceso exitoso al mercado.<\/span><\/li><li><b>Documentaci\u00f3n precisa y presentaciones puntuales:<\/b><span style=\"font-weight: 400;\"> Preparaci\u00f3n exhaustiva y cumplimiento de los plazos para facilitar los procesos de evaluaci\u00f3n.<\/span><\/li><li><b>Cumplimiento de normativas nacionales y de la UE:<\/b><span style=\"font-weight: 400;\"> Adaptaci\u00f3n a un entorno regulador complejo que incluye tanto directivas espa\u00f1olas como de la Uni\u00f3n Europea.<\/span><\/li><\/ul><p><span style=\"font-weight: 400;\">Una colaboraci\u00f3n eficiente con la AEMPS puede acelerar el acceso al mercado y garantizar decisiones de reembolso favorables en Espa\u00f1a.<\/span><\/p><h2><b>Oportunidades \/ Soluciones con Justin Stindt Consultants<\/b><\/h2><p><span style=\"font-weight: 400;\">La experiencia de Justin Stindt con la AEMPS garantiza:<\/span><\/p><ul><li><b>Consultor\u00eda experta en presentaciones ante la AEMPS:<\/b><span style=\"font-weight: 400;\"> Creaci\u00f3n de expedientes de alta calidad para autorizaciones de comercializaci\u00f3n y solicitudes de ensayos cl\u00ednicos.<\/span><\/li><li><b>Estrategias de acceso al mercado con la AEMPS:<\/b><span style=\"font-weight: 400;\"> Desarrollo de estrategias alineadas con el marco regulador de la AEMPS para optimizar el acceso al mercado.<\/span><\/li><li><b>Experiencia en procesos de la AEMPS:<\/b><span style=\"font-weight: 400;\"> Conocimiento detallado de los procedimientos de la AEMPS para mejorar el cumplimiento normativo y agilizar las aprobaciones.<\/span><\/li><\/ul><p><span style=\"font-weight: 400;\">Justin Stindt Consultants ayuda a las empresas a navegar en el entorno regulador de la AEMPS para garantizar un acceso exitoso al mercado espa\u00f1ol.<\/span><\/p>\t\t\t\t\t\t\t\t<\/div>\n\t\t\t\t<\/div>\n\t\t\t\t\t<\/div>\n\t\t\t\t<\/div>\n\t\t<div class=\"elementor-element elementor-element-fdcd422 e-flex e-con-boxed e-con e-parent\" data-id=\"fdcd422\" data-element_type=\"container\" data-e-type=\"container\">\n\t\t\t\t\t<div class=\"e-con-inner\">\n\t\t\t\t<div class=\"elementor-element elementor-element-360b27f elementor-widget-divider--view-line elementor-widget elementor-widget-divider\" data-id=\"360b27f\" data-element_type=\"widget\" data-e-type=\"widget\" data-widget_type=\"divider.default\">\n\t\t\t\t<div class=\"elementor-widget-container\">\n\t\t\t\t\t\t\t<div class=\"elementor-divider\">\n\t\t\t<span class=\"elementor-divider-separator\">\n\t\t\t\t\t\t<\/span>\n\t\t<\/div>\n\t\t\t\t\t\t<\/div>\n\t\t\t\t<\/div>\n\t\t\t\t\t<\/div>\n\t\t\t\t<\/div>\n\t\t<div class=\"elementor-element elementor-element-69efb834 e-flex e-con-boxed e-con e-parent\" data-id=\"69efb834\" data-element_type=\"container\" data-e-type=\"container\">\n\t\t\t\t\t<div class=\"e-con-inner\">\n\t\t<div class=\"elementor-element elementor-element-2ccca66 e-con-full bordered-block e-flex e-con e-child\" data-id=\"2ccca66\" data-element_type=\"container\" data-e-type=\"container\">\n\t\t\t\t<div class=\"elementor-element elementor-element-1592e37d elementor-widget elementor-widget-text-editor\" data-id=\"1592e37d\" data-element_type=\"widget\" data-e-type=\"widget\" data-widget_type=\"text-editor.default\">\n\t\t\t\t<div class=\"elementor-widget-container\">\n\t\t\t\t\t\t\t\t\t<h3>Caso de \u00e9xito<\/h3><h2>\u00c9xito de una empresa farmac\u00e9utica con la AEMPS<\/h2>\t\t\t\t\t\t\t\t<\/div>\n\t\t\t\t<\/div>\n\t\t\t\t<div class=\"elementor-element elementor-element-798a58a4 elementor-widget elementor-widget-text-editor\" data-id=\"798a58a4\" data-element_type=\"widget\" data-e-type=\"widget\" data-widget_type=\"text-editor.default\">\n\t\t\t\t<div class=\"elementor-widget-container\">\n\t\t\t\t\t\t\t\t\t<p><strong>Desaf\u00edo<\/strong>: <br \/>Una empresa farmac\u00e9utica solicit\u00f3 nuestra ayuda para obtener la autorizaci\u00f3n de comercializaci\u00f3n y la aprobaci\u00f3n de reembolso para una nueva terapia en Espa\u00f1a.<\/p><p><strong>Soluci\u00f3n<\/strong>: <br \/>Guiamos la preparaci\u00f3n de la documentaci\u00f3n requerida para la AEMPS y un expediente de valor completo que cumpliera con los criterios de los evaluadores.<\/p><p><strong>Resultado<\/strong>: <br \/>Nuestro enfoque estrat\u00e9gico llev\u00f3 a un resultado positivo, permitiendo la obtenci\u00f3n del c\u00f3digo nacional y la inclusi\u00f3n de la terapia en la lista nacional de reembolso.<\/p>\t\t\t\t\t\t\t\t<\/div>\n\t\t\t\t<\/div>\n\t\t\t\t<\/div>\n\t\t\t\t\t<\/div>\n\t\t\t\t<\/div>\n\t\t<div class=\"elementor-element elementor-element-c5af527 e-con-full e-flex e-con e-parent\" data-id=\"c5af527\" data-element_type=\"container\" data-e-type=\"container\" data-settings=\"{&quot;background_background&quot;:&quot;classic&quot;}\">\n\t\t\t\t<div class=\"elementor-element elementor-element-9615d7f elementor-cta--skin-classic elementor-animated-content elementor-bg-transform elementor-bg-transform-zoom-in elementor-widget elementor-widget-call-to-action\" data-id=\"9615d7f\" data-element_type=\"widget\" data-e-type=\"widget\" data-widget_type=\"call-to-action.default\">\n\t\t\t\t<div class=\"elementor-widget-container\">\n\t\t\t\t\t\t\t<div class=\"elementor-cta\">\n\t\t\t\t\t\t\t<div class=\"elementor-cta__content\">\n\t\t\t\t\n\t\t\t\t\t\t\t\t\t<h2 class=\"elementor-cta__title elementor-cta__content-item elementor-content-item\">\n\t\t\t\t\t\t\u00bfNecesita apoyo en el acceso al mercado con la AEMPS? La experiencia de Justin Stindt Consultants le ayudar\u00e1 a alcanzar el \u00e9xito.\t\t\t\t\t<\/h2>\n\t\t\t\t\n\t\t\t\t\t\t\t\t\t<div class=\"elementor-cta__description elementor-cta__content-item elementor-content-item\">\n\t\t\t\t\t\tCont\u00e1ctenos hoy mismo para desarrollar su estrategia de acceso al mercado y garantizar su \u00e9xito con la AEMPS.\t\t\t\t\t<\/div>\n\t\t\t\t\n\t\t\t\t\t\t\t\t\t<div class=\"elementor-cta__button-wrapper elementor-cta__content-item elementor-content-item \">\n\t\t\t\t\t<a class=\"elementor-cta__button elementor-button elementor-size-\" href=\"https:\/\/jstindt.com\/contact-us\/\">\n\t\t\t\t\t\tP\u00f3ngase en contacto con Justin Stindt Consultants \t\t\t\t\t<\/a>\n\t\t\t\t\t<\/div>\n\t\t\t\t\t\t\t<\/div>\n\t\t\t\t\t\t<\/div>\n\t\t\t\t\t\t<\/div>\n\t\t\t\t<\/div>\n\t\t\t\t<\/div>\n\t\t<div class=\"elementor-element elementor-element-c5ba8e7 e-flex e-con-boxed e-con e-parent\" data-id=\"c5ba8e7\" data-element_type=\"container\" data-e-type=\"container\">\n\t\t\t\t\t<div class=\"e-con-inner\">\n\t\t\t\t<div class=\"elementor-element elementor-element-fb289dd elementor-widget elementor-widget-n-accordion\" data-id=\"fb289dd\" data-element_type=\"widget\" data-e-type=\"widget\" data-settings=\"{&quot;default_state&quot;:&quot;all_collapsed&quot;,&quot;max_items_expended&quot;:&quot;one&quot;,&quot;n_accordion_animation_duration&quot;:{&quot;unit&quot;:&quot;ms&quot;,&quot;size&quot;:400,&quot;sizes&quot;:[]}}\" data-widget_type=\"nested-accordion.default\">\n\t\t\t\t<div class=\"elementor-widget-container\">\n\t\t\t\t\t\t\t<div class=\"e-n-accordion\" aria-label=\"Accordion. Open links with Enter or Space, close with Escape, and navigate with Arrow Keys\">\n\t\t\t\t\t\t<details id=\"e-n-accordion-item-2630\" class=\"e-n-accordion-item\" >\n\t\t\t\t<summary class=\"e-n-accordion-item-title\" data-accordion-index=\"1\" tabindex=\"0\" aria-expanded=\"false\" aria-controls=\"e-n-accordion-item-2630\" >\n\t\t\t\t\t<span class='e-n-accordion-item-title-header'><div class=\"e-n-accordion-item-title-text\"> Otras instituciones clave en el acceso al mercado <\/div><\/span>\n\t\t\t\t\t\t\t<span class='e-n-accordion-item-title-icon'>\n\t\t\t<span class='e-opened' ><i aria-hidden=\"true\" class=\"fas fa-minus\"><\/i><\/span>\n\t\t\t<span class='e-closed'><i aria-hidden=\"true\" class=\"fas fa-plus\"><\/i><\/span>\n\t\t<\/span>\n\n\t\t\t\t\t\t<\/summary>\n\t\t\t\t<div role=\"region\" aria-labelledby=\"e-n-accordion-item-2630\" class=\"elementor-element elementor-element-40dd8cf e-con-full e-flex e-con e-child\" data-id=\"40dd8cf\" data-element_type=\"container\" data-e-type=\"container\">\n\t\t\t\t<div class=\"elementor-element elementor-element-abf38e2 elementor-widget elementor-widget-template\" data-id=\"abf38e2\" data-element_type=\"widget\" data-e-type=\"widget\" data-widget_type=\"template.default\">\n\t\t\t\t<div class=\"elementor-widget-container\">\n\t\t\t\t\t\t\t<div class=\"elementor-template\">\n\t\t\t\t\t<div data-elementor-type=\"container\" data-elementor-id=\"19261\" class=\"elementor elementor-19261 elementor-18546 elementor-18546\" data-elementor-post-type=\"elementor_library\">\n\t\t\t\t<div role=\"region\" aria-labelledby=\"e-n-accordion-item-2630\" class=\"elementor-element elementor-element-4d5d7d7a e-flex e-con-boxed e-con e-parent\" data-id=\"4d5d7d7a\" data-element_type=\"container\" data-e-type=\"container\">\n\t\t\t\t\t<div class=\"e-con-inner\">\n\t\t\t\t<div class=\"elementor-element elementor-element-fa73d9e elementor-widget elementor-widget-text-editor\" data-id=\"fa73d9e\" data-element_type=\"widget\" data-e-type=\"widget\" data-widget_type=\"text-editor.default\">\n\t\t\t\t<div class=\"elementor-widget-container\">\n\t\t\t\t\t\t\t\t\t<h4><strong>Instituciones mundiales<\/strong><\/h4>\n<ul>\n<li><a href=\"https:\/\/jstindt.com\/es\/acceso-al-mercado-con-oms\/\">World Health Organization<\/a> (WHO)<\/li>\n<li><a href=\"https:\/\/jstindt.com\/es\/acceso-al-mercado-con-ispor\/\">International Society for Pharmacoeconomics and Outcomes Research<\/a> (ISPOR)<\/li>\n<\/ul>\n<h4><strong><br \/><a href=\"https:\/\/jstindt.com\/es\/ee-uu\/\">Estados Unidos<\/a><\/strong><\/h4>\n<ul>\n<li><a href=\"https:\/\/jstindt.com\/es\/acceso-al-mercado-con-cms\/\">Centers for Medicare &amp; Medicaid Services<\/a> (CMS)<\/li>\n<li><a href=\"https:\/\/jstindt.com\/es\/acceso-al-mercado-con-amcp\/\">Academy of Managed Care Pharmacy<\/a> (AMCP)<\/li>\n<li><a href=\"https:\/\/jstindt.com\/es\/acceso-al-mercado-con-icer\/\">Institute for Clinical and Economic Review<\/a> (ICER)<\/li>\n<\/ul>\n<h4><strong><br \/><a href=\"https:\/\/jstindt.com\/es\/francia\/\">Francia<\/a><\/strong><\/h4>\n<ul>\n<li><a href=\"https:\/\/jstindt.com\/es\/acceso-al-mercado-con-la-has-su-guia-de-la-principal-autoridad-sanitaria-de-francia\/\">Haute Autorit\u00e9 de Sant\u00e9<\/a> (HAS)<\/li>\n<li><a href=\"https:\/\/jstindt.com\/es\/acceso-al-mercado-con-el-ceps\/\">Comit\u00e9 \u00c9conomique des Produits de Sant\u00e9<\/a> (CEPS)<\/li>\n<\/ul>\n<h4><strong><br \/><a href=\"https:\/\/jstindt.com\/es\/alemania\/\">Alemania<\/a><\/strong><\/h4>\n<ul>\n<li><a href=\"https:\/\/jstindt.com\/es\/acceso-al-mercado-con-el-g-ba\/\">Gemeinsamer Bundesausschuss<\/a> (G-BA)<\/li>\n<li><a href=\"https:\/\/jstindt.com\/es\/acceso-al-mercado-con-el-iqwig\/\">Institute for Quality and Efficiency in Health Care<\/a> (IQWiG)<\/li>\n<li><a href=\"https:\/\/jstindt.com\/es\/acceso-al-mercado-con-el-gkv-spitzenverband\/\">GKV Spitzenverband<\/a><\/li>\n<\/ul>\n<h4><strong><br \/><a href=\"https:\/\/jstindt.com\/es\/reino-unido\/\">Reino Unido<\/a><\/strong><\/h4>\n<ul>\n<li><a href=\"https:\/\/jstindt.com\/es\/acceso-al-mercado-con-nice\/\">National Institute for Health and Care Excellence<\/a> (NICE)<\/li>\n<li><a href=\"https:\/\/jstindt.com\/es\/acceso-al-mercado-con-smc\/\">Scottish Medicines Consortium<\/a> (SMC)<\/li>\n<li><a href=\"https:\/\/jstindt.com\/es\/acceso-al-mercado-con-awmsg\/\" rel=\"noopener\">All Wales Medicines Strategy Group<\/a> (AWMSG)<\/li>\n<li><a href=\"https:\/\/jstindt.com\/es\/acceso-al-mercado-con-nhs\/\">National Health Service<\/a> (NHS)<\/li>\n<\/ul>\n<h4><strong><br \/><a href=\"https:\/\/jstindt.com\/es\/italia\/\">Italia<\/a><\/strong><\/h4>\n<ul>\n<li><a href=\"https:\/\/jstindt.com\/es\/acceso-al-mercado-con-aifa\/\">Italian Medicines Agency<\/a> (AIFA)<\/li>\n<li><a href=\"https:\/\/jstindt.com\/es\/acceso-al-mercado-con-la-cse\/\">Scientific and Economic Commission<\/a> (CSE)<\/li>\n<\/ul>\n<h4><strong><br \/><a href=\"https:\/\/jstindt.com\/es\/espana\/\">Espa\u00f1a<\/a><\/strong><\/h4>\n<ul>\n<li><a href=\"https:\/\/jstindt.com\/es\/acceso-al-mercado-con-la-aemps\/\">Spanish Agency of Medicines and Medical Devices<\/a> (AEMPS)<\/li>\n<li><a href=\"https:\/\/jstindt.com\/es\/acceso-al-mercado-con-el-dgcf\/\">Direcci\u00f3n General de Cartera Com\u00fan de Servicios del Sistema Nacional de Salud y Farmacia<\/a> (DGCF)<\/li>\n<li><a href=\"https:\/\/jstindt.com\/es\/acceso-al-mercado-con-la-cipm\/\">Interministerial Commission on Medicine Prices<\/a> (CIPM)<\/li>\n<\/ul>\n<h4><strong><br \/><a href=\"https:\/\/jstindt.com\/es\/suiza\/\">Suiza<\/a><\/strong><\/h4>\n<ul>\n<li><a href=\"https:\/\/jstindt.com\/es\/acceso-al-mercado-con-la-ofsp\/\">Federal Office of Public Health<\/a> (FOPH)<\/li>\n<\/ul>\n\t\t\t\t\t\t\t\t<\/div>\n\t\t\t\t<\/div>\n\t\t\t\t\t<\/div>\n\t\t\t\t<\/div>\n\t\t\t\t<\/div>\n\t\t\t\t<\/div>\n\t\t\t\t\t\t<\/div>\n\t\t\t\t<\/div>\n\t\t\t\t<\/div>\n\t\t\t\t\t<\/details>\n\t\t\t\t\t<\/div>\n\t\t\t\t\t\t<\/div>\n\t\t\t\t<\/div>\n\t\t\t\t\t<\/div>\n\t\t\t\t<\/div>\n\t\t\t\t<\/div>\n\t\t","protected":false},"excerpt":{"rendered":"<p>La Agencia Espa\u00f1ola de Medicamentos y Productos Sanitarios (AEMPS) es la autoridad nacional responsable de garantizar la calidad, seguridad y eficacia de los medicamentos y productos sanitarios en Espa\u00f1a. Creada para proteger y promover la salud p\u00fablica, la AEMPS supervisa la evaluaci\u00f3n, autorizaci\u00f3n y seguimiento de los productos farmac\u00e9uticos y dispositivos m\u00e9dicos. Colaborar con la [&hellip;]<\/p>\n","protected":false},"author":3,"featured_media":0,"parent":0,"menu_order":0,"comment_status":"closed","ping_status":"closed","template":"","meta":{"_acf_changed":false,"footnotes":""},"class_list":["post-19082","page","type-page","status-publish","hentry"],"acf":[],"_links":{"self":[{"href":"https:\/\/jstindt.com\/es\/wp-json\/wp\/v2\/pages\/19082","targetHints":{"allow":["GET"]}}],"collection":[{"href":"https:\/\/jstindt.com\/es\/wp-json\/wp\/v2\/pages"}],"about":[{"href":"https:\/\/jstindt.com\/es\/wp-json\/wp\/v2\/types\/page"}],"author":[{"embeddable":true,"href":"https:\/\/jstindt.com\/es\/wp-json\/wp\/v2\/users\/3"}],"replies":[{"embeddable":true,"href":"https:\/\/jstindt.com\/es\/wp-json\/wp\/v2\/comments?post=19082"}],"version-history":[{"count":8,"href":"https:\/\/jstindt.com\/es\/wp-json\/wp\/v2\/pages\/19082\/revisions"}],"predecessor-version":[{"id":19819,"href":"https:\/\/jstindt.com\/es\/wp-json\/wp\/v2\/pages\/19082\/revisions\/19819"}],"wp:attachment":[{"href":"https:\/\/jstindt.com\/es\/wp-json\/wp\/v2\/media?parent=19082"}],"curies":[{"name":"wp","href":"https:\/\/api.w.org\/{rel}","templated":true}]}}