{"id":19042,"date":"2025-02-13T14:08:51","date_gmt":"2025-02-13T13:08:51","guid":{"rendered":"https:\/\/jstindt.com\/?page_id=19042"},"modified":"2025-03-20T16:33:21","modified_gmt":"2025-03-20T15:33:21","slug":"acceso-al-mercado-con-aifa","status":"publish","type":"page","link":"https:\/\/jstindt.com\/es\/acceso-al-mercado-con-aifa\/","title":{"rendered":"Acceso al mercado con AIFA: Su gu\u00eda sobre la agencia reguladora farmac\u00e9utica y de HTA en Italia"},"content":{"rendered":"\t\t<div data-elementor-type=\"wp-page\" data-elementor-id=\"19042\" class=\"elementor elementor-19042 elementor-18629\" data-elementor-post-type=\"page\">\n\t\t\t\t<div class=\"elementor-element elementor-element-4a92cd2 e-flex e-con-boxed e-con e-parent\" data-id=\"4a92cd2\" data-element_type=\"container\" data-e-type=\"container\">\n\t\t\t\t\t<div class=\"e-con-inner\">\n\t\t\t\t<div class=\"elementor-element elementor-element-e184995 elementor-widget elementor-widget-text-editor\" data-id=\"e184995\" data-element_type=\"widget\" data-e-type=\"widget\" data-widget_type=\"text-editor.default\">\n\t\t\t\t<div class=\"elementor-widget-container\">\n\t\t\t\t\t\t\t\t\t<p><span style=\"font-weight: 400;\">La <\/span><i><span style=\"font-weight: 400;\">Agenzia Italiana del Farmaco<\/span><\/i><span style=\"font-weight: 400;\"> (<\/span><i><span style=\"font-weight: 400;\">AIFA<\/span><\/i><span style=\"font-weight: 400;\">) es la autoridad nacional responsable de la regulaci\u00f3n de medicamentos y de la evaluaci\u00f3n de tecnolog\u00edas sanitarias (<\/span><i><span style=\"font-weight: 400;\">HTA<\/span><\/i><span style=\"font-weight: 400;\">) en Italia. Creada para garantizar la seguridad, eficacia y calidad de los medicamentos, AIFA desempe\u00f1a un papel clave en la supervisi\u00f3n del ciclo de vida de los productos farmac\u00e9uticos, desde los ensayos cl\u00ednicos hasta el acceso al mercado y la farmacovigilancia. Colaborar con AIFA es fundamental para los actores que buscan acceder al mercado farmac\u00e9utico italiano. (<\/span><a href=\"https:\/\/www.aifa.gov.it\/en\/\" target=\"_blank\" rel=\"noopener\"><span style=\"font-weight: 400;\">aifa.gov.it<\/span><\/a><span style=\"font-weight: 400;\">)<\/span><\/p><h2><b>Funciones principales de AIFA<\/b><\/h2><p><span style=\"font-weight: 400;\">\u00a0<\/span><\/p><p><span style=\"font-weight: 400;\">Las principales responsabilidades de AIFA incluyen:<\/span><\/p><ul><li><b>Autorizaci\u00f3n de medicamentos:<\/b><span style=\"font-weight: 400;\"> Evaluaci\u00f3n y concesi\u00f3n de autorizaciones de comercializaci\u00f3n (<\/span><i><span style=\"font-weight: 400;\">AIC<\/span><\/i><span style=\"font-weight: 400;\">) para garantizar el cumplimiento de rigurosos est\u00e1ndares de calidad, seguridad y eficacia.<\/span><\/li><li><b>Fijaci\u00f3n de precios y reembolsos:<\/b><span style=\"font-weight: 400;\"> Negociaci\u00f3n de precios de los medicamentos y determinaci\u00f3n de su reembolso dentro del Servicio Nacional de Salud (<\/span><i><span style=\"font-weight: 400;\">SSN<\/span><\/i><span style=\"font-weight: 400;\">), asegurando su accesibilidad y sostenibilidad.<\/span><\/li><li><b>Farmacovigilancia:<\/b><span style=\"font-weight: 400;\"> Supervisi\u00f3n de la seguridad de los medicamentos tras su comercializaci\u00f3n para detectar y gestionar r\u00e1pidamente posibles reacciones adversas.<\/span><\/li><li><span style=\"font-weight: 400;\"> \u00a0 \u00a0 <\/span><b>Promoci\u00f3n de la investigaci\u00f3n y el desarrollo:<\/b><span style=\"font-weight: 400;\"> Apoyo a la innovaci\u00f3n farmac\u00e9utica mediante investigaci\u00f3n cl\u00ednica y programas de acceso temprano a terapias prometedoras. (<\/span><a href=\"https:\/\/www.aifa.gov.it\/en\/\" target=\"_blank\" rel=\"noopener\"><span style=\"font-weight: 400;\">aifa.gov.it<\/span><\/a><span style=\"font-weight: 400;\">)<\/span><\/li><\/ul><h2><b>Direcci\u00f3n y contactos clave<\/b><\/h2><p><span style=\"font-weight: 400;\">A fecha de enero de 2025, AIFA est\u00e1 presidida por <\/span><b>Robert Giovanni Nistic\u00f2<\/b><span style=\"font-weight: 400;\">, quien supervisa las iniciativas estrat\u00e9gicas y operaciones de la agencia.<\/span><\/p><h3><b>Contacto de AIFA<\/b><\/h3><ul><li><span style=\"font-weight: 400;\"> \u00a0 \u00a0 <\/span><b>Sitio web:<\/b><a href=\"https:\/\/www.aifa.gov.it\/en\/\" target=\"_blank\" rel=\"noopener\"> <span style=\"font-weight: 400;\">aifa.gov.it<\/span><\/a><\/li><li><b>Direcci\u00f3n postal:<\/b><b><br \/><\/b> <span style=\"font-weight: 400;\">Agenzia Italiana del Farmaco (<\/span><i><span style=\"font-weight: 400;\">AIFA<\/span><\/i><span style=\"font-weight: 400;\">)<\/span><span style=\"font-weight: 400;\"><br \/><\/span><span style=\"font-weight: 400;\">\u00a0 Via del Tritone, 181<\/span><span style=\"font-weight: 400;\"><br \/><\/span><span style=\"font-weight: 400;\">\u00a0 00187 Roma, Italia<\/span><span style=\"font-weight: 400;\"><br \/><\/span><span style=\"font-weight: 400;\">\u00a0 <\/span><b>Tel\u00e9fono:<\/b><span style=\"font-weight: 400;\"> +39 06 5978401<\/span><\/li><\/ul><h2><b>Desaf\u00edos en la colaboraci\u00f3n con AIFA<\/b><\/h2><p><span style=\"font-weight: 400;\">Colaborar con AIFA implica:<\/span><\/p><ul><li><b>Conocimiento de los procedimientos regulatorios:<\/b><span style=\"font-weight: 400;\"> Familiaridad con los procesos de autorizaci\u00f3n y los requisitos de presentaci\u00f3n de AIFA, esenciales para un acceso exitoso al mercado.<\/span><\/li><li><b>Documentaci\u00f3n precisa y presentaciones puntuales:<\/b><span style=\"font-weight: 400;\"> Preparaci\u00f3n rigurosa y cumplimiento de los plazos para facilitar los procesos de evaluaci\u00f3n.<\/span><\/li><li><b>Colaboraci\u00f3n con partes interesadas:<\/b><span style=\"font-weight: 400;\"> Coordinaci\u00f3n efectiva con los actores del sistema sanitario italiano para alinearse con las directrices y est\u00e1ndares de AIFA.<\/span><\/li><\/ul><p><span style=\"font-weight: 400;\">Una colaboraci\u00f3n eficiente con AIFA puede permitir un acceso m\u00e1s r\u00e1pido al mercado y lograr decisiones favorables en HTA, fijaci\u00f3n de precios y reembolsos en Italia.<\/span><\/p><h2><b>Oportunidades \/ Soluciones con Justin Stindt Consultants<\/b><\/h2><p><span style=\"font-weight: 400;\">La experiencia de Justin Stindt con la AIFA garantiza:<\/span><\/p><ul><li><b>Consultor\u00eda experta en presentaciones a AIFA:<\/b><span style=\"font-weight: 400;\"> Elaboraci\u00f3n de dossiers de alta calidad para autorizaciones de comercializaci\u00f3n y solicitudes de reembolso.<\/span><\/li><li><b>Estrategias de acceso al mercado con AIFA:<\/b><span style=\"font-weight: 400;\"> Desarrollo de estrategias alineadas con el marco regulador de AIFA para optimizar el acceso al mercado.<\/span><\/li><li><b>Experiencia en procesos de AIFA:<\/b><span style=\"font-weight: 400;\"> Conocimiento profundo de los procedimientos de AIFA para mejorar el cumplimiento normativo y acelerar las aprobaciones.<\/span><\/li><\/ul><p><span style=\"font-weight: 400;\"><br \/>Justin Stindt Consultants ayuda a las empresas a desenvolverse en el entorno regulador y de HTA de AIFA para lograr un acceso exitoso al mercado italiano.<\/span><\/p>\t\t\t\t\t\t\t\t<\/div>\n\t\t\t\t<\/div>\n\t\t\t\t\t<\/div>\n\t\t\t\t<\/div>\n\t\t<div class=\"elementor-element elementor-element-2f98e89 e-flex e-con-boxed e-con e-parent\" data-id=\"2f98e89\" data-element_type=\"container\" data-e-type=\"container\">\n\t\t\t\t\t<div class=\"e-con-inner\">\n\t\t\t\t<div class=\"elementor-element elementor-element-7efabda elementor-widget-divider--view-line elementor-widget elementor-widget-divider\" data-id=\"7efabda\" data-element_type=\"widget\" data-e-type=\"widget\" data-widget_type=\"divider.default\">\n\t\t\t\t<div class=\"elementor-widget-container\">\n\t\t\t\t\t\t\t<div class=\"elementor-divider\">\n\t\t\t<span class=\"elementor-divider-separator\">\n\t\t\t\t\t\t<\/span>\n\t\t<\/div>\n\t\t\t\t\t\t<\/div>\n\t\t\t\t<\/div>\n\t\t\t\t\t<\/div>\n\t\t\t\t<\/div>\n\t\t<div class=\"elementor-element elementor-element-2a8ae943 e-flex e-con-boxed e-con e-parent\" data-id=\"2a8ae943\" data-element_type=\"container\" data-e-type=\"container\">\n\t\t\t\t\t<div class=\"e-con-inner\">\n\t\t<div class=\"elementor-element elementor-element-47ebb194 e-con-full bordered-block e-flex e-con e-child\" data-id=\"47ebb194\" data-element_type=\"container\" data-e-type=\"container\">\n\t\t\t\t<div class=\"elementor-element elementor-element-3f4d0ee5 elementor-widget elementor-widget-text-editor\" data-id=\"3f4d0ee5\" data-element_type=\"widget\" data-e-type=\"widget\" data-widget_type=\"text-editor.default\">\n\t\t\t\t<div class=\"elementor-widget-container\">\n\t\t\t\t\t\t\t\t\t<h3>Caso de \u00e9xito<\/h3><h2>\u00c9xito de una empresa farmac\u00e9utica con AIFA<\/h2>\t\t\t\t\t\t\t\t<\/div>\n\t\t\t\t<\/div>\n\t\t\t\t<div class=\"elementor-element elementor-element-11056ac9 elementor-widget elementor-widget-text-editor\" data-id=\"11056ac9\" data-element_type=\"widget\" data-e-type=\"widget\" data-widget_type=\"text-editor.default\">\n\t\t\t\t<div class=\"elementor-widget-container\">\n\t\t\t\t\t\t\t\t\t<p><strong>Desaf\u00edo<\/strong>: <br \/>Una empresa farmac\u00e9utica solicit\u00f3 nuestra asistencia para obtener la aprobaci\u00f3n de reembolso para una nueva terapia en Italia.<\/p><p><strong>Soluci\u00f3n<\/strong>: <br \/>Guiamos la preparaci\u00f3n de un dossier completo alineado con los criterios de evaluaci\u00f3n de AIFA.<\/p><p><strong>Resultado<\/strong>: <br \/>Nuestro enfoque estrat\u00e9gico condujo a un resultado positivo, permitiendo la inclusi\u00f3n de la terapia en la lista nacional de medicamentos reembolsados.<\/p>\t\t\t\t\t\t\t\t<\/div>\n\t\t\t\t<\/div>\n\t\t\t\t<\/div>\n\t\t\t\t\t<\/div>\n\t\t\t\t<\/div>\n\t\t<div class=\"elementor-element elementor-element-280e106 e-con-full e-flex e-con e-parent\" data-id=\"280e106\" data-element_type=\"container\" data-e-type=\"container\" data-settings=\"{&quot;background_background&quot;:&quot;classic&quot;}\">\n\t\t\t\t<div class=\"elementor-element elementor-element-4b4e0a6 elementor-cta--skin-classic elementor-animated-content elementor-bg-transform elementor-bg-transform-zoom-in elementor-widget elementor-widget-call-to-action\" data-id=\"4b4e0a6\" data-element_type=\"widget\" data-e-type=\"widget\" data-widget_type=\"call-to-action.default\">\n\t\t\t\t<div class=\"elementor-widget-container\">\n\t\t\t\t\t\t\t<div class=\"elementor-cta\">\n\t\t\t\t\t\t\t<div class=\"elementor-cta__content\">\n\t\t\t\t\n\t\t\t\t\t\t\t\t\t<h2 class=\"elementor-cta__title elementor-cta__content-item elementor-content-item\">\n\t\t\t\t\t\t\u00bfNecesita apoyo para acceder al mercado con AIFA? La experiencia de Justin Stindt Consultants le ayudar\u00e1 a alcanzar el \u00e9xito.\t\t\t\t\t<\/h2>\n\t\t\t\t\n\t\t\t\t\t\t\t\t\t<div class=\"elementor-cta__description elementor-cta__content-item elementor-content-item\">\n\t\t\t\t\t\tCont\u00e1ctenos hoy mismo para desarrollar su estrategia de acceso al mercado y garantizar su \u00e9xito con AIFA.\t\t\t\t\t<\/div>\n\t\t\t\t\n\t\t\t\t\t\t\t\t\t<div class=\"elementor-cta__button-wrapper elementor-cta__content-item elementor-content-item \">\n\t\t\t\t\t<a class=\"elementor-cta__button elementor-button elementor-size-\" href=\"https:\/\/jstindt.com\/contact-us\/\">\n\t\t\t\t\t\tP\u00f3ngase en contacto con Justin Stindt Consultants \t\t\t\t\t<\/a>\n\t\t\t\t\t<\/div>\n\t\t\t\t\t\t\t<\/div>\n\t\t\t\t\t\t<\/div>\n\t\t\t\t\t\t<\/div>\n\t\t\t\t<\/div>\n\t\t\t\t<\/div>\n\t\t<div class=\"elementor-element elementor-element-23e15bd e-flex e-con-boxed e-con e-parent\" data-id=\"23e15bd\" data-element_type=\"container\" data-e-type=\"container\">\n\t\t\t\t\t<div class=\"e-con-inner\">\n\t\t\t\t<div class=\"elementor-element elementor-element-0363f0b elementor-widget elementor-widget-n-accordion\" data-id=\"0363f0b\" data-element_type=\"widget\" data-e-type=\"widget\" data-settings=\"{&quot;default_state&quot;:&quot;all_collapsed&quot;,&quot;max_items_expended&quot;:&quot;one&quot;,&quot;n_accordion_animation_duration&quot;:{&quot;unit&quot;:&quot;ms&quot;,&quot;size&quot;:400,&quot;sizes&quot;:[]}}\" data-widget_type=\"nested-accordion.default\">\n\t\t\t\t<div class=\"elementor-widget-container\">\n\t\t\t\t\t\t\t<div class=\"e-n-accordion\" aria-label=\"Accordion. Open links with Enter or Space, close with Escape, and navigate with Arrow Keys\">\n\t\t\t\t\t\t<details id=\"e-n-accordion-item-3550\" class=\"e-n-accordion-item\" >\n\t\t\t\t<summary class=\"e-n-accordion-item-title\" data-accordion-index=\"1\" tabindex=\"0\" aria-expanded=\"false\" aria-controls=\"e-n-accordion-item-3550\" >\n\t\t\t\t\t<span class='e-n-accordion-item-title-header'><div class=\"e-n-accordion-item-title-text\"> Otras instituciones clave en el acceso al mercado <\/div><\/span>\n\t\t\t\t\t\t\t<span class='e-n-accordion-item-title-icon'>\n\t\t\t<span class='e-opened' ><i aria-hidden=\"true\" class=\"fas fa-minus\"><\/i><\/span>\n\t\t\t<span class='e-closed'><i aria-hidden=\"true\" class=\"fas fa-plus\"><\/i><\/span>\n\t\t<\/span>\n\n\t\t\t\t\t\t<\/summary>\n\t\t\t\t<div role=\"region\" aria-labelledby=\"e-n-accordion-item-3550\" class=\"elementor-element elementor-element-297e3e1 e-con-full e-flex e-con e-child\" data-id=\"297e3e1\" data-element_type=\"container\" data-e-type=\"container\">\n\t\t\t\t<div class=\"elementor-element elementor-element-8607e75 elementor-widget elementor-widget-template\" data-id=\"8607e75\" data-element_type=\"widget\" data-e-type=\"widget\" data-widget_type=\"template.default\">\n\t\t\t\t<div class=\"elementor-widget-container\">\n\t\t\t\t\t\t\t<div class=\"elementor-template\">\n\t\t\t\t\t<div data-elementor-type=\"container\" data-elementor-id=\"19261\" class=\"elementor elementor-19261 elementor-18546 elementor-18546\" data-elementor-post-type=\"elementor_library\">\n\t\t\t\t<div role=\"region\" aria-labelledby=\"e-n-accordion-item-1320\" class=\"elementor-element elementor-element-4d5d7d7a e-flex e-con-boxed e-con e-parent\" data-id=\"4d5d7d7a\" data-element_type=\"container\" data-e-type=\"container\">\n\t\t\t\t\t<div class=\"e-con-inner\">\n\t\t\t\t<div class=\"elementor-element elementor-element-fa73d9e elementor-widget elementor-widget-text-editor\" data-id=\"fa73d9e\" data-element_type=\"widget\" data-e-type=\"widget\" data-widget_type=\"text-editor.default\">\n\t\t\t\t<div class=\"elementor-widget-container\">\n\t\t\t\t\t\t\t\t\t<h4><strong>Instituciones mundiales<\/strong><\/h4>\n<ul>\n<li><a href=\"https:\/\/jstindt.com\/es\/acceso-al-mercado-con-oms\/\">World Health Organization<\/a> (WHO)<\/li>\n<li><a href=\"https:\/\/jstindt.com\/es\/acceso-al-mercado-con-ispor\/\">International Society for Pharmacoeconomics and Outcomes Research<\/a> (ISPOR)<\/li>\n<\/ul>\n<h4><strong><br \/><a href=\"https:\/\/jstindt.com\/es\/ee-uu\/\">Estados Unidos<\/a><\/strong><\/h4>\n<ul>\n<li><a href=\"https:\/\/jstindt.com\/es\/acceso-al-mercado-con-cms\/\">Centers for Medicare &amp; Medicaid Services<\/a> (CMS)<\/li>\n<li><a href=\"https:\/\/jstindt.com\/es\/acceso-al-mercado-con-amcp\/\">Academy of Managed Care Pharmacy<\/a> (AMCP)<\/li>\n<li><a href=\"https:\/\/jstindt.com\/es\/acceso-al-mercado-con-icer\/\">Institute for Clinical and Economic Review<\/a> (ICER)<\/li>\n<\/ul>\n<h4><strong><br \/><a href=\"https:\/\/jstindt.com\/es\/francia\/\">Francia<\/a><\/strong><\/h4>\n<ul>\n<li><a href=\"https:\/\/jstindt.com\/es\/acceso-al-mercado-con-la-has-su-guia-de-la-principal-autoridad-sanitaria-de-francia\/\">Haute Autorit\u00e9 de Sant\u00e9<\/a> (HAS)<\/li>\n<li><a href=\"https:\/\/jstindt.com\/es\/acceso-al-mercado-con-el-ceps\/\">Comit\u00e9 \u00c9conomique des Produits de Sant\u00e9<\/a> (CEPS)<\/li>\n<\/ul>\n<h4><strong><br \/><a href=\"https:\/\/jstindt.com\/es\/alemania\/\">Alemania<\/a><\/strong><\/h4>\n<ul>\n<li><a href=\"https:\/\/jstindt.com\/es\/acceso-al-mercado-con-el-g-ba\/\">Gemeinsamer Bundesausschuss<\/a> (G-BA)<\/li>\n<li><a href=\"https:\/\/jstindt.com\/es\/acceso-al-mercado-con-el-iqwig\/\">Institute for Quality and Efficiency in Health Care<\/a> (IQWiG)<\/li>\n<li><a href=\"https:\/\/jstindt.com\/es\/acceso-al-mercado-con-el-gkv-spitzenverband\/\">GKV Spitzenverband<\/a><\/li>\n<\/ul>\n<h4><strong><br \/><a href=\"https:\/\/jstindt.com\/es\/reino-unido\/\">Reino Unido<\/a><\/strong><\/h4>\n<ul>\n<li><a href=\"https:\/\/jstindt.com\/es\/acceso-al-mercado-con-nice\/\">National Institute for Health and Care Excellence<\/a> (NICE)<\/li>\n<li><a href=\"https:\/\/jstindt.com\/es\/acceso-al-mercado-con-smc\/\">Scottish Medicines Consortium<\/a> (SMC)<\/li>\n<li><a href=\"https:\/\/jstindt.com\/es\/acceso-al-mercado-con-awmsg\/\" rel=\"noopener\">All Wales Medicines Strategy Group<\/a> (AWMSG)<\/li>\n<li><a href=\"https:\/\/jstindt.com\/es\/acceso-al-mercado-con-nhs\/\">National Health Service<\/a> (NHS)<\/li>\n<\/ul>\n<h4><strong><br \/><a href=\"https:\/\/jstindt.com\/es\/italia\/\">Italia<\/a><\/strong><\/h4>\n<ul>\n<li><a href=\"https:\/\/jstindt.com\/es\/acceso-al-mercado-con-aifa\/\">Italian Medicines Agency<\/a> (AIFA)<\/li>\n<li><a href=\"https:\/\/jstindt.com\/es\/acceso-al-mercado-con-la-cse\/\">Scientific and Economic Commission<\/a> (CSE)<\/li>\n<\/ul>\n<h4><strong><br \/><a href=\"https:\/\/jstindt.com\/es\/espana\/\">Espa\u00f1a<\/a><\/strong><\/h4>\n<ul>\n<li><a href=\"https:\/\/jstindt.com\/es\/acceso-al-mercado-con-la-aemps\/\">Spanish Agency of Medicines and Medical Devices<\/a> (AEMPS)<\/li>\n<li><a href=\"https:\/\/jstindt.com\/es\/acceso-al-mercado-con-el-dgcf\/\">Direcci\u00f3n General de Cartera Com\u00fan de Servicios del Sistema Nacional de Salud y Farmacia<\/a> (DGCF)<\/li>\n<li><a href=\"https:\/\/jstindt.com\/es\/acceso-al-mercado-con-la-cipm\/\">Interministerial Commission on Medicine Prices<\/a> (CIPM)<\/li>\n<\/ul>\n<h4><strong><br \/><a href=\"https:\/\/jstindt.com\/es\/suiza\/\">Suiza<\/a><\/strong><\/h4>\n<ul>\n<li><a href=\"https:\/\/jstindt.com\/es\/acceso-al-mercado-con-la-ofsp\/\">Federal Office of Public Health<\/a> (FOPH)<\/li>\n<\/ul>\n\t\t\t\t\t\t\t\t<\/div>\n\t\t\t\t<\/div>\n\t\t\t\t\t<\/div>\n\t\t\t\t<\/div>\n\t\t\t\t<\/div>\n\t\t\t\t<\/div>\n\t\t\t\t\t\t<\/div>\n\t\t\t\t<\/div>\n\t\t\t\t<\/div>\n\t\t\t\t\t<\/details>\n\t\t\t\t\t<\/div>\n\t\t\t\t\t\t<\/div>\n\t\t\t\t<\/div>\n\t\t\t\t\t<\/div>\n\t\t\t\t<\/div>\n\t\t\t\t<\/div>\n\t\t","protected":false},"excerpt":{"rendered":"<p>La Agenzia Italiana del Farmaco (AIFA) es la autoridad nacional responsable de la regulaci\u00f3n de medicamentos y de la evaluaci\u00f3n de tecnolog\u00edas sanitarias (HTA) en Italia. Creada para garantizar la seguridad, eficacia y calidad de los medicamentos, AIFA desempe\u00f1a un papel clave en la supervisi\u00f3n del ciclo de vida de los productos farmac\u00e9uticos, desde los [&hellip;]<\/p>\n","protected":false},"author":3,"featured_media":0,"parent":0,"menu_order":0,"comment_status":"closed","ping_status":"closed","template":"","meta":{"_acf_changed":false,"footnotes":""},"class_list":["post-19042","page","type-page","status-publish","hentry"],"acf":[],"_links":{"self":[{"href":"https:\/\/jstindt.com\/es\/wp-json\/wp\/v2\/pages\/19042","targetHints":{"allow":["GET"]}}],"collection":[{"href":"https:\/\/jstindt.com\/es\/wp-json\/wp\/v2\/pages"}],"about":[{"href":"https:\/\/jstindt.com\/es\/wp-json\/wp\/v2\/types\/page"}],"author":[{"embeddable":true,"href":"https:\/\/jstindt.com\/es\/wp-json\/wp\/v2\/users\/3"}],"replies":[{"embeddable":true,"href":"https:\/\/jstindt.com\/es\/wp-json\/wp\/v2\/comments?post=19042"}],"version-history":[{"count":8,"href":"https:\/\/jstindt.com\/es\/wp-json\/wp\/v2\/pages\/19042\/revisions"}],"predecessor-version":[{"id":19817,"href":"https:\/\/jstindt.com\/es\/wp-json\/wp\/v2\/pages\/19042\/revisions\/19817"}],"wp:attachment":[{"href":"https:\/\/jstindt.com\/es\/wp-json\/wp\/v2\/media?parent=19042"}],"curies":[{"name":"wp","href":"https:\/\/api.w.org\/{rel}","templated":true}]}}