{"id":19022,"date":"2025-02-13T14:07:01","date_gmt":"2025-02-13T13:07:01","guid":{"rendered":"https:\/\/jstindt.com\/?page_id=19022"},"modified":"2025-03-20T16:30:01","modified_gmt":"2025-03-20T15:30:01","slug":"acceso-al-mercado-con-oms","status":"publish","type":"page","link":"https:\/\/jstindt.com\/es\/acceso-al-mercado-con-oms\/","title":{"rendered":"Acceso al mercado con la OMS: Su gu\u00eda para la participaci\u00f3n en salud global"},"content":{"rendered":"\t\t<div data-elementor-type=\"wp-page\" data-elementor-id=\"19022\" class=\"elementor elementor-19022 elementor-18624\" data-elementor-post-type=\"page\">\n\t\t\t\t<div class=\"elementor-element elementor-element-4b6e2c7 e-flex e-con-boxed e-con e-parent\" data-id=\"4b6e2c7\" data-element_type=\"container\" data-e-type=\"container\">\n\t\t\t\t\t<div class=\"e-con-inner\">\n\t\t\t\t<div class=\"elementor-element elementor-element-f30cc2b elementor-widget elementor-widget-text-editor\" data-id=\"f30cc2b\" data-element_type=\"widget\" data-e-type=\"widget\" data-widget_type=\"text-editor.default\">\n\t\t\t\t<div class=\"elementor-widget-container\">\n\t\t\t\t\t\t\t\t\t<p><span style=\"font-weight: 400;\">La Organizaci\u00f3n Mundial de la Salud (<\/span><i><span style=\"font-weight: 400;\">OMS<\/span><\/i><span style=\"font-weight: 400;\">) es una agencia especializada de las Naciones Unidas responsable de la salud p\u00fablica mundial. Fundada en 1948, su misi\u00f3n es promover la salud, proteger a las poblaciones y apoyar a los m\u00e1s vulnerables. La OMS desempe\u00f1a un papel fundamental en la coordinaci\u00f3n de respuestas sanitarias globales, el establecimiento de est\u00e1ndares internacionales de salud y la emisi\u00f3n de directrices sobre cuestiones sanitarias. Colaborar con la OMS es crucial para quienes buscan garantizar el acceso al mercado en el \u00e1mbito de la salud global. (<\/span><a href=\"https:\/\/www.who.int\/\" target=\"_blank\" rel=\"noopener\"><span style=\"font-weight: 400;\">who.int<\/span><\/a><span style=\"font-weight: 400;\">)<\/span><\/p><h2><b>Funciones principales de la OMS<\/b><\/h2><p><span style=\"font-weight: 400;\">Las principales responsabilidades de la OMS incluyen:<\/span><\/p><ul><li><b>Establecimiento de est\u00e1ndares sanitarios internacionales:<\/b><span style=\"font-weight: 400;\"> Desarrollo de normas y est\u00e1ndares para garantizar la calidad, seguridad y eficacia de los productos sanitarios y de las intervenciones de salud en todo el mundo.<\/span><\/li><li><b>Prestaci\u00f3n de apoyo t\u00e9cnico:<\/b><span style=\"font-weight: 400;\"> Orientaci\u00f3n y asistencia a los pa\u00edses para fortalecer sus sistemas sanitarios e implementar pol\u00edticas de salud eficaces.<\/span><\/li><li><b>Supervisi\u00f3n de tendencias sanitarias globales:<\/b><span style=\"font-weight: 400;\"> Evaluaci\u00f3n de las tendencias sanitarias a nivel mundial para fundamentar decisiones pol\u00edticas y asignaci\u00f3n de recursos.<\/span><\/li><\/ul><h2><b>Direcci\u00f3n y contactos clave<\/b><\/h2><p><span style=\"font-weight: 400;\">A fecha de enero de 2025, la OMS est\u00e1 dirigida por <\/span><b>el Dr. Tedros Adhanom Ghebreyesus<\/b><span style=\"font-weight: 400;\">, quien supervisa las iniciativas estrat\u00e9gicas y operativas de la organizaci\u00f3n.<\/span><\/p><h3><b>Contacto de la OMS<\/b><\/h3><ul><li><span style=\"font-weight: 400;\"> \u00a0 \u00a0 <\/span><b>Sitio web:<\/b><a href=\"https:\/\/www.who.int\/\" target=\"_blank\" rel=\"noopener\"> <span style=\"font-weight: 400;\">who.int<\/span><\/a><\/li><li><b>Direcci\u00f3n postal:<\/b><b><br \/><\/b> <span style=\"font-weight: 400;\">Organizaci\u00f3n Mundial de la Salud<\/span><span style=\"font-weight: 400;\"><br \/><\/span><span style=\"font-weight: 400;\">\u00a0 Avenue Appia 20<\/span><span style=\"font-weight: 400;\"><br \/><\/span><span style=\"font-weight: 400;\">\u00a0 1211 Ginebra 27, Suiza<\/span><span style=\"font-weight: 400;\"><br \/><\/span><span style=\"font-weight: 400;\">\u00a0 <\/span><b>Tel\u00e9fono:<\/b><span style=\"font-weight: 400;\"> +41 22 791 21 11<\/span><\/li><\/ul><h2><b>Desaf\u00edos en la colaboraci\u00f3n con la OMS<\/b><\/h2><p><span style=\"font-weight: 400;\">\u00a0<\/span><\/p><p><span style=\"font-weight: 400;\">Colaborar con la OMS implica:<\/span><\/p><ul><li><b>Comprensi\u00f3n de las pol\u00edticas de salud global:<\/b><span style=\"font-weight: 400;\"> Familiaridad con las directrices y marcos normativos de la OMS es clave para garantizar un acceso exitoso al mercado.<\/span><\/li><li><b>Presentaciones precisas y oportunas:<\/b><span style=\"font-weight: 400;\"> Garantizar que toda la documentaci\u00f3n requerida est\u00e9 completa y se env\u00ede a tiempo para facilitar los procesos de evaluaci\u00f3n.<\/span><\/li><li><b>Colaboraci\u00f3n con actores del sector salud:<\/b><span style=\"font-weight: 400;\"> Coordinaci\u00f3n efectiva con partes interesadas internacionales para alinearse con las recomendaciones y est\u00e1ndares de la OMS.<\/span><\/li><\/ul><p><span style=\"font-weight: 400;\">Una colaboraci\u00f3n exitosa con la OMS puede aumentar la credibilidad y el reconocimiento global de los productos sanitarios y sus intervenciones.<\/span><\/p><h2><b>Oportunidades \/ Soluciones con Justin Stindt Consultants<\/b><\/h2><p><span style=\"font-weight: 400;\">\u00a0<\/span><\/p><p><span style=\"font-weight: 400;\">La experiencia de Justin Stindt con la OMS garantiza:<\/span><\/p><ul><li><b>Consultor\u00eda experta en presentaciones a la OMS:<\/b><span style=\"font-weight: 400;\"> Creaci\u00f3n de dossiers de alta calidad para evaluaciones y procesos de precalificaci\u00f3n.<\/span><\/li><li><b>Estrategias de acceso al mercado con la OMS:<\/b><span style=\"font-weight: 400;\"> M\u00e9todos probados para optimizar la entrada y aceptaci\u00f3n en el mercado global.<\/span><\/li><li><b>Experiencia en procesos de la OMS:<\/b><span style=\"font-weight: 400;\"> Conocimiento detallado de los procedimientos de la OMS para acelerar aprobaciones y certificaciones.<\/span><\/li><li><b>Asesor\u00eda de consultores OMS:<\/b><span style=\"font-weight: 400;\"> Asistencia experta para ayudar a las empresas a obtener aprobaciones y establecer asociaciones con la OMS.<\/span><\/li><\/ul><p><span style=\"font-weight: 400;\">Justin Stindt Consultants se especializa en ayudar a los clientes a preparar presentaciones efectivas y participar con confianza en las evaluaciones de la OMS.<\/span><\/p>\t\t\t\t\t\t\t\t<\/div>\n\t\t\t\t<\/div>\n\t\t\t\t\t<\/div>\n\t\t\t\t<\/div>\n\t\t<div class=\"elementor-element elementor-element-bf88f25 e-flex e-con-boxed e-con e-parent\" data-id=\"bf88f25\" data-element_type=\"container\" data-e-type=\"container\">\n\t\t\t\t\t<div class=\"e-con-inner\">\n\t\t\t\t<div class=\"elementor-element elementor-element-d2cc341 elementor-widget-divider--view-line elementor-widget elementor-widget-divider\" data-id=\"d2cc341\" data-element_type=\"widget\" data-e-type=\"widget\" data-widget_type=\"divider.default\">\n\t\t\t\t<div class=\"elementor-widget-container\">\n\t\t\t\t\t\t\t<div class=\"elementor-divider\">\n\t\t\t<span class=\"elementor-divider-separator\">\n\t\t\t\t\t\t<\/span>\n\t\t<\/div>\n\t\t\t\t\t\t<\/div>\n\t\t\t\t<\/div>\n\t\t\t\t\t<\/div>\n\t\t\t\t<\/div>\n\t\t<div class=\"elementor-element elementor-element-5c8ca92b e-flex e-con-boxed e-con e-parent\" data-id=\"5c8ca92b\" data-element_type=\"container\" data-e-type=\"container\">\n\t\t\t\t\t<div class=\"e-con-inner\">\n\t\t<div class=\"elementor-element elementor-element-d528fff e-con-full bordered-block e-flex e-con e-child\" data-id=\"d528fff\" data-element_type=\"container\" data-e-type=\"container\">\n\t\t\t\t<div class=\"elementor-element elementor-element-459a14b3 elementor-widget elementor-widget-text-editor\" data-id=\"459a14b3\" data-element_type=\"widget\" data-e-type=\"widget\" data-widget_type=\"text-editor.default\">\n\t\t\t\t<div class=\"elementor-widget-container\">\n\t\t\t\t\t\t\t\t\t<h3>Caso de \u00e9xito<\/h3><h2>\u00c9xito de una empresa farmac\u00e9utica con la WHO<\/h2>\t\t\t\t\t\t\t\t<\/div>\n\t\t\t\t<\/div>\n\t\t\t\t<div class=\"elementor-element elementor-element-f4251bc elementor-widget elementor-widget-text-editor\" data-id=\"f4251bc\" data-element_type=\"widget\" data-e-type=\"widget\" data-widget_type=\"text-editor.default\">\n\t\t\t\t<div class=\"elementor-widget-container\">\n\t\t\t\t\t\t\t\t\t<p><strong>Desaf\u00edo<\/strong>: <br \/>Una empresa farmac\u00e9utica solicit\u00f3 nuestra ayuda para desarrollar una estrategia con el fin de obtener la precalificaci\u00f3n de la OMS para una nueva vacuna.<\/p><p><strong>Soluci\u00f3n<\/strong>: <br \/>Guiamos la preparaci\u00f3n de una estrategia y un plan de compromiso hacia un dossier integral que cumpliera con los criterios de evaluaci\u00f3n de la OMS.<\/p><p><strong>Resultado<\/strong>: <br \/>Nuestro enfoque estrat\u00e9gico contribuy\u00f3 a un resultado positivo, permitiendo la inclusi\u00f3n de la vacuna en las listas de adquisiciones globales.<\/p>\t\t\t\t\t\t\t\t<\/div>\n\t\t\t\t<\/div>\n\t\t\t\t<\/div>\n\t\t\t\t\t<\/div>\n\t\t\t\t<\/div>\n\t\t<div class=\"elementor-element elementor-element-37dd97d e-con-full e-flex e-con e-parent\" data-id=\"37dd97d\" data-element_type=\"container\" data-e-type=\"container\" data-settings=\"{&quot;background_background&quot;:&quot;classic&quot;}\">\n\t\t\t\t<div class=\"elementor-element elementor-element-accc354 elementor-cta--skin-classic elementor-animated-content elementor-bg-transform elementor-bg-transform-zoom-in elementor-widget elementor-widget-call-to-action\" data-id=\"accc354\" data-element_type=\"widget\" data-e-type=\"widget\" data-widget_type=\"call-to-action.default\">\n\t\t\t\t<div class=\"elementor-widget-container\">\n\t\t\t\t\t\t\t<div class=\"elementor-cta\">\n\t\t\t\t\t\t\t<div class=\"elementor-cta__content\">\n\t\t\t\t\n\t\t\t\t\t\t\t\t\t<h2 class=\"elementor-cta__title elementor-cta__content-item elementor-content-item\">\n\t\t\t\t\t\t\u00bfNecesita apoyo en el acceso al mercado con la OMS? La experiencia de Justin Stindt Consultants puede ayudarle a lograr el \u00e9xito.\t\t\t\t\t<\/h2>\n\t\t\t\t\n\t\t\t\t\t\t\t\t\t<div class=\"elementor-cta__description elementor-cta__content-item elementor-content-item\">\n\t\t\t\t\t\tCont\u00e1ctenos hoy mismo para desarrollar su estrategia de acceso al mercado y garantizar su \u00e9xito con la OMS.\t\t\t\t\t<\/div>\n\t\t\t\t\n\t\t\t\t\t\t\t\t\t<div class=\"elementor-cta__button-wrapper elementor-cta__content-item elementor-content-item \">\n\t\t\t\t\t<a class=\"elementor-cta__button elementor-button elementor-size-\" href=\"https:\/\/jstindt.com\/contact-us\/\">\n\t\t\t\t\t\tP\u00f3ngase en contacto con Justin Stindt Consultants \t\t\t\t\t<\/a>\n\t\t\t\t\t<\/div>\n\t\t\t\t\t\t\t<\/div>\n\t\t\t\t\t\t<\/div>\n\t\t\t\t\t\t<\/div>\n\t\t\t\t<\/div>\n\t\t\t\t<\/div>\n\t\t<div class=\"elementor-element elementor-element-606106d e-flex e-con-boxed e-con e-parent\" data-id=\"606106d\" data-element_type=\"container\" data-e-type=\"container\">\n\t\t\t\t\t<div class=\"e-con-inner\">\n\t\t\t\t<div class=\"elementor-element elementor-element-d907a68 elementor-widget elementor-widget-n-accordion\" data-id=\"d907a68\" data-element_type=\"widget\" data-e-type=\"widget\" data-settings=\"{&quot;default_state&quot;:&quot;all_collapsed&quot;,&quot;max_items_expended&quot;:&quot;one&quot;,&quot;n_accordion_animation_duration&quot;:{&quot;unit&quot;:&quot;ms&quot;,&quot;size&quot;:400,&quot;sizes&quot;:[]}}\" data-widget_type=\"nested-accordion.default\">\n\t\t\t\t<div class=\"elementor-widget-container\">\n\t\t\t\t\t\t\t<div class=\"e-n-accordion\" aria-label=\"Accordion. Open links with Enter or Space, close with Escape, and navigate with Arrow Keys\">\n\t\t\t\t\t\t<details id=\"e-n-accordion-item-2270\" class=\"e-n-accordion-item\" >\n\t\t\t\t<summary class=\"e-n-accordion-item-title\" data-accordion-index=\"1\" tabindex=\"0\" aria-expanded=\"false\" aria-controls=\"e-n-accordion-item-2270\" >\n\t\t\t\t\t<span class='e-n-accordion-item-title-header'><div class=\"e-n-accordion-item-title-text\"> Otras instituciones clave en el acceso al mercado <\/div><\/span>\n\t\t\t\t\t\t\t<span class='e-n-accordion-item-title-icon'>\n\t\t\t<span class='e-opened' ><i aria-hidden=\"true\" class=\"fas fa-minus\"><\/i><\/span>\n\t\t\t<span class='e-closed'><i aria-hidden=\"true\" class=\"fas fa-plus\"><\/i><\/span>\n\t\t<\/span>\n\n\t\t\t\t\t\t<\/summary>\n\t\t\t\t<div role=\"region\" aria-labelledby=\"e-n-accordion-item-2270\" class=\"elementor-element elementor-element-7fa22f8 e-con-full e-flex e-con e-child\" data-id=\"7fa22f8\" data-element_type=\"container\" data-e-type=\"container\">\n\t\t\t\t<div class=\"elementor-element elementor-element-01dc034 elementor-widget elementor-widget-template\" data-id=\"01dc034\" data-element_type=\"widget\" data-e-type=\"widget\" data-widget_type=\"template.default\">\n\t\t\t\t<div class=\"elementor-widget-container\">\n\t\t\t\t\t\t\t<div class=\"elementor-template\">\n\t\t\t\t\t<div data-elementor-type=\"container\" data-elementor-id=\"19261\" class=\"elementor elementor-19261 elementor-18546 elementor-18546\" data-elementor-post-type=\"elementor_library\">\n\t\t\t\t<div role=\"region\" aria-labelledby=\"e-n-accordion-item-1860\" class=\"elementor-element elementor-element-4d5d7d7a e-flex e-con-boxed e-con e-parent\" data-id=\"4d5d7d7a\" data-element_type=\"container\" data-e-type=\"container\">\n\t\t\t\t\t<div class=\"e-con-inner\">\n\t\t\t\t<div class=\"elementor-element elementor-element-fa73d9e elementor-widget elementor-widget-text-editor\" data-id=\"fa73d9e\" data-element_type=\"widget\" data-e-type=\"widget\" data-widget_type=\"text-editor.default\">\n\t\t\t\t<div class=\"elementor-widget-container\">\n\t\t\t\t\t\t\t\t\t<h4><strong>Instituciones mundiales<\/strong><\/h4>\n<ul>\n<li><a href=\"https:\/\/jstindt.com\/es\/acceso-al-mercado-con-oms\/\">World Health Organization<\/a> (WHO)<\/li>\n<li><a href=\"https:\/\/jstindt.com\/es\/acceso-al-mercado-con-ispor\/\">International Society for Pharmacoeconomics and Outcomes Research<\/a> (ISPOR)<\/li>\n<\/ul>\n<h4><strong><br \/><a href=\"https:\/\/jstindt.com\/es\/ee-uu\/\">Estados Unidos<\/a><\/strong><\/h4>\n<ul>\n<li><a href=\"https:\/\/jstindt.com\/es\/acceso-al-mercado-con-cms\/\">Centers for Medicare &amp; Medicaid Services<\/a> (CMS)<\/li>\n<li><a href=\"https:\/\/jstindt.com\/es\/acceso-al-mercado-con-amcp\/\">Academy of Managed Care Pharmacy<\/a> (AMCP)<\/li>\n<li><a href=\"https:\/\/jstindt.com\/es\/acceso-al-mercado-con-icer\/\">Institute for Clinical and Economic Review<\/a> (ICER)<\/li>\n<\/ul>\n<h4><strong><br \/><a href=\"https:\/\/jstindt.com\/es\/francia\/\">Francia<\/a><\/strong><\/h4>\n<ul>\n<li><a href=\"https:\/\/jstindt.com\/es\/acceso-al-mercado-con-la-has-su-guia-de-la-principal-autoridad-sanitaria-de-francia\/\">Haute Autorit\u00e9 de Sant\u00e9<\/a> (HAS)<\/li>\n<li><a href=\"https:\/\/jstindt.com\/es\/acceso-al-mercado-con-el-ceps\/\">Comit\u00e9 \u00c9conomique des Produits de Sant\u00e9<\/a> (CEPS)<\/li>\n<\/ul>\n<h4><strong><br \/><a href=\"https:\/\/jstindt.com\/es\/alemania\/\">Alemania<\/a><\/strong><\/h4>\n<ul>\n<li><a href=\"https:\/\/jstindt.com\/es\/acceso-al-mercado-con-el-g-ba\/\">Gemeinsamer Bundesausschuss<\/a> (G-BA)<\/li>\n<li><a href=\"https:\/\/jstindt.com\/es\/acceso-al-mercado-con-el-iqwig\/\">Institute for Quality and Efficiency in Health Care<\/a> (IQWiG)<\/li>\n<li><a href=\"https:\/\/jstindt.com\/es\/acceso-al-mercado-con-el-gkv-spitzenverband\/\">GKV Spitzenverband<\/a><\/li>\n<\/ul>\n<h4><strong><br \/><a href=\"https:\/\/jstindt.com\/es\/reino-unido\/\">Reino Unido<\/a><\/strong><\/h4>\n<ul>\n<li><a href=\"https:\/\/jstindt.com\/es\/acceso-al-mercado-con-nice\/\">National Institute for Health and Care Excellence<\/a> (NICE)<\/li>\n<li><a href=\"https:\/\/jstindt.com\/es\/acceso-al-mercado-con-smc\/\">Scottish Medicines Consortium<\/a> (SMC)<\/li>\n<li><a href=\"https:\/\/jstindt.com\/es\/acceso-al-mercado-con-awmsg\/\" rel=\"noopener\">All Wales Medicines Strategy Group<\/a> (AWMSG)<\/li>\n<li><a href=\"https:\/\/jstindt.com\/es\/acceso-al-mercado-con-nhs\/\">National Health Service<\/a> (NHS)<\/li>\n<\/ul>\n<h4><strong><br \/><a href=\"https:\/\/jstindt.com\/es\/italia\/\">Italia<\/a><\/strong><\/h4>\n<ul>\n<li><a href=\"https:\/\/jstindt.com\/es\/acceso-al-mercado-con-aifa\/\">Italian Medicines Agency<\/a> (AIFA)<\/li>\n<li><a href=\"https:\/\/jstindt.com\/es\/acceso-al-mercado-con-la-cse\/\">Scientific and Economic Commission<\/a> (CSE)<\/li>\n<\/ul>\n<h4><strong><br \/><a href=\"https:\/\/jstindt.com\/es\/espana\/\">Espa\u00f1a<\/a><\/strong><\/h4>\n<ul>\n<li><a href=\"https:\/\/jstindt.com\/es\/acceso-al-mercado-con-la-aemps\/\">Spanish Agency of Medicines and Medical Devices<\/a> (AEMPS)<\/li>\n<li><a href=\"https:\/\/jstindt.com\/es\/acceso-al-mercado-con-el-dgcf\/\">Direcci\u00f3n General de Cartera Com\u00fan de Servicios del Sistema Nacional de Salud y Farmacia<\/a> (DGCF)<\/li>\n<li><a href=\"https:\/\/jstindt.com\/es\/acceso-al-mercado-con-la-cipm\/\">Interministerial Commission on Medicine Prices<\/a> (CIPM)<\/li>\n<\/ul>\n<h4><strong><br \/><a href=\"https:\/\/jstindt.com\/es\/suiza\/\">Suiza<\/a><\/strong><\/h4>\n<ul>\n<li><a href=\"https:\/\/jstindt.com\/es\/acceso-al-mercado-con-la-ofsp\/\">Federal Office of Public Health<\/a> (FOPH)<\/li>\n<\/ul>\n\t\t\t\t\t\t\t\t<\/div>\n\t\t\t\t<\/div>\n\t\t\t\t\t<\/div>\n\t\t\t\t<\/div>\n\t\t\t\t<\/div>\n\t\t\t\t<\/div>\n\t\t\t\t\t\t<\/div>\n\t\t\t\t<\/div>\n\t\t\t\t<\/div>\n\t\t\t\t\t<\/details>\n\t\t\t\t\t<\/div>\n\t\t\t\t\t\t<\/div>\n\t\t\t\t<\/div>\n\t\t\t\t\t<\/div>\n\t\t\t\t<\/div>\n\t\t\t\t<\/div>\n\t\t","protected":false},"excerpt":{"rendered":"<p>La Organizaci\u00f3n Mundial de la Salud (OMS) es una agencia especializada de las Naciones Unidas responsable de la salud p\u00fablica mundial. Fundada en 1948, su misi\u00f3n es promover la salud, proteger a las poblaciones y apoyar a los m\u00e1s vulnerables. La OMS desempe\u00f1a un papel fundamental en la coordinaci\u00f3n de respuestas sanitarias globales, el establecimiento [&hellip;]<\/p>\n","protected":false},"author":3,"featured_media":0,"parent":0,"menu_order":0,"comment_status":"closed","ping_status":"closed","template":"","meta":{"_acf_changed":false,"footnotes":""},"class_list":["post-19022","page","type-page","status-publish","hentry"],"acf":[],"_links":{"self":[{"href":"https:\/\/jstindt.com\/es\/wp-json\/wp\/v2\/pages\/19022","targetHints":{"allow":["GET"]}}],"collection":[{"href":"https:\/\/jstindt.com\/es\/wp-json\/wp\/v2\/pages"}],"about":[{"href":"https:\/\/jstindt.com\/es\/wp-json\/wp\/v2\/types\/page"}],"author":[{"embeddable":true,"href":"https:\/\/jstindt.com\/es\/wp-json\/wp\/v2\/users\/3"}],"replies":[{"embeddable":true,"href":"https:\/\/jstindt.com\/es\/wp-json\/wp\/v2\/comments?post=19022"}],"version-history":[{"count":9,"href":"https:\/\/jstindt.com\/es\/wp-json\/wp\/v2\/pages\/19022\/revisions"}],"predecessor-version":[{"id":19809,"href":"https:\/\/jstindt.com\/es\/wp-json\/wp\/v2\/pages\/19022\/revisions\/19809"}],"wp:attachment":[{"href":"https:\/\/jstindt.com\/es\/wp-json\/wp\/v2\/media?parent=19022"}],"curies":[{"name":"wp","href":"https:\/\/api.w.org\/{rel}","templated":true}]}}