{"id":19001,"date":"2025-02-13T14:04:24","date_gmt":"2025-02-13T13:04:24","guid":{"rendered":"https:\/\/jstindt.com\/?page_id=19001"},"modified":"2025-03-20T16:28:04","modified_gmt":"2025-03-20T15:28:04","slug":"acceso-al-mercado-con-ispor","status":"publish","type":"page","link":"https:\/\/jstindt.com\/es\/acceso-al-mercado-con-ispor\/","title":{"rendered":"Acceso al mercado con ISPOR: Su gu\u00eda en econom\u00eda de la salud e investigaci\u00f3n de resultados"},"content":{"rendered":"\t\t<div data-elementor-type=\"wp-page\" data-elementor-id=\"19001\" class=\"elementor elementor-19001 elementor-18618\" data-elementor-post-type=\"page\">\n\t\t\t\t<div class=\"elementor-element elementor-element-0e4bf16 e-flex e-con-boxed e-con e-parent\" data-id=\"0e4bf16\" data-element_type=\"container\" data-e-type=\"container\">\n\t\t\t\t\t<div class=\"e-con-inner\">\n\t\t\t\t<div class=\"elementor-element elementor-element-0b53187 elementor-widget elementor-widget-text-editor\" data-id=\"0b53187\" data-element_type=\"widget\" data-e-type=\"widget\" data-widget_type=\"text-editor.default\">\n\t\t\t\t<div class=\"elementor-widget-container\">\n\t\t\t\t\t\t\t\t\t<p><span style=\"font-weight: 400;\">La <\/span><i><span style=\"font-weight: 400;\">International Society for Pharmacoeconomics and Outcomes Research<\/span><\/i><span style=\"font-weight: 400;\"> (ISPOR) es una de las principales sociedades profesionales globales dedicadas a la promoci\u00f3n de la econom\u00eda de la salud (<\/span><i><span style=\"font-weight: 400;\">HEOR<\/span><\/i><span style=\"font-weight: 400;\">) y la investigaci\u00f3n de resultados en salud, con el objetivo de mejorar la toma de decisiones en la atenci\u00f3n sanitaria a nivel mundial. Fundada en 1995, ISPOR act\u00faa como un motor de innovaci\u00f3n en HEOR, proporcionando una plataforma para que los profesionales colaboren, compartan investigaciones y promuevan las mejores pr\u00e1cticas. (<\/span><a href=\"https:\/\/www.ispor.org\/\" target=\"_blank\" rel=\"noopener\"><span style=\"font-weight: 400;\">ispor.org<\/span><\/a><span style=\"font-weight: 400;\">)<\/span><\/p><h2><b>Funciones principales de ISPOR<\/b><\/h2><p><span style=\"font-weight: 400;\">\u00a0<\/span><\/p><p><span style=\"font-weight: 400;\">Las principales responsabilidades de ISPOR incluyen:<\/span><\/p><ul><li><span style=\"font-weight: 400;\"> \u00a0 \u00a0 <\/span><b>Promoci\u00f3n de la excelencia en HEOR:<\/b><span style=\"font-weight: 400;\"> Desarrollo y aplicaci\u00f3n de metodolog\u00edas HEOR para mejorar las decisiones sanitarias a nivel global. (<\/span><a href=\"https:\/\/www.ispor.org\/\"><span style=\"font-weight: 400;\">ispor.org<\/span><\/a><span style=\"font-weight: 400;\">)<\/span><\/li><li><b>Facilitaci\u00f3n de la colaboraci\u00f3n global:<\/b><span style=\"font-weight: 400;\"> Creaci\u00f3n de foros para la cooperaci\u00f3n entre instituciones acad\u00e9micas, industria y gobierno en iniciativas HEOR.<\/span><\/li><li><span style=\"font-weight: 400;\"> \u00a0 \u00a0 <\/span><b>Difusi\u00f3n de investigaci\u00f3n y mejores pr\u00e1cticas:<\/b><span style=\"font-weight: 400;\"> Publicaci\u00f3n de revistas revisadas por pares, como <\/span><i><span style=\"font-weight: 400;\">Value in Health<\/span><\/i><span style=\"font-weight: 400;\">, y desarrollo de informes de mejores pr\u00e1cticas para establecer est\u00e1ndares HEOR. (<\/span><a href=\"https:\/\/www.ispor.org\/\"><span style=\"font-weight: 400;\">ispor.org<\/span><\/a><span style=\"font-weight: 400;\">)<\/span><\/li><\/ul><h2><b>Direcci\u00f3n y contactos clave<\/b><\/h2><p><span style=\"font-weight: 400;\">A fecha de enero de 2025, ISPOR est\u00e1 presidida por <\/span><b>la Dra. Eberechukwu Onukwugha<\/b><span style=\"font-weight: 400;\">, quien supervisa las iniciativas estrat\u00e9gicas y operativas de la organizaci\u00f3n.<\/span><\/p><h3><b>Contacto de ISPOR<\/b><\/h3><ul><li><span style=\"font-weight: 400;\"> \u00a0 \u00a0 <\/span><b>Sitio web:<\/b><a href=\"https:\/\/www.ispor.org\/\" target=\"_blank\" rel=\"noopener\"> <span style=\"font-weight: 400;\">ispor.org<\/span><\/a><\/li><li><b>Direcci\u00f3n:<\/b><b><br \/><\/b> <span style=\"font-weight: 400;\">ISPOR<\/span><span style=\"font-weight: 400;\"><br \/><\/span><span style=\"font-weight: 400;\">\u00a0 505 Lawrence Square Boulevard South<\/span><span style=\"font-weight: 400;\"><br \/><\/span><span style=\"font-weight: 400;\">\u00a0 Lawrenceville, NJ 08648, EE. UU.<\/span><span style=\"font-weight: 400;\"><br \/><\/span><span style=\"font-weight: 400;\">\u00a0 <\/span><b>Tel\u00e9fono:<\/b><span style=\"font-weight: 400;\"> +1 609-586-4981<\/span><\/li><\/ul><h2><b>Desaf\u00edos en la colaboraci\u00f3n con ISPOR<\/b><\/h2><p><span style=\"font-weight: 400;\">\u00a0<\/span><\/p><p><span style=\"font-weight: 400;\">Colaborar con la ISPOR implica:<\/span><\/p><ul><li><b>Comprensi\u00f3n de las metodolog\u00edas HEOR:<\/b><span style=\"font-weight: 400;\"> Conocer las \u00faltimas investigaciones y metodolog\u00edas HEOR es fundamental para una participaci\u00f3n efectiva.<\/span><\/li><li><b>Participaci\u00f3n activa en conferencias y eventos:<\/b><span style=\"font-weight: 400;\"> Asistir a las conferencias y programas educativos de ISPOR ofrece oportunidades para establecer contactos y mantenerse al d\u00eda con las tendencias del sector.<\/span><\/li><li><b>Contribuci\u00f3n a publicaciones e informes:<\/b><span style=\"font-weight: 400;\"> Publicar investigaciones en revistas de ISPOR y contribuir a informes de mejores pr\u00e1cticas puede aumentar el reconocimiento profesional y la influencia en el sector.<\/span><\/li><\/ul><p><span style=\"font-weight: 400;\">Una colaboraci\u00f3n efectiva con ISPOR puede generar alianzas estrat\u00e9gicas y avances significativos en la investigaci\u00f3n HEOR.<\/span><\/p><h2><b>Oportunidades \/ Soluciones con Justin Stindt Consultants<\/b><\/h2><p><span style=\"font-weight: 400;\">\u00a0<\/span><\/p><p><span style=\"font-weight: 400;\">La experiencia de Justin Stindt con la ISPOR garantiza:<\/span><\/p><ul><li><b>Consultor\u00eda experta en ISPOR:<\/b><span style=\"font-weight: 400;\"> Orientaci\u00f3n en la optimizaci\u00f3n de la participaci\u00f3n en iniciativas ISPOR y en la maximizaci\u00f3n de los recursos disponibles.<\/span><\/li><li><b>Estrategias de acceso al mercado con ISPOR:<\/b><span style=\"font-weight: 400;\"> Desarrollo de estrategias alineadas con los est\u00e1ndares HEOR de ISPOR para optimizar el acceso al mercado.<\/span><\/li><li><b>Experiencia en procesos ISPOR:<\/b><span style=\"font-weight: 400;\"> An\u00e1lisis detallado de los procesos de ISPOR para maximizar la participaci\u00f3n y la contribuci\u00f3n. Esto incluye publicaciones en ISPOR, presentaciones de p\u00f3steres y art\u00edculos en revistas de ISPOR.<\/span><\/li><li><b>Apoyo de consultores ISPOR:<\/b><span style=\"font-weight: 400;\"> Asesoramiento experto sobre c\u00f3mo interactuar con ISPOR y aprovechar al m\u00e1ximo su potencial para el \u00e9xito en el acceso al mercado.<\/span><\/li><\/ul><p><span style=\"font-weight: 400;\">Justin Stindt Consultants ayuda a sus clientes a optimizar su participaci\u00f3n en ISPOR para maximizar su impacto en la comunidad HEOR.<\/span><\/p>\t\t\t\t\t\t\t\t<\/div>\n\t\t\t\t<\/div>\n\t\t\t\t\t<\/div>\n\t\t\t\t<\/div>\n\t\t<div class=\"elementor-element elementor-element-a845fd3 e-flex e-con-boxed e-con e-parent\" data-id=\"a845fd3\" data-element_type=\"container\" data-e-type=\"container\">\n\t\t\t\t\t<div class=\"e-con-inner\">\n\t\t\t\t<div class=\"elementor-element elementor-element-caccfeb elementor-widget-divider--view-line elementor-widget elementor-widget-divider\" data-id=\"caccfeb\" data-element_type=\"widget\" data-e-type=\"widget\" data-widget_type=\"divider.default\">\n\t\t\t\t<div class=\"elementor-widget-container\">\n\t\t\t\t\t\t\t<div class=\"elementor-divider\">\n\t\t\t<span class=\"elementor-divider-separator\">\n\t\t\t\t\t\t<\/span>\n\t\t<\/div>\n\t\t\t\t\t\t<\/div>\n\t\t\t\t<\/div>\n\t\t\t\t\t<\/div>\n\t\t\t\t<\/div>\n\t\t<div class=\"elementor-element elementor-element-9ea8a8e e-flex e-con-boxed e-con e-parent\" data-id=\"9ea8a8e\" data-element_type=\"container\" data-e-type=\"container\">\n\t\t\t\t\t<div class=\"e-con-inner\">\n\t\t<div class=\"elementor-element elementor-element-7848d4bc e-con-full bordered-block e-flex e-con e-child\" data-id=\"7848d4bc\" data-element_type=\"container\" data-e-type=\"container\">\n\t\t\t\t<div class=\"elementor-element elementor-element-5e0288e2 elementor-widget elementor-widget-text-editor\" data-id=\"5e0288e2\" data-element_type=\"widget\" data-e-type=\"widget\" data-widget_type=\"text-editor.default\">\n\t\t\t\t<div class=\"elementor-widget-container\">\n\t\t\t\t\t\t\t\t\t<h3>Caso de \u00e9xito<\/h3><h2>\u00c9xito de una empresa farmac\u00e9utica con la ISPOR<\/h2>\t\t\t\t\t\t\t\t<\/div>\n\t\t\t\t<\/div>\n\t\t\t\t<div class=\"elementor-element elementor-element-2c53afaf elementor-widget elementor-widget-text-editor\" data-id=\"2c53afaf\" data-element_type=\"widget\" data-e-type=\"widget\" data-widget_type=\"text-editor.default\">\n\t\t\t\t<div class=\"elementor-widget-container\">\n\t\t\t\t\t\t\t\t\t<p><strong>Desaf\u00edo<\/strong>: <br \/>Una organizaci\u00f3n sanitaria solicit\u00f3 nuestro apoyo para mejorar su presencia en la comunidad HEOR.<\/p><p><strong>Soluci\u00f3n<\/strong>: <br \/>\u00a0Les ayudamos a desarrollar investigaciones alineadas con los est\u00e1ndares de ISPOR y facilitamos su participaci\u00f3n en conferencias de ISPOR.<\/p><p><strong>Resultado<\/strong>: <br \/>Nuestra estrategia condujo a un mayor reconocimiento y nuevas oportunidades de colaboraci\u00f3n en el campo HEOR.<\/p>\t\t\t\t\t\t\t\t<\/div>\n\t\t\t\t<\/div>\n\t\t\t\t<\/div>\n\t\t\t\t\t<\/div>\n\t\t\t\t<\/div>\n\t\t<div class=\"elementor-element elementor-element-b74e73a e-con-full e-flex e-con e-parent\" data-id=\"b74e73a\" data-element_type=\"container\" data-e-type=\"container\" data-settings=\"{&quot;background_background&quot;:&quot;classic&quot;}\">\n\t\t\t\t<div class=\"elementor-element elementor-element-01f5849 elementor-cta--skin-classic elementor-animated-content elementor-bg-transform elementor-bg-transform-zoom-in elementor-widget elementor-widget-call-to-action\" data-id=\"01f5849\" data-element_type=\"widget\" data-e-type=\"widget\" data-widget_type=\"call-to-action.default\">\n\t\t\t\t<div class=\"elementor-widget-container\">\n\t\t\t\t\t\t\t<div class=\"elementor-cta\">\n\t\t\t\t\t\t\t<div class=\"elementor-cta__content\">\n\t\t\t\t\n\t\t\t\t\t\t\t\t\t<h2 class=\"elementor-cta__title elementor-cta__content-item elementor-content-item\">\n\t\t\t\t\t\t\u00bfNecesita apoyo para optimizar su colaboraci\u00f3n con ISPOR? La experiencia de Justin Stindt Consultants en ISPOR puede ayudarle a alcanzar el \u00e9xito.\t\t\t\t\t<\/h2>\n\t\t\t\t\n\t\t\t\t\t\t\t\t\t<div class=\"elementor-cta__description elementor-cta__content-item elementor-content-item\">\n\t\t\t\t\t\tCont\u00e1ctenos hoy mismo para desarrollar su estrategia y garantizar su \u00e9xito con ISPOR.\t\t\t\t\t<\/div>\n\t\t\t\t\n\t\t\t\t\t\t\t\t\t<div class=\"elementor-cta__button-wrapper elementor-cta__content-item elementor-content-item \">\n\t\t\t\t\t<a class=\"elementor-cta__button elementor-button elementor-size-\" href=\"https:\/\/jstindt.com\/contact-us\/\">\n\t\t\t\t\t\tP\u00f3ngase en contacto con Justin Stindt Consultants \t\t\t\t\t<\/a>\n\t\t\t\t\t<\/div>\n\t\t\t\t\t\t\t<\/div>\n\t\t\t\t\t\t<\/div>\n\t\t\t\t\t\t<\/div>\n\t\t\t\t<\/div>\n\t\t\t\t<\/div>\n\t\t<div class=\"elementor-element elementor-element-2a88da9 e-flex e-con-boxed e-con e-parent\" data-id=\"2a88da9\" data-element_type=\"container\" data-e-type=\"container\">\n\t\t\t\t\t<div class=\"e-con-inner\">\n\t\t\t\t<div class=\"elementor-element elementor-element-78fd6e6 elementor-widget elementor-widget-n-accordion\" data-id=\"78fd6e6\" data-element_type=\"widget\" data-e-type=\"widget\" data-settings=\"{&quot;default_state&quot;:&quot;all_collapsed&quot;,&quot;max_items_expended&quot;:&quot;one&quot;,&quot;n_accordion_animation_duration&quot;:{&quot;unit&quot;:&quot;ms&quot;,&quot;size&quot;:400,&quot;sizes&quot;:[]}}\" data-widget_type=\"nested-accordion.default\">\n\t\t\t\t<div class=\"elementor-widget-container\">\n\t\t\t\t\t\t\t<div class=\"e-n-accordion\" aria-label=\"Accordion. Open links with Enter or Space, close with Escape, and navigate with Arrow Keys\">\n\t\t\t\t\t\t<details id=\"e-n-accordion-item-1260\" class=\"e-n-accordion-item\" >\n\t\t\t\t<summary class=\"e-n-accordion-item-title\" data-accordion-index=\"1\" tabindex=\"0\" aria-expanded=\"false\" aria-controls=\"e-n-accordion-item-1260\" >\n\t\t\t\t\t<span class='e-n-accordion-item-title-header'><div class=\"e-n-accordion-item-title-text\"> Otras instituciones clave en el acceso al mercado <\/div><\/span>\n\t\t\t\t\t\t\t<span class='e-n-accordion-item-title-icon'>\n\t\t\t<span class='e-opened' ><i aria-hidden=\"true\" class=\"fas fa-minus\"><\/i><\/span>\n\t\t\t<span class='e-closed'><i aria-hidden=\"true\" class=\"fas fa-plus\"><\/i><\/span>\n\t\t<\/span>\n\n\t\t\t\t\t\t<\/summary>\n\t\t\t\t<div role=\"region\" aria-labelledby=\"e-n-accordion-item-1260\" class=\"elementor-element elementor-element-d15c250 e-con-full e-flex e-con e-child\" data-id=\"d15c250\" data-element_type=\"container\" data-e-type=\"container\">\n\t\t\t\t<div class=\"elementor-element elementor-element-27ef151 elementor-widget elementor-widget-template\" data-id=\"27ef151\" data-element_type=\"widget\" data-e-type=\"widget\" data-widget_type=\"template.default\">\n\t\t\t\t<div class=\"elementor-widget-container\">\n\t\t\t\t\t\t\t<div class=\"elementor-template\">\n\t\t\t\t\t<div data-elementor-type=\"container\" data-elementor-id=\"19261\" class=\"elementor elementor-19261 elementor-18546 elementor-18546\" data-elementor-post-type=\"elementor_library\">\n\t\t\t\t<div role=\"region\" aria-labelledby=\"e-n-accordion-item-1220\" class=\"elementor-element elementor-element-4d5d7d7a e-flex e-con-boxed e-con e-parent\" data-id=\"4d5d7d7a\" data-element_type=\"container\" data-e-type=\"container\">\n\t\t\t\t\t<div class=\"e-con-inner\">\n\t\t\t\t<div class=\"elementor-element elementor-element-fa73d9e elementor-widget elementor-widget-text-editor\" data-id=\"fa73d9e\" data-element_type=\"widget\" data-e-type=\"widget\" data-widget_type=\"text-editor.default\">\n\t\t\t\t<div class=\"elementor-widget-container\">\n\t\t\t\t\t\t\t\t\t<h4><strong>Instituciones mundiales<\/strong><\/h4>\n<ul>\n<li><a href=\"https:\/\/jstindt.com\/es\/acceso-al-mercado-con-oms\/\">World Health Organization<\/a> (WHO)<\/li>\n<li><a href=\"https:\/\/jstindt.com\/es\/acceso-al-mercado-con-ispor\/\">International Society for Pharmacoeconomics and Outcomes Research<\/a> (ISPOR)<\/li>\n<\/ul>\n<h4><strong><br \/><a href=\"https:\/\/jstindt.com\/es\/ee-uu\/\">Estados Unidos<\/a><\/strong><\/h4>\n<ul>\n<li><a href=\"https:\/\/jstindt.com\/es\/acceso-al-mercado-con-cms\/\">Centers for Medicare &amp; Medicaid Services<\/a> (CMS)<\/li>\n<li><a href=\"https:\/\/jstindt.com\/es\/acceso-al-mercado-con-amcp\/\">Academy of Managed Care Pharmacy<\/a> (AMCP)<\/li>\n<li><a href=\"https:\/\/jstindt.com\/es\/acceso-al-mercado-con-icer\/\">Institute for Clinical and Economic Review<\/a> (ICER)<\/li>\n<\/ul>\n<h4><strong><br \/><a href=\"https:\/\/jstindt.com\/es\/francia\/\">Francia<\/a><\/strong><\/h4>\n<ul>\n<li><a href=\"https:\/\/jstindt.com\/es\/acceso-al-mercado-con-la-has-su-guia-de-la-principal-autoridad-sanitaria-de-francia\/\">Haute Autorit\u00e9 de Sant\u00e9<\/a> (HAS)<\/li>\n<li><a href=\"https:\/\/jstindt.com\/es\/acceso-al-mercado-con-el-ceps\/\">Comit\u00e9 \u00c9conomique des Produits de Sant\u00e9<\/a> (CEPS)<\/li>\n<\/ul>\n<h4><strong><br \/><a href=\"https:\/\/jstindt.com\/es\/alemania\/\">Alemania<\/a><\/strong><\/h4>\n<ul>\n<li><a href=\"https:\/\/jstindt.com\/es\/acceso-al-mercado-con-el-g-ba\/\">Gemeinsamer Bundesausschuss<\/a> (G-BA)<\/li>\n<li><a href=\"https:\/\/jstindt.com\/es\/acceso-al-mercado-con-el-iqwig\/\">Institute for Quality and Efficiency in Health Care<\/a> (IQWiG)<\/li>\n<li><a href=\"https:\/\/jstindt.com\/es\/acceso-al-mercado-con-el-gkv-spitzenverband\/\">GKV Spitzenverband<\/a><\/li>\n<\/ul>\n<h4><strong><br \/><a href=\"https:\/\/jstindt.com\/es\/reino-unido\/\">Reino Unido<\/a><\/strong><\/h4>\n<ul>\n<li><a href=\"https:\/\/jstindt.com\/es\/acceso-al-mercado-con-nice\/\">National Institute for Health and Care Excellence<\/a> (NICE)<\/li>\n<li><a href=\"https:\/\/jstindt.com\/es\/acceso-al-mercado-con-smc\/\">Scottish Medicines Consortium<\/a> (SMC)<\/li>\n<li><a href=\"https:\/\/jstindt.com\/es\/acceso-al-mercado-con-awmsg\/\" rel=\"noopener\">All Wales Medicines Strategy Group<\/a> (AWMSG)<\/li>\n<li><a href=\"https:\/\/jstindt.com\/es\/acceso-al-mercado-con-nhs\/\">National Health Service<\/a> (NHS)<\/li>\n<\/ul>\n<h4><strong><br \/><a href=\"https:\/\/jstindt.com\/es\/italia\/\">Italia<\/a><\/strong><\/h4>\n<ul>\n<li><a href=\"https:\/\/jstindt.com\/es\/acceso-al-mercado-con-aifa\/\">Italian Medicines Agency<\/a> (AIFA)<\/li>\n<li><a href=\"https:\/\/jstindt.com\/es\/acceso-al-mercado-con-la-cse\/\">Scientific and Economic Commission<\/a> (CSE)<\/li>\n<\/ul>\n<h4><strong><br \/><a href=\"https:\/\/jstindt.com\/es\/espana\/\">Espa\u00f1a<\/a><\/strong><\/h4>\n<ul>\n<li><a href=\"https:\/\/jstindt.com\/es\/acceso-al-mercado-con-la-aemps\/\">Spanish Agency of Medicines and Medical Devices<\/a> (AEMPS)<\/li>\n<li><a href=\"https:\/\/jstindt.com\/es\/acceso-al-mercado-con-el-dgcf\/\">Direcci\u00f3n General de Cartera Com\u00fan de Servicios del Sistema Nacional de Salud y Farmacia<\/a> (DGCF)<\/li>\n<li><a href=\"https:\/\/jstindt.com\/es\/acceso-al-mercado-con-la-cipm\/\">Interministerial Commission on Medicine Prices<\/a> (CIPM)<\/li>\n<\/ul>\n<h4><strong><br \/><a href=\"https:\/\/jstindt.com\/es\/suiza\/\">Suiza<\/a><\/strong><\/h4>\n<ul>\n<li><a href=\"https:\/\/jstindt.com\/es\/acceso-al-mercado-con-la-ofsp\/\">Federal Office of Public Health<\/a> (FOPH)<\/li>\n<\/ul>\n\t\t\t\t\t\t\t\t<\/div>\n\t\t\t\t<\/div>\n\t\t\t\t\t<\/div>\n\t\t\t\t<\/div>\n\t\t\t\t<\/div>\n\t\t\t\t<\/div>\n\t\t\t\t\t\t<\/div>\n\t\t\t\t<\/div>\n\t\t\t\t<\/div>\n\t\t\t\t\t<\/details>\n\t\t\t\t\t<\/div>\n\t\t\t\t\t\t<\/div>\n\t\t\t\t<\/div>\n\t\t\t\t\t<\/div>\n\t\t\t\t<\/div>\n\t\t\t\t<\/div>\n\t\t","protected":false},"excerpt":{"rendered":"<p>La International Society for Pharmacoeconomics and Outcomes Research (ISPOR) es una de las principales sociedades profesionales globales dedicadas a la promoci\u00f3n de la econom\u00eda de la salud (HEOR) y la investigaci\u00f3n de resultados en salud, con el objetivo de mejorar la toma de decisiones en la atenci\u00f3n sanitaria a nivel mundial. Fundada en 1995, ISPOR [&hellip;]<\/p>\n","protected":false},"author":3,"featured_media":0,"parent":0,"menu_order":0,"comment_status":"closed","ping_status":"closed","template":"","meta":{"_acf_changed":false,"footnotes":""},"class_list":["post-19001","page","type-page","status-publish","hentry"],"acf":[],"_links":{"self":[{"href":"https:\/\/jstindt.com\/es\/wp-json\/wp\/v2\/pages\/19001","targetHints":{"allow":["GET"]}}],"collection":[{"href":"https:\/\/jstindt.com\/es\/wp-json\/wp\/v2\/pages"}],"about":[{"href":"https:\/\/jstindt.com\/es\/wp-json\/wp\/v2\/types\/page"}],"author":[{"embeddable":true,"href":"https:\/\/jstindt.com\/es\/wp-json\/wp\/v2\/users\/3"}],"replies":[{"embeddable":true,"href":"https:\/\/jstindt.com\/es\/wp-json\/wp\/v2\/comments?post=19001"}],"version-history":[{"count":8,"href":"https:\/\/jstindt.com\/es\/wp-json\/wp\/v2\/pages\/19001\/revisions"}],"predecessor-version":[{"id":19803,"href":"https:\/\/jstindt.com\/es\/wp-json\/wp\/v2\/pages\/19001\/revisions\/19803"}],"wp:attachment":[{"href":"https:\/\/jstindt.com\/es\/wp-json\/wp\/v2\/media?parent=19001"}],"curies":[{"name":"wp","href":"https:\/\/api.w.org\/{rel}","templated":true}]}}