{"id":18981,"date":"2025-02-13T14:00:07","date_gmt":"2025-02-13T13:00:07","guid":{"rendered":"https:\/\/jstindt.com\/?page_id=18981"},"modified":"2025-03-20T16:31:50","modified_gmt":"2025-03-20T15:31:50","slug":"acceso-al-mercado-con-el-iqwig","status":"publish","type":"page","link":"https:\/\/jstindt.com\/es\/acceso-al-mercado-con-el-iqwig\/","title":{"rendered":"Acceso al mercado con el IQWiG: Su gu\u00eda para la evaluaci\u00f3n de tecnolog\u00edas sanitarias en Alemania"},"content":{"rendered":"\t\t<div data-elementor-type=\"wp-page\" data-elementor-id=\"18981\" class=\"elementor elementor-18981 elementor-18599\" data-elementor-post-type=\"page\">\n\t\t\t\t<div class=\"elementor-element elementor-element-1d7d3b2 e-flex e-con-boxed e-con e-parent\" data-id=\"1d7d3b2\" data-element_type=\"container\" data-e-type=\"container\">\n\t\t\t\t\t<div class=\"e-con-inner\">\n\t\t\t\t<div class=\"elementor-element elementor-element-9c02245 elementor-widget elementor-widget-text-editor\" data-id=\"9c02245\" data-element_type=\"widget\" data-e-type=\"widget\" data-widget_type=\"text-editor.default\">\n\t\t\t\t<div class=\"elementor-widget-container\">\n\t\t\t\t\t\t\t\t\t<p><span style=\"font-weight: 400;\">El <\/span><i><span style=\"font-weight: 400;\">Institut f\u00fcr Qualit\u00e4t und Wirtschaftlichkeit im Gesundheitswesen<\/span><\/i><span style=\"font-weight: 400;\"> (Instituto para la Calidad y Eficiencia en la Atenci\u00f3n Sanitaria) (<\/span><i><span style=\"font-weight: 400;\">IQWiG<\/span><\/i><span style=\"font-weight: 400;\">) es una agencia independiente alemana encargada de evaluar los beneficios y riesgos de las intervenciones m\u00e9dicas para los pacientes. Fundado en 2004, el IQWiG desempe\u00f1a un papel clave en la evaluaci\u00f3n de tratamientos m\u00e9dicos, incluidos medicamentos, intervenciones no farmacol\u00f3gicas, pruebas diagn\u00f3sticas y m\u00e9todos de cribado. Sus evaluaciones influyen directamente en las decisiones de reembolso de los productos sanitarios cubiertos por el seguro de salud obligatorio en Alemania.<\/span><\/p><h2><b>Funciones principales del IQWiG<\/b><\/h2><p><span style=\"font-weight: 400;\">\u00a0Las principales responsabilidades del IQWiG incluyen:<\/span><\/p><ul><li><b>Evaluaci\u00f3n de intervenciones m\u00e9dicas:<\/b><span style=\"font-weight: 400;\"> An\u00e1lisis de los beneficios y riesgos de medicamentos y procedimientos quir\u00fargicos para determinar su eficacia y seguridad.<\/span><\/li><li><b>Divulgaci\u00f3n de informaci\u00f3n sanitaria:<\/b><span style=\"font-weight: 400;\"> Proporcionar informaci\u00f3n accesible al p\u00fablico para ayudar a los pacientes a tomar decisiones informadas sobre ex\u00e1menes y tratamientos.<\/span><\/li><li><b>Informes basados en evidencia:<\/b><span style=\"font-weight: 400;\"> Producci\u00f3n de an\u00e1lisis independientes y basados en evidencia sobre diversos temas m\u00e9dicos, incluidas pruebas diagn\u00f3sticas y programas de gesti\u00f3n de enfermedades.<\/span><\/li><\/ul><h2><b>Direcci\u00f3n y contactos clave<\/b><\/h2><p><span style=\"font-weight: 400;\">A fecha de enero de 2025, el IQWiG est\u00e1 dirigido por <\/span><b>el Dr. Thomas Kaiser<\/b><span style=\"font-weight: 400;\">, responsable de las iniciativas estrat\u00e9gicas de la organizaci\u00f3n. <\/span><b>La subdirectora es la Dra. Michaela Eikermann.<\/b><\/p><ul><li><span style=\"font-weight: 400;\"> \u00a0 \u00a0 <\/span><b>El Departamento de Evaluaci\u00f3n de Medicamentos est\u00e1 dirigido por la Dra. Beate Wieseler.<\/b><\/li><\/ul><h3><b>Contacto del IQWiG<\/b><\/h3><ul><li><span style=\"font-weight: 400;\"> \u00a0 \u00a0 <\/span><b>Sitio web:<\/b><a href=\"https:\/\/www.iqwig.de\/\"> <span style=\"font-weight: 400;\">iqwig.de<\/span><\/a><\/li><li><b>Direcci\u00f3n:<\/b><b><br \/><\/b> <span style=\"font-weight: 400;\">Institut f\u00fcr Qualit\u00e4t und Wirtschaftlichkeit im Gesundheitswesen (IQWiG)<\/span><span style=\"font-weight: 400;\"><br \/><\/span><span style=\"font-weight: 400;\"> Siegburger Str. 237<\/span><span style=\"font-weight: 400;\"><br \/><\/span><span style=\"font-weight: 400;\"> 50679 Colonia, Alemania<\/span><\/li><\/ul><h2><b>Desaf\u00edos en la colaboraci\u00f3n con el IQWiG<\/b><\/h2><p><span style=\"font-weight: 400;\">Colaborar con el IQWiG implica:<\/span><\/p><ul><li><b>Comprensi\u00f3n de los procesos de evaluaci\u00f3n:<\/b><span style=\"font-weight: 400;\"> Familiaridad con los criterios de evaluaci\u00f3n y los requisitos de presentaci\u00f3n del IQWiG, incluidos los <\/span><i><span style=\"font-weight: 400;\">IQWiG General Methods<\/span><\/i><span style=\"font-weight: 400;\"> (<\/span><i><span style=\"font-weight: 400;\">Allgemeine Methoden<\/span><\/i><span style=\"font-weight: 400;\">).<\/span><\/li><li><b>Presentaciones precisas y oportunas:<\/b><span style=\"font-weight: 400;\"> Preparaci\u00f3n y entrega rigurosa de documentos para facilitar el proceso de evaluaci\u00f3n.<\/span><\/li><li><b>Colaboraci\u00f3n con las partes interesadas:<\/b><span style=\"font-weight: 400;\"> Coordinaci\u00f3n con los actores del sistema sanitario alem\u00e1n para alinearse con las directrices y recomendaciones del IQWiG.<\/span><\/li><\/ul><h2><b>Oportunidades \/ Soluciones con Justin Stindt Consultants<\/b><\/h2><p><span style=\"font-weight: 400;\">La experiencia de Justin Stindt con el IQWiG garantiza:<\/span><\/p><ul><li><b>Consultor\u00eda experta en presentaciones al IQWiG:<\/b><span style=\"font-weight: 400;\"> Elaboraci\u00f3n de informes y dossiers de alta calidad para evaluaciones.<\/span><\/li><li><b>Estrategias de acceso al mercado con el IQWiG:<\/b><span style=\"font-weight: 400;\"> M\u00e9todos probados para optimizar los resultados de reembolso.<\/span><\/li><li><b>Conocimiento especializado en procesos del IQWiG:<\/b><span style=\"font-weight: 400;\"> Profundo conocimiento de los procedimientos alemanes de evaluaci\u00f3n de tecnolog\u00edas sanitarias para acelerar las aprobaciones.<\/span><\/li><li><b>Soporte de consultores IQWiG:<\/b><span style=\"font-weight: 400;\"> Asesoramiento experto en la gesti\u00f3n de evaluaciones y estrategias de acceso al mercado del IQWiG.<\/span><\/li><\/ul>\t\t\t\t\t\t\t\t<\/div>\n\t\t\t\t<\/div>\n\t\t\t\t\t<\/div>\n\t\t\t\t<\/div>\n\t\t<div class=\"elementor-element elementor-element-b7422a0 e-flex e-con-boxed e-con e-parent\" data-id=\"b7422a0\" data-element_type=\"container\" data-e-type=\"container\">\n\t\t\t\t\t<div class=\"e-con-inner\">\n\t\t\t\t<div class=\"elementor-element elementor-element-e2a18af elementor-widget-divider--view-line elementor-widget elementor-widget-divider\" data-id=\"e2a18af\" data-element_type=\"widget\" data-e-type=\"widget\" data-widget_type=\"divider.default\">\n\t\t\t\t<div class=\"elementor-widget-container\">\n\t\t\t\t\t\t\t<div class=\"elementor-divider\">\n\t\t\t<span class=\"elementor-divider-separator\">\n\t\t\t\t\t\t<\/span>\n\t\t<\/div>\n\t\t\t\t\t\t<\/div>\n\t\t\t\t<\/div>\n\t\t\t\t\t<\/div>\n\t\t\t\t<\/div>\n\t\t<div class=\"elementor-element elementor-element-67ff0fe4 e-flex e-con-boxed e-con e-parent\" data-id=\"67ff0fe4\" data-element_type=\"container\" data-e-type=\"container\">\n\t\t\t\t\t<div class=\"e-con-inner\">\n\t\t<div class=\"elementor-element elementor-element-76fa6a4 e-con-full bordered-block e-flex e-con e-child\" data-id=\"76fa6a4\" data-element_type=\"container\" data-e-type=\"container\">\n\t\t\t\t<div class=\"elementor-element elementor-element-647b7dac elementor-widget elementor-widget-text-editor\" data-id=\"647b7dac\" data-element_type=\"widget\" data-e-type=\"widget\" data-widget_type=\"text-editor.default\">\n\t\t\t\t<div class=\"elementor-widget-container\">\n\t\t\t\t\t\t\t\t\t<h3>Caso de \u00e9xito<\/h3><h2>\u00c9xito de una empresa farmac\u00e9utica con la IQWiG<\/h2>\t\t\t\t\t\t\t\t<\/div>\n\t\t\t\t<\/div>\n\t\t\t\t<div class=\"elementor-element elementor-element-780ad807 elementor-widget elementor-widget-text-editor\" data-id=\"780ad807\" data-element_type=\"widget\" data-e-type=\"widget\" data-widget_type=\"text-editor.default\">\n\t\t\t\t<div class=\"elementor-widget-container\">\n\t\t\t\t\t\t\t\t\t<p><strong>Desaf\u00edo<\/strong>: <br \/>Una empresa farmac\u00e9utica buscaba nuestra asistencia para obtener una evaluaci\u00f3n favorable para una nueva terapia en Alemania.<\/p><p><strong>Soluci\u00f3n<\/strong>: <br \/>Justin Stindt Consultants gui\u00f3 la preparaci\u00f3n de un dossier AMNOG completo que cumpl\u00eda con los criterios de evaluaci\u00f3n del IQWiG y del G-BA.<\/p><p><strong>Resultado<\/strong>: <br \/>Opini\u00f3n positiva del IQWiG, lo que facilit\u00f3 una evaluaci\u00f3n favorable del G-BA y negociaciones de precios ventajosas.<\/p>\t\t\t\t\t\t\t\t<\/div>\n\t\t\t\t<\/div>\n\t\t\t\t<\/div>\n\t\t\t\t\t<\/div>\n\t\t\t\t<\/div>\n\t\t<div class=\"elementor-element elementor-element-03ee6e3 e-con-full e-flex e-con e-parent\" data-id=\"03ee6e3\" data-element_type=\"container\" data-e-type=\"container\" data-settings=\"{&quot;background_background&quot;:&quot;classic&quot;}\">\n\t\t\t\t<div class=\"elementor-element elementor-element-bcc9f33 elementor-cta--skin-classic elementor-animated-content elementor-bg-transform elementor-bg-transform-zoom-in elementor-widget elementor-widget-call-to-action\" data-id=\"bcc9f33\" data-element_type=\"widget\" data-e-type=\"widget\" data-widget_type=\"call-to-action.default\">\n\t\t\t\t<div class=\"elementor-widget-container\">\n\t\t\t\t\t\t\t<div class=\"elementor-cta\">\n\t\t\t\t\t\t\t<div class=\"elementor-cta__content\">\n\t\t\t\t\n\t\t\t\t\t\t\t\t\t<h2 class=\"elementor-cta__title elementor-cta__content-item elementor-content-item\">\n\t\t\t\t\t\t\u00bfNecesita apoyo para el acceso al mercado con el IQWiG? Justin Stindt Consultants est\u00e1 listo para ayudarle a alcanzar el \u00e9xito.\t\t\t\t\t<\/h2>\n\t\t\t\t\n\t\t\t\t\t\t\t\t\t<div class=\"elementor-cta__description elementor-cta__content-item elementor-content-item\">\n\t\t\t\t\t\tCont\u00e1ctenos hoy mismo para desarrollar su estrategia de acceso al mercado y garantizar su \u00e9xito con el IQWiG.\t\t\t\t\t<\/div>\n\t\t\t\t\n\t\t\t\t\t\t\t\t\t<div class=\"elementor-cta__button-wrapper elementor-cta__content-item elementor-content-item \">\n\t\t\t\t\t<a class=\"elementor-cta__button elementor-button elementor-size-\" href=\"https:\/\/jstindt.com\/contact-us\/\">\n\t\t\t\t\t\tP\u00f3ngase en contacto con Justin Stindt Consultants \t\t\t\t\t<\/a>\n\t\t\t\t\t<\/div>\n\t\t\t\t\t\t\t<\/div>\n\t\t\t\t\t\t<\/div>\n\t\t\t\t\t\t<\/div>\n\t\t\t\t<\/div>\n\t\t\t\t<\/div>\n\t\t<div class=\"elementor-element elementor-element-ca0a249 e-flex e-con-boxed e-con e-parent\" data-id=\"ca0a249\" data-element_type=\"container\" data-e-type=\"container\">\n\t\t\t\t\t<div class=\"e-con-inner\">\n\t\t\t\t<div class=\"elementor-element elementor-element-db3e841 elementor-widget elementor-widget-n-accordion\" data-id=\"db3e841\" data-element_type=\"widget\" data-e-type=\"widget\" data-settings=\"{&quot;default_state&quot;:&quot;all_collapsed&quot;,&quot;max_items_expended&quot;:&quot;one&quot;,&quot;n_accordion_animation_duration&quot;:{&quot;unit&quot;:&quot;ms&quot;,&quot;size&quot;:400,&quot;sizes&quot;:[]}}\" data-widget_type=\"nested-accordion.default\">\n\t\t\t\t<div class=\"elementor-widget-container\">\n\t\t\t\t\t\t\t<div class=\"e-n-accordion\" aria-label=\"Accordion. Open links with Enter or Space, close with Escape, and navigate with Arrow Keys\">\n\t\t\t\t\t\t<details id=\"e-n-accordion-item-2290\" class=\"e-n-accordion-item\" >\n\t\t\t\t<summary class=\"e-n-accordion-item-title\" data-accordion-index=\"1\" tabindex=\"0\" aria-expanded=\"false\" aria-controls=\"e-n-accordion-item-2290\" >\n\t\t\t\t\t<span class='e-n-accordion-item-title-header'><div class=\"e-n-accordion-item-title-text\"> Otras instituciones clave en el acceso al mercado <\/div><\/span>\n\t\t\t\t\t\t\t<span class='e-n-accordion-item-title-icon'>\n\t\t\t<span class='e-opened' ><i aria-hidden=\"true\" class=\"fas fa-minus\"><\/i><\/span>\n\t\t\t<span class='e-closed'><i aria-hidden=\"true\" class=\"fas fa-plus\"><\/i><\/span>\n\t\t<\/span>\n\n\t\t\t\t\t\t<\/summary>\n\t\t\t\t<div role=\"region\" aria-labelledby=\"e-n-accordion-item-2290\" class=\"elementor-element elementor-element-3f11906 e-con-full e-flex e-con e-child\" data-id=\"3f11906\" data-element_type=\"container\" data-e-type=\"container\">\n\t\t\t\t<div class=\"elementor-element elementor-element-c486905 elementor-widget elementor-widget-template\" data-id=\"c486905\" data-element_type=\"widget\" data-e-type=\"widget\" data-widget_type=\"template.default\">\n\t\t\t\t<div class=\"elementor-widget-container\">\n\t\t\t\t\t\t\t<div class=\"elementor-template\">\n\t\t\t\t\t<div data-elementor-type=\"container\" data-elementor-id=\"19261\" class=\"elementor elementor-19261 elementor-18546 elementor-18546\" data-elementor-post-type=\"elementor_library\">\n\t\t\t\t<div role=\"region\" aria-labelledby=\"e-n-accordion-item-1800\" class=\"elementor-element elementor-element-4d5d7d7a e-flex e-con-boxed e-con e-parent\" data-id=\"4d5d7d7a\" data-element_type=\"container\" data-e-type=\"container\">\n\t\t\t\t\t<div class=\"e-con-inner\">\n\t\t\t\t<div class=\"elementor-element elementor-element-fa73d9e elementor-widget elementor-widget-text-editor\" data-id=\"fa73d9e\" data-element_type=\"widget\" data-e-type=\"widget\" data-widget_type=\"text-editor.default\">\n\t\t\t\t<div class=\"elementor-widget-container\">\n\t\t\t\t\t\t\t\t\t<h4><strong>Instituciones mundiales<\/strong><\/h4>\n<ul>\n<li><a href=\"https:\/\/jstindt.com\/es\/acceso-al-mercado-con-oms\/\">World Health Organization<\/a> (WHO)<\/li>\n<li><a href=\"https:\/\/jstindt.com\/es\/acceso-al-mercado-con-ispor\/\">International Society for Pharmacoeconomics and Outcomes Research<\/a> (ISPOR)<\/li>\n<\/ul>\n<h4><strong><br \/><a href=\"https:\/\/jstindt.com\/es\/ee-uu\/\">Estados Unidos<\/a><\/strong><\/h4>\n<ul>\n<li><a href=\"https:\/\/jstindt.com\/es\/acceso-al-mercado-con-cms\/\">Centers for Medicare &amp; Medicaid Services<\/a> (CMS)<\/li>\n<li><a href=\"https:\/\/jstindt.com\/es\/acceso-al-mercado-con-amcp\/\">Academy of Managed Care Pharmacy<\/a> (AMCP)<\/li>\n<li><a href=\"https:\/\/jstindt.com\/es\/acceso-al-mercado-con-icer\/\">Institute for Clinical and Economic Review<\/a> (ICER)<\/li>\n<\/ul>\n<h4><strong><br \/><a href=\"https:\/\/jstindt.com\/es\/francia\/\">Francia<\/a><\/strong><\/h4>\n<ul>\n<li><a href=\"https:\/\/jstindt.com\/es\/acceso-al-mercado-con-la-has-su-guia-de-la-principal-autoridad-sanitaria-de-francia\/\">Haute Autorit\u00e9 de Sant\u00e9<\/a> (HAS)<\/li>\n<li><a href=\"https:\/\/jstindt.com\/es\/acceso-al-mercado-con-el-ceps\/\">Comit\u00e9 \u00c9conomique des Produits de Sant\u00e9<\/a> (CEPS)<\/li>\n<\/ul>\n<h4><strong><br \/><a href=\"https:\/\/jstindt.com\/es\/alemania\/\">Alemania<\/a><\/strong><\/h4>\n<ul>\n<li><a href=\"https:\/\/jstindt.com\/es\/acceso-al-mercado-con-el-g-ba\/\">Gemeinsamer Bundesausschuss<\/a> (G-BA)<\/li>\n<li><a href=\"https:\/\/jstindt.com\/es\/acceso-al-mercado-con-el-iqwig\/\">Institute for Quality and Efficiency in Health Care<\/a> (IQWiG)<\/li>\n<li><a href=\"https:\/\/jstindt.com\/es\/acceso-al-mercado-con-el-gkv-spitzenverband\/\">GKV Spitzenverband<\/a><\/li>\n<\/ul>\n<h4><strong><br \/><a href=\"https:\/\/jstindt.com\/es\/reino-unido\/\">Reino Unido<\/a><\/strong><\/h4>\n<ul>\n<li><a href=\"https:\/\/jstindt.com\/es\/acceso-al-mercado-con-nice\/\">National Institute for Health and Care Excellence<\/a> (NICE)<\/li>\n<li><a href=\"https:\/\/jstindt.com\/es\/acceso-al-mercado-con-smc\/\">Scottish Medicines Consortium<\/a> (SMC)<\/li>\n<li><a href=\"https:\/\/jstindt.com\/es\/acceso-al-mercado-con-awmsg\/\" rel=\"noopener\">All Wales Medicines Strategy Group<\/a> (AWMSG)<\/li>\n<li><a href=\"https:\/\/jstindt.com\/es\/acceso-al-mercado-con-nhs\/\">National Health Service<\/a> (NHS)<\/li>\n<\/ul>\n<h4><strong><br \/><a href=\"https:\/\/jstindt.com\/es\/italia\/\">Italia<\/a><\/strong><\/h4>\n<ul>\n<li><a href=\"https:\/\/jstindt.com\/es\/acceso-al-mercado-con-aifa\/\">Italian Medicines Agency<\/a> (AIFA)<\/li>\n<li><a href=\"https:\/\/jstindt.com\/es\/acceso-al-mercado-con-la-cse\/\">Scientific and Economic Commission<\/a> (CSE)<\/li>\n<\/ul>\n<h4><strong><br \/><a href=\"https:\/\/jstindt.com\/es\/espana\/\">Espa\u00f1a<\/a><\/strong><\/h4>\n<ul>\n<li><a href=\"https:\/\/jstindt.com\/es\/acceso-al-mercado-con-la-aemps\/\">Spanish Agency of Medicines and Medical Devices<\/a> (AEMPS)<\/li>\n<li><a href=\"https:\/\/jstindt.com\/es\/acceso-al-mercado-con-el-dgcf\/\">Direcci\u00f3n General de Cartera Com\u00fan de Servicios del Sistema Nacional de Salud y Farmacia<\/a> (DGCF)<\/li>\n<li><a href=\"https:\/\/jstindt.com\/es\/acceso-al-mercado-con-la-cipm\/\">Interministerial Commission on Medicine Prices<\/a> (CIPM)<\/li>\n<\/ul>\n<h4><strong><br \/><a href=\"https:\/\/jstindt.com\/es\/suiza\/\">Suiza<\/a><\/strong><\/h4>\n<ul>\n<li><a href=\"https:\/\/jstindt.com\/es\/acceso-al-mercado-con-la-ofsp\/\">Federal Office of Public Health<\/a> (FOPH)<\/li>\n<\/ul>\n\t\t\t\t\t\t\t\t<\/div>\n\t\t\t\t<\/div>\n\t\t\t\t\t<\/div>\n\t\t\t\t<\/div>\n\t\t\t\t<\/div>\n\t\t\t\t<\/div>\n\t\t\t\t\t\t<\/div>\n\t\t\t\t<\/div>\n\t\t\t\t<\/div>\n\t\t\t\t\t<\/details>\n\t\t\t\t\t<\/div>\n\t\t\t\t\t\t<\/div>\n\t\t\t\t<\/div>\n\t\t\t\t\t<\/div>\n\t\t\t\t<\/div>\n\t\t\t\t<\/div>\n\t\t","protected":false},"excerpt":{"rendered":"<p>El Institut f\u00fcr Qualit\u00e4t und Wirtschaftlichkeit im Gesundheitswesen (Instituto para la Calidad y Eficiencia en la Atenci\u00f3n Sanitaria) (IQWiG) es una agencia independiente alemana encargada de evaluar los beneficios y riesgos de las intervenciones m\u00e9dicas para los pacientes. Fundado en 2004, el IQWiG desempe\u00f1a un papel clave en la evaluaci\u00f3n de tratamientos m\u00e9dicos, incluidos medicamentos, [&hellip;]<\/p>\n","protected":false},"author":3,"featured_media":0,"parent":0,"menu_order":0,"comment_status":"closed","ping_status":"closed","template":"","meta":{"_acf_changed":false,"footnotes":""},"class_list":["post-18981","page","type-page","status-publish","hentry"],"acf":[],"_links":{"self":[{"href":"https:\/\/jstindt.com\/es\/wp-json\/wp\/v2\/pages\/18981","targetHints":{"allow":["GET"]}}],"collection":[{"href":"https:\/\/jstindt.com\/es\/wp-json\/wp\/v2\/pages"}],"about":[{"href":"https:\/\/jstindt.com\/es\/wp-json\/wp\/v2\/types\/page"}],"author":[{"embeddable":true,"href":"https:\/\/jstindt.com\/es\/wp-json\/wp\/v2\/users\/3"}],"replies":[{"embeddable":true,"href":"https:\/\/jstindt.com\/es\/wp-json\/wp\/v2\/comments?post=18981"}],"version-history":[{"count":11,"href":"https:\/\/jstindt.com\/es\/wp-json\/wp\/v2\/pages\/18981\/revisions"}],"predecessor-version":[{"id":19811,"href":"https:\/\/jstindt.com\/es\/wp-json\/wp\/v2\/pages\/18981\/revisions\/19811"}],"wp:attachment":[{"href":"https:\/\/jstindt.com\/es\/wp-json\/wp\/v2\/media?parent=18981"}],"curies":[{"name":"wp","href":"https:\/\/api.w.org\/{rel}","templated":true}]}}