{"id":18954,"date":"2025-01-23T18:55:44","date_gmt":"2025-01-23T17:55:44","guid":{"rendered":"https:\/\/jstindt.com\/?page_id=18954"},"modified":"2025-03-20T16:32:05","modified_gmt":"2025-03-20T15:32:05","slug":"acceso-al-mercado-con-el-gkv-spitzenverband","status":"publish","type":"page","link":"https:\/\/jstindt.com\/es\/acceso-al-mercado-con-el-gkv-spitzenverband\/","title":{"rendered":"Acceso al mercado con el GKV-Spitzenverband: Su gu\u00eda al sistema de seguro de salud alem\u00e1n"},"content":{"rendered":"\t\t<div data-elementor-type=\"wp-page\" data-elementor-id=\"18954\" class=\"elementor elementor-18954 elementor-18457\" data-elementor-post-type=\"page\">\n\t\t\t\t<div class=\"elementor-element elementor-element-abdf675 e-flex e-con-boxed e-con e-parent\" data-id=\"abdf675\" data-element_type=\"container\" data-e-type=\"container\">\n\t\t\t\t\t<div class=\"e-con-inner\">\n\t\t\t\t<div class=\"elementor-element elementor-element-4f84259 elementor-widget elementor-widget-text-editor\" data-id=\"4f84259\" data-element_type=\"widget\" data-e-type=\"widget\" data-widget_type=\"text-editor.default\">\n\t\t\t\t<div class=\"elementor-widget-container\">\n\t\t\t\t\t\t\t\t\t<p><span style=\"font-weight: 400;\">El GKV-Spitzenverband es el organismo central que representa a todas las cajas de seguro de salud estatutarias en Alemania. Fundado para coordinar y defender los intereses de sus miembros, desempe\u00f1a un papel clave en la definici\u00f3n de pol\u00edticas sanitarias, la negociaci\u00f3n de precios de reembolso y la provisi\u00f3n de servicios de salud integrales para los asegurados.<\/span><\/p><h2><b>Principales funciones del GKV-Spitzenverband<\/b><\/h2><p><span style=\"font-weight: 400;\">Las principales responsabilidades del GKV-Spitzenverband incluyen:<\/span><\/p><ul><li><b>Negociaci\u00f3n de precios de reembolso:<\/b><span style=\"font-weight: 400;\"> Colaboraci\u00f3n con empresas farmac\u00e9uticas para fijar precios de reembolso, bas\u00e1ndose en las evaluaciones de beneficios del G-BA.<\/span><\/li><li><b>Desarrollo de contratos de atenci\u00f3n:<\/b><span style=\"font-weight: 400;\"> Establecimiento de acuerdos nacionales con proveedores de atenci\u00f3n m\u00e9dica para garantizar una atenci\u00f3n estandarizada y de calidad.<\/span><\/li><li><b>Defensa de pol\u00edticas p\u00fablicas:<\/b><span style=\"font-weight: 400;\"> Representaci\u00f3n de los intereses de las aseguradoras de salud ante los responsables pol\u00edticos para influir en las reformas del sistema de salud.<\/span><\/li><\/ul><h2><b>Direcci\u00f3n y contactos clave<\/b><\/h2><p><span style=\"font-weight: 400;\">A fecha de enero de 2025, el GKV-Spitzenverband est\u00e1 dirigido por la presidenta <\/span><b>Dra. Doris Pfeiffer<\/b><span style=\"font-weight: 400;\">, quien supervisa las iniciativas estrat\u00e9gicas de la organizaci\u00f3n.<\/span><\/p><h3><b>Contacto del GKV-Spitzenverband<\/b><\/h3><ul><li><span style=\"font-weight: 400;\"> \u00a0 \u00a0 <\/span><b>Sitio web:<\/b><a href=\"https:\/\/www.gkv-spitzenverband.de\/\" target=\"_blank\" rel=\"noopener\"> <span style=\"font-weight: 400;\">gkv-spitzenverband.de<\/span><\/a><\/li><li><b>Direcci\u00f3n:<\/b><b><br \/><\/b> <span style=\"font-weight: 400;\">GKV-Spitzenverband<\/span><span style=\"font-weight: 400;\"><br \/><\/span><span style=\"font-weight: 400;\"> Reinhardtstra\u00dfe 28<\/span><span style=\"font-weight: 400;\"><br \/><\/span><span style=\"font-weight: 400;\"> 10117 Berl\u00edn, Alemania<\/span><\/li><\/ul><h2><b>Desaf\u00edos en la colaboraci\u00f3n con el GKV-Spitzenverband<\/b><\/h2><p><span style=\"font-weight: 400;\">\u00a0<\/span><\/p><p><span style=\"font-weight: 400;\">Colaborar con el GKV-Spitzenverband implica:<\/span><\/p><ul><li><b>Comprensi\u00f3n de los procesos de negociaci\u00f3n:<\/b><span style=\"font-weight: 400;\"> Conocimiento de los criterios y procedimientos del GKV-Spitzenverband, incluidos el acuerdo marco (\u00a7 130b Abs. 9 SGB V) y la jurisprudencia del comit\u00e9 de arbitraje.<\/span><\/li><li><b>Documentaci\u00f3n puntual y completa:<\/b><span style=\"font-weight: 400;\"> Preparaci\u00f3n exhaustiva de los dossiers necesarios para facilitar las negociaciones.<\/span><\/li><li><b>Colaboraci\u00f3n con las partes interesadas:<\/b><span style=\"font-weight: 400;\"> Coordinaci\u00f3n eficaz con actores clave del sistema de salud alem\u00e1n.<\/span><\/li><\/ul><h2><b>Oportunidades \/ Soluciones con Justin Stindt Consultants<\/b><\/h2><p><span style=\"font-weight: 400;\">\u00a0<\/span><\/p><p><span style=\"font-weight: 400;\">La experiencia de Justin Stindt con el GKV-Spitzenverband garantiza:<\/span><\/p><ul><li><b>Consultor\u00eda experta en presentaciones al GKV-Spitzenverband:<\/b><span style=\"font-weight: 400;\"> Elaboraci\u00f3n de dossiers de alta calidad para negociaciones de precios.<\/span><\/li><li><b>Estrategias de acceso al mercado:<\/b><span style=\"font-weight: 400;\"> M\u00e9todos probados para maximizar los resultados de precios y reembolsos.<\/span><\/li><li><b>Experiencia en procesos del GKV-Spitzenverband:<\/b><span style=\"font-weight: 400;\"> Conocimiento profundo de las normativas sanitarias alemanas, complementado con la colaboraci\u00f3n de abogados especializados en negociaciones.<\/span><\/li><\/ul>\t\t\t\t\t\t\t\t<\/div>\n\t\t\t\t<\/div>\n\t\t\t\t\t<\/div>\n\t\t\t\t<\/div>\n\t\t<div class=\"elementor-element elementor-element-0d457ad e-flex e-con-boxed e-con e-parent\" data-id=\"0d457ad\" data-element_type=\"container\" data-e-type=\"container\">\n\t\t\t\t\t<div class=\"e-con-inner\">\n\t\t\t\t<div class=\"elementor-element elementor-element-c27b11c elementor-widget-divider--view-line elementor-widget elementor-widget-divider\" data-id=\"c27b11c\" data-element_type=\"widget\" data-e-type=\"widget\" data-widget_type=\"divider.default\">\n\t\t\t\t<div class=\"elementor-widget-container\">\n\t\t\t\t\t\t\t<div class=\"elementor-divider\">\n\t\t\t<span class=\"elementor-divider-separator\">\n\t\t\t\t\t\t<\/span>\n\t\t<\/div>\n\t\t\t\t\t\t<\/div>\n\t\t\t\t<\/div>\n\t\t\t\t\t<\/div>\n\t\t\t\t<\/div>\n\t\t<div class=\"elementor-element elementor-element-3b831bca e-flex e-con-boxed e-con e-parent\" data-id=\"3b831bca\" data-element_type=\"container\" data-e-type=\"container\">\n\t\t\t\t\t<div class=\"e-con-inner\">\n\t\t<div class=\"elementor-element elementor-element-1d86cbc e-con-full bordered-block e-flex e-con e-child\" data-id=\"1d86cbc\" data-element_type=\"container\" data-e-type=\"container\">\n\t\t\t\t<div class=\"elementor-element elementor-element-30d8daa3 elementor-widget elementor-widget-text-editor\" data-id=\"30d8daa3\" data-element_type=\"widget\" data-e-type=\"widget\" data-widget_type=\"text-editor.default\">\n\t\t\t\t<div class=\"elementor-widget-container\">\n\t\t\t\t\t\t\t\t\t<h3>Caso de \u00e9xito<\/h3><h2>\u00c9xito de una empresa farmac\u00e9utica con la GKV-Spitzenverband<\/h2>\t\t\t\t\t\t\t\t<\/div>\n\t\t\t\t<\/div>\n\t\t\t\t<div class=\"elementor-element elementor-element-50b80d3f elementor-widget elementor-widget-text-editor\" data-id=\"50b80d3f\" data-element_type=\"widget\" data-e-type=\"widget\" data-widget_type=\"text-editor.default\">\n\t\t\t\t<div class=\"elementor-widget-container\">\n\t\t\t\t\t\t\t\t\t<p><strong>Desaf\u00edo:<\/strong> <br \/>Una empresa farmac\u00e9utica solicit\u00f3 nuestra ayuda para negociar un precio de reembolso favorable.<\/p><p><strong>Soluci\u00f3n:<\/strong> <br \/>Justin Stindt Consultants desarroll\u00f3 una estrategia integral y simul\u00f3 negociaciones adaptadas a los criterios del GKV-Spitzenverband.<\/p><p><strong>Resultado:<\/strong> <br \/>Un precio negociado competitivo y sostenible, junto con una posici\u00f3n s\u00f3lida en futuras negociaciones.<\/p>\t\t\t\t\t\t\t\t<\/div>\n\t\t\t\t<\/div>\n\t\t\t\t<\/div>\n\t\t\t\t\t<\/div>\n\t\t\t\t<\/div>\n\t\t<div class=\"elementor-element elementor-element-98cd49d e-con-full e-flex e-con e-parent\" data-id=\"98cd49d\" data-element_type=\"container\" data-e-type=\"container\" data-settings=\"{&quot;background_background&quot;:&quot;classic&quot;}\">\n\t\t\t\t<div class=\"elementor-element elementor-element-d499c7d elementor-cta--skin-classic elementor-animated-content elementor-bg-transform elementor-bg-transform-zoom-in elementor-widget elementor-widget-call-to-action\" data-id=\"d499c7d\" data-element_type=\"widget\" data-e-type=\"widget\" data-widget_type=\"call-to-action.default\">\n\t\t\t\t<div class=\"elementor-widget-container\">\n\t\t\t\t\t\t\t<div class=\"elementor-cta\">\n\t\t\t\t\t\t\t<div class=\"elementor-cta__content\">\n\t\t\t\t\n\t\t\t\t\t\t\t\t\t<h2 class=\"elementor-cta__title elementor-cta__content-item elementor-content-item\">\n\t\t\t\t\t\t\u00bfNecesita apoyo en negociaciones y acceso al mercado con el GKV-Spitzenverband? Los expertos de Justin Stindt Consultants est\u00e1n preparados para ayudarle a alcanzar el \u00e9xito.\t\t\t\t\t<\/h2>\n\t\t\t\t\n\t\t\t\t\t\t\t\t\t<div class=\"elementor-cta__description elementor-cta__content-item elementor-content-item\">\n\t\t\t\t\t\tCont\u00e1ctenos hoy mismo para desarrollar su estrategia de acceso al mercado y lograr resultados s\u00f3lidos con el GKV-Spitzenverband.\t\t\t\t\t<\/div>\n\t\t\t\t\n\t\t\t\t\t\t\t\t\t<div class=\"elementor-cta__button-wrapper elementor-cta__content-item elementor-content-item \">\n\t\t\t\t\t<a class=\"elementor-cta__button elementor-button elementor-size-\" href=\"https:\/\/jstindt.com\/contact-us\/\">\n\t\t\t\t\t\tP\u00f3ngase en contacto con Justin Stindt Consultants \t\t\t\t\t<\/a>\n\t\t\t\t\t<\/div>\n\t\t\t\t\t\t\t<\/div>\n\t\t\t\t\t\t<\/div>\n\t\t\t\t\t\t<\/div>\n\t\t\t\t<\/div>\n\t\t\t\t<\/div>\n\t\t<div class=\"elementor-element elementor-element-c293997 e-flex e-con-boxed e-con e-parent\" data-id=\"c293997\" data-element_type=\"container\" data-e-type=\"container\">\n\t\t\t\t\t<div class=\"e-con-inner\">\n\t\t\t\t<div class=\"elementor-element elementor-element-b247947 elementor-widget elementor-widget-n-accordion\" data-id=\"b247947\" data-element_type=\"widget\" data-e-type=\"widget\" data-settings=\"{&quot;default_state&quot;:&quot;all_collapsed&quot;,&quot;max_items_expended&quot;:&quot;one&quot;,&quot;n_accordion_animation_duration&quot;:{&quot;unit&quot;:&quot;ms&quot;,&quot;size&quot;:400,&quot;sizes&quot;:[]}}\" data-widget_type=\"nested-accordion.default\">\n\t\t\t\t<div class=\"elementor-widget-container\">\n\t\t\t\t\t\t\t<div class=\"e-n-accordion\" aria-label=\"Accordion. Open links with Enter or Space, close with Escape, and navigate with Arrow Keys\">\n\t\t\t\t\t\t<details id=\"e-n-accordion-item-1860\" class=\"e-n-accordion-item\" >\n\t\t\t\t<summary class=\"e-n-accordion-item-title\" data-accordion-index=\"1\" tabindex=\"0\" aria-expanded=\"false\" aria-controls=\"e-n-accordion-item-1860\" >\n\t\t\t\t\t<span class='e-n-accordion-item-title-header'><div class=\"e-n-accordion-item-title-text\"> Otras instituciones clave en el acceso al mercado <\/div><\/span>\n\t\t\t\t\t\t\t<span class='e-n-accordion-item-title-icon'>\n\t\t\t<span class='e-opened' ><i aria-hidden=\"true\" class=\"fas fa-minus\"><\/i><\/span>\n\t\t\t<span class='e-closed'><i aria-hidden=\"true\" class=\"fas fa-plus\"><\/i><\/span>\n\t\t<\/span>\n\n\t\t\t\t\t\t<\/summary>\n\t\t\t\t<div role=\"region\" aria-labelledby=\"e-n-accordion-item-1860\" class=\"elementor-element elementor-element-b312a7e e-con-full e-flex e-con e-child\" data-id=\"b312a7e\" data-element_type=\"container\" data-e-type=\"container\">\n\t\t\t\t<div class=\"elementor-element elementor-element-7423f6e elementor-widget elementor-widget-template\" data-id=\"7423f6e\" data-element_type=\"widget\" data-e-type=\"widget\" data-widget_type=\"template.default\">\n\t\t\t\t<div class=\"elementor-widget-container\">\n\t\t\t\t\t\t\t<div class=\"elementor-template\">\n\t\t\t\t\t<div data-elementor-type=\"container\" data-elementor-id=\"19261\" class=\"elementor elementor-19261 elementor-18546 elementor-18546\" data-elementor-post-type=\"elementor_library\">\n\t\t\t\t<div role=\"region\" aria-labelledby=\"e-n-accordion-item-8810\" class=\"elementor-element elementor-element-4d5d7d7a e-flex e-con-boxed e-con e-parent\" data-id=\"4d5d7d7a\" data-element_type=\"container\" data-e-type=\"container\">\n\t\t\t\t\t<div class=\"e-con-inner\">\n\t\t\t\t<div class=\"elementor-element elementor-element-fa73d9e elementor-widget elementor-widget-text-editor\" data-id=\"fa73d9e\" data-element_type=\"widget\" data-e-type=\"widget\" data-widget_type=\"text-editor.default\">\n\t\t\t\t<div class=\"elementor-widget-container\">\n\t\t\t\t\t\t\t\t\t<h4><strong>Instituciones mundiales<\/strong><\/h4>\n<ul>\n<li><a href=\"https:\/\/jstindt.com\/es\/acceso-al-mercado-con-oms\/\">World Health Organization<\/a> (WHO)<\/li>\n<li><a href=\"https:\/\/jstindt.com\/es\/acceso-al-mercado-con-ispor\/\">International Society for Pharmacoeconomics and Outcomes Research<\/a> (ISPOR)<\/li>\n<\/ul>\n<h4><strong><br \/><a href=\"https:\/\/jstindt.com\/es\/ee-uu\/\">Estados Unidos<\/a><\/strong><\/h4>\n<ul>\n<li><a href=\"https:\/\/jstindt.com\/es\/acceso-al-mercado-con-cms\/\">Centers for Medicare &amp; Medicaid Services<\/a> (CMS)<\/li>\n<li><a href=\"https:\/\/jstindt.com\/es\/acceso-al-mercado-con-amcp\/\">Academy of Managed Care Pharmacy<\/a> (AMCP)<\/li>\n<li><a href=\"https:\/\/jstindt.com\/es\/acceso-al-mercado-con-icer\/\">Institute for Clinical and Economic Review<\/a> (ICER)<\/li>\n<\/ul>\n<h4><strong><br \/><a href=\"https:\/\/jstindt.com\/es\/francia\/\">Francia<\/a><\/strong><\/h4>\n<ul>\n<li><a href=\"https:\/\/jstindt.com\/es\/acceso-al-mercado-con-la-has-su-guia-de-la-principal-autoridad-sanitaria-de-francia\/\">Haute Autorit\u00e9 de Sant\u00e9<\/a> (HAS)<\/li>\n<li><a href=\"https:\/\/jstindt.com\/es\/acceso-al-mercado-con-el-ceps\/\">Comit\u00e9 \u00c9conomique des Produits de Sant\u00e9<\/a> (CEPS)<\/li>\n<\/ul>\n<h4><strong><br \/><a href=\"https:\/\/jstindt.com\/es\/alemania\/\">Alemania<\/a><\/strong><\/h4>\n<ul>\n<li><a href=\"https:\/\/jstindt.com\/es\/acceso-al-mercado-con-el-g-ba\/\">Gemeinsamer Bundesausschuss<\/a> (G-BA)<\/li>\n<li><a href=\"https:\/\/jstindt.com\/es\/acceso-al-mercado-con-el-iqwig\/\">Institute for Quality and Efficiency in Health Care<\/a> (IQWiG)<\/li>\n<li><a href=\"https:\/\/jstindt.com\/es\/acceso-al-mercado-con-el-gkv-spitzenverband\/\">GKV Spitzenverband<\/a><\/li>\n<\/ul>\n<h4><strong><br \/><a href=\"https:\/\/jstindt.com\/es\/reino-unido\/\">Reino Unido<\/a><\/strong><\/h4>\n<ul>\n<li><a href=\"https:\/\/jstindt.com\/es\/acceso-al-mercado-con-nice\/\">National Institute for Health and Care Excellence<\/a> (NICE)<\/li>\n<li><a href=\"https:\/\/jstindt.com\/es\/acceso-al-mercado-con-smc\/\">Scottish Medicines Consortium<\/a> (SMC)<\/li>\n<li><a href=\"https:\/\/jstindt.com\/es\/acceso-al-mercado-con-awmsg\/\" rel=\"noopener\">All Wales Medicines Strategy Group<\/a> (AWMSG)<\/li>\n<li><a href=\"https:\/\/jstindt.com\/es\/acceso-al-mercado-con-nhs\/\">National Health Service<\/a> (NHS)<\/li>\n<\/ul>\n<h4><strong><br \/><a href=\"https:\/\/jstindt.com\/es\/italia\/\">Italia<\/a><\/strong><\/h4>\n<ul>\n<li><a href=\"https:\/\/jstindt.com\/es\/acceso-al-mercado-con-aifa\/\">Italian Medicines Agency<\/a> (AIFA)<\/li>\n<li><a href=\"https:\/\/jstindt.com\/es\/acceso-al-mercado-con-la-cse\/\">Scientific and Economic Commission<\/a> (CSE)<\/li>\n<\/ul>\n<h4><strong><br \/><a href=\"https:\/\/jstindt.com\/es\/espana\/\">Espa\u00f1a<\/a><\/strong><\/h4>\n<ul>\n<li><a href=\"https:\/\/jstindt.com\/es\/acceso-al-mercado-con-la-aemps\/\">Spanish Agency of Medicines and Medical Devices<\/a> (AEMPS)<\/li>\n<li><a href=\"https:\/\/jstindt.com\/es\/acceso-al-mercado-con-el-dgcf\/\">Direcci\u00f3n General de Cartera Com\u00fan de Servicios del Sistema Nacional de Salud y Farmacia<\/a> (DGCF)<\/li>\n<li><a href=\"https:\/\/jstindt.com\/es\/acceso-al-mercado-con-la-cipm\/\">Interministerial Commission on Medicine Prices<\/a> (CIPM)<\/li>\n<\/ul>\n<h4><strong><br \/><a href=\"https:\/\/jstindt.com\/es\/suiza\/\">Suiza<\/a><\/strong><\/h4>\n<ul>\n<li><a href=\"https:\/\/jstindt.com\/es\/acceso-al-mercado-con-la-ofsp\/\">Federal Office of Public Health<\/a> (FOPH)<\/li>\n<\/ul>\n\t\t\t\t\t\t\t\t<\/div>\n\t\t\t\t<\/div>\n\t\t\t\t\t<\/div>\n\t\t\t\t<\/div>\n\t\t\t\t<\/div>\n\t\t\t\t<\/div>\n\t\t\t\t\t\t<\/div>\n\t\t\t\t<\/div>\n\t\t\t\t<\/div>\n\t\t\t\t\t<\/details>\n\t\t\t\t\t<\/div>\n\t\t\t\t\t\t<\/div>\n\t\t\t\t<\/div>\n\t\t\t\t\t<\/div>\n\t\t\t\t<\/div>\n\t\t\t\t<\/div>\n\t\t","protected":false},"excerpt":{"rendered":"<p>El GKV-Spitzenverband es el organismo central que representa a todas las cajas de seguro de salud estatutarias en Alemania. Fundado para coordinar y defender los intereses de sus miembros, desempe\u00f1a un papel clave en la definici\u00f3n de pol\u00edticas sanitarias, la negociaci\u00f3n de precios de reembolso y la provisi\u00f3n de servicios de salud integrales para los [&hellip;]<\/p>\n","protected":false},"author":3,"featured_media":0,"parent":0,"menu_order":0,"comment_status":"closed","ping_status":"closed","template":"","meta":{"_acf_changed":false,"footnotes":""},"class_list":["post-18954","page","type-page","status-publish","hentry"],"acf":[],"_links":{"self":[{"href":"https:\/\/jstindt.com\/es\/wp-json\/wp\/v2\/pages\/18954","targetHints":{"allow":["GET"]}}],"collection":[{"href":"https:\/\/jstindt.com\/es\/wp-json\/wp\/v2\/pages"}],"about":[{"href":"https:\/\/jstindt.com\/es\/wp-json\/wp\/v2\/types\/page"}],"author":[{"embeddable":true,"href":"https:\/\/jstindt.com\/es\/wp-json\/wp\/v2\/users\/3"}],"replies":[{"embeddable":true,"href":"https:\/\/jstindt.com\/es\/wp-json\/wp\/v2\/comments?post=18954"}],"version-history":[{"count":8,"href":"https:\/\/jstindt.com\/es\/wp-json\/wp\/v2\/pages\/18954\/revisions"}],"predecessor-version":[{"id":19812,"href":"https:\/\/jstindt.com\/es\/wp-json\/wp\/v2\/pages\/18954\/revisions\/19812"}],"wp:attachment":[{"href":"https:\/\/jstindt.com\/es\/wp-json\/wp\/v2\/media?parent=18954"}],"curies":[{"name":"wp","href":"https:\/\/api.w.org\/{rel}","templated":true}]}}