{"id":18933,"date":"2025-01-23T15:20:50","date_gmt":"2025-01-23T14:20:50","guid":{"rendered":"https:\/\/jstindt.com\/?page_id=18933"},"modified":"2025-03-20T16:31:25","modified_gmt":"2025-03-20T15:31:25","slug":"acceso-al-mercado-con-el-g-ba","status":"publish","type":"page","link":"https:\/\/jstindt.com\/es\/acceso-al-mercado-con-el-g-ba\/","title":{"rendered":"Acceso al mercado con el G-BA: Su gu\u00eda de la principal autoridad sanitaria de Alemania"},"content":{"rendered":"\t\t<div data-elementor-type=\"wp-page\" data-elementor-id=\"18933\" class=\"elementor elementor-18933 elementor-18429\" data-elementor-post-type=\"page\">\n\t\t\t\t<div class=\"elementor-element elementor-element-8d4c327 e-flex e-con-boxed e-con e-parent\" data-id=\"8d4c327\" data-element_type=\"container\" data-e-type=\"container\">\n\t\t\t\t\t<div class=\"e-con-inner\">\n\t\t\t\t<div class=\"elementor-element elementor-element-af8bae8 elementor-widget elementor-widget-text-editor\" data-id=\"af8bae8\" data-element_type=\"widget\" data-e-type=\"widget\" data-widget_type=\"text-editor.default\">\n\t\t\t\t<div class=\"elementor-widget-container\">\n\t\t\t\t\t\t\t\t\t<p><span style=\"font-weight: 400;\">El <\/span><i><span style=\"font-weight: 400;\">Gemeinsamer Bundesausschuss<\/span><\/i><span style=\"font-weight: 400;\"> (G-BA) es el m\u00e1ximo \u00f3rgano decisorio de la autogesti\u00f3n conjunta de m\u00e9dicos, dentistas, hospitales y aseguradoras de salud en Alemania. Desde su creaci\u00f3n en 2004, el G-BA determina qu\u00e9 servicios m\u00e9dicos cubre el seguro de salud obligatorio (GKV), impactando la atenci\u00f3n sanitaria de m\u00e1s de 70 millones de asegurados. (<\/span><a href=\"https:\/\/www.g-ba.de\/english\/\"><span style=\"font-weight: 400;\">g-ba.de<\/span><\/a><span style=\"font-weight: 400;\">)<\/span><\/p><h2><b>Principales funciones del G-BA<\/b><\/h2><p><span style=\"font-weight: 400;\">\u00a0<\/span><\/p><p><span style=\"font-weight: 400;\">Las principales responsabilidades del G-BA incluyen:<\/span><\/p><ul><li><b>Evaluaci\u00f3n de beneficios de medicamentos:<\/b><span style=\"font-weight: 400;\"> An\u00e1lisis del valor a\u00f1adido de nuevos tratamientos frente a las terapias existentes.<\/span><\/li><li><b>Emisi\u00f3n de directrices:<\/b><span style=\"font-weight: 400;\"> Creaci\u00f3n de gu\u00edas vinculantes para garantizar una atenci\u00f3n sanitaria adecuada y eficiente.<\/span><\/li><li><b>Garant\u00eda de calidad:<\/b><span style=\"font-weight: 400;\"> Implementaci\u00f3n de medidas para mejorar la calidad de los servicios sanitarios.<\/span><\/li><\/ul><h2><b>Direcci\u00f3n y contactos clave<\/b><\/h2><p><span style=\"font-weight: 400;\">A fecha de enero de 2025, el G-BA est\u00e1 presidido por <\/span><b>Josef Hecken<\/b><span style=\"font-weight: 400;\">, quien tambi\u00e9n lidera el <\/span><b>Subcomit\u00e9 de Medicamentos (Unterausschuss Arzneimittel)<\/b><span style=\"font-weight: 400;\">, con <\/span><b>J\u00f6rg Niemann<\/b><span style=\"font-weight: 400;\"> como vicepresidente.<\/span><\/p><h3><b>Contacto del G-BA<\/b><\/h3><ul><li><span style=\"font-weight: 400;\"> \u00a0 \u00a0 <\/span><b>Sitio web:<\/b><a href=\"https:\/\/www.g-ba.de\/english\/\"> <span style=\"font-weight: 400;\">g-ba.de\/english<\/span><\/a><\/li><li><b>Direcci\u00f3n:<\/b><b><br \/><\/b> <span style=\"font-weight: 400;\">Gemeinsamer Bundesausschuss (G-BA)<\/span><span style=\"font-weight: 400;\"><br \/><\/span><span style=\"font-weight: 400;\"> Gutenbergstra\u00dfe 13<\/span><span style=\"font-weight: 400;\"><br \/><\/span><span style=\"font-weight: 400;\"> 10587 Berl\u00edn, Alemania<\/span><\/li><\/ul><h2><b>Desaf\u00edos al colaborar con el G-BA<\/b><\/h2><p><span style=\"font-weight: 400;\">\u00a0<\/span><\/p><p><span style=\"font-weight: 400;\">Colaborar con el G-BA implica:<\/span><\/p><ul><li><b>Conocimiento del marco regulatorio:<\/b><span style=\"font-weight: 400;\"> Comprensi\u00f3n de los criterios de evaluaci\u00f3n y las reglas de procedimiento (<\/span><i><span style=\"font-weight: 400;\">Verfahrensordnung<\/span><\/i><span style=\"font-weight: 400;\">).<\/span><\/li><li><b>Presentaciones completas y puntuales:<\/b><span style=\"font-weight: 400;\"> Elaboraci\u00f3n de dossiers AMNOG exhaustivos, que requieren una preparaci\u00f3n minuciosa.<\/span><\/li><li><b>Colaboraci\u00f3n con actores clave:<\/b><span style=\"font-weight: 400;\"> Coordinaci\u00f3n efectiva con las principales partes interesadas del sistema sanitario alem\u00e1n.<\/span><\/li><\/ul><h2><b>Oportunidades \/ Soluciones con Justin Stindt Consultants<\/b><\/h2><p><span style=\"font-weight: 400;\">\u00a0<\/span><\/p><p><span style=\"font-weight: 400;\">La experiencia de Justin Stindt con el G-BA garantiza:<\/span><\/p><ul><li><b>Consultor\u00eda experta en presentaciones para el G-BA:<\/b><span style=\"font-weight: 400;\"> Creaci\u00f3n de dossiers de alta calidad seg\u00fan la <\/span><i><span style=\"font-weight: 400;\">Verfahrensordnung<\/span><\/i><span style=\"font-weight: 400;\">.<\/span><\/li><li><b>Estrategias de acceso al mercado G-BA:<\/b><span style=\"font-weight: 400;\"> M\u00e9todos probados para optimizar los resultados de reembolso.<\/span><\/li><li><b>Dominio de los procesos del G-BA:<\/b><span style=\"font-weight: 400;\"> Asesor\u00eda en procedimientos escritos y audiencias.<\/span><\/li><\/ul><h3><b>Servicios expertos G-BA<\/b><\/h3><ul><li><b>Asesor\u00eda especializada:<\/b><span style=\"font-weight: 400;\"> Apoyo directo en desaf\u00edos de acceso al mercado y reembolsos.<\/span><\/li><li><b>Perspectivas clave:<\/b><span style=\"font-weight: 400;\"> Gu\u00eda en criterios de evaluaci\u00f3n y procesos de env\u00edo.<\/span><\/li><li><b>Documentaci\u00f3n experta:<\/b><span style=\"font-weight: 400;\"> Elaboraci\u00f3n de dossiers conforme a los requisitos de las evaluaciones HTA.<\/span><\/li><\/ul>\t\t\t\t\t\t\t\t<\/div>\n\t\t\t\t<\/div>\n\t\t\t\t\t<\/div>\n\t\t\t\t<\/div>\n\t\t<div class=\"elementor-element elementor-element-0859942 e-flex e-con-boxed e-con e-parent\" data-id=\"0859942\" data-element_type=\"container\" data-e-type=\"container\">\n\t\t\t\t\t<div class=\"e-con-inner\">\n\t\t\t\t<div class=\"elementor-element elementor-element-b054701 elementor-widget-divider--view-line elementor-widget elementor-widget-divider\" data-id=\"b054701\" data-element_type=\"widget\" data-e-type=\"widget\" data-widget_type=\"divider.default\">\n\t\t\t\t<div class=\"elementor-widget-container\">\n\t\t\t\t\t\t\t<div class=\"elementor-divider\">\n\t\t\t<span class=\"elementor-divider-separator\">\n\t\t\t\t\t\t<\/span>\n\t\t<\/div>\n\t\t\t\t\t\t<\/div>\n\t\t\t\t<\/div>\n\t\t\t\t\t<\/div>\n\t\t\t\t<\/div>\n\t\t<div class=\"elementor-element elementor-element-47a83e3f e-flex e-con-boxed e-con e-parent\" data-id=\"47a83e3f\" data-element_type=\"container\" data-e-type=\"container\">\n\t\t\t\t\t<div class=\"e-con-inner\">\n\t\t<div class=\"elementor-element elementor-element-319fb5ab e-con-full bordered-block e-flex e-con e-child\" data-id=\"319fb5ab\" data-element_type=\"container\" data-e-type=\"container\">\n\t\t\t\t<div class=\"elementor-element elementor-element-62304015 elementor-widget elementor-widget-text-editor\" data-id=\"62304015\" data-element_type=\"widget\" data-e-type=\"widget\" data-widget_type=\"text-editor.default\">\n\t\t\t\t<div class=\"elementor-widget-container\">\n\t\t\t\t\t\t\t\t\t<h3>Caso de \u00e9xito<\/h3><h2>\u00c9xito de una empresa farmac\u00e9utica con la G-BA<\/h2>\t\t\t\t\t\t\t\t<\/div>\n\t\t\t\t<\/div>\n\t\t\t\t<div class=\"elementor-element elementor-element-1620d632 elementor-widget elementor-widget-text-editor\" data-id=\"1620d632\" data-element_type=\"widget\" data-e-type=\"widget\" data-widget_type=\"text-editor.default\">\n\t\t\t\t<div class=\"elementor-widget-container\">\n\t\t\t\t\t\t\t\t\t<p><strong>Desaf\u00edo:<br \/><\/strong> Una empresa farmac\u00e9utica solicit\u00f3 nuestra ayuda para obtener una evaluaci\u00f3n favorable para una nueva terapia.<\/p><p><strong>Soluci\u00f3n:<br \/><\/strong> Justin Stindt Consultants apoy\u00f3 la preparaci\u00f3n de un dossier conforme a los criterios del G-BA.<\/p><p><strong>Resultado:<br \/><\/strong> Obtenci\u00f3n de una evaluaci\u00f3n positiva y reconocimiento del valor a\u00f1adido, facilitando el reembolso y una posici\u00f3n ventajosa en las negociaciones de precios.<\/p>\t\t\t\t\t\t\t\t<\/div>\n\t\t\t\t<\/div>\n\t\t\t\t<\/div>\n\t\t\t\t\t<\/div>\n\t\t\t\t<\/div>\n\t\t<div class=\"elementor-element elementor-element-4539d96 e-con-full e-flex e-con e-parent\" data-id=\"4539d96\" data-element_type=\"container\" data-e-type=\"container\" data-settings=\"{&quot;background_background&quot;:&quot;classic&quot;}\">\n\t\t\t\t<div class=\"elementor-element elementor-element-98eb454 elementor-cta--skin-classic elementor-animated-content elementor-bg-transform elementor-bg-transform-zoom-in elementor-widget elementor-widget-call-to-action\" data-id=\"98eb454\" data-element_type=\"widget\" data-e-type=\"widget\" data-widget_type=\"call-to-action.default\">\n\t\t\t\t<div class=\"elementor-widget-container\">\n\t\t\t\t\t\t\t<div class=\"elementor-cta\">\n\t\t\t\t\t\t\t<div class=\"elementor-cta__content\">\n\t\t\t\t\n\t\t\t\t\t\t\t\t\t<h2 class=\"elementor-cta__title elementor-cta__content-item elementor-content-item\">\n\t\t\t\t\t\t\u00bfNecesita apoyo para el acceso al mercado con el G-BA? Justin Stindt Consultants est\u00e1 a su disposici\u00f3n.\t\t\t\t\t<\/h2>\n\t\t\t\t\n\t\t\t\t\t\t\t\t\t<div class=\"elementor-cta__description elementor-cta__content-item elementor-content-item\">\n\t\t\t\t\t\tCont\u00e1ctenos para desarrollar su estrategia de acceso al mercado y lograr el \u00e9xito con el G-BA.\t\t\t\t\t<\/div>\n\t\t\t\t\n\t\t\t\t\t\t\t\t\t<div class=\"elementor-cta__button-wrapper elementor-cta__content-item elementor-content-item \">\n\t\t\t\t\t<a class=\"elementor-cta__button elementor-button elementor-size-\" href=\"https:\/\/jstindt.com\/contact-us\/\">\n\t\t\t\t\t\tP\u00f3ngase en contacto con Justin Stindt Consultants\t\t\t\t\t<\/a>\n\t\t\t\t\t<\/div>\n\t\t\t\t\t\t\t<\/div>\n\t\t\t\t\t\t<\/div>\n\t\t\t\t\t\t<\/div>\n\t\t\t\t<\/div>\n\t\t\t\t<\/div>\n\t\t<div class=\"elementor-element elementor-element-3b2971a e-flex e-con-boxed e-con e-parent\" data-id=\"3b2971a\" data-element_type=\"container\" data-e-type=\"container\">\n\t\t\t\t\t<div class=\"e-con-inner\">\n\t\t\t\t<div class=\"elementor-element elementor-element-da0ad29 elementor-widget elementor-widget-n-accordion\" data-id=\"da0ad29\" data-element_type=\"widget\" data-e-type=\"widget\" data-settings=\"{&quot;default_state&quot;:&quot;all_collapsed&quot;,&quot;max_items_expended&quot;:&quot;one&quot;,&quot;n_accordion_animation_duration&quot;:{&quot;unit&quot;:&quot;ms&quot;,&quot;size&quot;:400,&quot;sizes&quot;:[]}}\" data-widget_type=\"nested-accordion.default\">\n\t\t\t\t<div class=\"elementor-widget-container\">\n\t\t\t\t\t\t\t<div class=\"e-n-accordion\" aria-label=\"Accordion. Open links with Enter or Space, close with Escape, and navigate with Arrow Keys\">\n\t\t\t\t\t\t<details id=\"e-n-accordion-item-2280\" class=\"e-n-accordion-item\" >\n\t\t\t\t<summary class=\"e-n-accordion-item-title\" data-accordion-index=\"1\" tabindex=\"0\" aria-expanded=\"false\" aria-controls=\"e-n-accordion-item-2280\" >\n\t\t\t\t\t<span class='e-n-accordion-item-title-header'><div class=\"e-n-accordion-item-title-text\"> Otras instituciones clave en el acceso al mercado <\/div><\/span>\n\t\t\t\t\t\t\t<span class='e-n-accordion-item-title-icon'>\n\t\t\t<span class='e-opened' ><i aria-hidden=\"true\" class=\"fas fa-minus\"><\/i><\/span>\n\t\t\t<span class='e-closed'><i aria-hidden=\"true\" class=\"fas fa-plus\"><\/i><\/span>\n\t\t<\/span>\n\n\t\t\t\t\t\t<\/summary>\n\t\t\t\t<div role=\"region\" aria-labelledby=\"e-n-accordion-item-2280\" class=\"elementor-element elementor-element-d1b2488 e-con-full e-flex e-con e-child\" data-id=\"d1b2488\" data-element_type=\"container\" data-e-type=\"container\">\n\t\t\t\t<div class=\"elementor-element elementor-element-781b50e elementor-widget elementor-widget-template\" data-id=\"781b50e\" data-element_type=\"widget\" data-e-type=\"widget\" data-widget_type=\"template.default\">\n\t\t\t\t<div class=\"elementor-widget-container\">\n\t\t\t\t\t\t\t<div class=\"elementor-template\">\n\t\t\t\t\t<div data-elementor-type=\"container\" data-elementor-id=\"19261\" class=\"elementor elementor-19261 elementor-18546 elementor-18546\" data-elementor-post-type=\"elementor_library\">\n\t\t\t\t<div role=\"region\" aria-labelledby=\"e-n-accordion-item-2280\" class=\"elementor-element elementor-element-4d5d7d7a e-flex e-con-boxed e-con e-parent\" data-id=\"4d5d7d7a\" data-element_type=\"container\" data-e-type=\"container\">\n\t\t\t\t\t<div class=\"e-con-inner\">\n\t\t\t\t<div class=\"elementor-element elementor-element-fa73d9e elementor-widget elementor-widget-text-editor\" data-id=\"fa73d9e\" data-element_type=\"widget\" data-e-type=\"widget\" data-widget_type=\"text-editor.default\">\n\t\t\t\t<div class=\"elementor-widget-container\">\n\t\t\t\t\t\t\t\t\t<h4><strong>Instituciones mundiales<\/strong><\/h4>\n<ul>\n<li><a href=\"https:\/\/jstindt.com\/es\/acceso-al-mercado-con-oms\/\">World Health Organization<\/a> (WHO)<\/li>\n<li><a href=\"https:\/\/jstindt.com\/es\/acceso-al-mercado-con-ispor\/\">International Society for Pharmacoeconomics and Outcomes Research<\/a> (ISPOR)<\/li>\n<\/ul>\n<h4><strong><br \/><a href=\"https:\/\/jstindt.com\/es\/ee-uu\/\">Estados Unidos<\/a><\/strong><\/h4>\n<ul>\n<li><a href=\"https:\/\/jstindt.com\/es\/acceso-al-mercado-con-cms\/\">Centers for Medicare &amp; Medicaid Services<\/a> (CMS)<\/li>\n<li><a href=\"https:\/\/jstindt.com\/es\/acceso-al-mercado-con-amcp\/\">Academy of Managed Care Pharmacy<\/a> (AMCP)<\/li>\n<li><a href=\"https:\/\/jstindt.com\/es\/acceso-al-mercado-con-icer\/\">Institute for Clinical and Economic Review<\/a> (ICER)<\/li>\n<\/ul>\n<h4><strong><br \/><a href=\"https:\/\/jstindt.com\/es\/francia\/\">Francia<\/a><\/strong><\/h4>\n<ul>\n<li><a href=\"https:\/\/jstindt.com\/es\/acceso-al-mercado-con-la-has-su-guia-de-la-principal-autoridad-sanitaria-de-francia\/\">Haute Autorit\u00e9 de Sant\u00e9<\/a> (HAS)<\/li>\n<li><a href=\"https:\/\/jstindt.com\/es\/acceso-al-mercado-con-el-ceps\/\">Comit\u00e9 \u00c9conomique des Produits de Sant\u00e9<\/a> (CEPS)<\/li>\n<\/ul>\n<h4><strong><br \/><a href=\"https:\/\/jstindt.com\/es\/alemania\/\">Alemania<\/a><\/strong><\/h4>\n<ul>\n<li><a href=\"https:\/\/jstindt.com\/es\/acceso-al-mercado-con-el-g-ba\/\">Gemeinsamer Bundesausschuss<\/a> (G-BA)<\/li>\n<li><a href=\"https:\/\/jstindt.com\/es\/acceso-al-mercado-con-el-iqwig\/\">Institute for Quality and Efficiency in Health Care<\/a> (IQWiG)<\/li>\n<li><a href=\"https:\/\/jstindt.com\/es\/acceso-al-mercado-con-el-gkv-spitzenverband\/\">GKV Spitzenverband<\/a><\/li>\n<\/ul>\n<h4><strong><br \/><a href=\"https:\/\/jstindt.com\/es\/reino-unido\/\">Reino Unido<\/a><\/strong><\/h4>\n<ul>\n<li><a href=\"https:\/\/jstindt.com\/es\/acceso-al-mercado-con-nice\/\">National Institute for Health and Care Excellence<\/a> (NICE)<\/li>\n<li><a href=\"https:\/\/jstindt.com\/es\/acceso-al-mercado-con-smc\/\">Scottish Medicines Consortium<\/a> (SMC)<\/li>\n<li><a href=\"https:\/\/jstindt.com\/es\/acceso-al-mercado-con-awmsg\/\" rel=\"noopener\">All Wales Medicines Strategy Group<\/a> (AWMSG)<\/li>\n<li><a href=\"https:\/\/jstindt.com\/es\/acceso-al-mercado-con-nhs\/\">National Health Service<\/a> (NHS)<\/li>\n<\/ul>\n<h4><strong><br \/><a href=\"https:\/\/jstindt.com\/es\/italia\/\">Italia<\/a><\/strong><\/h4>\n<ul>\n<li><a href=\"https:\/\/jstindt.com\/es\/acceso-al-mercado-con-aifa\/\">Italian Medicines Agency<\/a> (AIFA)<\/li>\n<li><a href=\"https:\/\/jstindt.com\/es\/acceso-al-mercado-con-la-cse\/\">Scientific and Economic Commission<\/a> (CSE)<\/li>\n<\/ul>\n<h4><strong><br \/><a href=\"https:\/\/jstindt.com\/es\/espana\/\">Espa\u00f1a<\/a><\/strong><\/h4>\n<ul>\n<li><a href=\"https:\/\/jstindt.com\/es\/acceso-al-mercado-con-la-aemps\/\">Spanish Agency of Medicines and Medical Devices<\/a> (AEMPS)<\/li>\n<li><a href=\"https:\/\/jstindt.com\/es\/acceso-al-mercado-con-el-dgcf\/\">Direcci\u00f3n General de Cartera Com\u00fan de Servicios del Sistema Nacional de Salud y Farmacia<\/a> (DGCF)<\/li>\n<li><a href=\"https:\/\/jstindt.com\/es\/acceso-al-mercado-con-la-cipm\/\">Interministerial Commission on Medicine Prices<\/a> (CIPM)<\/li>\n<\/ul>\n<h4><strong><br \/><a href=\"https:\/\/jstindt.com\/es\/suiza\/\">Suiza<\/a><\/strong><\/h4>\n<ul>\n<li><a href=\"https:\/\/jstindt.com\/es\/acceso-al-mercado-con-la-ofsp\/\">Federal Office of Public Health<\/a> (FOPH)<\/li>\n<\/ul>\n\t\t\t\t\t\t\t\t<\/div>\n\t\t\t\t<\/div>\n\t\t\t\t\t<\/div>\n\t\t\t\t<\/div>\n\t\t\t\t<\/div>\n\t\t\t\t<\/div>\n\t\t\t\t\t\t<\/div>\n\t\t\t\t<\/div>\n\t\t\t\t<\/div>\n\t\t\t\t\t<\/details>\n\t\t\t\t\t<\/div>\n\t\t\t\t\t\t<\/div>\n\t\t\t\t<\/div>\n\t\t\t\t\t<\/div>\n\t\t\t\t<\/div>\n\t\t\t\t<\/div>\n\t\t","protected":false},"excerpt":{"rendered":"<p>El Gemeinsamer Bundesausschuss (G-BA) es el m\u00e1ximo \u00f3rgano decisorio de la autogesti\u00f3n conjunta de m\u00e9dicos, dentistas, hospitales y aseguradoras de salud en Alemania. Desde su creaci\u00f3n en 2004, el G-BA determina qu\u00e9 servicios m\u00e9dicos cubre el seguro de salud obligatorio (GKV), impactando la atenci\u00f3n sanitaria de m\u00e1s de 70 millones de asegurados. (g-ba.de) Principales funciones [&hellip;]<\/p>\n","protected":false},"author":3,"featured_media":0,"parent":0,"menu_order":0,"comment_status":"closed","ping_status":"closed","template":"","meta":{"_acf_changed":false,"footnotes":""},"class_list":["post-18933","page","type-page","status-publish","hentry"],"acf":[],"_links":{"self":[{"href":"https:\/\/jstindt.com\/es\/wp-json\/wp\/v2\/pages\/18933","targetHints":{"allow":["GET"]}}],"collection":[{"href":"https:\/\/jstindt.com\/es\/wp-json\/wp\/v2\/pages"}],"about":[{"href":"https:\/\/jstindt.com\/es\/wp-json\/wp\/v2\/types\/page"}],"author":[{"embeddable":true,"href":"https:\/\/jstindt.com\/es\/wp-json\/wp\/v2\/users\/3"}],"replies":[{"embeddable":true,"href":"https:\/\/jstindt.com\/es\/wp-json\/wp\/v2\/comments?post=18933"}],"version-history":[{"count":8,"href":"https:\/\/jstindt.com\/es\/wp-json\/wp\/v2\/pages\/18933\/revisions"}],"predecessor-version":[{"id":19810,"href":"https:\/\/jstindt.com\/es\/wp-json\/wp\/v2\/pages\/18933\/revisions\/19810"}],"wp:attachment":[{"href":"https:\/\/jstindt.com\/es\/wp-json\/wp\/v2\/media?parent=18933"}],"curies":[{"name":"wp","href":"https:\/\/api.w.org\/{rel}","templated":true}]}}