{"id":18911,"date":"2025-02-13T13:32:34","date_gmt":"2025-02-13T12:32:34","guid":{"rendered":"https:\/\/jstindt.com\/?page_id=18911"},"modified":"2025-03-20T16:29:37","modified_gmt":"2025-03-20T15:29:37","slug":"acceso-al-mercado-con-el-ceps","status":"publish","type":"page","link":"https:\/\/jstindt.com\/es\/acceso-al-mercado-con-el-ceps\/","title":{"rendered":"Acceso al mercado con el CEPS: Su gu\u00eda de la autoridad francesa de precios de productos sanitarios"},"content":{"rendered":"\t\t<div data-elementor-type=\"wp-page\" data-elementor-id=\"18911\" class=\"elementor elementor-18911 elementor-18535\" data-elementor-post-type=\"page\">\n\t\t\t\t<div class=\"elementor-element elementor-element-56b58e3 e-flex e-con-boxed e-con e-parent\" data-id=\"56b58e3\" data-element_type=\"container\" data-e-type=\"container\">\n\t\t\t\t\t<div class=\"e-con-inner\">\n\t\t\t\t<div class=\"elementor-element elementor-element-41c4c72 elementor-widget elementor-widget-text-editor\" data-id=\"41c4c72\" data-element_type=\"widget\" data-e-type=\"widget\" data-widget_type=\"text-editor.default\">\n\t\t\t\t<div class=\"elementor-widget-container\">\n\t\t\t\t\t\t\t\t\t<p><span style=\"font-weight: 400;\">El <\/span><i><span style=\"font-weight: 400;\">Comit\u00e9 \u00c9conomique des Produits de Sant\u00e9<\/span><\/i><span style=\"font-weight: 400;\"> (CEPS) es un organismo interministerial bajo la autoridad conjunta de los ministros franceses de sanidad, seguridad social y econom\u00eda. Su funci\u00f3n principal es fijar los precios de los medicamentos y las tarifas de los dispositivos m\u00e9dicos reembolsados por el seguro de salud obligatorio. (<\/span><a href=\"https:\/\/sante.gouv.fr\/ceps\" target=\"_blank\" rel=\"noopener\"><span style=\"font-weight: 400;\">sante.gouv.fr<\/span><\/a><span style=\"font-weight: 400;\">)<\/span><\/p><h2><b>Principales funciones del CEPS<\/b><\/h2><p><span style=\"font-weight: 400;\">\u00a0<\/span><\/p><p><span style=\"font-weight: 400;\">Las principales responsabilidades del CEPS incluyen:<\/span><\/p><ul><li><b>Fijaci\u00f3n de precios:<\/b><span style=\"font-weight: 400;\"> Establecimiento de los precios de medicamentos y tarifas de dispositivos m\u00e9dicos cubiertos por el seguro de salud obligatorio.<\/span><\/li><li><b>Contribuci\u00f3n a la pol\u00edtica sanitaria:<\/b><span style=\"font-weight: 400;\"> Propuesta y desarrollo de pol\u00edticas econ\u00f3micas en el \u00e1mbito de los productos sanitarios.<\/span><\/li><\/ul><h2><b>Direcci\u00f3n y contactos clave<\/b><\/h2><p><span style=\"font-weight: 400;\">A fecha de febrero de 2025, el CEPS est\u00e1 presidido por <\/span><b>Virginie Beaumeunier<\/b><span style=\"font-weight: 400;\"> y cuenta con dos secciones:<\/span><\/p><ul><li><b>Secci\u00f3n de Medicamentos:<\/b><span style=\"font-weight: 400;\"> Dirigida por el vicepresidente <\/span><b>Jean-Patrick Sales<\/b><span style=\"font-weight: 400;\">.<\/span><\/li><li><b>Secci\u00f3n de Dispositivos M\u00e9dicos:<\/b><span style=\"font-weight: 400;\"> Liderada por el vicepresidente <\/span><b>Bernard Celli<\/b><span style=\"font-weight: 400;\">.<\/span><\/li><\/ul><h3><b>Contacto del CEPS<\/b><\/h3><ul><li><b>Sitio web:<\/b><a href=\"https:\/\/sante.gouv.fr\/ceps\" target=\"_blank\" rel=\"noopener\"> <span style=\"font-weight: 400;\">sante.gouv.fr\/ceps<\/span><\/a><\/li><li><b>Direcci\u00f3n:<\/b><b><br \/><\/b> <span style=\"font-weight: 400;\">Comit\u00e9 \u00c9conomique des Produits de Sant\u00e9<\/span><span style=\"font-weight: 400;\"><br \/><\/span><span style=\"font-weight: 400;\"> 14 avenue Duquesne<\/span><span style=\"font-weight: 400;\"><br \/><\/span><span style=\"font-weight: 400;\"> 75350 Par\u00eds 07 SP, Francia<\/span><\/li><\/ul><h2><b>Desaf\u00edos al colaborar con el CEPS<\/b><\/h2><p><span style=\"font-weight: 400;\">\u00a0<\/span><\/p><p><span style=\"font-weight: 400;\">Colaborar con el CEPS implica:<\/span><\/p><ul><li><b>Comprensi\u00f3n de los marcos de precios:<\/b><span style=\"font-weight: 400;\"> Conocimiento de los criterios y procedimientos del CEPS, incluidas las normativas y el acuerdo marco (Accord-Cadre) con la asociaci\u00f3n industrial LEEM.<\/span><\/li><li><b>Presentaciones completas y puntuales:<\/b><span style=\"font-weight: 400;\"> Elaboraci\u00f3n de documentaci\u00f3n precisa y presentaci\u00f3n en los plazos establecidos para evitar sanciones.<\/span><\/li><li><b>Colaboraci\u00f3n con las partes interesadas:<\/b><span style=\"font-weight: 400;\"> Coordinaci\u00f3n eficaz con los actores del sistema sanitario franc\u00e9s seg\u00fan las directrices del CEPS.<\/span><\/li><\/ul><h2><b>Oportunidades \/ Soluciones con Justin Stindt Consultants<\/b><\/h2><p><span style=\"font-weight: 400;\">\u00a0<\/span><\/p><p><span style=\"font-weight: 400;\">La experiencia de Justin Stindt con el CEPS garantiza:<\/span><\/p><ul><li><b>Consultor\u00eda experta para el CEPS:<\/b><span style=\"font-weight: 400;\"> Preparaci\u00f3n de dossiers de alta calidad para negociaciones tarifarias y fijaci\u00f3n de precios.<\/span><\/li><li><b>Estrategias de acceso al mercado CEPS:<\/b><span style=\"font-weight: 400;\"> M\u00e9todos probados para optimizar los resultados de precios y reembolsos.<\/span><\/li><li><b>Dominio de los procesos CEPS:<\/b><span style=\"font-weight: 400;\"> Conocimiento profundo de las evaluaciones de precios de productos sanitarios para acelerar las aprobaciones.<\/span><\/li><\/ul>\t\t\t\t\t\t\t\t<\/div>\n\t\t\t\t<\/div>\n\t\t\t\t\t<\/div>\n\t\t\t\t<\/div>\n\t\t<div class=\"elementor-element elementor-element-e6fdd69 e-flex e-con-boxed e-con e-parent\" data-id=\"e6fdd69\" data-element_type=\"container\" data-e-type=\"container\">\n\t\t\t\t\t<div class=\"e-con-inner\">\n\t\t\t\t<div class=\"elementor-element elementor-element-b9a8e76 elementor-widget-divider--view-line elementor-widget elementor-widget-divider\" data-id=\"b9a8e76\" data-element_type=\"widget\" data-e-type=\"widget\" data-widget_type=\"divider.default\">\n\t\t\t\t<div class=\"elementor-widget-container\">\n\t\t\t\t\t\t\t<div class=\"elementor-divider\">\n\t\t\t<span class=\"elementor-divider-separator\">\n\t\t\t\t\t\t<\/span>\n\t\t<\/div>\n\t\t\t\t\t\t<\/div>\n\t\t\t\t<\/div>\n\t\t\t\t\t<\/div>\n\t\t\t\t<\/div>\n\t\t<div class=\"elementor-element elementor-element-7842c3ab e-flex e-con-boxed e-con e-parent\" data-id=\"7842c3ab\" data-element_type=\"container\" data-e-type=\"container\">\n\t\t\t\t\t<div class=\"e-con-inner\">\n\t\t<div class=\"elementor-element elementor-element-57a35164 e-con-full bordered-block e-flex e-con e-child\" data-id=\"57a35164\" data-element_type=\"container\" data-e-type=\"container\">\n\t\t\t\t<div class=\"elementor-element elementor-element-5717fcbe elementor-widget elementor-widget-text-editor\" data-id=\"5717fcbe\" data-element_type=\"widget\" data-e-type=\"widget\" data-widget_type=\"text-editor.default\">\n\t\t\t\t<div class=\"elementor-widget-container\">\n\t\t\t\t\t\t\t\t\t<h3>Caso de \u00e9xito<\/h3><h2>Colaboraci\u00f3n exitosa con el CEPS<\/h2>\t\t\t\t\t\t\t\t<\/div>\n\t\t\t\t<\/div>\n\t\t\t\t<div class=\"elementor-element elementor-element-7ed866c4 elementor-widget elementor-widget-text-editor\" data-id=\"7ed866c4\" data-element_type=\"widget\" data-e-type=\"widget\" data-widget_type=\"text-editor.default\">\n\t\t\t\t<div class=\"elementor-widget-container\">\n\t\t\t\t\t\t\t\t\t<p><strong>Desaf\u00edo<\/strong>: <br \/>Una empresa farmac\u00e9utica buscaba nuestra asistencia para obtener una aprobaci\u00f3n favorable de precios para una nueva terapia.<br \/>.<\/p><p><strong>Soluci\u00f3n<\/strong>: <br \/>Justin Stindt Consultants acompa\u00f1\u00f3 a la empresa en la preparaci\u00f3n de un dossier conforme a los criterios del CEPS y durante todo el proceso de negociaci\u00f3n.<\/p><p><strong>Resultado<\/strong>: <br \/>Conseguimos un precio negociado competitivo e inclusi\u00f3n en la lista nacional de reembolsos.<\/p>\t\t\t\t\t\t\t\t<\/div>\n\t\t\t\t<\/div>\n\t\t\t\t<\/div>\n\t\t\t\t\t<\/div>\n\t\t\t\t<\/div>\n\t\t<div class=\"elementor-element elementor-element-4bc8f41 e-con-full e-flex e-con e-parent\" data-id=\"4bc8f41\" data-element_type=\"container\" data-e-type=\"container\" data-settings=\"{&quot;background_background&quot;:&quot;classic&quot;}\">\n\t\t\t\t<div class=\"elementor-element elementor-element-7dc0f91 elementor-cta--skin-classic elementor-animated-content elementor-bg-transform elementor-bg-transform-zoom-in elementor-widget elementor-widget-call-to-action\" data-id=\"7dc0f91\" data-element_type=\"widget\" data-e-type=\"widget\" data-widget_type=\"call-to-action.default\">\n\t\t\t\t<div class=\"elementor-widget-container\">\n\t\t\t\t\t\t\t<div class=\"elementor-cta\">\n\t\t\t\t\t\t\t<div class=\"elementor-cta__content\">\n\t\t\t\t\n\t\t\t\t\t\t\t\t\t<h2 class=\"elementor-cta__title elementor-cta__content-item elementor-content-item\">\n\t\t\t\t\t\t\u00bfNecesita apoyo para sus actividades tarifarias y negociaciones con el CEPS? La experiencia de Justin Stindt Consultants puede ayudarle a alcanzar el \u00e9xito.\t\t\t\t\t<\/h2>\n\t\t\t\t\n\t\t\t\t\t\t\t\t\t<div class=\"elementor-cta__description elementor-cta__content-item elementor-content-item\">\n\t\t\t\t\t\tCont\u00e1ctenos hoy mismo para desarrollar su estrategia de acceso al mercado y garantizar su \u00e9xito con el CEPS.\t\t\t\t\t<\/div>\n\t\t\t\t\n\t\t\t\t\t\t\t\t\t<div class=\"elementor-cta__button-wrapper elementor-cta__content-item elementor-content-item \">\n\t\t\t\t\t<a class=\"elementor-cta__button elementor-button elementor-size-\" href=\"https:\/\/jstindt.com\/contact-us\/\">\n\t\t\t\t\t\tP\u00f3ngase en contacto con Justin Stindt Consultores\t\t\t\t\t<\/a>\n\t\t\t\t\t<\/div>\n\t\t\t\t\t\t\t<\/div>\n\t\t\t\t\t\t<\/div>\n\t\t\t\t\t\t<\/div>\n\t\t\t\t<\/div>\n\t\t\t\t<\/div>\n\t\t<div class=\"elementor-element elementor-element-6b37006 e-flex e-con-boxed e-con e-parent\" data-id=\"6b37006\" data-element_type=\"container\" data-e-type=\"container\">\n\t\t\t\t\t<div class=\"e-con-inner\">\n\t\t\t\t<div class=\"elementor-element elementor-element-478a605 elementor-widget elementor-widget-n-accordion\" data-id=\"478a605\" data-element_type=\"widget\" data-e-type=\"widget\" data-settings=\"{&quot;default_state&quot;:&quot;expanded&quot;,&quot;max_items_expended&quot;:&quot;one&quot;,&quot;n_accordion_animation_duration&quot;:{&quot;unit&quot;:&quot;ms&quot;,&quot;size&quot;:400,&quot;sizes&quot;:[]}}\" data-widget_type=\"nested-accordion.default\">\n\t\t\t\t<div class=\"elementor-widget-container\">\n\t\t\t\t\t\t\t<div class=\"e-n-accordion\" aria-label=\"Accordion. Open links with Enter or Space, close with Escape, and navigate with Arrow Keys\">\n\t\t\t\t\t\t<details id=\"e-n-accordion-item-7500\" class=\"e-n-accordion-item\" open>\n\t\t\t\t<summary class=\"e-n-accordion-item-title\" data-accordion-index=\"1\" tabindex=\"0\" aria-expanded=\"true\" aria-controls=\"e-n-accordion-item-7500\" >\n\t\t\t\t\t<span class='e-n-accordion-item-title-header'><div class=\"e-n-accordion-item-title-text\"> Otras instituciones clave en el acceso al mercado <\/div><\/span>\n\t\t\t\t\t\t\t<span class='e-n-accordion-item-title-icon'>\n\t\t\t<span class='e-opened' ><i aria-hidden=\"true\" class=\"fas fa-minus\"><\/i><\/span>\n\t\t\t<span class='e-closed'><i aria-hidden=\"true\" class=\"fas fa-plus\"><\/i><\/span>\n\t\t<\/span>\n\n\t\t\t\t\t\t<\/summary>\n\t\t\t\t<div role=\"region\" aria-labelledby=\"e-n-accordion-item-7500\" class=\"elementor-element elementor-element-0e6e65c e-con-full e-flex e-con e-child\" data-id=\"0e6e65c\" data-element_type=\"container\" data-e-type=\"container\">\n\t\t\t\t<div class=\"elementor-element elementor-element-bd2fe29 elementor-widget elementor-widget-template\" data-id=\"bd2fe29\" data-element_type=\"widget\" data-e-type=\"widget\" data-widget_type=\"template.default\">\n\t\t\t\t<div class=\"elementor-widget-container\">\n\t\t\t\t\t\t\t<div class=\"elementor-template\">\n\t\t\t\t\t<div data-elementor-type=\"container\" data-elementor-id=\"19261\" class=\"elementor elementor-19261 elementor-18546 elementor-18546\" data-elementor-post-type=\"elementor_library\">\n\t\t\t\t<div role=\"region\" aria-labelledby=\"e-n-accordion-item-7500\" class=\"elementor-element elementor-element-4d5d7d7a e-flex e-con-boxed e-con e-parent\" data-id=\"4d5d7d7a\" data-element_type=\"container\" data-e-type=\"container\">\n\t\t\t\t\t<div class=\"e-con-inner\">\n\t\t\t\t<div class=\"elementor-element elementor-element-fa73d9e elementor-widget elementor-widget-text-editor\" data-id=\"fa73d9e\" data-element_type=\"widget\" data-e-type=\"widget\" data-widget_type=\"text-editor.default\">\n\t\t\t\t<div class=\"elementor-widget-container\">\n\t\t\t\t\t\t\t\t\t<h4><strong>Instituciones mundiales<\/strong><\/h4>\n<ul>\n<li><a href=\"https:\/\/jstindt.com\/es\/acceso-al-mercado-con-oms\/\">World Health Organization<\/a> (WHO)<\/li>\n<li><a href=\"https:\/\/jstindt.com\/es\/acceso-al-mercado-con-ispor\/\">International Society for Pharmacoeconomics and Outcomes Research<\/a> (ISPOR)<\/li>\n<\/ul>\n<h4><strong><br \/><a href=\"https:\/\/jstindt.com\/es\/ee-uu\/\">Estados Unidos<\/a><\/strong><\/h4>\n<ul>\n<li><a href=\"https:\/\/jstindt.com\/es\/acceso-al-mercado-con-cms\/\">Centers for Medicare &amp; Medicaid Services<\/a> (CMS)<\/li>\n<li><a href=\"https:\/\/jstindt.com\/es\/acceso-al-mercado-con-amcp\/\">Academy of Managed Care Pharmacy<\/a> (AMCP)<\/li>\n<li><a href=\"https:\/\/jstindt.com\/es\/acceso-al-mercado-con-icer\/\">Institute for Clinical and Economic Review<\/a> (ICER)<\/li>\n<\/ul>\n<h4><strong><br \/><a href=\"https:\/\/jstindt.com\/es\/francia\/\">Francia<\/a><\/strong><\/h4>\n<ul>\n<li><a href=\"https:\/\/jstindt.com\/es\/acceso-al-mercado-con-la-has-su-guia-de-la-principal-autoridad-sanitaria-de-francia\/\">Haute Autorit\u00e9 de Sant\u00e9<\/a> (HAS)<\/li>\n<li><a href=\"https:\/\/jstindt.com\/es\/acceso-al-mercado-con-el-ceps\/\">Comit\u00e9 \u00c9conomique des Produits de Sant\u00e9<\/a> (CEPS)<\/li>\n<\/ul>\n<h4><strong><br \/><a href=\"https:\/\/jstindt.com\/es\/alemania\/\">Alemania<\/a><\/strong><\/h4>\n<ul>\n<li><a href=\"https:\/\/jstindt.com\/es\/acceso-al-mercado-con-el-g-ba\/\">Gemeinsamer Bundesausschuss<\/a> (G-BA)<\/li>\n<li><a href=\"https:\/\/jstindt.com\/es\/acceso-al-mercado-con-el-iqwig\/\">Institute for Quality and Efficiency in Health Care<\/a> (IQWiG)<\/li>\n<li><a href=\"https:\/\/jstindt.com\/es\/acceso-al-mercado-con-el-gkv-spitzenverband\/\">GKV Spitzenverband<\/a><\/li>\n<\/ul>\n<h4><strong><br \/><a href=\"https:\/\/jstindt.com\/es\/reino-unido\/\">Reino Unido<\/a><\/strong><\/h4>\n<ul>\n<li><a href=\"https:\/\/jstindt.com\/es\/acceso-al-mercado-con-nice\/\">National Institute for Health and Care Excellence<\/a> (NICE)<\/li>\n<li><a href=\"https:\/\/jstindt.com\/es\/acceso-al-mercado-con-smc\/\">Scottish Medicines Consortium<\/a> (SMC)<\/li>\n<li><a href=\"https:\/\/jstindt.com\/es\/acceso-al-mercado-con-awmsg\/\" rel=\"noopener\">All Wales Medicines Strategy Group<\/a> (AWMSG)<\/li>\n<li><a href=\"https:\/\/jstindt.com\/es\/acceso-al-mercado-con-nhs\/\">National Health Service<\/a> (NHS)<\/li>\n<\/ul>\n<h4><strong><br \/><a href=\"https:\/\/jstindt.com\/es\/italia\/\">Italia<\/a><\/strong><\/h4>\n<ul>\n<li><a href=\"https:\/\/jstindt.com\/es\/acceso-al-mercado-con-aifa\/\">Italian Medicines Agency<\/a> (AIFA)<\/li>\n<li><a href=\"https:\/\/jstindt.com\/es\/acceso-al-mercado-con-la-cse\/\">Scientific and Economic Commission<\/a> (CSE)<\/li>\n<\/ul>\n<h4><strong><br \/><a href=\"https:\/\/jstindt.com\/es\/espana\/\">Espa\u00f1a<\/a><\/strong><\/h4>\n<ul>\n<li><a href=\"https:\/\/jstindt.com\/es\/acceso-al-mercado-con-la-aemps\/\">Spanish Agency of Medicines and Medical Devices<\/a> (AEMPS)<\/li>\n<li><a href=\"https:\/\/jstindt.com\/es\/acceso-al-mercado-con-el-dgcf\/\">Direcci\u00f3n General de Cartera Com\u00fan de Servicios del Sistema Nacional de Salud y Farmacia<\/a> (DGCF)<\/li>\n<li><a href=\"https:\/\/jstindt.com\/es\/acceso-al-mercado-con-la-cipm\/\">Interministerial Commission on Medicine Prices<\/a> (CIPM)<\/li>\n<\/ul>\n<h4><strong><br \/><a href=\"https:\/\/jstindt.com\/es\/suiza\/\">Suiza<\/a><\/strong><\/h4>\n<ul>\n<li><a href=\"https:\/\/jstindt.com\/es\/acceso-al-mercado-con-la-ofsp\/\">Federal Office of Public Health<\/a> (FOPH)<\/li>\n<\/ul>\n\t\t\t\t\t\t\t\t<\/div>\n\t\t\t\t<\/div>\n\t\t\t\t\t<\/div>\n\t\t\t\t<\/div>\n\t\t\t\t<\/div>\n\t\t\t\t<\/div>\n\t\t\t\t\t\t<\/div>\n\t\t\t\t<\/div>\n\t\t\t\t<\/div>\n\t\t\t\t\t<\/details>\n\t\t\t\t\t<\/div>\n\t\t\t\t\t\t<\/div>\n\t\t\t\t<\/div>\n\t\t\t\t\t<\/div>\n\t\t\t\t<\/div>\n\t\t\t\t<\/div>\n\t\t","protected":false},"excerpt":{"rendered":"<p>El Comit\u00e9 \u00c9conomique des Produits de Sant\u00e9 (CEPS) es un organismo interministerial bajo la autoridad conjunta de los ministros franceses de sanidad, seguridad social y econom\u00eda. Su funci\u00f3n principal es fijar los precios de los medicamentos y las tarifas de los dispositivos m\u00e9dicos reembolsados por el seguro de salud obligatorio. (sante.gouv.fr) Principales funciones del CEPS [&hellip;]<\/p>\n","protected":false},"author":3,"featured_media":0,"parent":0,"menu_order":0,"comment_status":"closed","ping_status":"closed","template":"","meta":{"_acf_changed":false,"footnotes":""},"class_list":["post-18911","page","type-page","status-publish","hentry"],"acf":[],"_links":{"self":[{"href":"https:\/\/jstindt.com\/es\/wp-json\/wp\/v2\/pages\/18911","targetHints":{"allow":["GET"]}}],"collection":[{"href":"https:\/\/jstindt.com\/es\/wp-json\/wp\/v2\/pages"}],"about":[{"href":"https:\/\/jstindt.com\/es\/wp-json\/wp\/v2\/types\/page"}],"author":[{"embeddable":true,"href":"https:\/\/jstindt.com\/es\/wp-json\/wp\/v2\/users\/3"}],"replies":[{"embeddable":true,"href":"https:\/\/jstindt.com\/es\/wp-json\/wp\/v2\/comments?post=18911"}],"version-history":[{"count":8,"href":"https:\/\/jstindt.com\/es\/wp-json\/wp\/v2\/pages\/18911\/revisions"}],"predecessor-version":[{"id":19808,"href":"https:\/\/jstindt.com\/es\/wp-json\/wp\/v2\/pages\/18911\/revisions\/19808"}],"wp:attachment":[{"href":"https:\/\/jstindt.com\/es\/wp-json\/wp\/v2\/media?parent=18911"}],"curies":[{"name":"wp","href":"https:\/\/api.w.org\/{rel}","templated":true}]}}