{"id":18852,"date":"2025-01-09T17:41:57","date_gmt":"2025-01-09T16:41:57","guid":{"rendered":"https:\/\/jstindt.com\/?page_id=18852"},"modified":"2025-03-20T16:29:22","modified_gmt":"2025-03-20T15:29:22","slug":"acceso-al-mercado-con-la-has-su-guia-de-la-principal-autoridad-sanitaria-de-francia","status":"publish","type":"page","link":"https:\/\/jstindt.com\/es\/acceso-al-mercado-con-la-has-su-guia-de-la-principal-autoridad-sanitaria-de-francia\/","title":{"rendered":"Acceso al mercado con la HAS: Su gu\u00eda de la principal autoridad sanitaria de Francia"},"content":{"rendered":"\t\t<div data-elementor-type=\"wp-page\" data-elementor-id=\"18852\" class=\"elementor elementor-18852 elementor-18203\" data-elementor-post-type=\"page\">\n\t\t\t\t<div class=\"elementor-element elementor-element-105cba2 e-flex e-con-boxed e-con e-parent\" data-id=\"105cba2\" data-element_type=\"container\" data-e-type=\"container\">\n\t\t\t\t\t<div class=\"e-con-inner\">\n\t\t\t\t<div class=\"elementor-element elementor-element-841215f elementor-widget elementor-widget-text-editor\" data-id=\"841215f\" data-element_type=\"widget\" data-e-type=\"widget\" data-widget_type=\"text-editor.default\">\n\t\t\t\t<div class=\"elementor-widget-container\">\n\t\t\t\t\t\t\t\t\t<p><span style=\"font-weight: 400;\">La <\/span><i><span style=\"font-weight: 400;\">Haute Autorit\u00e9 de Sant\u00e9<\/span><\/i><span style=\"font-weight: 400;\"> (HAS) es la autoridad p\u00fablica independiente francesa responsable de las evaluaciones de tecnolog\u00edas sanitarias (HTA). Fundada en 2004, su misi\u00f3n es mejorar la calidad de la atenci\u00f3n y garantizar la equidad en el sistema sanitario mediante la evaluaci\u00f3n de medicamentos, dispositivos m\u00e9dicos y procedimientos, la publicaci\u00f3n de gu\u00edas y la acreditaci\u00f3n de centros sanitarios. (<\/span><a href=\"https:\/\/www.has-sante.fr\/\" target=\"_blank\" rel=\"noopener\"><span style=\"font-weight: 400;\">has-sante.fr<\/span><\/a><span style=\"font-weight: 400;\">)<\/span><\/p><h2><b>Funciones principales de la HAS<\/b><\/h2><p><span style=\"font-weight: 400;\">\u00a0<\/span><span style=\"text-align: var(--text-align); color: var( --e-global-color-text );\">Las principales responsabilidades de la HAS incluyen:<\/span><\/p><ul><li><b>Evaluaciones de acceso al mercado \/ Evaluaciones HTA:<\/b><span style=\"font-weight: 400;\"> Valoraci\u00f3n del beneficio m\u00e9dico y el valor econ\u00f3mico de medicamentos, dispositivos m\u00e9dicos y pr\u00e1cticas para decisiones de reembolso.<\/span><\/li><li><b>Recomendaciones de consultores expertos HAS:<\/b><span style=\"font-weight: 400;\"> Publicaci\u00f3n de gu\u00edas para profesionales sanitarios para promover buenas pr\u00e1cticas y mejorar los resultados cl\u00ednicos.<\/span><\/li><li><b>Acreditaciones de especialistas HAS:<\/b><span style=\"font-weight: 400;\"> Certificaci\u00f3n de hospitales y cl\u00ednicas para garantizar la calidad y seguridad de la atenci\u00f3n.<\/span><\/li><\/ul><h2><b>Direcci\u00f3n y contactos clave<\/b><\/h2><p><span style=\"font-weight: 400;\">A fecha de enero de 2025, la HAS est\u00e1 presidida por el Prof. <\/span><b>Lionel Collet<\/b><span style=\"font-weight: 400;\">. (<\/span><a href=\"https:\/\/www.has-sante.fr\/\" target=\"_blank\" rel=\"noopener\"><span style=\"font-weight: 400;\">has-sante.fr<\/span><\/a><span style=\"font-weight: 400;\">)<\/span><\/p><ul><li><b>Comisi\u00f3n de Transparencia (CT):<\/b><span style=\"font-weight: 400;\"> Prof. Pierre Cochat<\/span><\/li><li><b>Comisi\u00f3n de Dispositivos M\u00e9dicos (CNEDiMTS):<\/b><span style=\"font-weight: 400;\"> Dr. Jean-Yves Grall<\/span><\/li><li><b>Comisi\u00f3n de Evaluaci\u00f3n Econ\u00f3mica y Salud P\u00fablica (CEESP):<\/b><span style=\"font-weight: 400;\"> Prof. Karine Chevreul<\/span><\/li><li><b>Comisi\u00f3n T\u00e9cnica de Vacunaciones (CTV):<\/b><span style=\"font-weight: 400;\"> Prof. Anne-Claude Cr\u00e9mieux<\/span><\/li><\/ul><h3><b>Detalles de contacto de la HAS<\/b><\/h3><ul><li><span style=\"font-weight: 400;\"> \u00a0 \u00a0 <\/span><b>Sitio web:<\/b><a href=\"https:\/\/www.has-sante.fr\/\"> <span style=\"font-weight: 400;\">has-sante.fr<\/span><\/a><\/li><li><span style=\"font-weight: 400;\"> \u00a0 \u00a0 <\/span><b>Direcci\u00f3n:<\/b><span style=\"font-weight: 400;\"> 5 avenue du Stade de France, 93218 Saint-Denis La Plaine Cedex, Francia<\/span><\/li><li><span style=\"font-weight: 400;\"> \u00a0 \u00a0 <\/span><b>Tel\u00e9fono:<\/b><span style=\"font-weight: 400;\"> +33 (0)1 55 93 70 00<\/span><\/li><\/ul><h2><b>Desaf\u00edos al trabajar con la HAS<\/b><\/h2><p><span style=\"font-weight: 400;\">\u00a0<\/span><\/p><p><span style=\"font-weight: 400;\">Colaborar con la HAS implica:<\/span><\/p><ul><li><b>Conocimiento de los procesos de la HAS:<\/b><span style=\"font-weight: 400;\"> Comprensi\u00f3n de los criterios de evaluaci\u00f3n, incluidas las directrices de la CT y los requisitos metodol\u00f3gicos.<\/span><\/li><li><b>Presentaciones completas y puntuales:<\/b><span style=\"font-weight: 400;\"> Preparaci\u00f3n y presentaci\u00f3n de la documentaci\u00f3n seg\u00fan los plazos establecidos.<\/span><\/li><li><b>Colaboraci\u00f3n con las partes interesadas:<\/b><span style=\"font-weight: 400;\"> Coordinaci\u00f3n con los principales actores del sistema sanitario franc\u00e9s.<\/span><\/li><\/ul><h2><b>Oportunidades \/ Soluciones con Justin Stindt Consultants<\/b><\/h2><p><span style=\"font-weight: 400;\">\u00a0<\/span><\/p><p><span style=\"font-weight: 400;\">La experiencia de Justin Stindt con la HAS garantiza:<\/span><\/p><ul><li><b>Consultor\u00eda experta en presentaciones para la HAS:<\/b><span style=\"font-weight: 400;\"> Elaboraci\u00f3n de dossiers de alta calidad para la CT, CNEDiMTS y CEESP.<\/span><\/li><li><b>Reuniones de asesoramiento cient\u00edfico temprano (rencontre pr\u00e9coce) y encuentros previos a la presentaci\u00f3n.<\/b><\/li><li><b>Estrategias de acceso al mercado para la HAS:<\/b><span style=\"font-weight: 400;\"> M\u00e9todos probados para optimizar los resultados de reembolso.<\/span><\/li><li><b>Especializaci\u00f3n en procesos y audiencias HAS:<\/b><span style=\"font-weight: 400;\"> Conocimiento profundo de las evaluaciones HTA.<\/span><\/li><li><b>Red de contactos clave:<\/b><span style=\"font-weight: 400;\"> Acceso a exmiembros de las comisiones de la HAS, l\u00edderes de opini\u00f3n y asesores de pagadores.<\/span><\/li><\/ul><h3><b>Soporte experto en la HAS<\/b><\/h3><ul><li><b>Orientaci\u00f3n experta HAS:<\/b><span style=\"font-weight: 400;\"> Apoyo directo para abordar los desaf\u00edos de acceso al mercado.<\/span><\/li><li><b>An\u00e1lisis experto HAS:<\/b><span style=\"font-weight: 400;\"> Asesoramiento personalizado para evaluaciones HTA.<\/span><\/li><li><b>Documentaci\u00f3n experta HAS:<\/b><span style=\"font-weight: 400;\"> Elaboraci\u00f3n de dossiers conforme a los requisitos HTA.<\/span><\/li><\/ul>\t\t\t\t\t\t\t\t<\/div>\n\t\t\t\t<\/div>\n\t\t\t\t\t<\/div>\n\t\t\t\t<\/div>\n\t\t<div class=\"elementor-element elementor-element-04ee5ba e-flex e-con-boxed e-con e-parent\" data-id=\"04ee5ba\" data-element_type=\"container\" data-e-type=\"container\">\n\t\t\t\t\t<div class=\"e-con-inner\">\n\t\t\t\t<div class=\"elementor-element elementor-element-2cbfbb1 elementor-widget-divider--view-line elementor-widget elementor-widget-divider\" data-id=\"2cbfbb1\" data-element_type=\"widget\" data-e-type=\"widget\" data-widget_type=\"divider.default\">\n\t\t\t\t<div class=\"elementor-widget-container\">\n\t\t\t\t\t\t\t<div class=\"elementor-divider\">\n\t\t\t<span class=\"elementor-divider-separator\">\n\t\t\t\t\t\t<\/span>\n\t\t<\/div>\n\t\t\t\t\t\t<\/div>\n\t\t\t\t<\/div>\n\t\t\t\t\t<\/div>\n\t\t\t\t<\/div>\n\t\t<div class=\"elementor-element elementor-element-48e713e5 e-flex e-con-boxed e-con e-parent\" data-id=\"48e713e5\" data-element_type=\"container\" data-e-type=\"container\">\n\t\t\t\t\t<div class=\"e-con-inner\">\n\t\t<div class=\"elementor-element elementor-element-ac50955 e-con-full bordered-block e-flex e-con e-child\" data-id=\"ac50955\" data-element_type=\"container\" data-e-type=\"container\">\n\t\t\t\t<div class=\"elementor-element elementor-element-3009de7b elementor-widget elementor-widget-text-editor\" data-id=\"3009de7b\" data-element_type=\"widget\" data-e-type=\"widget\" data-widget_type=\"text-editor.default\">\n\t\t\t\t<div class=\"elementor-widget-container\">\n\t\t\t\t\t\t\t\t\t<h3>Caso de \u00e9xito<\/h3><h2>Colaboraci\u00f3n con la HAS<\/h2>\t\t\t\t\t\t\t\t<\/div>\n\t\t\t\t<\/div>\n\t\t\t\t<div class=\"elementor-element elementor-element-36a7318f elementor-widget elementor-widget-text-editor\" data-id=\"36a7318f\" data-element_type=\"widget\" data-e-type=\"widget\" data-widget_type=\"text-editor.default\">\n\t\t\t\t<div class=\"elementor-widget-container\">\n\t\t\t\t\t\t\t\t\t<p><strong>Desaf\u00edo<\/strong>:<br \/>Una empresa farmac\u00e9utica solicit\u00f3 nuestra ayuda para obtener la aprobaci\u00f3n de reembolso para un nuevo medicamento.<\/p><p><strong>Soluci\u00f3n<\/strong>:<br \/>Gestionamos la preparaci\u00f3n de su dossier conforme a los criterios de la HAS.<\/p><p><strong>Resultado<\/strong>:<br \/>Obteniendo una recomendaci\u00f3n positiva y su inclusi\u00f3n en la lista nacional de reembolsos.<\/p>\t\t\t\t\t\t\t\t<\/div>\n\t\t\t\t<\/div>\n\t\t\t\t<\/div>\n\t\t\t\t\t<\/div>\n\t\t\t\t<\/div>\n\t\t<div class=\"elementor-element elementor-element-e3674ee e-con-full e-flex e-con e-parent\" data-id=\"e3674ee\" data-element_type=\"container\" data-e-type=\"container\" data-settings=\"{&quot;background_background&quot;:&quot;classic&quot;}\">\n\t\t\t\t<div class=\"elementor-element elementor-element-4339de6 elementor-cta--skin-classic elementor-animated-content elementor-bg-transform elementor-bg-transform-zoom-in elementor-widget elementor-widget-call-to-action\" data-id=\"4339de6\" data-element_type=\"widget\" data-e-type=\"widget\" data-widget_type=\"call-to-action.default\">\n\t\t\t\t<div class=\"elementor-widget-container\">\n\t\t\t\t\t\t\t<div class=\"elementor-cta\">\n\t\t\t\t\t\t\t<div class=\"elementor-cta__content\">\n\t\t\t\t\n\t\t\t\t\t\t\t\t\t<h2 class=\"elementor-cta__title elementor-cta__content-item elementor-content-item\">\n\t\t\t\t\t\t\u00bfNecesita apoyo para el acceso al mercado con la HAS? El equipo experto de Justin Stindt Consultants puede ayudarle a alcanzar el \u00e9xito.\t\t\t\t\t<\/h2>\n\t\t\t\t\n\t\t\t\t\t\t\t\t\t<div class=\"elementor-cta__description elementor-cta__content-item elementor-content-item\">\n\t\t\t\t\t\tCont\u00e1ctenos para desarrollar su estrategia de acceso al mercado y garantizar su \u00e9xito con la HAS.\t\t\t\t\t<\/div>\n\t\t\t\t\n\t\t\t\t\t\t\t\t\t<div class=\"elementor-cta__button-wrapper elementor-cta__content-item elementor-content-item \">\n\t\t\t\t\t<a class=\"elementor-cta__button elementor-button elementor-size-\" href=\"https:\/\/jstindt.com\/contact-us\/\">\n\t\t\t\t\t\tContacte con Justin Stindt Consultants\t\t\t\t\t<\/a>\n\t\t\t\t\t<\/div>\n\t\t\t\t\t\t\t<\/div>\n\t\t\t\t\t\t<\/div>\n\t\t\t\t\t\t<\/div>\n\t\t\t\t<\/div>\n\t\t\t\t<\/div>\n\t\t<div class=\"elementor-element elementor-element-c46eb38 e-flex e-con-boxed e-con e-parent\" data-id=\"c46eb38\" data-element_type=\"container\" data-e-type=\"container\">\n\t\t\t\t\t<div class=\"e-con-inner\">\n\t\t\t\t<div class=\"elementor-element elementor-element-8da8c66 elementor-widget elementor-widget-n-accordion\" data-id=\"8da8c66\" data-element_type=\"widget\" data-e-type=\"widget\" data-settings=\"{&quot;default_state&quot;:&quot;all_collapsed&quot;,&quot;max_items_expended&quot;:&quot;one&quot;,&quot;n_accordion_animation_duration&quot;:{&quot;unit&quot;:&quot;ms&quot;,&quot;size&quot;:400,&quot;sizes&quot;:[]}}\" data-widget_type=\"nested-accordion.default\">\n\t\t\t\t<div class=\"elementor-widget-container\">\n\t\t\t\t\t\t\t<div class=\"e-n-accordion\" aria-label=\"Accordion. Open links with Enter or Space, close with Escape, and navigate with Arrow Keys\">\n\t\t\t\t\t\t<details id=\"e-n-accordion-item-1480\" class=\"e-n-accordion-item\" >\n\t\t\t\t<summary class=\"e-n-accordion-item-title\" data-accordion-index=\"1\" tabindex=\"0\" aria-expanded=\"false\" aria-controls=\"e-n-accordion-item-1480\" >\n\t\t\t\t\t<span class='e-n-accordion-item-title-header'><div class=\"e-n-accordion-item-title-text\"> Otras instituciones clave en el acceso al mercado <\/div><\/span>\n\t\t\t\t\t\t\t<span class='e-n-accordion-item-title-icon'>\n\t\t\t<span class='e-opened' ><i aria-hidden=\"true\" class=\"fas fa-minus\"><\/i><\/span>\n\t\t\t<span class='e-closed'><i aria-hidden=\"true\" class=\"fas fa-plus\"><\/i><\/span>\n\t\t<\/span>\n\n\t\t\t\t\t\t<\/summary>\n\t\t\t\t<div role=\"region\" aria-labelledby=\"e-n-accordion-item-1480\" class=\"elementor-element elementor-element-1871095 e-con-full e-flex e-con e-child\" data-id=\"1871095\" data-element_type=\"container\" data-e-type=\"container\">\n\t\t\t\t<div class=\"elementor-element elementor-element-682f3e8 elementor-widget elementor-widget-template\" data-id=\"682f3e8\" data-element_type=\"widget\" data-e-type=\"widget\" data-widget_type=\"template.default\">\n\t\t\t\t<div class=\"elementor-widget-container\">\n\t\t\t\t\t\t\t<div class=\"elementor-template\">\n\t\t\t\t\t<div data-elementor-type=\"container\" data-elementor-id=\"19261\" class=\"elementor elementor-19261 elementor-18546 elementor-18546\" data-elementor-post-type=\"elementor_library\">\n\t\t\t\t<div role=\"region\" aria-labelledby=\"e-n-accordion-item-8530\" class=\"elementor-element elementor-element-4d5d7d7a e-flex e-con-boxed e-con e-parent\" data-id=\"4d5d7d7a\" data-element_type=\"container\" data-e-type=\"container\">\n\t\t\t\t\t<div class=\"e-con-inner\">\n\t\t\t\t<div class=\"elementor-element elementor-element-fa73d9e elementor-widget elementor-widget-text-editor\" data-id=\"fa73d9e\" data-element_type=\"widget\" data-e-type=\"widget\" data-widget_type=\"text-editor.default\">\n\t\t\t\t<div class=\"elementor-widget-container\">\n\t\t\t\t\t\t\t\t\t<h4><strong>Instituciones mundiales<\/strong><\/h4>\n<ul>\n<li><a href=\"https:\/\/jstindt.com\/es\/acceso-al-mercado-con-oms\/\">World Health Organization<\/a> (WHO)<\/li>\n<li><a href=\"https:\/\/jstindt.com\/es\/acceso-al-mercado-con-ispor\/\">International Society for Pharmacoeconomics and Outcomes Research<\/a> (ISPOR)<\/li>\n<\/ul>\n<h4><strong><br \/><a href=\"https:\/\/jstindt.com\/es\/ee-uu\/\">Estados Unidos<\/a><\/strong><\/h4>\n<ul>\n<li><a href=\"https:\/\/jstindt.com\/es\/acceso-al-mercado-con-cms\/\">Centers for Medicare &amp; Medicaid Services<\/a> (CMS)<\/li>\n<li><a href=\"https:\/\/jstindt.com\/es\/acceso-al-mercado-con-amcp\/\">Academy of Managed Care Pharmacy<\/a> (AMCP)<\/li>\n<li><a href=\"https:\/\/jstindt.com\/es\/acceso-al-mercado-con-icer\/\">Institute for Clinical and Economic Review<\/a> (ICER)<\/li>\n<\/ul>\n<h4><strong><br \/><a href=\"https:\/\/jstindt.com\/es\/francia\/\">Francia<\/a><\/strong><\/h4>\n<ul>\n<li><a href=\"https:\/\/jstindt.com\/es\/acceso-al-mercado-con-la-has-su-guia-de-la-principal-autoridad-sanitaria-de-francia\/\">Haute Autorit\u00e9 de Sant\u00e9<\/a> (HAS)<\/li>\n<li><a href=\"https:\/\/jstindt.com\/es\/acceso-al-mercado-con-el-ceps\/\">Comit\u00e9 \u00c9conomique des Produits de Sant\u00e9<\/a> (CEPS)<\/li>\n<\/ul>\n<h4><strong><br \/><a href=\"https:\/\/jstindt.com\/es\/alemania\/\">Alemania<\/a><\/strong><\/h4>\n<ul>\n<li><a href=\"https:\/\/jstindt.com\/es\/acceso-al-mercado-con-el-g-ba\/\">Gemeinsamer Bundesausschuss<\/a> (G-BA)<\/li>\n<li><a href=\"https:\/\/jstindt.com\/es\/acceso-al-mercado-con-el-iqwig\/\">Institute for Quality and Efficiency in Health Care<\/a> (IQWiG)<\/li>\n<li><a href=\"https:\/\/jstindt.com\/es\/acceso-al-mercado-con-el-gkv-spitzenverband\/\">GKV Spitzenverband<\/a><\/li>\n<\/ul>\n<h4><strong><br \/><a href=\"https:\/\/jstindt.com\/es\/reino-unido\/\">Reino Unido<\/a><\/strong><\/h4>\n<ul>\n<li><a href=\"https:\/\/jstindt.com\/es\/acceso-al-mercado-con-nice\/\">National Institute for Health and Care Excellence<\/a> (NICE)<\/li>\n<li><a href=\"https:\/\/jstindt.com\/es\/acceso-al-mercado-con-smc\/\">Scottish Medicines Consortium<\/a> (SMC)<\/li>\n<li><a href=\"https:\/\/jstindt.com\/es\/acceso-al-mercado-con-awmsg\/\" rel=\"noopener\">All Wales Medicines Strategy Group<\/a> (AWMSG)<\/li>\n<li><a href=\"https:\/\/jstindt.com\/es\/acceso-al-mercado-con-nhs\/\">National Health Service<\/a> (NHS)<\/li>\n<\/ul>\n<h4><strong><br \/><a href=\"https:\/\/jstindt.com\/es\/italia\/\">Italia<\/a><\/strong><\/h4>\n<ul>\n<li><a href=\"https:\/\/jstindt.com\/es\/acceso-al-mercado-con-aifa\/\">Italian Medicines Agency<\/a> (AIFA)<\/li>\n<li><a href=\"https:\/\/jstindt.com\/es\/acceso-al-mercado-con-la-cse\/\">Scientific and Economic Commission<\/a> (CSE)<\/li>\n<\/ul>\n<h4><strong><br \/><a href=\"https:\/\/jstindt.com\/es\/espana\/\">Espa\u00f1a<\/a><\/strong><\/h4>\n<ul>\n<li><a href=\"https:\/\/jstindt.com\/es\/acceso-al-mercado-con-la-aemps\/\">Spanish Agency of Medicines and Medical Devices<\/a> (AEMPS)<\/li>\n<li><a href=\"https:\/\/jstindt.com\/es\/acceso-al-mercado-con-el-dgcf\/\">Direcci\u00f3n General de Cartera Com\u00fan de Servicios del Sistema Nacional de Salud y Farmacia<\/a> (DGCF)<\/li>\n<li><a href=\"https:\/\/jstindt.com\/es\/acceso-al-mercado-con-la-cipm\/\">Interministerial Commission on Medicine Prices<\/a> (CIPM)<\/li>\n<\/ul>\n<h4><strong><br \/><a href=\"https:\/\/jstindt.com\/es\/suiza\/\">Suiza<\/a><\/strong><\/h4>\n<ul>\n<li><a href=\"https:\/\/jstindt.com\/es\/acceso-al-mercado-con-la-ofsp\/\">Federal Office of Public Health<\/a> (FOPH)<\/li>\n<\/ul>\n\t\t\t\t\t\t\t\t<\/div>\n\t\t\t\t<\/div>\n\t\t\t\t\t<\/div>\n\t\t\t\t<\/div>\n\t\t\t\t<\/div>\n\t\t\t\t<\/div>\n\t\t\t\t\t\t<\/div>\n\t\t\t\t<\/div>\n\t\t\t\t<\/div>\n\t\t\t\t\t<\/details>\n\t\t\t\t\t<\/div>\n\t\t\t\t\t\t<\/div>\n\t\t\t\t<\/div>\n\t\t\t\t\t<\/div>\n\t\t\t\t<\/div>\n\t\t\t\t<\/div>\n\t\t","protected":false},"excerpt":{"rendered":"<p>La Haute Autorit\u00e9 de Sant\u00e9 (HAS) es la autoridad p\u00fablica independiente francesa responsable de las evaluaciones de tecnolog\u00edas sanitarias (HTA). Fundada en 2004, su misi\u00f3n es mejorar la calidad de la atenci\u00f3n y garantizar la equidad en el sistema sanitario mediante la evaluaci\u00f3n de medicamentos, dispositivos m\u00e9dicos y procedimientos, la publicaci\u00f3n de gu\u00edas y la [&hellip;]<\/p>\n","protected":false},"author":3,"featured_media":0,"parent":0,"menu_order":0,"comment_status":"closed","ping_status":"closed","template":"","meta":{"_acf_changed":false,"footnotes":""},"class_list":["post-18852","page","type-page","status-publish","hentry"],"acf":[],"_links":{"self":[{"href":"https:\/\/jstindt.com\/es\/wp-json\/wp\/v2\/pages\/18852","targetHints":{"allow":["GET"]}}],"collection":[{"href":"https:\/\/jstindt.com\/es\/wp-json\/wp\/v2\/pages"}],"about":[{"href":"https:\/\/jstindt.com\/es\/wp-json\/wp\/v2\/types\/page"}],"author":[{"embeddable":true,"href":"https:\/\/jstindt.com\/es\/wp-json\/wp\/v2\/users\/3"}],"replies":[{"embeddable":true,"href":"https:\/\/jstindt.com\/es\/wp-json\/wp\/v2\/comments?post=18852"}],"version-history":[{"count":8,"href":"https:\/\/jstindt.com\/es\/wp-json\/wp\/v2\/pages\/18852\/revisions"}],"predecessor-version":[{"id":19807,"href":"https:\/\/jstindt.com\/es\/wp-json\/wp\/v2\/pages\/18852\/revisions\/19807"}],"wp:attachment":[{"href":"https:\/\/jstindt.com\/es\/wp-json\/wp\/v2\/media?parent=18852"}],"curies":[{"name":"wp","href":"https:\/\/api.w.org\/{rel}","templated":true}]}}