{"id":16919,"date":"2024-01-31T12:28:27","date_gmt":"2024-01-31T11:28:27","guid":{"rendered":"https:\/\/jstindt.com\/informacion-juridica\/"},"modified":"2026-03-31T08:59:28","modified_gmt":"2026-03-31T07:59:28","slug":"informacion-juridica","status":"publish","type":"page","link":"https:\/\/jstindt.com\/es\/informacion-juridica\/","title":{"rendered":"Informaci\u00f3n jur\u00eddica"},"content":{"rendered":"\t\t<div data-elementor-type=\"wp-page\" data-elementor-id=\"16919\" class=\"elementor elementor-16919 elementor-12128\" data-elementor-post-type=\"page\">\n\t\t\t\t<div class=\"elementor-element elementor-element-923eb6a e-flex e-con-boxed e-con e-parent\" data-id=\"923eb6a\" data-element_type=\"container\" data-e-type=\"container\">\n\t\t\t\t\t<div class=\"e-con-inner\">\n\t\t\t\t<div class=\"elementor-element elementor-element-f663e8a elementor-widget elementor-widget-text-editor\" data-id=\"f663e8a\" data-element_type=\"widget\" data-e-type=\"widget\" data-widget_type=\"text-editor.default\">\n\t\t\t\t<div class=\"elementor-widget-container\">\n\t\t\t\t\t\t\t\t\t<h2>Justin Stindt Consulting GmbH<\/h2><p><b>Deutsches Impressum:<\/b><\/p><p>Justin Stindt Consulting GmbH<\/p><p>Kamekestr. 27, 50672 Colonia <\/p><p>Telefon: +49 221 969 868 80, Fax: +49 221 46 89 26 60<\/p><p>E-Mail: info@jstindt.com<\/p><p>Internet: https:\/\/www.jstindt.com<\/p><p><strong>Vertretungsberechtigter Gesch\u00e4ftsf\u00fchrer<\/strong>: Justin Stindt<\/p><p>Registernummer: HRB 82988<\/p><p>Umsatzsteuer-Identifikationsnummer gem\u00e4\u00df \u00a7 27a UStG: DE298464855<\/p><p>Registergericht: AG K\u00f6ln<\/p><p>Datenschutzerkl\u00e4rung<\/p><p>Allgemeiner Hinweis und Pflichtinformationen<\/p><p>Benennung der verantwortlichen Stelle<\/p><p><strong>Die verantwortliche Stelle f\u00fcr die Datenverarbeitung auf dieser Website ist<\/strong>:<\/p><p>Justin Stindt Consulting GmbH<br>Justin Stindt<br>Kamekestr. 27, 50672 Colonia<\/p><p><strong>Ersteller der Website ist<\/strong> : <a href=\"https:\/\/www.alioze.com\/de\/agentur-kommunikation-gesundheit\" target=\"_blank\" rel=\"noopener\">Alioze &#8211; Agentur f\u00fcr Gesundheits- und medizinische Kommunikation<\/a><\/p><p>Die Website wird von <a href=\"https:\/\/www.alwaysdata.com\/en\/\" target=\"_blank\" rel=\"noopener\">Alwaysdata<\/a> gehostet<\/p><p>Die verantwortliche Stelle entscheidet allein oder gemeinsam mit anderen \u00fcber die Zwecke und Mittel der Verarbeitung von personenbezogenen Daten (z.B. Namen, Kontaktdaten o. \u00c4.).<\/p><p>Widerruf Ihrer Einwilligung zur Datenverarbeitung<\/p><p>Nur mit Ihrer ausdr\u00fccklichen Einwilligung sind einige Vorg\u00e4nge der Datenverarbeitung m\u00f6glich. Ein Widerruf Ihrer bereits erteilten Einwilligung ist jederzeit m\u00f6glich. F\u00fcr den Widerruf gen\u00fcgt eine formlose Mitteilung per E-Mail. Die Rechtm\u00e4\u00dfigkeit der bis zum Widerruf erfolgten Datenverarbeitung bleibt vom Widerruf unber\u00fchrt.   <\/p><p>Recht auf Beschwerde bei der zust\u00e4ndigen Aufsichtsbeh\u00f6rde<\/p><p>Als Betroffener steht Ihnen im Falle eines datenschutzrechtlichen Versto\u00dfes ein Beschwerderecht bei der zust\u00e4ndigen Aufsichtsbeh\u00f6rde zu. Zust\u00e4ndige Aufsichtsbeh\u00f6rde bez\u00fcglich datenschutzrechtlicher Fragen ist der Landesdatenschutzbeauftragte des Bundeslandes, in dem sich der Sitz unseres Unternehmens befindet. Der folgende Link stellt eine Liste der Datenschutzbeauftragten sowie deren Kontaktdaten bereit: https:\/\/www.bfdi.bund.de\/DE\/Infothek\/Anschriften_Links\/anschriften_links-node.html.  <\/p><p>Recht auf Daten\u00fcbertragbarkeit<\/p><p>Ihnen steht das Recht zu, Daten, die wir auf Grundlage Ihrer Einwilligung oder in Erf\u00fcllung eines Vertrags automatisiert verarbeiten, an sich oder an Dritte aush\u00e4ndigen zu lassen. Die Bereitstellung erfolgt in einem maschinenlesbaren Format. Sofern Sie die direkte \u00dcbertragung der Daten an einen anderen Verantwortlichen verlangen, erfolgt dies nur, soweit es technisch machbar ist.  <\/p><p>Recht auf Auskunft, Berichtigung, Sperrung, L\u00f6schung<\/p><p>Sie haben jederzeit im Rahmen der geltenden gesetzlichen Bestimmungen das Recht auf unentgeltliche Auskunft \u00fcber Ihre gespeicherten personenbezogenen Daten, Herkunft der Daten, deren Empf\u00e4nger und den Zweck der Datenverarbeitung und ggf. ein Recht auf Berichtigung, Sperrung oder L\u00f6schung dieser Daten. Diesbez\u00fcglich und auch zu weiteren Fragen zum Thema personenbezogene Daten k\u00f6nnen Sie sich jederzeit \u00fcber die im Impressum aufgef\u00fchrten Kontaktm\u00f6glichkeiten an uns wenden.  <\/p><p>SSL- bzw. TLS-Verschl\u00fcsselung <\/p><p>Aus Sicherheitsgr\u00fcnden und zum Schutz der \u00dcbertragung vertraulicher Inhalte, die Sie an uns als Seitenbetreiber senden, nutzt unsere Website eine SSL-bzw. TLS-Verschl\u00fcsselung. Damit sind Daten, die Sie \u00fcber diese Website \u00fcbermitteln, f\u00fcr Dritte nicht mitlesbar. Sie erkennen eine verschl\u00fcsselte Verbindung an der \u201ehttps:\/\/\u201c Adresszeile Ihres Browsers und am Schloss-Symbol in der Browserzeile.   <\/p><p>Kontaktformular<\/p><p>Per Kontaktformular \u00fcbermittelte Daten werden einschlie\u00dflich Ihrer Kontaktdaten gespeichert, um Ihre Anfrage bearbeiten zu k\u00f6nnen oder um f\u00fcr Anschlussfragen bereitzustehen. Eine Weitergabe dieser Daten findet ohne Ihre Einwilligung nicht statt. <\/p><p>Die Verarbeitung der in das Kontaktformular eingegebenen Daten erfolgt ausschlie\u00dflich auf Grundlage Ihrer Einwilligung (Art. 6 Abs. 1 lit. a DSGVO). Ein Widerruf Ihrer bereits erteilten Einwilligung ist jederzeit m\u00f6glich. F\u00fcr den Widerruf gen\u00fcgt eine formlose Mitteilung per E-Mail. Die Rechtm\u00e4\u00dfigkeit der bis zum Widerruf erfolgten Datenverarbeitungsvorg\u00e4nge bleibt vom Widerruf unber\u00fchrt.   <\/p><p>\u00dcber das Kontaktformular \u00fcbermittelte Daten verbleiben bei uns, bis Sie uns zur L\u00f6schung auffordern, Ihre Einwilligung zur Speicherung widerrufen oder keine Notwendigkeit der Datenspeicherung mehr besteht. Zwingende gesetzliche Bestimmungen &#8211; insbesondere Aufbewahrungsfristen &#8211; bleiben unber\u00fchrt. <\/p><p>Google Analytics<\/p><p>Unsere Website verwendet Funktionen des Webanalysedienstes Google Analytics. Anbieter des Webanalysedienstes ist die Google Inc., 1600 Amphitheatre Parkway, Mountain View, CA 94043, USA. <\/p><p>Google Analytics verwendet \u00abCookies.\u00bb Das sind kleine Textdateien, die Ihr Webbrowser auf Ihrem Endger\u00e4t speichert und eine Analyse der Website-Benutzung erm\u00f6glichen. Mittels Cookie erzeugte Informationen \u00fcber Ihre Benutzung unserer Website werden an einen Server von Google \u00fcbermittelt und dort gespeichert. Server-Standort ist im Regelfall die USA.   <\/p><p>Das Setzen von Google-Analytics-Cookies erfolgt auf Grundlage von Art. 6 Abs. 1 lit. f DSGVO. Als Betreiber dieser Website haben wir ein berechtigtes Interesse an der Analyse des Nutzerverhaltens, um unser Webangebot und ggf. auch Werbung zu optimieren.    <\/p><p>IP-Anonymisierung<\/p><p>Wir setzen Google Analytics in Verbindung mit der Funktion IP-Anonymisierung ein. Sie gew\u00e4hrleistet, dass Google Ihre IP-Adresse innerhalb von Mitgliedstaaten der Europ\u00e4ischen Union oder in anderen Vertragsstaaten des Abkommens \u00fcber den Europ\u00e4ischen Wirtschaftsraum vor der \u00dcbermittlung in die USA k\u00fcrzt. Es kann Ausnahmef\u00e4lle geben, in denen Google die volle IP-Adresse an einen Server in den USA \u00fcbertr\u00e4gt und dort k\u00fcrzt. In unserem Auftrag wird Google diese Informationen benutzen, um Ihre Nutzung der Website auszuwerten, um Reports \u00fcber Websiteaktivit\u00e4ten zu erstellen und um weitere mit der Websitenutzung und der Internetnutzung verbundene Dienstleistungen gegen\u00fcber uns zu erbringen. Es findet keine Zusammenf\u00fchrung der von Google Analytics \u00fcbermittelten IP-Adresse mit anderen Daten von Google statt.    <\/p><p>Browser Plugin<\/p><p>Das Setzen von Cookies durch Ihren Webbrowser ist verhinderbar. Einige Funktionen unserer Website k\u00f6nnten dadurch jedoch eingeschr\u00e4nkt werden. Ebenso k\u00f6nnen Sie die Erfassung von Daten bez\u00fcglich Ihrer Website-Nutzung einschlie\u00dflich Ihrer IP-Adresse mitsamt anschlie\u00dfender Verarbeitung durch Google unterbinden. Dies ist m\u00f6glich, indem Sie das \u00fcber folgenden Link erreichbare Browser-Plugin herunterladen und installieren: https:\/\/tools.google.com\/dlpage\/gaoptout?hl=de.   <\/p><p>Widerspruch gegen die Datenerfassung<\/p><p>Sie k\u00f6nnen die Erfassung Ihrer Daten durch Google Analytics verhindern, indem Sie auf folgenden Link klicken. Es wird ein Opt-Out-Cookie gesetzt, der die Erfassung Ihrer Daten bei zuk\u00fcnftigen Besuchen unserer Website verhindert: Google Analytics deaktivieren. <\/p><p>Einzelheiten zum Umgang mit Nutzerdaten bei Google Analytics finden Sie in der Datenschutzerkl\u00e4rung von Google: https:\/\/support.google.com\/analytics\/answer\/6004245?hl=de.<\/p><p>Auftragsverarbeitung<\/p><p>Zur vollst\u00e4ndigen Erf\u00fcllung der gesetzlichen Datenschutzvorgaben haben wir mit Google einen Vertrag \u00fcber die Auftragsverarbeitung abgeschlossen.<\/p><p>Demografische Merkmale bei Google Analytics<\/p><p>Unsere Website verwendet die Funktion \u201cdemografische Merkmale\u201d von Google Analytics. Mit ihr lassen sich Berichte erstellen, die Aussagen zu Alter, Geschlecht und Interessen der Seitenbesucher enthalten. Diese Daten stammen aus interessenbezogener Werbung von Google sowie aus Besucherdaten von Drittanbietern. Eine Zuordnung der Daten zu einer bestimmten Person ist nicht m\u00f6glich. Sie k\u00f6nnen diese Funktion jederzeit deaktivieren. Dies ist \u00fcber die Anzeigeneinstellungen in Ihrem Google-Konto m\u00f6glich oder indem Sie die Erfassung Ihrer Daten durch Google Analytics, wie im Punkt \u201cWiderspruch gegen die Datenerfassung\u201d erl\u00e4utert, generell untersagen.     <\/p><p>Google AdWords und Google Conversion-Tracking<\/p><p>Unsere Website verwendet Google AdWords. Anbieter ist die Google Inc., 1600 Amphitheatre Parkway, Mountain View, CA 94043, United States. <\/p><p>AdWords ist ein Online-Werbeprogramm. Im Rahmen des Online-Werbeprogramms arbeiten wir mit Conversion-Tracking. Nach einem Klick auf eine von Google geschaltete Anzeige wird ein Cookie f\u00fcr das Conversion-Tracking gesetzt. Cookies sind kleine Textdateien, die Ihr Webbrowser auf Ihrem Endger\u00e4t speichert. Google AdWords Cookies verlieren nach 30 Tagen ihre G\u00fcltigkeit und dienen nicht der pers\u00f6nlichen Identifizierung der Nutzer. Am Cookie k\u00f6nnen Google und wir erkennen, dass Sie auf eine Anzeige geklickt haben und zu unserer Website weitergeleitet wurden.     <\/p><p>Jeder Google AdWords-Kunde erh\u00e4lt ein anderes Cookie. Die Cookies sind nicht \u00fcber Websites von AdWords-Kunden nachverfolgbar. Mit Conversion-Cookies werden Conversion-Statistiken f\u00fcr AdWords-Kunden, die Conversion-Tracking einsetzen, erstellt. Adwords-Kunden erfahren wie viele Nutzer auf ihre Anzeige geklickt haben und auf Seiten mit Conversion-Tracking-Tag weitergeleitet wurden. AdWords-Kunden erhalten jedoch keine Informationen, die eine pers\u00f6nliche Identifikation der Nutzer erm\u00f6glichen. Wenn Sie nicht am Tracking teilnehmen m\u00f6chten, k\u00f6nnen Sie einer Nutzung widersprechen. Hier ist das Conversion-Cookie in den Nutzereinstellungen des Browsers zu deaktivieren. So findet auch keine Aufnahme in die Conversion-Tracking Statistiken statt.       <\/p><p>Die Speicherung von \u201cConversion-Cookies\u201d erfolgt auf Grundlage von Art. 6 Abs. 1 lit. f DSGVO. Wir als Websitebetreiber haben ein berechtigtes Interesse an der Analyse des Nutzerverhaltens, um unser Webangebot und unsere Werbung zu optimieren.   <\/p><p>Einzelheiten zu Google AdWords und Google Conversion-Tracking finden Sie in den Datenschutzbestimmungen von Google: https:\/\/www.google.de\/policies\/privacy\/.<\/p><p>Mit einem modernen Webbrowser k\u00f6nnen Sie das Setzen von Cookies \u00fcberwachen, einschr\u00e4nken oder unterbinden. Die Deaktivierung von Cookies kann eine eingeschr\u00e4nkte Funktionalit\u00e4t unserer Website zur Folge haben. <\/p><p>Quelle: Datenschutz-Konfigurator von mein-datenschutzbeauftragter.de<\/p>\t\t\t\t\t\t\t\t<\/div>\n\t\t\t\t<\/div>\n\t\t\t\t<div class=\"elementor-element elementor-element-5614a70 elementor-widget elementor-widget-text-editor\" data-id=\"5614a70\" data-element_type=\"widget\" data-e-type=\"widget\" data-widget_type=\"text-editor.default\">\n\t\t\t\t<div class=\"elementor-widget-container\">\n\t\t\t\t\t\t\t\t\t<p><strong>English version:<\/strong><\/p>\n<p>Tenga en cuenta que la traducci\u00f3n al espa\u00f1ol se facilita a nuestros clientes internacionales, pero que el original alem\u00e1n es el original vinculante. Hemos elaborado la traducci\u00f3n con sumo cuidado, pero no nos hacemos responsables de posibles errores en la misma. <\/p>\n<p>Justin Stindt Consulting GmbH (Sociedad limitada alemana)<\/p>\n<p>Kamekestr. 27, 50672 Cologne, Germany<\/p>\n<p>Phone: +49 221 969 868 80, Fax: +49 221 46 89 26 60<\/p>\n<p>E-Mail: info@jstindt.com<\/p>\n<p>Internet: http:\/\/www.jstindt.com<\/p>\n<p>Director General: Justin Stindt<\/p>\n<p>N\u00famero de registro mercantil: HRB 82988<\/p><p>N\u00famero de identificaci\u00f3n fiscal seg\u00fan el art\u00edculo 27a de la Ley del Impuesto sobre el Valor A\u00f1adido (UStG): DE298464855<\/p>\n<p>Tribunal de registro: AG Colonia<\/p>\n<p>Pol\u00edtica de privacidad<\/p>\n<p>Nota general e informaci\u00f3n obligatoria<\/p>\n<p>Designaci\u00f3n del organismo responsable<\/p>\n<p>El responsable del tratamiento de datos en este sitio web es<\/p>\n<p>Justin Stindt Consulting GmbH<br>Justin Stindt<br>Kamekestr. 27, 50672 Cologne, Germany <\/p>\n<p>This website has been created by : <a href=\"https:\/\/www.alioze.com\/es\/agencia-comunicacion-salud\" target=\"_blank\" rel=\"noopener\">Alioze &#8211; Agencia de comunicaci\u00f3n Salud y Medicina<\/a><\/p>\n<p>El sitio web est\u00e1 alojado en <a href=\"https:\/\/www.alwaysdata.com\/en\/\" target=\"_blank\" rel=\"noopener\">Alwaysdata<\/a><\/p>\n<p>El responsable del tratamiento decide por s\u00ed solo o conjuntamente con otros sobre los fines y medios del tratamiento de datos personales (por ejemplo, nombres, datos de contacto, etc.).<\/p>\n<p>Retirada de su consentimiento para el tratamiento de datos<\/p>\n<p>Algunas operaciones de tratamiento de datos s\u00f3lo son posibles con su consentimiento expreso. Puede retirar su consentimiento en cualquier momento. Una notificaci\u00f3n informal por correo electr\u00f3nico es suficiente para la revocaci\u00f3n. La legalidad del tratamiento de datos efectuado hasta la revocaci\u00f3n no se ver\u00e1 afectada por \u00e9sta.   <\/p>\n<p>Derecho a presentar una reclamaci\u00f3n ante la autoridad de control competente<\/p>\n<p>Como interesado, tiene derecho a presentar una reclamaci\u00f3n ante la autoridad de control competente en caso de infracci\u00f3n de la legislaci\u00f3n sobre protecci\u00f3n de datos. La autoridad reguladora competente para asuntos relacionados con la legislaci\u00f3n sobre protecci\u00f3n de datos es el responsable de protecci\u00f3n de datos del estado alem\u00e1n en el que nuestra empresa tiene su sede. En el siguiente enlace encontrar\u00e1 una lista de los responsables de la protecci\u00f3n de datos y sus datos de contacto: https:\/\/www.bfdi.bund.de\/DE\/Infothek\/Anschriften_Links\/anschriften_links-node.html.  <\/p>\n<p>Derecho a la portabilidad de datos<\/p>\n<p>Tiene derecho a que los datos que procesamos autom\u00e1ticamente sobre la base de su consentimiento o en cumplimiento de un contrato le sean entregados a usted o a terceros. Los datos se facilitar\u00e1n en un formato legible por m\u00e1quina. Si solicita la transferencia directa de los datos a otro responsable del tratamiento, s\u00f3lo se llevar\u00e1 a cabo si es t\u00e9cnicamente viable.  <\/p>\n<p>Derecho de informaci\u00f3n, rectificaci\u00f3n, bloqueo y supresi\u00f3n<\/p>\n<p>Usted tiene derecho a recibir informaci\u00f3n gratuita sobre sus datos personales almacenados, el origen de los datos, sus destinatarios y la finalidad del tratamiento de datos y, en su caso, derecho de rectificaci\u00f3n, bloqueo o supresi\u00f3n de estos datos en cualquier momento en el marco de las disposiciones legales aplicables. Puede ponerse en contacto con nosotros en cualquier momento a trav\u00e9s de las opciones de contacto que figuran en el aviso legal si tiene m\u00e1s preguntas sobre el tema de los datos personales. <\/p>\n<p>Cifrado SSL o TLS<\/p>\n<p>Por razones de seguridad y para proteger la transmisi\u00f3n de contenidos confidenciales que usted nos env\u00eda como operador del sitio, nuestro sitio web utiliza encriptaci\u00f3n SSL o TLS. Esto significa que los datos que usted transmite a trav\u00e9s de este sitio web no pueden ser le\u00eddos por terceros. Puede reconocer una conexi\u00f3n encriptada por la l\u00ednea de direcci\u00f3n \u00abhttps:\/\/\u00bb de su navegador y el s\u00edmbolo del candado en la l\u00ednea del navegador.  <\/p>\n<p>Formulario de contacto<\/p>\n<p>Los datos transmitidos a trav\u00e9s del formulario de contacto, incluidos sus datos de contacto, se almacenar\u00e1n con el fin de procesar su solicitud o estar disponibles para preguntas de seguimiento. Estos datos no se transmitir\u00e1n sin su consentimiento. <\/p>\n<p>Los datos introducidos en el formulario de contacto se procesar\u00e1n exclusivamente sobre la base de su consentimiento (Art. 6 p\u00e1rrafo 1 lit. a RGPD). Puede retirar su consentimiento en cualquier momento. Una notificaci\u00f3n informal por correo electr\u00f3nico es suficiente para la revocaci\u00f3n. La legalidad de las operaciones de tratamiento de datos realizadas hasta la revocaci\u00f3n no se ver\u00e1 afectada por \u00e9sta.   <\/p>\n<p>Los datos transmitidos a trav\u00e9s del formulario de contacto permanecer\u00e1n con nosotros hasta que nos pida que los borremos, revoque su consentimiento para el almacenamiento o ya no haya necesidad de almacenar los datos. Las disposiciones legales obligatorias, en particular los periodos de conservaci\u00f3n, no se ver\u00e1n afectadas. <\/p>\n<p>Google Analytics<\/p>\n<p>Nuestro sitio web utiliza funciones del servicio de an\u00e1lisis web Google Analytics. El proveedor del servicio de an\u00e1lisis web es Google Inc, 1600 Amphitheatre Parkway, Mountain View, CA 94043, EE.UU.. <\/p>\n<p>Google Analytics utiliza \u00abcookies\u00bb. Se trata de peque\u00f1os archivos de texto que su navegador web almacena en su dispositivo final y que permiten analizar el uso del sitio web. La informaci\u00f3n que generan las cookies acerca de su uso de nuestro sitio web se transmite a un servidor de Google y se almacena all\u00ed. La ubicaci\u00f3n del servidor suele ser EE.UU.   <\/p>\n<p>Las cookies de Google Analytics se establecen sobre la base del Art. 6 para. 1 lit. f RGPD. Como operador de este sitio web, tenemos un inter\u00e9s leg\u00edtimo en el an\u00e1lisis del comportamiento del usuario para optimizar nuestro sitio web y, si es necesario, la publicidad.   <\/p>\n<p>Anonimizaci\u00f3n de IP<\/p>\n<p>Utilizamos Google Analytics junto con la funci\u00f3n de anonimizaci\u00f3n de IP. Esta funci\u00f3n garantiza que Google trunque su direcci\u00f3n IP dentro de los estados miembros de la Uni\u00f3n Europea o en otros estados signatarios del Acuerdo sobre el Espacio Econ\u00f3mico Europeo antes de transmitirla a los Estados Unidos. Puede haber casos excepcionales en los que Google transmita la direcci\u00f3n IP completa a un servidor en los EE.UU. y la trunque all\u00ed. Google usar\u00e1 esta informaci\u00f3n por cuenta nuestra con el prop\u00f3sito de seguir la pista de su uso del website, recopilando informes de la actividad del website y prestando otros servicios relacionados con la actividad del website y el uso de Internet. La direcci\u00f3n IP transmitida por Google Analytics no se fusionar\u00e1 con otros datos de Google.    <\/p>\n<p>Plugin del navegador<\/p>\n<p>Puede evitar que su navegador web instale cookies. Sin embargo, algunas funciones de nuestro sitio web pueden verse restringidas como consecuencia de ello. Tambi\u00e9n puede evitar la recopilaci\u00f3n de datos relacionados con su uso del sitio web, incluida su direcci\u00f3n IP y su posterior procesamiento por parte de Google. Puede hacerlo descargando e instalando el complemento del navegador disponible a trav\u00e9s del siguiente enlace: https:\/\/tools.google.com\/dlpage\/gaoptout?hl=de.   <\/p>\n<p>Oposici\u00f3n a la recogida de datos<\/p>\n<p>Puede impedir la recopilaci\u00f3n de sus datos por parte de Google Analytics haciendo clic en el siguiente enlace. Se instalar\u00e1 una cookie de inhabilitaci\u00f3n para evitar que se recopilen sus datos en futuras visitas a nuestro sitio web: Desactivar Google Analytics. <\/p>\n<p>Encontrar\u00e1 informaci\u00f3n detallada sobre c\u00f3mo Google Analytics trata los datos de los usuarios en la pol\u00edtica de privacidad de Google: https:\/\/support.google.com\/analytics\/answer\/6004245?hl=de.<\/p>\n<p>Procesamiento de pedidos<\/p>\n<p>Hemos suscrito un contrato de procesamiento de pedidos con Google con el fin de cumplir plenamente los requisitos legales en materia de protecci\u00f3n de datos.<\/p>\n<p>Demographic characteristics with Google Analytics<br>Our website uses the \u00abdemographic characteristics\u00bb function of Google Analytics. It can be used to create reports that contain statements about the age, gender and interests of site visitors. This data comes from interest-based advertising from Google and visitor data from third-party providers. It is not possible to assign the data to a specific person. You can deactivate this function at any time. This is possible via the ad settings in your Google account or by generally prohibiting the collection of your data by Google Analytics, as explained in the section \u00abObjection to data collection\u00bb.     <\/p>\n<p>Google AdWords y seguimiento de conversiones de Google<\/p>\n<p>Nuestro sitio web utiliza Google AdWords. El proveedor es Google Inc, 1600 Amphitheatre Parkway, Mountain View, CA 94043, Estados Unidos. <\/p>\n<p>AdWords es un programa de publicidad online. Como parte del programa de publicidad en l\u00ednea, trabajamos con el seguimiento de conversiones. Despu\u00e9s de hacer clic en un anuncio publicado por Google, se establece una cookie para el seguimiento de conversiones. Las cookies son peque\u00f1os archivos de texto que su navegador web almacena en su dispositivo final. Las cookies de Google AdWords pierden su validez al cabo de 30 d\u00edas y no se utilizan para identificar personalmente a los usuarios. La cookie permite a Google y a nosotros reconocer que ha hecho clic en un anuncio y que ha sido redirigido a nuestro sitio web.     <\/p>\n<p>Cada cliente de Google AdWords recibe una cookie diferente. Las cookies no pueden rastrearse a trav\u00e9s de los sitios web de los clientes de AdWords. Las cookies de conversi\u00f3n se utilizan para crear estad\u00edsticas de conversi\u00f3n para los clientes de AdWords que utilizan el seguimiento de conversiones. Los clientes de AdWords saben cu\u00e1ntos usuarios hicieron clic en su anuncio y fueron redirigidos a p\u00e1ginas con una etiqueta de seguimiento de conversiones. Sin embargo, los clientes de AdWords no reciben ninguna informaci\u00f3n que permita identificar personalmente a los usuarios. Si no desea participar en el seguimiento, puede oponerse a su uso. En este caso, la cookie de conversi\u00f3n debe desactivarse en la configuraci\u00f3n de usuario del navegador. Esto tambi\u00e9n evitar\u00e1 que se incluya en las estad\u00edsticas de seguimiento de conversiones.       <\/p>\n<p>El almacenamiento de \u00abcookies de conversi\u00f3n\u00bb se basa en el Art. 6 para. 1 lit. f RGPD. Como operador del sitio web, tenemos un inter\u00e9s leg\u00edtimo en el an\u00e1lisis del comportamiento del usuario con el fin de optimizar nuestro sitio web y nuestra publicidad.   <\/p>\n<p>Encontrar\u00e1 informaci\u00f3n detallada sobre Google AdWords y Google Conversion Tracking en la pol\u00edtica de privacidad de Google: https:\/\/www.google.de\/policies\/privacy\/.<\/p>\n<p>With a modern web browser, you can monitor, restrict or prevent the setting of cookies. Deactivating cookies may result in limited functionality of our website.<br>Source: Data protection configurator from mein-datenschutzbeauftragter.de <\/p>\t\t\t\t\t\t\t\t<\/div>\n\t\t\t\t<\/div>\n\t\t\t\t\t<\/div>\n\t\t\t\t<\/div>\n\t\t\t\t<\/div>\n\t\t","protected":false},"excerpt":{"rendered":"<p>Justin Stindt Consulting GmbH Deutsches Impressum: Justin Stindt Consulting GmbH Kamekestr. 27, 50672 Colonia Telefon: +49 221 969 868 80, Fax: +49 221 46 89 26 60 E-Mail: info@jstindt.com Internet: https:\/\/www.jstindt.com Vertretungsberechtigter Gesch\u00e4ftsf\u00fchrer: Justin Stindt Registernummer: HRB 82988 Umsatzsteuer-Identifikationsnummer gem\u00e4\u00df \u00a7 27a UStG: DE298464855 Registergericht: AG K\u00f6ln Datenschutzerkl\u00e4rung Allgemeiner Hinweis und Pflichtinformationen Benennung der verantwortlichen [&hellip;]<\/p>\n","protected":false},"author":3,"featured_media":0,"parent":0,"menu_order":0,"comment_status":"closed","ping_status":"closed","template":"","meta":{"_acf_changed":false,"footnotes":""},"class_list":["post-16919","page","type-page","status-publish","hentry"],"acf":[],"_links":{"self":[{"href":"https:\/\/jstindt.com\/es\/wp-json\/wp\/v2\/pages\/16919","targetHints":{"allow":["GET"]}}],"collection":[{"href":"https:\/\/jstindt.com\/es\/wp-json\/wp\/v2\/pages"}],"about":[{"href":"https:\/\/jstindt.com\/es\/wp-json\/wp\/v2\/types\/page"}],"author":[{"embeddable":true,"href":"https:\/\/jstindt.com\/es\/wp-json\/wp\/v2\/users\/3"}],"replies":[{"embeddable":true,"href":"https:\/\/jstindt.com\/es\/wp-json\/wp\/v2\/comments?post=16919"}],"version-history":[{"count":9,"href":"https:\/\/jstindt.com\/es\/wp-json\/wp\/v2\/pages\/16919\/revisions"}],"predecessor-version":[{"id":20562,"href":"https:\/\/jstindt.com\/es\/wp-json\/wp\/v2\/pages\/16919\/revisions\/20562"}],"wp:attachment":[{"href":"https:\/\/jstindt.com\/es\/wp-json\/wp\/v2\/media?parent=16919"}],"curies":[{"name":"wp","href":"https:\/\/api.w.org\/{rel}","templated":true}]}}