{"id":11670,"date":"2024-01-29T16:32:30","date_gmt":"2024-01-29T15:32:30","guid":{"rendered":"https:\/\/dev.jstindt.com\/noticia\/"},"modified":"2024-09-02T13:39:59","modified_gmt":"2024-09-02T12:39:59","slug":"noticias","status":"publish","type":"page","link":"https:\/\/jstindt.com\/es\/noticias\/","title":{"rendered":"Noticias"},"content":{"rendered":"\t\t<div data-elementor-type=\"wp-page\" data-elementor-id=\"11670\" class=\"elementor elementor-11670 elementor-1800\" data-elementor-post-type=\"page\">\n\t\t\t\t<div class=\"elementor-element elementor-element-2b75dfd e-flex e-con-boxed e-con e-parent\" data-id=\"2b75dfd\" data-element_type=\"container\" data-e-type=\"container\">\n\t\t\t\t\t<div class=\"e-con-inner\">\n\t\t\t\t<div class=\"elementor-element elementor-element-42cd03de elementor-posts__hover-none elementor-grid-3 elementor-grid-tablet-2 elementor-grid-mobile-1 elementor-posts--thumbnail-top elementor-widget elementor-widget-posts\" data-id=\"42cd03de\" data-element_type=\"widget\" data-e-type=\"widget\" data-settings=\"{&quot;cards_row_gap&quot;:{&quot;unit&quot;:&quot;px&quot;,&quot;size&quot;:80,&quot;sizes&quot;:[]},&quot;cards_row_gap_tablet&quot;:{&quot;unit&quot;:&quot;px&quot;,&quot;size&quot;:71,&quot;sizes&quot;:[]},&quot;cards_row_gap_mobile&quot;:{&quot;unit&quot;:&quot;px&quot;,&quot;size&quot;:30,&quot;sizes&quot;:[]},&quot;pagination_type&quot;:&quot;numbers_and_prev_next&quot;,&quot;cards_columns&quot;:&quot;3&quot;,&quot;cards_columns_tablet&quot;:&quot;2&quot;,&quot;cards_columns_mobile&quot;:&quot;1&quot;}\" data-widget_type=\"posts.cards\">\n\t\t\t\t<div class=\"elementor-widget-container\">\n\t\t\t\t\t\t\t<div class=\"elementor-posts-container elementor-posts elementor-posts--skin-cards elementor-grid\" role=\"list\">\n\t\t\t\t<article class=\"elementor-post elementor-grid-item post-20213 post type-post status-publish format-standard has-post-thumbnail hentry category-noticias\" role=\"listitem\">\n\t\t\t<div class=\"elementor-post__card\">\n\t\t\t\t<a class=\"elementor-post__thumbnail__link\" href=\"https:\/\/jstindt.com\/es\/2025-eeuu-politica-nacion-favorecida\/\" tabindex=\"-1\" ><div class=\"elementor-post__thumbnail\"><img fetchpriority=\"high\" decoding=\"async\" width=\"717\" height=\"480\" src=\"https:\/\/jstindt.com\/wp-content\/uploads\/2025\/02\/New-Technology-Add-On-Payment-White-House.webp\" class=\"attachment-full size-full wp-image-18482\" alt=\"Foto de la Casa Blanca para ilustrar el acceso al mercado estadounidense.\" srcset=\"https:\/\/jstindt.com\/wp-content\/uploads\/2025\/02\/New-Technology-Add-On-Payment-White-House.webp 717w, https:\/\/jstindt.com\/wp-content\/uploads\/2025\/02\/New-Technology-Add-On-Payment-White-House-300x201.webp 300w\" sizes=\"(max-width: 717px) 100vw, 717px\" \/><\/div><\/a>\n\t\t\t\t<div class=\"elementor-post__text\">\n\t\t\t\t<h4 class=\"elementor-post__title\">\n\t\t\t<a href=\"https:\/\/jstindt.com\/es\/2025-eeuu-politica-nacion-favorecida\/\" >\n\t\t\t\tPol\u00edtica de naci\u00f3n m\u00e1s favorecida de EE. UU. para 2025: implicaciones y orientaci\u00f3n estrat\u00e9gica para las empresas farmac\u00e9uticas y biotecnol\u00f3gicas\t\t\t<\/a>\n\t\t<\/h4>\n\t\t\t\t<div class=\"elementor-post__excerpt\">\n\t\t\t<p>El panorama farmac\u00e9utico de EE. UU. se prepara para otro cambio importante. El 12 de mayo, el presidente Trump firm\u00f3<\/p>\n\t\t<\/div>\n\t\t\n\t\t<a class=\"elementor-post__read-more\" href=\"https:\/\/jstindt.com\/es\/2025-eeuu-politica-nacion-favorecida\/\" aria-label=\"M\u00e1s informaci\u00f3n sobre Pol\u00edtica de naci\u00f3n m\u00e1s favorecida de EE. UU. para 2025: implicaciones y orientaci\u00f3n estrat\u00e9gica para las empresas farmac\u00e9uticas y biotecnol\u00f3gicas\" tabindex=\"-1\" >\n\t\t\tLeer m\u00e1s\t\t<\/a>\n\n\t\t\t\t<\/div>\n\t\t\t\t\t<\/div>\n\t\t<\/article>\n\t\t\t\t<article class=\"elementor-post elementor-grid-item post-17975 post type-post status-publish format-standard has-post-thumbnail hentry category-noticias\" role=\"listitem\">\n\t\t\t<div class=\"elementor-post__card\">\n\t\t\t\t<a class=\"elementor-post__thumbnail__link\" href=\"https:\/\/jstindt.com\/es\/2024-nuevas-estrategias-precios-eu5\/\" tabindex=\"-1\" ><div class=\"elementor-post__thumbnail\"><img decoding=\"async\" width=\"719\" height=\"480\" src=\"https:\/\/jstindt.com\/wp-content\/uploads\/2024\/09\/2024-List-Net-Pricing-Strategies-EU-5.jpg\" class=\"attachment-full size-full wp-image-17941\" alt=\"2024 Nuevas estrategias de fijaci\u00f3n de precios en la UE-5: Lo que debe saber sobre los descuentos confidenciales y los precios netos en la UE-5\" srcset=\"https:\/\/jstindt.com\/wp-content\/uploads\/2024\/09\/2024-List-Net-Pricing-Strategies-EU-5.jpg 719w, https:\/\/jstindt.com\/wp-content\/uploads\/2024\/09\/2024-List-Net-Pricing-Strategies-EU-5-300x200.jpg 300w\" sizes=\"(max-width: 719px) 100vw, 719px\" \/><\/div><\/a>\n\t\t\t\t<div class=\"elementor-post__text\">\n\t\t\t\t<h4 class=\"elementor-post__title\">\n\t\t\t<a href=\"https:\/\/jstindt.com\/es\/2024-nuevas-estrategias-precios-eu5\/\" >\n\t\t\t\t2024 Nuevas estrategias de fijaci\u00f3n de precios en la UE-5\t\t\t<\/a>\n\t\t<\/h4>\n\t\t\t\t<div class=\"elementor-post__excerpt\">\n\t\t\t<p>Lo que debe saber sobre los descuentos confidenciales y los precios netos en la UE-5 En la UE-5 (Francia, Alemania,<\/p>\n\t\t<\/div>\n\t\t\n\t\t<a class=\"elementor-post__read-more\" href=\"https:\/\/jstindt.com\/es\/2024-nuevas-estrategias-precios-eu5\/\" aria-label=\"M\u00e1s informaci\u00f3n sobre 2024 Nuevas estrategias de fijaci\u00f3n de precios en la UE-5\" tabindex=\"-1\" >\n\t\t\tLeer m\u00e1s\t\t<\/a>\n\n\t\t\t\t<\/div>\n\t\t\t\t\t<\/div>\n\t\t<\/article>\n\t\t\t\t<article class=\"elementor-post elementor-grid-item post-17973 post type-post status-publish format-standard has-post-thumbnail hentry category-noticias\" role=\"listitem\">\n\t\t\t<div class=\"elementor-post__card\">\n\t\t\t\t<a class=\"elementor-post__thumbnail__link\" href=\"https:\/\/jstindt.com\/es\/claves-proyecto-reglamento-agencia-europea-medicamentos\/\" tabindex=\"-1\" ><div class=\"elementor-post__thumbnail\"><img decoding=\"async\" width=\"1254\" height=\"836\" src=\"https:\/\/jstindt.com\/wp-content\/uploads\/2024\/08\/insights-draft-regulation-european-medicines-agency.webp\" class=\"attachment-full size-full wp-image-17912\" alt=\"\" srcset=\"https:\/\/jstindt.com\/wp-content\/uploads\/2024\/08\/insights-draft-regulation-european-medicines-agency.webp 1254w, https:\/\/jstindt.com\/wp-content\/uploads\/2024\/08\/insights-draft-regulation-european-medicines-agency-300x200.webp 300w, https:\/\/jstindt.com\/wp-content\/uploads\/2024\/08\/insights-draft-regulation-european-medicines-agency-1024x683.webp 1024w, https:\/\/jstindt.com\/wp-content\/uploads\/2024\/08\/insights-draft-regulation-european-medicines-agency-768x512.webp 768w\" sizes=\"(max-width: 1254px) 100vw, 1254px\" \/><\/div><\/a>\n\t\t\t\t<div class=\"elementor-post__text\">\n\t\t\t\t<h4 class=\"elementor-post__title\">\n\t\t\t<a href=\"https:\/\/jstindt.com\/es\/claves-proyecto-reglamento-agencia-europea-medicamentos\/\" >\n\t\t\t\tClaves del nuevo proyecto de Reglamento sobre la comunicaci\u00f3n con la Agencia Europea de Medicamentos\t\t\t<\/a>\n\t\t<\/h4>\n\t\t\t\t<div class=\"elementor-post__excerpt\">\n\t\t\t<p>Las nuevas iniciativas de Evaluaci\u00f3n Cl\u00ednica Conjunta (JCA, por sus siglas en ingl\u00e9s) y Consulta Cient\u00edfica Conjunta (JCA, por sus<\/p>\n\t\t<\/div>\n\t\t\n\t\t<a class=\"elementor-post__read-more\" href=\"https:\/\/jstindt.com\/es\/claves-proyecto-reglamento-agencia-europea-medicamentos\/\" aria-label=\"M\u00e1s informaci\u00f3n sobre Claves del nuevo proyecto de Reglamento sobre la comunicaci\u00f3n con la Agencia Europea de Medicamentos\" tabindex=\"-1\" >\n\t\t\tLeer m\u00e1s\t\t<\/a>\n\n\t\t\t\t<\/div>\n\t\t\t\t\t<\/div>\n\t\t<\/article>\n\t\t\t\t<article class=\"elementor-post elementor-grid-item post-17885 post type-post status-publish format-standard has-post-thumbnail hentry category-noticias\" role=\"listitem\">\n\t\t\t<div class=\"elementor-post__card\">\n\t\t\t\t<a class=\"elementor-post__thumbnail__link\" href=\"https:\/\/jstindt.com\/es\/ira\/\" tabindex=\"-1\" ><div class=\"elementor-post__thumbnail\"><img loading=\"lazy\" decoding=\"async\" width=\"854\" height=\"277\" src=\"https:\/\/jstindt.com\/wp-content\/uploads\/2024\/07\/The-US-Inflation-Reduction-Act-.jpg\" class=\"attachment-full size-full wp-image-17722\" alt=\"Ley de Reducci\u00f3n de la Inflaci\u00f3n de EE.UU.: cambios clave en la fijaci\u00f3n de precios y el reembolso de medicamentos en EE.UU.\" srcset=\"https:\/\/jstindt.com\/wp-content\/uploads\/2024\/07\/The-US-Inflation-Reduction-Act-.jpg 854w, https:\/\/jstindt.com\/wp-content\/uploads\/2024\/07\/The-US-Inflation-Reduction-Act--300x97.jpg 300w, https:\/\/jstindt.com\/wp-content\/uploads\/2024\/07\/The-US-Inflation-Reduction-Act--768x249.jpg 768w\" sizes=\"(max-width: 854px) 100vw, 854px\" \/><\/div><\/a>\n\t\t\t\t<div class=\"elementor-post__text\">\n\t\t\t\t<h4 class=\"elementor-post__title\">\n\t\t\t<a href=\"https:\/\/jstindt.com\/es\/ira\/\" >\n\t\t\t\tLa Ley de Reducci\u00f3n de la Inflaci\u00f3n de EE.UU.: cambios clave que debe conocer en la fijaci\u00f3n de precios y el reembolso de medicamentos en EE.UU.\t\t\t<\/a>\n\t\t<\/h4>\n\t\t\t\t<div class=\"elementor-post__excerpt\">\n\t\t\t<p>La Ley de Reducci\u00f3n de la Inflaci\u00f3n (IRA), promulgada en agosto de 2022, es un texto legislativo destinado a abordar<\/p>\n\t\t<\/div>\n\t\t\n\t\t<a class=\"elementor-post__read-more\" href=\"https:\/\/jstindt.com\/es\/ira\/\" aria-label=\"M\u00e1s informaci\u00f3n sobre La Ley de Reducci\u00f3n de la Inflaci\u00f3n de EE.UU.: cambios clave que debe conocer en la fijaci\u00f3n de precios y el reembolso de medicamentos en EE.UU.\" tabindex=\"-1\" >\n\t\t\tLeer m\u00e1s\t\t<\/a>\n\n\t\t\t\t<\/div>\n\t\t\t\t\t<\/div>\n\t\t<\/article>\n\t\t\t\t<article class=\"elementor-post elementor-grid-item post-17887 post type-post status-publish format-standard has-post-thumbnail hentry category-noticias\" role=\"listitem\">\n\t\t\t<div class=\"elementor-post__card\">\n\t\t\t\t<a class=\"elementor-post__thumbnail__link\" href=\"https:\/\/jstindt.com\/es\/frances-2024-programas-acceso-precoz\/\" tabindex=\"-1\" ><div class=\"elementor-post__thumbnail\"><img loading=\"lazy\" decoding=\"async\" width=\"846\" height=\"548\" src=\"https:\/\/jstindt.com\/wp-content\/uploads\/2024\/06\/french-early-access-program-covers-330-innovative-treatments.png\" class=\"attachment-full size-full wp-image-17666\" alt=\"Mas de 330 Tratamientos Innovadores Reembolsados a Traves del Programa Frances de Acceso Temprano ATU\/AAP\" srcset=\"https:\/\/jstindt.com\/wp-content\/uploads\/2024\/06\/french-early-access-program-covers-330-innovative-treatments.png 846w, https:\/\/jstindt.com\/wp-content\/uploads\/2024\/06\/french-early-access-program-covers-330-innovative-treatments-300x194.png 300w, https:\/\/jstindt.com\/wp-content\/uploads\/2024\/06\/french-early-access-program-covers-330-innovative-treatments-768x497.png 768w\" sizes=\"(max-width: 846px) 100vw, 846px\" \/><\/div><\/a>\n\t\t\t\t<div class=\"elementor-post__text\">\n\t\t\t\t<h4 class=\"elementor-post__title\">\n\t\t\t<a href=\"https:\/\/jstindt.com\/es\/frances-2024-programas-acceso-precoz\/\" >\n\t\t\t\tMas de 330 Tratamientos Innovadores Reembolsados a Traves del Programa Frances de Acceso Temprano ATU\/AAP\t\t\t<\/a>\n\t\t<\/h4>\n\t\t\t\t<div class=\"elementor-post__excerpt\">\n\t\t\t<p>Los Programas de Acceso Precoz Reembolsado (PAE) de Francia permiten el reembolso de nuevos f\u00e1rmacos y medicamentos antes que el<\/p>\n\t\t<\/div>\n\t\t\n\t\t<a class=\"elementor-post__read-more\" href=\"https:\/\/jstindt.com\/es\/frances-2024-programas-acceso-precoz\/\" aria-label=\"M\u00e1s informaci\u00f3n sobre Mas de 330 Tratamientos Innovadores Reembolsados a Traves del Programa Frances de Acceso Temprano ATU\/AAP\" tabindex=\"-1\" >\n\t\t\tLeer m\u00e1s\t\t<\/a>\n\n\t\t\t\t<\/div>\n\t\t\t\t\t<\/div>\n\t\t<\/article>\n\t\t\t\t<article class=\"elementor-post elementor-grid-item post-17969 post type-post status-publish format-standard has-post-thumbnail hentry category-noticias tag-aifa-es\" role=\"listitem\">\n\t\t\t<div class=\"elementor-post__card\">\n\t\t\t\t<a class=\"elementor-post__thumbnail__link\" href=\"https:\/\/jstindt.com\/es\/aifa\/\" tabindex=\"-1\" ><div class=\"elementor-post__thumbnail\"><img loading=\"lazy\" decoding=\"async\" width=\"720\" height=\"480\" src=\"https:\/\/jstindt.com\/wp-content\/uploads\/2024\/05\/New-2024-Italian-AIFA-Commission-.webp\" class=\"attachment-full size-full wp-image-17136\" alt=\"\" srcset=\"https:\/\/jstindt.com\/wp-content\/uploads\/2024\/05\/New-2024-Italian-AIFA-Commission-.webp 720w, https:\/\/jstindt.com\/wp-content\/uploads\/2024\/05\/New-2024-Italian-AIFA-Commission--300x200.webp 300w\" sizes=\"(max-width: 720px) 100vw, 720px\" \/><\/div><\/a>\n\t\t\t\t<div class=\"elementor-post__text\">\n\t\t\t\t<h4 class=\"elementor-post__title\">\n\t\t\t<a href=\"https:\/\/jstindt.com\/es\/aifa\/\" >\n\t\t\t\tEl nuevo CSE de la Comisi\u00f3n AIFA italiana 2024 ya est\u00e1 en marcha: conclusiones de las primeras reuniones\t\t\t<\/a>\n\t\t<\/h4>\n\t\t\t\t<div class=\"elementor-post__excerpt\">\n\t\t\t<p>El reglamento actualizado entrar\u00e1 en vigor inmediatamente despu\u00e9s de su publicaci\u00f3n en el Diario Oficial de Italia. La nueva Comisi\u00f3n<\/p>\n\t\t<\/div>\n\t\t\n\t\t<a class=\"elementor-post__read-more\" href=\"https:\/\/jstindt.com\/es\/aifa\/\" aria-label=\"M\u00e1s informaci\u00f3n sobre El nuevo CSE de la Comisi\u00f3n AIFA italiana 2024 ya est\u00e1 en marcha: conclusiones de las primeras reuniones\" tabindex=\"-1\" >\n\t\t\tLeer m\u00e1s\t\t<\/a>\n\n\t\t\t\t<\/div>\n\t\t\t\t\t<\/div>\n\t\t<\/article>\n\t\t\t\t<\/div>\n\t\t\n\t\t\t\t<div class=\"e-load-more-anchor\" data-page=\"1\" data-max-page=\"2\" data-next-page=\"https:\/\/jstindt.com\/es\/wp-json\/wp\/v2\/pages\/11670\/page\/2\/\"><\/div>\n\t\t\t\t<nav class=\"elementor-pagination\" aria-label=\"Paginaci\u00f3n\">\n\t\t\t<span class=\"page-numbers prev\">\u00ab Anterior<\/span>\n<span aria-current=\"page\" class=\"page-numbers current\"><span class=\"elementor-screen-only\">P\u00e1gina<\/span>1<\/span>\n<a class=\"page-numbers\" href=\"https:\/\/jstindt.com\/es\/wp-json\/wp\/v2\/pages\/11670\/page\/2\/\"><span class=\"elementor-screen-only\">P\u00e1gina<\/span>2<\/a>\n<a class=\"page-numbers next\" href=\"https:\/\/jstindt.com\/es\/wp-json\/wp\/v2\/pages\/11670\/page\/2\/\">Pr\u00f3ximo \u00bb<\/a>\t\t<\/nav>\n\t\t\t\t\t\t<\/div>\n\t\t\t\t<\/div>\n\t\t\t\t\t<\/div>\n\t\t\t\t<\/div>\n\t\t\t\t<\/div>\n\t\t","protected":false},"excerpt":{"rendered":"","protected":false},"author":3,"featured_media":12489,"parent":0,"menu_order":0,"comment_status":"closed","ping_status":"closed","template":"","meta":{"_acf_changed":false,"footnotes":""},"class_list":["post-11670","page","type-page","status-publish","has-post-thumbnail","hentry"],"acf":[],"_links":{"self":[{"href":"https:\/\/jstindt.com\/es\/wp-json\/wp\/v2\/pages\/11670","targetHints":{"allow":["GET"]}}],"collection":[{"href":"https:\/\/jstindt.com\/es\/wp-json\/wp\/v2\/pages"}],"about":[{"href":"https:\/\/jstindt.com\/es\/wp-json\/wp\/v2\/types\/page"}],"author":[{"embeddable":true,"href":"https:\/\/jstindt.com\/es\/wp-json\/wp\/v2\/users\/3"}],"replies":[{"embeddable":true,"href":"https:\/\/jstindt.com\/es\/wp-json\/wp\/v2\/comments?post=11670"}],"version-history":[{"count":2,"href":"https:\/\/jstindt.com\/es\/wp-json\/wp\/v2\/pages\/11670\/revisions"}],"predecessor-version":[{"id":13502,"href":"https:\/\/jstindt.com\/es\/wp-json\/wp\/v2\/pages\/11670\/revisions\/13502"}],"wp:featuredmedia":[{"embeddable":true,"href":"https:\/\/jstindt.com\/es\/wp-json\/wp\/v2\/media\/12489"}],"wp:attachment":[{"href":"https:\/\/jstindt.com\/es\/wp-json\/wp\/v2\/media?parent=11670"}],"curies":[{"name":"wp","href":"https:\/\/api.w.org\/{rel}","templated":true}]}}