{"id":11501,"date":"2024-01-28T11:23:09","date_gmt":"2024-01-28T10:23:09","guid":{"rendered":"https:\/\/dev.jstindt.com\/asesoramiento-estrategico-sobre-reembolso-de-precios\/"},"modified":"2024-06-10T12:54:20","modified_gmt":"2024-06-10T11:54:20","slug":"asesoramiento-precio-reembolso","status":"publish","type":"page","link":"https:\/\/jstindt.com\/es\/asesoramiento-precio-reembolso\/","title":{"rendered":"Asesoramiento estrat\u00e9gico sobre precios y v\u00edas de reembolso"},"content":{"rendered":"\t\t<div data-elementor-type=\"wp-page\" data-elementor-id=\"11501\" class=\"elementor elementor-11501 elementor-2190\" data-elementor-post-type=\"page\">\n\t\t\t\t<div class=\"elementor-element elementor-element-739dc87b e-flex e-con-boxed e-con e-parent\" data-id=\"739dc87b\" data-element_type=\"container\" data-e-type=\"container\">\n\t\t\t\t\t<div class=\"e-con-inner\">\n\t\t<div class=\"elementor-element elementor-element-995a057 e-con-full e-flex e-con e-child\" data-id=\"995a057\" data-element_type=\"container\" data-e-type=\"container\" data-settings=\"{&quot;background_background&quot;:&quot;classic&quot;}\">\n\t\t\t\t<div class=\"elementor-element elementor-element-2a61798c elementor-widget elementor-widget-text-editor\" data-id=\"2a61798c\" data-element_type=\"widget\" data-e-type=\"widget\" data-widget_type=\"text-editor.default\">\n\t\t\t\t<div class=\"elementor-widget-container\">\n\t\t\t\t\t\t\t\t\t<p>Bienvenido a Justin Stindt Consultants, su socio dedicado a dise\u00f1ar estrategias competentes de precios y reembolsos (P&amp;R). Nuestra agencia se destaca en la formulaci\u00f3n de enfoques integrales de precios y reembolsos en la industria farmac\u00e9utica, garantizando que sus nuevos productos no solo obtengan acceso al mercado sino que lo hagan de una manera que maximice la rentabilidad y la sostenibilidad. Aproveche nuestra red global de pagadores, expertos cl\u00ednicos y un equipo de consultores especializados en navegar a trav\u00e9s de los intrincados caminos de los desaf\u00edos de acceso al mercado. Nuestra firma brinda soporte de servicio completo en el desarrollo e implementaci\u00f3n de estrategias de precios y reembolso, que incluyen la triangulaci\u00f3n de evaluaciones comparativas de an\u00e1logos, la evaluaci\u00f3n de la disposici\u00f3n a pagar de los pagadores a trav\u00e9s de la investigaci\u00f3n con pagadores, y el aprovechamiento de nuestra experiencia de cientos de estrategias de P&amp;R para garantizar que su producto alcance un precio y acceso al mercado \u00f3ptimos.   &nbsp;<\/p>\n\t\t\t\t\t\t\t\t<\/div>\n\t\t\t\t<\/div>\n\t\t\t\t<\/div>\n\t\t\t\t\t<\/div>\n\t\t\t\t<\/div>\n\t\t<div class=\"elementor-element elementor-element-167e722 e-flex e-con-boxed e-con e-parent\" data-id=\"167e722\" data-element_type=\"container\" data-e-type=\"container\">\n\t\t\t\t\t<div class=\"e-con-inner\">\n\t\t<div class=\"elementor-element elementor-element-5a6c513 e-con-full e-flex e-con e-child\" data-id=\"5a6c513\" data-element_type=\"container\" data-e-type=\"container\">\n\t\t\t\t<div class=\"elementor-element elementor-element-bfef637 elementor-widget__width-initial elementor-position-top elementor-widget elementor-widget-image-box\" data-id=\"bfef637\" data-element_type=\"widget\" data-e-type=\"widget\" data-widget_type=\"image-box.default\">\n\t\t\t\t<div class=\"elementor-widget-container\">\n\t\t\t\t\t<div class=\"elementor-image-box-wrapper\"><figure class=\"elementor-image-box-img\"><a href=\"https:\/\/jstindt.com\/es\/asesoramiento-precio-reembolso-ee-uu\/\" tabindex=\"-1\"><img fetchpriority=\"high\" decoding=\"async\" width=\"640\" height=\"480\" src=\"https:\/\/jstindt.com\/wp-content\/uploads\/2023\/06\/us.png\" class=\"attachment-full size-full wp-image-1928\" alt=\"Expertos en acceso al mercado farmac\u00e9utico EE.UU.\" srcset=\"https:\/\/jstindt.com\/wp-content\/uploads\/2023\/06\/us.png 640w, https:\/\/jstindt.com\/wp-content\/uploads\/2023\/06\/us-300x225.png 300w, https:\/\/jstindt.com\/wp-content\/uploads\/2023\/06\/us-150x113.png 150w\" sizes=\"(max-width: 640px) 100vw, 640px\" \/><\/a><\/figure><div class=\"elementor-image-box-content\"><h3 class=\"elementor-image-box-title\"><a href=\"https:\/\/jstindt.com\/es\/asesoramiento-precio-reembolso-ee-uu\/\">Asesoramiento estrat\u00e9gico sobre Precios y Reembolsos<br> EE.UU<\/a><\/h3><\/div><\/div>\t\t\t\t<\/div>\n\t\t\t\t<\/div>\n\t\t\t\t<div class=\"elementor-element elementor-element-f9a60f0 elementor-widget__width-initial elementor-position-top elementor-widget elementor-widget-image-box\" data-id=\"f9a60f0\" data-element_type=\"widget\" data-e-type=\"widget\" data-widget_type=\"image-box.default\">\n\t\t\t\t<div class=\"elementor-widget-container\">\n\t\t\t\t\t<div class=\"elementor-image-box-wrapper\"><figure class=\"elementor-image-box-img\"><a href=\"https:\/\/jstindt.com\/es\/asesoramiento-precio-reembolso-reino-unido\/\" tabindex=\"-1\"><img decoding=\"async\" width=\"640\" height=\"480\" src=\"https:\/\/jstindt.com\/wp-content\/uploads\/2023\/06\/gb.png\" class=\"attachment-full size-full wp-image-1940\" alt=\"Expertos en acceso al mercado farmac\u00e9utico del Reino Unido\" srcset=\"https:\/\/jstindt.com\/wp-content\/uploads\/2023\/06\/gb.png 640w, https:\/\/jstindt.com\/wp-content\/uploads\/2023\/06\/gb-300x225.png 300w, https:\/\/jstindt.com\/wp-content\/uploads\/2023\/06\/gb-150x113.png 150w\" sizes=\"(max-width: 640px) 100vw, 640px\" \/><\/a><\/figure><div class=\"elementor-image-box-content\"><h3 class=\"elementor-image-box-title\"><a href=\"https:\/\/jstindt.com\/es\/asesoramiento-precio-reembolso-reino-unido\/\">Asesoramiento estrat\u00e9gico sobre Precios y Reembolsos <br> Reino Unido<\/a><\/h3><\/div><\/div>\t\t\t\t<\/div>\n\t\t\t\t<\/div>\n\t\t\t\t<div class=\"elementor-element elementor-element-66e9da7 elementor-widget__width-initial elementor-position-top elementor-widget elementor-widget-image-box\" data-id=\"66e9da7\" data-element_type=\"widget\" data-e-type=\"widget\" data-widget_type=\"image-box.default\">\n\t\t\t\t<div class=\"elementor-widget-container\">\n\t\t\t\t\t<div class=\"elementor-image-box-wrapper\"><figure class=\"elementor-image-box-img\"><a href=\"https:\/\/jstindt.com\/es\/asesoramiento-precio-reembolso-francia\/\" tabindex=\"-1\"><img decoding=\"async\" width=\"640\" height=\"480\" src=\"https:\/\/jstindt.com\/wp-content\/uploads\/2023\/06\/fr.png\" class=\"attachment-full size-full wp-image-1934\" alt=\"Expertos en acceso a mercados farmac\u00e9uticos Francia\" srcset=\"https:\/\/jstindt.com\/wp-content\/uploads\/2023\/06\/fr.png 640w, https:\/\/jstindt.com\/wp-content\/uploads\/2023\/06\/fr-300x225.png 300w, https:\/\/jstindt.com\/wp-content\/uploads\/2023\/06\/fr-150x113.png 150w\" sizes=\"(max-width: 640px) 100vw, 640px\" \/><\/a><\/figure><div class=\"elementor-image-box-content\"><h3 class=\"elementor-image-box-title\"><a href=\"https:\/\/jstindt.com\/es\/asesoramiento-precio-reembolso-francia\/\">Asesoramiento estrat\u00e9gico sobre Precios y Reembolsos <br>Francia<\/a><\/h3><\/div><\/div>\t\t\t\t<\/div>\n\t\t\t\t<\/div>\n\t\t\t\t<\/div>\n\t\t<div class=\"elementor-element elementor-element-eab541a e-con-full e-flex e-con e-child\" data-id=\"eab541a\" data-element_type=\"container\" data-e-type=\"container\">\n\t\t\t\t<div class=\"elementor-element elementor-element-57c4d48 elementor-widget__width-initial elementor-position-top elementor-widget elementor-widget-image-box\" data-id=\"57c4d48\" data-element_type=\"widget\" data-e-type=\"widget\" data-widget_type=\"image-box.default\">\n\t\t\t\t<div class=\"elementor-widget-container\">\n\t\t\t\t\t<div class=\"elementor-image-box-wrapper\"><figure class=\"elementor-image-box-img\"><a href=\"https:\/\/jstindt.com\/es\/asesoramiento-precio-reembolso-alemania\/\" tabindex=\"-1\"><img loading=\"lazy\" decoding=\"async\" width=\"640\" height=\"480\" src=\"https:\/\/jstindt.com\/wp-content\/uploads\/2023\/06\/de.png\" class=\"attachment-full size-full wp-image-1946\" alt=\"Expertos en acceso a mercados farmac\u00e9uticos Alemania\" srcset=\"https:\/\/jstindt.com\/wp-content\/uploads\/2023\/06\/de.png 640w, https:\/\/jstindt.com\/wp-content\/uploads\/2023\/06\/de-300x225.png 300w, https:\/\/jstindt.com\/wp-content\/uploads\/2023\/06\/de-150x113.png 150w\" sizes=\"(max-width: 640px) 100vw, 640px\" \/><\/a><\/figure><div class=\"elementor-image-box-content\"><h3 class=\"elementor-image-box-title\"><a href=\"https:\/\/jstindt.com\/es\/asesoramiento-precio-reembolso-alemania\/\">Asesoramiento estrat\u00e9gico sobre Precios y Reembolsos <br>Alemania<\/a><\/h3><\/div><\/div>\t\t\t\t<\/div>\n\t\t\t\t<\/div>\n\t\t\t\t<div class=\"elementor-element elementor-element-ee0327f elementor-widget__width-initial elementor-position-top elementor-widget elementor-widget-image-box\" data-id=\"ee0327f\" data-element_type=\"widget\" data-e-type=\"widget\" data-widget_type=\"image-box.default\">\n\t\t\t\t<div class=\"elementor-widget-container\">\n\t\t\t\t\t<div class=\"elementor-image-box-wrapper\"><figure class=\"elementor-image-box-img\"><a href=\"https:\/\/jstindt.com\/es\/asesoramiento-precio-reembolso-italia\/\" tabindex=\"-1\"><img loading=\"lazy\" decoding=\"async\" width=\"640\" height=\"480\" src=\"https:\/\/jstindt.com\/wp-content\/uploads\/2023\/06\/it.png\" class=\"attachment-full size-full wp-image-1958\" alt=\"Expertos en acceso a mercados farmac\u00e9uticos Italia\" srcset=\"https:\/\/jstindt.com\/wp-content\/uploads\/2023\/06\/it.png 640w, https:\/\/jstindt.com\/wp-content\/uploads\/2023\/06\/it-300x225.png 300w, https:\/\/jstindt.com\/wp-content\/uploads\/2023\/06\/it-150x113.png 150w\" sizes=\"(max-width: 640px) 100vw, 640px\" \/><\/a><\/figure><div class=\"elementor-image-box-content\"><h3 class=\"elementor-image-box-title\"><a href=\"https:\/\/jstindt.com\/es\/asesoramiento-precio-reembolso-italia\/\">Asesoramiento estrat\u00e9gico sobre Precios y Reembolsos <br> Italia<\/a><\/h3><\/div><\/div>\t\t\t\t<\/div>\n\t\t\t\t<\/div>\n\t\t\t\t<div class=\"elementor-element elementor-element-174c940 elementor-widget__width-initial elementor-position-top elementor-widget elementor-widget-image-box\" data-id=\"174c940\" data-element_type=\"widget\" data-e-type=\"widget\" data-widget_type=\"image-box.default\">\n\t\t\t\t<div class=\"elementor-widget-container\">\n\t\t\t\t\t<div class=\"elementor-image-box-wrapper\"><figure class=\"elementor-image-box-img\"><a href=\"https:\/\/jstindt.com\/es\/asesoramiento-estrategico-precios-espana\/\" tabindex=\"-1\"><img loading=\"lazy\" decoding=\"async\" width=\"640\" height=\"480\" src=\"https:\/\/jstindt.com\/wp-content\/uploads\/2023\/06\/es.png\" class=\"attachment-full size-full wp-image-1964\" alt=\"Expertos en acceso a mercados farmac\u00e9uticos Espa\u00f1a\" srcset=\"https:\/\/jstindt.com\/wp-content\/uploads\/2023\/06\/es.png 640w, https:\/\/jstindt.com\/wp-content\/uploads\/2023\/06\/es-300x225.png 300w, https:\/\/jstindt.com\/wp-content\/uploads\/2023\/06\/es-150x113.png 150w\" sizes=\"(max-width: 640px) 100vw, 640px\" \/><\/a><\/figure><div class=\"elementor-image-box-content\"><h3 class=\"elementor-image-box-title\"><a href=\"https:\/\/jstindt.com\/es\/asesoramiento-estrategico-precios-espana\/\">Asesoramiento estrat\u00e9gico sobre Precios y Reembolsos <br>Espa\u00f1a<\/a><\/h3><\/div><\/div>\t\t\t\t<\/div>\n\t\t\t\t<\/div>\n\t\t\t\t<\/div>\n\t\t\t\t\t<\/div>\n\t\t\t\t<\/div>\n\t\t\t\t<\/div>\n\t\t","protected":false},"excerpt":{"rendered":"<p>Bienvenido a Justin Stindt Consultants, su socio dedicado a dise\u00f1ar estrategias competentes de precios y reembolsos (P&amp;R). Nuestra agencia se destaca en la formulaci\u00f3n de enfoques integrales de precios y reembolsos en la industria farmac\u00e9utica, garantizando que sus nuevos productos no solo obtengan acceso al mercado sino que lo hagan de una manera que maximice [&hellip;]<\/p>\n","protected":false},"author":3,"featured_media":9174,"parent":0,"menu_order":0,"comment_status":"closed","ping_status":"closed","template":"","meta":{"_acf_changed":false,"footnotes":""},"class_list":["post-11501","page","type-page","status-publish","has-post-thumbnail","hentry"],"acf":[],"_links":{"self":[{"href":"https:\/\/jstindt.com\/es\/wp-json\/wp\/v2\/pages\/11501","targetHints":{"allow":["GET"]}}],"collection":[{"href":"https:\/\/jstindt.com\/es\/wp-json\/wp\/v2\/pages"}],"about":[{"href":"https:\/\/jstindt.com\/es\/wp-json\/wp\/v2\/types\/page"}],"author":[{"embeddable":true,"href":"https:\/\/jstindt.com\/es\/wp-json\/wp\/v2\/users\/3"}],"replies":[{"embeddable":true,"href":"https:\/\/jstindt.com\/es\/wp-json\/wp\/v2\/comments?post=11501"}],"version-history":[{"count":15,"href":"https:\/\/jstindt.com\/es\/wp-json\/wp\/v2\/pages\/11501\/revisions"}],"predecessor-version":[{"id":17428,"href":"https:\/\/jstindt.com\/es\/wp-json\/wp\/v2\/pages\/11501\/revisions\/17428"}],"wp:featuredmedia":[{"embeddable":true,"href":"https:\/\/jstindt.com\/es\/wp-json\/wp\/v2\/media\/9174"}],"wp:attachment":[{"href":"https:\/\/jstindt.com\/es\/wp-json\/wp\/v2\/media?parent=11501"}],"curies":[{"name":"wp","href":"https:\/\/api.w.org\/{rel}","templated":true}]}}