{"id":11407,"date":"2024-01-27T22:42:30","date_gmt":"2024-01-27T21:42:30","guid":{"rendered":"https:\/\/dev.jstindt.com\/programas-de-acceso-temprano\/"},"modified":"2024-06-10T13:02:53","modified_gmt":"2024-06-10T12:02:53","slug":"programas-de-acceso-temprano","status":"publish","type":"page","link":"https:\/\/jstindt.com\/es\/programas-de-acceso-temprano\/","title":{"rendered":"Programas de acceso temprano"},"content":{"rendered":"\t\t<div data-elementor-type=\"wp-page\" data-elementor-id=\"11407\" class=\"elementor elementor-11407 elementor-2343\" data-elementor-post-type=\"page\">\n\t\t\t\t<div class=\"elementor-element elementor-element-5c57e075 e-flex e-con-boxed e-con e-parent\" data-id=\"5c57e075\" data-element_type=\"container\" data-e-type=\"container\">\n\t\t\t\t\t<div class=\"e-con-inner\">\n\t\t<div class=\"elementor-element elementor-element-4684420 e-con-full e-flex e-con e-child\" data-id=\"4684420\" data-element_type=\"container\" data-e-type=\"container\" data-settings=\"{&quot;background_background&quot;:&quot;classic&quot;}\">\n\t\t\t\t<div class=\"elementor-element elementor-element-116d5971 elementor-widget elementor-widget-text-editor\" data-id=\"116d5971\" data-element_type=\"widget\" data-e-type=\"widget\" data-widget_type=\"text-editor.default\">\n\t\t\t\t<div class=\"elementor-widget-container\">\n\t\t\t\t\t\t\t\t\t<p>En el din\u00e1mico campo de los programas de acceso temprano, Justin Stindt Consultants emerge como una agencia de consultor\u00eda clave. Nuestros expertos se especializan en la entrada al mercado farmac\u00e9utico, biotecnol\u00f3gico y de tecnolog\u00edas m\u00e9dicas, brindando orientaci\u00f3n esencial para navegar estos complejos procesos. Como firma de consultor\u00eda global, ofrecemos conocimiento especializado y conocimientos estrat\u00e9gicos para un acceso exitoso al mercado.  <br \/>Nuestro equipo de especialistas act\u00faa como socio dedicado en su viaje, garantizando decisiones informadas en las primeras solicitudes para sus productos, ya sea a trav\u00e9s de programas de acceso temprano reembolsados \u200b\u200bcomo las autorizaciones de acceso compasivo (Autorisations d&#8217;Acc\u00e8s Compassionnels &#8211; AAC) o las autorizaciones de acceso temprano (Autorisations d&#8217;Acc\u00e8s Pr\u00e9coce &#8211; AAP) en Francia o programas de uso compasivo en otros mercados. Esta agencia internacional es reconocida por su enfoque personalizado en el sector de la salud, apoyando a los clientes en cada paso de estos programas de acceso temprano. <br \/>En Justin Stindt Consultants, damos prioridad a la entrada al mercado eficiente y eficaz, aprovechando nuestra experiencia para guiar sus tratamientos innovadores r\u00e1pidamente al mercado.<\/p>\n\t\t\t\t\t\t\t\t<\/div>\n\t\t\t\t<\/div>\n\t\t\t\t<\/div>\n\t\t\t\t\t<\/div>\n\t\t\t\t<\/div>\n\t\t<div class=\"elementor-element elementor-element-185be5c9 e-flex e-con-boxed e-con e-parent\" data-id=\"185be5c9\" data-element_type=\"container\" data-e-type=\"container\">\n\t\t\t\t\t<div class=\"e-con-inner\">\n\t\t<div class=\"elementor-element elementor-element-39a7b7e5 e-con-full e-flex e-con e-child\" data-id=\"39a7b7e5\" data-element_type=\"container\" data-e-type=\"container\">\n\t\t\t\t<div class=\"elementor-element elementor-element-2d5eba16 elementor-widget__width-initial elementor-position-top elementor-widget elementor-widget-image-box\" data-id=\"2d5eba16\" data-element_type=\"widget\" data-e-type=\"widget\" data-widget_type=\"image-box.default\">\n\t\t\t\t<div class=\"elementor-widget-container\">\n\t\t\t\t\t<div class=\"elementor-image-box-wrapper\"><figure class=\"elementor-image-box-img\"><a href=\"https:\/\/jstindt.com\/es\/programas-de-acceso-temprano-alemania\/\" tabindex=\"-1\"><img fetchpriority=\"high\" decoding=\"async\" width=\"640\" height=\"480\" src=\"https:\/\/jstindt.com\/wp-content\/uploads\/2023\/06\/de.png\" class=\"attachment-full size-full wp-image-1946\" alt=\"Expertos en acceso a mercados farmac\u00e9uticos Alemania\" srcset=\"https:\/\/jstindt.com\/wp-content\/uploads\/2023\/06\/de.png 640w, https:\/\/jstindt.com\/wp-content\/uploads\/2023\/06\/de-300x225.png 300w, https:\/\/jstindt.com\/wp-content\/uploads\/2023\/06\/de-150x113.png 150w\" sizes=\"(max-width: 640px) 100vw, 640px\" \/><\/a><\/figure><div class=\"elementor-image-box-content\"><h3 class=\"elementor-image-box-title\"><a href=\"https:\/\/jstindt.com\/es\/programas-de-acceso-temprano-alemania\/\">Programas de acceso temprano Alemania<\/a><\/h3><\/div><\/div>\t\t\t\t<\/div>\n\t\t\t\t<\/div>\n\t\t\t\t<div class=\"elementor-element elementor-element-4417bf8f elementor-widget__width-initial elementor-position-top elementor-widget elementor-widget-image-box\" data-id=\"4417bf8f\" data-element_type=\"widget\" data-e-type=\"widget\" data-widget_type=\"image-box.default\">\n\t\t\t\t<div class=\"elementor-widget-container\">\n\t\t\t\t\t<div class=\"elementor-image-box-wrapper\"><figure class=\"elementor-image-box-img\"><a href=\"https:\/\/jstindt.com\/es\/programas-de-acceso-temprano-italia\/\" tabindex=\"-1\"><img decoding=\"async\" width=\"640\" height=\"480\" src=\"https:\/\/jstindt.com\/wp-content\/uploads\/2023\/06\/it.png\" class=\"attachment-full size-full wp-image-1958\" alt=\"Expertos en acceso a mercados farmac\u00e9uticos Italia\" srcset=\"https:\/\/jstindt.com\/wp-content\/uploads\/2023\/06\/it.png 640w, https:\/\/jstindt.com\/wp-content\/uploads\/2023\/06\/it-300x225.png 300w, https:\/\/jstindt.com\/wp-content\/uploads\/2023\/06\/it-150x113.png 150w\" sizes=\"(max-width: 640px) 100vw, 640px\" \/><\/a><\/figure><div class=\"elementor-image-box-content\"><h3 class=\"elementor-image-box-title\"><a href=\"https:\/\/jstindt.com\/es\/programas-de-acceso-temprano-italia\/\">Programas de acceso temprano Italia<\/a><\/h3><\/div><\/div>\t\t\t\t<\/div>\n\t\t\t\t<\/div>\n\t\t\t\t<div class=\"elementor-element elementor-element-3379f718 elementor-widget__width-initial elementor-position-top elementor-widget elementor-widget-image-box\" data-id=\"3379f718\" data-element_type=\"widget\" data-e-type=\"widget\" data-widget_type=\"image-box.default\">\n\t\t\t\t<div class=\"elementor-widget-container\">\n\t\t\t\t\t<div class=\"elementor-image-box-wrapper\"><figure class=\"elementor-image-box-img\"><a href=\"https:\/\/jstindt.com\/es\/programas-de-acceso-temprano-francia\/\" tabindex=\"-1\"><img decoding=\"async\" width=\"640\" height=\"480\" src=\"https:\/\/jstindt.com\/wp-content\/uploads\/2023\/06\/fr.png\" class=\"attachment-full size-full wp-image-1934\" alt=\"Expertos en acceso a mercados farmac\u00e9uticos Francia\" srcset=\"https:\/\/jstindt.com\/wp-content\/uploads\/2023\/06\/fr.png 640w, https:\/\/jstindt.com\/wp-content\/uploads\/2023\/06\/fr-300x225.png 300w, https:\/\/jstindt.com\/wp-content\/uploads\/2023\/06\/fr-150x113.png 150w\" sizes=\"(max-width: 640px) 100vw, 640px\" \/><\/a><\/figure><div class=\"elementor-image-box-content\"><h3 class=\"elementor-image-box-title\"><a href=\"https:\/\/jstindt.com\/es\/programas-de-acceso-temprano-francia\/\">Programas de acceso temprano Francia<\/a><\/h3><\/div><\/div>\t\t\t\t<\/div>\n\t\t\t\t<\/div>\n\t\t\t\t<\/div>\n\t\t\t\t\t<\/div>\n\t\t\t\t<\/div>\n\t\t<div class=\"elementor-element elementor-element-58e4319 e-flex e-con-boxed e-con e-parent\" data-id=\"58e4319\" data-element_type=\"container\" data-e-type=\"container\">\n\t\t\t\t\t<div class=\"e-con-inner\">\n\t\t\t\t<div class=\"elementor-element elementor-element-6b447c2 elementor-widget elementor-widget-heading\" data-id=\"6b447c2\" data-element_type=\"widget\" data-e-type=\"widget\" data-widget_type=\"heading.default\">\n\t\t\t\t<div class=\"elementor-widget-container\">\n\t\t\t\t\t<h2 class=\"elementor-heading-title elementor-size-default\">TESTIMONIOS DE CLIENTES<\/h2>\t\t\t\t<\/div>\n\t\t\t\t<\/div>\n\t\t\t\t<div class=\"elementor-element elementor-element-f0b14b8 elementor-pagination-type-bullets elementor-arrows-position-inside elementor-pagination-position-outside elementor-widget elementor-widget-loop-carousel\" data-id=\"f0b14b8\" data-element_type=\"widget\" data-e-type=\"widget\" data-settings=\"{&quot;template_id&quot;:8444,&quot;slides_to_show&quot;:&quot;1&quot;,&quot;_skin&quot;:&quot;post&quot;,&quot;slides_to_show_tablet&quot;:&quot;2&quot;,&quot;slides_to_show_mobile&quot;:&quot;1&quot;,&quot;slides_to_scroll&quot;:&quot;1&quot;,&quot;edit_handle_selector&quot;:&quot;.elementor-loop-container&quot;,&quot;autoplay&quot;:&quot;yes&quot;,&quot;autoplay_speed&quot;:5000,&quot;pause_on_hover&quot;:&quot;yes&quot;,&quot;pause_on_interaction&quot;:&quot;yes&quot;,&quot;infinite&quot;:&quot;yes&quot;,&quot;speed&quot;:500,&quot;offset_sides&quot;:&quot;none&quot;,&quot;arrows&quot;:&quot;yes&quot;,&quot;pagination&quot;:&quot;bullets&quot;,&quot;image_spacing_custom&quot;:{&quot;unit&quot;:&quot;px&quot;,&quot;size&quot;:10,&quot;sizes&quot;:[]},&quot;image_spacing_custom_tablet&quot;:{&quot;unit&quot;:&quot;px&quot;,&quot;size&quot;:&quot;&quot;,&quot;sizes&quot;:[]},&quot;image_spacing_custom_mobile&quot;:{&quot;unit&quot;:&quot;px&quot;,&quot;size&quot;:&quot;&quot;,&quot;sizes&quot;:[]}}\" data-widget_type=\"loop-carousel.post\">\n\t\t\t\t<div class=\"elementor-widget-container\">\n\t\t\t\t\t\t\t<div class=\"swiper elementor-loop-container elementor-grid\" role=\"list\" dir=\"ltr\">\n\t\t\t\t<div class=\"swiper-wrapper\" aria-live=\"off\">\n\t\t<style id=\"loop-8444\">.elementor-8444 .elementor-element.elementor-element-c2e4169{--display:flex;--justify-content:flex-start;--align-items:center;--container-widget-width:calc( ( 1 - var( --container-widget-flex-grow ) ) * 100% );--gap:1px 1px;--row-gap:1px;--column-gap:1px;}.elementor-8444 .elementor-element.elementor-element-dde4f1f{text-align:center;font-size:1.3em;font-style:italic;line-height:1.4em;width:var( --container-widget-width, 95% );max-width:95%;--container-widget-width:95%;--container-widget-flex-grow:0;}.elementor-8444 .elementor-element.elementor-element-dde4f1f > .elementor-widget-container{padding:16px 16px 16px 16px;background-color:var( --e-global-color-7bbd0f3 );border-style:solid;border-width:1px 1px 1px 1px;border-color:var( --e-global-color-secondary );}.elementor-8444 .elementor-element.elementor-element-dde4f1f.elementor-element{--align-self:center;}.elementor-8444 .elementor-element.elementor-element-f35d92e{--display:flex;--flex-direction:column;--container-widget-width:calc( ( 1 - var( --container-widget-flex-grow ) ) * 100% );--container-widget-height:initial;--container-widget-flex-grow:0;--container-widget-align-self:initial;--flex-wrap-mobile:wrap;--justify-content:flex-start;--align-items:center;}.elementor-8444 .elementor-element.elementor-element-50478c2 img{width:55px;height:55px;object-fit:cover;object-position:center center;border-style:solid;border-width:2px 2px 2px 2px;border-color:var( --e-global-color-primary );border-radius:999px 999px 999px 999px;}.elementor-8444 .elementor-element.elementor-element-50478c2 > .elementor-widget-container{margin:0px 0px 0px 0px;padding:0px 0px 0px 0px;}.elementor-8444 .elementor-element.elementor-element-06be1d8{--display:flex;--flex-direction:column;--container-widget-width:calc( ( 1 - var( --container-widget-flex-grow ) ) * 100% );--container-widget-height:initial;--container-widget-flex-grow:0;--container-widget-align-self:initial;--flex-wrap-mobile:wrap;--justify-content:flex-start;--align-items:center;--gap:0px 0px;--row-gap:0px;--column-gap:0px;--margin-top:0px;--margin-bottom:0px;--margin-left:0px;--margin-right:0px;--padding-top:0px;--padding-bottom:0px;--padding-left:20px;--padding-right:20px;}.elementor-8444 .elementor-element.elementor-element-06be1d8.e-con{--align-self:center;--flex-grow:0;--flex-shrink:1;}.elementor-8444 .elementor-element.elementor-element-26324e1{text-align:start;color:var( --e-global-color-secondary );}.elementor-8444 .elementor-element.elementor-element-26324e1 > .elementor-widget-container{margin:0px 0px 0px 0px;padding:0px 0px 0px 0px;}.elementor-8444 .elementor-element.elementor-element-43839e6{text-align:start;font-size:13px;}.elementor-8444 .elementor-element.elementor-element-43839e6 > .elementor-widget-container{margin:0px 0px 0px 0px;padding:0px 0px 0px 0px;}.elementor-8444 .elementor-element.elementor-element-43839e6.elementor-element{--order:99999 \/* order end hack *\/;}@media(min-width:768px){.elementor-8444 .elementor-element.elementor-element-06be1d8{--width:90%;}}<\/style>\t\t<div data-elementor-type=\"loop-item\" data-elementor-id=\"8444\" class=\"elementor elementor-8444 swiper-slide e-loop-item e-loop-item-8292 post-8292 testimonial type-testimonial status-publish hentry tag-mig-sleeper\" data-elementor-post-type=\"elementor_library\" role=\"group\" aria-roledescription=\"slide\" data-custom-edit-handle=\"1\">\n\t\t\t<div class=\"elementor-element elementor-element-c2e4169 e-con-full e-flex e-con e-parent\" data-id=\"c2e4169\" data-element_type=\"container\" data-e-type=\"container\">\n\t\t\t\t<div class=\"elementor-element elementor-element-dde4f1f elementor-widget__width-initial elementor-widget elementor-widget-text-editor\" data-id=\"dde4f1f\" data-element_type=\"widget\" data-e-type=\"widget\" data-widget_type=\"text-editor.default\">\n\t\t\t\t<div class=\"elementor-widget-container\">\n\t\t\t\t\t\t\t\t\tWe have been fortunate to have Justin and his team support the Market Access and Pricing function at Astellas on many occasions.   We have engaged them to work with us on several Pricing &amp; Reimbursement strategy and Due Diligence projects. The clear and focused insights provided from this work were instrumental in defining our value and price strategies and informed our decision making.  We are pleased to have Justin Stindt Consulting as a key partner supporting our Market Access \/ Pricing &amp; Reimbursement effort.\t\t\t\t\t\t\t\t<\/div>\n\t\t\t\t<\/div>\n\t\t<div class=\"elementor-element elementor-element-f35d92e e-con-full e-flex e-con e-child\" data-id=\"f35d92e\" data-element_type=\"container\" data-e-type=\"container\">\n\t\t\t\t<div class=\"elementor-element elementor-element-50478c2 elementor-widget elementor-widget-image\" data-id=\"50478c2\" data-element_type=\"widget\" data-e-type=\"widget\" data-widget_type=\"image.default\">\n\t\t\t\t<div class=\"elementor-widget-container\">\n\t\t\t\t\t\t\t\t\t\t\t\t\t\t\t<img loading=\"lazy\" decoding=\"async\" width=\"150\" height=\"150\" src=\"https:\/\/jstindt.com\/wp-content\/uploads\/2023\/12\/Mig-Sleeper-150x150.jpg\" class=\"attachment-thumbnail size-thumbnail wp-image-8218\" alt=\"\" srcset=\"https:\/\/jstindt.com\/wp-content\/uploads\/2023\/12\/Mig-Sleeper-150x150.jpg 150w, https:\/\/jstindt.com\/wp-content\/uploads\/2023\/12\/Mig-Sleeper-96x96.jpg 96w, https:\/\/jstindt.com\/wp-content\/uploads\/2023\/12\/Mig-Sleeper.jpg 200w\" sizes=\"(max-width: 150px) 100vw, 150px\" \/>\t\t\t\t\t\t\t\t\t\t\t\t\t\t\t<\/div>\n\t\t\t\t<\/div>\n\t\t\t\t<\/div>\n\t\t<div class=\"elementor-element elementor-element-06be1d8 e-con-full e-flex e-con e-child\" data-id=\"06be1d8\" data-element_type=\"container\" data-e-type=\"container\">\n\t\t\t\t<div class=\"elementor-element elementor-element-26324e1 elementor-widget elementor-widget-text-editor\" data-id=\"26324e1\" data-element_type=\"widget\" data-e-type=\"widget\" data-widget_type=\"text-editor.default\">\n\t\t\t\t<div class=\"elementor-widget-container\">\n\t\t\t\t\t\t\t\t\tMig Sleeper\t\t\t\t\t\t\t\t<\/div>\n\t\t\t\t<\/div>\n\t\t\t\t<div class=\"elementor-element elementor-element-43839e6 elementor-widget elementor-widget-text-editor\" data-id=\"43839e6\" data-element_type=\"widget\" data-e-type=\"widget\" data-widget_type=\"text-editor.default\">\n\t\t\t\t<div class=\"elementor-widget-container\">\n\t\t\t\t\t\t\t\t\tVP MAx&amp;P Astellas\t\t\t\t\t\t\t\t<\/div>\n\t\t\t\t<\/div>\n\t\t\t\t<\/div>\n\t\t\t\t<\/div>\n\t\t\t\t<\/div>\n\t\t\t\t<div data-elementor-type=\"loop-item\" data-elementor-id=\"8444\" class=\"elementor elementor-8444 swiper-slide e-loop-item e-loop-item-8288 post-8288 testimonial type-testimonial status-publish hentry tag-eldon-mayer\" data-elementor-post-type=\"elementor_library\" role=\"group\" aria-roledescription=\"slide\" data-custom-edit-handle=\"1\">\n\t\t\t<div class=\"elementor-element elementor-element-c2e4169 e-con-full e-flex e-con e-parent\" data-id=\"c2e4169\" data-element_type=\"container\" data-e-type=\"container\">\n\t\t\t\t<div class=\"elementor-element elementor-element-dde4f1f elementor-widget__width-initial elementor-widget elementor-widget-text-editor\" data-id=\"dde4f1f\" data-element_type=\"widget\" data-e-type=\"widget\" data-widget_type=\"text-editor.default\">\n\t\t\t\t<div class=\"elementor-widget-container\">\n\t\t\t\t\t\t\t\t\tJustin and his team have been instrumental in gaining patient access and reimbursement for our drug in a number of EU countries.  Through Justin\u2019s expertise and his extensive network across the EU, he has also been able to apply the appropriate skills and knowledge to select EU countries where reimbursement is feasible.  Ultimately, Justin\u2019s work has enabled patients with a serious, rare disease to receive access to a life extending treatment while establishing a competitive price and gaining reimbursement for the company. \t\t\t\t\t\t\t\t<\/div>\n\t\t\t\t<\/div>\n\t\t<div class=\"elementor-element elementor-element-f35d92e e-con-full e-flex e-con e-child\" data-id=\"f35d92e\" data-element_type=\"container\" data-e-type=\"container\">\n\t\t\t\t<div class=\"elementor-element elementor-element-50478c2 elementor-widget elementor-widget-image\" data-id=\"50478c2\" data-element_type=\"widget\" data-e-type=\"widget\" data-widget_type=\"image.default\">\n\t\t\t\t<div class=\"elementor-widget-container\">\n\t\t\t\t\t\t\t\t\t\t\t\t\t\t\t<img loading=\"lazy\" decoding=\"async\" width=\"150\" height=\"150\" src=\"https:\/\/jstindt.com\/wp-content\/uploads\/2023\/12\/Eldon-Mayer-150x150.jpg\" class=\"attachment-thumbnail size-thumbnail wp-image-8200\" alt=\"\" srcset=\"https:\/\/jstindt.com\/wp-content\/uploads\/2023\/12\/Eldon-Mayer-150x150.jpg 150w, https:\/\/jstindt.com\/wp-content\/uploads\/2023\/12\/Eldon-Mayer-96x96.jpg 96w, https:\/\/jstindt.com\/wp-content\/uploads\/2023\/12\/Eldon-Mayer.jpg 200w\" sizes=\"(max-width: 150px) 100vw, 150px\" \/>\t\t\t\t\t\t\t\t\t\t\t\t\t\t\t<\/div>\n\t\t\t\t<\/div>\n\t\t\t\t<\/div>\n\t\t<div class=\"elementor-element elementor-element-06be1d8 e-con-full e-flex e-con e-child\" data-id=\"06be1d8\" data-element_type=\"container\" data-e-type=\"container\">\n\t\t\t\t<div class=\"elementor-element elementor-element-26324e1 elementor-widget elementor-widget-text-editor\" data-id=\"26324e1\" data-element_type=\"widget\" data-e-type=\"widget\" data-widget_type=\"text-editor.default\">\n\t\t\t\t<div class=\"elementor-widget-container\">\n\t\t\t\t\t\t\t\t\tEldon Mayer\t\t\t\t\t\t\t\t<\/div>\n\t\t\t\t<\/div>\n\t\t\t\t<div class=\"elementor-element elementor-element-43839e6 elementor-widget elementor-widget-text-editor\" data-id=\"43839e6\" data-element_type=\"widget\" data-e-type=\"widget\" data-widget_type=\"text-editor.default\">\n\t\t\t\t<div class=\"elementor-widget-container\">\n\t\t\t\t\t\t\t\t\tChief Commercial Officer Eiger Biopharmaceuticals\t\t\t\t\t\t\t\t<\/div>\n\t\t\t\t<\/div>\n\t\t\t\t<\/div>\n\t\t\t\t<\/div>\n\t\t\t\t<\/div>\n\t\t\t\t<div data-elementor-type=\"loop-item\" data-elementor-id=\"8444\" class=\"elementor elementor-8444 swiper-slide e-loop-item e-loop-item-8526 post-8526 testimonial type-testimonial status-publish hentry tag-antoine-bassel-amer\" data-elementor-post-type=\"elementor_library\" role=\"group\" aria-roledescription=\"slide\" data-custom-edit-handle=\"1\">\n\t\t\t<div class=\"elementor-element elementor-element-c2e4169 e-con-full e-flex e-con e-parent\" data-id=\"c2e4169\" data-element_type=\"container\" data-e-type=\"container\">\n\t\t\t\t<div class=\"elementor-element elementor-element-dde4f1f elementor-widget__width-initial elementor-widget elementor-widget-text-editor\" data-id=\"dde4f1f\" data-element_type=\"widget\" data-e-type=\"widget\" data-widget_type=\"text-editor.default\">\n\t\t\t\t<div class=\"elementor-widget-container\">\n\t\t\t\t\t\t\t\t\tJustin Stindt Consulting is a trusted expert in Market access strategies across Europe. I worked with the Justin Stindt Consulting team on a couple of projects from early access of innovative drugs to effective access processes: HTA, Value and pricing. I appreciate their level of expertise, high quality of deliverables, reliability and dedication to the assigned projects.\t\t\t\t\t\t\t\t<\/div>\n\t\t\t\t<\/div>\n\t\t<div class=\"elementor-element elementor-element-f35d92e e-con-full e-flex e-con e-child\" data-id=\"f35d92e\" data-element_type=\"container\" data-e-type=\"container\">\n\t\t\t\t<div class=\"elementor-element elementor-element-50478c2 elementor-widget elementor-widget-image\" data-id=\"50478c2\" data-element_type=\"widget\" data-e-type=\"widget\" data-widget_type=\"image.default\">\n\t\t\t\t<div class=\"elementor-widget-container\">\n\t\t\t\t\t\t\t\t\t\t\t\t\t\t\t<img loading=\"lazy\" decoding=\"async\" width=\"150\" height=\"150\" src=\"https:\/\/jstindt.com\/wp-content\/uploads\/2023\/12\/Antoine-Bassel-Amer-150x150.jpg\" class=\"attachment-thumbnail size-thumbnail wp-image-8188\" alt=\"\" srcset=\"https:\/\/jstindt.com\/wp-content\/uploads\/2023\/12\/Antoine-Bassel-Amer-150x150.jpg 150w, https:\/\/jstindt.com\/wp-content\/uploads\/2023\/12\/Antoine-Bassel-Amer-96x96.jpg 96w, https:\/\/jstindt.com\/wp-content\/uploads\/2023\/12\/Antoine-Bassel-Amer.jpg 200w\" sizes=\"(max-width: 150px) 100vw, 150px\" \/>\t\t\t\t\t\t\t\t\t\t\t\t\t\t\t<\/div>\n\t\t\t\t<\/div>\n\t\t\t\t<\/div>\n\t\t<div class=\"elementor-element elementor-element-06be1d8 e-con-full e-flex e-con e-child\" data-id=\"06be1d8\" data-element_type=\"container\" data-e-type=\"container\">\n\t\t\t\t<div class=\"elementor-element elementor-element-26324e1 elementor-widget elementor-widget-text-editor\" data-id=\"26324e1\" data-element_type=\"widget\" data-e-type=\"widget\" data-widget_type=\"text-editor.default\">\n\t\t\t\t<div class=\"elementor-widget-container\">\n\t\t\t\t\t\t\t\t\tAntoine Bassel Amer\t\t\t\t\t\t\t\t<\/div>\n\t\t\t\t<\/div>\n\t\t\t\t<div class=\"elementor-element elementor-element-43839e6 elementor-widget elementor-widget-text-editor\" data-id=\"43839e6\" data-element_type=\"widget\" data-e-type=\"widget\" data-widget_type=\"text-editor.default\">\n\t\t\t\t<div class=\"elementor-widget-container\">\n\t\t\t\t\t\t\t\t\tSenior VP Europe Indivior\t\t\t\t\t\t\t\t<\/div>\n\t\t\t\t<\/div>\n\t\t\t\t<\/div>\n\t\t\t\t<\/div>\n\t\t\t\t<\/div>\n\t\t\t\t<\/div>\n\t\t<\/div>\n\t\t\t\t\t<div class=\"elementor-swiper-button elementor-swiper-button-prev\" role=\"button\" tabindex=\"0\" aria-label=\"Anterior\">\n\t\t\t\t<i aria-hidden=\"true\" class=\"fas fa-angle-left\"><\/i>\t\t\t<\/div>\n\t\t\t<div class=\"elementor-swiper-button elementor-swiper-button-next\" role=\"button\" tabindex=\"0\" aria-label=\"Siguiente\">\n\t\t\t\t<i aria-hidden=\"true\" class=\"eicon-chevron-right\"><\/i>\t\t\t<\/div>\n\t\t\t\t\t<div class=\"swiper-pagination\"><\/div>\n\t\t\t\t\t\t<\/div>\n\t\t\t\t<\/div>\n\t\t\t\t<div class=\"elementor-element elementor-element-de1c6a8 elementor-align-center elementor-widget elementor-widget-global elementor-global-12126 elementor-global-8750 elementor-widget-button\" data-id=\"de1c6a8\" data-element_type=\"widget\" data-e-type=\"widget\" data-widget_type=\"button.default\">\n\t\t\t\t<div class=\"elementor-widget-container\">\n\t\t\t\t\t\t\t\t\t<div class=\"elementor-button-wrapper\">\n\t\t\t\t\t<a class=\"elementor-button elementor-button-link elementor-size-sm\" href=\"https:\/\/jstindt.com\/es\/testimonios\/\">\n\t\t\t\t\t\t<span class=\"elementor-button-content-wrapper\">\n\t\t\t\t\t\t\t\t\t<span class=\"elementor-button-text\">Leer todos los testimonios<\/span>\n\t\t\t\t\t<\/span>\n\t\t\t\t\t<\/a>\n\t\t\t\t<\/div>\n\t\t\t\t\t\t\t\t<\/div>\n\t\t\t\t<\/div>\n\t\t\t\t\t<\/div>\n\t\t\t\t<\/div>\n\t\t\t\t<\/div>\n\t\t","protected":false},"excerpt":{"rendered":"<p>Programas de acceso temprano reembolsados<\/p>\n","protected":false},"author":3,"featured_media":9705,"parent":0,"menu_order":0,"comment_status":"closed","ping_status":"closed","template":"","meta":{"_acf_changed":false,"footnotes":""},"class_list":["post-11407","page","type-page","status-publish","has-post-thumbnail","hentry"],"acf":[],"_links":{"self":[{"href":"https:\/\/jstindt.com\/es\/wp-json\/wp\/v2\/pages\/11407","targetHints":{"allow":["GET"]}}],"collection":[{"href":"https:\/\/jstindt.com\/es\/wp-json\/wp\/v2\/pages"}],"about":[{"href":"https:\/\/jstindt.com\/es\/wp-json\/wp\/v2\/types\/page"}],"author":[{"embeddable":true,"href":"https:\/\/jstindt.com\/es\/wp-json\/wp\/v2\/users\/3"}],"replies":[{"embeddable":true,"href":"https:\/\/jstindt.com\/es\/wp-json\/wp\/v2\/comments?post=11407"}],"version-history":[{"count":7,"href":"https:\/\/jstindt.com\/es\/wp-json\/wp\/v2\/pages\/11407\/revisions"}],"predecessor-version":[{"id":17434,"href":"https:\/\/jstindt.com\/es\/wp-json\/wp\/v2\/pages\/11407\/revisions\/17434"}],"wp:featuredmedia":[{"embeddable":true,"href":"https:\/\/jstindt.com\/es\/wp-json\/wp\/v2\/media\/9705"}],"wp:attachment":[{"href":"https:\/\/jstindt.com\/es\/wp-json\/wp\/v2\/media?parent=11407"}],"curies":[{"name":"wp","href":"https:\/\/api.w.org\/{rel}","templated":true}]}}